{"id":10489,"date":"2023-09-17T11:52:23","date_gmt":"2023-09-17T09:52:23","guid":{"rendered":"https:\/\/fredfloris.eu\/?post_type=product&#038;p=10489"},"modified":"2024-07-23T19:59:03","modified_gmt":"2024-07-23T17:59:03","slug":"goat-hair-brush","status":"publish","type":"product","link":"https:\/\/fredfloris.eu\/fi\/productpage\/goat-hair-brush\/","title":{"rendered":"Vuohenkarvan harja"},"content":{"rendered":"<p><strong>Koe FredFloris Nahkaharja!<\/strong><\/p>\n<p>FredFloris Leather Brush on Saksassa Mustamets\u00e4ss\u00e4 valmistettu nahkaharja, joka on paras ty\u00f6kalu nahkatuotteiden huoltoon. Vuohenkarvan harjakset ovat poikkeuksellisen pehme\u00e4t, t\u00e4ydelliset puhdistukseen tai kiillotukseen.<\/p>\n<p><strong>Tuotteen tekniset tiedot:<\/strong><\/p>\n<ul>\n<li><strong>Premium White Goat Hair:<\/strong> Nahkatuotteiden virheett\u00f6m\u00e4n viimeistelyn varmistaminen<\/li>\n<li><strong>Tyylik\u00e4s py\u00f6kkipuinen kahva:<\/strong> Viimeistelty mustalla lakalla klassisen ilmeen saavuttamiseksi.<\/li>\n<li><strong>FredFloris luottaa:<\/strong> T\u00e4m\u00e4 on sama harja, jota k\u00e4yt\u00e4mme nahkatuotannossa.<\/li>\n<li><strong>Ihanteellinen nahan hoitoon:<\/strong> T\u00e4ydellinen puhdistukseen ja kiillotukseen<\/li>\n<li><strong>Helppo huolto:<\/strong> Pid\u00e4 se hyv\u00e4ss\u00e4 kunnossa kampaamalla tai pesem\u00e4ll\u00e4 shampoolla.<\/li>\n<\/ul>\n<p>&nbsp;<\/p>\n<p>Lue koko hoito-oppaamme <a href=\"https:\/\/fredfloris.eu\/fi\/care-instructions\/?wmc-currency=EUR\">t\u00e4\u00e4ll\u00e4<\/a><\/p>","protected":false},"excerpt":{"rendered":"<p>Koko: 140 x 55 x 19 mm<\/p>\n<p>Valkoinen vuohenkarvainen harja.<\/p>\n<p>Puu: mustaksi lakattu py\u00f6kki<\/p>\n<p>Valmistettu Black Forestissa, Saksassa.<\/p>","protected":false},"featured_media":10487,"template":"","meta":[],"pwb-brand":[204],"product_brand":[],"product_cat":[383],"product_tag":[384,135],"woo-feed-brand":[],"class_list":{"0":"post-10489","1":"product","2":"type-product","3":"status-publish","4":"has-post-thumbnail","6":"pwb-brand-fredfloris-partner","7":"product_cat-leather-care-products","8":"product_tag-care-products","9":"product_tag-stocked","10":"product_shipping_class-small-goods","12":"first","13":"instock","14":"taxable","15":"shipping-taxable","16":"purchasable","17":"product-type-simple"},"yoast_head":"<!-- This site is optimized with the Yoast SEO plugin v27.2 - https:\/\/yoast.com\/product\/yoast-seo-wordpress\/ -->\n<title>Elevate Your Leather Care - Premium Goat Hair Brush<\/title>\n<meta name=\"description\" content=\"Elevate your leather care with the FredFloris Leather Brush. Crafted in Germany&#039;s Black Forest, this premium goat hair brush delivers unmatched softness!\" \/>\n<meta name=\"robots\" content=\"index, follow, max-snippet:-1, max-image-preview:large, max-video-preview:-1\" \/>\n<link rel=\"canonical\" href=\"https:\/\/fredfloris.eu\/fi\/productpage\/goat-hair-brush\/?wmc-currency=EUR\" \/>\n<meta property=\"og:locale\" content=\"fi_FI\" \/>\n<meta property=\"og:type\" content=\"article\" \/>\n<meta property=\"og:title\" content=\"Elevate Your Leather Care - Premium Goat Hair Brush\" \/>\n<meta property=\"og:description\" content=\"Elevate your leather care with the FredFloris Leather Brush. Crafted in Germany&#039;s Black Forest, this premium goat hair brush delivers unmatched softness!\" \/>\n<meta property=\"og:url\" content=\"https:\/\/fredfloris.eu\/fi\/productpage\/goat-hair-brush\/?wmc-currency=EUR\" \/>\n<meta property=\"og:site_name\" content=\"FredFloris\" \/>\n<meta property=\"article:publisher\" content=\"https:\/\/www.facebook.com\/FredFloris.Artisan.Studio\/\" \/>\n<meta property=\"article:modified_time\" content=\"2024-07-23T17:59:03+00:00\" \/>\n<meta property=\"og:image\" content=\"https:\/\/fredfloris.eu\/wp-content\/uploads\/2023\/09\/IMG_3387-scaled.jpg\" \/>\n\t<meta property=\"og:image:width\" content=\"2560\" \/>\n\t<meta property=\"og:image:height\" content=\"1707\" \/>\n\t<meta property=\"og:image:type\" content=\"image\/jpeg\" \/>\n<meta name=\"twitter:card\" content=\"summary_large_image\" \/>\n<meta name=\"twitter:site\" content=\"@_fredfloris_\" \/>\n<meta name=\"twitter:label1\" content=\"Arvioitu lukuaika\" \/>\n\t<meta name=\"twitter:data1\" content=\"1 minuutti\" \/>\n<script type=\"application\/ld+json\" class=\"yoast-schema-graph\">{\"@context\":\"https:\/\/schema.org\",\"@graph\":[{\"@type\":\"WebPage\",\"@id\":\"https:\/\/fredfloris.eu\/productpage\/goat-hair-brush\/\",\"url\":\"https:\/\/fredfloris.eu\/productpage\/goat-hair-brush\/\",\"name\":\"Elevate Your Leather Care - Premium Goat Hair Brush\",\"isPartOf\":{\"@id\":\"https:\/\/fredfloris.eu\/#website\"},\"primaryImageOfPage\":{\"@id\":\"https:\/\/fredfloris.eu\/productpage\/goat-hair-brush\/#primaryimage\"},\"image\":{\"@id\":\"https:\/\/fredfloris.eu\/productpage\/goat-hair-brush\/#primaryimage\"},\"thumbnailUrl\":\"https:\/\/fredfloris.eu\/wp-content\/uploads\/2023\/09\/IMG_3387-scaled.jpg\",\"datePublished\":\"2023-09-17T09:52:23+00:00\",\"dateModified\":\"2024-07-23T17:59:03+00:00\",\"description\":\"Elevate your leather care with the FredFloris Leather Brush. Crafted in Germany's Black Forest, this premium goat hair brush delivers unmatched softness!\",\"breadcrumb\":{\"@id\":\"https:\/\/fredfloris.eu\/productpage\/goat-hair-brush\/#breadcrumb\"},\"inLanguage\":\"fi\",\"potentialAction\":[{\"@type\":\"ReadAction\",\"target\":[\"https:\/\/fredfloris.eu\/productpage\/goat-hair-brush\/\"]}]},{\"@type\":\"ImageObject\",\"inLanguage\":\"fi\",\"@id\":\"https:\/\/fredfloris.eu\/productpage\/goat-hair-brush\/#primaryimage\",\"url\":\"https:\/\/fredfloris.eu\/wp-content\/uploads\/2023\/09\/IMG_3387-scaled.jpg\",\"contentUrl\":\"https:\/\/fredfloris.eu\/wp-content\/uploads\/2023\/09\/IMG_3387-scaled.jpg\",\"width\":2560,\"height\":1707,\"caption\":\"Product: Goat Hair Brush\"},{\"@type\":\"BreadcrumbList\",\"@id\":\"https:\/\/fredfloris.eu\/productpage\/goat-hair-brush\/#breadcrumb\",\"itemListElement\":[{\"@type\":\"ListItem\",\"position\":1,\"name\":\"Home\",\"item\":\"https:\/\/fredfloris.eu\/\"},{\"@type\":\"ListItem\",\"position\":2,\"name\":\"Shop\",\"item\":\"https:\/\/fredfloris.eu\/shop\/\"},{\"@type\":\"ListItem\",\"position\":3,\"name\":\"Goat Hair Brush\"}]},{\"@type\":\"WebSite\",\"@id\":\"https:\/\/fredfloris.eu\/#website\",\"url\":\"https:\/\/fredfloris.eu\/\",\"name\":\"FredFloris\",\"description\":\"Handcrafted Leathergoods - Made in Sweden\",\"publisher\":{\"@id\":\"https:\/\/fredfloris.eu\/#organization\"},\"potentialAction\":[{\"@type\":\"SearchAction\",\"target\":{\"@type\":\"EntryPoint\",\"urlTemplate\":\"https:\/\/fredfloris.eu\/?s={search_term_string}\"},\"query-input\":{\"@type\":\"PropertyValueSpecification\",\"valueRequired\":true,\"valueName\":\"search_term_string\"}}],\"inLanguage\":\"fi\"},{\"@type\":\"Organization\",\"@id\":\"https:\/\/fredfloris.eu\/#organization\",\"name\":\"FredFloris\",\"url\":\"https:\/\/fredfloris.eu\/\",\"logo\":{\"@type\":\"ImageObject\",\"inLanguage\":\"fi\",\"@id\":\"https:\/\/fredfloris.eu\/#\/schema\/logo\/image\/\",\"url\":\"https:\/\/fredfloris.eu\/wp-content\/uploads\/2022\/03\/FredFloris-med-hel-nal-och-text.png\",\"contentUrl\":\"https:\/\/fredfloris.eu\/wp-content\/uploads\/2022\/03\/FredFloris-med-hel-nal-och-text.png\",\"width\":591,\"height\":283,\"caption\":\"FredFloris\"},\"image\":{\"@id\":\"https:\/\/fredfloris.eu\/#\/schema\/logo\/image\/\"},\"sameAs\":[\"https:\/\/www.facebook.com\/FredFloris.Artisan.Studio\/\",\"https:\/\/x.com\/_fredfloris_\",\"https:\/\/www.instagram.com\/fredfloris.artisan.studio\/\"]}]}<\/script>\n<!-- \/ Yoast SEO plugin. -->","yoast_head_json":{"title":"Elevate Your Leather Care - Premium vuohenkarvainen harja","description":"Paranna nahanhoitoasi FredFloris Leather Brush -nahkaharjalla. T\u00e4m\u00e4 Saksassa Mustamets\u00e4ss\u00e4 valmistettu ensiluokkainen vuohenkarvainen harja tarjoaa vertaansa vailla olevaa pehmeytt\u00e4!","robots":{"index":"index","follow":"follow","max-snippet":"max-snippet:-1","max-image-preview":"max-image-preview:large","max-video-preview":"max-video-preview:-1"},"canonical":"https:\/\/fredfloris.eu\/fi\/productpage\/goat-hair-brush\/?wmc-currency=EUR","og_locale":"fi_FI","og_type":"article","og_title":"Elevate Your Leather Care - Premium Goat Hair Brush","og_description":"Elevate your leather care with the FredFloris Leather Brush. Crafted in Germany's Black Forest, this premium goat hair brush delivers unmatched softness!","og_url":"https:\/\/fredfloris.eu\/fi\/productpage\/goat-hair-brush\/?wmc-currency=EUR","og_site_name":"FredFloris","article_publisher":"https:\/\/www.facebook.com\/FredFloris.Artisan.Studio\/","article_modified_time":"2024-07-23T17:59:03+00:00","og_image":[{"width":2560,"height":1707,"url":"https:\/\/fredfloris.eu\/wp-content\/uploads\/2023\/09\/IMG_3387-scaled.jpg","type":"image\/jpeg"}],"twitter_card":"summary_large_image","twitter_site":"@_fredfloris_","twitter_misc":{"Arvioitu lukuaika":"1 minuutti"},"schema":{"@context":"https:\/\/schema.org","@graph":[{"@type":"WebPage","@id":"https:\/\/fredfloris.eu\/productpage\/goat-hair-brush\/","url":"https:\/\/fredfloris.eu\/productpage\/goat-hair-brush\/","name":"Elevate Your Leather Care - Premium vuohenkarvainen harja","isPartOf":{"@id":"https:\/\/fredfloris.eu\/#website"},"primaryImageOfPage":{"@id":"https:\/\/fredfloris.eu\/productpage\/goat-hair-brush\/#primaryimage"},"image":{"@id":"https:\/\/fredfloris.eu\/productpage\/goat-hair-brush\/#primaryimage"},"thumbnailUrl":"https:\/\/fredfloris.eu\/wp-content\/uploads\/2023\/09\/IMG_3387-scaled.jpg","datePublished":"2023-09-17T09:52:23+00:00","dateModified":"2024-07-23T17:59:03+00:00","description":"Paranna nahanhoitoasi FredFloris Leather Brush -nahkaharjalla. T\u00e4m\u00e4 Saksassa Mustamets\u00e4ss\u00e4 valmistettu ensiluokkainen vuohenkarvainen harja tarjoaa vertaansa vailla olevaa pehmeytt\u00e4!","breadcrumb":{"@id":"https:\/\/fredfloris.eu\/productpage\/goat-hair-brush\/#breadcrumb"},"inLanguage":"fi","potentialAction":[{"@type":"ReadAction","target":["https:\/\/fredfloris.eu\/productpage\/goat-hair-brush\/"]}]},{"@type":"ImageObject","inLanguage":"fi","@id":"https:\/\/fredfloris.eu\/productpage\/goat-hair-brush\/#primaryimage","url":"https:\/\/fredfloris.eu\/wp-content\/uploads\/2023\/09\/IMG_3387-scaled.jpg","contentUrl":"https:\/\/fredfloris.eu\/wp-content\/uploads\/2023\/09\/IMG_3387-scaled.jpg","width":2560,"height":1707,"caption":"Product: Goat Hair Brush"},{"@type":"BreadcrumbList","@id":"https:\/\/fredfloris.eu\/productpage\/goat-hair-brush\/#breadcrumb","itemListElement":[{"@type":"ListItem","position":1,"name":"Home","item":"https:\/\/fredfloris.eu\/"},{"@type":"ListItem","position":2,"name":"Shop","item":"https:\/\/fredfloris.eu\/shop\/"},{"@type":"ListItem","position":3,"name":"Goat Hair Brush"}]},{"@type":"WebSite","@id":"https:\/\/fredfloris.eu\/#website","url":"https:\/\/fredfloris.eu\/","name":"FredFloris","description":"K\u00e4sintehdyt nahkatavarat - Made in Sweden","publisher":{"@id":"https:\/\/fredfloris.eu\/#organization"},"potentialAction":[{"@type":"SearchAction","target":{"@type":"EntryPoint","urlTemplate":"https:\/\/fredfloris.eu\/?s={search_term_string}"},"query-input":{"@type":"PropertyValueSpecification","valueRequired":true,"valueName":"search_term_string"}}],"inLanguage":"fi"},{"@type":"Organization","@id":"https:\/\/fredfloris.eu\/#organization","name":"FredFloris","url":"https:\/\/fredfloris.eu\/","logo":{"@type":"ImageObject","inLanguage":"fi","@id":"https:\/\/fredfloris.eu\/#\/schema\/logo\/image\/","url":"https:\/\/fredfloris.eu\/wp-content\/uploads\/2022\/03\/FredFloris-med-hel-nal-och-text.png","contentUrl":"https:\/\/fredfloris.eu\/wp-content\/uploads\/2022\/03\/FredFloris-med-hel-nal-och-text.png","width":591,"height":283,"caption":"FredFloris"},"image":{"@id":"https:\/\/fredfloris.eu\/#\/schema\/logo\/image\/"},"sameAs":["https:\/\/www.facebook.com\/FredFloris.Artisan.Studio\/","https:\/\/x.com\/_fredfloris_","https:\/\/www.instagram.com\/fredfloris.artisan.studio\/"]}]}},"brands":[{"id":204,"name":"FredFloris &amp; kumppani","slug":"fredfloris-partner"}],"_links":{"self":[{"href":"https:\/\/fredfloris.eu\/fi\/wp-json\/wp\/v2\/product\/10489","targetHints":{"allow":["GET"]}}],"collection":[{"href":"https:\/\/fredfloris.eu\/fi\/wp-json\/wp\/v2\/product"}],"about":[{"href":"https:\/\/fredfloris.eu\/fi\/wp-json\/wp\/v2\/types\/product"}],"version-history":[{"count":8,"href":"https:\/\/fredfloris.eu\/fi\/wp-json\/wp\/v2\/product\/10489\/revisions"}],"predecessor-version":[{"id":11576,"href":"https:\/\/fredfloris.eu\/fi\/wp-json\/wp\/v2\/product\/10489\/revisions\/11576"}],"wp:featuredmedia":[{"embeddable":true,"href":"https:\/\/fredfloris.eu\/fi\/wp-json\/wp\/v2\/media\/10487"}],"wp:attachment":[{"href":"https:\/\/fredfloris.eu\/fi\/wp-json\/wp\/v2\/media?parent=10489"}],"wp:term":[{"taxonomy":"pwb-brand","embeddable":true,"href":"https:\/\/fredfloris.eu\/fi\/wp-json\/wp\/v2\/pwb-brand?post=10489"},{"taxonomy":"product_brand","embeddable":true,"href":"https:\/\/fredfloris.eu\/fi\/wp-json\/wp\/v2\/product_brand?post=10489"},{"taxonomy":"product_cat","embeddable":true,"href":"https:\/\/fredfloris.eu\/fi\/wp-json\/wp\/v2\/product_cat?post=10489"},{"taxonomy":"product_tag","embeddable":true,"href":"https:\/\/fredfloris.eu\/fi\/wp-json\/wp\/v2\/product_tag?post=10489"},{"taxonomy":"woo-feed-brand","embeddable":true,"href":"https:\/\/fredfloris.eu\/fi\/wp-json\/wp\/v2\/woo-feed-brand?post=10489"}],"curies":[{"name":"wp","href":"https:\/\/api.w.org\/{rel}","templated":true}]}}