{"id":10501,"date":"2023-09-17T12:19:16","date_gmt":"2023-09-17T10:19:16","guid":{"rendered":"https:\/\/fredfloris.eu\/?post_type=product&#038;p=10501"},"modified":"2024-06-24T20:17:07","modified_gmt":"2024-06-24T18:17:07","slug":"fredfloris-high-quality-leather-balm-100-ml","status":"publish","type":"product","link":"https:\/\/fredfloris.eu\/fi\/productpage\/fredfloris-high-quality-leather-balm-100-ml\/","title":{"rendered":"FredFloris korkealaatuinen nahkabalsami - 100 ml"},"content":{"rendered":"<p><strong>Valmistettu huolella Ruotsissa<\/strong><\/p>\n<p>Hemmottele nahkaasi korkealaatuisen nahkabalsamimme ylellisill\u00e4 eduilla. T\u00e4m\u00e4 nahan yst\u00e4ville suunniteltu 100 ml:n nahkabalsamipurkki on valmistettu kokonaan luonnonmukaisista ja ekologisista materiaaleista, mik\u00e4 kuvastaa sitoutumistamme turvallisuuteen ja laatuun.<\/p>\n<p><strong>T\u00e4rkeimm\u00e4t ominaisuudet:<\/strong><\/p>\n<ul>\n<li><strong>Mehil\u00e4isvahapohja:<\/strong> Runsaasti mehil\u00e4isvahaa sis\u00e4lt\u00e4v\u00e4 nahkabalsamimme tarjoaa vertaansa vailla olevaa ravintoa ja suojaa nahkatuotteillesi.<\/li>\n<li><strong>Puhdista, ravitse ja suojaa:<\/strong> Ruotsalaisen mehil\u00e4isvahan ja luonnollisten \u00f6ljyjen, kuten manteli- ja jojoba\u00f6ljyn, sekoitus, joka hoitaa ja s\u00e4ilytt\u00e4\u00e4 nahkatuotteet.<\/li>\n<\/ul>\n<p>&nbsp;<\/p>\n<p><strong>K\u00e4ytt\u00f6ohjeet:<\/strong><\/p>\n<ul>\n<li>Levit\u00e4 vain nahan karkealle puolelle.<\/li>\n<li>Jos haluat tarkistaa mahdollisen tummumisen, testaa ensin pieni, piilossa oleva alue.<\/li>\n<li>K\u00e4yt\u00e4 vain pieni m\u00e4\u00e4r\u00e4; ohut kerros riitt\u00e4\u00e4.<\/li>\n<li>Kiillota varovasti kankaalla nahan kiillon lis\u00e4\u00e4miseksi.<\/li>\n<\/ul>\n<p>&nbsp;<\/p>\n<p><strong>Koe ero:<\/strong><\/p>\n<p>Nahkabalsamimme ei ainoastaan hoida nahkaa syv\u00e4sti, vaan muodostaa my\u00f6s suojaavan esteen ymp\u00e4rist\u00f6n elementtej\u00e4 vastaan. Se puhdistaa hell\u00e4varaisesti ja palauttaa nahan luonnollisen kauneuden.<\/p>\n<p>FredFlorisin korkealaatuinen nahkabalsami on v\u00e4ltt\u00e4m\u00e4t\u00f6nt\u00e4 nahkatuotteiden tyylikkyyden ja pitk\u00e4ik\u00e4isyyden yll\u00e4pit\u00e4miseksi. Tutustu hienostuneen nahanhoidon etuihin FredFlorisilla jo t\u00e4n\u00e4\u00e4n.<\/p>\n<p>&nbsp;<\/p>\n<p>Lue koko hoito-oppaamme <a href=\"https:\/\/fredfloris.eu\/fi\/care-instructions\/?wmc-currency=EUR\">t\u00e4\u00e4ll\u00e4<\/a><\/p>","protected":false},"excerpt":{"rendered":"<p>SKU:lea\/balm\/bi<\/p>","protected":false},"featured_media":10500,"template":"","meta":[],"pwb-brand":[],"product_brand":[],"product_cat":[383],"product_tag":[384,135],"woo-feed-brand":[],"class_list":{"0":"post-10501","1":"product","2":"type-product","3":"status-publish","4":"has-post-thumbnail","6":"product_cat-leather-care-products","7":"product_tag-care-products","8":"product_tag-stocked","9":"product_shipping_class-small-goods","11":"first","12":"instock","13":"taxable","14":"shipping-taxable","15":"purchasable","16":"product-type-simple"},"yoast_head":"<!-- This site is optimized with the Yoast SEO plugin v27.2 - https:\/\/yoast.com\/product\/yoast-seo-wordpress\/ -->\n<title>FredFloris Leather Balm - Organic and Ecological Leather Care<\/title>\n<meta name=\"description\" content=\"Discover the finest in leather care with FredFloris Leather Balm. Crafted in Sweden, our 100 ml can of organic and ecological goodness nourishes.\" \/>\n<meta name=\"robots\" content=\"index, follow, max-snippet:-1, max-image-preview:large, max-video-preview:-1\" \/>\n<link rel=\"canonical\" href=\"https:\/\/fredfloris.eu\/fi\/productpage\/fredfloris-high-quality-leather-balm-100-ml\/?wmc-currency=EUR\" \/>\n<meta property=\"og:locale\" content=\"fi_FI\" \/>\n<meta property=\"og:type\" content=\"article\" \/>\n<meta property=\"og:title\" content=\"FredFloris Leather Balm - Organic and Ecological Leather Care\" \/>\n<meta property=\"og:description\" content=\"Discover the finest in leather care with FredFloris Leather Balm. Crafted in Sweden, our 100 ml can of organic and ecological goodness nourishes.\" \/>\n<meta property=\"og:url\" content=\"https:\/\/fredfloris.eu\/fi\/productpage\/fredfloris-high-quality-leather-balm-100-ml\/?wmc-currency=EUR\" \/>\n<meta property=\"og:site_name\" content=\"FredFloris\" \/>\n<meta property=\"article:publisher\" content=\"https:\/\/www.facebook.com\/FredFloris.Artisan.Studio\/\" \/>\n<meta property=\"article:modified_time\" content=\"2024-06-24T18:17:07+00:00\" \/>\n<meta property=\"og:image\" content=\"https:\/\/fredfloris.eu\/wp-content\/uploads\/2023\/09\/IMG_5594-scaled.jpg\" \/>\n\t<meta property=\"og:image:width\" content=\"2560\" \/>\n\t<meta property=\"og:image:height\" content=\"1707\" \/>\n\t<meta property=\"og:image:type\" content=\"image\/jpeg\" \/>\n<meta name=\"twitter:card\" content=\"summary_large_image\" \/>\n<meta name=\"twitter:site\" content=\"@_fredfloris_\" \/>\n<meta name=\"twitter:label1\" content=\"Arvioitu lukuaika\" \/>\n\t<meta name=\"twitter:data1\" content=\"2 minuuttia\" \/>\n<script type=\"application\/ld+json\" class=\"yoast-schema-graph\">{\"@context\":\"https:\/\/schema.org\",\"@graph\":[{\"@type\":\"WebPage\",\"@id\":\"https:\/\/fredfloris.eu\/productpage\/fredfloris-high-quality-leather-balm-100-ml\/\",\"url\":\"https:\/\/fredfloris.eu\/productpage\/fredfloris-high-quality-leather-balm-100-ml\/\",\"name\":\"FredFloris Leather Balm - Organic and Ecological Leather Care\",\"isPartOf\":{\"@id\":\"https:\/\/fredfloris.eu\/#website\"},\"primaryImageOfPage\":{\"@id\":\"https:\/\/fredfloris.eu\/productpage\/fredfloris-high-quality-leather-balm-100-ml\/#primaryimage\"},\"image\":{\"@id\":\"https:\/\/fredfloris.eu\/productpage\/fredfloris-high-quality-leather-balm-100-ml\/#primaryimage\"},\"thumbnailUrl\":\"https:\/\/fredfloris.eu\/wp-content\/uploads\/2023\/09\/IMG_5594-scaled.jpg\",\"datePublished\":\"2023-09-17T10:19:16+00:00\",\"dateModified\":\"2024-06-24T18:17:07+00:00\",\"description\":\"Discover the finest in leather care with FredFloris Leather Balm. Crafted in Sweden, our 100 ml can of organic and ecological goodness nourishes.\",\"breadcrumb\":{\"@id\":\"https:\/\/fredfloris.eu\/productpage\/fredfloris-high-quality-leather-balm-100-ml\/#breadcrumb\"},\"inLanguage\":\"fi\",\"potentialAction\":[{\"@type\":\"ReadAction\",\"target\":[\"https:\/\/fredfloris.eu\/productpage\/fredfloris-high-quality-leather-balm-100-ml\/\"]}]},{\"@type\":\"ImageObject\",\"inLanguage\":\"fi\",\"@id\":\"https:\/\/fredfloris.eu\/productpage\/fredfloris-high-quality-leather-balm-100-ml\/#primaryimage\",\"url\":\"https:\/\/fredfloris.eu\/wp-content\/uploads\/2023\/09\/IMG_5594-scaled.jpg\",\"contentUrl\":\"https:\/\/fredfloris.eu\/wp-content\/uploads\/2023\/09\/IMG_5594-scaled.jpg\",\"width\":2560,\"height\":1707,\"caption\":\"Product: FredFloris Leather Balm\"},{\"@type\":\"BreadcrumbList\",\"@id\":\"https:\/\/fredfloris.eu\/productpage\/fredfloris-high-quality-leather-balm-100-ml\/#breadcrumb\",\"itemListElement\":[{\"@type\":\"ListItem\",\"position\":1,\"name\":\"Home\",\"item\":\"https:\/\/fredfloris.eu\/\"},{\"@type\":\"ListItem\",\"position\":2,\"name\":\"Shop\",\"item\":\"https:\/\/fredfloris.eu\/shop\/\"},{\"@type\":\"ListItem\",\"position\":3,\"name\":\"FredFloris High-Quality Leather Balm &#8211; 100 ml\"}]},{\"@type\":\"WebSite\",\"@id\":\"https:\/\/fredfloris.eu\/#website\",\"url\":\"https:\/\/fredfloris.eu\/\",\"name\":\"FredFloris\",\"description\":\"Handcrafted Leathergoods - Made in Sweden\",\"publisher\":{\"@id\":\"https:\/\/fredfloris.eu\/#organization\"},\"potentialAction\":[{\"@type\":\"SearchAction\",\"target\":{\"@type\":\"EntryPoint\",\"urlTemplate\":\"https:\/\/fredfloris.eu\/?s={search_term_string}\"},\"query-input\":{\"@type\":\"PropertyValueSpecification\",\"valueRequired\":true,\"valueName\":\"search_term_string\"}}],\"inLanguage\":\"fi\"},{\"@type\":\"Organization\",\"@id\":\"https:\/\/fredfloris.eu\/#organization\",\"name\":\"FredFloris\",\"url\":\"https:\/\/fredfloris.eu\/\",\"logo\":{\"@type\":\"ImageObject\",\"inLanguage\":\"fi\",\"@id\":\"https:\/\/fredfloris.eu\/#\/schema\/logo\/image\/\",\"url\":\"https:\/\/fredfloris.eu\/wp-content\/uploads\/2022\/03\/FredFloris-med-hel-nal-och-text.png\",\"contentUrl\":\"https:\/\/fredfloris.eu\/wp-content\/uploads\/2022\/03\/FredFloris-med-hel-nal-och-text.png\",\"width\":591,\"height\":283,\"caption\":\"FredFloris\"},\"image\":{\"@id\":\"https:\/\/fredfloris.eu\/#\/schema\/logo\/image\/\"},\"sameAs\":[\"https:\/\/www.facebook.com\/FredFloris.Artisan.Studio\/\",\"https:\/\/x.com\/_fredfloris_\",\"https:\/\/www.instagram.com\/fredfloris.artisan.studio\/\"]}]}<\/script>\n<!-- \/ Yoast SEO plugin. -->","yoast_head_json":{"title":"FredFloris Leather Balm - Luonnonmukainen ja ekologinen nahanhoitoaine","description":"FredFloris Leather Balm tarjoaa parasta nahanhoitoa. Ruotsissa valmistettu 100 ml:n purkki luonnonmukaista ja ekologista hyvyytt\u00e4 ravitsee.","robots":{"index":"index","follow":"follow","max-snippet":"max-snippet:-1","max-image-preview":"max-image-preview:large","max-video-preview":"max-video-preview:-1"},"canonical":"https:\/\/fredfloris.eu\/fi\/productpage\/fredfloris-high-quality-leather-balm-100-ml\/?wmc-currency=EUR","og_locale":"fi_FI","og_type":"article","og_title":"FredFloris Leather Balm - Organic and Ecological Leather Care","og_description":"Discover the finest in leather care with FredFloris Leather Balm. Crafted in Sweden, our 100 ml can of organic and ecological goodness nourishes.","og_url":"https:\/\/fredfloris.eu\/fi\/productpage\/fredfloris-high-quality-leather-balm-100-ml\/?wmc-currency=EUR","og_site_name":"FredFloris","article_publisher":"https:\/\/www.facebook.com\/FredFloris.Artisan.Studio\/","article_modified_time":"2024-06-24T18:17:07+00:00","og_image":[{"width":2560,"height":1707,"url":"https:\/\/fredfloris.eu\/wp-content\/uploads\/2023\/09\/IMG_5594-scaled.jpg","type":"image\/jpeg"}],"twitter_card":"summary_large_image","twitter_site":"@_fredfloris_","twitter_misc":{"Arvioitu lukuaika":"2 minuuttia"},"schema":{"@context":"https:\/\/schema.org","@graph":[{"@type":"WebPage","@id":"https:\/\/fredfloris.eu\/productpage\/fredfloris-high-quality-leather-balm-100-ml\/","url":"https:\/\/fredfloris.eu\/productpage\/fredfloris-high-quality-leather-balm-100-ml\/","name":"FredFloris Leather Balm - Luonnonmukainen ja ekologinen nahanhoitoaine","isPartOf":{"@id":"https:\/\/fredfloris.eu\/#website"},"primaryImageOfPage":{"@id":"https:\/\/fredfloris.eu\/productpage\/fredfloris-high-quality-leather-balm-100-ml\/#primaryimage"},"image":{"@id":"https:\/\/fredfloris.eu\/productpage\/fredfloris-high-quality-leather-balm-100-ml\/#primaryimage"},"thumbnailUrl":"https:\/\/fredfloris.eu\/wp-content\/uploads\/2023\/09\/IMG_5594-scaled.jpg","datePublished":"2023-09-17T10:19:16+00:00","dateModified":"2024-06-24T18:17:07+00:00","description":"FredFloris Leather Balm tarjoaa parasta nahanhoitoa. Ruotsissa valmistettu 100 ml:n purkki luonnonmukaista ja ekologista hyvyytt\u00e4 ravitsee.","breadcrumb":{"@id":"https:\/\/fredfloris.eu\/productpage\/fredfloris-high-quality-leather-balm-100-ml\/#breadcrumb"},"inLanguage":"fi","potentialAction":[{"@type":"ReadAction","target":["https:\/\/fredfloris.eu\/productpage\/fredfloris-high-quality-leather-balm-100-ml\/"]}]},{"@type":"ImageObject","inLanguage":"fi","@id":"https:\/\/fredfloris.eu\/productpage\/fredfloris-high-quality-leather-balm-100-ml\/#primaryimage","url":"https:\/\/fredfloris.eu\/wp-content\/uploads\/2023\/09\/IMG_5594-scaled.jpg","contentUrl":"https:\/\/fredfloris.eu\/wp-content\/uploads\/2023\/09\/IMG_5594-scaled.jpg","width":2560,"height":1707,"caption":"Product: FredFloris Leather Balm"},{"@type":"BreadcrumbList","@id":"https:\/\/fredfloris.eu\/productpage\/fredfloris-high-quality-leather-balm-100-ml\/#breadcrumb","itemListElement":[{"@type":"ListItem","position":1,"name":"Home","item":"https:\/\/fredfloris.eu\/"},{"@type":"ListItem","position":2,"name":"Shop","item":"https:\/\/fredfloris.eu\/shop\/"},{"@type":"ListItem","position":3,"name":"FredFloris High-Quality Leather Balm &#8211; 100 ml"}]},{"@type":"WebSite","@id":"https:\/\/fredfloris.eu\/#website","url":"https:\/\/fredfloris.eu\/","name":"FredFloris","description":"K\u00e4sintehdyt nahkatavarat - Made in Sweden","publisher":{"@id":"https:\/\/fredfloris.eu\/#organization"},"potentialAction":[{"@type":"SearchAction","target":{"@type":"EntryPoint","urlTemplate":"https:\/\/fredfloris.eu\/?s={search_term_string}"},"query-input":{"@type":"PropertyValueSpecification","valueRequired":true,"valueName":"search_term_string"}}],"inLanguage":"fi"},{"@type":"Organization","@id":"https:\/\/fredfloris.eu\/#organization","name":"FredFloris","url":"https:\/\/fredfloris.eu\/","logo":{"@type":"ImageObject","inLanguage":"fi","@id":"https:\/\/fredfloris.eu\/#\/schema\/logo\/image\/","url":"https:\/\/fredfloris.eu\/wp-content\/uploads\/2022\/03\/FredFloris-med-hel-nal-och-text.png","contentUrl":"https:\/\/fredfloris.eu\/wp-content\/uploads\/2022\/03\/FredFloris-med-hel-nal-och-text.png","width":591,"height":283,"caption":"FredFloris"},"image":{"@id":"https:\/\/fredfloris.eu\/#\/schema\/logo\/image\/"},"sameAs":["https:\/\/www.facebook.com\/FredFloris.Artisan.Studio\/","https:\/\/x.com\/_fredfloris_","https:\/\/www.instagram.com\/fredfloris.artisan.studio\/"]}]}},"brands":[],"_links":{"self":[{"href":"https:\/\/fredfloris.eu\/fi\/wp-json\/wp\/v2\/product\/10501","targetHints":{"allow":["GET"]}}],"collection":[{"href":"https:\/\/fredfloris.eu\/fi\/wp-json\/wp\/v2\/product"}],"about":[{"href":"https:\/\/fredfloris.eu\/fi\/wp-json\/wp\/v2\/types\/product"}],"version-history":[{"count":9,"href":"https:\/\/fredfloris.eu\/fi\/wp-json\/wp\/v2\/product\/10501\/revisions"}],"predecessor-version":[{"id":11519,"href":"https:\/\/fredfloris.eu\/fi\/wp-json\/wp\/v2\/product\/10501\/revisions\/11519"}],"wp:featuredmedia":[{"embeddable":true,"href":"https:\/\/fredfloris.eu\/fi\/wp-json\/wp\/v2\/media\/10500"}],"wp:attachment":[{"href":"https:\/\/fredfloris.eu\/fi\/wp-json\/wp\/v2\/media?parent=10501"}],"wp:term":[{"taxonomy":"pwb-brand","embeddable":true,"href":"https:\/\/fredfloris.eu\/fi\/wp-json\/wp\/v2\/pwb-brand?post=10501"},{"taxonomy":"product_brand","embeddable":true,"href":"https:\/\/fredfloris.eu\/fi\/wp-json\/wp\/v2\/product_brand?post=10501"},{"taxonomy":"product_cat","embeddable":true,"href":"https:\/\/fredfloris.eu\/fi\/wp-json\/wp\/v2\/product_cat?post=10501"},{"taxonomy":"product_tag","embeddable":true,"href":"https:\/\/fredfloris.eu\/fi\/wp-json\/wp\/v2\/product_tag?post=10501"},{"taxonomy":"woo-feed-brand","embeddable":true,"href":"https:\/\/fredfloris.eu\/fi\/wp-json\/wp\/v2\/woo-feed-brand?post=10501"}],"curies":[{"name":"wp","href":"https:\/\/api.w.org\/{rel}","templated":true}]}}