{"id":10908,"date":"2024-03-18T20:18:31","date_gmt":"2024-03-18T18:18:31","guid":{"rendered":"https:\/\/fredfloris.eu\/?post_type=product&#038;p=10908"},"modified":"2025-02-22T15:48:45","modified_gmt":"2025-02-22T13:48:45","slug":"the-slim-wayfarer","status":"publish","type":"product","link":"https:\/\/fredfloris.eu\/fi\/productpage\/the-slim-wayfarer\/","title":{"rendered":"The Slim Wayfarer"},"content":{"rendered":"<p><strong>Henkil\u00f6kohtaistaminen:<\/strong> Lis\u00e4\u00e4 nimi, kuva tai viesti ilman lis\u00e4kustannuksia. Jos haluat mukauttaa oman suunnittelusi, lis\u00e4\u00e4 vain sek\u00e4 tuote ett\u00e4 valitsemasi suunnittelu koriin.<\/p>\n<p><a class=\"lumise-customize-button button alt\" href=\"https:\/\/fredfloris.eu\/fi\/productpage\/customize-the-slim-wayfarer\/?wmc-currency=EUR\" name=\"customize\">Mukauta<\/a><\/p>\n<p>Esittelyss\u00e4 The Slim Wayfarer, tyylik\u00e4s ja minimalistinen lompakko, johon mahtuu yli kahdeksan korttia ja taitettuja seteleit\u00e4. Se on suljettuna 68 mm leve\u00e4 ja 100 mm korkea, joten se mahtuu t\u00e4ydellisesti mihin tahansa taskuun.<\/p>\n<p>Jokainen lompakko valmistetaan huolella k\u00e4sity\u00f6n\u00e4 ruotsalaisessa ateljeessamme, ja se on valmistettu kest\u00e4v\u00e4st\u00e4 kasviparkitusta t\u00e4ysnahasta, joka takaa sek\u00e4 laadun ett\u00e4 tyylikk\u00e4\u00e4n vanhenevan patinan.<\/p>\n<p>Valitse kolmesta v\u00e4rist\u00e4: Tumma Cognac, tumman keltainen ja sinivihre\u00e4. Muokkaa lompakkoasi edelleen valitsemalla langan v\u00e4rit. Lis\u00e4\u00e4 henkil\u00f6kohtainen kosketus lis\u00e4\u00e4m\u00e4ll\u00e4 nimesi tai nimikirjaimesi debossing- tai laserkaiverruspalvelumme avulla.<\/p>\n<p>Jokaisen FredFloris-lompakon mukana tulee ilmainen <a href=\"https:\/\/fredfloris.eu\/fi\/productpage\/nfc-card-rfid-blocking\/?wmc-currency=EUR\" rel=\"noopener\">liukastumisen est\u00e4v\u00e4 kortti.<\/a><\/p>\n<p>&nbsp;<\/p>\n<p><strong>Tuotteen tekniset tiedot:<\/strong><\/p>\n<ul>\n<li><strong>Valmistetaan kokonaan k\u00e4sity\u00f6n\u00e4 perheomisteisessa Leather Art Studiossamme.<\/strong><\/li>\n<li><strong>Kapasiteetti:<\/strong> Mukaan mahtuu noin 8 korttia ja taiteltuja seteleit\u00e4.<\/li>\n<li><strong>Varastointi:<\/strong> Kaksi korttipaikkaa ja yksi puolikas tasku<\/li>\n<li><strong>V\u00e4rivaihtoehdot:<\/strong> Tumma Cognac, tummankeltainen ja sinivihre\u00e4<\/li>\n<li><strong>Kierre:<\/strong> Tiikeri Ritza 25<\/li>\n<li><strong>Henkil\u00f6kohtaistamisvaihtoehdot:<\/strong> Nimen tai nimikirjainten kohokuviointi ja laserkaiverrus<\/li>\n<li><strong>Reunat:<\/strong> Viistetty ja kevyesti kiillotettu<\/li>\n<li><strong>Ompelu:<\/strong> Perinteinen satulan ompelu, k\u00e4sin ommeltu.<\/li>\n<li><strong>Materiaali:<\/strong> Valmistettu kasviparkitusta t\u00e4ysnahkaisesta nahasta.<\/li>\n<li><strong>Mitat:<\/strong> Leveys: 68 mm, korkeus: 100 mm suljettuna.<\/li>\n<\/ul>\n<p>&nbsp;<\/p>\n<p>Hakusanat: Kompakti Mukautettava nahkalompakko, Kest\u00e4v\u00e4, Henkil\u00f6kohtainen minimalistinen, Ohut nahkainen korttilompakko.<\/p>","protected":false},"excerpt":{"rendered":"<p>T\u00e4m\u00e4n ohuen nahkalompakon valmistuksessa k\u00e4ytetty nahka on per\u00e4isin tunnetulta italialaiselta nahkatehtaalta Badalassi Carlo, joka on kansainv\u00e4lisesti tunnustetun Pelle Conciata al Vegetale -konsortion j\u00e4sen.<\/p>\n<p>K\u00e4sity\u00f6n\u00e4 valmistettu hienoimmasta kasviparkitusta t\u00e4ysnahasta, joka on tunnettu kest\u00e4vyydest\u00e4\u00e4n ja kauniista patinasta, joka kehittyy ajan my\u00f6t\u00e4. Lompakoidemme reunat viistet\u00e4\u00e4n ja kiillotetaan huolellisesti k\u00e4sin, mik\u00e4 takaa sile\u00e4n ja hienostuneen lopputuloksen. Lis\u00e4ksi jokainen lompakko on ommeltu k\u00e4sin, mik\u00e4 korostaa kest\u00e4vyytt\u00e4 ja aitoutta, jota koneellinen ompelu ei voi saavuttaa. Kyseess\u00e4 ei ole vain ostos, vaan investointi ajattomaan esineeseen, jonka jokainen yksityiskohta kertoo luvun perinteisen k\u00e4sity\u00f6taidon tarinassa.<\/p>\n<p>&nbsp;<\/p>\n<p>&nbsp;<\/p>\n<p>&nbsp;<\/p>\n<p>&nbsp;<\/p>","protected":false},"featured_media":10854,"template":"","meta":[],"pwb-brand":[203],"product_brand":[],"product_cat":[100,104],"product_tag":[123,136,105],"woo-feed-brand":[],"class_list":{"0":"post-10908","1":"product","2":"type-product","3":"status-publish","4":"has-post-thumbnail","6":"pwb-brand-fredfloris","7":"product_cat-leathergoods","8":"product_cat-wallets","9":"product_tag-full-grain-leather","10":"product_tag-handmade","11":"product_tag-made-to-order","12":"product_shipping_class-small-goods","13":"pa_leather-colour-petrol-waxed","14":"pa_leather-colour-dark-cognac-waxed","15":"pa_leather-colour-mustard-waxed","17":"first","18":"instock","19":"taxable","20":"shipping-taxable","21":"purchasable","22":"product-type-variable","23":"has-default-attributes"},"yoast_head":"<!-- This site is optimized with the Yoast SEO plugin v27.2 - https:\/\/yoast.com\/product\/yoast-seo-wordpress\/ -->\n<title>The Slim Wayfarer Wallet: Sleek &amp; Durable | FredFloris Leather<\/title>\n<meta name=\"description\" content=\"Introducing The Slim Wayfarer Wallet from FredFloris, where elegance meets practicality. This wallet is perfect for the modern minimalist.\" \/>\n<meta name=\"robots\" content=\"index, follow, max-snippet:-1, max-image-preview:large, max-video-preview:-1\" \/>\n<link rel=\"canonical\" href=\"https:\/\/fredfloris.eu\/fi\/productpage\/the-slim-wayfarer\/?wmc-currency=EUR\" \/>\n<meta property=\"og:locale\" content=\"fi_FI\" \/>\n<meta property=\"og:type\" content=\"article\" \/>\n<meta property=\"og:title\" content=\"The Slim Wayfarer Wallet: Sleek &amp; Durable | FredFloris Leather\" \/>\n<meta property=\"og:description\" content=\"Introducing The Slim Wayfarer Wallet from FredFloris, where elegance meets practicality. This wallet is perfect for the modern minimalist.\" \/>\n<meta property=\"og:url\" content=\"https:\/\/fredfloris.eu\/fi\/productpage\/the-slim-wayfarer\/?wmc-currency=EUR\" \/>\n<meta property=\"og:site_name\" content=\"FredFloris\" \/>\n<meta property=\"article:publisher\" content=\"https:\/\/www.facebook.com\/FredFloris.Artisan.Studio\/\" \/>\n<meta property=\"article:modified_time\" content=\"2025-02-22T13:48:45+00:00\" \/>\n<meta property=\"og:image\" content=\"https:\/\/fredfloris.eu\/wp-content\/uploads\/2024\/03\/IMG_5843-scaled.jpg\" \/>\n\t<meta property=\"og:image:width\" content=\"2560\" \/>\n\t<meta property=\"og:image:height\" content=\"1707\" \/>\n\t<meta property=\"og:image:type\" content=\"image\/jpeg\" \/>\n<meta name=\"twitter:card\" content=\"summary_large_image\" \/>\n<meta name=\"twitter:site\" content=\"@_fredfloris_\" \/>\n<meta name=\"twitter:label1\" content=\"Arvioitu lukuaika\" \/>\n\t<meta name=\"twitter:data1\" content=\"2 minuuttia\" \/>\n<script type=\"application\/ld+json\" class=\"yoast-schema-graph\">{\"@context\":\"https:\/\/schema.org\",\"@graph\":[{\"@type\":\"WebPage\",\"@id\":\"https:\/\/fredfloris.eu\/productpage\/the-slim-wayfarer\/\",\"url\":\"https:\/\/fredfloris.eu\/productpage\/the-slim-wayfarer\/\",\"name\":\"The Slim Wayfarer Wallet: Sleek & Durable | FredFloris Leather\",\"isPartOf\":{\"@id\":\"https:\/\/fredfloris.eu\/#website\"},\"primaryImageOfPage\":{\"@id\":\"https:\/\/fredfloris.eu\/productpage\/the-slim-wayfarer\/#primaryimage\"},\"image\":{\"@id\":\"https:\/\/fredfloris.eu\/productpage\/the-slim-wayfarer\/#primaryimage\"},\"thumbnailUrl\":\"https:\/\/fredfloris.eu\/wp-content\/uploads\/2024\/03\/IMG_5843-scaled.jpg\",\"datePublished\":\"2024-03-18T18:18:31+00:00\",\"dateModified\":\"2025-02-22T13:48:45+00:00\",\"description\":\"Introducing The Slim Wayfarer Wallet from FredFloris, where elegance meets practicality. This wallet is perfect for the modern minimalist.\",\"breadcrumb\":{\"@id\":\"https:\/\/fredfloris.eu\/productpage\/the-slim-wayfarer\/#breadcrumb\"},\"inLanguage\":\"fi\",\"potentialAction\":[{\"@type\":\"ReadAction\",\"target\":[\"https:\/\/fredfloris.eu\/productpage\/the-slim-wayfarer\/\"]}]},{\"@type\":\"ImageObject\",\"inLanguage\":\"fi\",\"@id\":\"https:\/\/fredfloris.eu\/productpage\/the-slim-wayfarer\/#primaryimage\",\"url\":\"https:\/\/fredfloris.eu\/wp-content\/uploads\/2024\/03\/IMG_5843-scaled.jpg\",\"contentUrl\":\"https:\/\/fredfloris.eu\/wp-content\/uploads\/2024\/03\/IMG_5843-scaled.jpg\",\"width\":2560,\"height\":1707,\"caption\":\"Product: The Slim Wayfarer - Pocket Card Wallets \u2013 Colours: Dark Yellow, Dark Cognac and Blue-Green, Thread Colour: Black\"},{\"@type\":\"BreadcrumbList\",\"@id\":\"https:\/\/fredfloris.eu\/productpage\/the-slim-wayfarer\/#breadcrumb\",\"itemListElement\":[{\"@type\":\"ListItem\",\"position\":1,\"name\":\"Home\",\"item\":\"https:\/\/fredfloris.eu\/\"},{\"@type\":\"ListItem\",\"position\":2,\"name\":\"Shop\",\"item\":\"https:\/\/fredfloris.eu\/shop\/\"},{\"@type\":\"ListItem\",\"position\":3,\"name\":\"The Slim Wayfarer\"}]},{\"@type\":\"WebSite\",\"@id\":\"https:\/\/fredfloris.eu\/#website\",\"url\":\"https:\/\/fredfloris.eu\/\",\"name\":\"FredFloris\",\"description\":\"Handcrafted Leathergoods - Made in Sweden\",\"publisher\":{\"@id\":\"https:\/\/fredfloris.eu\/#organization\"},\"potentialAction\":[{\"@type\":\"SearchAction\",\"target\":{\"@type\":\"EntryPoint\",\"urlTemplate\":\"https:\/\/fredfloris.eu\/?s={search_term_string}\"},\"query-input\":{\"@type\":\"PropertyValueSpecification\",\"valueRequired\":true,\"valueName\":\"search_term_string\"}}],\"inLanguage\":\"fi\"},{\"@type\":\"Organization\",\"@id\":\"https:\/\/fredfloris.eu\/#organization\",\"name\":\"FredFloris\",\"url\":\"https:\/\/fredfloris.eu\/\",\"logo\":{\"@type\":\"ImageObject\",\"inLanguage\":\"fi\",\"@id\":\"https:\/\/fredfloris.eu\/#\/schema\/logo\/image\/\",\"url\":\"https:\/\/fredfloris.eu\/wp-content\/uploads\/2022\/03\/FredFloris-med-hel-nal-och-text.png\",\"contentUrl\":\"https:\/\/fredfloris.eu\/wp-content\/uploads\/2022\/03\/FredFloris-med-hel-nal-och-text.png\",\"width\":591,\"height\":283,\"caption\":\"FredFloris\"},\"image\":{\"@id\":\"https:\/\/fredfloris.eu\/#\/schema\/logo\/image\/\"},\"sameAs\":[\"https:\/\/www.facebook.com\/FredFloris.Artisan.Studio\/\",\"https:\/\/x.com\/_fredfloris_\",\"https:\/\/www.instagram.com\/fredfloris.artisan.studio\/\"]}]}<\/script>\n<!-- \/ Yoast SEO plugin. -->","yoast_head_json":{"title":"The Slim Wayfarer Lompakko: FredFloris Leather | FredFloris Leather","description":"Esittelyss\u00e4 The Slim Wayfarer-lompakko FredFlorisilta, jossa eleganssi kohtaa k\u00e4yt\u00e4nn\u00f6llisyyden. T\u00e4m\u00e4 lompakko on t\u00e4ydellinen modernille minimalistille.","robots":{"index":"index","follow":"follow","max-snippet":"max-snippet:-1","max-image-preview":"max-image-preview:large","max-video-preview":"max-video-preview:-1"},"canonical":"https:\/\/fredfloris.eu\/fi\/productpage\/the-slim-wayfarer\/?wmc-currency=EUR","og_locale":"fi_FI","og_type":"article","og_title":"The Slim Wayfarer Wallet: Sleek & Durable | FredFloris Leather","og_description":"Introducing The Slim Wayfarer Wallet from FredFloris, where elegance meets practicality. This wallet is perfect for the modern minimalist.","og_url":"https:\/\/fredfloris.eu\/fi\/productpage\/the-slim-wayfarer\/?wmc-currency=EUR","og_site_name":"FredFloris","article_publisher":"https:\/\/www.facebook.com\/FredFloris.Artisan.Studio\/","article_modified_time":"2025-02-22T13:48:45+00:00","og_image":[{"width":2560,"height":1707,"url":"https:\/\/fredfloris.eu\/wp-content\/uploads\/2024\/03\/IMG_5843-scaled.jpg","type":"image\/jpeg"}],"twitter_card":"summary_large_image","twitter_site":"@_fredfloris_","twitter_misc":{"Arvioitu lukuaika":"2 minuuttia"},"schema":{"@context":"https:\/\/schema.org","@graph":[{"@type":"WebPage","@id":"https:\/\/fredfloris.eu\/productpage\/the-slim-wayfarer\/","url":"https:\/\/fredfloris.eu\/productpage\/the-slim-wayfarer\/","name":"The Slim Wayfarer Lompakko: FredFloris Leather | FredFloris Leather","isPartOf":{"@id":"https:\/\/fredfloris.eu\/#website"},"primaryImageOfPage":{"@id":"https:\/\/fredfloris.eu\/productpage\/the-slim-wayfarer\/#primaryimage"},"image":{"@id":"https:\/\/fredfloris.eu\/productpage\/the-slim-wayfarer\/#primaryimage"},"thumbnailUrl":"https:\/\/fredfloris.eu\/wp-content\/uploads\/2024\/03\/IMG_5843-scaled.jpg","datePublished":"2024-03-18T18:18:31+00:00","dateModified":"2025-02-22T13:48:45+00:00","description":"Esittelyss\u00e4 The Slim Wayfarer-lompakko FredFlorisilta, jossa eleganssi kohtaa k\u00e4yt\u00e4nn\u00f6llisyyden. T\u00e4m\u00e4 lompakko on t\u00e4ydellinen modernille minimalistille.","breadcrumb":{"@id":"https:\/\/fredfloris.eu\/productpage\/the-slim-wayfarer\/#breadcrumb"},"inLanguage":"fi","potentialAction":[{"@type":"ReadAction","target":["https:\/\/fredfloris.eu\/productpage\/the-slim-wayfarer\/"]}]},{"@type":"ImageObject","inLanguage":"fi","@id":"https:\/\/fredfloris.eu\/productpage\/the-slim-wayfarer\/#primaryimage","url":"https:\/\/fredfloris.eu\/wp-content\/uploads\/2024\/03\/IMG_5843-scaled.jpg","contentUrl":"https:\/\/fredfloris.eu\/wp-content\/uploads\/2024\/03\/IMG_5843-scaled.jpg","width":2560,"height":1707,"caption":"Product: The Slim Wayfarer - Pocket Card Wallets \u2013 Colours: Dark Yellow, Dark Cognac and Blue-Green, Thread Colour: Black"},{"@type":"BreadcrumbList","@id":"https:\/\/fredfloris.eu\/productpage\/the-slim-wayfarer\/#breadcrumb","itemListElement":[{"@type":"ListItem","position":1,"name":"Home","item":"https:\/\/fredfloris.eu\/"},{"@type":"ListItem","position":2,"name":"Shop","item":"https:\/\/fredfloris.eu\/shop\/"},{"@type":"ListItem","position":3,"name":"The Slim Wayfarer"}]},{"@type":"WebSite","@id":"https:\/\/fredfloris.eu\/#website","url":"https:\/\/fredfloris.eu\/","name":"FredFloris","description":"K\u00e4sintehdyt nahkatavarat - Made in Sweden","publisher":{"@id":"https:\/\/fredfloris.eu\/#organization"},"potentialAction":[{"@type":"SearchAction","target":{"@type":"EntryPoint","urlTemplate":"https:\/\/fredfloris.eu\/?s={search_term_string}"},"query-input":{"@type":"PropertyValueSpecification","valueRequired":true,"valueName":"search_term_string"}}],"inLanguage":"fi"},{"@type":"Organization","@id":"https:\/\/fredfloris.eu\/#organization","name":"FredFloris","url":"https:\/\/fredfloris.eu\/","logo":{"@type":"ImageObject","inLanguage":"fi","@id":"https:\/\/fredfloris.eu\/#\/schema\/logo\/image\/","url":"https:\/\/fredfloris.eu\/wp-content\/uploads\/2022\/03\/FredFloris-med-hel-nal-och-text.png","contentUrl":"https:\/\/fredfloris.eu\/wp-content\/uploads\/2022\/03\/FredFloris-med-hel-nal-och-text.png","width":591,"height":283,"caption":"FredFloris"},"image":{"@id":"https:\/\/fredfloris.eu\/#\/schema\/logo\/image\/"},"sameAs":["https:\/\/www.facebook.com\/FredFloris.Artisan.Studio\/","https:\/\/x.com\/_fredfloris_","https:\/\/www.instagram.com\/fredfloris.artisan.studio\/"]}]}},"brands":[{"id":203,"name":"FredFloris","slug":"fredfloris"}],"_links":{"self":[{"href":"https:\/\/fredfloris.eu\/fi\/wp-json\/wp\/v2\/product\/10908","targetHints":{"allow":["GET"]}}],"collection":[{"href":"https:\/\/fredfloris.eu\/fi\/wp-json\/wp\/v2\/product"}],"about":[{"href":"https:\/\/fredfloris.eu\/fi\/wp-json\/wp\/v2\/types\/product"}],"version-history":[{"count":19,"href":"https:\/\/fredfloris.eu\/fi\/wp-json\/wp\/v2\/product\/10908\/revisions"}],"predecessor-version":[{"id":11515,"href":"https:\/\/fredfloris.eu\/fi\/wp-json\/wp\/v2\/product\/10908\/revisions\/11515"}],"wp:featuredmedia":[{"embeddable":true,"href":"https:\/\/fredfloris.eu\/fi\/wp-json\/wp\/v2\/media\/10854"}],"wp:attachment":[{"href":"https:\/\/fredfloris.eu\/fi\/wp-json\/wp\/v2\/media?parent=10908"}],"wp:term":[{"taxonomy":"pwb-brand","embeddable":true,"href":"https:\/\/fredfloris.eu\/fi\/wp-json\/wp\/v2\/pwb-brand?post=10908"},{"taxonomy":"product_brand","embeddable":true,"href":"https:\/\/fredfloris.eu\/fi\/wp-json\/wp\/v2\/product_brand?post=10908"},{"taxonomy":"product_cat","embeddable":true,"href":"https:\/\/fredfloris.eu\/fi\/wp-json\/wp\/v2\/product_cat?post=10908"},{"taxonomy":"product_tag","embeddable":true,"href":"https:\/\/fredfloris.eu\/fi\/wp-json\/wp\/v2\/product_tag?post=10908"},{"taxonomy":"woo-feed-brand","embeddable":true,"href":"https:\/\/fredfloris.eu\/fi\/wp-json\/wp\/v2\/woo-feed-brand?post=10908"}],"curies":[{"name":"wp","href":"https:\/\/api.w.org\/{rel}","templated":true}]}}