{"id":11076,"date":"2024-04-27T19:31:59","date_gmt":"2024-04-27T17:31:59","guid":{"rendered":"https:\/\/fredfloris.eu\/?post_type=product&#038;p=11076"},"modified":"2024-07-23T20:41:08","modified_gmt":"2024-07-23T18:41:08","slug":"arctic-keyring","status":"publish","type":"product","link":"https:\/\/fredfloris.eu\/fi\/productpage\/arctic-keyring\/","title":{"rendered":"Arctic - Avaimenper\u00e4"},"content":{"rendered":"<p>Avaimenperiss\u00e4 yhdistyv\u00e4t tyyli ja k\u00e4yt\u00e4nn\u00f6llisyys, ja ne on valmistettu kasviparkitusta t\u00e4ysjyv\u00e4isest\u00e4 sonninnahasta, joka on per\u00e4isin arvostetulta Toscanan parkitusalueelta. Avaimenper\u00e4n mitat ovat 125 mm, kun mukana on rengassolki, ja 87 mm ilman, ja sen leveys on 22 mm, joten se on kompakti ja helppo kuljettaa.<\/p>\n<p>Valitse kolmesta v\u00e4rist\u00e4: T\u00e4ydenn\u00e4 tyyli\u00e4si tai sovita yhteen muiden asusteiden kanssa.<\/p>\n<p>Avaimenperiss\u00e4mme on ruostumattomasta ter\u00e4ksest\u00e4 valmistettu kaksoiskorkkinen niitti, joka on turvallinen p\u00e4ivitt\u00e4isess\u00e4 k\u00e4yt\u00f6ss\u00e4 ja joka ei vapauta nikkeli\u00e4, joten se on allergiayst\u00e4v\u00e4llinen.<\/p>\n<p>Yksinkertainen ja k\u00e4yt\u00e4nn\u00f6llinen avaimenper\u00e4 on v\u00e4ltt\u00e4m\u00e4t\u00f6n lis\u00e4varuste.<\/p>\n<p><strong>Tuotteen tekniset tiedot:<\/strong><\/p>\n<ul>\n<li><strong>Valmistetaan kokonaan k\u00e4sity\u00f6n\u00e4 perheomisteisessa Leather Art Studiossamme.<\/strong><\/li>\n<li><strong>V\u00e4rivaihtoehdot:<\/strong> Saatavana tummanruskeana, ruskeana ja mustana<\/li>\n<li><strong>Materiaali:<\/strong> Kasviparkittu t\u00e4ysjyv\u00e4inen sonninahka Italiasta.<\/li>\n<li><strong>Kest\u00e4v\u00e4:<\/strong> Sis\u00e4lt\u00e4\u00e4 allergiayst\u00e4v\u00e4llisest\u00e4 ruostumattomasta ter\u00e4ksest\u00e4 valmistetun kaksoiskorkkisen niitin.<\/li>\n<\/ul>\n<p>&nbsp;<\/p>\n<p>Hakusanat: nahkainen avaimenper\u00e4: K\u00e4sintehty korkealaatuinen italialainen nahkainen avainrengas<\/p>","protected":false},"excerpt":{"rendered":"<p>Ty\u00f6pajassamme k\u00e4sity\u00f6n\u00e4 valmistetut nahkatuotteet valmistetaan 4 mm paksusta, kasviparkitusta, t\u00e4ysnahkaisesta nahkavuoresta. T\u00e4m\u00e4 korkealaatuinen nahka on per\u00e4isin Toscanasta, Italiasta. Nahka on k\u00e4sitelty aniliiniv\u00e4rj\u00e4yksell\u00e4, jotta saadaan aikaan syv\u00e4, rikas v\u00e4ri, kun taas k\u00e4\u00e4nt\u00f6puoli on p\u00e4\u00e4llystetty vahalla\/hartsilla kest\u00e4vyyden ja pitk\u00e4kestoisen k\u00e4yt\u00f6n takaamiseksi. T\u00e4m\u00e4 k\u00e4sittely on yksinoikeus hienoimmille nahoille.<\/p>","protected":false},"featured_media":11063,"template":"","meta":[],"pwb-brand":[203],"product_brand":[],"product_cat":[112,100],"product_tag":[123,136,105],"woo-feed-brand":[],"class_list":{"0":"post-11076","1":"product","2":"type-product","3":"status-publish","4":"has-post-thumbnail","6":"pwb-brand-fredfloris","7":"product_cat-key-wallets","8":"product_cat-leathergoods","9":"product_tag-full-grain-leather","10":"product_tag-handmade","11":"product_tag-made-to-order","12":"product_shipping_class-small-goods","13":"pa_leather-colour-black-belt","14":"pa_leather-colour-dbrown-belt","15":"pa_leather-colour-tan-belt","17":"first","18":"instock","19":"taxable","20":"shipping-taxable","21":"purchasable","22":"product-type-variable","23":"has-default-attributes"},"yoast_head":"<!-- This site is optimized with the Yoast SEO plugin v27.2 - https:\/\/yoast.com\/product\/yoast-seo-wordpress\/ -->\n<title>Handcrafted Leather Key Ring | FredFloris Artisan Key Accessories | FredFloris<\/title>\n<meta name=\"description\" content=\"Elevate your daily essentials with our Handcrafted Leather Key Ring, made with premium Italian full-grain bull hide leather.\" \/>\n<meta name=\"robots\" content=\"index, follow, max-snippet:-1, max-image-preview:large, max-video-preview:-1\" \/>\n<link rel=\"canonical\" href=\"https:\/\/fredfloris.eu\/fi\/productpage\/arctic-keyring\/?wmc-currency=EUR\" \/>\n<meta property=\"og:locale\" content=\"fi_FI\" \/>\n<meta property=\"og:type\" content=\"article\" \/>\n<meta property=\"og:title\" content=\"Handcrafted Leather Key Ring | FredFloris Artisan Key Accessories | FredFloris\" \/>\n<meta property=\"og:description\" content=\"Elevate your daily essentials with our Handcrafted Leather Key Ring, made with premium Italian full-grain bull hide leather.\" \/>\n<meta property=\"og:url\" content=\"https:\/\/fredfloris.eu\/fi\/productpage\/arctic-keyring\/?wmc-currency=EUR\" \/>\n<meta property=\"og:site_name\" content=\"FredFloris\" \/>\n<meta property=\"article:publisher\" content=\"https:\/\/www.facebook.com\/FredFloris.Artisan.Studio\/\" \/>\n<meta property=\"article:modified_time\" content=\"2024-07-23T18:41:08+00:00\" \/>\n<meta property=\"og:image\" content=\"https:\/\/fredfloris.eu\/wp-content\/uploads\/2024\/04\/IMG_6189-scaled.jpg\" \/>\n\t<meta property=\"og:image:width\" content=\"2560\" \/>\n\t<meta property=\"og:image:height\" content=\"1707\" \/>\n\t<meta property=\"og:image:type\" content=\"image\/jpeg\" \/>\n<meta name=\"twitter:card\" content=\"summary_large_image\" \/>\n<meta name=\"twitter:site\" content=\"@_fredfloris_\" \/>\n<meta name=\"twitter:label1\" content=\"Arvioitu lukuaika\" \/>\n\t<meta name=\"twitter:data1\" content=\"1 minuutti\" \/>\n<script type=\"application\/ld+json\" class=\"yoast-schema-graph\">{\"@context\":\"https:\/\/schema.org\",\"@graph\":[{\"@type\":\"WebPage\",\"@id\":\"https:\/\/fredfloris.eu\/productpage\/arctic-keyring\/\",\"url\":\"https:\/\/fredfloris.eu\/productpage\/arctic-keyring\/\",\"name\":\"Handcrafted Leather Key Ring | FredFloris Artisan Key Accessories | FredFloris\",\"isPartOf\":{\"@id\":\"https:\/\/fredfloris.eu\/#website\"},\"primaryImageOfPage\":{\"@id\":\"https:\/\/fredfloris.eu\/productpage\/arctic-keyring\/#primaryimage\"},\"image\":{\"@id\":\"https:\/\/fredfloris.eu\/productpage\/arctic-keyring\/#primaryimage\"},\"thumbnailUrl\":\"https:\/\/fredfloris.eu\/wp-content\/uploads\/2024\/04\/IMG_6189-scaled.jpg\",\"datePublished\":\"2024-04-27T17:31:59+00:00\",\"dateModified\":\"2024-07-23T18:41:08+00:00\",\"description\":\"Elevate your daily essentials with our Handcrafted Leather Key Ring, made with premium Italian full-grain bull hide leather.\",\"breadcrumb\":{\"@id\":\"https:\/\/fredfloris.eu\/productpage\/arctic-keyring\/#breadcrumb\"},\"inLanguage\":\"fi\",\"potentialAction\":[{\"@type\":\"ReadAction\",\"target\":[\"https:\/\/fredfloris.eu\/productpage\/arctic-keyring\/\"]}]},{\"@type\":\"ImageObject\",\"inLanguage\":\"fi\",\"@id\":\"https:\/\/fredfloris.eu\/productpage\/arctic-keyring\/#primaryimage\",\"url\":\"https:\/\/fredfloris.eu\/wp-content\/uploads\/2024\/04\/IMG_6189-scaled.jpg\",\"contentUrl\":\"https:\/\/fredfloris.eu\/wp-content\/uploads\/2024\/04\/IMG_6189-scaled.jpg\",\"width\":2560,\"height\":1707,\"caption\":\"Product: Arctica - Keyring, Colour: from left to right: Dark Brown, Tan and Black.\"},{\"@type\":\"BreadcrumbList\",\"@id\":\"https:\/\/fredfloris.eu\/productpage\/arctic-keyring\/#breadcrumb\",\"itemListElement\":[{\"@type\":\"ListItem\",\"position\":1,\"name\":\"Home\",\"item\":\"https:\/\/fredfloris.eu\/\"},{\"@type\":\"ListItem\",\"position\":2,\"name\":\"Shop\",\"item\":\"https:\/\/fredfloris.eu\/shop\/\"},{\"@type\":\"ListItem\",\"position\":3,\"name\":\"Arctic &#8211; Keyring\"}]},{\"@type\":\"WebSite\",\"@id\":\"https:\/\/fredfloris.eu\/#website\",\"url\":\"https:\/\/fredfloris.eu\/\",\"name\":\"FredFloris\",\"description\":\"Handcrafted Leathergoods - Made in Sweden\",\"publisher\":{\"@id\":\"https:\/\/fredfloris.eu\/#organization\"},\"potentialAction\":[{\"@type\":\"SearchAction\",\"target\":{\"@type\":\"EntryPoint\",\"urlTemplate\":\"https:\/\/fredfloris.eu\/?s={search_term_string}\"},\"query-input\":{\"@type\":\"PropertyValueSpecification\",\"valueRequired\":true,\"valueName\":\"search_term_string\"}}],\"inLanguage\":\"fi\"},{\"@type\":\"Organization\",\"@id\":\"https:\/\/fredfloris.eu\/#organization\",\"name\":\"FredFloris\",\"url\":\"https:\/\/fredfloris.eu\/\",\"logo\":{\"@type\":\"ImageObject\",\"inLanguage\":\"fi\",\"@id\":\"https:\/\/fredfloris.eu\/#\/schema\/logo\/image\/\",\"url\":\"https:\/\/fredfloris.eu\/wp-content\/uploads\/2022\/03\/FredFloris-med-hel-nal-och-text.png\",\"contentUrl\":\"https:\/\/fredfloris.eu\/wp-content\/uploads\/2022\/03\/FredFloris-med-hel-nal-och-text.png\",\"width\":591,\"height\":283,\"caption\":\"FredFloris\"},\"image\":{\"@id\":\"https:\/\/fredfloris.eu\/#\/schema\/logo\/image\/\"},\"sameAs\":[\"https:\/\/www.facebook.com\/FredFloris.Artisan.Studio\/\",\"https:\/\/x.com\/_fredfloris_\",\"https:\/\/www.instagram.com\/fredfloris.artisan.studio\/\"]}]}<\/script>\n<!-- \/ Yoast SEO plugin. -->","yoast_head_json":{"title":"K\u00e4sintehty nahkainen avaimenper\u00e4 | FredFloris Artisan avaintarvikkeet | FredFloris","description":"Korosta p\u00e4ivitt\u00e4isi\u00e4 tavaroitasi k\u00e4sintehdyn nahkaisen avaimenper\u00e4n avulla, joka on valmistettu ensiluokkaisesta italialaisesta t\u00e4ysjyv\u00e4isest\u00e4 sonninnahasta.","robots":{"index":"index","follow":"follow","max-snippet":"max-snippet:-1","max-image-preview":"max-image-preview:large","max-video-preview":"max-video-preview:-1"},"canonical":"https:\/\/fredfloris.eu\/fi\/productpage\/arctic-keyring\/?wmc-currency=EUR","og_locale":"fi_FI","og_type":"article","og_title":"Handcrafted Leather Key Ring | FredFloris Artisan Key Accessories | FredFloris","og_description":"Elevate your daily essentials with our Handcrafted Leather Key Ring, made with premium Italian full-grain bull hide leather.","og_url":"https:\/\/fredfloris.eu\/fi\/productpage\/arctic-keyring\/?wmc-currency=EUR","og_site_name":"FredFloris","article_publisher":"https:\/\/www.facebook.com\/FredFloris.Artisan.Studio\/","article_modified_time":"2024-07-23T18:41:08+00:00","og_image":[{"width":2560,"height":1707,"url":"https:\/\/fredfloris.eu\/wp-content\/uploads\/2024\/04\/IMG_6189-scaled.jpg","type":"image\/jpeg"}],"twitter_card":"summary_large_image","twitter_site":"@_fredfloris_","twitter_misc":{"Arvioitu lukuaika":"1 minuutti"},"schema":{"@context":"https:\/\/schema.org","@graph":[{"@type":"WebPage","@id":"https:\/\/fredfloris.eu\/productpage\/arctic-keyring\/","url":"https:\/\/fredfloris.eu\/productpage\/arctic-keyring\/","name":"K\u00e4sintehty nahkainen avaimenper\u00e4 | FredFloris Artisan avaintarvikkeet | FredFloris","isPartOf":{"@id":"https:\/\/fredfloris.eu\/#website"},"primaryImageOfPage":{"@id":"https:\/\/fredfloris.eu\/productpage\/arctic-keyring\/#primaryimage"},"image":{"@id":"https:\/\/fredfloris.eu\/productpage\/arctic-keyring\/#primaryimage"},"thumbnailUrl":"https:\/\/fredfloris.eu\/wp-content\/uploads\/2024\/04\/IMG_6189-scaled.jpg","datePublished":"2024-04-27T17:31:59+00:00","dateModified":"2024-07-23T18:41:08+00:00","description":"Korosta p\u00e4ivitt\u00e4isi\u00e4 tavaroitasi k\u00e4sintehdyn nahkaisen avaimenper\u00e4n avulla, joka on valmistettu ensiluokkaisesta italialaisesta t\u00e4ysjyv\u00e4isest\u00e4 sonninnahasta.","breadcrumb":{"@id":"https:\/\/fredfloris.eu\/productpage\/arctic-keyring\/#breadcrumb"},"inLanguage":"fi","potentialAction":[{"@type":"ReadAction","target":["https:\/\/fredfloris.eu\/productpage\/arctic-keyring\/"]}]},{"@type":"ImageObject","inLanguage":"fi","@id":"https:\/\/fredfloris.eu\/productpage\/arctic-keyring\/#primaryimage","url":"https:\/\/fredfloris.eu\/wp-content\/uploads\/2024\/04\/IMG_6189-scaled.jpg","contentUrl":"https:\/\/fredfloris.eu\/wp-content\/uploads\/2024\/04\/IMG_6189-scaled.jpg","width":2560,"height":1707,"caption":"Product: Arctica - Keyring, Colour: from left to right: Dark Brown, Tan and Black."},{"@type":"BreadcrumbList","@id":"https:\/\/fredfloris.eu\/productpage\/arctic-keyring\/#breadcrumb","itemListElement":[{"@type":"ListItem","position":1,"name":"Home","item":"https:\/\/fredfloris.eu\/"},{"@type":"ListItem","position":2,"name":"Shop","item":"https:\/\/fredfloris.eu\/shop\/"},{"@type":"ListItem","position":3,"name":"Arctic &#8211; Keyring"}]},{"@type":"WebSite","@id":"https:\/\/fredfloris.eu\/#website","url":"https:\/\/fredfloris.eu\/","name":"FredFloris","description":"K\u00e4sintehdyt nahkatavarat - Made in Sweden","publisher":{"@id":"https:\/\/fredfloris.eu\/#organization"},"potentialAction":[{"@type":"SearchAction","target":{"@type":"EntryPoint","urlTemplate":"https:\/\/fredfloris.eu\/?s={search_term_string}"},"query-input":{"@type":"PropertyValueSpecification","valueRequired":true,"valueName":"search_term_string"}}],"inLanguage":"fi"},{"@type":"Organization","@id":"https:\/\/fredfloris.eu\/#organization","name":"FredFloris","url":"https:\/\/fredfloris.eu\/","logo":{"@type":"ImageObject","inLanguage":"fi","@id":"https:\/\/fredfloris.eu\/#\/schema\/logo\/image\/","url":"https:\/\/fredfloris.eu\/wp-content\/uploads\/2022\/03\/FredFloris-med-hel-nal-och-text.png","contentUrl":"https:\/\/fredfloris.eu\/wp-content\/uploads\/2022\/03\/FredFloris-med-hel-nal-och-text.png","width":591,"height":283,"caption":"FredFloris"},"image":{"@id":"https:\/\/fredfloris.eu\/#\/schema\/logo\/image\/"},"sameAs":["https:\/\/www.facebook.com\/FredFloris.Artisan.Studio\/","https:\/\/x.com\/_fredfloris_","https:\/\/www.instagram.com\/fredfloris.artisan.studio\/"]}]}},"brands":[{"id":203,"name":"FredFloris","slug":"fredfloris"}],"_links":{"self":[{"href":"https:\/\/fredfloris.eu\/fi\/wp-json\/wp\/v2\/product\/11076","targetHints":{"allow":["GET"]}}],"collection":[{"href":"https:\/\/fredfloris.eu\/fi\/wp-json\/wp\/v2\/product"}],"about":[{"href":"https:\/\/fredfloris.eu\/fi\/wp-json\/wp\/v2\/types\/product"}],"version-history":[{"count":14,"href":"https:\/\/fredfloris.eu\/fi\/wp-json\/wp\/v2\/product\/11076\/revisions"}],"predecessor-version":[{"id":11595,"href":"https:\/\/fredfloris.eu\/fi\/wp-json\/wp\/v2\/product\/11076\/revisions\/11595"}],"wp:featuredmedia":[{"embeddable":true,"href":"https:\/\/fredfloris.eu\/fi\/wp-json\/wp\/v2\/media\/11063"}],"wp:attachment":[{"href":"https:\/\/fredfloris.eu\/fi\/wp-json\/wp\/v2\/media?parent=11076"}],"wp:term":[{"taxonomy":"pwb-brand","embeddable":true,"href":"https:\/\/fredfloris.eu\/fi\/wp-json\/wp\/v2\/pwb-brand?post=11076"},{"taxonomy":"product_brand","embeddable":true,"href":"https:\/\/fredfloris.eu\/fi\/wp-json\/wp\/v2\/product_brand?post=11076"},{"taxonomy":"product_cat","embeddable":true,"href":"https:\/\/fredfloris.eu\/fi\/wp-json\/wp\/v2\/product_cat?post=11076"},{"taxonomy":"product_tag","embeddable":true,"href":"https:\/\/fredfloris.eu\/fi\/wp-json\/wp\/v2\/product_tag?post=11076"},{"taxonomy":"woo-feed-brand","embeddable":true,"href":"https:\/\/fredfloris.eu\/fi\/wp-json\/wp\/v2\/woo-feed-brand?post=11076"}],"curies":[{"name":"wp","href":"https:\/\/api.w.org\/{rel}","templated":true}]}}