{"id":5136,"date":"2022-05-16T16:59:00","date_gmt":"2022-05-16T14:59:00","guid":{"rendered":"https:\/\/fredfloris.eu\/?post_type=product&#038;p=5136"},"modified":"2024-07-23T20:14:09","modified_gmt":"2024-07-23T18:14:09","slug":"minnie-soft-glasses-cases","status":"publish","type":"product","link":"https:\/\/fredfloris.eu\/fi\/productpage\/minnie-soft-glasses-cases\/","title":{"rendered":"Minnie - Silm\u00e4lasikotelot"},"content":{"rendered":"<p><strong>Henkil\u00f6kohtaistaminen:<\/strong> Lis\u00e4\u00e4 nimi tai viesti ilman lis\u00e4kustannuksia. Jos haluat mukauttaa oman suunnittelusi, lis\u00e4\u00e4 vain sek\u00e4 tuote ett\u00e4 valitsemasi suunnittelu koriisi.<\/p>\n<p><a class=\"lumise-customize-button button alt\" href=\"https:\/\/fredfloris.eu\/fi\/productpage\/customize-minnie-soft-glasses-cases\/?wmc-currency=EUR\" name=\"customize\">Mukauta<\/a><\/p>\n<p><strong>Suojaa silm\u00e4lasisi tyylikk\u00e4\u00e4sti pehme\u00e4ll\u00e4 nahkaisella silm\u00e4lasikotelollamme, joka on suunniteltu tehokkaaseen suojaukseen.<\/strong> T\u00e4m\u00e4 suojakotelo suojaa silm\u00e4lasit tiiviisti naarmuilta. Py\u00f6ristetyill\u00e4 reunoilla varustettu avonainen ura mahdollistaa helpon p\u00e4\u00e4syn, joten voit liu'uttaa silm\u00e4lasit sis\u00e4\u00e4n ja ulos vaivattomasti. Se sopii sek\u00e4 silm\u00e4laseille ett\u00e4 aurinkolaseille, joten t\u00e4m\u00e4 kotelo on luotettava kumppani t\u00e4rkeille tarvikkeillesi.<\/p>\n<p><strong>Monipuolinen ja hillitty:<\/strong> T\u00e4m\u00e4 tyylik\u00e4s kotelo sopii kaikkiin ymp\u00e4rist\u00f6ihin, rennoista retkist\u00e4 virallisiin tapahtumiin. Kasviparkitusta t\u00e4ysnahkaisesta nahasta valmistettu kotelo est\u00e4\u00e4 silm\u00e4lasejasi liukumasta pinnoilla ja tuo p\u00e4ivitt\u00e4iseen asukokonaisuuteesi ripauksen hienostuneisuutta.<\/p>\n<p><strong>Tuotteen tekniset tiedot:<\/strong><\/p>\n<ul>\n<li><strong>Valmistetaan kokonaan k\u00e4sity\u00f6n\u00e4 perheomisteisessa Leather Art Studiossamme.<\/strong><\/li>\n<li><strong>Mitat:<\/strong> Leveys: ~80 mm, pituus: 175 mm.<\/li>\n<li><strong>V\u00e4rivaihtoehdot:<\/strong> Valitse musta, laivastonsininen, Cognac, l\u00e4mmin Cognac, tumma Cognac, tumman keltainen ja sinivihre\u00e4.<\/li>\n<li><strong>Materiaali:<\/strong> Kasviparkittu t\u00e4ysnahka, joka on parkittu Italiassa perinteisell\u00e4 toscanalaisella Vacchetta-reseptill\u00e4.<\/li>\n<li><strong>Ompelu:<\/strong> Perinteinen satulan ompelu, k\u00e4sin ommeltu.<\/li>\n<li><strong>Kierre:<\/strong> Ommeltu Tiger Ritza 25 -langalla, joka takaa kest\u00e4v\u00e4n lujuuden.<\/li>\n<\/ul>\n<p>&nbsp;<\/p>\n<p>&nbsp;<\/p>\n<p>Hakusanat: k\u00e4sintehty t\u00e4ysnahkainen pehme\u00e4 nahka silm\u00e4lasikotelo<\/p>","protected":false},"excerpt":{"rendered":"<p>T\u00e4yskarvainen nahka valmistetaan sonnin olkap\u00e4ist\u00e4 ja parkitaan kasviparkitulla Toscanan muinaisella Vacchetta-reseptill\u00e4. Sen j\u00e4lkeen se leikataan ja ommellaan k\u00e4sin yhteen korkealaatuisella vahatulla polyesterilangalla perinteisell\u00e4 satulanvalmistajan ompelutekniikalla. T\u00e4m\u00e4 ompelumenetelm\u00e4 takaa tuotteen kest\u00e4vyyden erityisesti kovassa rasituksessa. Reunat py\u00f6ristet\u00e4\u00e4n, hiotaan ja v\u00e4rj\u00e4t\u00e4\u00e4n k\u00e4sin useilla reunav\u00e4rikerroksilla. Reunamaalaus maalataan eritt\u00e4in tarkasti, jotta varmistetaan nahan jyv\u00e4n s\u00e4ilyminen.<\/p>\n<pre><\/pre>\n<p>Aniliiniviimeistellyn nahan toimittaa Mapel &amp; C, ja vetoketjullisen\/vahatun nahan toimittaa Badalassi Carlo. Molemmat nahkatehtaat k\u00e4ytt\u00e4v\u00e4t nahkojensa parkitsemiseen Toscanan vanhaa Vacchetta-resepti\u00e4, ja molemmat kuuluvat kunnioitettaviin j\u00e4rjest\u00f6ihin, Toscanan parkitusalueiden yrityksiin ja Pelle Conciata al Vegetale -konsortioon.<\/p>","protected":false},"featured_media":3174,"template":"","meta":[],"pwb-brand":[203],"product_brand":[],"product_cat":[102,100],"product_tag":[123,136,105],"woo-feed-brand":[],"class_list":{"0":"post-5136","1":"product","2":"type-product","3":"status-publish","4":"has-post-thumbnail","6":"pwb-brand-fredfloris","7":"product_cat-glasses-cases","8":"product_cat-leathergoods","9":"product_tag-full-grain-leather","10":"product_tag-handmade","11":"product_tag-made-to-order","12":"product_shipping_class-small-goods","13":"pa_leather-colour-black-mapelec-thin","14":"pa_leather-colour-petrol-waxed","15":"pa_leather-colour-cognac","16":"pa_leather-colour-dark-cognac-waxed","17":"pa_leather-colour-mustard-waxed","18":"pa_leather-colour-navy","19":"pa_leather-colour-warm-cognac","21":"first","22":"instock","23":"taxable","24":"shipping-taxable","25":"purchasable","26":"product-type-variable","27":"has-default-attributes"},"yoast_head":"<!-- This site is optimized with the Yoast SEO plugin v27.2 - https:\/\/yoast.com\/product\/yoast-seo-wordpress\/ -->\n<title>Handmade Full-Grain Leather Glasses Case | FredFloris<\/title>\n<meta name=\"description\" content=\"Handmade full-grain leather soft glass cases, made from vegetable-tanned Italian leather. Small and compact 175mmx 80mm.\" \/>\n<meta name=\"robots\" content=\"index, follow, max-snippet:-1, max-image-preview:large, max-video-preview:-1\" \/>\n<link rel=\"canonical\" href=\"https:\/\/fredfloris.eu\/fi\/productpage\/minnie-soft-glasses-cases\/?wmc-currency=EUR\" \/>\n<meta property=\"og:locale\" content=\"fi_FI\" \/>\n<meta property=\"og:type\" content=\"article\" \/>\n<meta property=\"og:title\" content=\"Handmade Full-Grain Leather Glasses Case | FredFloris\" \/>\n<meta property=\"og:description\" content=\"Handmade full-grain leather soft glass cases, made from vegetable-tanned Italian leather. Small and compact 175mmx 80mm.\" \/>\n<meta property=\"og:url\" content=\"https:\/\/fredfloris.eu\/fi\/productpage\/minnie-soft-glasses-cases\/?wmc-currency=EUR\" \/>\n<meta property=\"og:site_name\" content=\"FredFloris\" \/>\n<meta property=\"article:publisher\" content=\"https:\/\/www.facebook.com\/FredFloris.Artisan.Studio\/\" \/>\n<meta property=\"article:modified_time\" content=\"2024-07-23T18:14:09+00:00\" \/>\n<meta property=\"og:image\" content=\"https:\/\/fredfloris.eu\/wp-content\/uploads\/2022\/04\/IMG_1544-scaled.jpg\" \/>\n\t<meta property=\"og:image:width\" content=\"2560\" \/>\n\t<meta property=\"og:image:height\" content=\"1707\" \/>\n\t<meta property=\"og:image:type\" content=\"image\/jpeg\" \/>\n<meta name=\"twitter:card\" content=\"summary_large_image\" \/>\n<meta name=\"twitter:site\" content=\"@_fredfloris_\" \/>\n<meta name=\"twitter:label1\" content=\"Arvioitu lukuaika\" \/>\n\t<meta name=\"twitter:data1\" content=\"2 minuuttia\" \/>\n<script type=\"application\/ld+json\" class=\"yoast-schema-graph\">{\"@context\":\"https:\/\/schema.org\",\"@graph\":[{\"@type\":\"WebPage\",\"@id\":\"https:\/\/fredfloris.eu\/productpage\/minnie-soft-glasses-cases\/\",\"url\":\"https:\/\/fredfloris.eu\/productpage\/minnie-soft-glasses-cases\/\",\"name\":\"Handmade Full-Grain Leather Glasses Case | FredFloris\",\"isPartOf\":{\"@id\":\"https:\/\/fredfloris.eu\/#website\"},\"primaryImageOfPage\":{\"@id\":\"https:\/\/fredfloris.eu\/productpage\/minnie-soft-glasses-cases\/#primaryimage\"},\"image\":{\"@id\":\"https:\/\/fredfloris.eu\/productpage\/minnie-soft-glasses-cases\/#primaryimage\"},\"thumbnailUrl\":\"https:\/\/fredfloris.eu\/wp-content\/uploads\/2022\/04\/IMG_1544-scaled.jpg\",\"datePublished\":\"2022-05-16T14:59:00+00:00\",\"dateModified\":\"2024-07-23T18:14:09+00:00\",\"description\":\"Handmade full-grain leather soft glass cases, made from vegetable-tanned Italian leather. Small and compact 175mmx 80mm.\",\"breadcrumb\":{\"@id\":\"https:\/\/fredfloris.eu\/productpage\/minnie-soft-glasses-cases\/#breadcrumb\"},\"inLanguage\":\"fi\",\"potentialAction\":[{\"@type\":\"ReadAction\",\"target\":[\"https:\/\/fredfloris.eu\/productpage\/minnie-soft-glasses-cases\/\"]}]},{\"@type\":\"ImageObject\",\"inLanguage\":\"fi\",\"@id\":\"https:\/\/fredfloris.eu\/productpage\/minnie-soft-glasses-cases\/#primaryimage\",\"url\":\"https:\/\/fredfloris.eu\/wp-content\/uploads\/2022\/04\/IMG_1544-scaled.jpg\",\"contentUrl\":\"https:\/\/fredfloris.eu\/wp-content\/uploads\/2022\/04\/IMG_1544-scaled.jpg\",\"width\":2560,\"height\":1707,\"caption\":\"Product: Minnie - Glasses Cases, colour from left to right: Dark Yellow, Navy Blue, Cognac, Dark Cognac, Black and Blue-Green\"},{\"@type\":\"BreadcrumbList\",\"@id\":\"https:\/\/fredfloris.eu\/productpage\/minnie-soft-glasses-cases\/#breadcrumb\",\"itemListElement\":[{\"@type\":\"ListItem\",\"position\":1,\"name\":\"Home\",\"item\":\"https:\/\/fredfloris.eu\/\"},{\"@type\":\"ListItem\",\"position\":2,\"name\":\"Shop\",\"item\":\"https:\/\/fredfloris.eu\/shop\/\"},{\"@type\":\"ListItem\",\"position\":3,\"name\":\"Minnie &#8211; Glasses Cases\"}]},{\"@type\":\"WebSite\",\"@id\":\"https:\/\/fredfloris.eu\/#website\",\"url\":\"https:\/\/fredfloris.eu\/\",\"name\":\"FredFloris\",\"description\":\"Handcrafted Leathergoods - Made in Sweden\",\"publisher\":{\"@id\":\"https:\/\/fredfloris.eu\/#organization\"},\"potentialAction\":[{\"@type\":\"SearchAction\",\"target\":{\"@type\":\"EntryPoint\",\"urlTemplate\":\"https:\/\/fredfloris.eu\/?s={search_term_string}\"},\"query-input\":{\"@type\":\"PropertyValueSpecification\",\"valueRequired\":true,\"valueName\":\"search_term_string\"}}],\"inLanguage\":\"fi\"},{\"@type\":\"Organization\",\"@id\":\"https:\/\/fredfloris.eu\/#organization\",\"name\":\"FredFloris\",\"url\":\"https:\/\/fredfloris.eu\/\",\"logo\":{\"@type\":\"ImageObject\",\"inLanguage\":\"fi\",\"@id\":\"https:\/\/fredfloris.eu\/#\/schema\/logo\/image\/\",\"url\":\"https:\/\/fredfloris.eu\/wp-content\/uploads\/2022\/03\/FredFloris-med-hel-nal-och-text.png\",\"contentUrl\":\"https:\/\/fredfloris.eu\/wp-content\/uploads\/2022\/03\/FredFloris-med-hel-nal-och-text.png\",\"width\":591,\"height\":283,\"caption\":\"FredFloris\"},\"image\":{\"@id\":\"https:\/\/fredfloris.eu\/#\/schema\/logo\/image\/\"},\"sameAs\":[\"https:\/\/www.facebook.com\/FredFloris.Artisan.Studio\/\",\"https:\/\/x.com\/_fredfloris_\",\"https:\/\/www.instagram.com\/fredfloris.artisan.studio\/\"]}]}<\/script>\n<!-- \/ Yoast SEO plugin. -->","yoast_head_json":{"title":"K\u00e4sintehty t\u00e4ysnahkainen silm\u00e4lasikotelo | FredFloris","description":"K\u00e4sintehdyt t\u00e4ysnahkaiset pehme\u00e4t lasikotelot, jotka on valmistettu kasviparkitusta italialaisesta nahasta. Pieni ja kompakti 175mmx 80mm.","robots":{"index":"index","follow":"follow","max-snippet":"max-snippet:-1","max-image-preview":"max-image-preview:large","max-video-preview":"max-video-preview:-1"},"canonical":"https:\/\/fredfloris.eu\/fi\/productpage\/minnie-soft-glasses-cases\/?wmc-currency=EUR","og_locale":"fi_FI","og_type":"article","og_title":"Handmade Full-Grain Leather Glasses Case | FredFloris","og_description":"Handmade full-grain leather soft glass cases, made from vegetable-tanned Italian leather. Small and compact 175mmx 80mm.","og_url":"https:\/\/fredfloris.eu\/fi\/productpage\/minnie-soft-glasses-cases\/?wmc-currency=EUR","og_site_name":"FredFloris","article_publisher":"https:\/\/www.facebook.com\/FredFloris.Artisan.Studio\/","article_modified_time":"2024-07-23T18:14:09+00:00","og_image":[{"width":2560,"height":1707,"url":"https:\/\/fredfloris.eu\/wp-content\/uploads\/2022\/04\/IMG_1544-scaled.jpg","type":"image\/jpeg"}],"twitter_card":"summary_large_image","twitter_site":"@_fredfloris_","twitter_misc":{"Arvioitu lukuaika":"2 minuuttia"},"schema":{"@context":"https:\/\/schema.org","@graph":[{"@type":"WebPage","@id":"https:\/\/fredfloris.eu\/productpage\/minnie-soft-glasses-cases\/","url":"https:\/\/fredfloris.eu\/productpage\/minnie-soft-glasses-cases\/","name":"K\u00e4sintehty t\u00e4ysnahkainen silm\u00e4lasikotelo | FredFloris","isPartOf":{"@id":"https:\/\/fredfloris.eu\/#website"},"primaryImageOfPage":{"@id":"https:\/\/fredfloris.eu\/productpage\/minnie-soft-glasses-cases\/#primaryimage"},"image":{"@id":"https:\/\/fredfloris.eu\/productpage\/minnie-soft-glasses-cases\/#primaryimage"},"thumbnailUrl":"https:\/\/fredfloris.eu\/wp-content\/uploads\/2022\/04\/IMG_1544-scaled.jpg","datePublished":"2022-05-16T14:59:00+00:00","dateModified":"2024-07-23T18:14:09+00:00","description":"K\u00e4sintehdyt t\u00e4ysnahkaiset pehme\u00e4t lasikotelot, jotka on valmistettu kasviparkitusta italialaisesta nahasta. Pieni ja kompakti 175mmx 80mm.","breadcrumb":{"@id":"https:\/\/fredfloris.eu\/productpage\/minnie-soft-glasses-cases\/#breadcrumb"},"inLanguage":"fi","potentialAction":[{"@type":"ReadAction","target":["https:\/\/fredfloris.eu\/productpage\/minnie-soft-glasses-cases\/"]}]},{"@type":"ImageObject","inLanguage":"fi","@id":"https:\/\/fredfloris.eu\/productpage\/minnie-soft-glasses-cases\/#primaryimage","url":"https:\/\/fredfloris.eu\/wp-content\/uploads\/2022\/04\/IMG_1544-scaled.jpg","contentUrl":"https:\/\/fredfloris.eu\/wp-content\/uploads\/2022\/04\/IMG_1544-scaled.jpg","width":2560,"height":1707,"caption":"Product: Minnie - Glasses Cases, colour from left to right: Dark Yellow, Navy Blue, Cognac, Dark Cognac, Black and Blue-Green"},{"@type":"BreadcrumbList","@id":"https:\/\/fredfloris.eu\/productpage\/minnie-soft-glasses-cases\/#breadcrumb","itemListElement":[{"@type":"ListItem","position":1,"name":"Home","item":"https:\/\/fredfloris.eu\/"},{"@type":"ListItem","position":2,"name":"Shop","item":"https:\/\/fredfloris.eu\/shop\/"},{"@type":"ListItem","position":3,"name":"Minnie &#8211; Glasses Cases"}]},{"@type":"WebSite","@id":"https:\/\/fredfloris.eu\/#website","url":"https:\/\/fredfloris.eu\/","name":"FredFloris","description":"K\u00e4sintehdyt nahkatavarat - Made in Sweden","publisher":{"@id":"https:\/\/fredfloris.eu\/#organization"},"potentialAction":[{"@type":"SearchAction","target":{"@type":"EntryPoint","urlTemplate":"https:\/\/fredfloris.eu\/?s={search_term_string}"},"query-input":{"@type":"PropertyValueSpecification","valueRequired":true,"valueName":"search_term_string"}}],"inLanguage":"fi"},{"@type":"Organization","@id":"https:\/\/fredfloris.eu\/#organization","name":"FredFloris","url":"https:\/\/fredfloris.eu\/","logo":{"@type":"ImageObject","inLanguage":"fi","@id":"https:\/\/fredfloris.eu\/#\/schema\/logo\/image\/","url":"https:\/\/fredfloris.eu\/wp-content\/uploads\/2022\/03\/FredFloris-med-hel-nal-och-text.png","contentUrl":"https:\/\/fredfloris.eu\/wp-content\/uploads\/2022\/03\/FredFloris-med-hel-nal-och-text.png","width":591,"height":283,"caption":"FredFloris"},"image":{"@id":"https:\/\/fredfloris.eu\/#\/schema\/logo\/image\/"},"sameAs":["https:\/\/www.facebook.com\/FredFloris.Artisan.Studio\/","https:\/\/x.com\/_fredfloris_","https:\/\/www.instagram.com\/fredfloris.artisan.studio\/"]}]}},"brands":[{"id":203,"name":"FredFloris","slug":"fredfloris"}],"_links":{"self":[{"href":"https:\/\/fredfloris.eu\/fi\/wp-json\/wp\/v2\/product\/5136","targetHints":{"allow":["GET"]}}],"collection":[{"href":"https:\/\/fredfloris.eu\/fi\/wp-json\/wp\/v2\/product"}],"about":[{"href":"https:\/\/fredfloris.eu\/fi\/wp-json\/wp\/v2\/types\/product"}],"version-history":[{"count":15,"href":"https:\/\/fredfloris.eu\/fi\/wp-json\/wp\/v2\/product\/5136\/revisions"}],"predecessor-version":[{"id":11581,"href":"https:\/\/fredfloris.eu\/fi\/wp-json\/wp\/v2\/product\/5136\/revisions\/11581"}],"wp:featuredmedia":[{"embeddable":true,"href":"https:\/\/fredfloris.eu\/fi\/wp-json\/wp\/v2\/media\/3174"}],"wp:attachment":[{"href":"https:\/\/fredfloris.eu\/fi\/wp-json\/wp\/v2\/media?parent=5136"}],"wp:term":[{"taxonomy":"pwb-brand","embeddable":true,"href":"https:\/\/fredfloris.eu\/fi\/wp-json\/wp\/v2\/pwb-brand?post=5136"},{"taxonomy":"product_brand","embeddable":true,"href":"https:\/\/fredfloris.eu\/fi\/wp-json\/wp\/v2\/product_brand?post=5136"},{"taxonomy":"product_cat","embeddable":true,"href":"https:\/\/fredfloris.eu\/fi\/wp-json\/wp\/v2\/product_cat?post=5136"},{"taxonomy":"product_tag","embeddable":true,"href":"https:\/\/fredfloris.eu\/fi\/wp-json\/wp\/v2\/product_tag?post=5136"},{"taxonomy":"woo-feed-brand","embeddable":true,"href":"https:\/\/fredfloris.eu\/fi\/wp-json\/wp\/v2\/woo-feed-brand?post=5136"}],"curies":[{"name":"wp","href":"https:\/\/api.w.org\/{rel}","templated":true}]}}