{"id":5145,"date":"2022-05-16T17:07:29","date_gmt":"2022-05-16T15:07:29","guid":{"rendered":"https:\/\/fredfloris.eu\/?post_type=product&#038;p=5145"},"modified":"2024-06-24T21:18:02","modified_gmt":"2024-06-24T19:18:02","slug":"cg-hard-glasses-cases","status":"publish","type":"product","link":"https:\/\/fredfloris.eu\/fi\/productpage\/cg-hard-glasses-cases\/","title":{"rendered":"Carl-Gustaf - Silm\u00e4lasikotelot"},"content":{"rendered":"<p><strong>Henkil\u00f6kohtaistaminen:<\/strong> Lis\u00e4\u00e4 nimi, kuva tai viesti ilman lis\u00e4kustannuksia. Jos haluat mukauttaa oman suunnittelusi, lis\u00e4\u00e4 vain sek\u00e4 tuote ett\u00e4 valitsemasi suunnittelu koriin.<\/p>\n<p><a class=\"lumise-customize-button button alt\" href=\"https:\/\/fredfloris.eu\/fi\/productpage\/customize-carl-gustaf-hard-glasses-cases\/?wmc-currency=EUR\" name=\"customize\">Mukauta<\/a><\/p>\n<p><strong>Koe maailma itsevarmasti ja valmistautuneesti Carl-Gustaf-lasikotelon avulla.<\/strong> T\u00e4m\u00e4 kotelo on suunniteltu suojaamaan silm\u00e4laseja rikkoutumiselta ja naarmuuntumiselta, ja se takaa, ett\u00e4 ne ovat turvallisesti kovaksi karkaistun nahkarakenteen sis\u00e4ll\u00e4. T\u00e4ss\u00e4 kotelossa on kaksinkertainen niitti ja galvanoitu painike, joka on saatavana messinkisen\u00e4 tai rautaisena, ja se est\u00e4\u00e4 silm\u00e4lasejasi irtoamasta laukussasi ja suojaa niit\u00e4 arjen ja seikkailujen kovilta rasituksilta.<\/p>\n<p><strong>Tuotteen tekniset tiedot:<\/strong><\/p>\n<ul>\n<li><strong>Valmistetaan kokonaan k\u00e4sity\u00f6n\u00e4 perheomisteisessa Leather Art Studiossamme.<\/strong><\/li>\n<li><strong>Mitat:<\/strong> Leveys: ~190 mm, korkeus: ~65 mm.<\/li>\n<li><strong>Materiaali:<\/strong> Valmistettu kasviparkitusta t\u00e4ysnahasta, joka on per\u00e4isin italialaisesta\/ranskalaisesta naudannahasta.<\/li>\n<li><strong>V\u00e4ri:<\/strong> Saatavana Mahonki<\/li>\n<li><strong>Viimeistely:<\/strong> Aniliininv\u00e4rinen nahka, jossa on vaha\/hartsi selk\u00e4puoli<\/li>\n<li><strong>Ompelu:<\/strong> Perinteinen satulan ompelu, k\u00e4sin ommeltu.<\/li>\n<li><strong>Laitteisto:<\/strong> Valitse allergiayst\u00e4v\u00e4llinen massiivimessinkinen kaksoiskorkkiniitti tai ruostumattomasta ter\u00e4ksest\u00e4 valmistettu AISI 304 -laitteisto. Molemmat vaihtoehdot on nikkel\u00f6ity ja laboratoriotestattu hygieenisesti turvallisiksi.<\/li>\n<li><strong>Nappi:<\/strong> Vaihtoehtoina on sinkitty rautainen painike tai messinkinen painike.<\/li>\n<li><strong>Kierre:<\/strong> Valmistettu Tiger Ritza 25 -langasta, joka on tunnettu lujuudestaan ja kest\u00e4vyydest\u00e4\u00e4n.<\/li>\n<\/ul>\n<p>&nbsp;<\/p>\n<p>Carl-Gustaf-lasikotelo on luotettava lis\u00e4varuste, jossa yhdistyv\u00e4t tyyli ja k\u00e4yt\u00e4nn\u00f6llinen suojaus, joten se on v\u00e4ltt\u00e4m\u00e4t\u00f6n osa matkojasi.<\/p>\n<p>&nbsp;<\/p>\n<p>Hakusanat: nahka kova lasit tapauksessa<\/p>\n<p>&nbsp;<\/p>","protected":false},"excerpt":{"rendered":"<p>Valmistettu hienoimpien ranskalaisten ja italialaisten naudannahkojen olkap\u00e4ist\u00e4, t\u00e4yskuvioinen nahka on kasviparkittu italialaisessa nahkatehtaassa LA RUOTA S.r.l. Cuoi &amp; Pellami. Nahka viimeistell\u00e4\u00e4n vaha\/hartsi-takak\u00e4sittelyll\u00e4, joka on varattu vain korkealaatuisimmalle nahalle.<\/p>\n<pre><\/pre>\n<p>K\u00e4sity\u00f6prosessin aikana nahka leikataan, ja ompelulinja hahmotetaan ja l\u00e4vistet\u00e4\u00e4n sitten ompelukoneella. Reunat py\u00f6ristet\u00e4\u00e4n, hiotaan, v\u00e4rj\u00e4t\u00e4\u00e4n useilla reunav\u00e4rikerroksilla ja kiillotetaan. Reunamaalaus tehd\u00e4\u00e4n eritt\u00e4in tarkasti, jotta varmistetaan nahan v\u00e4rin s\u00e4ilyminen. Kotelo ommellaan yhteen perinteisell\u00e4 satulantekij\u00e4n ompelutekniikalla. T\u00e4m\u00e4 ompelumenetelm\u00e4 takaa kotelon kest\u00e4vyyden erityisesti kovassa rasituksessa.<\/p>","protected":false},"featured_media":3187,"template":"","meta":[],"pwb-brand":[203],"product_brand":[],"product_cat":[102,100],"product_tag":[123,136,105],"woo-feed-brand":[],"class_list":{"0":"post-5145","1":"product","2":"type-product","3":"status-publish","4":"has-post-thumbnail","6":"pwb-brand-fredfloris","7":"product_cat-glasses-cases","8":"product_cat-leathergoods","9":"product_tag-full-grain-leather","10":"product_tag-handmade","11":"product_tag-made-to-order","12":"product_shipping_class-midsized-goods","13":"pa_leather-colour-mahogany","15":"first","16":"instock","17":"taxable","18":"shipping-taxable","19":"purchasable","20":"product-type-variable","21":"has-default-attributes"},"yoast_head":"<!-- This site is optimized with the Yoast SEO plugin v27.2 - https:\/\/yoast.com\/product\/yoast-seo-wordpress\/ -->\n<title>Handmade Full-Grain European Leather Glasses Case | FredFloris<\/title>\n<meta name=\"description\" content=\"The Italian full-grain hard leather glasses case is handmade in Sweden. Featuring a large interior and snap closure for all different specs.\" \/>\n<meta name=\"robots\" content=\"index, follow, max-snippet:-1, max-image-preview:large, max-video-preview:-1\" \/>\n<link rel=\"canonical\" href=\"https:\/\/fredfloris.eu\/fi\/productpage\/cg-hard-glasses-cases\/?wmc-currency=EUR\" \/>\n<meta property=\"og:locale\" content=\"fi_FI\" \/>\n<meta property=\"og:type\" content=\"article\" \/>\n<meta property=\"og:title\" content=\"Handmade Full-Grain European Leather Glasses Case | FredFloris\" \/>\n<meta property=\"og:description\" content=\"The Italian full-grain hard leather glasses case is handmade in Sweden. Featuring a large interior and snap closure for all different specs.\" \/>\n<meta property=\"og:url\" content=\"https:\/\/fredfloris.eu\/fi\/productpage\/cg-hard-glasses-cases\/?wmc-currency=EUR\" \/>\n<meta property=\"og:site_name\" content=\"FredFloris\" \/>\n<meta property=\"article:publisher\" content=\"https:\/\/www.facebook.com\/FredFloris.Artisan.Studio\/\" \/>\n<meta property=\"article:modified_time\" content=\"2024-06-24T19:18:02+00:00\" \/>\n<meta property=\"og:image\" content=\"https:\/\/fredfloris.eu\/wp-content\/uploads\/2022\/04\/IMG_0275-scaled.jpg\" \/>\n\t<meta property=\"og:image:width\" content=\"2560\" \/>\n\t<meta property=\"og:image:height\" content=\"1707\" \/>\n\t<meta property=\"og:image:type\" content=\"image\/jpeg\" \/>\n<meta name=\"twitter:card\" content=\"summary_large_image\" \/>\n<meta name=\"twitter:site\" content=\"@_fredfloris_\" \/>\n<meta name=\"twitter:label1\" content=\"Arvioitu lukuaika\" \/>\n\t<meta name=\"twitter:data1\" content=\"2 minuuttia\" \/>\n<script type=\"application\/ld+json\" class=\"yoast-schema-graph\">{\"@context\":\"https:\/\/schema.org\",\"@graph\":[{\"@type\":\"WebPage\",\"@id\":\"https:\/\/fredfloris.eu\/productpage\/cg-hard-glasses-cases\/\",\"url\":\"https:\/\/fredfloris.eu\/productpage\/cg-hard-glasses-cases\/\",\"name\":\"Handmade Full-Grain European Leather Glasses Case | FredFloris\",\"isPartOf\":{\"@id\":\"https:\/\/fredfloris.eu\/#website\"},\"primaryImageOfPage\":{\"@id\":\"https:\/\/fredfloris.eu\/productpage\/cg-hard-glasses-cases\/#primaryimage\"},\"image\":{\"@id\":\"https:\/\/fredfloris.eu\/productpage\/cg-hard-glasses-cases\/#primaryimage\"},\"thumbnailUrl\":\"https:\/\/fredfloris.eu\/wp-content\/uploads\/2022\/04\/IMG_0275-scaled.jpg\",\"datePublished\":\"2022-05-16T15:07:29+00:00\",\"dateModified\":\"2024-06-24T19:18:02+00:00\",\"description\":\"The Italian full-grain hard leather glasses case is handmade in Sweden. Featuring a large interior and snap closure for all different specs.\",\"breadcrumb\":{\"@id\":\"https:\/\/fredfloris.eu\/productpage\/cg-hard-glasses-cases\/#breadcrumb\"},\"inLanguage\":\"fi\",\"potentialAction\":[{\"@type\":\"ReadAction\",\"target\":[\"https:\/\/fredfloris.eu\/productpage\/cg-hard-glasses-cases\/\"]}]},{\"@type\":\"ImageObject\",\"inLanguage\":\"fi\",\"@id\":\"https:\/\/fredfloris.eu\/productpage\/cg-hard-glasses-cases\/#primaryimage\",\"url\":\"https:\/\/fredfloris.eu\/wp-content\/uploads\/2022\/04\/IMG_0275-scaled.jpg\",\"contentUrl\":\"https:\/\/fredfloris.eu\/wp-content\/uploads\/2022\/04\/IMG_0275-scaled.jpg\",\"width\":2560,\"height\":1707,\"caption\":\"Product: Carl-Gustaf - Hard Glasses Cases, Colour: Mahogany, Thread Colour: Black, Button: Galvanised Brass\"},{\"@type\":\"BreadcrumbList\",\"@id\":\"https:\/\/fredfloris.eu\/productpage\/cg-hard-glasses-cases\/#breadcrumb\",\"itemListElement\":[{\"@type\":\"ListItem\",\"position\":1,\"name\":\"Home\",\"item\":\"https:\/\/fredfloris.eu\/\"},{\"@type\":\"ListItem\",\"position\":2,\"name\":\"Shop\",\"item\":\"https:\/\/fredfloris.eu\/shop\/\"},{\"@type\":\"ListItem\",\"position\":3,\"name\":\"Carl-Gustaf &#8211; Glasses Cases\"}]},{\"@type\":\"WebSite\",\"@id\":\"https:\/\/fredfloris.eu\/#website\",\"url\":\"https:\/\/fredfloris.eu\/\",\"name\":\"FredFloris\",\"description\":\"Handcrafted Leathergoods - Made in Sweden\",\"publisher\":{\"@id\":\"https:\/\/fredfloris.eu\/#organization\"},\"potentialAction\":[{\"@type\":\"SearchAction\",\"target\":{\"@type\":\"EntryPoint\",\"urlTemplate\":\"https:\/\/fredfloris.eu\/?s={search_term_string}\"},\"query-input\":{\"@type\":\"PropertyValueSpecification\",\"valueRequired\":true,\"valueName\":\"search_term_string\"}}],\"inLanguage\":\"fi\"},{\"@type\":\"Organization\",\"@id\":\"https:\/\/fredfloris.eu\/#organization\",\"name\":\"FredFloris\",\"url\":\"https:\/\/fredfloris.eu\/\",\"logo\":{\"@type\":\"ImageObject\",\"inLanguage\":\"fi\",\"@id\":\"https:\/\/fredfloris.eu\/#\/schema\/logo\/image\/\",\"url\":\"https:\/\/fredfloris.eu\/wp-content\/uploads\/2022\/03\/FredFloris-med-hel-nal-och-text.png\",\"contentUrl\":\"https:\/\/fredfloris.eu\/wp-content\/uploads\/2022\/03\/FredFloris-med-hel-nal-och-text.png\",\"width\":591,\"height\":283,\"caption\":\"FredFloris\"},\"image\":{\"@id\":\"https:\/\/fredfloris.eu\/#\/schema\/logo\/image\/\"},\"sameAs\":[\"https:\/\/www.facebook.com\/FredFloris.Artisan.Studio\/\",\"https:\/\/x.com\/_fredfloris_\",\"https:\/\/www.instagram.com\/fredfloris.artisan.studio\/\"]}]}<\/script>\n<!-- \/ Yoast SEO plugin. -->","yoast_head_json":{"title":"K\u00e4sintehty t\u00e4ysnahkainen eurooppalainen nahkainen silm\u00e4lasikotelo | FredFloris","description":"Italialaisesta t\u00e4ysnahkaisesta kovasta nahasta valmistettu silm\u00e4lasikotelo on valmistettu k\u00e4sity\u00f6n\u00e4 Ruotsissa. Siin\u00e4 on suuri sis\u00e4tila ja nepparikiinnitys kaikille erilaisille silm\u00e4laseille.","robots":{"index":"index","follow":"follow","max-snippet":"max-snippet:-1","max-image-preview":"max-image-preview:large","max-video-preview":"max-video-preview:-1"},"canonical":"https:\/\/fredfloris.eu\/fi\/productpage\/cg-hard-glasses-cases\/?wmc-currency=EUR","og_locale":"fi_FI","og_type":"article","og_title":"Handmade Full-Grain European Leather Glasses Case | FredFloris","og_description":"The Italian full-grain hard leather glasses case is handmade in Sweden. Featuring a large interior and snap closure for all different specs.","og_url":"https:\/\/fredfloris.eu\/fi\/productpage\/cg-hard-glasses-cases\/?wmc-currency=EUR","og_site_name":"FredFloris","article_publisher":"https:\/\/www.facebook.com\/FredFloris.Artisan.Studio\/","article_modified_time":"2024-06-24T19:18:02+00:00","og_image":[{"width":2560,"height":1707,"url":"https:\/\/fredfloris.eu\/wp-content\/uploads\/2022\/04\/IMG_0275-scaled.jpg","type":"image\/jpeg"}],"twitter_card":"summary_large_image","twitter_site":"@_fredfloris_","twitter_misc":{"Arvioitu lukuaika":"2 minuuttia"},"schema":{"@context":"https:\/\/schema.org","@graph":[{"@type":"WebPage","@id":"https:\/\/fredfloris.eu\/productpage\/cg-hard-glasses-cases\/","url":"https:\/\/fredfloris.eu\/productpage\/cg-hard-glasses-cases\/","name":"K\u00e4sintehty t\u00e4ysnahkainen eurooppalainen nahkainen silm\u00e4lasikotelo | FredFloris","isPartOf":{"@id":"https:\/\/fredfloris.eu\/#website"},"primaryImageOfPage":{"@id":"https:\/\/fredfloris.eu\/productpage\/cg-hard-glasses-cases\/#primaryimage"},"image":{"@id":"https:\/\/fredfloris.eu\/productpage\/cg-hard-glasses-cases\/#primaryimage"},"thumbnailUrl":"https:\/\/fredfloris.eu\/wp-content\/uploads\/2022\/04\/IMG_0275-scaled.jpg","datePublished":"2022-05-16T15:07:29+00:00","dateModified":"2024-06-24T19:18:02+00:00","description":"Italialaisesta t\u00e4ysnahkaisesta kovasta nahasta valmistettu silm\u00e4lasikotelo on valmistettu k\u00e4sity\u00f6n\u00e4 Ruotsissa. Siin\u00e4 on suuri sis\u00e4tila ja nepparikiinnitys kaikille erilaisille silm\u00e4laseille.","breadcrumb":{"@id":"https:\/\/fredfloris.eu\/productpage\/cg-hard-glasses-cases\/#breadcrumb"},"inLanguage":"fi","potentialAction":[{"@type":"ReadAction","target":["https:\/\/fredfloris.eu\/productpage\/cg-hard-glasses-cases\/"]}]},{"@type":"ImageObject","inLanguage":"fi","@id":"https:\/\/fredfloris.eu\/productpage\/cg-hard-glasses-cases\/#primaryimage","url":"https:\/\/fredfloris.eu\/wp-content\/uploads\/2022\/04\/IMG_0275-scaled.jpg","contentUrl":"https:\/\/fredfloris.eu\/wp-content\/uploads\/2022\/04\/IMG_0275-scaled.jpg","width":2560,"height":1707,"caption":"Product: Carl-Gustaf - Hard Glasses Cases, Colour: Mahogany, Thread Colour: Black, Button: Galvanised Brass"},{"@type":"BreadcrumbList","@id":"https:\/\/fredfloris.eu\/productpage\/cg-hard-glasses-cases\/#breadcrumb","itemListElement":[{"@type":"ListItem","position":1,"name":"Home","item":"https:\/\/fredfloris.eu\/"},{"@type":"ListItem","position":2,"name":"Shop","item":"https:\/\/fredfloris.eu\/shop\/"},{"@type":"ListItem","position":3,"name":"Carl-Gustaf &#8211; Glasses Cases"}]},{"@type":"WebSite","@id":"https:\/\/fredfloris.eu\/#website","url":"https:\/\/fredfloris.eu\/","name":"FredFloris","description":"K\u00e4sintehdyt nahkatavarat - Made in Sweden","publisher":{"@id":"https:\/\/fredfloris.eu\/#organization"},"potentialAction":[{"@type":"SearchAction","target":{"@type":"EntryPoint","urlTemplate":"https:\/\/fredfloris.eu\/?s={search_term_string}"},"query-input":{"@type":"PropertyValueSpecification","valueRequired":true,"valueName":"search_term_string"}}],"inLanguage":"fi"},{"@type":"Organization","@id":"https:\/\/fredfloris.eu\/#organization","name":"FredFloris","url":"https:\/\/fredfloris.eu\/","logo":{"@type":"ImageObject","inLanguage":"fi","@id":"https:\/\/fredfloris.eu\/#\/schema\/logo\/image\/","url":"https:\/\/fredfloris.eu\/wp-content\/uploads\/2022\/03\/FredFloris-med-hel-nal-och-text.png","contentUrl":"https:\/\/fredfloris.eu\/wp-content\/uploads\/2022\/03\/FredFloris-med-hel-nal-och-text.png","width":591,"height":283,"caption":"FredFloris"},"image":{"@id":"https:\/\/fredfloris.eu\/#\/schema\/logo\/image\/"},"sameAs":["https:\/\/www.facebook.com\/FredFloris.Artisan.Studio\/","https:\/\/x.com\/_fredfloris_","https:\/\/www.instagram.com\/fredfloris.artisan.studio\/"]}]}},"brands":[{"id":203,"name":"FredFloris","slug":"fredfloris"}],"_links":{"self":[{"href":"https:\/\/fredfloris.eu\/fi\/wp-json\/wp\/v2\/product\/5145","targetHints":{"allow":["GET"]}}],"collection":[{"href":"https:\/\/fredfloris.eu\/fi\/wp-json\/wp\/v2\/product"}],"about":[{"href":"https:\/\/fredfloris.eu\/fi\/wp-json\/wp\/v2\/types\/product"}],"version-history":[{"count":11,"href":"https:\/\/fredfloris.eu\/fi\/wp-json\/wp\/v2\/product\/5145\/revisions"}],"predecessor-version":[{"id":11547,"href":"https:\/\/fredfloris.eu\/fi\/wp-json\/wp\/v2\/product\/5145\/revisions\/11547"}],"wp:featuredmedia":[{"embeddable":true,"href":"https:\/\/fredfloris.eu\/fi\/wp-json\/wp\/v2\/media\/3187"}],"wp:attachment":[{"href":"https:\/\/fredfloris.eu\/fi\/wp-json\/wp\/v2\/media?parent=5145"}],"wp:term":[{"taxonomy":"pwb-brand","embeddable":true,"href":"https:\/\/fredfloris.eu\/fi\/wp-json\/wp\/v2\/pwb-brand?post=5145"},{"taxonomy":"product_brand","embeddable":true,"href":"https:\/\/fredfloris.eu\/fi\/wp-json\/wp\/v2\/product_brand?post=5145"},{"taxonomy":"product_cat","embeddable":true,"href":"https:\/\/fredfloris.eu\/fi\/wp-json\/wp\/v2\/product_cat?post=5145"},{"taxonomy":"product_tag","embeddable":true,"href":"https:\/\/fredfloris.eu\/fi\/wp-json\/wp\/v2\/product_tag?post=5145"},{"taxonomy":"woo-feed-brand","embeddable":true,"href":"https:\/\/fredfloris.eu\/fi\/wp-json\/wp\/v2\/woo-feed-brand?post=5145"}],"curies":[{"name":"wp","href":"https:\/\/api.w.org\/{rel}","templated":true}]}}