{"id":5148,"date":"2022-05-16T17:20:21","date_gmt":"2022-05-16T15:20:21","guid":{"rendered":"https:\/\/fredfloris.eu\/?post_type=product&#038;p=5148"},"modified":"2024-06-24T21:20:00","modified_gmt":"2024-06-24T19:20:00","slug":"a5-daybook","status":"publish","type":"product","link":"https:\/\/fredfloris.eu\/fi\/productpage\/a5-daybook\/","title":{"rendered":"Dickens, Shelley tai Keats - A5 nahkaiset p\u00e4iv\u00e4kirjakannet"},"content":{"rendered":"<p><strong>Henkil\u00f6kohtaistaminen:<\/strong> Lis\u00e4\u00e4 nimi tai viesti ilman lis\u00e4kustannuksia. Jos haluat mukauttaa oman suunnittelusi, lis\u00e4\u00e4 vain sek\u00e4 tuote ett\u00e4 valitsemasi suunnittelu koriisi.<\/p>\n<p><a class=\"lumise-customize-button button alt\" href=\"https:\/\/fredfloris.eu\/fi\/productpage\/customize-dickens-shelley-or-keats-a5-journals\/?wmc-currency=EUR\" name=\"customize\">Mukauta<\/a><\/p>\n<p><strong>Paranna ammattimaista imagoasi nahkaisella p\u00e4iv\u00e4kirjan kannella.<\/strong> T\u00e4m\u00e4 p\u00e4iv\u00e4kirjan kansi on suunniteltu tekem\u00e4\u00e4n oikea ensivaikutelma, ja se takaa, ett\u00e4 olet aina valmiina. Olipa kyse kiireellisist\u00e4 kokouksista, satunnaisista tapaamisista tai odottamattomista inspiraation hetkist\u00e4, kyn\u00e4n ja paperin pit\u00e4minen k\u00e4den ulottuvilla on korvaamatonta. Kirjoittaminen kyn\u00e4ll\u00e4 ja paperilla tuntuu vapautuneelta, mutta se my\u00f6s yksinkertaistaa ajatusten tallentamista ja vastaa t\u00e4ydellisesti henkil\u00f6kohtaisia mieltymyksi\u00e4.<\/p>\n<p><strong>Optimaalinen koko ja varastointi:<\/strong> T\u00e4m\u00e4 A5-muistiinpanovihkon kansi on suunniteltu sopimaan A5-muistiinpanovihkoon, ja se on t\u00e4ydellisen kokoinen kannettavaksi mukanasi. Siin\u00e4 on yksi suuri tasku kannen takana ja kaksi pienemp\u00e4\u00e4 taskua sis\u00e4puolella, jotka ovat ihanteellisia suosikkikyniesi s\u00e4ilytt\u00e4miseen ja takaavat, ett\u00e4 se on aina k\u00e4den ulottuvilla.<\/p>\n<p>Jokaisen nahkaisen p\u00e4iv\u00e4kirjan mukana tulee ilmaiseksi yksi jokaisesta meid\u00e4n <a href=\"https:\/\/fredfloris.eu\/fi\/productpage\/notebooks-journals\/?wmc-currency=EUR\">Pohjoismainen Joutsen ja Easy on The Planet -ymp\u00e4rist\u00f6merkin muistikirjat<\/a>.<\/p>\n<p><strong>Tuotteen tekniset tiedot:<\/strong><\/p>\n<ul>\n<li><strong>Valmistetaan kokonaan k\u00e4sity\u00f6n\u00e4 perheomisteisessa Leather Art Studiossamme.<\/strong><\/li>\n<li><strong>Materiaalit:<\/strong> Hy\u00f6dynt\u00e4\u00e4 kolmea erilaista nahkatyyppi\u00e4, joista kukin on valittu oikean tuntuiseksi ja joustavaksi p\u00e4iv\u00e4kirjan tiettyihin osioihin.<\/li>\n<li><strong>V\u00e4rivaihtoehdot:<\/strong>\n<ul>\n<li><strong>Ulkopuoli:<\/strong> Saatavana mustana<\/li>\n<li><strong>L\u00e4pp\u00e4 ja pienempi sis\u00e4tasku:<\/strong> Valitse seuraavista vaihtoehdoista: Tumma Cognac, Tummankeltainen, Sinivihre\u00e4.<\/li>\n<\/ul>\n<\/li>\n<li><strong>Mitat:<\/strong> Leveys taitettuna: 170 mm, korkeus: 235 mm<\/li>\n<li><strong>Broguing:<\/strong> K\u00e4sin rei'itetyt broguing-yksityiskohdat lis\u00e4\u00e4v\u00e4t muotoiluun hohtoa ja m\u00e4\u00e4ritelm\u00e4\u00e4.<\/li>\n<li><strong>Ompelu<\/strong>: Perinteinen satulan ompelu, k\u00e4sin ommeltu.<\/li>\n<li><strong>Ominaisuudet:<\/strong> T\u00e4m\u00e4 p\u00e4iv\u00e4kirja on uudelleent\u00e4ytett\u00e4v\u00e4, joten se on kest\u00e4v\u00e4 lis\u00e4varuste.<\/li>\n<li><strong>Kierre:<\/strong> Valmistettu Tiger Ritza 25 -langasta, joka on tunnettu lujuudestaan ja kest\u00e4vyydest\u00e4\u00e4n.<\/li>\n<\/ul>\n<p>&nbsp;<\/p>\n<p>Hakusanat: nahkainen p\u00e4iv\u00e4kirja, nahkainen p\u00e4iv\u00e4kirjan kansi<\/p>","protected":false},"excerpt":{"rendered":"<p>Valmistettu kolmesta erilaisesta nahasta, p\u00e4iv\u00e4kirjamme ulkopintaan k\u00e4yt\u00e4mme kasviparkittua t\u00e4ysjyv\u00e4ist\u00e4 nahkaa sonnin olkap\u00e4ist\u00e4, paksuus on noin 3,5 mm, mutta sill\u00e4 ei kuitenkaan ole vankkaa luonnetta, mik\u00e4 tekee siit\u00e4 eritt\u00e4in hienon vaihtoehdon p\u00e4iv\u00e4kirjan tekemiseen.<\/p>\n<pre><\/pre>\n<p>Toinen nahka, jota k\u00e4ytimme, on suurempi sis\u00e4tasku. K\u00e4ytimme 2 mm paksuista nahkaa, joka on mukavampaa ja pehme\u00e4\u00e4 karkaistua, mik\u00e4 mahdollistaa joustavuuden kohteiden asettamisessa. Lopuksi pienemm\u00e4t sis\u00e4taskut ja l\u00e4pp\u00e4 luotiin k\u00e4ytt\u00e4m\u00e4ll\u00e4 1,8 mm vahattua nahkaa, mik\u00e4 antaa koko sisustalle mukavan kiilt\u00e4v\u00e4n ulkon\u00e4\u00f6n. L\u00e4p\u00e4n broguing-yksityiskohdat on tehty k\u00e4sin rei'itetyll\u00e4 tikkauksella.<\/p>\n<pre><\/pre>\n<p>T\u00e4m\u00e4n k\u00e4sintehdyn nahkaisen p\u00e4iv\u00e4kirjan kaikki reunat on py\u00f6ristetty, hiottu ja maalattu eritt\u00e4in tarkasti, jotta varmistetaan t\u00e4ysnahan s\u00e4ilyvyys, ja ne on viimeistelty messinkisill\u00e4 ter\u00e4ksisill\u00e4 kulmasuojilla. Nahkainen p\u00e4iv\u00e4kirja on viimeistelty joustavalla hihnalla, joka sitoo t\u00e4m\u00e4n hyvin valmistetun p\u00e4iv\u00e4kirjan t\u00e4ydellisesti yhteen.<\/p>\n<pre><\/pre>\n<p>Aniliiniviimeistellyn nahan toimittaa Mapel &amp; C, ja vetoketjullisen\/vahatun nahan toimittaa Badalassi Carlo. Molemmat nahkatehtaat k\u00e4ytt\u00e4v\u00e4t nahkojensa parkitsemiseen Toscanan vanhaa Vacchetta-resepti\u00e4, ja molemmat kuuluvat kunnioitettaviin j\u00e4rjest\u00f6ihin, Toscanan parkitusalueiden yrityksiin ja Pelle Conciata al Vegetale -konsortioon.<\/p>","protected":false},"featured_media":10226,"template":"","meta":[],"pwb-brand":[203],"product_brand":[],"product_cat":[110,100],"product_tag":[123,136,105],"woo-feed-brand":[],"class_list":{"0":"post-5148","1":"product","2":"type-product","3":"status-publish","4":"has-post-thumbnail","6":"pwb-brand-fredfloris","7":"product_cat-journals","8":"product_cat-leathergoods","9":"product_tag-full-grain-leather","10":"product_tag-handmade","11":"product_tag-made-to-order","12":"product_shipping_class-large-goods","13":"pa_leather-colour-petrol-waxed","14":"pa_leather-colour-dark-cognac-waxed","15":"pa_leather-colour-mustard-waxed","16":"pa_primary-leather-colour-black-mapelec-thick2","18":"first","19":"instock","20":"taxable","21":"shipping-taxable","22":"purchasable","23":"product-type-variable","24":"has-default-attributes"},"yoast_head":"<!-- This site is optimized with the Yoast SEO plugin v27.2 - https:\/\/yoast.com\/product\/yoast-seo-wordpress\/ -->\n<title>Personalized Refillable Leather daybook| FredFloris<\/title>\n<meta name=\"description\" content=\"Experience a luxury handmade leather daybook. Made using the finest Italian vegetable-tanned full-grain leather. Refillable leather daybook\" \/>\n<meta name=\"robots\" content=\"index, follow, max-snippet:-1, max-image-preview:large, max-video-preview:-1\" \/>\n<link rel=\"canonical\" href=\"https:\/\/fredfloris.eu\/fi\/productpage\/a5-daybook\/?wmc-currency=EUR\" \/>\n<meta property=\"og:locale\" content=\"fi_FI\" \/>\n<meta property=\"og:type\" content=\"article\" \/>\n<meta property=\"og:title\" content=\"Personalized Refillable Leather daybook| FredFloris\" \/>\n<meta property=\"og:description\" content=\"Experience a luxury handmade leather daybook. Made using the finest Italian vegetable-tanned full-grain leather. Refillable leather daybook\" \/>\n<meta property=\"og:url\" content=\"https:\/\/fredfloris.eu\/fi\/productpage\/a5-daybook\/?wmc-currency=EUR\" \/>\n<meta property=\"og:site_name\" content=\"FredFloris\" \/>\n<meta property=\"article:publisher\" content=\"https:\/\/www.facebook.com\/FredFloris.Artisan.Studio\/\" \/>\n<meta property=\"article:modified_time\" content=\"2024-06-24T19:20:00+00:00\" \/>\n<meta property=\"og:image\" content=\"https:\/\/fredfloris.eu\/wp-content\/uploads\/2022\/11\/IMG_3892-scaled.jpg\" \/>\n\t<meta property=\"og:image:width\" content=\"2560\" \/>\n\t<meta property=\"og:image:height\" content=\"1707\" \/>\n\t<meta property=\"og:image:type\" content=\"image\/jpeg\" \/>\n<meta name=\"twitter:card\" content=\"summary_large_image\" \/>\n<meta name=\"twitter:site\" content=\"@_fredfloris_\" \/>\n<meta name=\"twitter:label1\" content=\"Arvioitu lukuaika\" \/>\n\t<meta name=\"twitter:data1\" content=\"2 minuuttia\" \/>\n<script type=\"application\/ld+json\" class=\"yoast-schema-graph\">{\"@context\":\"https:\/\/schema.org\",\"@graph\":[{\"@type\":\"WebPage\",\"@id\":\"https:\/\/fredfloris.eu\/productpage\/a5-daybook\/\",\"url\":\"https:\/\/fredfloris.eu\/productpage\/a5-daybook\/\",\"name\":\"Personalized Refillable Leather daybook| FredFloris\",\"isPartOf\":{\"@id\":\"https:\/\/fredfloris.eu\/#website\"},\"primaryImageOfPage\":{\"@id\":\"https:\/\/fredfloris.eu\/productpage\/a5-daybook\/#primaryimage\"},\"image\":{\"@id\":\"https:\/\/fredfloris.eu\/productpage\/a5-daybook\/#primaryimage\"},\"thumbnailUrl\":\"https:\/\/fredfloris.eu\/wp-content\/uploads\/2022\/11\/IMG_3892-scaled.jpg\",\"datePublished\":\"2022-05-16T15:20:21+00:00\",\"dateModified\":\"2024-06-24T19:20:00+00:00\",\"description\":\"Experience a luxury handmade leather daybook. Made using the finest Italian vegetable-tanned full-grain leather. Refillable leather daybook\",\"breadcrumb\":{\"@id\":\"https:\/\/fredfloris.eu\/productpage\/a5-daybook\/#breadcrumb\"},\"inLanguage\":\"fi\",\"potentialAction\":[{\"@type\":\"ReadAction\",\"target\":[\"https:\/\/fredfloris.eu\/productpage\/a5-daybook\/\"]}]},{\"@type\":\"ImageObject\",\"inLanguage\":\"fi\",\"@id\":\"https:\/\/fredfloris.eu\/productpage\/a5-daybook\/#primaryimage\",\"url\":\"https:\/\/fredfloris.eu\/wp-content\/uploads\/2022\/11\/IMG_3892-scaled.jpg\",\"contentUrl\":\"https:\/\/fredfloris.eu\/wp-content\/uploads\/2022\/11\/IMG_3892-scaled.jpg\",\"width\":2560,\"height\":1707,\"caption\":\"Product: Dickens, Shelley or Keats - A5 Journals, Interior, Colour: Black, Dark Cognac, Corner Protectors: Solid Brass\"},{\"@type\":\"BreadcrumbList\",\"@id\":\"https:\/\/fredfloris.eu\/productpage\/a5-daybook\/#breadcrumb\",\"itemListElement\":[{\"@type\":\"ListItem\",\"position\":1,\"name\":\"Home\",\"item\":\"https:\/\/fredfloris.eu\/\"},{\"@type\":\"ListItem\",\"position\":2,\"name\":\"Shop\",\"item\":\"https:\/\/fredfloris.eu\/shop\/\"},{\"@type\":\"ListItem\",\"position\":3,\"name\":\"Dickens, Shelley or Keats &#8211; A5 Leather Daybook Covers\"}]},{\"@type\":\"WebSite\",\"@id\":\"https:\/\/fredfloris.eu\/#website\",\"url\":\"https:\/\/fredfloris.eu\/\",\"name\":\"FredFloris\",\"description\":\"Handcrafted Leathergoods - Made in Sweden\",\"publisher\":{\"@id\":\"https:\/\/fredfloris.eu\/#organization\"},\"potentialAction\":[{\"@type\":\"SearchAction\",\"target\":{\"@type\":\"EntryPoint\",\"urlTemplate\":\"https:\/\/fredfloris.eu\/?s={search_term_string}\"},\"query-input\":{\"@type\":\"PropertyValueSpecification\",\"valueRequired\":true,\"valueName\":\"search_term_string\"}}],\"inLanguage\":\"fi\"},{\"@type\":\"Organization\",\"@id\":\"https:\/\/fredfloris.eu\/#organization\",\"name\":\"FredFloris\",\"url\":\"https:\/\/fredfloris.eu\/\",\"logo\":{\"@type\":\"ImageObject\",\"inLanguage\":\"fi\",\"@id\":\"https:\/\/fredfloris.eu\/#\/schema\/logo\/image\/\",\"url\":\"https:\/\/fredfloris.eu\/wp-content\/uploads\/2022\/03\/FredFloris-med-hel-nal-och-text.png\",\"contentUrl\":\"https:\/\/fredfloris.eu\/wp-content\/uploads\/2022\/03\/FredFloris-med-hel-nal-och-text.png\",\"width\":591,\"height\":283,\"caption\":\"FredFloris\"},\"image\":{\"@id\":\"https:\/\/fredfloris.eu\/#\/schema\/logo\/image\/\"},\"sameAs\":[\"https:\/\/www.facebook.com\/FredFloris.Artisan.Studio\/\",\"https:\/\/x.com\/_fredfloris_\",\"https:\/\/www.instagram.com\/fredfloris.artisan.studio\/\"]}]}<\/script>\n<!-- \/ Yoast SEO plugin. -->","yoast_head_json":{"title":"Henkil\u00f6kohtainen uudelleent\u00e4ytett\u00e4v\u00e4 nahkainen p\u00e4iv\u00e4kirja| FredFloris","description":"Koe ylellinen k\u00e4sintehty nahkainen p\u00e4iv\u00e4kirja. Valmistettu hienoimmasta italialaisesta kasviparkitusta t\u00e4ysnahasta. Uudelleent\u00e4ytett\u00e4v\u00e4 nahkainen p\u00e4iv\u00e4kirja","robots":{"index":"index","follow":"follow","max-snippet":"max-snippet:-1","max-image-preview":"max-image-preview:large","max-video-preview":"max-video-preview:-1"},"canonical":"https:\/\/fredfloris.eu\/fi\/productpage\/a5-daybook\/?wmc-currency=EUR","og_locale":"fi_FI","og_type":"article","og_title":"Personalized Refillable Leather daybook| FredFloris","og_description":"Experience a luxury handmade leather daybook. Made using the finest Italian vegetable-tanned full-grain leather. Refillable leather daybook","og_url":"https:\/\/fredfloris.eu\/fi\/productpage\/a5-daybook\/?wmc-currency=EUR","og_site_name":"FredFloris","article_publisher":"https:\/\/www.facebook.com\/FredFloris.Artisan.Studio\/","article_modified_time":"2024-06-24T19:20:00+00:00","og_image":[{"width":2560,"height":1707,"url":"https:\/\/fredfloris.eu\/wp-content\/uploads\/2022\/11\/IMG_3892-scaled.jpg","type":"image\/jpeg"}],"twitter_card":"summary_large_image","twitter_site":"@_fredfloris_","twitter_misc":{"Arvioitu lukuaika":"2 minuuttia"},"schema":{"@context":"https:\/\/schema.org","@graph":[{"@type":"WebPage","@id":"https:\/\/fredfloris.eu\/productpage\/a5-daybook\/","url":"https:\/\/fredfloris.eu\/productpage\/a5-daybook\/","name":"Henkil\u00f6kohtainen uudelleent\u00e4ytett\u00e4v\u00e4 nahkainen p\u00e4iv\u00e4kirja| FredFloris","isPartOf":{"@id":"https:\/\/fredfloris.eu\/#website"},"primaryImageOfPage":{"@id":"https:\/\/fredfloris.eu\/productpage\/a5-daybook\/#primaryimage"},"image":{"@id":"https:\/\/fredfloris.eu\/productpage\/a5-daybook\/#primaryimage"},"thumbnailUrl":"https:\/\/fredfloris.eu\/wp-content\/uploads\/2022\/11\/IMG_3892-scaled.jpg","datePublished":"2022-05-16T15:20:21+00:00","dateModified":"2024-06-24T19:20:00+00:00","description":"Koe ylellinen k\u00e4sintehty nahkainen p\u00e4iv\u00e4kirja. Valmistettu hienoimmasta italialaisesta kasviparkitusta t\u00e4ysnahasta. Uudelleent\u00e4ytett\u00e4v\u00e4 nahkainen p\u00e4iv\u00e4kirja","breadcrumb":{"@id":"https:\/\/fredfloris.eu\/productpage\/a5-daybook\/#breadcrumb"},"inLanguage":"fi","potentialAction":[{"@type":"ReadAction","target":["https:\/\/fredfloris.eu\/productpage\/a5-daybook\/"]}]},{"@type":"ImageObject","inLanguage":"fi","@id":"https:\/\/fredfloris.eu\/productpage\/a5-daybook\/#primaryimage","url":"https:\/\/fredfloris.eu\/wp-content\/uploads\/2022\/11\/IMG_3892-scaled.jpg","contentUrl":"https:\/\/fredfloris.eu\/wp-content\/uploads\/2022\/11\/IMG_3892-scaled.jpg","width":2560,"height":1707,"caption":"Product: Dickens, Shelley or Keats - A5 Journals, Interior, Colour: Black, Dark Cognac, Corner Protectors: Solid Brass"},{"@type":"BreadcrumbList","@id":"https:\/\/fredfloris.eu\/productpage\/a5-daybook\/#breadcrumb","itemListElement":[{"@type":"ListItem","position":1,"name":"Home","item":"https:\/\/fredfloris.eu\/"},{"@type":"ListItem","position":2,"name":"Shop","item":"https:\/\/fredfloris.eu\/shop\/"},{"@type":"ListItem","position":3,"name":"Dickens, Shelley or Keats &#8211; A5 Leather Daybook Covers"}]},{"@type":"WebSite","@id":"https:\/\/fredfloris.eu\/#website","url":"https:\/\/fredfloris.eu\/","name":"FredFloris","description":"K\u00e4sintehdyt nahkatavarat - Made in Sweden","publisher":{"@id":"https:\/\/fredfloris.eu\/#organization"},"potentialAction":[{"@type":"SearchAction","target":{"@type":"EntryPoint","urlTemplate":"https:\/\/fredfloris.eu\/?s={search_term_string}"},"query-input":{"@type":"PropertyValueSpecification","valueRequired":true,"valueName":"search_term_string"}}],"inLanguage":"fi"},{"@type":"Organization","@id":"https:\/\/fredfloris.eu\/#organization","name":"FredFloris","url":"https:\/\/fredfloris.eu\/","logo":{"@type":"ImageObject","inLanguage":"fi","@id":"https:\/\/fredfloris.eu\/#\/schema\/logo\/image\/","url":"https:\/\/fredfloris.eu\/wp-content\/uploads\/2022\/03\/FredFloris-med-hel-nal-och-text.png","contentUrl":"https:\/\/fredfloris.eu\/wp-content\/uploads\/2022\/03\/FredFloris-med-hel-nal-och-text.png","width":591,"height":283,"caption":"FredFloris"},"image":{"@id":"https:\/\/fredfloris.eu\/#\/schema\/logo\/image\/"},"sameAs":["https:\/\/www.facebook.com\/FredFloris.Artisan.Studio\/","https:\/\/x.com\/_fredfloris_","https:\/\/www.instagram.com\/fredfloris.artisan.studio\/"]}]}},"brands":[{"id":203,"name":"FredFloris","slug":"fredfloris"}],"_links":{"self":[{"href":"https:\/\/fredfloris.eu\/fi\/wp-json\/wp\/v2\/product\/5148","targetHints":{"allow":["GET"]}}],"collection":[{"href":"https:\/\/fredfloris.eu\/fi\/wp-json\/wp\/v2\/product"}],"about":[{"href":"https:\/\/fredfloris.eu\/fi\/wp-json\/wp\/v2\/types\/product"}],"version-history":[{"count":14,"href":"https:\/\/fredfloris.eu\/fi\/wp-json\/wp\/v2\/product\/5148\/revisions"}],"predecessor-version":[{"id":11548,"href":"https:\/\/fredfloris.eu\/fi\/wp-json\/wp\/v2\/product\/5148\/revisions\/11548"}],"wp:featuredmedia":[{"embeddable":true,"href":"https:\/\/fredfloris.eu\/fi\/wp-json\/wp\/v2\/media\/10226"}],"wp:attachment":[{"href":"https:\/\/fredfloris.eu\/fi\/wp-json\/wp\/v2\/media?parent=5148"}],"wp:term":[{"taxonomy":"pwb-brand","embeddable":true,"href":"https:\/\/fredfloris.eu\/fi\/wp-json\/wp\/v2\/pwb-brand?post=5148"},{"taxonomy":"product_brand","embeddable":true,"href":"https:\/\/fredfloris.eu\/fi\/wp-json\/wp\/v2\/product_brand?post=5148"},{"taxonomy":"product_cat","embeddable":true,"href":"https:\/\/fredfloris.eu\/fi\/wp-json\/wp\/v2\/product_cat?post=5148"},{"taxonomy":"product_tag","embeddable":true,"href":"https:\/\/fredfloris.eu\/fi\/wp-json\/wp\/v2\/product_tag?post=5148"},{"taxonomy":"woo-feed-brand","embeddable":true,"href":"https:\/\/fredfloris.eu\/fi\/wp-json\/wp\/v2\/woo-feed-brand?post=5148"}],"curies":[{"name":"wp","href":"https:\/\/api.w.org\/{rel}","templated":true}]}}