{"id":5154,"date":"2022-05-16T17:32:11","date_gmt":"2022-05-16T15:32:11","guid":{"rendered":"https:\/\/fredfloris.eu\/?post_type=product&#038;p=5154"},"modified":"2024-06-24T21:14:15","modified_gmt":"2024-06-24T19:14:15","slug":"vattern-dopp-kits","status":"publish","type":"product","link":"https:\/\/fredfloris.eu\/fi\/productpage\/vattern-dopp-kits\/","title":{"rendered":"V\u00e4ttern - Suuret Dopp-sarjat"},"content":{"rendered":"<p><strong>Henkil\u00f6kohtaistaminen:<\/strong> Lis\u00e4\u00e4 nimi, kuva tai viesti ilman lis\u00e4kustannuksia. Jos haluat mukauttaa oman suunnittelusi, lis\u00e4\u00e4 koriin sek\u00e4 tuote ett\u00e4 valitsemasi suunnittelu.<\/p>\n<p><a class=\"lumise-customize-button button alt\" href=\"https:\/\/fredfloris.eu\/fi\/productpage\/customize-vattern-large-dopp-kits\/?wmc-currency=EUR\" name=\"customize\">Mukauta<\/a><\/p>\n<p><strong>Esittelyss\u00e4 on ensiluokkainen Dopp Kit, joka on suunniteltu s\u00e4ilytt\u00e4m\u00e4\u00e4n kaikki v\u00e4ltt\u00e4m\u00e4tt\u00f6m\u00e4t tarvikkeesi tyylill\u00e4.<\/strong> T\u00e4m\u00e4 tilava laukku on valmistettu t\u00e4ysnahkaisesta nahasta, ja se on sek\u00e4 pehme\u00e4 ett\u00e4 kest\u00e4v\u00e4. Sile\u00e4 YKK-messinkinen vetoketju aukeaa paljastaen kauniisti vuoratun sis\u00e4tilan, joka on t\u00e4ydellinen itsehoitotuotteiden ja parranajov\u00e4lineiden j\u00e4rjest\u00e4miseen. Aloita p\u00e4iv\u00e4si vaivattomasti, kun kaikki tarvitsemasi on turvallisesti paikallaan.<\/p>\n<p><strong>Yksinkertainen, tyylik\u00e4s ja hienostunut:<\/strong> Luottamus t\u00e4m\u00e4n matkalaukun ammattitaitoon ja pitk\u00e4ik\u00e4isyyteen on helppoa. Se lupaa olla uskollinen kumppani monien vuosien ajan ja kulkea mukana jokaisella matkalla luotettavasti ja tyylikk\u00e4\u00e4sti.<\/p>\n<p><strong>Tuotteen tekniset tiedot:<\/strong><\/p>\n<ul>\n<li><strong>Valmistetaan kokonaan k\u00e4sity\u00f6n\u00e4 perheomisteisessa Leather Art Studiossamme.<\/strong><\/li>\n<li><strong>Mitat:<\/strong> Leveys: ~255 mm, korkeus: ~160 mm.<\/li>\n<li><strong>V\u00e4rivaihtoehdot:<\/strong> Saatavana Cognac ja Medium Brown<\/li>\n<li><strong>Materiaali:<\/strong> Valmistettu kasviparkitusta t\u00e4ysjyv\u00e4isest\u00e4 vasikan nahasta, parkittu Italiassa.<\/li>\n<li><strong>Ompelu:<\/strong> Perinteinen satulan ompelu, k\u00e4sin ommeltu.<\/li>\n<li><strong>Vetoketju:<\/strong> Varustettu laadukkaalla YKK messinkisell\u00e4 vetoketjulla.<\/li>\n<li><strong>Vuori:<\/strong> Vuorattu kasviparkitulla t\u00e4ysnahkaisella nahalla, joka tuo lis\u00e4\u00e4 ylellisyytt\u00e4.<\/li>\n<li><strong>Kierre:<\/strong> Ommeltu Tiger Ritza 25 -langalla, joka on tunnettu lujuudestaan ja kest\u00e4vyydest\u00e4\u00e4n.<\/li>\n<\/ul>\n<p>&nbsp;<\/p>\n<p>Hakusanat: Matkailu nahkainen dopp kit, Toiletry bag<\/p>","protected":false},"excerpt":{"rendered":"<p>Meid\u00e4n dopp kit on luotu t\u00e4ysjyv\u00e4isest\u00e4 eurooppalaisesta vasikan nahasta, jonka italialainen parkitusliike Mapel &amp; C on toimittanut yhteisty\u00f6ss\u00e4 Toscanan parkitusalueen yritysten kanssa. Parkitusprosessin aikana nahkaan lis\u00e4t\u00e4\u00e4n kevyt \u00f6ljypinnoite, joka luo niin sanotun pull-up-nahan. T\u00e4m\u00e4 parkitusmenetelm\u00e4 antaa Dopp Kitille rustiikkisemman ja rustiikkisemman ulkon\u00e4\u00f6n.<\/p>\n<pre><\/pre>\n<p>Kun nahka on saapunut ty\u00f6pajaamme, se leikataan, reunat py\u00f6ristet\u00e4\u00e4n, hiotaan ja kiillotetaan k\u00e4sin, mink\u00e4 j\u00e4lkeen reunat v\u00e4rj\u00e4t\u00e4\u00e4n k\u00e4sin. Kiinnit\u00e4mme t\u00e4ss\u00e4 prosessissa suurta huomiota yksityiskohtiin, jotta nahan laatu s\u00e4ilyy.<\/p>\n<pre><\/pre>\n<p>Sis\u00e4puoli on vuorattu neutraalilla vasikannahalla, joka on ommeltu kokonaan k\u00e4sin. Kahvat ja YKK-vetoketju on ommeltu k\u00e4sin p\u00e4\u00e4kappaleeseen perinteisell\u00e4 satulanvalmistajan ompelutekniikalla. T\u00e4m\u00e4 ompelutapa takaa tuotteen kest\u00e4vyyden erityisesti kovassa rasituksessa.<\/p>","protected":false},"featured_media":10187,"template":"","meta":[],"pwb-brand":[203],"product_brand":[],"product_cat":[111,100],"product_tag":[123,136,105],"woo-feed-brand":[],"class_list":{"0":"post-5154","1":"product","2":"type-product","3":"status-publish","4":"has-post-thumbnail","6":"pwb-brand-fredfloris","7":"product_cat-dopp-kits","8":"product_cat-leathergoods","9":"product_tag-full-grain-leather","10":"product_tag-handmade","11":"product_tag-made-to-order","12":"product_shipping_class-large-goods","13":"pa_leather-colour-cognac-pull-up","14":"pa_leather-colour-medium-brown-pull-up","16":"first","17":"instock","18":"taxable","19":"shipping-taxable","20":"purchasable","21":"product-type-variable","22":"has-default-attributes"},"yoast_head":"<!-- This site is optimized with the Yoast SEO plugin v27.2 - https:\/\/yoast.com\/product\/yoast-seo-wordpress\/ -->\n<title>Full-Grain Leather Dopp Kit | FredFloris<\/title>\n<meta name=\"description\" content=\"Our leather travel dopp kit is handmade with full-grain leather and GOTS-certified cotton fabric making the dopp kit bag highly durable.\" \/>\n<meta name=\"robots\" content=\"index, follow, max-snippet:-1, max-image-preview:large, max-video-preview:-1\" \/>\n<link rel=\"canonical\" href=\"https:\/\/fredfloris.eu\/fi\/productpage\/vattern-dopp-kits\/?wmc-currency=EUR\" \/>\n<meta property=\"og:locale\" content=\"fi_FI\" \/>\n<meta property=\"og:type\" content=\"article\" \/>\n<meta property=\"og:title\" content=\"Full-Grain Leather Dopp Kit | FredFloris\" \/>\n<meta property=\"og:description\" content=\"Our leather travel dopp kit is handmade with full-grain leather and GOTS-certified cotton fabric making the dopp kit bag highly durable.\" \/>\n<meta property=\"og:url\" content=\"https:\/\/fredfloris.eu\/fi\/productpage\/vattern-dopp-kits\/?wmc-currency=EUR\" \/>\n<meta property=\"og:site_name\" content=\"FredFloris\" \/>\n<meta property=\"article:publisher\" content=\"https:\/\/www.facebook.com\/FredFloris.Artisan.Studio\/\" \/>\n<meta property=\"article:modified_time\" content=\"2024-06-24T19:14:15+00:00\" \/>\n<meta property=\"og:image\" content=\"https:\/\/fredfloris.eu\/wp-content\/uploads\/2022\/10\/IMG_3810-scaled.jpg\" \/>\n\t<meta property=\"og:image:width\" content=\"2560\" \/>\n\t<meta property=\"og:image:height\" content=\"1707\" \/>\n\t<meta property=\"og:image:type\" content=\"image\/jpeg\" \/>\n<meta name=\"twitter:card\" content=\"summary_large_image\" \/>\n<meta name=\"twitter:site\" content=\"@_fredfloris_\" \/>\n<meta name=\"twitter:label1\" content=\"Arvioitu lukuaika\" \/>\n\t<meta name=\"twitter:data1\" content=\"2 minuuttia\" \/>\n<script type=\"application\/ld+json\" class=\"yoast-schema-graph\">{\"@context\":\"https:\/\/schema.org\",\"@graph\":[{\"@type\":\"WebPage\",\"@id\":\"https:\/\/fredfloris.eu\/productpage\/vattern-dopp-kits\/\",\"url\":\"https:\/\/fredfloris.eu\/productpage\/vattern-dopp-kits\/\",\"name\":\"Full-Grain Leather Dopp Kit | FredFloris\",\"isPartOf\":{\"@id\":\"https:\/\/fredfloris.eu\/#website\"},\"primaryImageOfPage\":{\"@id\":\"https:\/\/fredfloris.eu\/productpage\/vattern-dopp-kits\/#primaryimage\"},\"image\":{\"@id\":\"https:\/\/fredfloris.eu\/productpage\/vattern-dopp-kits\/#primaryimage\"},\"thumbnailUrl\":\"https:\/\/fredfloris.eu\/wp-content\/uploads\/2022\/10\/IMG_3810-scaled.jpg\",\"datePublished\":\"2022-05-16T15:32:11+00:00\",\"dateModified\":\"2024-06-24T19:14:15+00:00\",\"description\":\"Our leather travel dopp kit is handmade with full-grain leather and GOTS-certified cotton fabric making the dopp kit bag highly durable.\",\"breadcrumb\":{\"@id\":\"https:\/\/fredfloris.eu\/productpage\/vattern-dopp-kits\/#breadcrumb\"},\"inLanguage\":\"fi\",\"potentialAction\":[{\"@type\":\"ReadAction\",\"target\":[\"https:\/\/fredfloris.eu\/productpage\/vattern-dopp-kits\/\"]}]},{\"@type\":\"ImageObject\",\"inLanguage\":\"fi\",\"@id\":\"https:\/\/fredfloris.eu\/productpage\/vattern-dopp-kits\/#primaryimage\",\"url\":\"https:\/\/fredfloris.eu\/wp-content\/uploads\/2022\/10\/IMG_3810-scaled.jpg\",\"contentUrl\":\"https:\/\/fredfloris.eu\/wp-content\/uploads\/2022\/10\/IMG_3810-scaled.jpg\",\"width\":2560,\"height\":1707,\"caption\":\"Product: Dickens, V\u00e4ttern - Large Dopp Kits, Colour: Medium Brown & Cognac, Thread Colour: Black, YKK Brass Zipper\"},{\"@type\":\"BreadcrumbList\",\"@id\":\"https:\/\/fredfloris.eu\/productpage\/vattern-dopp-kits\/#breadcrumb\",\"itemListElement\":[{\"@type\":\"ListItem\",\"position\":1,\"name\":\"Home\",\"item\":\"https:\/\/fredfloris.eu\/\"},{\"@type\":\"ListItem\",\"position\":2,\"name\":\"Shop\",\"item\":\"https:\/\/fredfloris.eu\/shop\/\"},{\"@type\":\"ListItem\",\"position\":3,\"name\":\"V\u00e4ttern &#8211; Large Dopp Kits\"}]},{\"@type\":\"WebSite\",\"@id\":\"https:\/\/fredfloris.eu\/#website\",\"url\":\"https:\/\/fredfloris.eu\/\",\"name\":\"FredFloris\",\"description\":\"Handcrafted Leathergoods - Made in Sweden\",\"publisher\":{\"@id\":\"https:\/\/fredfloris.eu\/#organization\"},\"potentialAction\":[{\"@type\":\"SearchAction\",\"target\":{\"@type\":\"EntryPoint\",\"urlTemplate\":\"https:\/\/fredfloris.eu\/?s={search_term_string}\"},\"query-input\":{\"@type\":\"PropertyValueSpecification\",\"valueRequired\":true,\"valueName\":\"search_term_string\"}}],\"inLanguage\":\"fi\"},{\"@type\":\"Organization\",\"@id\":\"https:\/\/fredfloris.eu\/#organization\",\"name\":\"FredFloris\",\"url\":\"https:\/\/fredfloris.eu\/\",\"logo\":{\"@type\":\"ImageObject\",\"inLanguage\":\"fi\",\"@id\":\"https:\/\/fredfloris.eu\/#\/schema\/logo\/image\/\",\"url\":\"https:\/\/fredfloris.eu\/wp-content\/uploads\/2022\/03\/FredFloris-med-hel-nal-och-text.png\",\"contentUrl\":\"https:\/\/fredfloris.eu\/wp-content\/uploads\/2022\/03\/FredFloris-med-hel-nal-och-text.png\",\"width\":591,\"height\":283,\"caption\":\"FredFloris\"},\"image\":{\"@id\":\"https:\/\/fredfloris.eu\/#\/schema\/logo\/image\/\"},\"sameAs\":[\"https:\/\/www.facebook.com\/FredFloris.Artisan.Studio\/\",\"https:\/\/x.com\/_fredfloris_\",\"https:\/\/www.instagram.com\/fredfloris.artisan.studio\/\"]}]}<\/script>\n<!-- \/ Yoast SEO plugin. -->","yoast_head_json":{"title":"T\u00e4ysnahkainen nahkapakkaus | FredFloris","description":"Nahkainen matkakassimme on k\u00e4sintehty t\u00e4ysnahasta ja GOTS-sertifioidusta puuvillakankaasta, mik\u00e4 tekee kassista eritt\u00e4in kest\u00e4v\u00e4n.","robots":{"index":"index","follow":"follow","max-snippet":"max-snippet:-1","max-image-preview":"max-image-preview:large","max-video-preview":"max-video-preview:-1"},"canonical":"https:\/\/fredfloris.eu\/fi\/productpage\/vattern-dopp-kits\/?wmc-currency=EUR","og_locale":"fi_FI","og_type":"article","og_title":"Full-Grain Leather Dopp Kit | FredFloris","og_description":"Our leather travel dopp kit is handmade with full-grain leather and GOTS-certified cotton fabric making the dopp kit bag highly durable.","og_url":"https:\/\/fredfloris.eu\/fi\/productpage\/vattern-dopp-kits\/?wmc-currency=EUR","og_site_name":"FredFloris","article_publisher":"https:\/\/www.facebook.com\/FredFloris.Artisan.Studio\/","article_modified_time":"2024-06-24T19:14:15+00:00","og_image":[{"width":2560,"height":1707,"url":"https:\/\/fredfloris.eu\/wp-content\/uploads\/2022\/10\/IMG_3810-scaled.jpg","type":"image\/jpeg"}],"twitter_card":"summary_large_image","twitter_site":"@_fredfloris_","twitter_misc":{"Arvioitu lukuaika":"2 minuuttia"},"schema":{"@context":"https:\/\/schema.org","@graph":[{"@type":"WebPage","@id":"https:\/\/fredfloris.eu\/productpage\/vattern-dopp-kits\/","url":"https:\/\/fredfloris.eu\/productpage\/vattern-dopp-kits\/","name":"T\u00e4ysnahkainen nahkapakkaus | FredFloris","isPartOf":{"@id":"https:\/\/fredfloris.eu\/#website"},"primaryImageOfPage":{"@id":"https:\/\/fredfloris.eu\/productpage\/vattern-dopp-kits\/#primaryimage"},"image":{"@id":"https:\/\/fredfloris.eu\/productpage\/vattern-dopp-kits\/#primaryimage"},"thumbnailUrl":"https:\/\/fredfloris.eu\/wp-content\/uploads\/2022\/10\/IMG_3810-scaled.jpg","datePublished":"2022-05-16T15:32:11+00:00","dateModified":"2024-06-24T19:14:15+00:00","description":"Nahkainen matkakassimme on k\u00e4sintehty t\u00e4ysnahasta ja GOTS-sertifioidusta puuvillakankaasta, mik\u00e4 tekee kassista eritt\u00e4in kest\u00e4v\u00e4n.","breadcrumb":{"@id":"https:\/\/fredfloris.eu\/productpage\/vattern-dopp-kits\/#breadcrumb"},"inLanguage":"fi","potentialAction":[{"@type":"ReadAction","target":["https:\/\/fredfloris.eu\/productpage\/vattern-dopp-kits\/"]}]},{"@type":"ImageObject","inLanguage":"fi","@id":"https:\/\/fredfloris.eu\/productpage\/vattern-dopp-kits\/#primaryimage","url":"https:\/\/fredfloris.eu\/wp-content\/uploads\/2022\/10\/IMG_3810-scaled.jpg","contentUrl":"https:\/\/fredfloris.eu\/wp-content\/uploads\/2022\/10\/IMG_3810-scaled.jpg","width":2560,"height":1707,"caption":"Product: Dickens, V\u00e4ttern - Large Dopp Kits, Colour: Medium Brown & Cognac, Thread Colour: Black, YKK Brass Zipper"},{"@type":"BreadcrumbList","@id":"https:\/\/fredfloris.eu\/productpage\/vattern-dopp-kits\/#breadcrumb","itemListElement":[{"@type":"ListItem","position":1,"name":"Home","item":"https:\/\/fredfloris.eu\/"},{"@type":"ListItem","position":2,"name":"Shop","item":"https:\/\/fredfloris.eu\/shop\/"},{"@type":"ListItem","position":3,"name":"V\u00e4ttern &#8211; Large Dopp Kits"}]},{"@type":"WebSite","@id":"https:\/\/fredfloris.eu\/#website","url":"https:\/\/fredfloris.eu\/","name":"FredFloris","description":"K\u00e4sintehdyt nahkatavarat - Made in Sweden","publisher":{"@id":"https:\/\/fredfloris.eu\/#organization"},"potentialAction":[{"@type":"SearchAction","target":{"@type":"EntryPoint","urlTemplate":"https:\/\/fredfloris.eu\/?s={search_term_string}"},"query-input":{"@type":"PropertyValueSpecification","valueRequired":true,"valueName":"search_term_string"}}],"inLanguage":"fi"},{"@type":"Organization","@id":"https:\/\/fredfloris.eu\/#organization","name":"FredFloris","url":"https:\/\/fredfloris.eu\/","logo":{"@type":"ImageObject","inLanguage":"fi","@id":"https:\/\/fredfloris.eu\/#\/schema\/logo\/image\/","url":"https:\/\/fredfloris.eu\/wp-content\/uploads\/2022\/03\/FredFloris-med-hel-nal-och-text.png","contentUrl":"https:\/\/fredfloris.eu\/wp-content\/uploads\/2022\/03\/FredFloris-med-hel-nal-och-text.png","width":591,"height":283,"caption":"FredFloris"},"image":{"@id":"https:\/\/fredfloris.eu\/#\/schema\/logo\/image\/"},"sameAs":["https:\/\/www.facebook.com\/FredFloris.Artisan.Studio\/","https:\/\/x.com\/_fredfloris_","https:\/\/www.instagram.com\/fredfloris.artisan.studio\/"]}]}},"brands":[{"id":203,"name":"FredFloris","slug":"fredfloris"}],"_links":{"self":[{"href":"https:\/\/fredfloris.eu\/fi\/wp-json\/wp\/v2\/product\/5154","targetHints":{"allow":["GET"]}}],"collection":[{"href":"https:\/\/fredfloris.eu\/fi\/wp-json\/wp\/v2\/product"}],"about":[{"href":"https:\/\/fredfloris.eu\/fi\/wp-json\/wp\/v2\/types\/product"}],"version-history":[{"count":14,"href":"https:\/\/fredfloris.eu\/fi\/wp-json\/wp\/v2\/product\/5154\/revisions"}],"predecessor-version":[{"id":11545,"href":"https:\/\/fredfloris.eu\/fi\/wp-json\/wp\/v2\/product\/5154\/revisions\/11545"}],"wp:featuredmedia":[{"embeddable":true,"href":"https:\/\/fredfloris.eu\/fi\/wp-json\/wp\/v2\/media\/10187"}],"wp:attachment":[{"href":"https:\/\/fredfloris.eu\/fi\/wp-json\/wp\/v2\/media?parent=5154"}],"wp:term":[{"taxonomy":"pwb-brand","embeddable":true,"href":"https:\/\/fredfloris.eu\/fi\/wp-json\/wp\/v2\/pwb-brand?post=5154"},{"taxonomy":"product_brand","embeddable":true,"href":"https:\/\/fredfloris.eu\/fi\/wp-json\/wp\/v2\/product_brand?post=5154"},{"taxonomy":"product_cat","embeddable":true,"href":"https:\/\/fredfloris.eu\/fi\/wp-json\/wp\/v2\/product_cat?post=5154"},{"taxonomy":"product_tag","embeddable":true,"href":"https:\/\/fredfloris.eu\/fi\/wp-json\/wp\/v2\/product_tag?post=5154"},{"taxonomy":"woo-feed-brand","embeddable":true,"href":"https:\/\/fredfloris.eu\/fi\/wp-json\/wp\/v2\/woo-feed-brand?post=5154"}],"curies":[{"name":"wp","href":"https:\/\/api.w.org\/{rel}","templated":true}]}}