{"id":5185,"date":"2022-05-16T19:18:45","date_gmt":"2022-05-16T17:18:45","guid":{"rendered":"https:\/\/fredfloris.eu\/?post_type=product&#038;p=5185"},"modified":"2024-06-24T21:08:18","modified_gmt":"2024-06-24T19:08:18","slug":"ws-pocket-card-wallets","status":"publish","type":"product","link":"https:\/\/fredfloris.eu\/fi\/productpage\/ws-pocket-card-wallets\/","title":{"rendered":"Wayfaring Stranger - Korttilompakot"},"content":{"rendered":"<p><strong>Henkil\u00f6kohtaistaminen:<\/strong> Lis\u00e4\u00e4 nimi, kuva tai viesti ilman lis\u00e4kustannuksia. Jos haluat mukauttaa oman suunnittelusi, lis\u00e4\u00e4 koriin sek\u00e4 tuote ett\u00e4 valitsemasi suunnittelu.<\/p>\n<p><a class=\"lumise-customize-button button alt\" href=\"https:\/\/fredfloris.eu\/fi\/productpage\/customize-wayfaring-stranger-pocket-card-wallets\/?wmc-currency=EUR\" name=\"customize\">Mukauta<\/a><\/p>\n<p><strong>Tutustu Wayfaring Strangeriin, joka on suunniteltu dynaamiselle yksil\u00f6lle.<\/strong> T\u00e4h\u00e4n lompakkoon mahtuu mukavasti jopa 10 korttia ja taiteltuja seteleit\u00e4, joten se on t\u00e4ydellinen niille, jotka ovat aina liikkeell\u00e4. Lompakossa on k\u00e4tev\u00e4 l\u00e4pp\u00e4, josta p\u00e4\u00e4set nopeasti k\u00e4siksi t\u00e4rkeimpiin tarvikkeisiisi, ja se on suunniteltu tehokkuus mieless\u00e4. Ajan my\u00f6t\u00e4 kasviparkittu t\u00e4ysjyv\u00e4inen nahka kypsyy pelkk\u00e4st\u00e4 asusteesta tutuksi yst\u00e4v\u00e4ksi ja rikastuttaa luonnettaan jokaisen k\u00e4ytt\u00f6kerran my\u00f6t\u00e4.<\/p>\n<p><strong>Tuotteen tekniset tiedot:<\/strong><\/p>\n<ul>\n<li><strong>Valmistetaan kokonaan k\u00e4sity\u00f6n\u00e4 perheomisteisessa Leather Art Studiossamme.<\/strong><\/li>\n<li><strong>Kapasiteetti:<\/strong> Mukaan mahtuu yli 10 korttia ja taitettuja seteleit\u00e4.<\/li>\n<li><strong>Helppok\u00e4ytt\u00f6inen muotoilu:<\/strong> L\u00e4pp\u00e4ominaisuus mahdollistaa vaivattoman p\u00e4\u00e4syn kortteihin<\/li>\n<li><strong>Henkil\u00f6kohtaistamisvaihtoehdot:<\/strong> Saatavana mukautetulla nimikaiverruksella<\/li>\n<li><strong>V\u00e4rit:<\/strong> Valitse seuraavista vaihtoehdoista: Tumma Cognac, Tummankeltainen, Sinivihre\u00e4.<\/li>\n<li><strong>Materiaali:<\/strong> T\u00e4yss\u00e4vyinen nahka, kasviparkittu Italiassa Toscanan muinaisella Vacchetta-reseptill\u00e4.<\/li>\n<li><strong>Ompelu:<\/strong> Perinteinen satulan ompelu, k\u00e4sin ommeltu.<\/li>\n<li><strong>Kierre:<\/strong> Tiger Ritza 25, joka tunnetaan lujuudestaan ja laadustaan.<\/li>\n<li><strong>Mitat:<\/strong> Leveys: ~75 mm, korkeus: ~110 mm suljettuna.<\/li>\n<li><strong>Turvaominaisuus:<\/strong> Sis\u00e4lt\u00e4\u00e4 ilmaisen <a href=\"https:\/\/fredfloris.eu\/fi\/productpage\/nfc-card-rfid-blocking\/?wmc-currency=EUR\" rel=\"noopener\">anti-skimming kortti<\/a><\/li>\n<\/ul>","protected":false},"excerpt":{"rendered":"<p>T\u00e4m\u00e4n ohuen nahkaisen lompakon valmistukseen k\u00e4ytett\u00e4v\u00e4 nahka on per\u00e4isin italialaisesta nahkatehtaasta, Badalassi Carlo, joka on osa kansainv\u00e4lisesti tunnustettua Pelle Conciata al Vegetale -konsortiota.<\/p>\n<pre><\/pre>\n<p>Osat on valmistettu kasviparkitusta t\u00e4ysnahasta, ja ne on leikattu nahasta, ja kolme osaa on ommeltu yhteen korkealaatuisella vahatulla polyesterilangalla perinteisell\u00e4 satulanvalmistajan ompelutekniikalla. T\u00e4m\u00e4 ompelumenetelm\u00e4 takaa lompakon kest\u00e4vyyden erityisesti kovassa rasituksessa. Reunat py\u00f6ristet\u00e4\u00e4n, hiotaan ja v\u00e4rj\u00e4t\u00e4\u00e4n k\u00e4sin k\u00e4ytt\u00e4m\u00e4ll\u00e4 useita kerroksia reunav\u00e4ri\u00e4. Reunat maalataan eritt\u00e4in tarkasti, jotta nahan jyv\u00e4nlaatu s\u00e4ilyy.<\/p>","protected":false},"featured_media":3329,"template":"","meta":[],"pwb-brand":[203],"product_brand":[],"product_cat":[100,104],"product_tag":[123,136,105],"woo-feed-brand":[],"class_list":{"0":"post-5185","1":"product","2":"type-product","3":"status-publish","4":"has-post-thumbnail","6":"pwb-brand-fredfloris","7":"product_cat-leathergoods","8":"product_cat-wallets","9":"product_tag-full-grain-leather","10":"product_tag-handmade","11":"product_tag-made-to-order","12":"product_shipping_class-small-goods","13":"pa_leather-colour-petrol-waxed","14":"pa_leather-colour-dark-cognac-waxed","15":"pa_leather-colour-mustard-waxed","17":"first","18":"instock","19":"taxable","20":"shipping-taxable","21":"purchasable","22":"product-type-variable","23":"has-default-attributes"},"yoast_head":"<!-- This site is optimized with the Yoast SEO plugin v27.2 - https:\/\/yoast.com\/product\/yoast-seo-wordpress\/ -->\n<title>Slim Leather Credit Card Wallet, Handmade in Sweden | FredFloris<\/title>\n<meta name=\"description\" content=\"Our small leather wallet is created from premium materials and is 100% handmade. Free RFID card with every slim leather credit card wallet\" \/>\n<meta name=\"robots\" content=\"index, follow, max-snippet:-1, max-image-preview:large, max-video-preview:-1\" \/>\n<link rel=\"canonical\" href=\"https:\/\/fredfloris.eu\/fi\/productpage\/ws-pocket-card-wallets\/?wmc-currency=EUR\" \/>\n<meta property=\"og:locale\" content=\"fi_FI\" \/>\n<meta property=\"og:type\" content=\"article\" \/>\n<meta property=\"og:title\" content=\"Slim Leather Credit Card Wallet, Handmade in Sweden | FredFloris\" \/>\n<meta property=\"og:description\" content=\"Our small leather wallet is created from premium materials and is 100% handmade. Free RFID card with every slim leather credit card wallet\" \/>\n<meta property=\"og:url\" content=\"https:\/\/fredfloris.eu\/fi\/productpage\/ws-pocket-card-wallets\/?wmc-currency=EUR\" \/>\n<meta property=\"og:site_name\" content=\"FredFloris\" \/>\n<meta property=\"article:publisher\" content=\"https:\/\/www.facebook.com\/FredFloris.Artisan.Studio\/\" \/>\n<meta property=\"article:modified_time\" content=\"2024-06-24T19:08:18+00:00\" \/>\n<meta property=\"og:image\" content=\"https:\/\/fredfloris.eu\/wp-content\/uploads\/2022\/04\/IMG_1635-scaled.jpg\" \/>\n\t<meta property=\"og:image:width\" content=\"2560\" \/>\n\t<meta property=\"og:image:height\" content=\"1707\" \/>\n\t<meta property=\"og:image:type\" content=\"image\/jpeg\" \/>\n<meta name=\"twitter:card\" content=\"summary_large_image\" \/>\n<meta name=\"twitter:site\" content=\"@_fredfloris_\" \/>\n<meta name=\"twitter:label1\" content=\"Arvioitu lukuaika\" \/>\n\t<meta name=\"twitter:data1\" content=\"2 minuuttia\" \/>\n<script type=\"application\/ld+json\" class=\"yoast-schema-graph\">{\"@context\":\"https:\/\/schema.org\",\"@graph\":[{\"@type\":\"WebPage\",\"@id\":\"https:\/\/fredfloris.eu\/productpage\/ws-pocket-card-wallets\/\",\"url\":\"https:\/\/fredfloris.eu\/productpage\/ws-pocket-card-wallets\/\",\"name\":\"Slim Leather Credit Card Wallet, Handmade in Sweden | FredFloris\",\"isPartOf\":{\"@id\":\"https:\/\/fredfloris.eu\/#website\"},\"primaryImageOfPage\":{\"@id\":\"https:\/\/fredfloris.eu\/productpage\/ws-pocket-card-wallets\/#primaryimage\"},\"image\":{\"@id\":\"https:\/\/fredfloris.eu\/productpage\/ws-pocket-card-wallets\/#primaryimage\"},\"thumbnailUrl\":\"https:\/\/fredfloris.eu\/wp-content\/uploads\/2022\/04\/IMG_1635-scaled.jpg\",\"datePublished\":\"2022-05-16T17:18:45+00:00\",\"dateModified\":\"2024-06-24T19:08:18+00:00\",\"description\":\"Our small leather wallet is created from premium materials and is 100% handmade. Free RFID card with every slim leather credit card wallet\",\"breadcrumb\":{\"@id\":\"https:\/\/fredfloris.eu\/productpage\/ws-pocket-card-wallets\/#breadcrumb\"},\"inLanguage\":\"fi\",\"potentialAction\":[{\"@type\":\"ReadAction\",\"target\":[\"https:\/\/fredfloris.eu\/productpage\/ws-pocket-card-wallets\/\"]}]},{\"@type\":\"ImageObject\",\"inLanguage\":\"fi\",\"@id\":\"https:\/\/fredfloris.eu\/productpage\/ws-pocket-card-wallets\/#primaryimage\",\"url\":\"https:\/\/fredfloris.eu\/wp-content\/uploads\/2022\/04\/IMG_1635-scaled.jpg\",\"contentUrl\":\"https:\/\/fredfloris.eu\/wp-content\/uploads\/2022\/04\/IMG_1635-scaled.jpg\",\"width\":2560,\"height\":1707,\"caption\":\"Product: Wayfaring Stranger - Pocket Card Wallets \u2013 Colour: Dark Yellow, Dark Cognac and Blue-Green, Thread Colour: Black\"},{\"@type\":\"BreadcrumbList\",\"@id\":\"https:\/\/fredfloris.eu\/productpage\/ws-pocket-card-wallets\/#breadcrumb\",\"itemListElement\":[{\"@type\":\"ListItem\",\"position\":1,\"name\":\"Home\",\"item\":\"https:\/\/fredfloris.eu\/\"},{\"@type\":\"ListItem\",\"position\":2,\"name\":\"Shop\",\"item\":\"https:\/\/fredfloris.eu\/shop\/\"},{\"@type\":\"ListItem\",\"position\":3,\"name\":\"Wayfaring Stranger &#8211; Card Wallets\"}]},{\"@type\":\"WebSite\",\"@id\":\"https:\/\/fredfloris.eu\/#website\",\"url\":\"https:\/\/fredfloris.eu\/\",\"name\":\"FredFloris\",\"description\":\"Handcrafted Leathergoods - Made in Sweden\",\"publisher\":{\"@id\":\"https:\/\/fredfloris.eu\/#organization\"},\"potentialAction\":[{\"@type\":\"SearchAction\",\"target\":{\"@type\":\"EntryPoint\",\"urlTemplate\":\"https:\/\/fredfloris.eu\/?s={search_term_string}\"},\"query-input\":{\"@type\":\"PropertyValueSpecification\",\"valueRequired\":true,\"valueName\":\"search_term_string\"}}],\"inLanguage\":\"fi\"},{\"@type\":\"Organization\",\"@id\":\"https:\/\/fredfloris.eu\/#organization\",\"name\":\"FredFloris\",\"url\":\"https:\/\/fredfloris.eu\/\",\"logo\":{\"@type\":\"ImageObject\",\"inLanguage\":\"fi\",\"@id\":\"https:\/\/fredfloris.eu\/#\/schema\/logo\/image\/\",\"url\":\"https:\/\/fredfloris.eu\/wp-content\/uploads\/2022\/03\/FredFloris-med-hel-nal-och-text.png\",\"contentUrl\":\"https:\/\/fredfloris.eu\/wp-content\/uploads\/2022\/03\/FredFloris-med-hel-nal-och-text.png\",\"width\":591,\"height\":283,\"caption\":\"FredFloris\"},\"image\":{\"@id\":\"https:\/\/fredfloris.eu\/#\/schema\/logo\/image\/\"},\"sameAs\":[\"https:\/\/www.facebook.com\/FredFloris.Artisan.Studio\/\",\"https:\/\/x.com\/_fredfloris_\",\"https:\/\/www.instagram.com\/fredfloris.artisan.studio\/\"]}]}<\/script>\n<!-- \/ Yoast SEO plugin. -->","yoast_head_json":{"title":"Ohut nahkainen luottokorttilompakko, k\u00e4sintehty Ruotsissa | FredFloris","description":"Pieni nahkainen lompakkomme on luotu ensiluokkaisista materiaaleista ja 100% k\u00e4sintehty. Ilmainen RFID-kortti jokaisen ohuen nahkaisen luottokorttilompakon kanssa.","robots":{"index":"index","follow":"follow","max-snippet":"max-snippet:-1","max-image-preview":"max-image-preview:large","max-video-preview":"max-video-preview:-1"},"canonical":"https:\/\/fredfloris.eu\/fi\/productpage\/ws-pocket-card-wallets\/?wmc-currency=EUR","og_locale":"fi_FI","og_type":"article","og_title":"Slim Leather Credit Card Wallet, Handmade in Sweden | FredFloris","og_description":"Our small leather wallet is created from premium materials and is 100% handmade. Free RFID card with every slim leather credit card wallet","og_url":"https:\/\/fredfloris.eu\/fi\/productpage\/ws-pocket-card-wallets\/?wmc-currency=EUR","og_site_name":"FredFloris","article_publisher":"https:\/\/www.facebook.com\/FredFloris.Artisan.Studio\/","article_modified_time":"2024-06-24T19:08:18+00:00","og_image":[{"width":2560,"height":1707,"url":"https:\/\/fredfloris.eu\/wp-content\/uploads\/2022\/04\/IMG_1635-scaled.jpg","type":"image\/jpeg"}],"twitter_card":"summary_large_image","twitter_site":"@_fredfloris_","twitter_misc":{"Arvioitu lukuaika":"2 minuuttia"},"schema":{"@context":"https:\/\/schema.org","@graph":[{"@type":"WebPage","@id":"https:\/\/fredfloris.eu\/productpage\/ws-pocket-card-wallets\/","url":"https:\/\/fredfloris.eu\/productpage\/ws-pocket-card-wallets\/","name":"Ohut nahkainen luottokorttilompakko, k\u00e4sintehty Ruotsissa | FredFloris","isPartOf":{"@id":"https:\/\/fredfloris.eu\/#website"},"primaryImageOfPage":{"@id":"https:\/\/fredfloris.eu\/productpage\/ws-pocket-card-wallets\/#primaryimage"},"image":{"@id":"https:\/\/fredfloris.eu\/productpage\/ws-pocket-card-wallets\/#primaryimage"},"thumbnailUrl":"https:\/\/fredfloris.eu\/wp-content\/uploads\/2022\/04\/IMG_1635-scaled.jpg","datePublished":"2022-05-16T17:18:45+00:00","dateModified":"2024-06-24T19:08:18+00:00","description":"Pieni nahkainen lompakkomme on luotu ensiluokkaisista materiaaleista ja 100% k\u00e4sintehty. Ilmainen RFID-kortti jokaisen ohuen nahkaisen luottokorttilompakon kanssa.","breadcrumb":{"@id":"https:\/\/fredfloris.eu\/productpage\/ws-pocket-card-wallets\/#breadcrumb"},"inLanguage":"fi","potentialAction":[{"@type":"ReadAction","target":["https:\/\/fredfloris.eu\/productpage\/ws-pocket-card-wallets\/"]}]},{"@type":"ImageObject","inLanguage":"fi","@id":"https:\/\/fredfloris.eu\/productpage\/ws-pocket-card-wallets\/#primaryimage","url":"https:\/\/fredfloris.eu\/wp-content\/uploads\/2022\/04\/IMG_1635-scaled.jpg","contentUrl":"https:\/\/fredfloris.eu\/wp-content\/uploads\/2022\/04\/IMG_1635-scaled.jpg","width":2560,"height":1707,"caption":"Product: Wayfaring Stranger - Pocket Card Wallets \u2013 Colour: Dark Yellow, Dark Cognac and Blue-Green, Thread Colour: Black"},{"@type":"BreadcrumbList","@id":"https:\/\/fredfloris.eu\/productpage\/ws-pocket-card-wallets\/#breadcrumb","itemListElement":[{"@type":"ListItem","position":1,"name":"Home","item":"https:\/\/fredfloris.eu\/"},{"@type":"ListItem","position":2,"name":"Shop","item":"https:\/\/fredfloris.eu\/shop\/"},{"@type":"ListItem","position":3,"name":"Wayfaring Stranger &#8211; Card Wallets"}]},{"@type":"WebSite","@id":"https:\/\/fredfloris.eu\/#website","url":"https:\/\/fredfloris.eu\/","name":"FredFloris","description":"K\u00e4sintehdyt nahkatavarat - Made in Sweden","publisher":{"@id":"https:\/\/fredfloris.eu\/#organization"},"potentialAction":[{"@type":"SearchAction","target":{"@type":"EntryPoint","urlTemplate":"https:\/\/fredfloris.eu\/?s={search_term_string}"},"query-input":{"@type":"PropertyValueSpecification","valueRequired":true,"valueName":"search_term_string"}}],"inLanguage":"fi"},{"@type":"Organization","@id":"https:\/\/fredfloris.eu\/#organization","name":"FredFloris","url":"https:\/\/fredfloris.eu\/","logo":{"@type":"ImageObject","inLanguage":"fi","@id":"https:\/\/fredfloris.eu\/#\/schema\/logo\/image\/","url":"https:\/\/fredfloris.eu\/wp-content\/uploads\/2022\/03\/FredFloris-med-hel-nal-och-text.png","contentUrl":"https:\/\/fredfloris.eu\/wp-content\/uploads\/2022\/03\/FredFloris-med-hel-nal-och-text.png","width":591,"height":283,"caption":"FredFloris"},"image":{"@id":"https:\/\/fredfloris.eu\/#\/schema\/logo\/image\/"},"sameAs":["https:\/\/www.facebook.com\/FredFloris.Artisan.Studio\/","https:\/\/x.com\/_fredfloris_","https:\/\/www.instagram.com\/fredfloris.artisan.studio\/"]}]}},"brands":[{"id":203,"name":"FredFloris","slug":"fredfloris"}],"_links":{"self":[{"href":"https:\/\/fredfloris.eu\/fi\/wp-json\/wp\/v2\/product\/5185","targetHints":{"allow":["GET"]}}],"collection":[{"href":"https:\/\/fredfloris.eu\/fi\/wp-json\/wp\/v2\/product"}],"about":[{"href":"https:\/\/fredfloris.eu\/fi\/wp-json\/wp\/v2\/types\/product"}],"version-history":[{"count":14,"href":"https:\/\/fredfloris.eu\/fi\/wp-json\/wp\/v2\/product\/5185\/revisions"}],"predecessor-version":[{"id":11542,"href":"https:\/\/fredfloris.eu\/fi\/wp-json\/wp\/v2\/product\/5185\/revisions\/11542"}],"wp:featuredmedia":[{"embeddable":true,"href":"https:\/\/fredfloris.eu\/fi\/wp-json\/wp\/v2\/media\/3329"}],"wp:attachment":[{"href":"https:\/\/fredfloris.eu\/fi\/wp-json\/wp\/v2\/media?parent=5185"}],"wp:term":[{"taxonomy":"pwb-brand","embeddable":true,"href":"https:\/\/fredfloris.eu\/fi\/wp-json\/wp\/v2\/pwb-brand?post=5185"},{"taxonomy":"product_brand","embeddable":true,"href":"https:\/\/fredfloris.eu\/fi\/wp-json\/wp\/v2\/product_brand?post=5185"},{"taxonomy":"product_cat","embeddable":true,"href":"https:\/\/fredfloris.eu\/fi\/wp-json\/wp\/v2\/product_cat?post=5185"},{"taxonomy":"product_tag","embeddable":true,"href":"https:\/\/fredfloris.eu\/fi\/wp-json\/wp\/v2\/product_tag?post=5185"},{"taxonomy":"woo-feed-brand","embeddable":true,"href":"https:\/\/fredfloris.eu\/fi\/wp-json\/wp\/v2\/woo-feed-brand?post=5185"}],"curies":[{"name":"wp","href":"https:\/\/api.w.org\/{rel}","templated":true}]}}