{"id":5210,"date":"2022-05-16T20:25:45","date_gmt":"2022-05-16T18:25:45","guid":{"rendered":"https:\/\/fredfloris.eu\/?post_type=product&#038;p=5210"},"modified":"2024-06-24T22:09:15","modified_gmt":"2024-06-24T20:09:15","slug":"address-notes","status":"publish","type":"product","link":"https:\/\/fredfloris.eu\/fi\/productpage\/address-notes\/","title":{"rendered":"Osoitetarra matkalappuja varten"},"content":{"rendered":"<p><strong>Varmista, ett\u00e4 matkatavarasi l\u00f6yt\u00e4v\u00e4t aina tiens\u00e4 takaisin luoksesi tyylikk\u00e4iden henkil\u00f6kohtaisten osoitetarrojen avulla.<\/strong>\u00a0Mukana jokaisessa <a href=\"https:\/\/fredfloris.eu\/fi\/productpage\/hl-travel-tags\/?wmc-currency=EUR\">Matkailutunniste<\/a> ostoksella on ilmainen henkil\u00f6kohtainen laserkaiverrus (alennus lis\u00e4t\u00e4\u00e4n automaattisesti ostoskoriin).<\/p>\n<p><strong>Tutustu mukauttamiseen:<\/strong> \u00a0<a href=\"https:\/\/fredfloris.eu\/fi\/personalize-guide\/?wmc-currency=EUR\">Lue oppaamme t\u00e4m\u00e4n tuotteen personoimisesta.<\/a><\/p>\n<p><strong>Ensiluokkaiset materiaalit:<\/strong> Osoitetarrat on valmistettu kasviparkitusta t\u00e4ysjyv\u00e4isest\u00e4 vasikan nahasta. Nahka on per\u00e4isin Italiasta, mik\u00e4 takaa huippulaadun, joka kest\u00e4\u00e4 matkan vaativia olosuhteita.<\/p>\n<p><strong>Tuotteen tekniset tiedot:<\/strong><\/p>\n<ul>\n<li><strong>Valmistetaan kokonaan k\u00e4sity\u00f6n\u00e4 perheomisteisessa Leather Art Studiossamme.<\/strong><\/li>\n<li><strong>Henkil\u00f6kohtainen laserkaiverrus:<\/strong> Lis\u00e4\u00e4 henkil\u00f6kohtainen kosketuksesi kaiverruksella, joka tekee matkalipukkeestasi ainutlaatuisen omasi.<\/li>\n<li><strong>Korkealaatuinen nahka:<\/strong> Valmistettu kasviparkitusta t\u00e4ysjyv\u00e4isest\u00e4 vasikan nahasta, joka takaa hienostuneen ulkon\u00e4\u00f6n ja kest\u00e4vyyden.<\/li>\n<\/ul>\n<p>&nbsp;<\/p>","protected":false},"excerpt":{"rendered":"<p>Mapel toimittaa t\u00e4m\u00e4n aniliinilla viimeistellyn nahan yhteisty\u00f6ss\u00e4 Toscanan parkitusalueen yritysten kanssa, ja se on parkittu muinaisella toscanalaisella Vacchetta-reseptill\u00e4.<\/p>","protected":false},"featured_media":5206,"template":"","meta":[],"pwb-brand":[203],"product_brand":[],"product_cat":[157,100,103],"product_tag":[123,136,146,105],"woo-feed-brand":[],"class_list":{"0":"post-5210","1":"product","2":"type-product","3":"status-publish","4":"has-post-thumbnail","6":"pwb-brand-fredfloris","7":"product_cat-address-notes","8":"product_cat-leathergoods","9":"product_cat-travel-tags","10":"product_tag-full-grain-leather","11":"product_tag-handmade","12":"product_tag-laser-engraving","13":"product_tag-made-to-order","14":"product_shipping_class-small-goods","15":"pa_leather-colour-natural","17":"first","18":"instock","19":"taxable","20":"shipping-taxable","21":"purchasable","22":"product-type-simple"},"yoast_head":"<!-- This site is optimized with the Yoast SEO plugin v27.2 - https:\/\/yoast.com\/product\/yoast-seo-wordpress\/ -->\n<title>Personalised Address Label for FredFloris Travel Tags | FredFloris<\/title>\n<meta name=\"description\" content=\"Choose words and style of the personalised laser engraving on the address label, perfectly fits our travel tags.\" \/>\n<meta name=\"robots\" content=\"index, follow, max-snippet:-1, max-image-preview:large, max-video-preview:-1\" \/>\n<link rel=\"canonical\" href=\"https:\/\/fredfloris.eu\/fi\/productpage\/address-notes\/?wmc-currency=EUR\" \/>\n<meta property=\"og:locale\" content=\"fi_FI\" \/>\n<meta property=\"og:type\" content=\"article\" \/>\n<meta property=\"og:title\" content=\"Personalised Address Label for FredFloris Travel Tags | FredFloris\" \/>\n<meta property=\"og:description\" content=\"Choose words and style of the personalised laser engraving on the address label, perfectly fits our travel tags.\" \/>\n<meta property=\"og:url\" content=\"https:\/\/fredfloris.eu\/fi\/productpage\/address-notes\/?wmc-currency=EUR\" \/>\n<meta property=\"og:site_name\" content=\"FredFloris\" \/>\n<meta property=\"article:publisher\" content=\"https:\/\/www.facebook.com\/FredFloris.Artisan.Studio\/\" \/>\n<meta property=\"article:modified_time\" content=\"2024-06-24T20:09:15+00:00\" \/>\n<meta property=\"og:image\" content=\"https:\/\/fredfloris.eu\/wp-content\/uploads\/2022\/05\/IMG_2710-1-scaled.jpg\" \/>\n\t<meta property=\"og:image:width\" content=\"2560\" \/>\n\t<meta property=\"og:image:height\" content=\"1707\" \/>\n\t<meta property=\"og:image:type\" content=\"image\/jpeg\" \/>\n<meta name=\"twitter:card\" content=\"summary_large_image\" \/>\n<meta name=\"twitter:site\" content=\"@_fredfloris_\" \/>\n<meta name=\"twitter:label1\" content=\"Arvioitu lukuaika\" \/>\n\t<meta name=\"twitter:data1\" content=\"1 minuutti\" \/>\n<script type=\"application\/ld+json\" class=\"yoast-schema-graph\">{\"@context\":\"https:\/\/schema.org\",\"@graph\":[{\"@type\":\"WebPage\",\"@id\":\"https:\/\/fredfloris.eu\/productpage\/address-notes\/\",\"url\":\"https:\/\/fredfloris.eu\/productpage\/address-notes\/\",\"name\":\"Personalised Address Label for FredFloris Travel Tags | FredFloris\",\"isPartOf\":{\"@id\":\"https:\/\/fredfloris.eu\/#website\"},\"primaryImageOfPage\":{\"@id\":\"https:\/\/fredfloris.eu\/productpage\/address-notes\/#primaryimage\"},\"image\":{\"@id\":\"https:\/\/fredfloris.eu\/productpage\/address-notes\/#primaryimage\"},\"thumbnailUrl\":\"https:\/\/fredfloris.eu\/wp-content\/uploads\/2022\/05\/IMG_2710-1-scaled.jpg\",\"datePublished\":\"2022-05-16T18:25:45+00:00\",\"dateModified\":\"2024-06-24T20:09:15+00:00\",\"description\":\"Choose words and style of the personalised laser engraving on the address label, perfectly fits our travel tags.\",\"breadcrumb\":{\"@id\":\"https:\/\/fredfloris.eu\/productpage\/address-notes\/#breadcrumb\"},\"inLanguage\":\"fi\",\"potentialAction\":[{\"@type\":\"ReadAction\",\"target\":[\"https:\/\/fredfloris.eu\/productpage\/address-notes\/\"]}]},{\"@type\":\"ImageObject\",\"inLanguage\":\"fi\",\"@id\":\"https:\/\/fredfloris.eu\/productpage\/address-notes\/#primaryimage\",\"url\":\"https:\/\/fredfloris.eu\/wp-content\/uploads\/2022\/05\/IMG_2710-1-scaled.jpg\",\"contentUrl\":\"https:\/\/fredfloris.eu\/wp-content\/uploads\/2022\/05\/IMG_2710-1-scaled.jpg\",\"width\":2560,\"height\":1707,\"caption\":\"Product: Address Label for Travel Tags, Laser Engraving Available, Colour: Natural\"},{\"@type\":\"BreadcrumbList\",\"@id\":\"https:\/\/fredfloris.eu\/productpage\/address-notes\/#breadcrumb\",\"itemListElement\":[{\"@type\":\"ListItem\",\"position\":1,\"name\":\"Home\",\"item\":\"https:\/\/fredfloris.eu\/\"},{\"@type\":\"ListItem\",\"position\":2,\"name\":\"Shop\",\"item\":\"https:\/\/fredfloris.eu\/shop\/\"},{\"@type\":\"ListItem\",\"position\":3,\"name\":\"Address Label for Travel Tags\"}]},{\"@type\":\"WebSite\",\"@id\":\"https:\/\/fredfloris.eu\/#website\",\"url\":\"https:\/\/fredfloris.eu\/\",\"name\":\"FredFloris\",\"description\":\"Handcrafted Leathergoods - Made in Sweden\",\"publisher\":{\"@id\":\"https:\/\/fredfloris.eu\/#organization\"},\"potentialAction\":[{\"@type\":\"SearchAction\",\"target\":{\"@type\":\"EntryPoint\",\"urlTemplate\":\"https:\/\/fredfloris.eu\/?s={search_term_string}\"},\"query-input\":{\"@type\":\"PropertyValueSpecification\",\"valueRequired\":true,\"valueName\":\"search_term_string\"}}],\"inLanguage\":\"fi\"},{\"@type\":\"Organization\",\"@id\":\"https:\/\/fredfloris.eu\/#organization\",\"name\":\"FredFloris\",\"url\":\"https:\/\/fredfloris.eu\/\",\"logo\":{\"@type\":\"ImageObject\",\"inLanguage\":\"fi\",\"@id\":\"https:\/\/fredfloris.eu\/#\/schema\/logo\/image\/\",\"url\":\"https:\/\/fredfloris.eu\/wp-content\/uploads\/2022\/03\/FredFloris-med-hel-nal-och-text.png\",\"contentUrl\":\"https:\/\/fredfloris.eu\/wp-content\/uploads\/2022\/03\/FredFloris-med-hel-nal-och-text.png\",\"width\":591,\"height\":283,\"caption\":\"FredFloris\"},\"image\":{\"@id\":\"https:\/\/fredfloris.eu\/#\/schema\/logo\/image\/\"},\"sameAs\":[\"https:\/\/www.facebook.com\/FredFloris.Artisan.Studio\/\",\"https:\/\/x.com\/_fredfloris_\",\"https:\/\/www.instagram.com\/fredfloris.artisan.studio\/\"]}]}<\/script>\n<!-- \/ Yoast SEO plugin. -->","yoast_head_json":{"title":"Henkil\u00f6kohtainen osoitetarra FredFloris matkalappuja varten | FredFloris","description":"Valitse sanat ja tyyli henkil\u00f6kohtaiseen laserkaiverrukseen osoitetarraan, joka sopii t\u00e4ydellisesti matkatunnisteisiimme.","robots":{"index":"index","follow":"follow","max-snippet":"max-snippet:-1","max-image-preview":"max-image-preview:large","max-video-preview":"max-video-preview:-1"},"canonical":"https:\/\/fredfloris.eu\/fi\/productpage\/address-notes\/?wmc-currency=EUR","og_locale":"fi_FI","og_type":"article","og_title":"Personalised Address Label for FredFloris Travel Tags | FredFloris","og_description":"Choose words and style of the personalised laser engraving on the address label, perfectly fits our travel tags.","og_url":"https:\/\/fredfloris.eu\/fi\/productpage\/address-notes\/?wmc-currency=EUR","og_site_name":"FredFloris","article_publisher":"https:\/\/www.facebook.com\/FredFloris.Artisan.Studio\/","article_modified_time":"2024-06-24T20:09:15+00:00","og_image":[{"width":2560,"height":1707,"url":"https:\/\/fredfloris.eu\/wp-content\/uploads\/2022\/05\/IMG_2710-1-scaled.jpg","type":"image\/jpeg"}],"twitter_card":"summary_large_image","twitter_site":"@_fredfloris_","twitter_misc":{"Arvioitu lukuaika":"1 minuutti"},"schema":{"@context":"https:\/\/schema.org","@graph":[{"@type":"WebPage","@id":"https:\/\/fredfloris.eu\/productpage\/address-notes\/","url":"https:\/\/fredfloris.eu\/productpage\/address-notes\/","name":"Henkil\u00f6kohtainen osoitetarra FredFloris matkalappuja varten | FredFloris","isPartOf":{"@id":"https:\/\/fredfloris.eu\/#website"},"primaryImageOfPage":{"@id":"https:\/\/fredfloris.eu\/productpage\/address-notes\/#primaryimage"},"image":{"@id":"https:\/\/fredfloris.eu\/productpage\/address-notes\/#primaryimage"},"thumbnailUrl":"https:\/\/fredfloris.eu\/wp-content\/uploads\/2022\/05\/IMG_2710-1-scaled.jpg","datePublished":"2022-05-16T18:25:45+00:00","dateModified":"2024-06-24T20:09:15+00:00","description":"Valitse sanat ja tyyli henkil\u00f6kohtaiseen laserkaiverrukseen osoitetarraan, joka sopii t\u00e4ydellisesti matkatunnisteisiimme.","breadcrumb":{"@id":"https:\/\/fredfloris.eu\/productpage\/address-notes\/#breadcrumb"},"inLanguage":"fi","potentialAction":[{"@type":"ReadAction","target":["https:\/\/fredfloris.eu\/productpage\/address-notes\/"]}]},{"@type":"ImageObject","inLanguage":"fi","@id":"https:\/\/fredfloris.eu\/productpage\/address-notes\/#primaryimage","url":"https:\/\/fredfloris.eu\/wp-content\/uploads\/2022\/05\/IMG_2710-1-scaled.jpg","contentUrl":"https:\/\/fredfloris.eu\/wp-content\/uploads\/2022\/05\/IMG_2710-1-scaled.jpg","width":2560,"height":1707,"caption":"Product: Address Label for Travel Tags, Laser Engraving Available, Colour: Natural"},{"@type":"BreadcrumbList","@id":"https:\/\/fredfloris.eu\/productpage\/address-notes\/#breadcrumb","itemListElement":[{"@type":"ListItem","position":1,"name":"Home","item":"https:\/\/fredfloris.eu\/"},{"@type":"ListItem","position":2,"name":"Shop","item":"https:\/\/fredfloris.eu\/shop\/"},{"@type":"ListItem","position":3,"name":"Address Label for Travel Tags"}]},{"@type":"WebSite","@id":"https:\/\/fredfloris.eu\/#website","url":"https:\/\/fredfloris.eu\/","name":"FredFloris","description":"K\u00e4sintehdyt nahkatavarat - Made in Sweden","publisher":{"@id":"https:\/\/fredfloris.eu\/#organization"},"potentialAction":[{"@type":"SearchAction","target":{"@type":"EntryPoint","urlTemplate":"https:\/\/fredfloris.eu\/?s={search_term_string}"},"query-input":{"@type":"PropertyValueSpecification","valueRequired":true,"valueName":"search_term_string"}}],"inLanguage":"fi"},{"@type":"Organization","@id":"https:\/\/fredfloris.eu\/#organization","name":"FredFloris","url":"https:\/\/fredfloris.eu\/","logo":{"@type":"ImageObject","inLanguage":"fi","@id":"https:\/\/fredfloris.eu\/#\/schema\/logo\/image\/","url":"https:\/\/fredfloris.eu\/wp-content\/uploads\/2022\/03\/FredFloris-med-hel-nal-och-text.png","contentUrl":"https:\/\/fredfloris.eu\/wp-content\/uploads\/2022\/03\/FredFloris-med-hel-nal-och-text.png","width":591,"height":283,"caption":"FredFloris"},"image":{"@id":"https:\/\/fredfloris.eu\/#\/schema\/logo\/image\/"},"sameAs":["https:\/\/www.facebook.com\/FredFloris.Artisan.Studio\/","https:\/\/x.com\/_fredfloris_","https:\/\/www.instagram.com\/fredfloris.artisan.studio\/"]}]}},"brands":[{"id":203,"name":"FredFloris","slug":"fredfloris"}],"_links":{"self":[{"href":"https:\/\/fredfloris.eu\/fi\/wp-json\/wp\/v2\/product\/5210","targetHints":{"allow":["GET"]}}],"collection":[{"href":"https:\/\/fredfloris.eu\/fi\/wp-json\/wp\/v2\/product"}],"about":[{"href":"https:\/\/fredfloris.eu\/fi\/wp-json\/wp\/v2\/types\/product"}],"version-history":[{"count":11,"href":"https:\/\/fredfloris.eu\/fi\/wp-json\/wp\/v2\/product\/5210\/revisions"}],"predecessor-version":[{"id":11560,"href":"https:\/\/fredfloris.eu\/fi\/wp-json\/wp\/v2\/product\/5210\/revisions\/11560"}],"wp:featuredmedia":[{"embeddable":true,"href":"https:\/\/fredfloris.eu\/fi\/wp-json\/wp\/v2\/media\/5206"}],"wp:attachment":[{"href":"https:\/\/fredfloris.eu\/fi\/wp-json\/wp\/v2\/media?parent=5210"}],"wp:term":[{"taxonomy":"pwb-brand","embeddable":true,"href":"https:\/\/fredfloris.eu\/fi\/wp-json\/wp\/v2\/pwb-brand?post=5210"},{"taxonomy":"product_brand","embeddable":true,"href":"https:\/\/fredfloris.eu\/fi\/wp-json\/wp\/v2\/product_brand?post=5210"},{"taxonomy":"product_cat","embeddable":true,"href":"https:\/\/fredfloris.eu\/fi\/wp-json\/wp\/v2\/product_cat?post=5210"},{"taxonomy":"product_tag","embeddable":true,"href":"https:\/\/fredfloris.eu\/fi\/wp-json\/wp\/v2\/product_tag?post=5210"},{"taxonomy":"woo-feed-brand","embeddable":true,"href":"https:\/\/fredfloris.eu\/fi\/wp-json\/wp\/v2\/woo-feed-brand?post=5210"}],"curies":[{"name":"wp","href":"https:\/\/api.w.org\/{rel}","templated":true}]}}