{"id":5267,"date":"2022-05-17T22:19:26","date_gmt":"2022-05-17T20:19:26","guid":{"rendered":"https:\/\/fredfloris.eu\/?post_type=product&#038;p=5267"},"modified":"2024-07-23T20:24:25","modified_gmt":"2024-07-23T18:24:25","slug":"baby-blue-leaf-pearl-earring","status":"publish","type":"product","link":"https:\/\/fredfloris.eu\/fi\/productpage\/baby-blue-leaf-pearl-earring\/","title":{"rendered":"Baby Blue - Tiny Leaf Swarovski Helmi korvakorut Studs"},"content":{"rendered":"<p><strong>Esittelyss\u00e4 Swarovski helmikorvakorut, jotka ovat kultaisten lehtien sis\u00e4ll\u00e4 ja antavat ripauksen ajatonta eleganssia.<\/strong> N\u00e4iss\u00e4 herkiss\u00e4 nastakorvakoruissa on Swarovski helmi, joka on k\u00e4tkeytynyt kultaisten lehtien kaarevaan haaraan, joka muistuttaa uuden p\u00e4iv\u00e4n aamunkoittoa. Helmi\u00e4isen ja kullan yhdistelm\u00e4 tuo mieleen klassisen Hollywood-tyylin, joka lis\u00e4\u00e4 kiehtovuutta mihin tahansa asuun.<\/p>\n<p><strong>Saatavilla olevat vaihtoehdot:<\/strong> Valmistettu 925 Sterling Silver 24K kullalla.<\/p>\n<p><strong>Swarovski Helmet:<\/strong> N\u00e4m\u00e4 helmet ovat luonnonhelmien hienoja kopioita, jotka tarjoavat virheett\u00f6m\u00e4n kiillon murto-osalla hinnasta. Swarovski-helmet on suunniteltu s\u00e4ilytt\u00e4m\u00e4\u00e4n kiiltonsa ja kauneutensa riippumatta siit\u00e4, kuinka usein niit\u00e4 k\u00e4ytet\u00e4\u00e4n, ja ne ovat osoitus kest\u00e4v\u00e4st\u00e4 tyylikkyydest\u00e4.<\/p>\n<p><strong>Harkittu lahjaidea:<\/strong> Helmi\u00e4 lahjoitetaan perinteisesti 30-vuotish\u00e4\u00e4p\u00e4iv\u00e4n\u00e4, joten n\u00e4m\u00e4 korvakorut ovat harkittu ja ylellinen valinta. Ne ovat my\u00f6s t\u00e4ydelliset kes\u00e4kuun syntym\u00e4p\u00e4iville, jolloin helmet ovat syntym\u00e4kivi, ja ne osoittavat, kuinka paljon v\u00e4lit\u00e4t t\u00e4st\u00e4 erityisest\u00e4 ihmisest\u00e4.<\/p>\n<p><strong>Hypoallergeeninen:<\/strong> N\u00e4iden pienten korvakorujen kullattu hopea ei sis\u00e4ll\u00e4 nikkeli\u00e4, joten ne eiv\u00e4t haalistu eiv\u00e4tk\u00e4 \u00e4rsyt\u00e4 ihoa. Turvallinen lukko pit\u00e4\u00e4 korvakorut mukavasti paikoillaan koko p\u00e4iv\u00e4n.<\/p>\n<p><strong>Korujen hoito:<\/strong> S\u00e4ilyt\u00e4 korvakorut pehme\u00e4ss\u00e4 laatikossa tai pussissa erill\u00e4\u00e4n muista koruista, jotta ne s\u00e4ilyv\u00e4t koskemattomina. V\u00e4lt\u00e4 altistumista kemikaaleille vaurioiden v\u00e4ltt\u00e4miseksi. Platinointi, olipa se sitten platinaa tai kultaa, on herkk\u00e4 ja haalistuu ajan my\u00f6t\u00e4, kuten kaikki pinnoitteet. Rajoita kosketusta kemikaalien ja ihon kanssa pident\u00e4\u00e4ksesi pinnoituksen k\u00e4ytt\u00f6ik\u00e4\u00e4.<\/p>\n<p>&nbsp;<\/p>\n<p>Hakusanat: Hopeiset korvakorut, hopeiset korvakorut.<\/p>","protected":false},"excerpt":{"rendered":"<p><strong>TUOTTEEN MITAT - <\/strong>Tuotteen paino: 1,25 g (pari) Korkeus: 10,50 mm, leveys: 6,70 mm. 24K kullattu 925 Sterling hopea - 0,4 \u00b5m. Korvakorun tulpassa on silikoninen sis\u00e4osa. SKU: bab\/ear\/gol\/pea Tuotemerkki: Bab\/ear\/gol\/pea: FredFloris &amp; Partner<\/p>\n<pre><\/pre>\n<p>Kokenut kumppanimme Puolassa valmistaa korvakorujen pohjan. K\u00e4yt\u00e4mme 0,4 \u00b5m:n paksuista pinnoitettua hopeaa, koska se ei tummenna tai himment\u00e4\u00e4 koruja. Tuote kest\u00e4\u00e4 jonkin verran v\u00e4rj\u00e4ytymist\u00e4, mutta muista noudattaa hoito-ohjeitamme pident\u00e4\u00e4ksesi uusien korujesi k\u00e4ytt\u00f6ik\u00e4\u00e4.<\/p>","protected":false},"featured_media":4802,"template":"","meta":[],"pwb-brand":[204],"product_brand":[],"product_cat":[113,101,114],"product_tag":[174,163,164,135,195],"woo-feed-brand":[],"class_list":{"0":"post-5267","1":"product","2":"type-product","3":"status-publish","4":"has-post-thumbnail","6":"pwb-brand-fredfloris-partner","7":"product_cat-earrings","8":"product_cat-jewelry","9":"product_cat-stud-earrings","10":"product_tag-back-stopper","11":"product_tag-gold","12":"product_tag-silver","13":"product_tag-stocked","14":"product_tag-swarovski","15":"product_shipping_class-small-goods","17":"first","18":"instock","19":"taxable","20":"shipping-taxable","21":"purchasable","22":"product-type-simple"},"yoast_head":"<!-- This site is optimized with the Yoast SEO plugin v27.2 - https:\/\/yoast.com\/product\/yoast-seo-wordpress\/ -->\n<title>Baby Blue - Tiny Leaf Swarovski Pearl Earrings Studs | FredFloris<\/title>\n<meta name=\"description\" content=\"Leaf Swarovski small stud pearl earring, 24K Gold Plated 925 Sterling Silver. They feature a delicate leaf design alongside shining pearls.\" \/>\n<meta name=\"robots\" content=\"index, follow, max-snippet:-1, max-image-preview:large, max-video-preview:-1\" \/>\n<link rel=\"canonical\" href=\"https:\/\/fredfloris.eu\/fi\/productpage\/baby-blue-leaf-pearl-earring\/?wmc-currency=EUR\" \/>\n<meta property=\"og:locale\" content=\"fi_FI\" \/>\n<meta property=\"og:type\" content=\"article\" \/>\n<meta property=\"og:title\" content=\"Baby Blue - Tiny Leaf Swarovski Pearl Earrings Studs | FredFloris\" \/>\n<meta property=\"og:description\" content=\"Leaf Swarovski small stud pearl earring, 24K Gold Plated 925 Sterling Silver. They feature a delicate leaf design alongside shining pearls.\" \/>\n<meta property=\"og:url\" content=\"https:\/\/fredfloris.eu\/fi\/productpage\/baby-blue-leaf-pearl-earring\/?wmc-currency=EUR\" \/>\n<meta property=\"og:site_name\" content=\"FredFloris\" \/>\n<meta property=\"article:publisher\" content=\"https:\/\/www.facebook.com\/FredFloris.Artisan.Studio\/\" \/>\n<meta property=\"article:modified_time\" content=\"2024-07-23T18:24:25+00:00\" \/>\n<meta property=\"og:image\" content=\"https:\/\/fredfloris.eu\/wp-content\/uploads\/2022\/05\/IMG_0776-scaled.jpg\" \/>\n\t<meta property=\"og:image:width\" content=\"2560\" \/>\n\t<meta property=\"og:image:height\" content=\"1707\" \/>\n\t<meta property=\"og:image:type\" content=\"image\/jpeg\" \/>\n<meta name=\"twitter:card\" content=\"summary_large_image\" \/>\n<meta name=\"twitter:site\" content=\"@_fredfloris_\" \/>\n<meta name=\"twitter:label1\" content=\"Arvioitu lukuaika\" \/>\n\t<meta name=\"twitter:data1\" content=\"2 minuuttia\" \/>\n<script type=\"application\/ld+json\" class=\"yoast-schema-graph\">{\"@context\":\"https:\/\/schema.org\",\"@graph\":[{\"@type\":\"WebPage\",\"@id\":\"https:\/\/fredfloris.eu\/productpage\/baby-blue-leaf-pearl-earring\/\",\"url\":\"https:\/\/fredfloris.eu\/productpage\/baby-blue-leaf-pearl-earring\/\",\"name\":\"Baby Blue - Tiny Leaf Swarovski Pearl Earrings Studs | FredFloris\",\"isPartOf\":{\"@id\":\"https:\/\/fredfloris.eu\/#website\"},\"primaryImageOfPage\":{\"@id\":\"https:\/\/fredfloris.eu\/productpage\/baby-blue-leaf-pearl-earring\/#primaryimage\"},\"image\":{\"@id\":\"https:\/\/fredfloris.eu\/productpage\/baby-blue-leaf-pearl-earring\/#primaryimage\"},\"thumbnailUrl\":\"https:\/\/fredfloris.eu\/wp-content\/uploads\/2022\/05\/IMG_0776-scaled.jpg\",\"datePublished\":\"2022-05-17T20:19:26+00:00\",\"dateModified\":\"2024-07-23T18:24:25+00:00\",\"description\":\"Leaf Swarovski small stud pearl earring, 24K Gold Plated 925 Sterling Silver. They feature a delicate leaf design alongside shining pearls.\",\"breadcrumb\":{\"@id\":\"https:\/\/fredfloris.eu\/productpage\/baby-blue-leaf-pearl-earring\/#breadcrumb\"},\"inLanguage\":\"fi\",\"potentialAction\":[{\"@type\":\"ReadAction\",\"target\":[\"https:\/\/fredfloris.eu\/productpage\/baby-blue-leaf-pearl-earring\/\"]}]},{\"@type\":\"ImageObject\",\"inLanguage\":\"fi\",\"@id\":\"https:\/\/fredfloris.eu\/productpage\/baby-blue-leaf-pearl-earring\/#primaryimage\",\"url\":\"https:\/\/fredfloris.eu\/wp-content\/uploads\/2022\/05\/IMG_0776-scaled.jpg\",\"contentUrl\":\"https:\/\/fredfloris.eu\/wp-content\/uploads\/2022\/05\/IMG_0776-scaled.jpg\",\"width\":2560,\"height\":1707,\"caption\":\"Product: Pearl Earrings Studs \u2013 Gold Plated Silver\"},{\"@type\":\"BreadcrumbList\",\"@id\":\"https:\/\/fredfloris.eu\/productpage\/baby-blue-leaf-pearl-earring\/#breadcrumb\",\"itemListElement\":[{\"@type\":\"ListItem\",\"position\":1,\"name\":\"Home\",\"item\":\"https:\/\/fredfloris.eu\/\"},{\"@type\":\"ListItem\",\"position\":2,\"name\":\"Shop\",\"item\":\"https:\/\/fredfloris.eu\/shop\/\"},{\"@type\":\"ListItem\",\"position\":3,\"name\":\"Baby Blue &#8211; Tiny Leaf Swarovski Pearl Earrings Studs\"}]},{\"@type\":\"WebSite\",\"@id\":\"https:\/\/fredfloris.eu\/#website\",\"url\":\"https:\/\/fredfloris.eu\/\",\"name\":\"FredFloris\",\"description\":\"Handcrafted Leathergoods - Made in Sweden\",\"publisher\":{\"@id\":\"https:\/\/fredfloris.eu\/#organization\"},\"potentialAction\":[{\"@type\":\"SearchAction\",\"target\":{\"@type\":\"EntryPoint\",\"urlTemplate\":\"https:\/\/fredfloris.eu\/?s={search_term_string}\"},\"query-input\":{\"@type\":\"PropertyValueSpecification\",\"valueRequired\":true,\"valueName\":\"search_term_string\"}}],\"inLanguage\":\"fi\"},{\"@type\":\"Organization\",\"@id\":\"https:\/\/fredfloris.eu\/#organization\",\"name\":\"FredFloris\",\"url\":\"https:\/\/fredfloris.eu\/\",\"logo\":{\"@type\":\"ImageObject\",\"inLanguage\":\"fi\",\"@id\":\"https:\/\/fredfloris.eu\/#\/schema\/logo\/image\/\",\"url\":\"https:\/\/fredfloris.eu\/wp-content\/uploads\/2022\/03\/FredFloris-med-hel-nal-och-text.png\",\"contentUrl\":\"https:\/\/fredfloris.eu\/wp-content\/uploads\/2022\/03\/FredFloris-med-hel-nal-och-text.png\",\"width\":591,\"height\":283,\"caption\":\"FredFloris\"},\"image\":{\"@id\":\"https:\/\/fredfloris.eu\/#\/schema\/logo\/image\/\"},\"sameAs\":[\"https:\/\/www.facebook.com\/FredFloris.Artisan.Studio\/\",\"https:\/\/x.com\/_fredfloris_\",\"https:\/\/www.instagram.com\/fredfloris.artisan.studio\/\"]}]}<\/script>\n<!-- \/ Yoast SEO plugin. -->","yoast_head_json":{"title":"Baby Blue - Tiny Leaf Swarovski Helmi korvakorut Studs | FredFloris","description":"Leaf Swarovski pieni nastahelmikorvakoru, 24K kullattu 925 Sterling Silver. Niiss\u00e4 on herkk\u00e4 lehtikuvio sek\u00e4 kiilt\u00e4vi\u00e4 helmi\u00e4.","robots":{"index":"index","follow":"follow","max-snippet":"max-snippet:-1","max-image-preview":"max-image-preview:large","max-video-preview":"max-video-preview:-1"},"canonical":"https:\/\/fredfloris.eu\/fi\/productpage\/baby-blue-leaf-pearl-earring\/?wmc-currency=EUR","og_locale":"fi_FI","og_type":"article","og_title":"Baby Blue - Tiny Leaf Swarovski Pearl Earrings Studs | FredFloris","og_description":"Leaf Swarovski small stud pearl earring, 24K Gold Plated 925 Sterling Silver. They feature a delicate leaf design alongside shining pearls.","og_url":"https:\/\/fredfloris.eu\/fi\/productpage\/baby-blue-leaf-pearl-earring\/?wmc-currency=EUR","og_site_name":"FredFloris","article_publisher":"https:\/\/www.facebook.com\/FredFloris.Artisan.Studio\/","article_modified_time":"2024-07-23T18:24:25+00:00","og_image":[{"width":2560,"height":1707,"url":"https:\/\/fredfloris.eu\/wp-content\/uploads\/2022\/05\/IMG_0776-scaled.jpg","type":"image\/jpeg"}],"twitter_card":"summary_large_image","twitter_site":"@_fredfloris_","twitter_misc":{"Arvioitu lukuaika":"2 minuuttia"},"schema":{"@context":"https:\/\/schema.org","@graph":[{"@type":"WebPage","@id":"https:\/\/fredfloris.eu\/productpage\/baby-blue-leaf-pearl-earring\/","url":"https:\/\/fredfloris.eu\/productpage\/baby-blue-leaf-pearl-earring\/","name":"Baby Blue - Tiny Leaf Swarovski Helmi korvakorut Studs | FredFloris","isPartOf":{"@id":"https:\/\/fredfloris.eu\/#website"},"primaryImageOfPage":{"@id":"https:\/\/fredfloris.eu\/productpage\/baby-blue-leaf-pearl-earring\/#primaryimage"},"image":{"@id":"https:\/\/fredfloris.eu\/productpage\/baby-blue-leaf-pearl-earring\/#primaryimage"},"thumbnailUrl":"https:\/\/fredfloris.eu\/wp-content\/uploads\/2022\/05\/IMG_0776-scaled.jpg","datePublished":"2022-05-17T20:19:26+00:00","dateModified":"2024-07-23T18:24:25+00:00","description":"Leaf Swarovski pieni nastahelmikorvakoru, 24K kullattu 925 Sterling Silver. Niiss\u00e4 on herkk\u00e4 lehtikuvio sek\u00e4 kiilt\u00e4vi\u00e4 helmi\u00e4.","breadcrumb":{"@id":"https:\/\/fredfloris.eu\/productpage\/baby-blue-leaf-pearl-earring\/#breadcrumb"},"inLanguage":"fi","potentialAction":[{"@type":"ReadAction","target":["https:\/\/fredfloris.eu\/productpage\/baby-blue-leaf-pearl-earring\/"]}]},{"@type":"ImageObject","inLanguage":"fi","@id":"https:\/\/fredfloris.eu\/productpage\/baby-blue-leaf-pearl-earring\/#primaryimage","url":"https:\/\/fredfloris.eu\/wp-content\/uploads\/2022\/05\/IMG_0776-scaled.jpg","contentUrl":"https:\/\/fredfloris.eu\/wp-content\/uploads\/2022\/05\/IMG_0776-scaled.jpg","width":2560,"height":1707,"caption":"Product: Pearl Earrings Studs \u2013 Gold Plated Silver"},{"@type":"BreadcrumbList","@id":"https:\/\/fredfloris.eu\/productpage\/baby-blue-leaf-pearl-earring\/#breadcrumb","itemListElement":[{"@type":"ListItem","position":1,"name":"Home","item":"https:\/\/fredfloris.eu\/"},{"@type":"ListItem","position":2,"name":"Shop","item":"https:\/\/fredfloris.eu\/shop\/"},{"@type":"ListItem","position":3,"name":"Baby Blue &#8211; Tiny Leaf Swarovski Pearl Earrings Studs"}]},{"@type":"WebSite","@id":"https:\/\/fredfloris.eu\/#website","url":"https:\/\/fredfloris.eu\/","name":"FredFloris","description":"K\u00e4sintehdyt nahkatavarat - Made in Sweden","publisher":{"@id":"https:\/\/fredfloris.eu\/#organization"},"potentialAction":[{"@type":"SearchAction","target":{"@type":"EntryPoint","urlTemplate":"https:\/\/fredfloris.eu\/?s={search_term_string}"},"query-input":{"@type":"PropertyValueSpecification","valueRequired":true,"valueName":"search_term_string"}}],"inLanguage":"fi"},{"@type":"Organization","@id":"https:\/\/fredfloris.eu\/#organization","name":"FredFloris","url":"https:\/\/fredfloris.eu\/","logo":{"@type":"ImageObject","inLanguage":"fi","@id":"https:\/\/fredfloris.eu\/#\/schema\/logo\/image\/","url":"https:\/\/fredfloris.eu\/wp-content\/uploads\/2022\/03\/FredFloris-med-hel-nal-och-text.png","contentUrl":"https:\/\/fredfloris.eu\/wp-content\/uploads\/2022\/03\/FredFloris-med-hel-nal-och-text.png","width":591,"height":283,"caption":"FredFloris"},"image":{"@id":"https:\/\/fredfloris.eu\/#\/schema\/logo\/image\/"},"sameAs":["https:\/\/www.facebook.com\/FredFloris.Artisan.Studio\/","https:\/\/x.com\/_fredfloris_","https:\/\/www.instagram.com\/fredfloris.artisan.studio\/"]}]}},"brands":[{"id":204,"name":"FredFloris &amp; kumppani","slug":"fredfloris-partner"}],"_links":{"self":[{"href":"https:\/\/fredfloris.eu\/fi\/wp-json\/wp\/v2\/product\/5267","targetHints":{"allow":["GET"]}}],"collection":[{"href":"https:\/\/fredfloris.eu\/fi\/wp-json\/wp\/v2\/product"}],"about":[{"href":"https:\/\/fredfloris.eu\/fi\/wp-json\/wp\/v2\/types\/product"}],"version-history":[{"count":6,"href":"https:\/\/fredfloris.eu\/fi\/wp-json\/wp\/v2\/product\/5267\/revisions"}],"predecessor-version":[{"id":11588,"href":"https:\/\/fredfloris.eu\/fi\/wp-json\/wp\/v2\/product\/5267\/revisions\/11588"}],"wp:featuredmedia":[{"embeddable":true,"href":"https:\/\/fredfloris.eu\/fi\/wp-json\/wp\/v2\/media\/4802"}],"wp:attachment":[{"href":"https:\/\/fredfloris.eu\/fi\/wp-json\/wp\/v2\/media?parent=5267"}],"wp:term":[{"taxonomy":"pwb-brand","embeddable":true,"href":"https:\/\/fredfloris.eu\/fi\/wp-json\/wp\/v2\/pwb-brand?post=5267"},{"taxonomy":"product_brand","embeddable":true,"href":"https:\/\/fredfloris.eu\/fi\/wp-json\/wp\/v2\/product_brand?post=5267"},{"taxonomy":"product_cat","embeddable":true,"href":"https:\/\/fredfloris.eu\/fi\/wp-json\/wp\/v2\/product_cat?post=5267"},{"taxonomy":"product_tag","embeddable":true,"href":"https:\/\/fredfloris.eu\/fi\/wp-json\/wp\/v2\/product_tag?post=5267"},{"taxonomy":"woo-feed-brand","embeddable":true,"href":"https:\/\/fredfloris.eu\/fi\/wp-json\/wp\/v2\/woo-feed-brand?post=5267"}],"curies":[{"name":"wp","href":"https:\/\/api.w.org\/{rel}","templated":true}]}}