{"id":5315,"date":"2022-05-18T19:01:53","date_gmt":"2022-05-18T17:01:53","guid":{"rendered":"https:\/\/fredfloris.eu\/?post_type=product&#038;p=5315"},"modified":"2024-07-23T20:26:35","modified_gmt":"2024-07-23T18:26:35","slug":"hoop-40-mm-earrings","status":"publish","type":"product","link":"https:\/\/fredfloris.eu\/fi\/productpage\/hoop-40-mm-earrings\/","title":{"rendered":"V\u00e5r - Py\u00f6re\u00e4 40 mm:n korvakorut"},"content":{"rendered":"<p><strong>Syleile ajatonta tyyli\u00e4 suurilla, 40 mm:n ohuilla vanne-korvakoruillamme.<\/strong> Niiden rohkea yksinkertaisuus tekee niist\u00e4 vaivattoman tyylikk\u00e4\u00e4n lis\u00e4n mihin tahansa vaatekaappiin. Sopivat kaikille kasvojen muodoille, n\u00e4m\u00e4 renkaat voidaan yhdist\u00e4\u00e4 saumattomasti mihin tahansa asuun, joten ne sopivat erinomaisesti erityistilaisuuksiin, h\u00e4ihin, juhliin, ty\u00f6teht\u00e4viin ja perhejuhliin.<\/p>\n<p><strong>Saatavilla olevat vaihtoehdot:<\/strong> Valmistettu 925 Sterling hopeaa vaihtoehtoja platinaa platinointi tai 24k kullattu.<\/p>\n<p><strong>Klassinen muotoilu:<\/strong> Korvakorut ovat klassinen valinta, joka sopii kaikkiin kasvojen muotoihin, ihonv\u00e4riin ja tyyliin. Niiden hillitty mutta runsas muotoilu tekee niist\u00e4 kannattavan investoinnin muotirepertuaariin.<\/p>\n<p><strong>Merkityksellinen l\u00e4sn\u00e4olo:<\/strong> N\u00e4m\u00e4 py\u00f6re\u00e4t korvakorut ovat ihanteellinen lahja kaikille koruja rakastaville. Vaatimaton hintaiset, mutta laadukkaat korvakorut sopivat t\u00e4ydellisesti kaikkiin tilaisuuksiin.<\/p>\n<p><strong>Hypoallergeeninen:<\/strong> Korvakorumme eiv\u00e4t sis\u00e4ll\u00e4 nikkeli\u00e4, joten ne ovat turvallisia herk\u00e4lle iholle ja est\u00e4v\u00e4t \u00e4rsytyst\u00e4 ja haalistumista ajan my\u00f6t\u00e4. Turvallinen lukko varmistaa, ett\u00e4 korvakorut pysyv\u00e4t mukavasti paikoillaan.<\/p>\n<p><strong>Korujen hoito:<\/strong> S\u00e4ilyt\u00e4 korvakorut pehme\u00e4ss\u00e4 laatikossa tai pussissa erill\u00e4\u00e4n muista koruista, jotta ne s\u00e4ilyv\u00e4t koskemattomina. V\u00e4lt\u00e4 altistumista kemikaaleille vaurioiden v\u00e4ltt\u00e4miseksi. Platinointi, olipa se sitten platinaa tai kultaa, on herkk\u00e4 ja haalistuu ajan my\u00f6t\u00e4, kuten kaikki pinnoitteet. Rajoita kosketusta kemikaalien ja ihon kanssa pident\u00e4\u00e4ksesi pinnoituksen k\u00e4ytt\u00f6ik\u00e4\u00e4.<\/p>\n<p>&nbsp;<\/p>\n<p>Hakusanat: py\u00f6re\u00e4t korvakorut, kulta, hopea korvakorut, hopea korvakorut<\/p>","protected":false},"excerpt":{"rendered":"<p><strong>TUOTTEEN MITAT - <\/strong>Tuotteen paino: 3 g (pari)<\/p>\n<p>Sis\u00e4isen hyppyrenkaan halkaisija: 37 mm. Ulkopuolisen hyppyrenkaan halkaisija: 40 mm. Paksuus: 1,50 mm. Saatavana hopeaa\/platinoitua\/24K kullattua - 0,4 \u00b5m.<\/p>\n<pre><\/pre>\n<p>Kokenut kumppanimme Puolassa valmistaa korvakorujen pohjan. K\u00e4yt\u00e4mme 0,4 \u00b5m:n paksuista pinnoitettua hopeaa, koska se ei tummenna tai himment\u00e4\u00e4 koruja. Tuote kest\u00e4\u00e4 jonkin verran v\u00e4rj\u00e4ytymist\u00e4, mutta muista noudattaa hoito-ohjeitamme pident\u00e4\u00e4ksesi uusien korujesi k\u00e4ytt\u00f6ik\u00e4\u00e4.<\/p>","protected":false},"featured_media":4757,"template":"","meta":[],"pwb-brand":[204],"product_brand":[],"product_cat":[113,116,101],"product_tag":[163,165,164,135],"woo-feed-brand":[],"class_list":{"0":"post-5315","1":"product","2":"type-product","3":"status-publish","4":"has-post-thumbnail","6":"pwb-brand-fredfloris-partner","7":"product_cat-earrings","8":"product_cat-hoop-earrings","9":"product_cat-jewelry","10":"product_tag-gold","11":"product_tag-platinum","12":"product_tag-silver","13":"product_tag-stocked","14":"product_shipping_class-small-goods","15":"pa_hoops-40-mm-ag-925-24k-gold-plated-04-m","16":"pa_hoops-40-mm-ag-925-platinum-plated-04-m","18":"first","19":"instock","20":"taxable","21":"shipping-taxable","22":"purchasable","23":"product-type-variable"},"yoast_head":"<!-- This site is optimized with the Yoast SEO plugin v27.2 - https:\/\/yoast.com\/product\/yoast-seo-wordpress\/ -->\n<title>V\u00e5r - Round Hoop 40 mm Earrings | FredFloris<\/title>\n<meta name=\"description\" content=\"The large round hoop earrings feature an infinity clasp, available in 925 sterling silver with platinum plating or 24k gold plating.\" \/>\n<meta name=\"robots\" content=\"index, follow, max-snippet:-1, max-image-preview:large, max-video-preview:-1\" \/>\n<link rel=\"canonical\" href=\"https:\/\/fredfloris.eu\/fi\/productpage\/hoop-40-mm-earrings\/?wmc-currency=EUR\" \/>\n<meta property=\"og:locale\" content=\"fi_FI\" \/>\n<meta property=\"og:type\" content=\"article\" \/>\n<meta property=\"og:title\" content=\"V\u00e5r - Round Hoop 40 mm Earrings | FredFloris\" \/>\n<meta property=\"og:description\" content=\"The large round hoop earrings feature an infinity clasp, available in 925 sterling silver with platinum plating or 24k gold plating.\" \/>\n<meta property=\"og:url\" content=\"https:\/\/fredfloris.eu\/fi\/productpage\/hoop-40-mm-earrings\/?wmc-currency=EUR\" \/>\n<meta property=\"og:site_name\" content=\"FredFloris\" \/>\n<meta property=\"article:publisher\" content=\"https:\/\/www.facebook.com\/FredFloris.Artisan.Studio\/\" \/>\n<meta property=\"article:modified_time\" content=\"2024-07-23T18:26:35+00:00\" \/>\n<meta property=\"og:image\" content=\"https:\/\/fredfloris.eu\/wp-content\/uploads\/2022\/05\/IMG_2214-scaled.jpg\" \/>\n\t<meta property=\"og:image:width\" content=\"2560\" \/>\n\t<meta property=\"og:image:height\" content=\"1707\" \/>\n\t<meta property=\"og:image:type\" content=\"image\/jpeg\" \/>\n<meta name=\"twitter:card\" content=\"summary_large_image\" \/>\n<meta name=\"twitter:site\" content=\"@_fredfloris_\" \/>\n<meta name=\"twitter:label1\" content=\"Arvioitu lukuaika\" \/>\n\t<meta name=\"twitter:data1\" content=\"2 minuuttia\" \/>\n<script type=\"application\/ld+json\" class=\"yoast-schema-graph\">{\"@context\":\"https:\/\/schema.org\",\"@graph\":[{\"@type\":\"WebPage\",\"@id\":\"https:\/\/fredfloris.eu\/productpage\/hoop-40-mm-earrings\/\",\"url\":\"https:\/\/fredfloris.eu\/productpage\/hoop-40-mm-earrings\/\",\"name\":\"V\u00e5r - Round Hoop 40 mm Earrings | FredFloris\",\"isPartOf\":{\"@id\":\"https:\/\/fredfloris.eu\/#website\"},\"primaryImageOfPage\":{\"@id\":\"https:\/\/fredfloris.eu\/productpage\/hoop-40-mm-earrings\/#primaryimage\"},\"image\":{\"@id\":\"https:\/\/fredfloris.eu\/productpage\/hoop-40-mm-earrings\/#primaryimage\"},\"thumbnailUrl\":\"https:\/\/fredfloris.eu\/wp-content\/uploads\/2022\/05\/IMG_2214-scaled-e1740245591133.jpg\",\"datePublished\":\"2022-05-18T17:01:53+00:00\",\"dateModified\":\"2024-07-23T18:26:35+00:00\",\"description\":\"The large round hoop earrings feature an infinity clasp, available in 925 sterling silver with platinum plating or 24k gold plating.\",\"breadcrumb\":{\"@id\":\"https:\/\/fredfloris.eu\/productpage\/hoop-40-mm-earrings\/#breadcrumb\"},\"inLanguage\":\"fi\",\"potentialAction\":[{\"@type\":\"ReadAction\",\"target\":[\"https:\/\/fredfloris.eu\/productpage\/hoop-40-mm-earrings\/\"]}]},{\"@type\":\"ImageObject\",\"inLanguage\":\"fi\",\"@id\":\"https:\/\/fredfloris.eu\/productpage\/hoop-40-mm-earrings\/#primaryimage\",\"url\":\"https:\/\/fredfloris.eu\/wp-content\/uploads\/2022\/05\/IMG_2214-scaled-e1740245591133.jpg\",\"contentUrl\":\"https:\/\/fredfloris.eu\/wp-content\/uploads\/2022\/05\/IMG_2214-scaled-e1740245591133.jpg\",\"width\":1937,\"height\":1292,\"caption\":\"Product: Round Hoop 40 mm \u2013 Gold and Platinum Plated Silver\"},{\"@type\":\"BreadcrumbList\",\"@id\":\"https:\/\/fredfloris.eu\/productpage\/hoop-40-mm-earrings\/#breadcrumb\",\"itemListElement\":[{\"@type\":\"ListItem\",\"position\":1,\"name\":\"Home\",\"item\":\"https:\/\/fredfloris.eu\/\"},{\"@type\":\"ListItem\",\"position\":2,\"name\":\"Shop\",\"item\":\"https:\/\/fredfloris.eu\/shop\/\"},{\"@type\":\"ListItem\",\"position\":3,\"name\":\"V\u00e5r &#8211; Round Hoop 40 mm Earrings\"}]},{\"@type\":\"WebSite\",\"@id\":\"https:\/\/fredfloris.eu\/#website\",\"url\":\"https:\/\/fredfloris.eu\/\",\"name\":\"FredFloris\",\"description\":\"Handcrafted Leathergoods - Made in Sweden\",\"publisher\":{\"@id\":\"https:\/\/fredfloris.eu\/#organization\"},\"potentialAction\":[{\"@type\":\"SearchAction\",\"target\":{\"@type\":\"EntryPoint\",\"urlTemplate\":\"https:\/\/fredfloris.eu\/?s={search_term_string}\"},\"query-input\":{\"@type\":\"PropertyValueSpecification\",\"valueRequired\":true,\"valueName\":\"search_term_string\"}}],\"inLanguage\":\"fi\"},{\"@type\":\"Organization\",\"@id\":\"https:\/\/fredfloris.eu\/#organization\",\"name\":\"FredFloris\",\"url\":\"https:\/\/fredfloris.eu\/\",\"logo\":{\"@type\":\"ImageObject\",\"inLanguage\":\"fi\",\"@id\":\"https:\/\/fredfloris.eu\/#\/schema\/logo\/image\/\",\"url\":\"https:\/\/fredfloris.eu\/wp-content\/uploads\/2022\/03\/FredFloris-med-hel-nal-och-text.png\",\"contentUrl\":\"https:\/\/fredfloris.eu\/wp-content\/uploads\/2022\/03\/FredFloris-med-hel-nal-och-text.png\",\"width\":591,\"height\":283,\"caption\":\"FredFloris\"},\"image\":{\"@id\":\"https:\/\/fredfloris.eu\/#\/schema\/logo\/image\/\"},\"sameAs\":[\"https:\/\/www.facebook.com\/FredFloris.Artisan.Studio\/\",\"https:\/\/x.com\/_fredfloris_\",\"https:\/\/www.instagram.com\/fredfloris.artisan.studio\/\"]}]}<\/script>\n<!-- \/ Yoast SEO plugin. -->","yoast_head_json":{"title":"V\u00e5r - Py\u00f6re\u00e4t korvakorut 40 mm | FredFloris","description":"Suuri py\u00f6re\u00e4 vanne korvakorut on \u00e4\u00e4ret\u00f6n lukko, saatavana 925 sterlinghopeaa platinalla platinaa tai 24k kullattu.","robots":{"index":"index","follow":"follow","max-snippet":"max-snippet:-1","max-image-preview":"max-image-preview:large","max-video-preview":"max-video-preview:-1"},"canonical":"https:\/\/fredfloris.eu\/fi\/productpage\/hoop-40-mm-earrings\/?wmc-currency=EUR","og_locale":"fi_FI","og_type":"article","og_title":"V\u00e5r - Round Hoop 40 mm Earrings | FredFloris","og_description":"The large round hoop earrings feature an infinity clasp, available in 925 sterling silver with platinum plating or 24k gold plating.","og_url":"https:\/\/fredfloris.eu\/fi\/productpage\/hoop-40-mm-earrings\/?wmc-currency=EUR","og_site_name":"FredFloris","article_publisher":"https:\/\/www.facebook.com\/FredFloris.Artisan.Studio\/","article_modified_time":"2024-07-23T18:26:35+00:00","og_image":[{"width":2560,"height":1707,"url":"https:\/\/fredfloris.eu\/wp-content\/uploads\/2022\/05\/IMG_2214-scaled.jpg","type":"image\/jpeg"}],"twitter_card":"summary_large_image","twitter_site":"@_fredfloris_","twitter_misc":{"Arvioitu lukuaika":"2 minuuttia"},"schema":{"@context":"https:\/\/schema.org","@graph":[{"@type":"WebPage","@id":"https:\/\/fredfloris.eu\/productpage\/hoop-40-mm-earrings\/","url":"https:\/\/fredfloris.eu\/productpage\/hoop-40-mm-earrings\/","name":"V\u00e5r - Py\u00f6re\u00e4t korvakorut 40 mm | FredFloris","isPartOf":{"@id":"https:\/\/fredfloris.eu\/#website"},"primaryImageOfPage":{"@id":"https:\/\/fredfloris.eu\/productpage\/hoop-40-mm-earrings\/#primaryimage"},"image":{"@id":"https:\/\/fredfloris.eu\/productpage\/hoop-40-mm-earrings\/#primaryimage"},"thumbnailUrl":"https:\/\/fredfloris.eu\/wp-content\/uploads\/2022\/05\/IMG_2214-scaled-e1740245591133.jpg","datePublished":"2022-05-18T17:01:53+00:00","dateModified":"2024-07-23T18:26:35+00:00","description":"Suuri py\u00f6re\u00e4 vanne korvakorut on \u00e4\u00e4ret\u00f6n lukko, saatavana 925 sterlinghopeaa platinalla platinaa tai 24k kullattu.","breadcrumb":{"@id":"https:\/\/fredfloris.eu\/productpage\/hoop-40-mm-earrings\/#breadcrumb"},"inLanguage":"fi","potentialAction":[{"@type":"ReadAction","target":["https:\/\/fredfloris.eu\/productpage\/hoop-40-mm-earrings\/"]}]},{"@type":"ImageObject","inLanguage":"fi","@id":"https:\/\/fredfloris.eu\/productpage\/hoop-40-mm-earrings\/#primaryimage","url":"https:\/\/fredfloris.eu\/wp-content\/uploads\/2022\/05\/IMG_2214-scaled-e1740245591133.jpg","contentUrl":"https:\/\/fredfloris.eu\/wp-content\/uploads\/2022\/05\/IMG_2214-scaled-e1740245591133.jpg","width":1937,"height":1292,"caption":"Product: Round Hoop 40 mm \u2013 Gold and Platinum Plated Silver"},{"@type":"BreadcrumbList","@id":"https:\/\/fredfloris.eu\/productpage\/hoop-40-mm-earrings\/#breadcrumb","itemListElement":[{"@type":"ListItem","position":1,"name":"Home","item":"https:\/\/fredfloris.eu\/"},{"@type":"ListItem","position":2,"name":"Shop","item":"https:\/\/fredfloris.eu\/shop\/"},{"@type":"ListItem","position":3,"name":"V\u00e5r &#8211; Round Hoop 40 mm Earrings"}]},{"@type":"WebSite","@id":"https:\/\/fredfloris.eu\/#website","url":"https:\/\/fredfloris.eu\/","name":"FredFloris","description":"K\u00e4sintehdyt nahkatavarat - Made in Sweden","publisher":{"@id":"https:\/\/fredfloris.eu\/#organization"},"potentialAction":[{"@type":"SearchAction","target":{"@type":"EntryPoint","urlTemplate":"https:\/\/fredfloris.eu\/?s={search_term_string}"},"query-input":{"@type":"PropertyValueSpecification","valueRequired":true,"valueName":"search_term_string"}}],"inLanguage":"fi"},{"@type":"Organization","@id":"https:\/\/fredfloris.eu\/#organization","name":"FredFloris","url":"https:\/\/fredfloris.eu\/","logo":{"@type":"ImageObject","inLanguage":"fi","@id":"https:\/\/fredfloris.eu\/#\/schema\/logo\/image\/","url":"https:\/\/fredfloris.eu\/wp-content\/uploads\/2022\/03\/FredFloris-med-hel-nal-och-text.png","contentUrl":"https:\/\/fredfloris.eu\/wp-content\/uploads\/2022\/03\/FredFloris-med-hel-nal-och-text.png","width":591,"height":283,"caption":"FredFloris"},"image":{"@id":"https:\/\/fredfloris.eu\/#\/schema\/logo\/image\/"},"sameAs":["https:\/\/www.facebook.com\/FredFloris.Artisan.Studio\/","https:\/\/x.com\/_fredfloris_","https:\/\/www.instagram.com\/fredfloris.artisan.studio\/"]}]}},"brands":[{"id":204,"name":"FredFloris &amp; kumppani","slug":"fredfloris-partner"}],"_links":{"self":[{"href":"https:\/\/fredfloris.eu\/fi\/wp-json\/wp\/v2\/product\/5315","targetHints":{"allow":["GET"]}}],"collection":[{"href":"https:\/\/fredfloris.eu\/fi\/wp-json\/wp\/v2\/product"}],"about":[{"href":"https:\/\/fredfloris.eu\/fi\/wp-json\/wp\/v2\/types\/product"}],"version-history":[{"count":8,"href":"https:\/\/fredfloris.eu\/fi\/wp-json\/wp\/v2\/product\/5315\/revisions"}],"predecessor-version":[{"id":11586,"href":"https:\/\/fredfloris.eu\/fi\/wp-json\/wp\/v2\/product\/5315\/revisions\/11586"}],"wp:featuredmedia":[{"embeddable":true,"href":"https:\/\/fredfloris.eu\/fi\/wp-json\/wp\/v2\/media\/4757"}],"wp:attachment":[{"href":"https:\/\/fredfloris.eu\/fi\/wp-json\/wp\/v2\/media?parent=5315"}],"wp:term":[{"taxonomy":"pwb-brand","embeddable":true,"href":"https:\/\/fredfloris.eu\/fi\/wp-json\/wp\/v2\/pwb-brand?post=5315"},{"taxonomy":"product_brand","embeddable":true,"href":"https:\/\/fredfloris.eu\/fi\/wp-json\/wp\/v2\/product_brand?post=5315"},{"taxonomy":"product_cat","embeddable":true,"href":"https:\/\/fredfloris.eu\/fi\/wp-json\/wp\/v2\/product_cat?post=5315"},{"taxonomy":"product_tag","embeddable":true,"href":"https:\/\/fredfloris.eu\/fi\/wp-json\/wp\/v2\/product_tag?post=5315"},{"taxonomy":"woo-feed-brand","embeddable":true,"href":"https:\/\/fredfloris.eu\/fi\/wp-json\/wp\/v2\/woo-feed-brand?post=5315"}],"curies":[{"name":"wp","href":"https:\/\/api.w.org\/{rel}","templated":true}]}}