{"id":5331,"date":"2022-05-18T19:41:04","date_gmt":"2022-05-18T17:41:04","guid":{"rendered":"https:\/\/fredfloris.eu\/?post_type=product&#038;p=5331"},"modified":"2024-07-23T20:28:15","modified_gmt":"2024-07-23T18:28:15","slug":"golden-shadow-swarovski-earrings","status":"publish","type":"product","link":"https:\/\/fredfloris.eu\/fi\/productpage\/golden-shadow-swarovski-earrings\/","title":{"rendered":"Golden Shadow Crystal - Swarovski kristallikorvakorut Golden Shadow Crystal - Kristallikorvakorut"},"content":{"rendered":"<p><strong>Tutustu l\u00e4pikuultavien, pisarahiottujen Swarovski-kristallikorvakorujen kiehtovaan kauneuteen.<\/strong> L\u00e4mpim\u00e4t, hienovaraiset v\u00e4rit t\u00e4ytt\u00e4v\u00e4t n\u00e4m\u00e4 kristallit, ja niiden sile\u00e4\u00e4n pintaan kaiverretut pienet kolmiot vangitsevat valoa n\u00e4ytt\u00e4v\u00e4sti. N\u00e4iden kultaisten pisaroiden tarkka geometrinen muoto kimaltelee esteettisesti miellytt\u00e4v\u00e4ll\u00e4 tavalla ja korostaa ihosi tervett\u00e4 ja elinvoimaista ulkon\u00e4k\u00f6\u00e4. Pisaran muoto pident\u00e4\u00e4 kaulaa, kehyst\u00e4\u00e4 kasvoja kauniisti ja korostaa silmiesi kimallusta.<\/p>\n<p><strong>Vipu-tuki:<\/strong> Muotoiltu nuolen tavoin pit\u00e4m\u00e4\u00e4n kristalli tukevasti paikallaan ja ohjaamaan silm\u00e4\u00e4 h\u00e4ik\u00e4iseviin Swarovski-kristalleihin. Saatavana platinaa tai kullattua 925-sterlinghopeaa, ja selk\u00e4mys laajenee kohti kristallia, mik\u00e4 korostaa Swarovski:n tunnusomaista kiiltoa.<\/p>\n<p><strong>Swarovski Kiteet:<\/strong> N\u00e4m\u00e4 aurinkoiset kristallit on valittu ajattoman muotoilunsa ja loistavan valonheijastuksensa ansiosta, ja ne t\u00e4ydent\u00e4v\u00e4t kaikkia ihonv\u00e4rej\u00e4 ja kasvojen muotoja. N\u00e4m\u00e4 It\u00e4vallan Wattensissa valmistetut kristallit ovat kirkkaan s\u00e4vyisi\u00e4, ja ne vangitsevat ja heijastavat valoa kauniisti.<\/p>\n<p><strong>T\u00e4ydellinen lahjaksi:<\/strong> N\u00e4m\u00e4 Swarovski-kristallikorvakorut ovat ihanteellinen lahja kaikille korujen yst\u00e4ville, ja niiden korkealaatuinen muotoilu tekee niist\u00e4 hienon lahjan.<\/p>\n<p><strong>Hypoallergeeninen:<\/strong> Vipu-tuki on valmistettu nikkelitt\u00f6m\u00e4st\u00e4 hopeasta, joka ei aiheuta iho\u00e4rsytyst\u00e4 tai haalistumista ajan my\u00f6t\u00e4. T\u00e4m\u00e4 muotoilu pit\u00e4\u00e4 korvakorut tukevasti ja mukavasti paikallaan.<\/p>\n<p><strong>Korujen hoito:<\/strong> S\u00e4ilyt\u00e4 korvakorut pehme\u00e4ss\u00e4 laatikossa tai pussissa erill\u00e4\u00e4n muista koruista, jotta ne s\u00e4ilyv\u00e4t koskemattomina. V\u00e4lt\u00e4 altistumista kemikaaleille vaurioiden v\u00e4ltt\u00e4miseksi. Platinointi, olipa se sitten platinaa tai kultaa, on herkk\u00e4 ja haalistuu ajan my\u00f6t\u00e4, kuten kaikki pinnoitteet. Rajoita kosketusta kemikaalien ja ihon kanssa pident\u00e4\u00e4ksesi pinnoituksen k\u00e4ytt\u00f6ik\u00e4\u00e4.<\/p>\n<p>&nbsp;<\/p>\n<p>Hakusanat: kristalli korvakorut, kristalli pudota korvakorut, Swarovski kristalli korvakorut, Swarovski kristalli korvakorut<\/p>","protected":false},"excerpt":{"rendered":"<p><strong>TUOTTEEN MITAT - <\/strong>Tuotteen paino: 4 g (pari)<\/p>\n<p>Kristallin koko: 18 mm. Vipukahvan korkeus: 18 mm, leveys: 11,80 mm.<\/p>\n<p>Saatavana 925 Sterling Silver platinoituna\/24K kullattavana - 0,4 \u00b5m.<\/p>\n<pre><\/pre>\n<p>Kokenut kumppanimme Puolassa valmistaa korvakorujen pohjan. K\u00e4yt\u00e4mme 0,4 \u00b5m:n paksuista pinnoitettua hopeaa, koska se ei tummenna tai himment\u00e4\u00e4 koruja. Tuote kest\u00e4\u00e4 jonkin verran v\u00e4rj\u00e4ytymist\u00e4, mutta muista noudattaa hoito-ohjeitamme pident\u00e4\u00e4ksesi uusien korujesi k\u00e4ytt\u00f6ik\u00e4\u00e4.<\/p>","protected":false},"featured_media":4912,"template":"","meta":[],"pwb-brand":[204],"product_brand":[],"product_cat":[115,113,101],"product_tag":[163,165,164,195],"woo-feed-brand":[],"class_list":{"0":"post-5331","1":"product","2":"type-product","3":"status-publish","4":"has-post-thumbnail","6":"pwb-brand-fredfloris-partner","7":"product_cat-drop-earrings","8":"product_cat-earrings","9":"product_cat-jewelry","10":"product_tag-gold","11":"product_tag-platinum","12":"product_tag-silver","13":"product_tag-swarovski","14":"product_shipping_class-small-goods","15":"pa_leverback-ag-925-24k-gold-plated-04-m","16":"pa_leverback-ag-925-platinum-plated-04-m","17":"pa_swarovski-crystal-swarovski-golden-shadow-crystal-18mm","19":"first","20":"instock","21":"taxable","22":"shipping-taxable","23":"purchasable","24":"product-type-variable"},"yoast_head":"<!-- This site is optimized with the Yoast SEO plugin v27.2 - https:\/\/yoast.com\/product\/yoast-seo-wordpress\/ -->\n<title>Golden Shadow - Leverback Swarovski Crystal Earrings | FredFloris<\/title>\n<meta name=\"description\" content=\"The Golden Shadow leverback Swarovski crystal earrings creates a lovely glow around the wearer\u2019s face. These crystal drop earrings are...\" \/>\n<meta name=\"robots\" content=\"index, follow, max-snippet:-1, max-image-preview:large, max-video-preview:-1\" \/>\n<link rel=\"canonical\" href=\"https:\/\/fredfloris.eu\/fi\/productpage\/golden-shadow-swarovski-earrings\/?wmc-currency=EUR\" \/>\n<meta property=\"og:locale\" content=\"fi_FI\" \/>\n<meta property=\"og:type\" content=\"article\" \/>\n<meta property=\"og:title\" content=\"Golden Shadow - Leverback Swarovski Crystal Earrings | FredFloris\" \/>\n<meta property=\"og:description\" content=\"The Golden Shadow leverback Swarovski crystal earrings creates a lovely glow around the wearer\u2019s face. These crystal drop earrings are...\" \/>\n<meta property=\"og:url\" content=\"https:\/\/fredfloris.eu\/fi\/productpage\/golden-shadow-swarovski-earrings\/?wmc-currency=EUR\" \/>\n<meta property=\"og:site_name\" content=\"FredFloris\" \/>\n<meta property=\"article:publisher\" content=\"https:\/\/www.facebook.com\/FredFloris.Artisan.Studio\/\" \/>\n<meta property=\"article:modified_time\" content=\"2024-07-23T18:28:15+00:00\" \/>\n<meta property=\"og:image\" content=\"https:\/\/fredfloris.eu\/wp-content\/uploads\/2022\/05\/IMG_2209-scaled.jpg\" \/>\n\t<meta property=\"og:image:width\" content=\"2560\" \/>\n\t<meta property=\"og:image:height\" content=\"1707\" \/>\n\t<meta property=\"og:image:type\" content=\"image\/jpeg\" \/>\n<meta name=\"twitter:card\" content=\"summary_large_image\" \/>\n<meta name=\"twitter:site\" content=\"@_fredfloris_\" \/>\n<meta name=\"twitter:label1\" content=\"Arvioitu lukuaika\" \/>\n\t<meta name=\"twitter:data1\" content=\"2 minuuttia\" \/>\n<script type=\"application\/ld+json\" class=\"yoast-schema-graph\">{\"@context\":\"https:\/\/schema.org\",\"@graph\":[{\"@type\":\"WebPage\",\"@id\":\"https:\/\/fredfloris.eu\/productpage\/golden-shadow-swarovski-earrings\/\",\"url\":\"https:\/\/fredfloris.eu\/productpage\/golden-shadow-swarovski-earrings\/\",\"name\":\"Golden Shadow - Leverback Swarovski Crystal Earrings | FredFloris\",\"isPartOf\":{\"@id\":\"https:\/\/fredfloris.eu\/#website\"},\"primaryImageOfPage\":{\"@id\":\"https:\/\/fredfloris.eu\/productpage\/golden-shadow-swarovski-earrings\/#primaryimage\"},\"image\":{\"@id\":\"https:\/\/fredfloris.eu\/productpage\/golden-shadow-swarovski-earrings\/#primaryimage\"},\"thumbnailUrl\":\"https:\/\/fredfloris.eu\/wp-content\/uploads\/2022\/05\/IMG_2209-scaled-e1740242692263.jpg\",\"datePublished\":\"2022-05-18T17:41:04+00:00\",\"dateModified\":\"2024-07-23T18:28:15+00:00\",\"description\":\"The Golden Shadow leverback Swarovski crystal earrings creates a lovely glow around the wearer\u2019s face. These crystal drop earrings are...\",\"breadcrumb\":{\"@id\":\"https:\/\/fredfloris.eu\/productpage\/golden-shadow-swarovski-earrings\/#breadcrumb\"},\"inLanguage\":\"fi\",\"potentialAction\":[{\"@type\":\"ReadAction\",\"target\":[\"https:\/\/fredfloris.eu\/productpage\/golden-shadow-swarovski-earrings\/\"]}]},{\"@type\":\"ImageObject\",\"inLanguage\":\"fi\",\"@id\":\"https:\/\/fredfloris.eu\/productpage\/golden-shadow-swarovski-earrings\/#primaryimage\",\"url\":\"https:\/\/fredfloris.eu\/wp-content\/uploads\/2022\/05\/IMG_2209-scaled-e1740242692263.jpg\",\"contentUrl\":\"https:\/\/fredfloris.eu\/wp-content\/uploads\/2022\/05\/IMG_2209-scaled-e1740242692263.jpg\",\"width\":1643,\"height\":1096,\"caption\":\"Product: Golden Shadow Crystal \u2013 Gold and Platinum Plated Silver\"},{\"@type\":\"BreadcrumbList\",\"@id\":\"https:\/\/fredfloris.eu\/productpage\/golden-shadow-swarovski-earrings\/#breadcrumb\",\"itemListElement\":[{\"@type\":\"ListItem\",\"position\":1,\"name\":\"Home\",\"item\":\"https:\/\/fredfloris.eu\/\"},{\"@type\":\"ListItem\",\"position\":2,\"name\":\"Shop\",\"item\":\"https:\/\/fredfloris.eu\/shop\/\"},{\"@type\":\"ListItem\",\"position\":3,\"name\":\"Golden Shadow Crystal &#8211; Leverback Swarovski Crystal Earrings\"}]},{\"@type\":\"WebSite\",\"@id\":\"https:\/\/fredfloris.eu\/#website\",\"url\":\"https:\/\/fredfloris.eu\/\",\"name\":\"FredFloris\",\"description\":\"Handcrafted Leathergoods - Made in Sweden\",\"publisher\":{\"@id\":\"https:\/\/fredfloris.eu\/#organization\"},\"potentialAction\":[{\"@type\":\"SearchAction\",\"target\":{\"@type\":\"EntryPoint\",\"urlTemplate\":\"https:\/\/fredfloris.eu\/?s={search_term_string}\"},\"query-input\":{\"@type\":\"PropertyValueSpecification\",\"valueRequired\":true,\"valueName\":\"search_term_string\"}}],\"inLanguage\":\"fi\"},{\"@type\":\"Organization\",\"@id\":\"https:\/\/fredfloris.eu\/#organization\",\"name\":\"FredFloris\",\"url\":\"https:\/\/fredfloris.eu\/\",\"logo\":{\"@type\":\"ImageObject\",\"inLanguage\":\"fi\",\"@id\":\"https:\/\/fredfloris.eu\/#\/schema\/logo\/image\/\",\"url\":\"https:\/\/fredfloris.eu\/wp-content\/uploads\/2022\/03\/FredFloris-med-hel-nal-och-text.png\",\"contentUrl\":\"https:\/\/fredfloris.eu\/wp-content\/uploads\/2022\/03\/FredFloris-med-hel-nal-och-text.png\",\"width\":591,\"height\":283,\"caption\":\"FredFloris\"},\"image\":{\"@id\":\"https:\/\/fredfloris.eu\/#\/schema\/logo\/image\/\"},\"sameAs\":[\"https:\/\/www.facebook.com\/FredFloris.Artisan.Studio\/\",\"https:\/\/x.com\/_fredfloris_\",\"https:\/\/www.instagram.com\/fredfloris.artisan.studio\/\"]}]}<\/script>\n<!-- \/ Yoast SEO plugin. -->","yoast_head_json":{"title":"Kultainen varjo - Swarovski kristalli korvakorut | FredFloris","description":"Golden Shadow Swarovski-kristalli korvakorut luovat ihanan hehkun kantajan kasvoille. N\u00e4m\u00e4 kristallipudotuskorvakorut ovat...","robots":{"index":"index","follow":"follow","max-snippet":"max-snippet:-1","max-image-preview":"max-image-preview:large","max-video-preview":"max-video-preview:-1"},"canonical":"https:\/\/fredfloris.eu\/fi\/productpage\/golden-shadow-swarovski-earrings\/?wmc-currency=EUR","og_locale":"fi_FI","og_type":"article","og_title":"Golden Shadow - Leverback Swarovski Crystal Earrings | FredFloris","og_description":"The Golden Shadow leverback Swarovski crystal earrings creates a lovely glow around the wearer\u2019s face. These crystal drop earrings are...","og_url":"https:\/\/fredfloris.eu\/fi\/productpage\/golden-shadow-swarovski-earrings\/?wmc-currency=EUR","og_site_name":"FredFloris","article_publisher":"https:\/\/www.facebook.com\/FredFloris.Artisan.Studio\/","article_modified_time":"2024-07-23T18:28:15+00:00","og_image":[{"width":2560,"height":1707,"url":"https:\/\/fredfloris.eu\/wp-content\/uploads\/2022\/05\/IMG_2209-scaled.jpg","type":"image\/jpeg"}],"twitter_card":"summary_large_image","twitter_site":"@_fredfloris_","twitter_misc":{"Arvioitu lukuaika":"2 minuuttia"},"schema":{"@context":"https:\/\/schema.org","@graph":[{"@type":"WebPage","@id":"https:\/\/fredfloris.eu\/productpage\/golden-shadow-swarovski-earrings\/","url":"https:\/\/fredfloris.eu\/productpage\/golden-shadow-swarovski-earrings\/","name":"Kultainen varjo - Swarovski kristalli korvakorut | FredFloris","isPartOf":{"@id":"https:\/\/fredfloris.eu\/#website"},"primaryImageOfPage":{"@id":"https:\/\/fredfloris.eu\/productpage\/golden-shadow-swarovski-earrings\/#primaryimage"},"image":{"@id":"https:\/\/fredfloris.eu\/productpage\/golden-shadow-swarovski-earrings\/#primaryimage"},"thumbnailUrl":"https:\/\/fredfloris.eu\/wp-content\/uploads\/2022\/05\/IMG_2209-scaled-e1740242692263.jpg","datePublished":"2022-05-18T17:41:04+00:00","dateModified":"2024-07-23T18:28:15+00:00","description":"Golden Shadow Swarovski-kristalli korvakorut luovat ihanan hehkun kantajan kasvoille. N\u00e4m\u00e4 kristallipudotuskorvakorut ovat...","breadcrumb":{"@id":"https:\/\/fredfloris.eu\/productpage\/golden-shadow-swarovski-earrings\/#breadcrumb"},"inLanguage":"fi","potentialAction":[{"@type":"ReadAction","target":["https:\/\/fredfloris.eu\/productpage\/golden-shadow-swarovski-earrings\/"]}]},{"@type":"ImageObject","inLanguage":"fi","@id":"https:\/\/fredfloris.eu\/productpage\/golden-shadow-swarovski-earrings\/#primaryimage","url":"https:\/\/fredfloris.eu\/wp-content\/uploads\/2022\/05\/IMG_2209-scaled-e1740242692263.jpg","contentUrl":"https:\/\/fredfloris.eu\/wp-content\/uploads\/2022\/05\/IMG_2209-scaled-e1740242692263.jpg","width":1643,"height":1096,"caption":"Product: Golden Shadow Crystal \u2013 Gold and Platinum Plated Silver"},{"@type":"BreadcrumbList","@id":"https:\/\/fredfloris.eu\/productpage\/golden-shadow-swarovski-earrings\/#breadcrumb","itemListElement":[{"@type":"ListItem","position":1,"name":"Home","item":"https:\/\/fredfloris.eu\/"},{"@type":"ListItem","position":2,"name":"Shop","item":"https:\/\/fredfloris.eu\/shop\/"},{"@type":"ListItem","position":3,"name":"Golden Shadow Crystal &#8211; Leverback Swarovski Crystal Earrings"}]},{"@type":"WebSite","@id":"https:\/\/fredfloris.eu\/#website","url":"https:\/\/fredfloris.eu\/","name":"FredFloris","description":"K\u00e4sintehdyt nahkatavarat - Made in Sweden","publisher":{"@id":"https:\/\/fredfloris.eu\/#organization"},"potentialAction":[{"@type":"SearchAction","target":{"@type":"EntryPoint","urlTemplate":"https:\/\/fredfloris.eu\/?s={search_term_string}"},"query-input":{"@type":"PropertyValueSpecification","valueRequired":true,"valueName":"search_term_string"}}],"inLanguage":"fi"},{"@type":"Organization","@id":"https:\/\/fredfloris.eu\/#organization","name":"FredFloris","url":"https:\/\/fredfloris.eu\/","logo":{"@type":"ImageObject","inLanguage":"fi","@id":"https:\/\/fredfloris.eu\/#\/schema\/logo\/image\/","url":"https:\/\/fredfloris.eu\/wp-content\/uploads\/2022\/03\/FredFloris-med-hel-nal-och-text.png","contentUrl":"https:\/\/fredfloris.eu\/wp-content\/uploads\/2022\/03\/FredFloris-med-hel-nal-och-text.png","width":591,"height":283,"caption":"FredFloris"},"image":{"@id":"https:\/\/fredfloris.eu\/#\/schema\/logo\/image\/"},"sameAs":["https:\/\/www.facebook.com\/FredFloris.Artisan.Studio\/","https:\/\/x.com\/_fredfloris_","https:\/\/www.instagram.com\/fredfloris.artisan.studio\/"]}]}},"brands":[{"id":204,"name":"FredFloris &amp; kumppani","slug":"fredfloris-partner"}],"_links":{"self":[{"href":"https:\/\/fredfloris.eu\/fi\/wp-json\/wp\/v2\/product\/5331","targetHints":{"allow":["GET"]}}],"collection":[{"href":"https:\/\/fredfloris.eu\/fi\/wp-json\/wp\/v2\/product"}],"about":[{"href":"https:\/\/fredfloris.eu\/fi\/wp-json\/wp\/v2\/types\/product"}],"version-history":[{"count":8,"href":"https:\/\/fredfloris.eu\/fi\/wp-json\/wp\/v2\/product\/5331\/revisions"}],"predecessor-version":[{"id":11585,"href":"https:\/\/fredfloris.eu\/fi\/wp-json\/wp\/v2\/product\/5331\/revisions\/11585"}],"wp:featuredmedia":[{"embeddable":true,"href":"https:\/\/fredfloris.eu\/fi\/wp-json\/wp\/v2\/media\/4912"}],"wp:attachment":[{"href":"https:\/\/fredfloris.eu\/fi\/wp-json\/wp\/v2\/media?parent=5331"}],"wp:term":[{"taxonomy":"pwb-brand","embeddable":true,"href":"https:\/\/fredfloris.eu\/fi\/wp-json\/wp\/v2\/pwb-brand?post=5331"},{"taxonomy":"product_brand","embeddable":true,"href":"https:\/\/fredfloris.eu\/fi\/wp-json\/wp\/v2\/product_brand?post=5331"},{"taxonomy":"product_cat","embeddable":true,"href":"https:\/\/fredfloris.eu\/fi\/wp-json\/wp\/v2\/product_cat?post=5331"},{"taxonomy":"product_tag","embeddable":true,"href":"https:\/\/fredfloris.eu\/fi\/wp-json\/wp\/v2\/product_tag?post=5331"},{"taxonomy":"woo-feed-brand","embeddable":true,"href":"https:\/\/fredfloris.eu\/fi\/wp-json\/wp\/v2\/woo-feed-brand?post=5331"}],"curies":[{"name":"wp","href":"https:\/\/api.w.org\/{rel}","templated":true}]}}