{"id":5335,"date":"2022-05-18T19:51:59","date_gmt":"2022-05-18T17:51:59","guid":{"rendered":"https:\/\/fredfloris.eu\/?post_type=product&#038;p=5335"},"modified":"2024-07-23T20:31:14","modified_gmt":"2024-07-23T18:31:14","slug":"crystal-blue-swarovski-earrings","status":"publish","type":"product","link":"https:\/\/fredfloris.eu\/fi\/productpage\/crystal-blue-swarovski-earrings\/","title":{"rendered":"Crystal Blue - Swarovski kristallikorvakorut Crystal Blue - Kristallikorvakorut"},"content":{"rendered":"<p><strong>Syleile ajatonta eleganssia korvakoruissamme Crystal Blue.<\/strong> Jalometallin ja kirkkaaksi hiotun kristallin klassinen yhdistelm\u00e4 tekee n\u00e4ist\u00e4 korvakoruista olennaisen t\u00e4rke\u00e4t muotikorut, jotka tuovat mieleen jumalattaren armon. Niiden monipuolinen muotoilu t\u00e4ydent\u00e4\u00e4 mit\u00e4 tahansa asua hukuttamatta sit\u00e4, joten ne sopivat erinomaisesti erilaisiin tilaisuuksiin, kuten erityistapahtumiin, h\u00e4ihin, juhliin, ty\u00f6teht\u00e4viin ja perhejuhliin.<\/p>\n<p><strong>Saatavilla olevat vaihtoehdot:<\/strong> Meid\u00e4n Swarovski kristalli pudota korvakorut tulevat joko platinaa tai 24k kultaa pinnoitus 925 Sterling hopea vipu-back korvakoru pohja.<\/p>\n<p><strong>Swarovski Kiteet:<\/strong> Swarovski-kiteet on valittu niiden kyvyn vuoksi heijastaa valoa n\u00e4ytt\u00e4v\u00e4sti, ja ne takaavat kest\u00e4v\u00e4n kirkkauden ja loiston. N\u00e4m\u00e4 kristallit valmistetaan It\u00e4vallan Wattensissa.<\/p>\n<p><strong>T\u00e4ydellinen merkityksellinen lahja:<\/strong> N\u00e4m\u00e4 ylelliset korvakorut ovat erinomainen valinta niille, jotka etsiv\u00e4t klassista mutta n\u00e4ytt\u00e4v\u00e4\u00e4 lahjaa. Ne ovat ihanteelliset morsiamelle, sill\u00e4 ne voivat toimia h\u00e4nen \"jotain sinist\u00e4\" -lahjana, joka tuo h\u00e4nen h\u00e4\u00e4p\u00e4iv\u00e4\u00e4ns\u00e4 erityisen kosketuksen ja jota vaalitaan tulevina vuosina onnellisessa avioliitossa.<\/p>\n<p><strong>Hypoallergeeninen:<\/strong> Valmistettu nikkelitt\u00f6m\u00e4ll\u00e4 Sterling hopea vipu-backing est\u00e4\u00e4 iho\u00e4rsytyst\u00e4 ja tahraantumista, varmistaen korvakorut pysyv\u00e4t tukevasti ja mukavasti paikallaan.<\/p>\n<p><strong>Korujen hoito:<\/strong> S\u00e4ilyt\u00e4 korvakorut pehme\u00e4ss\u00e4 laatikossa tai pussissa erill\u00e4\u00e4n muista koruista, jotta ne s\u00e4ilyv\u00e4t koskemattomina. V\u00e4lt\u00e4 altistumista kemikaaleille vaurioiden v\u00e4ltt\u00e4miseksi. Platinointi, olipa se sitten platinaa tai kultaa, on herkk\u00e4 ja haalistuu ajan my\u00f6t\u00e4, kuten kaikki pinnoitteet. Rajoita kosketusta kemikaalien ja ihon kanssa pident\u00e4\u00e4ksesi pinnoituksen k\u00e4ytt\u00f6ik\u00e4\u00e4.<\/p>\n<p>&nbsp;<\/p>\n<p>Hakusanat: Swarovski kristalli pudota korvakorut, leverback korvakorut, Swarovski kristalli, Sterling hopea leverback korvakorut.<\/p>\n<p>&nbsp;<\/p>","protected":false},"excerpt":{"rendered":"<p><strong>TUOTTEEN MITAT - <\/strong>Tuotteen paino: 4 g (pari)<\/p>\n<p>Kristallin koko: 16 mm. Vipukahvan korkeus: 18 mm, leveys: 11,80 mm.<\/p>\n<p>Saatavana 925 Sterling Silver\/Platinoitu\/24K kullattu - 0,4 \u00b5m.<\/p>\n<pre><\/pre>\n<p>Kokenut kumppanimme Puolassa valmistaa korvakorujen pohjan. K\u00e4yt\u00e4mme 0,4 \u00b5m:n paksuista pinnoitettua hopeaa, koska se ei tummenna tai himment\u00e4\u00e4 koruja. Tuote kest\u00e4\u00e4 jonkin verran v\u00e4rj\u00e4ytymist\u00e4, mutta muista noudattaa hoito-ohjeitamme pident\u00e4\u00e4ksesi uusien korujesi k\u00e4ytt\u00f6ik\u00e4\u00e4.<\/p>","protected":false},"featured_media":4893,"template":"","meta":[],"pwb-brand":[204],"product_brand":[],"product_cat":[115,113,101],"product_tag":[163,165,164,135,195],"woo-feed-brand":[],"class_list":{"0":"post-5335","1":"product","2":"type-product","3":"status-publish","4":"has-post-thumbnail","6":"pwb-brand-fredfloris-partner","7":"product_cat-drop-earrings","8":"product_cat-earrings","9":"product_cat-jewelry","10":"product_tag-gold","11":"product_tag-platinum","12":"product_tag-silver","13":"product_tag-stocked","14":"product_tag-swarovski","15":"product_shipping_class-small-goods","16":"pa_leverback-ag-925-24k-gold-plated-04-m","17":"pa_leverback-ag-925-platinum-plated-04-m","18":"pa_swarovski-crystal-swarovski-16mm-crystal-blue","20":"first","21":"instock","22":"taxable","23":"shipping-taxable","24":"purchasable","25":"product-type-variable"},"yoast_head":"<!-- This site is optimized with the Yoast SEO plugin v27.2 - https:\/\/yoast.com\/product\/yoast-seo-wordpress\/ -->\n<title>Swarovski Crystal Drop Earrings - Crystal Blue | FredFloris<\/title>\n<meta name=\"description\" content=\"Swarovski Crystal drop earrings, Almond shaped, Platinum Plated &amp; 24K Gold Plated 925 Sterling Silver leverback earrings base, Gifts for Wife\" \/>\n<meta name=\"robots\" content=\"index, follow, max-snippet:-1, max-image-preview:large, max-video-preview:-1\" \/>\n<link rel=\"canonical\" href=\"https:\/\/fredfloris.eu\/fi\/productpage\/crystal-blue-swarovski-earrings\/?wmc-currency=EUR\" \/>\n<meta property=\"og:locale\" content=\"fi_FI\" \/>\n<meta property=\"og:type\" content=\"article\" \/>\n<meta property=\"og:title\" content=\"Swarovski Crystal Drop Earrings - Crystal Blue | FredFloris\" \/>\n<meta property=\"og:description\" content=\"Swarovski Crystal drop earrings, Almond shaped, Platinum Plated &amp; 24K Gold Plated 925 Sterling Silver leverback earrings base, Gifts for Wife\" \/>\n<meta property=\"og:url\" content=\"https:\/\/fredfloris.eu\/fi\/productpage\/crystal-blue-swarovski-earrings\/?wmc-currency=EUR\" \/>\n<meta property=\"og:site_name\" content=\"FredFloris\" \/>\n<meta property=\"article:publisher\" content=\"https:\/\/www.facebook.com\/FredFloris.Artisan.Studio\/\" \/>\n<meta property=\"article:modified_time\" content=\"2024-07-23T18:31:14+00:00\" \/>\n<meta property=\"og:image\" content=\"https:\/\/fredfloris.eu\/wp-content\/uploads\/2022\/05\/IMG_2223-scaled.jpg\" \/>\n\t<meta property=\"og:image:width\" content=\"2560\" \/>\n\t<meta property=\"og:image:height\" content=\"1707\" \/>\n\t<meta property=\"og:image:type\" content=\"image\/jpeg\" \/>\n<meta name=\"twitter:card\" content=\"summary_large_image\" \/>\n<meta name=\"twitter:site\" content=\"@_fredfloris_\" \/>\n<meta name=\"twitter:label1\" content=\"Arvioitu lukuaika\" \/>\n\t<meta name=\"twitter:data1\" content=\"2 minuuttia\" \/>\n<script type=\"application\/ld+json\" class=\"yoast-schema-graph\">{\"@context\":\"https:\/\/schema.org\",\"@graph\":[{\"@type\":\"WebPage\",\"@id\":\"https:\/\/fredfloris.eu\/productpage\/crystal-blue-swarovski-earrings\/\",\"url\":\"https:\/\/fredfloris.eu\/productpage\/crystal-blue-swarovski-earrings\/\",\"name\":\"Swarovski Crystal Drop Earrings - Crystal Blue | FredFloris\",\"isPartOf\":{\"@id\":\"https:\/\/fredfloris.eu\/#website\"},\"primaryImageOfPage\":{\"@id\":\"https:\/\/fredfloris.eu\/productpage\/crystal-blue-swarovski-earrings\/#primaryimage\"},\"image\":{\"@id\":\"https:\/\/fredfloris.eu\/productpage\/crystal-blue-swarovski-earrings\/#primaryimage\"},\"thumbnailUrl\":\"https:\/\/fredfloris.eu\/wp-content\/uploads\/2022\/05\/IMG_2223-scaled.jpg\",\"datePublished\":\"2022-05-18T17:51:59+00:00\",\"dateModified\":\"2024-07-23T18:31:14+00:00\",\"description\":\"Swarovski Crystal drop earrings, Almond shaped, Platinum Plated & 24K Gold Plated 925 Sterling Silver leverback earrings base, Gifts for Wife\",\"breadcrumb\":{\"@id\":\"https:\/\/fredfloris.eu\/productpage\/crystal-blue-swarovski-earrings\/#breadcrumb\"},\"inLanguage\":\"fi\",\"potentialAction\":[{\"@type\":\"ReadAction\",\"target\":[\"https:\/\/fredfloris.eu\/productpage\/crystal-blue-swarovski-earrings\/\"]}]},{\"@type\":\"ImageObject\",\"inLanguage\":\"fi\",\"@id\":\"https:\/\/fredfloris.eu\/productpage\/crystal-blue-swarovski-earrings\/#primaryimage\",\"url\":\"https:\/\/fredfloris.eu\/wp-content\/uploads\/2022\/05\/IMG_2223-scaled.jpg\",\"contentUrl\":\"https:\/\/fredfloris.eu\/wp-content\/uploads\/2022\/05\/IMG_2223-scaled.jpg\",\"width\":2560,\"height\":1707,\"caption\":\"Product: Crystal Blue \u2013 Gold and Platinum Plated Silver\"},{\"@type\":\"BreadcrumbList\",\"@id\":\"https:\/\/fredfloris.eu\/productpage\/crystal-blue-swarovski-earrings\/#breadcrumb\",\"itemListElement\":[{\"@type\":\"ListItem\",\"position\":1,\"name\":\"Home\",\"item\":\"https:\/\/fredfloris.eu\/\"},{\"@type\":\"ListItem\",\"position\":2,\"name\":\"Shop\",\"item\":\"https:\/\/fredfloris.eu\/shop\/\"},{\"@type\":\"ListItem\",\"position\":3,\"name\":\"Crystal Blue &#8211; Leverback Swarovski Crystal Earrings\"}]},{\"@type\":\"WebSite\",\"@id\":\"https:\/\/fredfloris.eu\/#website\",\"url\":\"https:\/\/fredfloris.eu\/\",\"name\":\"FredFloris\",\"description\":\"Handcrafted Leathergoods - Made in Sweden\",\"publisher\":{\"@id\":\"https:\/\/fredfloris.eu\/#organization\"},\"potentialAction\":[{\"@type\":\"SearchAction\",\"target\":{\"@type\":\"EntryPoint\",\"urlTemplate\":\"https:\/\/fredfloris.eu\/?s={search_term_string}\"},\"query-input\":{\"@type\":\"PropertyValueSpecification\",\"valueRequired\":true,\"valueName\":\"search_term_string\"}}],\"inLanguage\":\"fi\"},{\"@type\":\"Organization\",\"@id\":\"https:\/\/fredfloris.eu\/#organization\",\"name\":\"FredFloris\",\"url\":\"https:\/\/fredfloris.eu\/\",\"logo\":{\"@type\":\"ImageObject\",\"inLanguage\":\"fi\",\"@id\":\"https:\/\/fredfloris.eu\/#\/schema\/logo\/image\/\",\"url\":\"https:\/\/fredfloris.eu\/wp-content\/uploads\/2022\/03\/FredFloris-med-hel-nal-och-text.png\",\"contentUrl\":\"https:\/\/fredfloris.eu\/wp-content\/uploads\/2022\/03\/FredFloris-med-hel-nal-och-text.png\",\"width\":591,\"height\":283,\"caption\":\"FredFloris\"},\"image\":{\"@id\":\"https:\/\/fredfloris.eu\/#\/schema\/logo\/image\/\"},\"sameAs\":[\"https:\/\/www.facebook.com\/FredFloris.Artisan.Studio\/\",\"https:\/\/x.com\/_fredfloris_\",\"https:\/\/www.instagram.com\/fredfloris.artisan.studio\/\"]}]}<\/script>\n<!-- \/ Yoast SEO plugin. -->","yoast_head_json":{"title":"Swarovski Kristallipisara korvakorut - Crystal Blue | FredFloris","description":"Swarovski Crystal pudota korvakorut, mantelin muotoinen, Platinum Plated &amp; 24K kullattu 925 Sterling Silver leverback korvakorut pohja, lahjoja vaimolle","robots":{"index":"index","follow":"follow","max-snippet":"max-snippet:-1","max-image-preview":"max-image-preview:large","max-video-preview":"max-video-preview:-1"},"canonical":"https:\/\/fredfloris.eu\/fi\/productpage\/crystal-blue-swarovski-earrings\/?wmc-currency=EUR","og_locale":"fi_FI","og_type":"article","og_title":"Swarovski Crystal Drop Earrings - Crystal Blue | FredFloris","og_description":"Swarovski Crystal drop earrings, Almond shaped, Platinum Plated & 24K Gold Plated 925 Sterling Silver leverback earrings base, Gifts for Wife","og_url":"https:\/\/fredfloris.eu\/fi\/productpage\/crystal-blue-swarovski-earrings\/?wmc-currency=EUR","og_site_name":"FredFloris","article_publisher":"https:\/\/www.facebook.com\/FredFloris.Artisan.Studio\/","article_modified_time":"2024-07-23T18:31:14+00:00","og_image":[{"width":2560,"height":1707,"url":"https:\/\/fredfloris.eu\/wp-content\/uploads\/2022\/05\/IMG_2223-scaled.jpg","type":"image\/jpeg"}],"twitter_card":"summary_large_image","twitter_site":"@_fredfloris_","twitter_misc":{"Arvioitu lukuaika":"2 minuuttia"},"schema":{"@context":"https:\/\/schema.org","@graph":[{"@type":"WebPage","@id":"https:\/\/fredfloris.eu\/productpage\/crystal-blue-swarovski-earrings\/","url":"https:\/\/fredfloris.eu\/productpage\/crystal-blue-swarovski-earrings\/","name":"Swarovski Kristallipisara korvakorut - Crystal Blue | FredFloris","isPartOf":{"@id":"https:\/\/fredfloris.eu\/#website"},"primaryImageOfPage":{"@id":"https:\/\/fredfloris.eu\/productpage\/crystal-blue-swarovski-earrings\/#primaryimage"},"image":{"@id":"https:\/\/fredfloris.eu\/productpage\/crystal-blue-swarovski-earrings\/#primaryimage"},"thumbnailUrl":"https:\/\/fredfloris.eu\/wp-content\/uploads\/2022\/05\/IMG_2223-scaled.jpg","datePublished":"2022-05-18T17:51:59+00:00","dateModified":"2024-07-23T18:31:14+00:00","description":"Swarovski Crystal pudota korvakorut, mantelin muotoinen, Platinum Plated &amp; 24K kullattu 925 Sterling Silver leverback korvakorut pohja, lahjoja vaimolle","breadcrumb":{"@id":"https:\/\/fredfloris.eu\/productpage\/crystal-blue-swarovski-earrings\/#breadcrumb"},"inLanguage":"fi","potentialAction":[{"@type":"ReadAction","target":["https:\/\/fredfloris.eu\/productpage\/crystal-blue-swarovski-earrings\/"]}]},{"@type":"ImageObject","inLanguage":"fi","@id":"https:\/\/fredfloris.eu\/productpage\/crystal-blue-swarovski-earrings\/#primaryimage","url":"https:\/\/fredfloris.eu\/wp-content\/uploads\/2022\/05\/IMG_2223-scaled.jpg","contentUrl":"https:\/\/fredfloris.eu\/wp-content\/uploads\/2022\/05\/IMG_2223-scaled.jpg","width":2560,"height":1707,"caption":"Product: Crystal Blue \u2013 Gold and Platinum Plated Silver"},{"@type":"BreadcrumbList","@id":"https:\/\/fredfloris.eu\/productpage\/crystal-blue-swarovski-earrings\/#breadcrumb","itemListElement":[{"@type":"ListItem","position":1,"name":"Home","item":"https:\/\/fredfloris.eu\/"},{"@type":"ListItem","position":2,"name":"Shop","item":"https:\/\/fredfloris.eu\/shop\/"},{"@type":"ListItem","position":3,"name":"Crystal Blue &#8211; Leverback Swarovski Crystal Earrings"}]},{"@type":"WebSite","@id":"https:\/\/fredfloris.eu\/#website","url":"https:\/\/fredfloris.eu\/","name":"FredFloris","description":"K\u00e4sintehdyt nahkatavarat - Made in Sweden","publisher":{"@id":"https:\/\/fredfloris.eu\/#organization"},"potentialAction":[{"@type":"SearchAction","target":{"@type":"EntryPoint","urlTemplate":"https:\/\/fredfloris.eu\/?s={search_term_string}"},"query-input":{"@type":"PropertyValueSpecification","valueRequired":true,"valueName":"search_term_string"}}],"inLanguage":"fi"},{"@type":"Organization","@id":"https:\/\/fredfloris.eu\/#organization","name":"FredFloris","url":"https:\/\/fredfloris.eu\/","logo":{"@type":"ImageObject","inLanguage":"fi","@id":"https:\/\/fredfloris.eu\/#\/schema\/logo\/image\/","url":"https:\/\/fredfloris.eu\/wp-content\/uploads\/2022\/03\/FredFloris-med-hel-nal-och-text.png","contentUrl":"https:\/\/fredfloris.eu\/wp-content\/uploads\/2022\/03\/FredFloris-med-hel-nal-och-text.png","width":591,"height":283,"caption":"FredFloris"},"image":{"@id":"https:\/\/fredfloris.eu\/#\/schema\/logo\/image\/"},"sameAs":["https:\/\/www.facebook.com\/FredFloris.Artisan.Studio\/","https:\/\/x.com\/_fredfloris_","https:\/\/www.instagram.com\/fredfloris.artisan.studio\/"]}]}},"brands":[{"id":204,"name":"FredFloris &amp; kumppani","slug":"fredfloris-partner"}],"_links":{"self":[{"href":"https:\/\/fredfloris.eu\/fi\/wp-json\/wp\/v2\/product\/5335","targetHints":{"allow":["GET"]}}],"collection":[{"href":"https:\/\/fredfloris.eu\/fi\/wp-json\/wp\/v2\/product"}],"about":[{"href":"https:\/\/fredfloris.eu\/fi\/wp-json\/wp\/v2\/types\/product"}],"version-history":[{"count":9,"href":"https:\/\/fredfloris.eu\/fi\/wp-json\/wp\/v2\/product\/5335\/revisions"}],"predecessor-version":[{"id":11583,"href":"https:\/\/fredfloris.eu\/fi\/wp-json\/wp\/v2\/product\/5335\/revisions\/11583"}],"wp:featuredmedia":[{"embeddable":true,"href":"https:\/\/fredfloris.eu\/fi\/wp-json\/wp\/v2\/media\/4893"}],"wp:attachment":[{"href":"https:\/\/fredfloris.eu\/fi\/wp-json\/wp\/v2\/media?parent=5335"}],"wp:term":[{"taxonomy":"pwb-brand","embeddable":true,"href":"https:\/\/fredfloris.eu\/fi\/wp-json\/wp\/v2\/pwb-brand?post=5335"},{"taxonomy":"product_brand","embeddable":true,"href":"https:\/\/fredfloris.eu\/fi\/wp-json\/wp\/v2\/product_brand?post=5335"},{"taxonomy":"product_cat","embeddable":true,"href":"https:\/\/fredfloris.eu\/fi\/wp-json\/wp\/v2\/product_cat?post=5335"},{"taxonomy":"product_tag","embeddable":true,"href":"https:\/\/fredfloris.eu\/fi\/wp-json\/wp\/v2\/product_tag?post=5335"},{"taxonomy":"woo-feed-brand","embeddable":true,"href":"https:\/\/fredfloris.eu\/fi\/wp-json\/wp\/v2\/woo-feed-brand?post=5335"}],"curies":[{"name":"wp","href":"https:\/\/api.w.org\/{rel}","templated":true}]}}