{"id":5344,"date":"2022-05-18T20:14:17","date_gmt":"2022-05-18T18:14:17","guid":{"rendered":"https:\/\/fredfloris.eu\/?post_type=product&#038;p=5344"},"modified":"2024-07-23T20:32:47","modified_gmt":"2024-07-23T18:32:47","slug":"light-sapphire-swarovski-earrings","status":"publish","type":"product","link":"https:\/\/fredfloris.eu\/fi\/productpage\/light-sapphire-swarovski-earrings\/","title":{"rendered":"Light Sapphire - Swarovski kristallikorvakorut Light Sapphire - Leverback Swarovski kristallikorvakorut"},"content":{"rendered":"<p><strong>Koe ajaton eleganssi kristallipudotuskorvakoruissamme.<\/strong> Yksinkertainen mutta upea jalometallin ja kirkkaaksi hiotun kristallin yhdistelm\u00e4 tekee n\u00e4ist\u00e4 korvakoruista v\u00e4ltt\u00e4m\u00e4tt\u00f6m\u00e4t. Niiden k\u00e4ytt\u00e4minen tuo mieleen klassisen filmit\u00e4hden kauneuden. N\u00e4iss\u00e4 tyylikk\u00e4iss\u00e4 korvakoruissa on voimakas sininen s\u00e4vy, ja niiden riipuksen muoto pident\u00e4\u00e4 kasvoja ja imartelee piirteit\u00e4si. Ne sopivat erinomaisesti erityisiin tilaisuuksiin, kuten h\u00e4ihin, juhliin, ty\u00f6tilaisuuksiin ja perhejuhliin.<\/p>\n<p><strong>Saatavilla olevat materiaalit:<\/strong> N\u00e4m\u00e4 korvakorut ovat saatavana 925 Sterling hopeaa joko platinalla tai 24k kullalla pinnoitettuna.<\/p>\n<p><strong>Swarovski Kiteet:<\/strong> N\u00e4m\u00e4 Swarovski-kristallien korvakorut ovat tunnettuja loistavasta, valoa heijastavasta leikkauksestaan ja salaper\u00e4isest\u00e4 v\u00e4rist\u00e4\u00e4n, ja ne ovat luotettava valinta mihin tahansa tapahtumaan. Jokainen koru on valmistettu It\u00e4vallan Wattensissa.<\/p>\n<p><strong>Harkittu lahja:<\/strong> N\u00e4iden korvakorujen kiilt\u00e4v\u00e4, vaalean safiirin s\u00e4vy tekee niist\u00e4 ajattoman lis\u00e4n mihin tahansa korukokoelmaan ja t\u00e4ydellisen \"jotain sinist\u00e4\" morsiamelle.<\/p>\n<p><strong>Hypoallergeeninen:<\/strong> Vipuvarsi on valmistettu nikkelitt\u00f6m\u00e4st\u00e4 hopeasta, joka est\u00e4\u00e4 iho\u00e4rsytyst\u00e4 ja haalistumista. Vipuvarsi pit\u00e4\u00e4 korvakorut tukevasti paikoillaan ja on samalla miellytt\u00e4v\u00e4 k\u00e4ytt\u00e4j\u00e4lle.<\/p>\n<p><strong>Korujen hoito:<\/strong> S\u00e4ilyt\u00e4 korvakorut pehme\u00e4ss\u00e4 laatikossa tai pussissa erill\u00e4\u00e4n muista koruista, jotta ne s\u00e4ilyv\u00e4t koskemattomina. V\u00e4lt\u00e4 altistumista kemikaaleille vaurioiden v\u00e4ltt\u00e4miseksi. Platinointi, olipa se sitten platinaa tai kultaa, on herkk\u00e4 ja haalistuu ajan my\u00f6t\u00e4, kuten kaikki pinnoitteet. Rajoita kosketusta kemikaalien ja ihon kanssa pident\u00e4\u00e4ksesi pinnoituksen k\u00e4ytt\u00f6ik\u00e4\u00e4.<\/p>\n<p>&nbsp;<\/p>\n<p>Hakusanat: kristalli korvakorut, kristalli pudota korvakorut<\/p>","protected":false},"excerpt":{"rendered":"<p><strong>TUOTTEEN MITAT - <\/strong>Tuotteen paino: 6 g (pari)<\/p>\n<p>Kristallin koko: 22 mm. Vipukahvan korkeus: 18 mm, leveys: 11,80 mm.<\/p>\n<p>Saatavana 925 Sterling Silver\/Platinoitu\/24K kullattu - 0,4 \u00b5m.<\/p>\n<pre><\/pre>\n<p>Kokenut kumppanimme Puolassa valmistaa korvakorujen pohjan. K\u00e4yt\u00e4mme 0,4 \u00b5m:n paksuista pinnoitettua hopeaa, koska se ei tummenna tai himment\u00e4\u00e4 koruja. Tuote kest\u00e4\u00e4 jonkin verran v\u00e4rj\u00e4ytymist\u00e4, mutta muista noudattaa hoito-ohjeitamme pident\u00e4\u00e4ksesi uusien korujesi k\u00e4ytt\u00f6ik\u00e4\u00e4.<\/p>","protected":false},"featured_media":4855,"template":"","meta":[],"pwb-brand":[204],"product_brand":[],"product_cat":[115,113,101],"product_tag":[163,165,164,135,195],"woo-feed-brand":[],"class_list":{"0":"post-5344","1":"product","2":"type-product","3":"status-publish","4":"has-post-thumbnail","6":"pwb-brand-fredfloris-partner","7":"product_cat-drop-earrings","8":"product_cat-earrings","9":"product_cat-jewelry","10":"product_tag-gold","11":"product_tag-platinum","12":"product_tag-silver","13":"product_tag-stocked","14":"product_tag-swarovski","15":"product_shipping_class-small-goods","16":"pa_leverback-ag-925-24k-gold-plated-04-m","17":"pa_leverback-ag-925-platinum-plated-04-m","18":"pa_swarovski-crystal-swarovski-22mm-light-sapphire","20":"first","21":"instock","22":"taxable","23":"shipping-taxable","24":"purchasable","25":"product-type-variable"},"yoast_head":"<!-- This site is optimized with the Yoast SEO plugin v27.2 - https:\/\/yoast.com\/product\/yoast-seo-wordpress\/ -->\n<title>Light Sapphire - Leverback Swarovski Crystal Earrings | FredFloris<\/title>\n<meta name=\"description\" content=\"Swarovski leverback crystal earrings, Platinum &amp; 24K Gold Plated 925 Sterling Silver crystal drop earrings, Gifts for her.\" \/>\n<meta name=\"robots\" content=\"index, follow, max-snippet:-1, max-image-preview:large, max-video-preview:-1\" \/>\n<link rel=\"canonical\" href=\"https:\/\/fredfloris.eu\/fi\/productpage\/light-sapphire-swarovski-earrings\/?wmc-currency=EUR\" \/>\n<meta property=\"og:locale\" content=\"fi_FI\" \/>\n<meta property=\"og:type\" content=\"article\" \/>\n<meta property=\"og:title\" content=\"Light Sapphire - Leverback Swarovski Crystal Earrings | FredFloris\" \/>\n<meta property=\"og:description\" content=\"Swarovski leverback crystal earrings, Platinum &amp; 24K Gold Plated 925 Sterling Silver crystal drop earrings, Gifts for her.\" \/>\n<meta property=\"og:url\" content=\"https:\/\/fredfloris.eu\/fi\/productpage\/light-sapphire-swarovski-earrings\/?wmc-currency=EUR\" \/>\n<meta property=\"og:site_name\" content=\"FredFloris\" \/>\n<meta property=\"article:publisher\" content=\"https:\/\/www.facebook.com\/FredFloris.Artisan.Studio\/\" \/>\n<meta property=\"article:modified_time\" content=\"2024-07-23T18:32:47+00:00\" \/>\n<meta property=\"og:image\" content=\"https:\/\/fredfloris.eu\/wp-content\/uploads\/2022\/05\/IMG_2193-scaled.jpg\" \/>\n\t<meta property=\"og:image:width\" content=\"2560\" \/>\n\t<meta property=\"og:image:height\" content=\"1707\" \/>\n\t<meta property=\"og:image:type\" content=\"image\/jpeg\" \/>\n<meta name=\"twitter:card\" content=\"summary_large_image\" \/>\n<meta name=\"twitter:site\" content=\"@_fredfloris_\" \/>\n<meta name=\"twitter:label1\" content=\"Arvioitu lukuaika\" \/>\n\t<meta name=\"twitter:data1\" content=\"2 minuuttia\" \/>\n<script type=\"application\/ld+json\" class=\"yoast-schema-graph\">{\"@context\":\"https:\/\/schema.org\",\"@graph\":[{\"@type\":\"WebPage\",\"@id\":\"https:\/\/fredfloris.eu\/productpage\/light-sapphire-swarovski-earrings\/\",\"url\":\"https:\/\/fredfloris.eu\/productpage\/light-sapphire-swarovski-earrings\/\",\"name\":\"Light Sapphire - Leverback Swarovski Crystal Earrings | FredFloris\",\"isPartOf\":{\"@id\":\"https:\/\/fredfloris.eu\/#website\"},\"primaryImageOfPage\":{\"@id\":\"https:\/\/fredfloris.eu\/productpage\/light-sapphire-swarovski-earrings\/#primaryimage\"},\"image\":{\"@id\":\"https:\/\/fredfloris.eu\/productpage\/light-sapphire-swarovski-earrings\/#primaryimage\"},\"thumbnailUrl\":\"https:\/\/fredfloris.eu\/wp-content\/uploads\/2022\/05\/IMG_2193-scaled-e1740244068830.jpg\",\"datePublished\":\"2022-05-18T18:14:17+00:00\",\"dateModified\":\"2024-07-23T18:32:47+00:00\",\"description\":\"Swarovski leverback crystal earrings, Platinum & 24K Gold Plated 925 Sterling Silver crystal drop earrings, Gifts for her.\",\"breadcrumb\":{\"@id\":\"https:\/\/fredfloris.eu\/productpage\/light-sapphire-swarovski-earrings\/#breadcrumb\"},\"inLanguage\":\"fi\",\"potentialAction\":[{\"@type\":\"ReadAction\",\"target\":[\"https:\/\/fredfloris.eu\/productpage\/light-sapphire-swarovski-earrings\/\"]}]},{\"@type\":\"ImageObject\",\"inLanguage\":\"fi\",\"@id\":\"https:\/\/fredfloris.eu\/productpage\/light-sapphire-swarovski-earrings\/#primaryimage\",\"url\":\"https:\/\/fredfloris.eu\/wp-content\/uploads\/2022\/05\/IMG_2193-scaled-e1740244068830.jpg\",\"contentUrl\":\"https:\/\/fredfloris.eu\/wp-content\/uploads\/2022\/05\/IMG_2193-scaled-e1740244068830.jpg\",\"width\":1502,\"height\":1002,\"caption\":\"Product: Light Sapphire \u2013 Gold and Platinum Plated Silver\"},{\"@type\":\"BreadcrumbList\",\"@id\":\"https:\/\/fredfloris.eu\/productpage\/light-sapphire-swarovski-earrings\/#breadcrumb\",\"itemListElement\":[{\"@type\":\"ListItem\",\"position\":1,\"name\":\"Home\",\"item\":\"https:\/\/fredfloris.eu\/\"},{\"@type\":\"ListItem\",\"position\":2,\"name\":\"Shop\",\"item\":\"https:\/\/fredfloris.eu\/shop\/\"},{\"@type\":\"ListItem\",\"position\":3,\"name\":\"Light Sapphire &#8211; Leverback Swarovski Crystal Earrings\"}]},{\"@type\":\"WebSite\",\"@id\":\"https:\/\/fredfloris.eu\/#website\",\"url\":\"https:\/\/fredfloris.eu\/\",\"name\":\"FredFloris\",\"description\":\"Handcrafted Leathergoods - Made in Sweden\",\"publisher\":{\"@id\":\"https:\/\/fredfloris.eu\/#organization\"},\"potentialAction\":[{\"@type\":\"SearchAction\",\"target\":{\"@type\":\"EntryPoint\",\"urlTemplate\":\"https:\/\/fredfloris.eu\/?s={search_term_string}\"},\"query-input\":{\"@type\":\"PropertyValueSpecification\",\"valueRequired\":true,\"valueName\":\"search_term_string\"}}],\"inLanguage\":\"fi\"},{\"@type\":\"Organization\",\"@id\":\"https:\/\/fredfloris.eu\/#organization\",\"name\":\"FredFloris\",\"url\":\"https:\/\/fredfloris.eu\/\",\"logo\":{\"@type\":\"ImageObject\",\"inLanguage\":\"fi\",\"@id\":\"https:\/\/fredfloris.eu\/#\/schema\/logo\/image\/\",\"url\":\"https:\/\/fredfloris.eu\/wp-content\/uploads\/2022\/03\/FredFloris-med-hel-nal-och-text.png\",\"contentUrl\":\"https:\/\/fredfloris.eu\/wp-content\/uploads\/2022\/03\/FredFloris-med-hel-nal-och-text.png\",\"width\":591,\"height\":283,\"caption\":\"FredFloris\"},\"image\":{\"@id\":\"https:\/\/fredfloris.eu\/#\/schema\/logo\/image\/\"},\"sameAs\":[\"https:\/\/www.facebook.com\/FredFloris.Artisan.Studio\/\",\"https:\/\/x.com\/_fredfloris_\",\"https:\/\/www.instagram.com\/fredfloris.artisan.studio\/\"]}]}<\/script>\n<!-- \/ Yoast SEO plugin. -->","yoast_head_json":{"title":"Light Sapphire - Swarovski kristalli korvakorut | FredFloris","description":"Swarovski leverback kristalli korvakorut, Platinum &amp; 24K kullattu 925 Sterling Silver kristalli pudota korvakorut, lahjoja h\u00e4nelle.","robots":{"index":"index","follow":"follow","max-snippet":"max-snippet:-1","max-image-preview":"max-image-preview:large","max-video-preview":"max-video-preview:-1"},"canonical":"https:\/\/fredfloris.eu\/fi\/productpage\/light-sapphire-swarovski-earrings\/?wmc-currency=EUR","og_locale":"fi_FI","og_type":"article","og_title":"Light Sapphire - Leverback Swarovski Crystal Earrings | FredFloris","og_description":"Swarovski leverback crystal earrings, Platinum & 24K Gold Plated 925 Sterling Silver crystal drop earrings, Gifts for her.","og_url":"https:\/\/fredfloris.eu\/fi\/productpage\/light-sapphire-swarovski-earrings\/?wmc-currency=EUR","og_site_name":"FredFloris","article_publisher":"https:\/\/www.facebook.com\/FredFloris.Artisan.Studio\/","article_modified_time":"2024-07-23T18:32:47+00:00","og_image":[{"width":2560,"height":1707,"url":"https:\/\/fredfloris.eu\/wp-content\/uploads\/2022\/05\/IMG_2193-scaled.jpg","type":"image\/jpeg"}],"twitter_card":"summary_large_image","twitter_site":"@_fredfloris_","twitter_misc":{"Arvioitu lukuaika":"2 minuuttia"},"schema":{"@context":"https:\/\/schema.org","@graph":[{"@type":"WebPage","@id":"https:\/\/fredfloris.eu\/productpage\/light-sapphire-swarovski-earrings\/","url":"https:\/\/fredfloris.eu\/productpage\/light-sapphire-swarovski-earrings\/","name":"Light Sapphire - Swarovski kristalli korvakorut | FredFloris","isPartOf":{"@id":"https:\/\/fredfloris.eu\/#website"},"primaryImageOfPage":{"@id":"https:\/\/fredfloris.eu\/productpage\/light-sapphire-swarovski-earrings\/#primaryimage"},"image":{"@id":"https:\/\/fredfloris.eu\/productpage\/light-sapphire-swarovski-earrings\/#primaryimage"},"thumbnailUrl":"https:\/\/fredfloris.eu\/wp-content\/uploads\/2022\/05\/IMG_2193-scaled-e1740244068830.jpg","datePublished":"2022-05-18T18:14:17+00:00","dateModified":"2024-07-23T18:32:47+00:00","description":"Swarovski leverback kristalli korvakorut, Platinum &amp; 24K kullattu 925 Sterling Silver kristalli pudota korvakorut, lahjoja h\u00e4nelle.","breadcrumb":{"@id":"https:\/\/fredfloris.eu\/productpage\/light-sapphire-swarovski-earrings\/#breadcrumb"},"inLanguage":"fi","potentialAction":[{"@type":"ReadAction","target":["https:\/\/fredfloris.eu\/productpage\/light-sapphire-swarovski-earrings\/"]}]},{"@type":"ImageObject","inLanguage":"fi","@id":"https:\/\/fredfloris.eu\/productpage\/light-sapphire-swarovski-earrings\/#primaryimage","url":"https:\/\/fredfloris.eu\/wp-content\/uploads\/2022\/05\/IMG_2193-scaled-e1740244068830.jpg","contentUrl":"https:\/\/fredfloris.eu\/wp-content\/uploads\/2022\/05\/IMG_2193-scaled-e1740244068830.jpg","width":1502,"height":1002,"caption":"Product: Light Sapphire \u2013 Gold and Platinum Plated Silver"},{"@type":"BreadcrumbList","@id":"https:\/\/fredfloris.eu\/productpage\/light-sapphire-swarovski-earrings\/#breadcrumb","itemListElement":[{"@type":"ListItem","position":1,"name":"Home","item":"https:\/\/fredfloris.eu\/"},{"@type":"ListItem","position":2,"name":"Shop","item":"https:\/\/fredfloris.eu\/shop\/"},{"@type":"ListItem","position":3,"name":"Light Sapphire &#8211; Leverback Swarovski Crystal Earrings"}]},{"@type":"WebSite","@id":"https:\/\/fredfloris.eu\/#website","url":"https:\/\/fredfloris.eu\/","name":"FredFloris","description":"K\u00e4sintehdyt nahkatavarat - Made in Sweden","publisher":{"@id":"https:\/\/fredfloris.eu\/#organization"},"potentialAction":[{"@type":"SearchAction","target":{"@type":"EntryPoint","urlTemplate":"https:\/\/fredfloris.eu\/?s={search_term_string}"},"query-input":{"@type":"PropertyValueSpecification","valueRequired":true,"valueName":"search_term_string"}}],"inLanguage":"fi"},{"@type":"Organization","@id":"https:\/\/fredfloris.eu\/#organization","name":"FredFloris","url":"https:\/\/fredfloris.eu\/","logo":{"@type":"ImageObject","inLanguage":"fi","@id":"https:\/\/fredfloris.eu\/#\/schema\/logo\/image\/","url":"https:\/\/fredfloris.eu\/wp-content\/uploads\/2022\/03\/FredFloris-med-hel-nal-och-text.png","contentUrl":"https:\/\/fredfloris.eu\/wp-content\/uploads\/2022\/03\/FredFloris-med-hel-nal-och-text.png","width":591,"height":283,"caption":"FredFloris"},"image":{"@id":"https:\/\/fredfloris.eu\/#\/schema\/logo\/image\/"},"sameAs":["https:\/\/www.facebook.com\/FredFloris.Artisan.Studio\/","https:\/\/x.com\/_fredfloris_","https:\/\/www.instagram.com\/fredfloris.artisan.studio\/"]}]}},"brands":[{"id":204,"name":"FredFloris &amp; kumppani","slug":"fredfloris-partner"}],"_links":{"self":[{"href":"https:\/\/fredfloris.eu\/fi\/wp-json\/wp\/v2\/product\/5344","targetHints":{"allow":["GET"]}}],"collection":[{"href":"https:\/\/fredfloris.eu\/fi\/wp-json\/wp\/v2\/product"}],"about":[{"href":"https:\/\/fredfloris.eu\/fi\/wp-json\/wp\/v2\/types\/product"}],"version-history":[{"count":9,"href":"https:\/\/fredfloris.eu\/fi\/wp-json\/wp\/v2\/product\/5344\/revisions"}],"predecessor-version":[{"id":11582,"href":"https:\/\/fredfloris.eu\/fi\/wp-json\/wp\/v2\/product\/5344\/revisions\/11582"}],"wp:featuredmedia":[{"embeddable":true,"href":"https:\/\/fredfloris.eu\/fi\/wp-json\/wp\/v2\/media\/4855"}],"wp:attachment":[{"href":"https:\/\/fredfloris.eu\/fi\/wp-json\/wp\/v2\/media?parent=5344"}],"wp:term":[{"taxonomy":"pwb-brand","embeddable":true,"href":"https:\/\/fredfloris.eu\/fi\/wp-json\/wp\/v2\/pwb-brand?post=5344"},{"taxonomy":"product_brand","embeddable":true,"href":"https:\/\/fredfloris.eu\/fi\/wp-json\/wp\/v2\/product_brand?post=5344"},{"taxonomy":"product_cat","embeddable":true,"href":"https:\/\/fredfloris.eu\/fi\/wp-json\/wp\/v2\/product_cat?post=5344"},{"taxonomy":"product_tag","embeddable":true,"href":"https:\/\/fredfloris.eu\/fi\/wp-json\/wp\/v2\/product_tag?post=5344"},{"taxonomy":"woo-feed-brand","embeddable":true,"href":"https:\/\/fredfloris.eu\/fi\/wp-json\/wp\/v2\/woo-feed-brand?post=5344"}],"curies":[{"name":"wp","href":"https:\/\/api.w.org\/{rel}","templated":true}]}}