{"id":5348,"date":"2022-05-18T20:27:09","date_gmt":"2022-05-18T18:27:09","guid":{"rendered":"https:\/\/fredfloris.eu\/?post_type=product&#038;p=5348"},"modified":"2024-07-23T20:33:47","modified_gmt":"2024-07-23T18:33:47","slug":"crystal-golden-swarovski-earrings","status":"publish","type":"product","link":"https:\/\/fredfloris.eu\/fi\/productpage\/crystal-golden-swarovski-earrings\/","title":{"rendered":"Crystal Golden - Swarovski kristallikorvakorut Crystal Golden - Kristallikorvakorut"},"content":{"rendered":"<p><strong>Koe hienovaraista eleganssia Swarovski-kristallipisarakorvakoruissamme.<\/strong> T\u00e4m\u00e4 muotoilu ei ainoastaan pidenn\u00e4 kaulaa, vaan se my\u00f6s lis\u00e4\u00e4 ripauksen naisellisuutta. Nuolen muotoinen vipukannatin pit\u00e4\u00e4 kristallin tukevasti kiinni ja ohjaa katseen kohti h\u00e4ik\u00e4isevi\u00e4 Swarovski-kristalleja. Tausta laajenee kristallia l\u00e4hestytt\u00e4ess\u00e4, mik\u00e4 korostaa Swarovski-kristallin ominaiskiiltoa, mik\u00e4 tekee n\u00e4ist\u00e4 korvakoruista vaivattoman tyylikk\u00e4\u00e4t ja sopivat kaikkiin tilaisuuksiin.<\/p>\n<p><strong>T\u00e4ydellinen erilaisiin tilaisuuksiin:<\/strong> Ihanteellinen erityistapahtumiin, iltoihin ja jokap\u00e4iv\u00e4iseen k\u00e4ytt\u00f6\u00f6n. Saatavana platinoituna tai kullattuna Sterling Silver 925.<\/p>\n<p><strong>Miksi Swarovski-kiteet:<\/strong> K\u00e4yt\u00e4mme Swarovski-kiteit\u00e4 niiden ajattoman muotoilun ja yleismaailmallisen vetovoiman vuoksi. N\u00e4m\u00e4 kristallit ovat tunnettuja kirkkaasta s\u00e4vyst\u00e4\u00e4n ja poikkeuksellisista valoa heijastavista ominaisuuksistaan, ja ne valmistetaan It\u00e4vallan Wattensissa.<\/p>\n<p><strong>Ihanteellinen lahjaksi:<\/strong> N\u00e4m\u00e4 korvakorut ovat huomaavainen lahja kenelle tahansa korujen yst\u00e4v\u00e4lle, ja niiss\u00e4 on laadukas muotoilu, joka erottuu edukseen.<\/p>\n<p><strong>Hypoallergeeninen:<\/strong> Sterling hopea vipu-tuki on nikkelit\u00f6n, est\u00e4\u00e4 iho\u00e4rsytyst\u00e4 ja haalistumista. Vipuvarsi takaa, ett\u00e4 korvakorut pysyv\u00e4t tukevasti paikoillaan ja ovat samalla mukavat k\u00e4ytt\u00e4j\u00e4lle.<\/p>\n<p><strong>Korujen hoito:<\/strong> S\u00e4ilyt\u00e4 korvakorut pehme\u00e4ss\u00e4 laatikossa tai pussissa erill\u00e4\u00e4n muista koruista, jotta ne s\u00e4ilyv\u00e4t koskemattomina. V\u00e4lt\u00e4 altistumista kemikaaleille vaurioiden v\u00e4ltt\u00e4miseksi. Platinointi, olipa se sitten platinaa tai kultaa, on herkk\u00e4 ja haalistuu ajan my\u00f6t\u00e4, kuten kaikki pinnoitteet. Rajoita kosketusta kemikaalien ja ihon kanssa pident\u00e4\u00e4ksesi pinnoituksen k\u00e4ytt\u00f6ik\u00e4\u00e4.<\/p>\n<p>&nbsp;<\/p>\n<p>Hakusanat: Swarovski kristalli pudota korvakorut, Sterling hopea leverback korvakorut, Kultainen korvakorut<\/p>","protected":false},"excerpt":{"rendered":"<p><strong>TUOTTEEN MITAT - <\/strong>Tuotteen paino: 6 g (pari)<\/p>\n<p>Kristallin koko: 18 mm. Vipukahvan korkeus: 18 mm, leveys: 11,80 mm.<\/p>\n<p>Saatavana 925 Sterling Silver platinoituna\/24K kullattavana - 0,4 \u00b5m.<\/p>\n<pre><\/pre>\n<p>Kokenut kumppanimme Puolassa valmistaa korvakorujen pohjan. K\u00e4yt\u00e4mme 0,4 \u00b5m:n paksuista pinnoitettua hopeaa, koska se ei tummenna tai himment\u00e4\u00e4 koruja. Tuote kest\u00e4\u00e4 jonkin verran v\u00e4rj\u00e4ytymist\u00e4, mutta muista noudattaa hoito-ohjeitamme pident\u00e4\u00e4ksesi uusien korujesi k\u00e4ytt\u00f6ik\u00e4\u00e4.<\/p>","protected":false},"featured_media":4836,"template":"","meta":[],"pwb-brand":[204],"product_brand":[],"product_cat":[115,113,101],"product_tag":[163,165,164,135,195],"woo-feed-brand":[],"class_list":{"0":"post-5348","1":"product","2":"type-product","3":"status-publish","4":"has-post-thumbnail","6":"pwb-brand-fredfloris-partner","7":"product_cat-drop-earrings","8":"product_cat-earrings","9":"product_cat-jewelry","10":"product_tag-gold","11":"product_tag-platinum","12":"product_tag-silver","13":"product_tag-stocked","14":"product_tag-swarovski","15":"product_shipping_class-small-goods","16":"pa_leverback-ag-925-24k-gold-plated-04-m","17":"pa_leverback-ag-925-platinum-plated-04-m","18":"pa_swarovski-crystal-swarovski-mm-180-crystal-golden-shadow-gsha","20":"first","21":"instock","22":"taxable","23":"shipping-taxable","24":"purchasable","25":"product-type-variable"},"yoast_head":"<!-- This site is optimized with the Yoast SEO plugin v27.2 - https:\/\/yoast.com\/product\/yoast-seo-wordpress\/ -->\n<title>Swarovski Crystal Drop Earrings with Sterling Silver Leverback | FredFloris<\/title>\n<meta name=\"description\" content=\"Our Swarovski crystal drop earrings are available with Platinum Plated &amp; 24K Golden Plated 925 Sterling Silver leverback. The Perfect Birthday Present!\" \/>\n<meta name=\"robots\" content=\"index, follow, max-snippet:-1, max-image-preview:large, max-video-preview:-1\" \/>\n<link rel=\"canonical\" href=\"https:\/\/fredfloris.eu\/fi\/productpage\/crystal-golden-swarovski-earrings\/?wmc-currency=EUR\" \/>\n<meta property=\"og:locale\" content=\"fi_FI\" \/>\n<meta property=\"og:type\" content=\"article\" \/>\n<meta property=\"og:title\" content=\"Swarovski Crystal Drop Earrings with Sterling Silver Leverback | FredFloris\" \/>\n<meta property=\"og:description\" content=\"Our Swarovski crystal drop earrings are available with Platinum Plated &amp; 24K Golden Plated 925 Sterling Silver leverback. The Perfect Birthday Present!\" \/>\n<meta property=\"og:url\" content=\"https:\/\/fredfloris.eu\/fi\/productpage\/crystal-golden-swarovski-earrings\/?wmc-currency=EUR\" \/>\n<meta property=\"og:site_name\" content=\"FredFloris\" \/>\n<meta property=\"article:publisher\" content=\"https:\/\/www.facebook.com\/FredFloris.Artisan.Studio\/\" \/>\n<meta property=\"article:modified_time\" content=\"2024-07-23T18:33:47+00:00\" \/>\n<meta property=\"og:image\" content=\"https:\/\/fredfloris.eu\/wp-content\/uploads\/2022\/05\/IMG_2228-scaled.jpg\" \/>\n\t<meta property=\"og:image:width\" content=\"2560\" \/>\n\t<meta property=\"og:image:height\" content=\"1707\" \/>\n\t<meta property=\"og:image:type\" content=\"image\/jpeg\" \/>\n<meta name=\"twitter:card\" content=\"summary_large_image\" \/>\n<meta name=\"twitter:site\" content=\"@_fredfloris_\" \/>\n<meta name=\"twitter:label1\" content=\"Arvioitu lukuaika\" \/>\n\t<meta name=\"twitter:data1\" content=\"2 minuuttia\" \/>\n<script type=\"application\/ld+json\" class=\"yoast-schema-graph\">{\"@context\":\"https:\/\/schema.org\",\"@graph\":[{\"@type\":\"WebPage\",\"@id\":\"https:\/\/fredfloris.eu\/productpage\/crystal-golden-swarovski-earrings\/\",\"url\":\"https:\/\/fredfloris.eu\/productpage\/crystal-golden-swarovski-earrings\/\",\"name\":\"Swarovski Crystal Drop Earrings with Sterling Silver Leverback | FredFloris\",\"isPartOf\":{\"@id\":\"https:\/\/fredfloris.eu\/#website\"},\"primaryImageOfPage\":{\"@id\":\"https:\/\/fredfloris.eu\/productpage\/crystal-golden-swarovski-earrings\/#primaryimage\"},\"image\":{\"@id\":\"https:\/\/fredfloris.eu\/productpage\/crystal-golden-swarovski-earrings\/#primaryimage\"},\"thumbnailUrl\":\"https:\/\/fredfloris.eu\/wp-content\/uploads\/2022\/05\/IMG_2228-scaled-e1740244428667.jpg\",\"datePublished\":\"2022-05-18T18:27:09+00:00\",\"dateModified\":\"2024-07-23T18:33:47+00:00\",\"description\":\"Our Swarovski crystal drop earrings are available with Platinum Plated & 24K Golden Plated 925 Sterling Silver leverback. The Perfect Birthday Present!\",\"breadcrumb\":{\"@id\":\"https:\/\/fredfloris.eu\/productpage\/crystal-golden-swarovski-earrings\/#breadcrumb\"},\"inLanguage\":\"fi\",\"potentialAction\":[{\"@type\":\"ReadAction\",\"target\":[\"https:\/\/fredfloris.eu\/productpage\/crystal-golden-swarovski-earrings\/\"]}]},{\"@type\":\"ImageObject\",\"inLanguage\":\"fi\",\"@id\":\"https:\/\/fredfloris.eu\/productpage\/crystal-golden-swarovski-earrings\/#primaryimage\",\"url\":\"https:\/\/fredfloris.eu\/wp-content\/uploads\/2022\/05\/IMG_2228-scaled-e1740244428667.jpg\",\"contentUrl\":\"https:\/\/fredfloris.eu\/wp-content\/uploads\/2022\/05\/IMG_2228-scaled-e1740244428667.jpg\",\"width\":1574,\"height\":1050,\"caption\":\"Product: Crystal Golden \u2013 Gold and Platinum Plated Silver\"},{\"@type\":\"BreadcrumbList\",\"@id\":\"https:\/\/fredfloris.eu\/productpage\/crystal-golden-swarovski-earrings\/#breadcrumb\",\"itemListElement\":[{\"@type\":\"ListItem\",\"position\":1,\"name\":\"Home\",\"item\":\"https:\/\/fredfloris.eu\/\"},{\"@type\":\"ListItem\",\"position\":2,\"name\":\"Shop\",\"item\":\"https:\/\/fredfloris.eu\/shop\/\"},{\"@type\":\"ListItem\",\"position\":3,\"name\":\"Crystal Golden &#8211; Leverback Swarovski Crystal Earrings\"}]},{\"@type\":\"WebSite\",\"@id\":\"https:\/\/fredfloris.eu\/#website\",\"url\":\"https:\/\/fredfloris.eu\/\",\"name\":\"FredFloris\",\"description\":\"Handcrafted Leathergoods - Made in Sweden\",\"publisher\":{\"@id\":\"https:\/\/fredfloris.eu\/#organization\"},\"potentialAction\":[{\"@type\":\"SearchAction\",\"target\":{\"@type\":\"EntryPoint\",\"urlTemplate\":\"https:\/\/fredfloris.eu\/?s={search_term_string}\"},\"query-input\":{\"@type\":\"PropertyValueSpecification\",\"valueRequired\":true,\"valueName\":\"search_term_string\"}}],\"inLanguage\":\"fi\"},{\"@type\":\"Organization\",\"@id\":\"https:\/\/fredfloris.eu\/#organization\",\"name\":\"FredFloris\",\"url\":\"https:\/\/fredfloris.eu\/\",\"logo\":{\"@type\":\"ImageObject\",\"inLanguage\":\"fi\",\"@id\":\"https:\/\/fredfloris.eu\/#\/schema\/logo\/image\/\",\"url\":\"https:\/\/fredfloris.eu\/wp-content\/uploads\/2022\/03\/FredFloris-med-hel-nal-och-text.png\",\"contentUrl\":\"https:\/\/fredfloris.eu\/wp-content\/uploads\/2022\/03\/FredFloris-med-hel-nal-och-text.png\",\"width\":591,\"height\":283,\"caption\":\"FredFloris\"},\"image\":{\"@id\":\"https:\/\/fredfloris.eu\/#\/schema\/logo\/image\/\"},\"sameAs\":[\"https:\/\/www.facebook.com\/FredFloris.Artisan.Studio\/\",\"https:\/\/x.com\/_fredfloris_\",\"https:\/\/www.instagram.com\/fredfloris.artisan.studio\/\"]}]}<\/script>\n<!-- \/ Yoast SEO plugin. -->","yoast_head_json":{"title":"Swarovski Crystal Drop korvakorut Sterling Silver Leverback | FredFloris","description":"Meid\u00e4n Swarovski kristalli pudota korvakorut ovat saatavilla Platinum Plated &amp; 24K Golden Plated 925 Sterling Silver leverback. T\u00e4ydellinen syntym\u00e4p\u00e4iv\u00e4lahja!","robots":{"index":"index","follow":"follow","max-snippet":"max-snippet:-1","max-image-preview":"max-image-preview:large","max-video-preview":"max-video-preview:-1"},"canonical":"https:\/\/fredfloris.eu\/fi\/productpage\/crystal-golden-swarovski-earrings\/?wmc-currency=EUR","og_locale":"fi_FI","og_type":"article","og_title":"Swarovski Crystal Drop Earrings with Sterling Silver Leverback | FredFloris","og_description":"Our Swarovski crystal drop earrings are available with Platinum Plated & 24K Golden Plated 925 Sterling Silver leverback. The Perfect Birthday Present!","og_url":"https:\/\/fredfloris.eu\/fi\/productpage\/crystal-golden-swarovski-earrings\/?wmc-currency=EUR","og_site_name":"FredFloris","article_publisher":"https:\/\/www.facebook.com\/FredFloris.Artisan.Studio\/","article_modified_time":"2024-07-23T18:33:47+00:00","og_image":[{"width":2560,"height":1707,"url":"https:\/\/fredfloris.eu\/wp-content\/uploads\/2022\/05\/IMG_2228-scaled.jpg","type":"image\/jpeg"}],"twitter_card":"summary_large_image","twitter_site":"@_fredfloris_","twitter_misc":{"Arvioitu lukuaika":"2 minuuttia"},"schema":{"@context":"https:\/\/schema.org","@graph":[{"@type":"WebPage","@id":"https:\/\/fredfloris.eu\/productpage\/crystal-golden-swarovski-earrings\/","url":"https:\/\/fredfloris.eu\/productpage\/crystal-golden-swarovski-earrings\/","name":"Swarovski Crystal Drop korvakorut Sterling Silver Leverback | FredFloris","isPartOf":{"@id":"https:\/\/fredfloris.eu\/#website"},"primaryImageOfPage":{"@id":"https:\/\/fredfloris.eu\/productpage\/crystal-golden-swarovski-earrings\/#primaryimage"},"image":{"@id":"https:\/\/fredfloris.eu\/productpage\/crystal-golden-swarovski-earrings\/#primaryimage"},"thumbnailUrl":"https:\/\/fredfloris.eu\/wp-content\/uploads\/2022\/05\/IMG_2228-scaled-e1740244428667.jpg","datePublished":"2022-05-18T18:27:09+00:00","dateModified":"2024-07-23T18:33:47+00:00","description":"Meid\u00e4n Swarovski kristalli pudota korvakorut ovat saatavilla Platinum Plated &amp; 24K Golden Plated 925 Sterling Silver leverback. T\u00e4ydellinen syntym\u00e4p\u00e4iv\u00e4lahja!","breadcrumb":{"@id":"https:\/\/fredfloris.eu\/productpage\/crystal-golden-swarovski-earrings\/#breadcrumb"},"inLanguage":"fi","potentialAction":[{"@type":"ReadAction","target":["https:\/\/fredfloris.eu\/productpage\/crystal-golden-swarovski-earrings\/"]}]},{"@type":"ImageObject","inLanguage":"fi","@id":"https:\/\/fredfloris.eu\/productpage\/crystal-golden-swarovski-earrings\/#primaryimage","url":"https:\/\/fredfloris.eu\/wp-content\/uploads\/2022\/05\/IMG_2228-scaled-e1740244428667.jpg","contentUrl":"https:\/\/fredfloris.eu\/wp-content\/uploads\/2022\/05\/IMG_2228-scaled-e1740244428667.jpg","width":1574,"height":1050,"caption":"Product: Crystal Golden \u2013 Gold and Platinum Plated Silver"},{"@type":"BreadcrumbList","@id":"https:\/\/fredfloris.eu\/productpage\/crystal-golden-swarovski-earrings\/#breadcrumb","itemListElement":[{"@type":"ListItem","position":1,"name":"Home","item":"https:\/\/fredfloris.eu\/"},{"@type":"ListItem","position":2,"name":"Shop","item":"https:\/\/fredfloris.eu\/shop\/"},{"@type":"ListItem","position":3,"name":"Crystal Golden &#8211; Leverback Swarovski Crystal Earrings"}]},{"@type":"WebSite","@id":"https:\/\/fredfloris.eu\/#website","url":"https:\/\/fredfloris.eu\/","name":"FredFloris","description":"K\u00e4sintehdyt nahkatavarat - Made in Sweden","publisher":{"@id":"https:\/\/fredfloris.eu\/#organization"},"potentialAction":[{"@type":"SearchAction","target":{"@type":"EntryPoint","urlTemplate":"https:\/\/fredfloris.eu\/?s={search_term_string}"},"query-input":{"@type":"PropertyValueSpecification","valueRequired":true,"valueName":"search_term_string"}}],"inLanguage":"fi"},{"@type":"Organization","@id":"https:\/\/fredfloris.eu\/#organization","name":"FredFloris","url":"https:\/\/fredfloris.eu\/","logo":{"@type":"ImageObject","inLanguage":"fi","@id":"https:\/\/fredfloris.eu\/#\/schema\/logo\/image\/","url":"https:\/\/fredfloris.eu\/wp-content\/uploads\/2022\/03\/FredFloris-med-hel-nal-och-text.png","contentUrl":"https:\/\/fredfloris.eu\/wp-content\/uploads\/2022\/03\/FredFloris-med-hel-nal-och-text.png","width":591,"height":283,"caption":"FredFloris"},"image":{"@id":"https:\/\/fredfloris.eu\/#\/schema\/logo\/image\/"},"sameAs":["https:\/\/www.facebook.com\/FredFloris.Artisan.Studio\/","https:\/\/x.com\/_fredfloris_","https:\/\/www.instagram.com\/fredfloris.artisan.studio\/"]}]}},"brands":[{"id":204,"name":"FredFloris &amp; kumppani","slug":"fredfloris-partner"}],"_links":{"self":[{"href":"https:\/\/fredfloris.eu\/fi\/wp-json\/wp\/v2\/product\/5348","targetHints":{"allow":["GET"]}}],"collection":[{"href":"https:\/\/fredfloris.eu\/fi\/wp-json\/wp\/v2\/product"}],"about":[{"href":"https:\/\/fredfloris.eu\/fi\/wp-json\/wp\/v2\/types\/product"}],"version-history":[{"count":10,"href":"https:\/\/fredfloris.eu\/fi\/wp-json\/wp\/v2\/product\/5348\/revisions"}],"predecessor-version":[{"id":11165,"href":"https:\/\/fredfloris.eu\/fi\/wp-json\/wp\/v2\/product\/5348\/revisions\/11165"}],"wp:featuredmedia":[{"embeddable":true,"href":"https:\/\/fredfloris.eu\/fi\/wp-json\/wp\/v2\/media\/4836"}],"wp:attachment":[{"href":"https:\/\/fredfloris.eu\/fi\/wp-json\/wp\/v2\/media?parent=5348"}],"wp:term":[{"taxonomy":"pwb-brand","embeddable":true,"href":"https:\/\/fredfloris.eu\/fi\/wp-json\/wp\/v2\/pwb-brand?post=5348"},{"taxonomy":"product_brand","embeddable":true,"href":"https:\/\/fredfloris.eu\/fi\/wp-json\/wp\/v2\/product_brand?post=5348"},{"taxonomy":"product_cat","embeddable":true,"href":"https:\/\/fredfloris.eu\/fi\/wp-json\/wp\/v2\/product_cat?post=5348"},{"taxonomy":"product_tag","embeddable":true,"href":"https:\/\/fredfloris.eu\/fi\/wp-json\/wp\/v2\/product_tag?post=5348"},{"taxonomy":"woo-feed-brand","embeddable":true,"href":"https:\/\/fredfloris.eu\/fi\/wp-json\/wp\/v2\/woo-feed-brand?post=5348"}],"curies":[{"name":"wp","href":"https:\/\/api.w.org\/{rel}","templated":true}]}}