{"id":8669,"date":"2022-06-22T21:52:48","date_gmt":"2022-06-22T19:52:48","guid":{"rendered":"https:\/\/fredfloris.eu\/?post_type=product&#038;p=8669"},"modified":"2024-06-24T19:38:02","modified_gmt":"2024-06-24T17:38:02","slug":"customize-vattern-large-dopp-kits","status":"publish","type":"product","link":"https:\/\/fredfloris.eu\/fi\/productpage\/customize-vattern-large-dopp-kits\/","title":{"rendered":"Mukauta - V\u00e4ttern - Suuret doppikitit"},"content":{"rendered":"<p>T\u00e4m\u00e4 on personointisivu <a href=\"https:\/\/fredfloris.eu\/fi\/productpage\/vattern-dopp-kits\/?wmc-currency=EUR\">V\u00e4ttern - Suuret Dopp-sarjat<\/a><\/p>\n<p>Kattavan oppaan ty\u00f6kalun k\u00e4yt\u00f6st\u00e4 saat yleisest\u00e4 oppaasta. <a href=\"https:\/\/fredfloris.eu\/fi\/personalize-guide\/?wmc-currency=EUR\">t\u00e4\u00e4ll\u00e4<\/a><\/p>\n<p>&nbsp;<\/p>\n<p>Jos haluat muokata t\u00e4t\u00e4 tuotetta, lis\u00e4\u00e4 koriin sek\u00e4 tuote ett\u00e4 suunnittelemasi malli. Henkil\u00f6kohtaistaminen ei aiheuta lis\u00e4kustannuksia, ja se hoidetaan kassalla, jotta voimme sovittaa tilauksesi suunnittelupyynt\u00f6\u00f6si.<\/p>\n<p>Lis\u00e4\u00e4 tuote ostoskoriin ja muokkaa sitten tuotetta suunnitteluportaalissa. Lis\u00e4tietoja suunnitteluportaalin toiminnasta <a href=\"https:\/\/fredfloris.eu\/fi\/personalize-guide\/?wmc-currency=EUR\">l\u00f6ytyy t\u00e4\u00e4lt\u00e4.<\/a> Kun olet tyytyv\u00e4inen malliin, lis\u00e4\u00e4 se ostoskoriin.<\/p>\n<p>&nbsp;<\/p>\n<hr \/>\n<p>&nbsp;<\/p>\n<p style=\"text-align: left;\">Etsitk\u00f6 inspiraatiota? Tutustu ilmaisiin resursseihin osoitteessa <a href=\"https:\/\/openclipart.org\/\" target=\"_new\" rel=\"noopener\">Avaa Clip Art<\/a>, josta l\u00f6yd\u00e4t erilaisia laserkaiverrukseen sopivia kuvia.<\/p>\n<p>Jos sinulla on kysytt\u00e4v\u00e4\u00e4 laserkaiverruspyynn\u00f6st\u00e4si, \u00e4l\u00e4 ep\u00e4r\u00f6i ottaa meihin yhteytt\u00e4.<\/p>","protected":false},"excerpt":{"rendered":"<p>T\u00e4ss\u00e4 tuotteessa voit valita laserkaiverruksen tai l\u00e4mp\u00f6painovaihtoehdon pieneen nahkatarraan, joka on sijoitettu dopp-sarjan yl\u00e4puolelle ja kiinnitetty kaksoisniiteill\u00e4.<\/p>\n<p>Joissakin tuotemalleissa saattaa n\u00e4ky\u00e4 punaisia viivoja, \u00e4l\u00e4 aseta mit\u00e4\u00e4n niiden p\u00e4\u00e4lle, sill\u00e4 ne osoittavat ompelulinjoja ja muita asioita.<\/p>","protected":false},"featured_media":8667,"template":"","meta":[],"pwb-brand":[],"product_brand":[],"product_cat":[15],"product_tag":[205,105],"woo-feed-brand":[],"class_list":{"0":"post-8669","1":"product","2":"type-product","3":"status-publish","4":"has-post-thumbnail","6":"product_cat-uncategorized","7":"product_tag-customize","8":"product_tag-made-to-order","10":"first","11":"instock","12":"taxable","13":"shipping-taxable","14":"purchasable","15":"product-type-simple"},"yoast_head":"<!-- This site is optimized with the Yoast SEO plugin v27.2 - https:\/\/yoast.com\/product\/yoast-seo-wordpress\/ -->\n<title>Customize - V\u00e4ttern - Large Dopp Kits | FredFloris<\/title>\n<meta name=\"robots\" content=\"noindex, follow\" \/>\n<meta property=\"og:locale\" content=\"fi_FI\" \/>\n<meta property=\"og:type\" content=\"article\" \/>\n<meta property=\"og:title\" content=\"Customize - V\u00e4ttern - Large Dopp Kits | FredFloris\" \/>\n<meta property=\"og:description\" content=\"On this product you may choose between a laser engraving and a heat press option on a small leather label that is placed on the upper side of the dopp kit, fasten with double rivets.  Some product designs may show red lines please do not place anything on these as they indicate stitching lines and other things.\" \/>\n<meta property=\"og:url\" content=\"https:\/\/fredfloris.eu\/fi\/productpage\/customize-vattern-large-dopp-kits\/?wmc-currency=EUR\" \/>\n<meta property=\"og:site_name\" content=\"FredFloris\" \/>\n<meta property=\"article:publisher\" content=\"https:\/\/www.facebook.com\/FredFloris.Artisan.Studio\/\" \/>\n<meta property=\"article:modified_time\" content=\"2024-06-24T17:38:02+00:00\" \/>\n<meta property=\"og:image\" content=\"https:\/\/fredfloris.eu\/wp-content\/uploads\/2022\/06\/Dopp-Kit-Side.jpg\" \/>\n\t<meta property=\"og:image:width\" content=\"1772\" \/>\n\t<meta property=\"og:image:height\" content=\"1063\" \/>\n\t<meta property=\"og:image:type\" content=\"image\/jpeg\" \/>\n<meta name=\"twitter:card\" content=\"summary_large_image\" \/>\n<meta name=\"twitter:site\" content=\"@_fredfloris_\" \/>\n<meta name=\"twitter:label1\" content=\"Arvioitu lukuaika\" \/>\n\t<meta name=\"twitter:data1\" content=\"1 minuutti\" \/>\n<script type=\"application\/ld+json\" class=\"yoast-schema-graph\">{\"@context\":\"https:\/\/schema.org\",\"@graph\":[{\"@type\":\"WebPage\",\"@id\":\"https:\/\/fredfloris.eu\/productpage\/customize-vattern-large-dopp-kits\/\",\"url\":\"https:\/\/fredfloris.eu\/productpage\/customize-vattern-large-dopp-kits\/\",\"name\":\"Customize - V\u00e4ttern - Large Dopp Kits | FredFloris\",\"isPartOf\":{\"@id\":\"https:\/\/fredfloris.eu\/#website\"},\"primaryImageOfPage\":{\"@id\":\"https:\/\/fredfloris.eu\/productpage\/customize-vattern-large-dopp-kits\/#primaryimage\"},\"image\":{\"@id\":\"https:\/\/fredfloris.eu\/productpage\/customize-vattern-large-dopp-kits\/#primaryimage\"},\"thumbnailUrl\":\"https:\/\/fredfloris.eu\/wp-content\/uploads\/2022\/06\/Dopp-Kit-Side.jpg\",\"datePublished\":\"2022-06-22T19:52:48+00:00\",\"dateModified\":\"2024-06-24T17:38:02+00:00\",\"breadcrumb\":{\"@id\":\"https:\/\/fredfloris.eu\/productpage\/customize-vattern-large-dopp-kits\/#breadcrumb\"},\"inLanguage\":\"fi\",\"potentialAction\":[{\"@type\":\"ReadAction\",\"target\":[\"https:\/\/fredfloris.eu\/productpage\/customize-vattern-large-dopp-kits\/\"]}]},{\"@type\":\"ImageObject\",\"inLanguage\":\"fi\",\"@id\":\"https:\/\/fredfloris.eu\/productpage\/customize-vattern-large-dopp-kits\/#primaryimage\",\"url\":\"https:\/\/fredfloris.eu\/wp-content\/uploads\/2022\/06\/Dopp-Kit-Side.jpg\",\"contentUrl\":\"https:\/\/fredfloris.eu\/wp-content\/uploads\/2022\/06\/Dopp-Kit-Side.jpg\",\"width\":1772,\"height\":1063,\"caption\":\"Product: Dickens, V\u00e4ttern - Large Dopp Kits, CUSTOMIZE\"},{\"@type\":\"BreadcrumbList\",\"@id\":\"https:\/\/fredfloris.eu\/productpage\/customize-vattern-large-dopp-kits\/#breadcrumb\",\"itemListElement\":[{\"@type\":\"ListItem\",\"position\":1,\"name\":\"Home\",\"item\":\"https:\/\/fredfloris.eu\/\"},{\"@type\":\"ListItem\",\"position\":2,\"name\":\"Shop\",\"item\":\"https:\/\/fredfloris.eu\/shop\/\"},{\"@type\":\"ListItem\",\"position\":3,\"name\":\"Customize &#8211; V\u00e4ttern &#8211; Large Dopp Kits\"}]},{\"@type\":\"WebSite\",\"@id\":\"https:\/\/fredfloris.eu\/#website\",\"url\":\"https:\/\/fredfloris.eu\/\",\"name\":\"FredFloris\",\"description\":\"Handcrafted Leathergoods - Made in Sweden\",\"publisher\":{\"@id\":\"https:\/\/fredfloris.eu\/#organization\"},\"potentialAction\":[{\"@type\":\"SearchAction\",\"target\":{\"@type\":\"EntryPoint\",\"urlTemplate\":\"https:\/\/fredfloris.eu\/?s={search_term_string}\"},\"query-input\":{\"@type\":\"PropertyValueSpecification\",\"valueRequired\":true,\"valueName\":\"search_term_string\"}}],\"inLanguage\":\"fi\"},{\"@type\":\"Organization\",\"@id\":\"https:\/\/fredfloris.eu\/#organization\",\"name\":\"FredFloris\",\"url\":\"https:\/\/fredfloris.eu\/\",\"logo\":{\"@type\":\"ImageObject\",\"inLanguage\":\"fi\",\"@id\":\"https:\/\/fredfloris.eu\/#\/schema\/logo\/image\/\",\"url\":\"https:\/\/fredfloris.eu\/wp-content\/uploads\/2022\/03\/FredFloris-med-hel-nal-och-text.png\",\"contentUrl\":\"https:\/\/fredfloris.eu\/wp-content\/uploads\/2022\/03\/FredFloris-med-hel-nal-och-text.png\",\"width\":591,\"height\":283,\"caption\":\"FredFloris\"},\"image\":{\"@id\":\"https:\/\/fredfloris.eu\/#\/schema\/logo\/image\/\"},\"sameAs\":[\"https:\/\/www.facebook.com\/FredFloris.Artisan.Studio\/\",\"https:\/\/x.com\/_fredfloris_\",\"https:\/\/www.instagram.com\/fredfloris.artisan.studio\/\"]}]}<\/script>\n<!-- \/ Yoast SEO plugin. -->","yoast_head_json":{"title":"Mukauta - V\u00e4ttern - Suuret Dopp Kitit | FredFloris","robots":{"index":"noindex","follow":"follow"},"og_locale":"fi_FI","og_type":"article","og_title":"Customize - V\u00e4ttern - Large Dopp Kits | FredFloris","og_description":"On this product you may choose between a laser engraving and a heat press option on a small leather label that is placed on the upper side of the dopp kit, fasten with double rivets.  Some product designs may show red lines please do not place anything on these as they indicate stitching lines and other things.","og_url":"https:\/\/fredfloris.eu\/fi\/productpage\/customize-vattern-large-dopp-kits\/?wmc-currency=EUR","og_site_name":"FredFloris","article_publisher":"https:\/\/www.facebook.com\/FredFloris.Artisan.Studio\/","article_modified_time":"2024-06-24T17:38:02+00:00","og_image":[{"width":1772,"height":1063,"url":"https:\/\/fredfloris.eu\/wp-content\/uploads\/2022\/06\/Dopp-Kit-Side.jpg","type":"image\/jpeg"}],"twitter_card":"summary_large_image","twitter_site":"@_fredfloris_","twitter_misc":{"Arvioitu lukuaika":"1 minuutti"},"schema":{"@context":"https:\/\/schema.org","@graph":[{"@type":"WebPage","@id":"https:\/\/fredfloris.eu\/productpage\/customize-vattern-large-dopp-kits\/","url":"https:\/\/fredfloris.eu\/productpage\/customize-vattern-large-dopp-kits\/","name":"Mukauta - V\u00e4ttern - Suuret Dopp Kitit | FredFloris","isPartOf":{"@id":"https:\/\/fredfloris.eu\/#website"},"primaryImageOfPage":{"@id":"https:\/\/fredfloris.eu\/productpage\/customize-vattern-large-dopp-kits\/#primaryimage"},"image":{"@id":"https:\/\/fredfloris.eu\/productpage\/customize-vattern-large-dopp-kits\/#primaryimage"},"thumbnailUrl":"https:\/\/fredfloris.eu\/wp-content\/uploads\/2022\/06\/Dopp-Kit-Side.jpg","datePublished":"2022-06-22T19:52:48+00:00","dateModified":"2024-06-24T17:38:02+00:00","breadcrumb":{"@id":"https:\/\/fredfloris.eu\/productpage\/customize-vattern-large-dopp-kits\/#breadcrumb"},"inLanguage":"fi","potentialAction":[{"@type":"ReadAction","target":["https:\/\/fredfloris.eu\/productpage\/customize-vattern-large-dopp-kits\/"]}]},{"@type":"ImageObject","inLanguage":"fi","@id":"https:\/\/fredfloris.eu\/productpage\/customize-vattern-large-dopp-kits\/#primaryimage","url":"https:\/\/fredfloris.eu\/wp-content\/uploads\/2022\/06\/Dopp-Kit-Side.jpg","contentUrl":"https:\/\/fredfloris.eu\/wp-content\/uploads\/2022\/06\/Dopp-Kit-Side.jpg","width":1772,"height":1063,"caption":"Product: Dickens, V\u00e4ttern - Large Dopp Kits, CUSTOMIZE"},{"@type":"BreadcrumbList","@id":"https:\/\/fredfloris.eu\/productpage\/customize-vattern-large-dopp-kits\/#breadcrumb","itemListElement":[{"@type":"ListItem","position":1,"name":"Home","item":"https:\/\/fredfloris.eu\/"},{"@type":"ListItem","position":2,"name":"Shop","item":"https:\/\/fredfloris.eu\/shop\/"},{"@type":"ListItem","position":3,"name":"Customize &#8211; V\u00e4ttern &#8211; Large Dopp Kits"}]},{"@type":"WebSite","@id":"https:\/\/fredfloris.eu\/#website","url":"https:\/\/fredfloris.eu\/","name":"FredFloris","description":"K\u00e4sintehdyt nahkatavarat - Made in Sweden","publisher":{"@id":"https:\/\/fredfloris.eu\/#organization"},"potentialAction":[{"@type":"SearchAction","target":{"@type":"EntryPoint","urlTemplate":"https:\/\/fredfloris.eu\/?s={search_term_string}"},"query-input":{"@type":"PropertyValueSpecification","valueRequired":true,"valueName":"search_term_string"}}],"inLanguage":"fi"},{"@type":"Organization","@id":"https:\/\/fredfloris.eu\/#organization","name":"FredFloris","url":"https:\/\/fredfloris.eu\/","logo":{"@type":"ImageObject","inLanguage":"fi","@id":"https:\/\/fredfloris.eu\/#\/schema\/logo\/image\/","url":"https:\/\/fredfloris.eu\/wp-content\/uploads\/2022\/03\/FredFloris-med-hel-nal-och-text.png","contentUrl":"https:\/\/fredfloris.eu\/wp-content\/uploads\/2022\/03\/FredFloris-med-hel-nal-och-text.png","width":591,"height":283,"caption":"FredFloris"},"image":{"@id":"https:\/\/fredfloris.eu\/#\/schema\/logo\/image\/"},"sameAs":["https:\/\/www.facebook.com\/FredFloris.Artisan.Studio\/","https:\/\/x.com\/_fredfloris_","https:\/\/www.instagram.com\/fredfloris.artisan.studio\/"]}]}},"brands":[],"_links":{"self":[{"href":"https:\/\/fredfloris.eu\/fi\/wp-json\/wp\/v2\/product\/8669","targetHints":{"allow":["GET"]}}],"collection":[{"href":"https:\/\/fredfloris.eu\/fi\/wp-json\/wp\/v2\/product"}],"about":[{"href":"https:\/\/fredfloris.eu\/fi\/wp-json\/wp\/v2\/types\/product"}],"version-history":[{"count":8,"href":"https:\/\/fredfloris.eu\/fi\/wp-json\/wp\/v2\/product\/8669\/revisions"}],"predecessor-version":[{"id":11500,"href":"https:\/\/fredfloris.eu\/fi\/wp-json\/wp\/v2\/product\/8669\/revisions\/11500"}],"wp:featuredmedia":[{"embeddable":true,"href":"https:\/\/fredfloris.eu\/fi\/wp-json\/wp\/v2\/media\/8667"}],"wp:attachment":[{"href":"https:\/\/fredfloris.eu\/fi\/wp-json\/wp\/v2\/media?parent=8669"}],"wp:term":[{"taxonomy":"pwb-brand","embeddable":true,"href":"https:\/\/fredfloris.eu\/fi\/wp-json\/wp\/v2\/pwb-brand?post=8669"},{"taxonomy":"product_brand","embeddable":true,"href":"https:\/\/fredfloris.eu\/fi\/wp-json\/wp\/v2\/product_brand?post=8669"},{"taxonomy":"product_cat","embeddable":true,"href":"https:\/\/fredfloris.eu\/fi\/wp-json\/wp\/v2\/product_cat?post=8669"},{"taxonomy":"product_tag","embeddable":true,"href":"https:\/\/fredfloris.eu\/fi\/wp-json\/wp\/v2\/product_tag?post=8669"},{"taxonomy":"woo-feed-brand","embeddable":true,"href":"https:\/\/fredfloris.eu\/fi\/wp-json\/wp\/v2\/woo-feed-brand?post=8669"}],"curies":[{"name":"wp","href":"https:\/\/api.w.org\/{rel}","templated":true}]}}