{"id":9923,"date":"2022-08-21T16:07:31","date_gmt":"2022-08-21T14:07:31","guid":{"rendered":"https:\/\/fredfloris.eu\/?post_type=product&#038;p=9923"},"modified":"2024-06-24T20:35:40","modified_gmt":"2024-06-24T18:35:40","slug":"njudung-tigers-eye-cufflinks","status":"publish","type":"product","link":"https:\/\/fredfloris.eu\/fi\/productpage\/njudung-tigers-eye-cufflinks\/","title":{"rendered":"Njudung - Tiikerinsilm\u00e4 kalvosinnapit"},"content":{"rendered":"<p><strong>Tutustu Njudung-kalvosinnappeihimme, joissa on tiikerinsilm\u00e4n jalokivikiekko, joka on asetettu jalometallirunkoon.<\/strong> Kun valo osuu n\u00e4ihin kalvosinnappeihin, ne paljastavat kultaisia kohokohtia jalokiven rikkaissa punaruskeissa s\u00e4vyiss\u00e4, mik\u00e4 tuo ripauksen luonnollista kauneutta ja kiiltoa mihin tahansa pukuun.<\/p>\n<p>N\u00e4m\u00e4 kalvosinnapit ovat sek\u00e4 k\u00e4yt\u00e4nn\u00f6llisi\u00e4 ett\u00e4 koristeellisia, joten ne sopivat t\u00e4ydellisesti kaikkiin tilaisuuksiin toimistosta iltatilaisuuksiin.<\/p>\n<p><strong>Tuotteen tekniset tiedot:<\/strong><\/p>\n<ul>\n<li><strong>Pohjan materiaali:<\/strong> Kullattu hopea 925<\/li>\n<li><strong>Sis\u00e4halkaisija:<\/strong> 18 mm<\/li>\n<li><strong>Paino:<\/strong> Noin 11 grammaa per pari<\/li>\n<li><strong>Jalokivi:<\/strong> Luonnollinen tiikerin silm\u00e4<\/li>\n<li><strong>Ominaisuudet:<\/strong> Nikkelit\u00f6n ja hypoallergeeninen iho\u00e4rsytyksen est\u00e4miseksi.<\/li>\n<\/ul>\n<p>&nbsp;<\/p>\n<p>Hakusanat: Klassinen kultainen paita kalvosinnapit.<\/p>","protected":false},"excerpt":{"rendered":"<p><strong>TUOTTEEN MITAT - <\/strong>Tuotteen paino: 11 g (pari), kalvosinnapin sis\u00e4halkaisija: 18 mm.<\/p>\n<p>Saatavana 925 Sterling hopeaa 24K kullalla pinnoitettuna - 0,4 \u00b5m.<\/p>\n<p>SKU: nju\/cuf\/gol\/tig<br \/>\nTuotemerkki: FredFloris &amp; Partner<\/p>\n<pre><\/pre>\n<p>Kokenut kumppanimme Puolassa valmistaa korvakorujen pohjan. K\u00e4yt\u00e4mme 0,4 \u00b5m:n paksuista pinnoitettua hopeaa, koska se ei tummenna tai himment\u00e4\u00e4 koruja. Tuote kest\u00e4\u00e4 jonkin verran v\u00e4rj\u00e4ytymist\u00e4, mutta muista noudattaa hoito-ohjeitamme pident\u00e4\u00e4ksesi uusien korujesi k\u00e4ytt\u00f6ik\u00e4\u00e4. Asennamme jalokiven jalustaan studiossamme Ruotsissa.<\/p>\n<pre><\/pre>\n<p>T\u00e4m\u00e4 tuote on valmistettu luonnonmateriaalista: muoto, v\u00e4ri ja paksuus voivat vaihdella.<\/p>","protected":false},"featured_media":9902,"template":"","meta":[],"pwb-brand":[204],"product_brand":[],"product_cat":[118,121,101],"product_tag":[357,163,135,359],"woo-feed-brand":[],"class_list":{"0":"post-9923","1":"product","2":"type-product","3":"status-publish","4":"has-post-thumbnail","6":"pwb-brand-fredfloris-partner","7":"product_cat-cufflinks","8":"product_cat-gem-cufflinks","9":"product_cat-jewelry","10":"product_tag-gemstone","11":"product_tag-gold","12":"product_tag-stocked","13":"product_tag-tigers-eye","14":"product_shipping_class-small-goods","16":"first","17":"instock","18":"taxable","19":"shipping-taxable","20":"purchasable","21":"product-type-simple"},"yoast_head":"<!-- This site is optimized with the Yoast SEO plugin v27.2 - https:\/\/yoast.com\/product\/yoast-seo-wordpress\/ -->\n<title>Njudung - Tigers Eye Cufflinks | FredFloris<\/title>\n<meta name=\"description\" content=\"Check out our Tigers eye natural gemstone cufflinks in gold plated silver, a true classic shirt cufflink, made to last! Make for a great gift!\" \/>\n<meta name=\"robots\" content=\"index, follow, max-snippet:-1, max-image-preview:large, max-video-preview:-1\" \/>\n<link rel=\"canonical\" href=\"https:\/\/fredfloris.eu\/fi\/productpage\/njudung-tigers-eye-cufflinks\/?wmc-currency=EUR\" \/>\n<meta property=\"og:locale\" content=\"fi_FI\" \/>\n<meta property=\"og:type\" content=\"article\" \/>\n<meta property=\"og:title\" content=\"Njudung - Tigers Eye Cufflinks | FredFloris\" \/>\n<meta property=\"og:description\" content=\"Check out our Tigers eye natural gemstone cufflinks in gold plated silver, a true classic shirt cufflink, made to last! Make for a great gift!\" \/>\n<meta property=\"og:url\" content=\"https:\/\/fredfloris.eu\/fi\/productpage\/njudung-tigers-eye-cufflinks\/?wmc-currency=EUR\" \/>\n<meta property=\"og:site_name\" content=\"FredFloris\" \/>\n<meta property=\"article:publisher\" content=\"https:\/\/www.facebook.com\/FredFloris.Artisan.Studio\/\" \/>\n<meta property=\"article:modified_time\" content=\"2024-06-24T18:35:40+00:00\" \/>\n<meta property=\"og:image\" content=\"https:\/\/fredfloris.eu\/wp-content\/uploads\/2022\/08\/IMG_3204-scaled.jpg\" \/>\n\t<meta property=\"og:image:width\" content=\"2560\" \/>\n\t<meta property=\"og:image:height\" content=\"1707\" \/>\n\t<meta property=\"og:image:type\" content=\"image\/jpeg\" \/>\n<meta name=\"twitter:card\" content=\"summary_large_image\" \/>\n<meta name=\"twitter:site\" content=\"@_fredfloris_\" \/>\n<meta name=\"twitter:label1\" content=\"Arvioitu lukuaika\" \/>\n\t<meta name=\"twitter:data1\" content=\"1 minuutti\" \/>\n<script type=\"application\/ld+json\" class=\"yoast-schema-graph\">{\"@context\":\"https:\/\/schema.org\",\"@graph\":[{\"@type\":\"WebPage\",\"@id\":\"https:\/\/fredfloris.eu\/productpage\/njudung-tigers-eye-cufflinks\/\",\"url\":\"https:\/\/fredfloris.eu\/productpage\/njudung-tigers-eye-cufflinks\/\",\"name\":\"Njudung - Tigers Eye Cufflinks | FredFloris\",\"isPartOf\":{\"@id\":\"https:\/\/fredfloris.eu\/#website\"},\"primaryImageOfPage\":{\"@id\":\"https:\/\/fredfloris.eu\/productpage\/njudung-tigers-eye-cufflinks\/#primaryimage\"},\"image\":{\"@id\":\"https:\/\/fredfloris.eu\/productpage\/njudung-tigers-eye-cufflinks\/#primaryimage\"},\"thumbnailUrl\":\"https:\/\/fredfloris.eu\/wp-content\/uploads\/2022\/08\/IMG_3204-scaled.jpg\",\"datePublished\":\"2022-08-21T14:07:31+00:00\",\"dateModified\":\"2024-06-24T18:35:40+00:00\",\"description\":\"Check out our Tigers eye natural gemstone cufflinks in gold plated silver, a true classic shirt cufflink, made to last! Make for a great gift!\",\"breadcrumb\":{\"@id\":\"https:\/\/fredfloris.eu\/productpage\/njudung-tigers-eye-cufflinks\/#breadcrumb\"},\"inLanguage\":\"fi\",\"potentialAction\":[{\"@type\":\"ReadAction\",\"target\":[\"https:\/\/fredfloris.eu\/productpage\/njudung-tigers-eye-cufflinks\/\"]}]},{\"@type\":\"ImageObject\",\"inLanguage\":\"fi\",\"@id\":\"https:\/\/fredfloris.eu\/productpage\/njudung-tigers-eye-cufflinks\/#primaryimage\",\"url\":\"https:\/\/fredfloris.eu\/wp-content\/uploads\/2022\/08\/IMG_3204-scaled.jpg\",\"contentUrl\":\"https:\/\/fredfloris.eu\/wp-content\/uploads\/2022\/08\/IMG_3204-scaled.jpg\",\"width\":2560,\"height\":1707,\"caption\":\"Product: Njudung - Tigers eye Cufflinks \u2013 Gold Plated Silver\"},{\"@type\":\"BreadcrumbList\",\"@id\":\"https:\/\/fredfloris.eu\/productpage\/njudung-tigers-eye-cufflinks\/#breadcrumb\",\"itemListElement\":[{\"@type\":\"ListItem\",\"position\":1,\"name\":\"Home\",\"item\":\"https:\/\/fredfloris.eu\/\"},{\"@type\":\"ListItem\",\"position\":2,\"name\":\"Shop\",\"item\":\"https:\/\/fredfloris.eu\/shop\/\"},{\"@type\":\"ListItem\",\"position\":3,\"name\":\"Njudung &#8211; Tigers Eye Cufflinks\"}]},{\"@type\":\"WebSite\",\"@id\":\"https:\/\/fredfloris.eu\/#website\",\"url\":\"https:\/\/fredfloris.eu\/\",\"name\":\"FredFloris\",\"description\":\"Handcrafted Leathergoods - Made in Sweden\",\"publisher\":{\"@id\":\"https:\/\/fredfloris.eu\/#organization\"},\"potentialAction\":[{\"@type\":\"SearchAction\",\"target\":{\"@type\":\"EntryPoint\",\"urlTemplate\":\"https:\/\/fredfloris.eu\/?s={search_term_string}\"},\"query-input\":{\"@type\":\"PropertyValueSpecification\",\"valueRequired\":true,\"valueName\":\"search_term_string\"}}],\"inLanguage\":\"fi\"},{\"@type\":\"Organization\",\"@id\":\"https:\/\/fredfloris.eu\/#organization\",\"name\":\"FredFloris\",\"url\":\"https:\/\/fredfloris.eu\/\",\"logo\":{\"@type\":\"ImageObject\",\"inLanguage\":\"fi\",\"@id\":\"https:\/\/fredfloris.eu\/#\/schema\/logo\/image\/\",\"url\":\"https:\/\/fredfloris.eu\/wp-content\/uploads\/2022\/03\/FredFloris-med-hel-nal-och-text.png\",\"contentUrl\":\"https:\/\/fredfloris.eu\/wp-content\/uploads\/2022\/03\/FredFloris-med-hel-nal-och-text.png\",\"width\":591,\"height\":283,\"caption\":\"FredFloris\"},\"image\":{\"@id\":\"https:\/\/fredfloris.eu\/#\/schema\/logo\/image\/\"},\"sameAs\":[\"https:\/\/www.facebook.com\/FredFloris.Artisan.Studio\/\",\"https:\/\/x.com\/_fredfloris_\",\"https:\/\/www.instagram.com\/fredfloris.artisan.studio\/\"]}]}<\/script>\n<!-- \/ Yoast SEO plugin. -->","yoast_head_json":{"title":"Njudung - Tiikerinsilm\u00e4 kalvosinnapit | FredFloris","description":"Tutustu Tiikerinsilm\u00e4 luonnonjalokivinen kalvosinnappeihin kullattua hopeaa, todellinen klassinen paita kalvosinnappi, tehty kest\u00e4m\u00e4\u00e4n! Sopii loistavaksi lahjaksi!","robots":{"index":"index","follow":"follow","max-snippet":"max-snippet:-1","max-image-preview":"max-image-preview:large","max-video-preview":"max-video-preview:-1"},"canonical":"https:\/\/fredfloris.eu\/fi\/productpage\/njudung-tigers-eye-cufflinks\/?wmc-currency=EUR","og_locale":"fi_FI","og_type":"article","og_title":"Njudung - Tigers Eye Cufflinks | FredFloris","og_description":"Check out our Tigers eye natural gemstone cufflinks in gold plated silver, a true classic shirt cufflink, made to last! Make for a great gift!","og_url":"https:\/\/fredfloris.eu\/fi\/productpage\/njudung-tigers-eye-cufflinks\/?wmc-currency=EUR","og_site_name":"FredFloris","article_publisher":"https:\/\/www.facebook.com\/FredFloris.Artisan.Studio\/","article_modified_time":"2024-06-24T18:35:40+00:00","og_image":[{"width":2560,"height":1707,"url":"https:\/\/fredfloris.eu\/wp-content\/uploads\/2022\/08\/IMG_3204-scaled.jpg","type":"image\/jpeg"}],"twitter_card":"summary_large_image","twitter_site":"@_fredfloris_","twitter_misc":{"Arvioitu lukuaika":"1 minuutti"},"schema":{"@context":"https:\/\/schema.org","@graph":[{"@type":"WebPage","@id":"https:\/\/fredfloris.eu\/productpage\/njudung-tigers-eye-cufflinks\/","url":"https:\/\/fredfloris.eu\/productpage\/njudung-tigers-eye-cufflinks\/","name":"Njudung - Tiikerinsilm\u00e4 kalvosinnapit | FredFloris","isPartOf":{"@id":"https:\/\/fredfloris.eu\/#website"},"primaryImageOfPage":{"@id":"https:\/\/fredfloris.eu\/productpage\/njudung-tigers-eye-cufflinks\/#primaryimage"},"image":{"@id":"https:\/\/fredfloris.eu\/productpage\/njudung-tigers-eye-cufflinks\/#primaryimage"},"thumbnailUrl":"https:\/\/fredfloris.eu\/wp-content\/uploads\/2022\/08\/IMG_3204-scaled.jpg","datePublished":"2022-08-21T14:07:31+00:00","dateModified":"2024-06-24T18:35:40+00:00","description":"Tutustu Tiikerinsilm\u00e4 luonnonjalokivinen kalvosinnappeihin kullattua hopeaa, todellinen klassinen paita kalvosinnappi, tehty kest\u00e4m\u00e4\u00e4n! Sopii loistavaksi lahjaksi!","breadcrumb":{"@id":"https:\/\/fredfloris.eu\/productpage\/njudung-tigers-eye-cufflinks\/#breadcrumb"},"inLanguage":"fi","potentialAction":[{"@type":"ReadAction","target":["https:\/\/fredfloris.eu\/productpage\/njudung-tigers-eye-cufflinks\/"]}]},{"@type":"ImageObject","inLanguage":"fi","@id":"https:\/\/fredfloris.eu\/productpage\/njudung-tigers-eye-cufflinks\/#primaryimage","url":"https:\/\/fredfloris.eu\/wp-content\/uploads\/2022\/08\/IMG_3204-scaled.jpg","contentUrl":"https:\/\/fredfloris.eu\/wp-content\/uploads\/2022\/08\/IMG_3204-scaled.jpg","width":2560,"height":1707,"caption":"Product: Njudung - Tigers eye Cufflinks \u2013 Gold Plated Silver"},{"@type":"BreadcrumbList","@id":"https:\/\/fredfloris.eu\/productpage\/njudung-tigers-eye-cufflinks\/#breadcrumb","itemListElement":[{"@type":"ListItem","position":1,"name":"Home","item":"https:\/\/fredfloris.eu\/"},{"@type":"ListItem","position":2,"name":"Shop","item":"https:\/\/fredfloris.eu\/shop\/"},{"@type":"ListItem","position":3,"name":"Njudung &#8211; Tigers Eye Cufflinks"}]},{"@type":"WebSite","@id":"https:\/\/fredfloris.eu\/#website","url":"https:\/\/fredfloris.eu\/","name":"FredFloris","description":"K\u00e4sintehdyt nahkatavarat - Made in Sweden","publisher":{"@id":"https:\/\/fredfloris.eu\/#organization"},"potentialAction":[{"@type":"SearchAction","target":{"@type":"EntryPoint","urlTemplate":"https:\/\/fredfloris.eu\/?s={search_term_string}"},"query-input":{"@type":"PropertyValueSpecification","valueRequired":true,"valueName":"search_term_string"}}],"inLanguage":"fi"},{"@type":"Organization","@id":"https:\/\/fredfloris.eu\/#organization","name":"FredFloris","url":"https:\/\/fredfloris.eu\/","logo":{"@type":"ImageObject","inLanguage":"fi","@id":"https:\/\/fredfloris.eu\/#\/schema\/logo\/image\/","url":"https:\/\/fredfloris.eu\/wp-content\/uploads\/2022\/03\/FredFloris-med-hel-nal-och-text.png","contentUrl":"https:\/\/fredfloris.eu\/wp-content\/uploads\/2022\/03\/FredFloris-med-hel-nal-och-text.png","width":591,"height":283,"caption":"FredFloris"},"image":{"@id":"https:\/\/fredfloris.eu\/#\/schema\/logo\/image\/"},"sameAs":["https:\/\/www.facebook.com\/FredFloris.Artisan.Studio\/","https:\/\/x.com\/_fredfloris_","https:\/\/www.instagram.com\/fredfloris.artisan.studio\/"]}]}},"brands":[{"id":204,"name":"FredFloris &amp; kumppani","slug":"fredfloris-partner"}],"_links":{"self":[{"href":"https:\/\/fredfloris.eu\/fi\/wp-json\/wp\/v2\/product\/9923","targetHints":{"allow":["GET"]}}],"collection":[{"href":"https:\/\/fredfloris.eu\/fi\/wp-json\/wp\/v2\/product"}],"about":[{"href":"https:\/\/fredfloris.eu\/fi\/wp-json\/wp\/v2\/types\/product"}],"version-history":[{"count":9,"href":"https:\/\/fredfloris.eu\/fi\/wp-json\/wp\/v2\/product\/9923\/revisions"}],"predecessor-version":[{"id":11527,"href":"https:\/\/fredfloris.eu\/fi\/wp-json\/wp\/v2\/product\/9923\/revisions\/11527"}],"wp:featuredmedia":[{"embeddable":true,"href":"https:\/\/fredfloris.eu\/fi\/wp-json\/wp\/v2\/media\/9902"}],"wp:attachment":[{"href":"https:\/\/fredfloris.eu\/fi\/wp-json\/wp\/v2\/media?parent=9923"}],"wp:term":[{"taxonomy":"pwb-brand","embeddable":true,"href":"https:\/\/fredfloris.eu\/fi\/wp-json\/wp\/v2\/pwb-brand?post=9923"},{"taxonomy":"product_brand","embeddable":true,"href":"https:\/\/fredfloris.eu\/fi\/wp-json\/wp\/v2\/product_brand?post=9923"},{"taxonomy":"product_cat","embeddable":true,"href":"https:\/\/fredfloris.eu\/fi\/wp-json\/wp\/v2\/product_cat?post=9923"},{"taxonomy":"product_tag","embeddable":true,"href":"https:\/\/fredfloris.eu\/fi\/wp-json\/wp\/v2\/product_tag?post=9923"},{"taxonomy":"woo-feed-brand","embeddable":true,"href":"https:\/\/fredfloris.eu\/fi\/wp-json\/wp\/v2\/woo-feed-brand?post=9923"}],"curies":[{"name":"wp","href":"https:\/\/api.w.org\/{rel}","templated":true}]}}