{"id":9925,"date":"2022-08-21T16:08:19","date_gmt":"2022-08-21T14:08:19","guid":{"rendered":"https:\/\/fredfloris.eu\/?post_type=product&#038;p=9925"},"modified":"2024-06-24T20:34:54","modified_gmt":"2024-06-24T18:34:54","slug":"varend-mother-of-pearls-cufflinks","status":"publish","type":"product","link":"https:\/\/fredfloris.eu\/fi\/productpage\/varend-mother-of-pearls-cufflinks\/","title":{"rendered":"V\u00e4rend - Helmi-\u00e4iti kalvosinnapit"},"content":{"rendered":"<p><strong>Esittelemme V\u00e4rend-kalvosinnapit, joissa on valkoinen helmi\u00e4iskiekko.<\/strong> T\u00e4m\u00e4 hieno orgaaninen jalokivi, joka on per\u00e4isin nilvi\u00e4isten kuoren sis\u00e4kerroksesta, on samaa materiaalia, josta luonnonhelmet valmistetaan. Se on tunnettu lujuudestaan, kest\u00e4vyydest\u00e4\u00e4n ja kiehtovasta irisoinnistaan. Kalvosinnapeissa on t\u00e4ydellinen tasapaino pehmeiden, huomaamattomien v\u00e4rien ja kovan, luotettavan materiaalin v\u00e4lill\u00e4, ja ne ilment\u00e4v\u00e4t vaurautta, luottamusta ja luotettavuutta.<\/p>\n<p>Helmimansettinapit ovat olleet vuosisatojen ajan itsevarmuuden, luokan ja hallinnan symboli. Ne heijastavat ainutlaatuisella tavalla valoa ja tuovat esiin hienovaraisia sinisen, vaaleanpunaisen ja vihre\u00e4n s\u00e4vyj\u00e4, jotka korostavat sek\u00e4 valkoisten ett\u00e4 v\u00e4rillisten paitojen hienostuneisuutta. Jalometallirunkoon asetetut kalvosinnapit eiv\u00e4t ole pelkki\u00e4 asusteita, vaan ikkunoita maailman luonnonkauneuteen, ja ne lis\u00e4\u00e4v\u00e4t tyylikkyytt\u00e4 ja kiiltoa mihin tahansa muodolliseen pukeutumiseen.<\/p>\n<p><strong>Ihanteellinen lahja:<\/strong> N\u00e4m\u00e4 Mother of Pearl kalvosinnapit ovat erinomainen lahja sulhasille tai bestmaneille. Lis\u00e4ksi, koska helmet ovat perinteinen lahja 30-vuotish\u00e4\u00e4p\u00e4iv\u00e4n\u00e4, ne ovat my\u00f6s harkittu lahja miehellesi.<\/p>\n<p><strong>Tuotteen tekniset tiedot:<\/strong><\/p>\n<ul>\n<li><strong>Pohjan materiaali:<\/strong> Kullattu hopea 925<\/li>\n<li><strong>Sis\u00e4halkaisija:<\/strong> 18 mm<\/li>\n<li><strong>Paino:<\/strong> Noin 11 grammaa per pari<\/li>\n<li><strong>Ominaisuudet:<\/strong> Nikkelit\u00f6n ja hypoallergeeninen iho\u00e4rsytyksen est\u00e4miseksi.<\/li>\n<\/ul>\n<p>&nbsp;<\/p>\n<p>Hakusanat: Klassinen kultainen paita kalvosinnapit, helmi\u00e4isnauha kalvosinnapit<\/p>","protected":false},"excerpt":{"rendered":"<p><strong>TUOTTEEN MITAT - <\/strong>Tuotteen paino: 11 g (pari), kalvosinnapin sis\u00e4halkaisija: 18 mm.<\/p>\n<p>Saatavana 925 Sterling hopeaa 24K kullalla pinnoitettuna - 0,4 \u00b5m.<\/p>\n<p>SKU: var\/cuf\/gol\/mop<br \/>\nTuotemerkki: FredFloris &amp; Partner<\/p>\n<pre><\/pre>\n<p>Kokenut kumppanimme Puolassa valmistaa korvakorujen pohjan. K\u00e4yt\u00e4mme 0,4 \u00b5m:n paksuista pinnoitettua hopeaa, koska se ei tummenna tai himment\u00e4\u00e4 koruja. Tuote kest\u00e4\u00e4 jonkin verran v\u00e4rj\u00e4ytymist\u00e4, mutta muista noudattaa hoito-ohjeitamme pident\u00e4\u00e4ksesi uusien korujesi k\u00e4ytt\u00f6ik\u00e4\u00e4. Asennamme jalokiven jalustaan studiossamme Ruotsissa.<\/p>\n<pre><\/pre>\n<p>T\u00e4m\u00e4 tuote on valmistettu luonnonmateriaalista: muoto, v\u00e4ri ja paksuus voivat vaihdella.<\/p>","protected":false},"featured_media":9890,"template":"","meta":[],"pwb-brand":[204],"product_brand":[],"product_cat":[118,121,101],"product_tag":[357,163,358,135],"woo-feed-brand":[],"class_list":{"0":"post-9925","1":"product","2":"type-product","3":"status-publish","4":"has-post-thumbnail","6":"pwb-brand-fredfloris-partner","7":"product_cat-cufflinks","8":"product_cat-gem-cufflinks","9":"product_cat-jewelry","10":"product_tag-gemstone","11":"product_tag-gold","12":"product_tag-mother-of-pearls","13":"product_tag-stocked","14":"product_shipping_class-small-goods","16":"first","17":"instock","18":"taxable","19":"shipping-taxable","20":"purchasable","21":"product-type-simple"},"yoast_head":"<!-- This site is optimized with the Yoast SEO plugin v27.2 - https:\/\/yoast.com\/product\/yoast-seo-wordpress\/ -->\n<title>V\u00e4rend - Mother of Pearls Cufflinks | FredFloris<\/title>\n<meta name=\"description\" content=\"Check out our Mother of Pearls natural gemstone cufflinks in gold plated silver, a true classic design, made to last! Make for a great gift!\" \/>\n<meta name=\"robots\" content=\"index, follow, max-snippet:-1, max-image-preview:large, max-video-preview:-1\" \/>\n<link rel=\"canonical\" href=\"https:\/\/fredfloris.eu\/fi\/productpage\/varend-mother-of-pearls-cufflinks\/?wmc-currency=EUR\" \/>\n<meta property=\"og:locale\" content=\"fi_FI\" \/>\n<meta property=\"og:type\" content=\"article\" \/>\n<meta property=\"og:title\" content=\"V\u00e4rend - Mother of Pearls Cufflinks | FredFloris\" \/>\n<meta property=\"og:description\" content=\"Check out our Mother of Pearls natural gemstone cufflinks in gold plated silver, a true classic design, made to last! Make for a great gift!\" \/>\n<meta property=\"og:url\" content=\"https:\/\/fredfloris.eu\/fi\/productpage\/varend-mother-of-pearls-cufflinks\/?wmc-currency=EUR\" \/>\n<meta property=\"og:site_name\" content=\"FredFloris\" \/>\n<meta property=\"article:publisher\" content=\"https:\/\/www.facebook.com\/FredFloris.Artisan.Studio\/\" \/>\n<meta property=\"article:modified_time\" content=\"2024-06-24T18:34:54+00:00\" \/>\n<meta property=\"og:image\" content=\"https:\/\/fredfloris.eu\/wp-content\/uploads\/2022\/08\/IMG_3245-scaled.jpg\" \/>\n\t<meta property=\"og:image:width\" content=\"2560\" \/>\n\t<meta property=\"og:image:height\" content=\"1707\" \/>\n\t<meta property=\"og:image:type\" content=\"image\/jpeg\" \/>\n<meta name=\"twitter:card\" content=\"summary_large_image\" \/>\n<meta name=\"twitter:site\" content=\"@_fredfloris_\" \/>\n<meta name=\"twitter:label1\" content=\"Arvioitu lukuaika\" \/>\n\t<meta name=\"twitter:data1\" content=\"2 minuuttia\" \/>\n<script type=\"application\/ld+json\" class=\"yoast-schema-graph\">{\"@context\":\"https:\/\/schema.org\",\"@graph\":[{\"@type\":\"WebPage\",\"@id\":\"https:\/\/fredfloris.eu\/productpage\/varend-mother-of-pearls-cufflinks\/\",\"url\":\"https:\/\/fredfloris.eu\/productpage\/varend-mother-of-pearls-cufflinks\/\",\"name\":\"V\u00e4rend - Mother of Pearls Cufflinks | FredFloris\",\"isPartOf\":{\"@id\":\"https:\/\/fredfloris.eu\/#website\"},\"primaryImageOfPage\":{\"@id\":\"https:\/\/fredfloris.eu\/productpage\/varend-mother-of-pearls-cufflinks\/#primaryimage\"},\"image\":{\"@id\":\"https:\/\/fredfloris.eu\/productpage\/varend-mother-of-pearls-cufflinks\/#primaryimage\"},\"thumbnailUrl\":\"https:\/\/fredfloris.eu\/wp-content\/uploads\/2022\/08\/IMG_3245-scaled.jpg\",\"datePublished\":\"2022-08-21T14:08:19+00:00\",\"dateModified\":\"2024-06-24T18:34:54+00:00\",\"description\":\"Check out our Mother of Pearls natural gemstone cufflinks in gold plated silver, a true classic design, made to last! Make for a great gift!\",\"breadcrumb\":{\"@id\":\"https:\/\/fredfloris.eu\/productpage\/varend-mother-of-pearls-cufflinks\/#breadcrumb\"},\"inLanguage\":\"fi\",\"potentialAction\":[{\"@type\":\"ReadAction\",\"target\":[\"https:\/\/fredfloris.eu\/productpage\/varend-mother-of-pearls-cufflinks\/\"]}]},{\"@type\":\"ImageObject\",\"inLanguage\":\"fi\",\"@id\":\"https:\/\/fredfloris.eu\/productpage\/varend-mother-of-pearls-cufflinks\/#primaryimage\",\"url\":\"https:\/\/fredfloris.eu\/wp-content\/uploads\/2022\/08\/IMG_3245-scaled.jpg\",\"contentUrl\":\"https:\/\/fredfloris.eu\/wp-content\/uploads\/2022\/08\/IMG_3245-scaled.jpg\",\"width\":2560,\"height\":1707,\"caption\":\"Product: V\u00e4rend - Mother of Pearls Cufflinks \u2013 Gold Plated Silver\"},{\"@type\":\"BreadcrumbList\",\"@id\":\"https:\/\/fredfloris.eu\/productpage\/varend-mother-of-pearls-cufflinks\/#breadcrumb\",\"itemListElement\":[{\"@type\":\"ListItem\",\"position\":1,\"name\":\"Home\",\"item\":\"https:\/\/fredfloris.eu\/\"},{\"@type\":\"ListItem\",\"position\":2,\"name\":\"Shop\",\"item\":\"https:\/\/fredfloris.eu\/shop\/\"},{\"@type\":\"ListItem\",\"position\":3,\"name\":\"V\u00e4rend &#8211; Mother of Pearls Cufflinks\"}]},{\"@type\":\"WebSite\",\"@id\":\"https:\/\/fredfloris.eu\/#website\",\"url\":\"https:\/\/fredfloris.eu\/\",\"name\":\"FredFloris\",\"description\":\"Handcrafted Leathergoods - Made in Sweden\",\"publisher\":{\"@id\":\"https:\/\/fredfloris.eu\/#organization\"},\"potentialAction\":[{\"@type\":\"SearchAction\",\"target\":{\"@type\":\"EntryPoint\",\"urlTemplate\":\"https:\/\/fredfloris.eu\/?s={search_term_string}\"},\"query-input\":{\"@type\":\"PropertyValueSpecification\",\"valueRequired\":true,\"valueName\":\"search_term_string\"}}],\"inLanguage\":\"fi\"},{\"@type\":\"Organization\",\"@id\":\"https:\/\/fredfloris.eu\/#organization\",\"name\":\"FredFloris\",\"url\":\"https:\/\/fredfloris.eu\/\",\"logo\":{\"@type\":\"ImageObject\",\"inLanguage\":\"fi\",\"@id\":\"https:\/\/fredfloris.eu\/#\/schema\/logo\/image\/\",\"url\":\"https:\/\/fredfloris.eu\/wp-content\/uploads\/2022\/03\/FredFloris-med-hel-nal-och-text.png\",\"contentUrl\":\"https:\/\/fredfloris.eu\/wp-content\/uploads\/2022\/03\/FredFloris-med-hel-nal-och-text.png\",\"width\":591,\"height\":283,\"caption\":\"FredFloris\"},\"image\":{\"@id\":\"https:\/\/fredfloris.eu\/#\/schema\/logo\/image\/\"},\"sameAs\":[\"https:\/\/www.facebook.com\/FredFloris.Artisan.Studio\/\",\"https:\/\/x.com\/_fredfloris_\",\"https:\/\/www.instagram.com\/fredfloris.artisan.studio\/\"]}]}<\/script>\n<!-- \/ Yoast SEO plugin. -->","yoast_head_json":{"title":"V\u00e4rend - Helmi-\u00e4iti kalvosinnapit | FredFloris","description":"Tutustu helmi\u00e4is\u00e4 luonnonjalokivest\u00e4 valmistettuihin kalvosinnappeihimme kullattua hopeaa, todellinen klassinen muotoilu, joka on tehty kest\u00e4m\u00e4\u00e4n! Sopii loistavaksi lahjaksi!","robots":{"index":"index","follow":"follow","max-snippet":"max-snippet:-1","max-image-preview":"max-image-preview:large","max-video-preview":"max-video-preview:-1"},"canonical":"https:\/\/fredfloris.eu\/fi\/productpage\/varend-mother-of-pearls-cufflinks\/?wmc-currency=EUR","og_locale":"fi_FI","og_type":"article","og_title":"V\u00e4rend - Mother of Pearls Cufflinks | FredFloris","og_description":"Check out our Mother of Pearls natural gemstone cufflinks in gold plated silver, a true classic design, made to last! Make for a great gift!","og_url":"https:\/\/fredfloris.eu\/fi\/productpage\/varend-mother-of-pearls-cufflinks\/?wmc-currency=EUR","og_site_name":"FredFloris","article_publisher":"https:\/\/www.facebook.com\/FredFloris.Artisan.Studio\/","article_modified_time":"2024-06-24T18:34:54+00:00","og_image":[{"width":2560,"height":1707,"url":"https:\/\/fredfloris.eu\/wp-content\/uploads\/2022\/08\/IMG_3245-scaled.jpg","type":"image\/jpeg"}],"twitter_card":"summary_large_image","twitter_site":"@_fredfloris_","twitter_misc":{"Arvioitu lukuaika":"2 minuuttia"},"schema":{"@context":"https:\/\/schema.org","@graph":[{"@type":"WebPage","@id":"https:\/\/fredfloris.eu\/productpage\/varend-mother-of-pearls-cufflinks\/","url":"https:\/\/fredfloris.eu\/productpage\/varend-mother-of-pearls-cufflinks\/","name":"V\u00e4rend - Helmi-\u00e4iti kalvosinnapit | FredFloris","isPartOf":{"@id":"https:\/\/fredfloris.eu\/#website"},"primaryImageOfPage":{"@id":"https:\/\/fredfloris.eu\/productpage\/varend-mother-of-pearls-cufflinks\/#primaryimage"},"image":{"@id":"https:\/\/fredfloris.eu\/productpage\/varend-mother-of-pearls-cufflinks\/#primaryimage"},"thumbnailUrl":"https:\/\/fredfloris.eu\/wp-content\/uploads\/2022\/08\/IMG_3245-scaled.jpg","datePublished":"2022-08-21T14:08:19+00:00","dateModified":"2024-06-24T18:34:54+00:00","description":"Tutustu helmi\u00e4is\u00e4 luonnonjalokivest\u00e4 valmistettuihin kalvosinnappeihimme kullattua hopeaa, todellinen klassinen muotoilu, joka on tehty kest\u00e4m\u00e4\u00e4n! Sopii loistavaksi lahjaksi!","breadcrumb":{"@id":"https:\/\/fredfloris.eu\/productpage\/varend-mother-of-pearls-cufflinks\/#breadcrumb"},"inLanguage":"fi","potentialAction":[{"@type":"ReadAction","target":["https:\/\/fredfloris.eu\/productpage\/varend-mother-of-pearls-cufflinks\/"]}]},{"@type":"ImageObject","inLanguage":"fi","@id":"https:\/\/fredfloris.eu\/productpage\/varend-mother-of-pearls-cufflinks\/#primaryimage","url":"https:\/\/fredfloris.eu\/wp-content\/uploads\/2022\/08\/IMG_3245-scaled.jpg","contentUrl":"https:\/\/fredfloris.eu\/wp-content\/uploads\/2022\/08\/IMG_3245-scaled.jpg","width":2560,"height":1707,"caption":"Product: V\u00e4rend - Mother of Pearls Cufflinks \u2013 Gold Plated Silver"},{"@type":"BreadcrumbList","@id":"https:\/\/fredfloris.eu\/productpage\/varend-mother-of-pearls-cufflinks\/#breadcrumb","itemListElement":[{"@type":"ListItem","position":1,"name":"Home","item":"https:\/\/fredfloris.eu\/"},{"@type":"ListItem","position":2,"name":"Shop","item":"https:\/\/fredfloris.eu\/shop\/"},{"@type":"ListItem","position":3,"name":"V\u00e4rend &#8211; Mother of Pearls Cufflinks"}]},{"@type":"WebSite","@id":"https:\/\/fredfloris.eu\/#website","url":"https:\/\/fredfloris.eu\/","name":"FredFloris","description":"K\u00e4sintehdyt nahkatavarat - Made in Sweden","publisher":{"@id":"https:\/\/fredfloris.eu\/#organization"},"potentialAction":[{"@type":"SearchAction","target":{"@type":"EntryPoint","urlTemplate":"https:\/\/fredfloris.eu\/?s={search_term_string}"},"query-input":{"@type":"PropertyValueSpecification","valueRequired":true,"valueName":"search_term_string"}}],"inLanguage":"fi"},{"@type":"Organization","@id":"https:\/\/fredfloris.eu\/#organization","name":"FredFloris","url":"https:\/\/fredfloris.eu\/","logo":{"@type":"ImageObject","inLanguage":"fi","@id":"https:\/\/fredfloris.eu\/#\/schema\/logo\/image\/","url":"https:\/\/fredfloris.eu\/wp-content\/uploads\/2022\/03\/FredFloris-med-hel-nal-och-text.png","contentUrl":"https:\/\/fredfloris.eu\/wp-content\/uploads\/2022\/03\/FredFloris-med-hel-nal-och-text.png","width":591,"height":283,"caption":"FredFloris"},"image":{"@id":"https:\/\/fredfloris.eu\/#\/schema\/logo\/image\/"},"sameAs":["https:\/\/www.facebook.com\/FredFloris.Artisan.Studio\/","https:\/\/x.com\/_fredfloris_","https:\/\/www.instagram.com\/fredfloris.artisan.studio\/"]}]}},"brands":[{"id":204,"name":"FredFloris &amp; kumppani","slug":"fredfloris-partner"}],"_links":{"self":[{"href":"https:\/\/fredfloris.eu\/fi\/wp-json\/wp\/v2\/product\/9925","targetHints":{"allow":["GET"]}}],"collection":[{"href":"https:\/\/fredfloris.eu\/fi\/wp-json\/wp\/v2\/product"}],"about":[{"href":"https:\/\/fredfloris.eu\/fi\/wp-json\/wp\/v2\/types\/product"}],"version-history":[{"count":9,"href":"https:\/\/fredfloris.eu\/fi\/wp-json\/wp\/v2\/product\/9925\/revisions"}],"predecessor-version":[{"id":11526,"href":"https:\/\/fredfloris.eu\/fi\/wp-json\/wp\/v2\/product\/9925\/revisions\/11526"}],"wp:featuredmedia":[{"embeddable":true,"href":"https:\/\/fredfloris.eu\/fi\/wp-json\/wp\/v2\/media\/9890"}],"wp:attachment":[{"href":"https:\/\/fredfloris.eu\/fi\/wp-json\/wp\/v2\/media?parent=9925"}],"wp:term":[{"taxonomy":"pwb-brand","embeddable":true,"href":"https:\/\/fredfloris.eu\/fi\/wp-json\/wp\/v2\/pwb-brand?post=9925"},{"taxonomy":"product_brand","embeddable":true,"href":"https:\/\/fredfloris.eu\/fi\/wp-json\/wp\/v2\/product_brand?post=9925"},{"taxonomy":"product_cat","embeddable":true,"href":"https:\/\/fredfloris.eu\/fi\/wp-json\/wp\/v2\/product_cat?post=9925"},{"taxonomy":"product_tag","embeddable":true,"href":"https:\/\/fredfloris.eu\/fi\/wp-json\/wp\/v2\/product_tag?post=9925"},{"taxonomy":"woo-feed-brand","embeddable":true,"href":"https:\/\/fredfloris.eu\/fi\/wp-json\/wp\/v2\/woo-feed-brand?post=9925"}],"curies":[{"name":"wp","href":"https:\/\/api.w.org\/{rel}","templated":true}]}}