{"id":7181,"date":"2022-06-06T13:45:34","date_gmt":"2022-06-06T11:45:34","guid":{"rendered":"https:\/\/fredfloris.eu\/?page_id=7181"},"modified":"2024-06-24T19:45:59","modified_gmt":"2024-06-24T17:45:59","slug":"about-us","status":"publish","type":"page","link":"https:\/\/fredfloris.eu\/fr\/about-us\/","title":{"rendered":"A propos de nous"},"content":{"rendered":"<div data-elementor-type=\"wp-page\" data-elementor-id=\"7181\" class=\"elementor elementor-7181\" data-elementor-post-type=\"page\">\n\t\t\t\t\t\t<section class=\"elementor-section elementor-top-section elementor-element elementor-element-f0f9d68 elementor-section-boxed elementor-section-height-default elementor-section-height-default\" data-id=\"f0f9d68\" data-element_type=\"section\" data-e-type=\"section\" data-settings=\"{&quot;ekit_has_onepagescroll_dot&quot;:&quot;yes&quot;}\">\n\t\t\t\t\t\t<div class=\"elementor-container elementor-column-gap-default\">\n\t\t\t\t\t<div class=\"elementor-column elementor-col-100 elementor-top-column elementor-element elementor-element-0382ec2\" data-id=\"0382ec2\" data-element_type=\"column\" data-e-type=\"column\">\n\t\t\t<div class=\"elementor-widget-wrap elementor-element-populated\">\n\t\t\t\t\t\t<div class=\"elementor-element elementor-element-723d7d7 elementor-widget__width-initial elementor-widget elementor-widget-image\" data-id=\"723d7d7\" data-element_type=\"widget\" data-e-type=\"widget\" data-settings=\"{&quot;ekit_we_effect_on&quot;:&quot;none&quot;}\" data-widget_type=\"image.default\">\n\t\t\t\t<div class=\"elementor-widget-container\">\n\t\t\t\t\t\t\t\t\t\t\t\t\t\t\t<img fetchpriority=\"high\" decoding=\"async\" width=\"1600\" height=\"2250\" src=\"https:\/\/fredfloris.eu\/wp-content\/uploads\/2024\/01\/FredFloris-NEW-2.png\" class=\"attachment-full size-full wp-image-10642\" alt=\"\" srcset=\"https:\/\/fredfloris.eu\/wp-content\/uploads\/2024\/01\/FredFloris-NEW-2.png 1600w, https:\/\/fredfloris.eu\/wp-content\/uploads\/2024\/01\/FredFloris-NEW-2-427x600.png 427w, https:\/\/fredfloris.eu\/wp-content\/uploads\/2024\/01\/FredFloris-NEW-2-1456x2048.png 1456w, https:\/\/fredfloris.eu\/wp-content\/uploads\/2024\/01\/FredFloris-NEW-2-768x1080.png 768w, https:\/\/fredfloris.eu\/wp-content\/uploads\/2024\/01\/FredFloris-NEW-2-1092x1536.png 1092w\" sizes=\"(max-width: 1600px) 100vw, 1600px\" \/>\t\t\t\t\t\t\t\t\t\t\t\t\t\t\t<\/div>\n\t\t\t\t<\/div>\n\t\t\t\t<div class=\"elementor-element elementor-element-5f45d70 elementor-widget__width-initial elementor-widget elementor-widget-heading\" data-id=\"5f45d70\" data-element_type=\"widget\" data-e-type=\"widget\" data-settings=\"{&quot;ekit_we_effect_on&quot;:&quot;none&quot;}\" data-widget_type=\"heading.default\">\n\t\t\t\t<div class=\"elementor-widget-container\">\n\t\t\t\t\t<h1 class=\"elementor-heading-title elementor-size-default\">\u00c0 PROPOS DE NOUS<\/h1>\t\t\t\t<\/div>\n\t\t\t\t<\/div>\n\t\t\t\t\t<\/div>\n\t\t<\/div>\n\t\t\t\t\t<\/div>\n\t\t<\/section>\n\t\t\t\t<section class=\"elementor-section elementor-top-section elementor-element elementor-element-26600ee3 elementor-section-height-min-height elementor-section-items-stretch elementor-section-content-middle elementor-section-boxed elementor-section-height-default\" data-id=\"26600ee3\" data-element_type=\"section\" data-e-type=\"section\" data-settings=\"{&quot;background_background&quot;:&quot;classic&quot;,&quot;ekit_has_onepagescroll_dot&quot;:&quot;yes&quot;}\">\n\t\t\t\t\t\t<div class=\"elementor-container elementor-column-gap-no\">\n\t\t\t\t\t<div class=\"elementor-column elementor-col-100 elementor-top-column elementor-element elementor-element-6f702edb\" data-id=\"6f702edb\" data-element_type=\"column\" data-e-type=\"column\" data-settings=\"{&quot;background_background&quot;:&quot;classic&quot;}\">\n\t\t\t<div class=\"elementor-widget-wrap elementor-element-populated\">\n\t\t\t\t\t\t<div class=\"elementor-element elementor-element-3f703d1c elementor-widget elementor-widget-heading\" data-id=\"3f703d1c\" data-element_type=\"widget\" data-e-type=\"widget\" data-settings=\"{&quot;ekit_we_effect_on&quot;:&quot;none&quot;}\" data-widget_type=\"heading.default\">\n\t\t\t\t<div class=\"elementor-widget-container\">\n\t\t\t\t\t<h2 class=\"elementor-heading-title elementor-size-default\">Notre histoire<\/h2>\t\t\t\t<\/div>\n\t\t\t\t<\/div>\n\t\t\t\t<div class=\"elementor-element elementor-element-19accf59 elementor-widget elementor-widget-text-editor\" data-id=\"19accf59\" data-element_type=\"widget\" data-e-type=\"widget\" data-settings=\"{&quot;ekit_we_effect_on&quot;:&quot;none&quot;}\" data-widget_type=\"text-editor.default\">\n\t\t\t\t<div class=\"elementor-widget-container\">\n\t\t\t\t\t\t\t\t\t<p>FredFloris n'a pas vu le jour en 2021, lorsque nous avons officiellement ouvert nos portes \u00e0 J\u00f6nk\u00f6ping, en Su\u00e8de, mais en 2018, \u00e0 la recherche d'une ceinture en cuir de qualit\u00e9. Fred, notre fondateur, cherchait une ceinture en cuir pleine fleur qui soit \u00e0 la fois de haute qualit\u00e9 et suffisamment durable pour \u00eatre transmise de g\u00e9n\u00e9ration en g\u00e9n\u00e9ration. Au lieu de cela, il n'a trouv\u00e9 que des ceintures en cuir \"v\u00e9ritable\" de qualit\u00e9 inf\u00e9rieure qui ne r\u00e9pondaient pas \u00e0 ses besoins simples.<\/p><p>Par frustration et inspir\u00e9 par un h\u00e9ritage de style durable, Fred a d\u00e9cid\u00e9 de cr\u00e9er la ceinture qu'il ne trouvait pas. Il a transform\u00e9 sa passion pour l'artisanat en FredFloris, une entreprise qui c\u00e9l\u00e8bre aujourd'hui les \u00e9tapes de la vie avec des produits con\u00e7us pour durer.<\/p><p>FredFloris est synonyme de qualit\u00e9 et de tradition, et fabrique des articles de maroquinerie con\u00e7us pour durer et inspirer les g\u00e9n\u00e9rations actuelles et futures.<\/p>\t\t\t\t\t\t\t\t<\/div>\n\t\t\t\t<\/div>\n\t\t\t\t\t<\/div>\n\t\t<\/div>\n\t\t\t\t\t<\/div>\n\t\t<\/section>\n\t\t\t\t<section class=\"elementor-section elementor-top-section elementor-element elementor-element-edca906 elementor-section-height-min-height elementor-section-items-stretch elementor-section-content-middle elementor-section-boxed elementor-section-height-default\" data-id=\"edca906\" data-element_type=\"section\" data-e-type=\"section\" data-settings=\"{&quot;background_background&quot;:&quot;classic&quot;,&quot;ekit_has_onepagescroll_dot&quot;:&quot;yes&quot;}\">\n\t\t\t\t\t\t<div class=\"elementor-container elementor-column-gap-no\">\n\t\t\t\t\t<div class=\"elementor-column elementor-col-100 elementor-top-column elementor-element elementor-element-2449624\" data-id=\"2449624\" data-element_type=\"column\" data-e-type=\"column\" data-settings=\"{&quot;background_background&quot;:&quot;classic&quot;}\">\n\t\t\t<div class=\"elementor-widget-wrap elementor-element-populated\">\n\t\t\t\t\t\t<div class=\"elementor-element elementor-element-c0da8e1 elementor-widget elementor-widget-heading\" data-id=\"c0da8e1\" data-element_type=\"widget\" data-e-type=\"widget\" data-settings=\"{&quot;ekit_we_effect_on&quot;:&quot;none&quot;}\" data-widget_type=\"heading.default\">\n\t\t\t\t<div class=\"elementor-widget-container\">\n\t\t\t\t\t<h2 class=\"elementor-heading-title elementor-size-default\">D\u00e9claration de mission <\/h2>\t\t\t\t<\/div>\n\t\t\t\t<\/div>\n\t\t\t\t<div class=\"elementor-element elementor-element-5bb37f7 elementor-widget elementor-widget-text-editor\" data-id=\"5bb37f7\" data-element_type=\"widget\" data-e-type=\"widget\" data-settings=\"{&quot;ekit_we_effect_on&quot;:&quot;none&quot;}\" data-widget_type=\"text-editor.default\">\n\t\t\t\t<div class=\"elementor-widget-container\">\n\t\t\t\t\t\t\t\t\t<p><strong>Notre engagement en faveur de la mode \u00e9thique<\/strong><\/p><p>Chez FredFloris, nous croyons en plus de l'attrait esth\u00e9tique de nos accessoires. Chaque produit que nous proposons incarne notre passion pour la mode \u00e9thique et durable. Nos articles ne sont pas de simples possessions, ils font partie d'une histoire plus vaste visant \u00e0 cr\u00e9er des liens authentiques et \u00e0 contribuer de mani\u00e8re positive au changement mondial.<\/p><p><strong>Approvisionnement durable<\/strong> Nous sommes fiers de nous approvisionner aupr\u00e8s de fabricants qui respectent nos valeurs \u00e9thiques. Ces partenaires appliquent des processus de production respectueux de l'environnement qui garantissent des normes \u00e9lev\u00e9es en mati\u00e8re de gestion, de main-d'\u0153uvre et de production, tout en pr\u00e9servant notre plan\u00e8te.<\/p><p><strong>Tra\u00e7abilit\u00e9 et transparence<\/strong> Des mati\u00e8res premi\u00e8res au produit fini, chaque \u00e9tape de notre cha\u00eene de production est soigneusement contr\u00f4l\u00e9e, ce qui garantit que nous soutenons la durabilit\u00e9 de la plan\u00e8te et de ses communaut\u00e9s.<\/p><p><strong>Changer l'industrie de la mode<\/strong> Nous rejetons les pratiques d\u00e9pass\u00e9es de l'industrie de la mode traditionnelle, qui privil\u00e9gie souvent le profit au d\u00e9triment des personnes et de la plan\u00e8te. Notre mission est d'inspirer le changement et d'\u00e9lever les standards en d\u00e9fendant des pratiques \u00e9thiques et un artisanat de qualit\u00e9.<\/p><p>Chez FredFloris, nous sommes d\u00e9termin\u00e9s \u00e0 transformer le statu quo de l'industrie de la mode, en promouvant un mod\u00e8le d'entreprise qui valorise l'am\u00e9lioration et l'impact positif.<\/p>\t\t\t\t\t\t\t\t<\/div>\n\t\t\t\t<\/div>\n\t\t\t\t\t<\/div>\n\t\t<\/div>\n\t\t\t\t\t<\/div>\n\t\t<\/section>\n\t\t\t\t<section class=\"elementor-section elementor-top-section elementor-element elementor-element-efdd4a0 elementor-section-full_width elementor-section-height-min-height elementor-section-items-stretch elementor-section-content-middle elementor-section-height-default\" data-id=\"efdd4a0\" data-element_type=\"section\" data-e-type=\"section\" data-settings=\"{&quot;ekit_has_onepagescroll_dot&quot;:&quot;yes&quot;}\">\n\t\t\t\t\t\t<div class=\"elementor-container elementor-column-gap-no\">\n\t\t\t\t\t<div class=\"elementor-column elementor-col-50 elementor-top-column elementor-element elementor-element-297a6f9\" data-id=\"297a6f9\" data-element_type=\"column\" data-e-type=\"column\">\n\t\t\t<div class=\"elementor-widget-wrap elementor-element-populated\">\n\t\t\t\t\t\t<div class=\"elementor-element elementor-element-70a8e76 elementor-invisible elementor-widget elementor-widget-heading\" data-id=\"70a8e76\" data-element_type=\"widget\" data-e-type=\"widget\" data-settings=\"{&quot;_animation&quot;:&quot;fadeIn&quot;,&quot;_animation_delay&quot;:200,&quot;ekit_we_effect_on&quot;:&quot;none&quot;}\" data-widget_type=\"heading.default\">\n\t\t\t\t<div class=\"elementor-widget-container\">\n\t\t\t\t\t<h2 class=\"elementor-heading-title elementor-size-default\">FredFloris cr\u00e9e des accessoires de mode haut de gamme pour ceux qui appr\u00e9cient les articles de luxe, fabriqu\u00e9s dans le respect de l'\u00e9thique.<\/h2>\t\t\t\t<\/div>\n\t\t\t\t<\/div>\n\t\t\t\t<div class=\"elementor-element elementor-element-e479f0b elementor-widget__width-auto e-grid-align-left e-grid-align-mobile-center elementor-widget-mobile__width-inherit elementor-shape-rounded elementor-grid-0 elementor-widget elementor-widget-social-icons\" data-id=\"e479f0b\" data-element_type=\"widget\" data-e-type=\"widget\" data-settings=\"{&quot;ekit_we_effect_on&quot;:&quot;none&quot;}\" data-widget_type=\"social-icons.default\">\n\t\t\t\t<div class=\"elementor-widget-container\">\n\t\t\t\t\t\t\t<div class=\"elementor-social-icons-wrapper elementor-grid\" role=\"list\">\n\t\t\t\t\t\t\t<span class=\"elementor-grid-item\" role=\"listitem\">\n\t\t\t\t\t<a class=\"elementor-icon elementor-social-icon elementor-social-icon-facebook elementor-animation-float elementor-repeater-item-a815725\" href=\"https:\/\/www.facebook.com\/FredFloris.Artisan.Studio\/\" target=\"_blank\">\n\t\t\t\t\t\t<span class=\"elementor-screen-only\">Facebook<\/span>\n\t\t\t\t\t\t<i aria-hidden=\"true\" class=\"fab fa-facebook\"><\/i>\t\t\t\t\t<\/a>\n\t\t\t\t<\/span>\n\t\t\t\t\t\t\t<span class=\"elementor-grid-item\" role=\"listitem\">\n\t\t\t\t\t<a class=\"elementor-icon elementor-social-icon elementor-social-icon-twitter elementor-animation-float elementor-repeater-item-9308808\" href=\"https:\/\/twitter.com\/_fredfloris_\" target=\"_blank\">\n\t\t\t\t\t\t<span class=\"elementor-screen-only\">Twitter<\/span>\n\t\t\t\t\t\t<i aria-hidden=\"true\" class=\"fab fa-twitter\"><\/i>\t\t\t\t\t<\/a>\n\t\t\t\t<\/span>\n\t\t\t\t\t\t\t<span class=\"elementor-grid-item\" role=\"listitem\">\n\t\t\t\t\t<a class=\"elementor-icon elementor-social-icon elementor-social-icon-instagram elementor-animation-float elementor-repeater-item-5ff4be9\" href=\"https:\/\/www.instagram.com\/fredfloris.artisan.studio\/\" target=\"_blank\">\n\t\t\t\t\t\t<span class=\"elementor-screen-only\">Instagram<\/span>\n\t\t\t\t\t\t<i aria-hidden=\"true\" class=\"fab fa-instagram\"><\/i>\t\t\t\t\t<\/a>\n\t\t\t\t<\/span>\n\t\t\t\t\t\t\t<span class=\"elementor-grid-item\" role=\"listitem\">\n\t\t\t\t\t<a class=\"elementor-icon elementor-social-icon elementor-social-icon-pinterest elementor-animation-float elementor-repeater-item-7138ec1\" href=\"https:\/\/www.pinterest.se\/FredFloris_Artisan_Studio\/\" target=\"_blank\">\n\t\t\t\t\t\t<span class=\"elementor-screen-only\">Pinterest<\/span>\n\t\t\t\t\t\t<i aria-hidden=\"true\" class=\"fab fa-pinterest\"><\/i>\t\t\t\t\t<\/a>\n\t\t\t\t<\/span>\n\t\t\t\t\t<\/div>\n\t\t\t\t\t\t<\/div>\n\t\t\t\t<\/div>\n\t\t\t\t\t<\/div>\n\t\t<\/div>\n\t\t\t\t<div class=\"elementor-column elementor-col-50 elementor-top-column elementor-element elementor-element-a769eb1 elementor-hidden-tablet elementor-hidden-mobile\" data-id=\"a769eb1\" data-element_type=\"column\" data-e-type=\"column\" data-settings=\"{&quot;background_background&quot;:&quot;classic&quot;}\">\n\t\t\t<div class=\"elementor-widget-wrap\">\n\t\t\t\t\t<div class=\"elementor-background-overlay\"><\/div>\n\t\t\t\t\t\t\t<\/div>\n\t\t<\/div>\n\t\t\t\t\t<\/div>\n\t\t<\/section>\n\t\t\t\t<\/div>","protected":false},"excerpt":{"rendered":"<p>ABOUT US Our Story FredFloris began not in 2021, when we officially opened in J\u00f6nk\u00f6ping, Sweden, but in 2018 with a quest for a quality leather belt. Fred, our founder, searched for a belt made from full-grain leather that was both high-quality and durable enough to be passed down through generations. Instead, he found only [&hellip;]<\/p>\n","protected":false},"author":1,"featured_media":0,"parent":0,"menu_order":0,"comment_status":"closed","ping_status":"closed","template":"","meta":{"footnotes":""},"class_list":["post-7181","page","type-page","status-publish","hentry"],"yoast_head":"<!-- This site is optimized with the Yoast SEO plugin v27.2 - https:\/\/yoast.com\/product\/yoast-seo-wordpress\/ -->\n<title>FredFloris: Ethical Fashion Accessories for Luxury Seekers<\/title>\n<meta name=\"description\" content=\"Discover FredFloris, a family-owned business creating premium fashion accessories. Ethically made, sustainable, and built to last. Join us in inspiring change.\" \/>\n<meta name=\"robots\" content=\"index, follow, max-snippet:-1, max-image-preview:large, max-video-preview:-1\" \/>\n<link rel=\"canonical\" href=\"https:\/\/fredfloris.eu\/fr\/about-us\/?wmc-currency=EUR\" \/>\n<meta property=\"og:locale\" content=\"fr_FR\" \/>\n<meta property=\"og:type\" content=\"article\" \/>\n<meta property=\"og:title\" content=\"FredFloris: Ethical Fashion Accessories for Luxury Seekers\" \/>\n<meta property=\"og:description\" content=\"Discover FredFloris, a family-owned business creating premium fashion accessories. Ethically made, sustainable, and built to last. Join us in inspiring change.\" \/>\n<meta property=\"og:url\" content=\"https:\/\/fredfloris.eu\/fr\/about-us\/?wmc-currency=EUR\" \/>\n<meta property=\"og:site_name\" content=\"FredFloris\" \/>\n<meta property=\"article:publisher\" content=\"https:\/\/www.facebook.com\/FredFloris.Artisan.Studio\/\" \/>\n<meta property=\"article:modified_time\" content=\"2024-06-24T17:45:59+00:00\" \/>\n<meta property=\"og:image\" content=\"https:\/\/fredfloris.eu\/wp-content\/uploads\/2024\/01\/FredFloris-NEW-2.png\" \/>\n<meta name=\"twitter:card\" content=\"summary_large_image\" \/>\n<meta name=\"twitter:site\" content=\"@_fredfloris_\" \/>\n<meta name=\"twitter:label1\" content=\"Dur\u00e9e de lecture estim\u00e9e\" \/>\n\t<meta name=\"twitter:data1\" content=\"2 minutes\" \/>\n<script type=\"application\/ld+json\" class=\"yoast-schema-graph\">{\"@context\":\"https:\/\/schema.org\",\"@graph\":[{\"@type\":[\"WebPage\",\"AboutPage\"],\"@id\":\"https:\/\/fredfloris.eu\/about-us\/\",\"url\":\"https:\/\/fredfloris.eu\/about-us\/\",\"name\":\"FredFloris: Ethical Fashion Accessories for Luxury Seekers\",\"isPartOf\":{\"@id\":\"https:\/\/fredfloris.eu\/#website\"},\"primaryImageOfPage\":{\"@id\":\"https:\/\/fredfloris.eu\/about-us\/#primaryimage\"},\"image\":{\"@id\":\"https:\/\/fredfloris.eu\/about-us\/#primaryimage\"},\"thumbnailUrl\":\"https:\/\/fredfloris.eu\/wp-content\/uploads\/2024\/01\/FredFloris-NEW-2.png\",\"datePublished\":\"2022-06-06T11:45:34+00:00\",\"dateModified\":\"2024-06-24T17:45:59+00:00\",\"description\":\"Discover FredFloris, a family-owned business creating premium fashion accessories. Ethically made, sustainable, and built to last. Join us in inspiring change.\",\"breadcrumb\":{\"@id\":\"https:\/\/fredfloris.eu\/about-us\/#breadcrumb\"},\"inLanguage\":\"fr-FR\",\"potentialAction\":[{\"@type\":\"ReadAction\",\"target\":[\"https:\/\/fredfloris.eu\/about-us\/\"]}]},{\"@type\":\"ImageObject\",\"inLanguage\":\"fr-FR\",\"@id\":\"https:\/\/fredfloris.eu\/about-us\/#primaryimage\",\"url\":\"https:\/\/fredfloris.eu\/wp-content\/uploads\/2024\/01\/FredFloris-NEW-2.png\",\"contentUrl\":\"https:\/\/fredfloris.eu\/wp-content\/uploads\/2024\/01\/FredFloris-NEW-2.png\"},{\"@type\":\"BreadcrumbList\",\"@id\":\"https:\/\/fredfloris.eu\/about-us\/#breadcrumb\",\"itemListElement\":[{\"@type\":\"ListItem\",\"position\":1,\"name\":\"Home\",\"item\":\"https:\/\/fredfloris.eu\/\"},{\"@type\":\"ListItem\",\"position\":2,\"name\":\"About us\"}]},{\"@type\":\"WebSite\",\"@id\":\"https:\/\/fredfloris.eu\/#website\",\"url\":\"https:\/\/fredfloris.eu\/\",\"name\":\"FredFloris\",\"description\":\"Handcrafted Leathergoods - Made in Sweden\",\"publisher\":{\"@id\":\"https:\/\/fredfloris.eu\/#organization\"},\"potentialAction\":[{\"@type\":\"SearchAction\",\"target\":{\"@type\":\"EntryPoint\",\"urlTemplate\":\"https:\/\/fredfloris.eu\/?s={search_term_string}\"},\"query-input\":{\"@type\":\"PropertyValueSpecification\",\"valueRequired\":true,\"valueName\":\"search_term_string\"}}],\"inLanguage\":\"fr-FR\"},{\"@type\":\"Organization\",\"@id\":\"https:\/\/fredfloris.eu\/#organization\",\"name\":\"FredFloris\",\"url\":\"https:\/\/fredfloris.eu\/\",\"logo\":{\"@type\":\"ImageObject\",\"inLanguage\":\"fr-FR\",\"@id\":\"https:\/\/fredfloris.eu\/#\/schema\/logo\/image\/\",\"url\":\"https:\/\/fredfloris.eu\/wp-content\/uploads\/2022\/03\/FredFloris-med-hel-nal-och-text.png\",\"contentUrl\":\"https:\/\/fredfloris.eu\/wp-content\/uploads\/2022\/03\/FredFloris-med-hel-nal-och-text.png\",\"width\":591,\"height\":283,\"caption\":\"FredFloris\"},\"image\":{\"@id\":\"https:\/\/fredfloris.eu\/#\/schema\/logo\/image\/\"},\"sameAs\":[\"https:\/\/www.facebook.com\/FredFloris.Artisan.Studio\/\",\"https:\/\/x.com\/_fredfloris_\",\"https:\/\/www.instagram.com\/fredfloris.artisan.studio\/\"]}]}<\/script>\n<!-- \/ Yoast SEO plugin. -->","yoast_head_json":{"title":"FredFloris : accessoires de mode \u00e9thiques pour les amateurs de luxe","description":"D\u00e9couvrez FredFloris, une entreprise familiale qui cr\u00e9e des accessoires de mode haut de gamme. Fabriqu\u00e9s de mani\u00e8re \u00e9thique et durable, ils sont con\u00e7us pour durer. Rejoignez-nous pour inspirer le changement.","robots":{"index":"index","follow":"follow","max-snippet":"max-snippet:-1","max-image-preview":"max-image-preview:large","max-video-preview":"max-video-preview:-1"},"canonical":"https:\/\/fredfloris.eu\/fr\/about-us\/?wmc-currency=EUR","og_locale":"fr_FR","og_type":"article","og_title":"FredFloris: Ethical Fashion Accessories for Luxury Seekers","og_description":"Discover FredFloris, a family-owned business creating premium fashion accessories. Ethically made, sustainable, and built to last. Join us in inspiring change.","og_url":"https:\/\/fredfloris.eu\/fr\/about-us\/?wmc-currency=EUR","og_site_name":"FredFloris","article_publisher":"https:\/\/www.facebook.com\/FredFloris.Artisan.Studio\/","article_modified_time":"2024-06-24T17:45:59+00:00","og_image":[{"url":"https:\/\/fredfloris.eu\/wp-content\/uploads\/2024\/01\/FredFloris-NEW-2.png","type":"","width":"","height":""}],"twitter_card":"summary_large_image","twitter_site":"@_fredfloris_","twitter_misc":{"Dur\u00e9e de lecture estim\u00e9e":"2 minutes"},"schema":{"@context":"https:\/\/schema.org","@graph":[{"@type":["WebPage","AboutPage"],"@id":"https:\/\/fredfloris.eu\/about-us\/","url":"https:\/\/fredfloris.eu\/about-us\/","name":"FredFloris : accessoires de mode \u00e9thiques pour les amateurs de luxe","isPartOf":{"@id":"https:\/\/fredfloris.eu\/#website"},"primaryImageOfPage":{"@id":"https:\/\/fredfloris.eu\/about-us\/#primaryimage"},"image":{"@id":"https:\/\/fredfloris.eu\/about-us\/#primaryimage"},"thumbnailUrl":"https:\/\/fredfloris.eu\/wp-content\/uploads\/2024\/01\/FredFloris-NEW-2.png","datePublished":"2022-06-06T11:45:34+00:00","dateModified":"2024-06-24T17:45:59+00:00","description":"D\u00e9couvrez FredFloris, une entreprise familiale qui cr\u00e9e des accessoires de mode haut de gamme. Fabriqu\u00e9s de mani\u00e8re \u00e9thique et durable, ils sont con\u00e7us pour durer. Rejoignez-nous pour inspirer le changement.","breadcrumb":{"@id":"https:\/\/fredfloris.eu\/about-us\/#breadcrumb"},"inLanguage":"fr-FR","potentialAction":[{"@type":"ReadAction","target":["https:\/\/fredfloris.eu\/about-us\/"]}]},{"@type":"ImageObject","inLanguage":"fr-FR","@id":"https:\/\/fredfloris.eu\/about-us\/#primaryimage","url":"https:\/\/fredfloris.eu\/wp-content\/uploads\/2024\/01\/FredFloris-NEW-2.png","contentUrl":"https:\/\/fredfloris.eu\/wp-content\/uploads\/2024\/01\/FredFloris-NEW-2.png"},{"@type":"BreadcrumbList","@id":"https:\/\/fredfloris.eu\/about-us\/#breadcrumb","itemListElement":[{"@type":"ListItem","position":1,"name":"Home","item":"https:\/\/fredfloris.eu\/"},{"@type":"ListItem","position":2,"name":"About us"}]},{"@type":"WebSite","@id":"https:\/\/fredfloris.eu\/#website","url":"https:\/\/fredfloris.eu\/","name":"FredFloris","description":"Maroquinerie artisanale - Fabriqu\u00e9e en Su\u00e8de","publisher":{"@id":"https:\/\/fredfloris.eu\/#organization"},"potentialAction":[{"@type":"SearchAction","target":{"@type":"EntryPoint","urlTemplate":"https:\/\/fredfloris.eu\/?s={search_term_string}"},"query-input":{"@type":"PropertyValueSpecification","valueRequired":true,"valueName":"search_term_string"}}],"inLanguage":"fr-FR"},{"@type":"Organization","@id":"https:\/\/fredfloris.eu\/#organization","name":"FredFloris","url":"https:\/\/fredfloris.eu\/","logo":{"@type":"ImageObject","inLanguage":"fr-FR","@id":"https:\/\/fredfloris.eu\/#\/schema\/logo\/image\/","url":"https:\/\/fredfloris.eu\/wp-content\/uploads\/2022\/03\/FredFloris-med-hel-nal-och-text.png","contentUrl":"https:\/\/fredfloris.eu\/wp-content\/uploads\/2022\/03\/FredFloris-med-hel-nal-och-text.png","width":591,"height":283,"caption":"FredFloris"},"image":{"@id":"https:\/\/fredfloris.eu\/#\/schema\/logo\/image\/"},"sameAs":["https:\/\/www.facebook.com\/FredFloris.Artisan.Studio\/","https:\/\/x.com\/_fredfloris_","https:\/\/www.instagram.com\/fredfloris.artisan.studio\/"]}]}},"_links":{"self":[{"href":"https:\/\/fredfloris.eu\/fr\/wp-json\/wp\/v2\/pages\/7181","targetHints":{"allow":["GET"]}}],"collection":[{"href":"https:\/\/fredfloris.eu\/fr\/wp-json\/wp\/v2\/pages"}],"about":[{"href":"https:\/\/fredfloris.eu\/fr\/wp-json\/wp\/v2\/types\/page"}],"author":[{"embeddable":true,"href":"https:\/\/fredfloris.eu\/fr\/wp-json\/wp\/v2\/users\/1"}],"replies":[{"embeddable":true,"href":"https:\/\/fredfloris.eu\/fr\/wp-json\/wp\/v2\/comments?post=7181"}],"version-history":[{"count":22,"href":"https:\/\/fredfloris.eu\/fr\/wp-json\/wp\/v2\/pages\/7181\/revisions"}],"predecessor-version":[{"id":11508,"href":"https:\/\/fredfloris.eu\/fr\/wp-json\/wp\/v2\/pages\/7181\/revisions\/11508"}],"wp:attachment":[{"href":"https:\/\/fredfloris.eu\/fr\/wp-json\/wp\/v2\/media?parent=7181"}],"curies":[{"name":"wp","href":"https:\/\/api.w.org\/{rel}","templated":true}]}}