{"id":9964,"date":"2022-08-28T15:18:40","date_gmt":"2022-08-28T13:18:40","guid":{"rendered":"https:\/\/fredfloris.eu\/?page_id=9964"},"modified":"2024-04-13T11:00:48","modified_gmt":"2024-04-13T09:00:48","slug":"after-sale","status":"publish","type":"page","link":"https:\/\/fredfloris.eu\/fr\/after-sale\/","title":{"rendered":"Service apr\u00e8s-vente"},"content":{"rendered":"<div data-elementor-type=\"wp-page\" data-elementor-id=\"9964\" class=\"elementor elementor-9964\" data-elementor-post-type=\"page\">\n\t\t\t\t\t\t<section class=\"elementor-section elementor-top-section elementor-element elementor-element-efd9c59 elementor-section-boxed elementor-section-height-default elementor-section-height-default\" data-id=\"efd9c59\" data-element_type=\"section\" data-e-type=\"section\" data-settings=\"{&quot;ekit_has_onepagescroll_dot&quot;:&quot;yes&quot;}\">\n\t\t\t\t\t\t<div class=\"elementor-container elementor-column-gap-default\">\n\t\t\t\t\t<div class=\"elementor-column elementor-col-100 elementor-top-column elementor-element elementor-element-fdf3e88\" data-id=\"fdf3e88\" data-element_type=\"column\" data-e-type=\"column\">\n\t\t\t<div class=\"elementor-widget-wrap elementor-element-populated\">\n\t\t\t\t\t\t<div class=\"elementor-element elementor-element-73dec92 elementor-widget elementor-widget-heading\" data-id=\"73dec92\" data-element_type=\"widget\" data-e-type=\"widget\" data-settings=\"{&quot;ekit_we_effect_on&quot;:&quot;none&quot;}\" data-widget_type=\"heading.default\">\n\t\t\t\t<div class=\"elementor-widget-container\">\n\t\t\t\t\t<h1 class=\"elementor-heading-title elementor-size-default\">Service apr\u00e8s-vente<\/h1>\t\t\t\t<\/div>\n\t\t\t\t<\/div>\n\t\t\t\t<div class=\"elementor-element elementor-element-8473bb2 elementor-widget elementor-widget-text-editor\" data-id=\"8473bb2\" data-element_type=\"widget\" data-e-type=\"widget\" data-settings=\"{&quot;ekit_we_effect_on&quot;:&quot;none&quot;}\" data-widget_type=\"text-editor.default\">\n\t\t\t\t<div class=\"elementor-widget-container\">\n\t\t\t\t\t\t\t\t\t<p>Chez FredFloris, nous sommes fiers de fabriquer des produits de haute qualit\u00e9 qui ne sont pas seulement styl\u00e9s et \u00e9l\u00e9gants, mais aussi durables et faits pour durer. Nous pensons que la durabilit\u00e9 n'est pas une simple tendance passag\u00e8re mais un engagement \u00e0 vie, et nous voulons que nos clients profitent de nos produits pour les g\u00e9n\u00e9rations \u00e0 venir.<\/p><p>Nos produits sont fabriqu\u00e9s avec les meilleurs mat\u00e9riaux disponibles sur le march\u00e9, ce qui garantit leur durabilit\u00e9 et leur long\u00e9vit\u00e9. Toutefois, nous savons que m\u00eame les produits les mieux con\u00e7us peuvent n\u00e9cessiter des soins et de l'attention au fil du temps. C'est pourquoi nous proposons des services sp\u00e9ciaux d'entretien et de r\u00e9paration pour tous les produits en cuir FredFloris. Nos artisans qualifi\u00e9s peuvent effectuer des r\u00e9parations et des restaurations de mani\u00e8re experte. Que votre produit ait besoin d'une fermeture \u00e9clair de remplacement, d'une nouvelle coloration pour raviver son \u00e9clat d'origine, d'un nouveau brunissage pour restaurer sa brillance ou d'une nouvelle couture pour renforcer sa structure, nos artisans veilleront \u00e0 ce que votre produit soit aussi beau qu'un neuf.<\/p><p>Nous croyons en la valeur de l'artisanat et en l'importance de pr\u00e9server la beaut\u00e9 et la fonctionnalit\u00e9 de nos produits. En proposant des services d'entretien et de r\u00e9paration, nous visons \u00e0 prolonger la dur\u00e9e de vie de nos produits et \u00e0 r\u00e9duire les d\u00e9chets, contribuant ainsi \u00e0 une approche plus durable de la mode. Chez FredFloris, l'entretien ne se limite pas au point d'achat. Nous nous engageons \u00e0 fournir un service apr\u00e8s-vente exceptionnel \u00e0 nos clients, afin que vous puissiez profiter de vos produits FredFloris pendant de nombreuses ann\u00e9es. Notre \u00e9quipe est toujours pr\u00eate \u00e0 vous aider en cas de besoin d'entretien ou de r\u00e9paration, et nous nous effor\u00e7ons de d\u00e9passer vos attentes dans tous les aspects de notre service.<\/p><p>Chez FredFloris, la durabilit\u00e9 vous va bien et nous sommes l\u00e0 pour veiller \u00e0 ce qu'elle vous aille bien pour le reste de votre vie. Faites-nous confiance pour vous fournir des services d'entretien et de r\u00e9paration exceptionnels qui permettront \u00e0 vos produits FredFloris de conserver leur \u00e9clat, de pr\u00e9server leur \u00e9l\u00e9gance et de les ch\u00e9rir pour les g\u00e9n\u00e9rations \u00e0 venir.<\/p>\t\t\t\t\t\t\t\t<\/div>\n\t\t\t\t<\/div>\n\t\t\t\t\t<\/div>\n\t\t<\/div>\n\t\t\t\t\t<\/div>\n\t\t<\/section>\n\t\t\t\t<\/div>","protected":false},"excerpt":{"rendered":"<p>After-Sale Service At FredFloris, we take pride in crafting high-quality products that are not only stylish and elegant but also sustainable and built to last. We believe that sustainability is not just a passing trend but a lifelong commitment, and we want our customers to enjoy our products for generations to come. Our products are [&hellip;]<\/p>\n","protected":false},"author":1,"featured_media":0,"parent":0,"menu_order":0,"comment_status":"closed","ping_status":"closed","template":"","meta":{"footnotes":""},"class_list":["post-9964","page","type-page","status-publish","hentry"],"yoast_head":"<!-- This site is optimized with the Yoast SEO plugin v27.2 - https:\/\/yoast.com\/product\/yoast-seo-wordpress\/ -->\n<title>Sustainable Leather Care &amp; Repair Services | FredFloris<\/title>\n<meta name=\"description\" content=\"Extend the lifespan of your FredFloris leather products with our expert care &amp; repair services. Trust us for sustainable craftsmanship &amp; exceptional after-sale service.\" \/>\n<meta name=\"robots\" content=\"index, follow, max-snippet:-1, max-image-preview:large, max-video-preview:-1\" \/>\n<link rel=\"canonical\" href=\"https:\/\/fredfloris.eu\/fr\/after-sale\/?wmc-currency=EUR\" \/>\n<meta property=\"og:locale\" content=\"fr_FR\" \/>\n<meta property=\"og:type\" content=\"article\" \/>\n<meta property=\"og:title\" content=\"Sustainable Leather Care &amp; Repair Services | FredFloris\" \/>\n<meta property=\"og:description\" content=\"Extend the lifespan of your FredFloris leather products with our expert care &amp; repair services. Trust us for sustainable craftsmanship &amp; exceptional after-sale service.\" \/>\n<meta property=\"og:url\" content=\"https:\/\/fredfloris.eu\/fr\/after-sale\/?wmc-currency=EUR\" \/>\n<meta property=\"og:site_name\" content=\"FredFloris\" \/>\n<meta property=\"article:publisher\" content=\"https:\/\/www.facebook.com\/FredFloris.Artisan.Studio\/\" \/>\n<meta property=\"article:modified_time\" content=\"2024-04-13T09:00:48+00:00\" \/>\n<meta name=\"twitter:card\" content=\"summary_large_image\" \/>\n<meta name=\"twitter:site\" content=\"@_fredfloris_\" \/>\n<meta name=\"twitter:label1\" content=\"Dur\u00e9e de lecture estim\u00e9e\" \/>\n\t<meta name=\"twitter:data1\" content=\"2 minutes\" \/>\n<script type=\"application\/ld+json\" class=\"yoast-schema-graph\">{\"@context\":\"https:\/\/schema.org\",\"@graph\":[{\"@type\":\"WebPage\",\"@id\":\"https:\/\/fredfloris.eu\/after-sale\/\",\"url\":\"https:\/\/fredfloris.eu\/after-sale\/\",\"name\":\"Sustainable Leather Care & Repair Services | FredFloris\",\"isPartOf\":{\"@id\":\"https:\/\/fredfloris.eu\/#website\"},\"datePublished\":\"2022-08-28T13:18:40+00:00\",\"dateModified\":\"2024-04-13T09:00:48+00:00\",\"description\":\"Extend the lifespan of your FredFloris leather products with our expert care & repair services. Trust us for sustainable craftsmanship & exceptional after-sale service.\",\"breadcrumb\":{\"@id\":\"https:\/\/fredfloris.eu\/after-sale\/#breadcrumb\"},\"inLanguage\":\"fr-FR\",\"potentialAction\":[{\"@type\":\"ReadAction\",\"target\":[\"https:\/\/fredfloris.eu\/after-sale\/\"]}]},{\"@type\":\"BreadcrumbList\",\"@id\":\"https:\/\/fredfloris.eu\/after-sale\/#breadcrumb\",\"itemListElement\":[{\"@type\":\"ListItem\",\"position\":1,\"name\":\"Home\",\"item\":\"https:\/\/fredfloris.eu\/\"},{\"@type\":\"ListItem\",\"position\":2,\"name\":\"After-Sale Service\"}]},{\"@type\":\"WebSite\",\"@id\":\"https:\/\/fredfloris.eu\/#website\",\"url\":\"https:\/\/fredfloris.eu\/\",\"name\":\"FredFloris\",\"description\":\"Handcrafted Leathergoods - Made in Sweden\",\"publisher\":{\"@id\":\"https:\/\/fredfloris.eu\/#organization\"},\"potentialAction\":[{\"@type\":\"SearchAction\",\"target\":{\"@type\":\"EntryPoint\",\"urlTemplate\":\"https:\/\/fredfloris.eu\/?s={search_term_string}\"},\"query-input\":{\"@type\":\"PropertyValueSpecification\",\"valueRequired\":true,\"valueName\":\"search_term_string\"}}],\"inLanguage\":\"fr-FR\"},{\"@type\":\"Organization\",\"@id\":\"https:\/\/fredfloris.eu\/#organization\",\"name\":\"FredFloris\",\"url\":\"https:\/\/fredfloris.eu\/\",\"logo\":{\"@type\":\"ImageObject\",\"inLanguage\":\"fr-FR\",\"@id\":\"https:\/\/fredfloris.eu\/#\/schema\/logo\/image\/\",\"url\":\"https:\/\/fredfloris.eu\/wp-content\/uploads\/2022\/03\/FredFloris-med-hel-nal-och-text.png\",\"contentUrl\":\"https:\/\/fredfloris.eu\/wp-content\/uploads\/2022\/03\/FredFloris-med-hel-nal-och-text.png\",\"width\":591,\"height\":283,\"caption\":\"FredFloris\"},\"image\":{\"@id\":\"https:\/\/fredfloris.eu\/#\/schema\/logo\/image\/\"},\"sameAs\":[\"https:\/\/www.facebook.com\/FredFloris.Artisan.Studio\/\",\"https:\/\/x.com\/_fredfloris_\",\"https:\/\/www.instagram.com\/fredfloris.artisan.studio\/\"]}]}<\/script>\n<!-- \/ Yoast SEO plugin. -->","yoast_head_json":{"title":"Services durables d'entretien et de r\u00e9paration du cuir | FredFloris","description":"Prolongez la dur\u00e9e de vie de vos produits en cuir FredFloris gr\u00e2ce \u00e0 nos services d'entretien et de r\u00e9paration. Faites-nous confiance pour un savoir-faire durable et un service apr\u00e8s-vente exceptionnel.","robots":{"index":"index","follow":"follow","max-snippet":"max-snippet:-1","max-image-preview":"max-image-preview:large","max-video-preview":"max-video-preview:-1"},"canonical":"https:\/\/fredfloris.eu\/fr\/after-sale\/?wmc-currency=EUR","og_locale":"fr_FR","og_type":"article","og_title":"Sustainable Leather Care & Repair Services | FredFloris","og_description":"Extend the lifespan of your FredFloris leather products with our expert care & repair services. Trust us for sustainable craftsmanship & exceptional after-sale service.","og_url":"https:\/\/fredfloris.eu\/fr\/after-sale\/?wmc-currency=EUR","og_site_name":"FredFloris","article_publisher":"https:\/\/www.facebook.com\/FredFloris.Artisan.Studio\/","article_modified_time":"2024-04-13T09:00:48+00:00","twitter_card":"summary_large_image","twitter_site":"@_fredfloris_","twitter_misc":{"Dur\u00e9e de lecture estim\u00e9e":"2 minutes"},"schema":{"@context":"https:\/\/schema.org","@graph":[{"@type":"WebPage","@id":"https:\/\/fredfloris.eu\/after-sale\/","url":"https:\/\/fredfloris.eu\/after-sale\/","name":"Services durables d'entretien et de r\u00e9paration du cuir | FredFloris","isPartOf":{"@id":"https:\/\/fredfloris.eu\/#website"},"datePublished":"2022-08-28T13:18:40+00:00","dateModified":"2024-04-13T09:00:48+00:00","description":"Prolongez la dur\u00e9e de vie de vos produits en cuir FredFloris gr\u00e2ce \u00e0 nos services d'entretien et de r\u00e9paration. Faites-nous confiance pour un savoir-faire durable et un service apr\u00e8s-vente exceptionnel.","breadcrumb":{"@id":"https:\/\/fredfloris.eu\/after-sale\/#breadcrumb"},"inLanguage":"fr-FR","potentialAction":[{"@type":"ReadAction","target":["https:\/\/fredfloris.eu\/after-sale\/"]}]},{"@type":"BreadcrumbList","@id":"https:\/\/fredfloris.eu\/after-sale\/#breadcrumb","itemListElement":[{"@type":"ListItem","position":1,"name":"Home","item":"https:\/\/fredfloris.eu\/"},{"@type":"ListItem","position":2,"name":"After-Sale Service"}]},{"@type":"WebSite","@id":"https:\/\/fredfloris.eu\/#website","url":"https:\/\/fredfloris.eu\/","name":"FredFloris","description":"Maroquinerie artisanale - Fabriqu\u00e9e en Su\u00e8de","publisher":{"@id":"https:\/\/fredfloris.eu\/#organization"},"potentialAction":[{"@type":"SearchAction","target":{"@type":"EntryPoint","urlTemplate":"https:\/\/fredfloris.eu\/?s={search_term_string}"},"query-input":{"@type":"PropertyValueSpecification","valueRequired":true,"valueName":"search_term_string"}}],"inLanguage":"fr-FR"},{"@type":"Organization","@id":"https:\/\/fredfloris.eu\/#organization","name":"FredFloris","url":"https:\/\/fredfloris.eu\/","logo":{"@type":"ImageObject","inLanguage":"fr-FR","@id":"https:\/\/fredfloris.eu\/#\/schema\/logo\/image\/","url":"https:\/\/fredfloris.eu\/wp-content\/uploads\/2022\/03\/FredFloris-med-hel-nal-och-text.png","contentUrl":"https:\/\/fredfloris.eu\/wp-content\/uploads\/2022\/03\/FredFloris-med-hel-nal-och-text.png","width":591,"height":283,"caption":"FredFloris"},"image":{"@id":"https:\/\/fredfloris.eu\/#\/schema\/logo\/image\/"},"sameAs":["https:\/\/www.facebook.com\/FredFloris.Artisan.Studio\/","https:\/\/x.com\/_fredfloris_","https:\/\/www.instagram.com\/fredfloris.artisan.studio\/"]}]}},"_links":{"self":[{"href":"https:\/\/fredfloris.eu\/fr\/wp-json\/wp\/v2\/pages\/9964","targetHints":{"allow":["GET"]}}],"collection":[{"href":"https:\/\/fredfloris.eu\/fr\/wp-json\/wp\/v2\/pages"}],"about":[{"href":"https:\/\/fredfloris.eu\/fr\/wp-json\/wp\/v2\/types\/page"}],"author":[{"embeddable":true,"href":"https:\/\/fredfloris.eu\/fr\/wp-json\/wp\/v2\/users\/1"}],"replies":[{"embeddable":true,"href":"https:\/\/fredfloris.eu\/fr\/wp-json\/wp\/v2\/comments?post=9964"}],"version-history":[{"count":20,"href":"https:\/\/fredfloris.eu\/fr\/wp-json\/wp\/v2\/pages\/9964\/revisions"}],"predecessor-version":[{"id":11045,"href":"https:\/\/fredfloris.eu\/fr\/wp-json\/wp\/v2\/pages\/9964\/revisions\/11045"}],"wp:attachment":[{"href":"https:\/\/fredfloris.eu\/fr\/wp-json\/wp\/v2\/media?parent=9964"}],"curies":[{"name":"wp","href":"https:\/\/api.w.org\/{rel}","templated":true}]}}