{"id":10048,"date":"2022-10-10T17:33:05","date_gmt":"2022-10-10T15:33:05","guid":{"rendered":"https:\/\/fredfloris.eu\/?post_type=product&#038;p=10048"},"modified":"2025-11-11T09:08:15","modified_gmt":"2025-11-11T08:08:15","slug":"red-cedar-hearts-prevent-clothes-moths","status":"publish","type":"product","link":"https:\/\/fredfloris.eu\/fr\/productpage\/red-cedar-hearts-prevent-clothes-moths\/","title":{"rendered":"C\u0153urs de c\u00e8dre rouge - Pr\u00e9venir les mites des v\u00eatements"},"content":{"rendered":"<p><strong>Le prix est pour une bo\u00eete de c\u0153urs de c\u00e8dre, contenant 15 pi\u00e8ces.<\/strong><\/p>\n<p>Traitez vos tricots avec soin gr\u00e2ce \u00e0 nos c\u0153urs de c\u00e8dre rouge. Appr\u00e9ciez le parfum frais qu'ils d\u00e9gagent chaque fois que vous ouvrez votre armoire - un d\u00e9but de journ\u00e9e agr\u00e9able. Ces c\u0153urs en bois prot\u00e8gent efficacement vos v\u00eatements contre les mites, les punaises de lit, les poissons d'argent et autres insectes, pr\u00e9servant ainsi vos v\u00eatements chauds.<\/p>\n<p>Fabriqu\u00e9s en Su\u00e8de, ces c\u0153urs de c\u00e8dre sont indispensables pour pr\u00e9server l'\u00e9tat de votre garde-robe. Placez-les parmi vos articles en laine ou en cachemire, qu'ils soient rang\u00e9s dans les tiroirs ou suspendus dans votre armoire, pour leur assurer une protection optimale.<\/p>\n<p><strong>Mat\u00e9riau :<\/strong> Bois de c\u00e8dre rouge<\/p>\n<p>Ce produit peut \u00e9galement \u00eatre achet\u00e9 dans le cadre de notre programme d'aide \u00e0 la cr\u00e9ation d'entreprise. <a href=\"https:\/\/fredfloris.eu\/fr\/productpage\/cashmere-care-kit\/?wmc-currency=EUR\">Kit de soins<\/a><\/p>\n<p>&nbsp;<\/p>\n<p>Mots cl\u00e9s : Pr\u00e9venir les mites, les punaises de lit, les l\u00e9pismes et les insectes<\/p>","protected":false},"excerpt":{"rendered":"<p>Taille : 30x25x10 mm<\/p>\n<p>SKU : rouge\/car\/ced\/hea<br \/>\nMarque : FredFloris &amp; Partner<\/p>","protected":false},"featured_media":10029,"template":"","meta":[],"pwb-brand":[203],"product_brand":[],"product_cat":[361,362],"product_tag":[380,135],"woo-feed-brand":[],"class_list":{"0":"post-10048","1":"product","2":"type-product","3":"status-publish","4":"has-post-thumbnail","6":"pwb-brand-fredfloris","7":"product_cat-knitwear","8":"product_cat-knitwear-care-products","9":"product_tag-knitwear-care","10":"product_tag-stocked","11":"product_shipping_class-small-goods","13":"first","14":"outofstock","15":"taxable","16":"shipping-taxable","17":"purchasable","18":"product-type-simple"},"yoast_head":"<!-- This site is optimized with the Yoast SEO plugin v27.2 - https:\/\/yoast.com\/product\/yoast-seo-wordpress\/ -->\n<title>Red Cedar Hearts \u2013 Prevent Clothes Moths | FredFloris<\/title>\n<meta name=\"description\" content=\"Our Red Cedar Hearts protects your clothes and prevents moths, bedbugs, silverfish and insects. Place inside the drawers or in your wardrobe.\" \/>\n<meta name=\"robots\" content=\"index, follow, max-snippet:-1, max-image-preview:large, max-video-preview:-1\" \/>\n<link rel=\"canonical\" href=\"https:\/\/fredfloris.eu\/fr\/productpage\/red-cedar-hearts-prevent-clothes-moths\/?wmc-currency=EUR\" \/>\n<meta property=\"og:locale\" content=\"fr_FR\" \/>\n<meta property=\"og:type\" content=\"article\" \/>\n<meta property=\"og:title\" content=\"Red Cedar Hearts \u2013 Prevent Clothes Moths | FredFloris\" \/>\n<meta property=\"og:description\" content=\"Our Red Cedar Hearts protects your clothes and prevents moths, bedbugs, silverfish and insects. Place inside the drawers or in your wardrobe.\" \/>\n<meta property=\"og:url\" content=\"https:\/\/fredfloris.eu\/fr\/productpage\/red-cedar-hearts-prevent-clothes-moths\/?wmc-currency=EUR\" \/>\n<meta property=\"og:site_name\" content=\"FredFloris\" \/>\n<meta property=\"article:publisher\" content=\"https:\/\/www.facebook.com\/FredFloris.Artisan.Studio\/\" \/>\n<meta property=\"article:modified_time\" content=\"2025-11-11T08:08:15+00:00\" \/>\n<meta property=\"og:image\" content=\"https:\/\/fredfloris.eu\/wp-content\/uploads\/2022\/10\/IMG_3404-scaled.jpg\" \/>\n\t<meta property=\"og:image:width\" content=\"2560\" \/>\n\t<meta property=\"og:image:height\" content=\"1707\" \/>\n\t<meta property=\"og:image:type\" content=\"image\/jpeg\" \/>\n<meta name=\"twitter:card\" content=\"summary_large_image\" \/>\n<meta name=\"twitter:site\" content=\"@_fredfloris_\" \/>\n<meta name=\"twitter:label1\" content=\"Dur\u00e9e de lecture estim\u00e9e\" \/>\n\t<meta name=\"twitter:data1\" content=\"1 minute\" \/>\n<script type=\"application\/ld+json\" class=\"yoast-schema-graph\">{\"@context\":\"https:\/\/schema.org\",\"@graph\":[{\"@type\":\"WebPage\",\"@id\":\"https:\/\/fredfloris.eu\/productpage\/red-cedar-hearts-prevent-clothes-moths\/\",\"url\":\"https:\/\/fredfloris.eu\/productpage\/red-cedar-hearts-prevent-clothes-moths\/\",\"name\":\"Red Cedar Hearts \u2013 Prevent Clothes Moths | FredFloris\",\"isPartOf\":{\"@id\":\"https:\/\/fredfloris.eu\/#website\"},\"primaryImageOfPage\":{\"@id\":\"https:\/\/fredfloris.eu\/productpage\/red-cedar-hearts-prevent-clothes-moths\/#primaryimage\"},\"image\":{\"@id\":\"https:\/\/fredfloris.eu\/productpage\/red-cedar-hearts-prevent-clothes-moths\/#primaryimage\"},\"thumbnailUrl\":\"https:\/\/fredfloris.eu\/wp-content\/uploads\/2022\/10\/IMG_3404-scaled.jpg\",\"datePublished\":\"2022-10-10T15:33:05+00:00\",\"dateModified\":\"2025-11-11T08:08:15+00:00\",\"description\":\"Our Red Cedar Hearts protects your clothes and prevents moths, bedbugs, silverfish and insects. Place inside the drawers or in your wardrobe.\",\"breadcrumb\":{\"@id\":\"https:\/\/fredfloris.eu\/productpage\/red-cedar-hearts-prevent-clothes-moths\/#breadcrumb\"},\"inLanguage\":\"fr-FR\",\"potentialAction\":[{\"@type\":\"ReadAction\",\"target\":[\"https:\/\/fredfloris.eu\/productpage\/red-cedar-hearts-prevent-clothes-moths\/\"]}]},{\"@type\":\"ImageObject\",\"inLanguage\":\"fr-FR\",\"@id\":\"https:\/\/fredfloris.eu\/productpage\/red-cedar-hearts-prevent-clothes-moths\/#primaryimage\",\"url\":\"https:\/\/fredfloris.eu\/wp-content\/uploads\/2022\/10\/IMG_3404-scaled.jpg\",\"contentUrl\":\"https:\/\/fredfloris.eu\/wp-content\/uploads\/2022\/10\/IMG_3404-scaled.jpg\",\"width\":2560,\"height\":1707,\"caption\":\"Product: Red Cedar Hearts \u2013 Prevent Clothes Moths\"},{\"@type\":\"BreadcrumbList\",\"@id\":\"https:\/\/fredfloris.eu\/productpage\/red-cedar-hearts-prevent-clothes-moths\/#breadcrumb\",\"itemListElement\":[{\"@type\":\"ListItem\",\"position\":1,\"name\":\"Home\",\"item\":\"https:\/\/fredfloris.eu\/\"},{\"@type\":\"ListItem\",\"position\":2,\"name\":\"Shop\",\"item\":\"https:\/\/fredfloris.eu\/shop\/\"},{\"@type\":\"ListItem\",\"position\":3,\"name\":\"Red Cedar Hearts \u2013 Prevent Clothes Moths\"}]},{\"@type\":\"WebSite\",\"@id\":\"https:\/\/fredfloris.eu\/#website\",\"url\":\"https:\/\/fredfloris.eu\/\",\"name\":\"FredFloris\",\"description\":\"Handcrafted Leathergoods - Made in Sweden\",\"publisher\":{\"@id\":\"https:\/\/fredfloris.eu\/#organization\"},\"potentialAction\":[{\"@type\":\"SearchAction\",\"target\":{\"@type\":\"EntryPoint\",\"urlTemplate\":\"https:\/\/fredfloris.eu\/?s={search_term_string}\"},\"query-input\":{\"@type\":\"PropertyValueSpecification\",\"valueRequired\":true,\"valueName\":\"search_term_string\"}}],\"inLanguage\":\"fr-FR\"},{\"@type\":\"Organization\",\"@id\":\"https:\/\/fredfloris.eu\/#organization\",\"name\":\"FredFloris\",\"url\":\"https:\/\/fredfloris.eu\/\",\"logo\":{\"@type\":\"ImageObject\",\"inLanguage\":\"fr-FR\",\"@id\":\"https:\/\/fredfloris.eu\/#\/schema\/logo\/image\/\",\"url\":\"https:\/\/fredfloris.eu\/wp-content\/uploads\/2022\/03\/FredFloris-med-hel-nal-och-text.png\",\"contentUrl\":\"https:\/\/fredfloris.eu\/wp-content\/uploads\/2022\/03\/FredFloris-med-hel-nal-och-text.png\",\"width\":591,\"height\":283,\"caption\":\"FredFloris\"},\"image\":{\"@id\":\"https:\/\/fredfloris.eu\/#\/schema\/logo\/image\/\"},\"sameAs\":[\"https:\/\/www.facebook.com\/FredFloris.Artisan.Studio\/\",\"https:\/\/x.com\/_fredfloris_\",\"https:\/\/www.instagram.com\/fredfloris.artisan.studio\/\"]}]}<\/script>\n<!-- \/ Yoast SEO plugin. -->","yoast_head_json":{"title":"C\u0153urs de c\u00e8dre rouge - Pr\u00e9venir les mites des v\u00eatements | FredFloris","description":"Nos c\u0153urs en c\u00e8dre rouge prot\u00e8gent vos v\u00eatements et pr\u00e9viennent les mites, les punaises de lit, les poissons d'argent et les insectes. Placez-les \u00e0 l'int\u00e9rieur des tiroirs ou dans votre armoire.","robots":{"index":"index","follow":"follow","max-snippet":"max-snippet:-1","max-image-preview":"max-image-preview:large","max-video-preview":"max-video-preview:-1"},"canonical":"https:\/\/fredfloris.eu\/fr\/productpage\/red-cedar-hearts-prevent-clothes-moths\/?wmc-currency=EUR","og_locale":"fr_FR","og_type":"article","og_title":"Red Cedar Hearts \u2013 Prevent Clothes Moths | FredFloris","og_description":"Our Red Cedar Hearts protects your clothes and prevents moths, bedbugs, silverfish and insects. Place inside the drawers or in your wardrobe.","og_url":"https:\/\/fredfloris.eu\/fr\/productpage\/red-cedar-hearts-prevent-clothes-moths\/?wmc-currency=EUR","og_site_name":"FredFloris","article_publisher":"https:\/\/www.facebook.com\/FredFloris.Artisan.Studio\/","article_modified_time":"2025-11-11T08:08:15+00:00","og_image":[{"width":2560,"height":1707,"url":"https:\/\/fredfloris.eu\/wp-content\/uploads\/2022\/10\/IMG_3404-scaled.jpg","type":"image\/jpeg"}],"twitter_card":"summary_large_image","twitter_site":"@_fredfloris_","twitter_misc":{"Dur\u00e9e de lecture estim\u00e9e":"1 minute"},"schema":{"@context":"https:\/\/schema.org","@graph":[{"@type":"WebPage","@id":"https:\/\/fredfloris.eu\/productpage\/red-cedar-hearts-prevent-clothes-moths\/","url":"https:\/\/fredfloris.eu\/productpage\/red-cedar-hearts-prevent-clothes-moths\/","name":"C\u0153urs de c\u00e8dre rouge - Pr\u00e9venir les mites des v\u00eatements | FredFloris","isPartOf":{"@id":"https:\/\/fredfloris.eu\/#website"},"primaryImageOfPage":{"@id":"https:\/\/fredfloris.eu\/productpage\/red-cedar-hearts-prevent-clothes-moths\/#primaryimage"},"image":{"@id":"https:\/\/fredfloris.eu\/productpage\/red-cedar-hearts-prevent-clothes-moths\/#primaryimage"},"thumbnailUrl":"https:\/\/fredfloris.eu\/wp-content\/uploads\/2022\/10\/IMG_3404-scaled.jpg","datePublished":"2022-10-10T15:33:05+00:00","dateModified":"2025-11-11T08:08:15+00:00","description":"Nos c\u0153urs en c\u00e8dre rouge prot\u00e8gent vos v\u00eatements et pr\u00e9viennent les mites, les punaises de lit, les poissons d'argent et les insectes. Placez-les \u00e0 l'int\u00e9rieur des tiroirs ou dans votre armoire.","breadcrumb":{"@id":"https:\/\/fredfloris.eu\/productpage\/red-cedar-hearts-prevent-clothes-moths\/#breadcrumb"},"inLanguage":"fr-FR","potentialAction":[{"@type":"ReadAction","target":["https:\/\/fredfloris.eu\/productpage\/red-cedar-hearts-prevent-clothes-moths\/"]}]},{"@type":"ImageObject","inLanguage":"fr-FR","@id":"https:\/\/fredfloris.eu\/productpage\/red-cedar-hearts-prevent-clothes-moths\/#primaryimage","url":"https:\/\/fredfloris.eu\/wp-content\/uploads\/2022\/10\/IMG_3404-scaled.jpg","contentUrl":"https:\/\/fredfloris.eu\/wp-content\/uploads\/2022\/10\/IMG_3404-scaled.jpg","width":2560,"height":1707,"caption":"Product: Red Cedar Hearts \u2013 Prevent Clothes Moths"},{"@type":"BreadcrumbList","@id":"https:\/\/fredfloris.eu\/productpage\/red-cedar-hearts-prevent-clothes-moths\/#breadcrumb","itemListElement":[{"@type":"ListItem","position":1,"name":"Home","item":"https:\/\/fredfloris.eu\/"},{"@type":"ListItem","position":2,"name":"Shop","item":"https:\/\/fredfloris.eu\/shop\/"},{"@type":"ListItem","position":3,"name":"Red Cedar Hearts \u2013 Prevent Clothes Moths"}]},{"@type":"WebSite","@id":"https:\/\/fredfloris.eu\/#website","url":"https:\/\/fredfloris.eu\/","name":"FredFloris","description":"Maroquinerie artisanale - Fabriqu\u00e9e en Su\u00e8de","publisher":{"@id":"https:\/\/fredfloris.eu\/#organization"},"potentialAction":[{"@type":"SearchAction","target":{"@type":"EntryPoint","urlTemplate":"https:\/\/fredfloris.eu\/?s={search_term_string}"},"query-input":{"@type":"PropertyValueSpecification","valueRequired":true,"valueName":"search_term_string"}}],"inLanguage":"fr-FR"},{"@type":"Organization","@id":"https:\/\/fredfloris.eu\/#organization","name":"FredFloris","url":"https:\/\/fredfloris.eu\/","logo":{"@type":"ImageObject","inLanguage":"fr-FR","@id":"https:\/\/fredfloris.eu\/#\/schema\/logo\/image\/","url":"https:\/\/fredfloris.eu\/wp-content\/uploads\/2022\/03\/FredFloris-med-hel-nal-och-text.png","contentUrl":"https:\/\/fredfloris.eu\/wp-content\/uploads\/2022\/03\/FredFloris-med-hel-nal-och-text.png","width":591,"height":283,"caption":"FredFloris"},"image":{"@id":"https:\/\/fredfloris.eu\/#\/schema\/logo\/image\/"},"sameAs":["https:\/\/www.facebook.com\/FredFloris.Artisan.Studio\/","https:\/\/x.com\/_fredfloris_","https:\/\/www.instagram.com\/fredfloris.artisan.studio\/"]}]}},"brands":[{"id":203,"name":"FredFloris","slug":"fredfloris"}],"_links":{"self":[{"href":"https:\/\/fredfloris.eu\/fr\/wp-json\/wp\/v2\/product\/10048","targetHints":{"allow":["GET"]}}],"collection":[{"href":"https:\/\/fredfloris.eu\/fr\/wp-json\/wp\/v2\/product"}],"about":[{"href":"https:\/\/fredfloris.eu\/fr\/wp-json\/wp\/v2\/types\/product"}],"version-history":[{"count":7,"href":"https:\/\/fredfloris.eu\/fr\/wp-json\/wp\/v2\/product\/10048\/revisions"}],"predecessor-version":[{"id":11142,"href":"https:\/\/fredfloris.eu\/fr\/wp-json\/wp\/v2\/product\/10048\/revisions\/11142"}],"wp:featuredmedia":[{"embeddable":true,"href":"https:\/\/fredfloris.eu\/fr\/wp-json\/wp\/v2\/media\/10029"}],"wp:attachment":[{"href":"https:\/\/fredfloris.eu\/fr\/wp-json\/wp\/v2\/media?parent=10048"}],"wp:term":[{"taxonomy":"pwb-brand","embeddable":true,"href":"https:\/\/fredfloris.eu\/fr\/wp-json\/wp\/v2\/pwb-brand?post=10048"},{"taxonomy":"product_brand","embeddable":true,"href":"https:\/\/fredfloris.eu\/fr\/wp-json\/wp\/v2\/product_brand?post=10048"},{"taxonomy":"product_cat","embeddable":true,"href":"https:\/\/fredfloris.eu\/fr\/wp-json\/wp\/v2\/product_cat?post=10048"},{"taxonomy":"product_tag","embeddable":true,"href":"https:\/\/fredfloris.eu\/fr\/wp-json\/wp\/v2\/product_tag?post=10048"},{"taxonomy":"woo-feed-brand","embeddable":true,"href":"https:\/\/fredfloris.eu\/fr\/wp-json\/wp\/v2\/woo-feed-brand?post=10048"}],"curies":[{"name":"wp","href":"https:\/\/api.w.org\/{rel}","templated":true}]}}