{"id":10050,"date":"2022-10-10T17:33:02","date_gmt":"2022-10-10T15:33:02","guid":{"rendered":"https:\/\/fredfloris.eu\/?post_type=product&#038;p=10050"},"modified":"2024-07-23T20:05:03","modified_gmt":"2024-07-23T18:05:03","slug":"natural-stain-removing-bile-soap","status":"publish","type":"product","link":"https:\/\/fredfloris.eu\/fr\/productpage\/natural-stain-removing-bile-soap\/","title":{"rendered":"Savon biliaire naturel d\u00e9tachant"},"content":{"rendered":"<p><strong>Ce savon biliaire d\u00e9tachant s'attaque efficacement aux taches d'huile, de graisse, d'herbe et de fruits. Il est dur pour les taches mais doux pour l'environnement.<\/strong><\/p>\n<p>Le savon au fiel est un excellent choix pour les utilisateurs soucieux de l'environnement. Il ne contient que des ingr\u00e9dients naturels, pas de produits chimiques, de parfums ou de conservateurs, et pas de mat\u00e9riaux g\u00e9n\u00e9tiquement modifi\u00e9s. Ce savon est 100% biod\u00e9gradable et certifi\u00e9 \"bon choix environnemental\", ce qui garantit qu'il respecte des normes environnementales \u00e9lev\u00e9es. Le savon contient des huiles de palme provenant de projets de commerce \u00e9quitable au Br\u00e9sil et en R\u00e9publique dominicaine, ce qui garantit qu'il ne contribue pas \u00e0 la d\u00e9forestation.<\/p>\n<p>La dur\u00e9e de conservation du savon est illimit\u00e9e gr\u00e2ce \u00e0 la bile de b\u0153uf contenue dans la formule, qui emp\u00eache la croissance des micro-organismes.<\/p>\n<p><strong>Comment cela fonctionne-t-il ?<\/strong> L'efficacit\u00e9 de ce savon provient de la bile de b\u0153uf, un sous-produit naturel de l'industrie de la viande qui excelle \u00e0 d\u00e9composer les graisses. Aucun animal n'est bless\u00e9 pour la seule production du savon \u00e0 la bile de b\u0153uf.<\/p>\n<p><strong>Sp\u00e9cifications du produit :<\/strong><\/p>\n<ul>\n<li><strong>100% Biod\u00e9gradable<\/strong><\/li>\n<li><strong>Certifi\u00e9 bon choix environnemental<\/strong><\/li>\n<li><strong>Taille :<\/strong> 100g<\/li>\n<li><strong>Fabriqu\u00e9 en Allemagne<\/strong><\/li>\n<li><strong>Ce produit n'est pas test\u00e9 sur les animaux<\/strong><\/li>\n<\/ul>\n<p>&nbsp;<\/p>\n<p>Ce d\u00e9tachant est un choix responsable pour s'attaquer aux taches difficiles tout en prenant soin de la plan\u00e8te.<\/p>\n<p>Ce produit peut \u00e9galement \u00eatre achet\u00e9 dans le cadre de notre programme d'aide \u00e0 la cr\u00e9ation d'entreprise. <a href=\"https:\/\/fredfloris.eu\/fr\/productpage\/cashmere-care-kit\/?wmc-currency=EUR\">Kit de soins<\/a><\/p>\n<p>&nbsp;<\/p>\n<p>Mots cl\u00e9s : D\u00e9tergent doux pour le lavage de la laine, d\u00e9tachant, savon naturel et biologique<\/p>","protected":false},"excerpt":{"rendered":"<p>SKU : mil\/car\/bil<br \/>\nMarque : Galltv\u00e5l Sverige AB<\/p>","protected":false},"featured_media":10020,"template":"","meta":[],"pwb-brand":[],"product_brand":[],"product_cat":[361,362],"product_tag":[380,135],"woo-feed-brand":[],"class_list":{"0":"post-10050","1":"product","2":"type-product","3":"status-publish","4":"has-post-thumbnail","6":"product_cat-knitwear","7":"product_cat-knitwear-care-products","8":"product_tag-knitwear-care","9":"product_tag-stocked","10":"product_shipping_class-midsized-goods","12":"first","13":"instock","14":"taxable","15":"shipping-taxable","16":"purchasable","17":"product-type-simple"},"yoast_head":"<!-- This site is optimized with the Yoast SEO plugin v27.2 - https:\/\/yoast.com\/product\/yoast-seo-wordpress\/ -->\n<title>Natural Stain Removing Bile Soap | FredFloris<\/title>\n<meta name=\"description\" content=\"Our Bile Soap Bar is tough on stains while staying kind on the environment. An organic and natural stain remover soap, used as a wool wash detergent.\" \/>\n<meta name=\"robots\" content=\"index, follow, max-snippet:-1, max-image-preview:large, max-video-preview:-1\" \/>\n<link rel=\"canonical\" href=\"https:\/\/fredfloris.eu\/fr\/productpage\/natural-stain-removing-bile-soap\/?wmc-currency=EUR\" \/>\n<meta property=\"og:locale\" content=\"fr_FR\" \/>\n<meta property=\"og:type\" content=\"article\" \/>\n<meta property=\"og:title\" content=\"Natural Stain Removing Bile Soap | FredFloris\" \/>\n<meta property=\"og:description\" content=\"Our Bile Soap Bar is tough on stains while staying kind on the environment. An organic and natural stain remover soap, used as a wool wash detergent.\" \/>\n<meta property=\"og:url\" content=\"https:\/\/fredfloris.eu\/fr\/productpage\/natural-stain-removing-bile-soap\/?wmc-currency=EUR\" \/>\n<meta property=\"og:site_name\" content=\"FredFloris\" \/>\n<meta property=\"article:publisher\" content=\"https:\/\/www.facebook.com\/FredFloris.Artisan.Studio\/\" \/>\n<meta property=\"article:modified_time\" content=\"2024-07-23T18:05:03+00:00\" \/>\n<meta property=\"og:image\" content=\"https:\/\/fredfloris.eu\/wp-content\/uploads\/2022\/10\/IMG_3617-scaled.jpg\" \/>\n\t<meta property=\"og:image:width\" content=\"2560\" \/>\n\t<meta property=\"og:image:height\" content=\"1707\" \/>\n\t<meta property=\"og:image:type\" content=\"image\/jpeg\" \/>\n<meta name=\"twitter:card\" content=\"summary_large_image\" \/>\n<meta name=\"twitter:site\" content=\"@_fredfloris_\" \/>\n<meta name=\"twitter:label1\" content=\"Dur\u00e9e de lecture estim\u00e9e\" \/>\n\t<meta name=\"twitter:data1\" content=\"2 minutes\" \/>\n<script type=\"application\/ld+json\" class=\"yoast-schema-graph\">{\"@context\":\"https:\/\/schema.org\",\"@graph\":[{\"@type\":\"WebPage\",\"@id\":\"https:\/\/fredfloris.eu\/productpage\/natural-stain-removing-bile-soap\/\",\"url\":\"https:\/\/fredfloris.eu\/productpage\/natural-stain-removing-bile-soap\/\",\"name\":\"Natural Stain Removing Bile Soap | FredFloris\",\"isPartOf\":{\"@id\":\"https:\/\/fredfloris.eu\/#website\"},\"primaryImageOfPage\":{\"@id\":\"https:\/\/fredfloris.eu\/productpage\/natural-stain-removing-bile-soap\/#primaryimage\"},\"image\":{\"@id\":\"https:\/\/fredfloris.eu\/productpage\/natural-stain-removing-bile-soap\/#primaryimage\"},\"thumbnailUrl\":\"https:\/\/fredfloris.eu\/wp-content\/uploads\/2022\/10\/IMG_3617-scaled.jpg\",\"datePublished\":\"2022-10-10T15:33:02+00:00\",\"dateModified\":\"2024-07-23T18:05:03+00:00\",\"description\":\"Our Bile Soap Bar is tough on stains while staying kind on the environment. An organic and natural stain remover soap, used as a wool wash detergent.\",\"breadcrumb\":{\"@id\":\"https:\/\/fredfloris.eu\/productpage\/natural-stain-removing-bile-soap\/#breadcrumb\"},\"inLanguage\":\"fr-FR\",\"potentialAction\":[{\"@type\":\"ReadAction\",\"target\":[\"https:\/\/fredfloris.eu\/productpage\/natural-stain-removing-bile-soap\/\"]}]},{\"@type\":\"ImageObject\",\"inLanguage\":\"fr-FR\",\"@id\":\"https:\/\/fredfloris.eu\/productpage\/natural-stain-removing-bile-soap\/#primaryimage\",\"url\":\"https:\/\/fredfloris.eu\/wp-content\/uploads\/2022\/10\/IMG_3617-scaled.jpg\",\"contentUrl\":\"https:\/\/fredfloris.eu\/wp-content\/uploads\/2022\/10\/IMG_3617-scaled.jpg\",\"width\":2560,\"height\":1707,\"caption\":\"Product: Mild Natural Bile Soap\"},{\"@type\":\"BreadcrumbList\",\"@id\":\"https:\/\/fredfloris.eu\/productpage\/natural-stain-removing-bile-soap\/#breadcrumb\",\"itemListElement\":[{\"@type\":\"ListItem\",\"position\":1,\"name\":\"Home\",\"item\":\"https:\/\/fredfloris.eu\/\"},{\"@type\":\"ListItem\",\"position\":2,\"name\":\"Shop\",\"item\":\"https:\/\/fredfloris.eu\/shop\/\"},{\"@type\":\"ListItem\",\"position\":3,\"name\":\"Natural Stain Removing Bile Soap\"}]},{\"@type\":\"WebSite\",\"@id\":\"https:\/\/fredfloris.eu\/#website\",\"url\":\"https:\/\/fredfloris.eu\/\",\"name\":\"FredFloris\",\"description\":\"Handcrafted Leathergoods - Made in Sweden\",\"publisher\":{\"@id\":\"https:\/\/fredfloris.eu\/#organization\"},\"potentialAction\":[{\"@type\":\"SearchAction\",\"target\":{\"@type\":\"EntryPoint\",\"urlTemplate\":\"https:\/\/fredfloris.eu\/?s={search_term_string}\"},\"query-input\":{\"@type\":\"PropertyValueSpecification\",\"valueRequired\":true,\"valueName\":\"search_term_string\"}}],\"inLanguage\":\"fr-FR\"},{\"@type\":\"Organization\",\"@id\":\"https:\/\/fredfloris.eu\/#organization\",\"name\":\"FredFloris\",\"url\":\"https:\/\/fredfloris.eu\/\",\"logo\":{\"@type\":\"ImageObject\",\"inLanguage\":\"fr-FR\",\"@id\":\"https:\/\/fredfloris.eu\/#\/schema\/logo\/image\/\",\"url\":\"https:\/\/fredfloris.eu\/wp-content\/uploads\/2022\/03\/FredFloris-med-hel-nal-och-text.png\",\"contentUrl\":\"https:\/\/fredfloris.eu\/wp-content\/uploads\/2022\/03\/FredFloris-med-hel-nal-och-text.png\",\"width\":591,\"height\":283,\"caption\":\"FredFloris\"},\"image\":{\"@id\":\"https:\/\/fredfloris.eu\/#\/schema\/logo\/image\/\"},\"sameAs\":[\"https:\/\/www.facebook.com\/FredFloris.Artisan.Studio\/\",\"https:\/\/x.com\/_fredfloris_\",\"https:\/\/www.instagram.com\/fredfloris.artisan.studio\/\"]}]}<\/script>\n<!-- \/ Yoast SEO plugin. -->","yoast_head_json":{"title":"Savon naturel \u00e0 la bile d\u00e9tachante | FredFloris","description":"Notre barre de savon au fiel est efficace contre les taches tout en respectant l'environnement. Un savon d\u00e9tachant biologique et naturel, utilis\u00e9 comme d\u00e9tergent pour le lavage de la laine.","robots":{"index":"index","follow":"follow","max-snippet":"max-snippet:-1","max-image-preview":"max-image-preview:large","max-video-preview":"max-video-preview:-1"},"canonical":"https:\/\/fredfloris.eu\/fr\/productpage\/natural-stain-removing-bile-soap\/?wmc-currency=EUR","og_locale":"fr_FR","og_type":"article","og_title":"Natural Stain Removing Bile Soap | FredFloris","og_description":"Our Bile Soap Bar is tough on stains while staying kind on the environment. An organic and natural stain remover soap, used as a wool wash detergent.","og_url":"https:\/\/fredfloris.eu\/fr\/productpage\/natural-stain-removing-bile-soap\/?wmc-currency=EUR","og_site_name":"FredFloris","article_publisher":"https:\/\/www.facebook.com\/FredFloris.Artisan.Studio\/","article_modified_time":"2024-07-23T18:05:03+00:00","og_image":[{"width":2560,"height":1707,"url":"https:\/\/fredfloris.eu\/wp-content\/uploads\/2022\/10\/IMG_3617-scaled.jpg","type":"image\/jpeg"}],"twitter_card":"summary_large_image","twitter_site":"@_fredfloris_","twitter_misc":{"Dur\u00e9e de lecture estim\u00e9e":"2 minutes"},"schema":{"@context":"https:\/\/schema.org","@graph":[{"@type":"WebPage","@id":"https:\/\/fredfloris.eu\/productpage\/natural-stain-removing-bile-soap\/","url":"https:\/\/fredfloris.eu\/productpage\/natural-stain-removing-bile-soap\/","name":"Savon naturel \u00e0 la bile d\u00e9tachante | FredFloris","isPartOf":{"@id":"https:\/\/fredfloris.eu\/#website"},"primaryImageOfPage":{"@id":"https:\/\/fredfloris.eu\/productpage\/natural-stain-removing-bile-soap\/#primaryimage"},"image":{"@id":"https:\/\/fredfloris.eu\/productpage\/natural-stain-removing-bile-soap\/#primaryimage"},"thumbnailUrl":"https:\/\/fredfloris.eu\/wp-content\/uploads\/2022\/10\/IMG_3617-scaled.jpg","datePublished":"2022-10-10T15:33:02+00:00","dateModified":"2024-07-23T18:05:03+00:00","description":"Notre barre de savon au fiel est efficace contre les taches tout en respectant l'environnement. Un savon d\u00e9tachant biologique et naturel, utilis\u00e9 comme d\u00e9tergent pour le lavage de la laine.","breadcrumb":{"@id":"https:\/\/fredfloris.eu\/productpage\/natural-stain-removing-bile-soap\/#breadcrumb"},"inLanguage":"fr-FR","potentialAction":[{"@type":"ReadAction","target":["https:\/\/fredfloris.eu\/productpage\/natural-stain-removing-bile-soap\/"]}]},{"@type":"ImageObject","inLanguage":"fr-FR","@id":"https:\/\/fredfloris.eu\/productpage\/natural-stain-removing-bile-soap\/#primaryimage","url":"https:\/\/fredfloris.eu\/wp-content\/uploads\/2022\/10\/IMG_3617-scaled.jpg","contentUrl":"https:\/\/fredfloris.eu\/wp-content\/uploads\/2022\/10\/IMG_3617-scaled.jpg","width":2560,"height":1707,"caption":"Product: Mild Natural Bile Soap"},{"@type":"BreadcrumbList","@id":"https:\/\/fredfloris.eu\/productpage\/natural-stain-removing-bile-soap\/#breadcrumb","itemListElement":[{"@type":"ListItem","position":1,"name":"Home","item":"https:\/\/fredfloris.eu\/"},{"@type":"ListItem","position":2,"name":"Shop","item":"https:\/\/fredfloris.eu\/shop\/"},{"@type":"ListItem","position":3,"name":"Natural Stain Removing Bile Soap"}]},{"@type":"WebSite","@id":"https:\/\/fredfloris.eu\/#website","url":"https:\/\/fredfloris.eu\/","name":"FredFloris","description":"Maroquinerie artisanale - Fabriqu\u00e9e en Su\u00e8de","publisher":{"@id":"https:\/\/fredfloris.eu\/#organization"},"potentialAction":[{"@type":"SearchAction","target":{"@type":"EntryPoint","urlTemplate":"https:\/\/fredfloris.eu\/?s={search_term_string}"},"query-input":{"@type":"PropertyValueSpecification","valueRequired":true,"valueName":"search_term_string"}}],"inLanguage":"fr-FR"},{"@type":"Organization","@id":"https:\/\/fredfloris.eu\/#organization","name":"FredFloris","url":"https:\/\/fredfloris.eu\/","logo":{"@type":"ImageObject","inLanguage":"fr-FR","@id":"https:\/\/fredfloris.eu\/#\/schema\/logo\/image\/","url":"https:\/\/fredfloris.eu\/wp-content\/uploads\/2022\/03\/FredFloris-med-hel-nal-och-text.png","contentUrl":"https:\/\/fredfloris.eu\/wp-content\/uploads\/2022\/03\/FredFloris-med-hel-nal-och-text.png","width":591,"height":283,"caption":"FredFloris"},"image":{"@id":"https:\/\/fredfloris.eu\/#\/schema\/logo\/image\/"},"sameAs":["https:\/\/www.facebook.com\/FredFloris.Artisan.Studio\/","https:\/\/x.com\/_fredfloris_","https:\/\/www.instagram.com\/fredfloris.artisan.studio\/"]}]}},"brands":[],"_links":{"self":[{"href":"https:\/\/fredfloris.eu\/fr\/wp-json\/wp\/v2\/product\/10050","targetHints":{"allow":["GET"]}}],"collection":[{"href":"https:\/\/fredfloris.eu\/fr\/wp-json\/wp\/v2\/product"}],"about":[{"href":"https:\/\/fredfloris.eu\/fr\/wp-json\/wp\/v2\/types\/product"}],"version-history":[{"count":13,"href":"https:\/\/fredfloris.eu\/fr\/wp-json\/wp\/v2\/product\/10050\/revisions"}],"predecessor-version":[{"id":11578,"href":"https:\/\/fredfloris.eu\/fr\/wp-json\/wp\/v2\/product\/10050\/revisions\/11578"}],"wp:featuredmedia":[{"embeddable":true,"href":"https:\/\/fredfloris.eu\/fr\/wp-json\/wp\/v2\/media\/10020"}],"wp:attachment":[{"href":"https:\/\/fredfloris.eu\/fr\/wp-json\/wp\/v2\/media?parent=10050"}],"wp:term":[{"taxonomy":"pwb-brand","embeddable":true,"href":"https:\/\/fredfloris.eu\/fr\/wp-json\/wp\/v2\/pwb-brand?post=10050"},{"taxonomy":"product_brand","embeddable":true,"href":"https:\/\/fredfloris.eu\/fr\/wp-json\/wp\/v2\/product_brand?post=10050"},{"taxonomy":"product_cat","embeddable":true,"href":"https:\/\/fredfloris.eu\/fr\/wp-json\/wp\/v2\/product_cat?post=10050"},{"taxonomy":"product_tag","embeddable":true,"href":"https:\/\/fredfloris.eu\/fr\/wp-json\/wp\/v2\/product_tag?post=10050"},{"taxonomy":"woo-feed-brand","embeddable":true,"href":"https:\/\/fredfloris.eu\/fr\/wp-json\/wp\/v2\/woo-feed-brand?post=10050"}],"curies":[{"name":"wp","href":"https:\/\/api.w.org\/{rel}","templated":true}]}}