{"id":10055,"date":"2022-10-10T17:33:00","date_gmt":"2022-10-10T15:33:00","guid":{"rendered":"https:\/\/fredfloris.eu\/?post_type=product&#038;p=10055"},"modified":"2024-10-20T17:31:32","modified_gmt":"2024-10-20T15:31:32","slug":"horse-hair-clothes-brush","status":"publish","type":"product","link":"https:\/\/fredfloris.eu\/fr\/productpage\/horse-hair-clothes-brush\/","title":{"rendered":"Poils de cheval - Brosse \u00e0 v\u00eatements"},"content":{"rendered":"<p><strong>Prendre soin de vos v\u00eatements est aussi important que de prendre soin de vous. Prolongez la dur\u00e9e de vie de votre tricot pr\u00e9f\u00e9r\u00e9 en entretenant correctement la mati\u00e8re et en pr\u00e9servant les fibres. Notre brosse \u00e0 linge fine est une excellente solution pour l'entretien du cachemire, et nous la recommandons vivement pour le nettoyage de vos tricots.<\/strong><\/p>\n<p>Notre brosse est dot\u00e9e de poils de cheval souples et d'un manche verni transparent, magnifiquement fabriqu\u00e9 en bois de h\u00eatre provenant de la For\u00eat-Noire, en Allemagne. Cet outil de haute qualit\u00e9 fait de l'entretien de vos v\u00eatements une exp\u00e9rience tactile et gratifiante. Appr\u00e9ciez le luxe de vos tricots et laissez le tissu se sentir aussi bien que vous le portez.<\/p>\n<p><strong>Sp\u00e9cifications du produit :<\/strong><\/p>\n<ul>\n<li><strong>Mat\u00e9riau :<\/strong> Poil de cheval doux, bois de h\u00eatre verni transparent (origine locale)<\/li>\n<li>Fabriqu\u00e9 en For\u00eat-Noire, Allemagne<\/li>\n<\/ul>\n<p>&nbsp;<\/p>\n<p>La brosse en crin de cheval peut \u00eatre nettoy\u00e9e \u00e0 l'aide d'un peigne en m\u00e9tal ou en bois. Elle peut \u00e9galement \u00eatre lav\u00e9e avec du shampooing. Apr\u00e8s le lavage, suspendez la brosse pour la faire s\u00e9cher. \u00c9vitez de la placer sur des radiateurs ou des appareils similaires pour la faire s\u00e9cher<\/p>\n<p>&nbsp;<\/p>\n<p>Ce produit peut \u00e9galement \u00eatre achet\u00e9 dans le cadre de notre programme d'aide \u00e0 la cr\u00e9ation d'entreprise. <a href=\"https:\/\/fredfloris.eu\/fr\/productpage\/cashmere-care-kit\/?wmc-currency=EUR\">Kit de soins<\/a><\/p>\n<p>&nbsp;<\/p>\n<p>Mot-cl\u00e9 : Brosse en crin de cheval pour tissus et v\u00eatements<\/p>","protected":false},"excerpt":{"rendered":"<p>Taille : 250 x 40 mm<\/p>\n<p>Poids : environ 85 g<\/p>\n<p>&nbsp;<\/p>\n<p>SKU : hor\/car\/bru<br \/>\nMarque : FredFloris &amp; Partner<\/p>","protected":false},"featured_media":10023,"template":"","meta":[],"pwb-brand":[204],"product_brand":[],"product_cat":[361,362],"product_tag":[380,135],"woo-feed-brand":[],"class_list":{"0":"post-10055","1":"product","2":"type-product","3":"status-publish","4":"has-post-thumbnail","6":"pwb-brand-fredfloris-partner","7":"product_cat-knitwear","8":"product_cat-knitwear-care-products","9":"product_tag-knitwear-care","10":"product_tag-stocked","11":"product_shipping_class-small-goods","13":"first","14":"instock","15":"taxable","16":"shipping-taxable","17":"purchasable","18":"product-type-simple"},"yoast_head":"<!-- This site is optimized with the Yoast SEO plugin v27.2 - https:\/\/yoast.com\/product\/yoast-seo-wordpress\/ -->\n<title>Horse Hair - Clothes Brush | FredFloris<\/title>\n<meta name=\"description\" content=\"Looking after your clothing is important. Our high quality Horsehair Clothes Brush helps prevent dirt build-up on fabric and clothing. Made in Germany.\" \/>\n<meta name=\"robots\" content=\"index, follow, max-snippet:-1, max-image-preview:large, max-video-preview:-1\" \/>\n<link rel=\"canonical\" href=\"https:\/\/fredfloris.eu\/fr\/productpage\/horse-hair-clothes-brush\/?wmc-currency=EUR\" \/>\n<meta property=\"og:locale\" content=\"fr_FR\" \/>\n<meta property=\"og:type\" content=\"article\" \/>\n<meta property=\"og:title\" content=\"Horse Hair - Clothes Brush | FredFloris\" \/>\n<meta property=\"og:description\" content=\"Looking after your clothing is important. Our high quality Horsehair Clothes Brush helps prevent dirt build-up on fabric and clothing. Made in Germany.\" \/>\n<meta property=\"og:url\" content=\"https:\/\/fredfloris.eu\/fr\/productpage\/horse-hair-clothes-brush\/?wmc-currency=EUR\" \/>\n<meta property=\"og:site_name\" content=\"FredFloris\" \/>\n<meta property=\"article:publisher\" content=\"https:\/\/www.facebook.com\/FredFloris.Artisan.Studio\/\" \/>\n<meta property=\"article:modified_time\" content=\"2024-10-20T15:31:32+00:00\" \/>\n<meta property=\"og:image\" content=\"https:\/\/fredfloris.eu\/wp-content\/uploads\/2022\/10\/IMG_3419-scaled.jpg\" \/>\n\t<meta property=\"og:image:width\" content=\"2560\" \/>\n\t<meta property=\"og:image:height\" content=\"1707\" \/>\n\t<meta property=\"og:image:type\" content=\"image\/jpeg\" \/>\n<meta name=\"twitter:card\" content=\"summary_large_image\" \/>\n<meta name=\"twitter:site\" content=\"@_fredfloris_\" \/>\n<meta name=\"twitter:label1\" content=\"Dur\u00e9e de lecture estim\u00e9e\" \/>\n\t<meta name=\"twitter:data1\" content=\"1 minute\" \/>\n<script type=\"application\/ld+json\" class=\"yoast-schema-graph\">{\"@context\":\"https:\/\/schema.org\",\"@graph\":[{\"@type\":\"WebPage\",\"@id\":\"https:\/\/fredfloris.eu\/productpage\/horse-hair-clothes-brush\/\",\"url\":\"https:\/\/fredfloris.eu\/productpage\/horse-hair-clothes-brush\/\",\"name\":\"Horse Hair - Clothes Brush | FredFloris\",\"isPartOf\":{\"@id\":\"https:\/\/fredfloris.eu\/#website\"},\"primaryImageOfPage\":{\"@id\":\"https:\/\/fredfloris.eu\/productpage\/horse-hair-clothes-brush\/#primaryimage\"},\"image\":{\"@id\":\"https:\/\/fredfloris.eu\/productpage\/horse-hair-clothes-brush\/#primaryimage\"},\"thumbnailUrl\":\"https:\/\/fredfloris.eu\/wp-content\/uploads\/2022\/10\/IMG_3419-scaled.jpg\",\"datePublished\":\"2022-10-10T15:33:00+00:00\",\"dateModified\":\"2024-10-20T15:31:32+00:00\",\"description\":\"Looking after your clothing is important. Our high quality Horsehair Clothes Brush helps prevent dirt build-up on fabric and clothing. Made in Germany.\",\"breadcrumb\":{\"@id\":\"https:\/\/fredfloris.eu\/productpage\/horse-hair-clothes-brush\/#breadcrumb\"},\"inLanguage\":\"fr-FR\",\"potentialAction\":[{\"@type\":\"ReadAction\",\"target\":[\"https:\/\/fredfloris.eu\/productpage\/horse-hair-clothes-brush\/\"]}]},{\"@type\":\"ImageObject\",\"inLanguage\":\"fr-FR\",\"@id\":\"https:\/\/fredfloris.eu\/productpage\/horse-hair-clothes-brush\/#primaryimage\",\"url\":\"https:\/\/fredfloris.eu\/wp-content\/uploads\/2022\/10\/IMG_3419-scaled.jpg\",\"contentUrl\":\"https:\/\/fredfloris.eu\/wp-content\/uploads\/2022\/10\/IMG_3419-scaled.jpg\",\"width\":2560,\"height\":1707,\"caption\":\"Product: Clothes Brush\"},{\"@type\":\"BreadcrumbList\",\"@id\":\"https:\/\/fredfloris.eu\/productpage\/horse-hair-clothes-brush\/#breadcrumb\",\"itemListElement\":[{\"@type\":\"ListItem\",\"position\":1,\"name\":\"Home\",\"item\":\"https:\/\/fredfloris.eu\/\"},{\"@type\":\"ListItem\",\"position\":2,\"name\":\"Shop\",\"item\":\"https:\/\/fredfloris.eu\/shop\/\"},{\"@type\":\"ListItem\",\"position\":3,\"name\":\"Horse Hair &#8211; Clothes Brush\"}]},{\"@type\":\"WebSite\",\"@id\":\"https:\/\/fredfloris.eu\/#website\",\"url\":\"https:\/\/fredfloris.eu\/\",\"name\":\"FredFloris\",\"description\":\"Handcrafted Leathergoods - Made in Sweden\",\"publisher\":{\"@id\":\"https:\/\/fredfloris.eu\/#organization\"},\"potentialAction\":[{\"@type\":\"SearchAction\",\"target\":{\"@type\":\"EntryPoint\",\"urlTemplate\":\"https:\/\/fredfloris.eu\/?s={search_term_string}\"},\"query-input\":{\"@type\":\"PropertyValueSpecification\",\"valueRequired\":true,\"valueName\":\"search_term_string\"}}],\"inLanguage\":\"fr-FR\"},{\"@type\":\"Organization\",\"@id\":\"https:\/\/fredfloris.eu\/#organization\",\"name\":\"FredFloris\",\"url\":\"https:\/\/fredfloris.eu\/\",\"logo\":{\"@type\":\"ImageObject\",\"inLanguage\":\"fr-FR\",\"@id\":\"https:\/\/fredfloris.eu\/#\/schema\/logo\/image\/\",\"url\":\"https:\/\/fredfloris.eu\/wp-content\/uploads\/2022\/03\/FredFloris-med-hel-nal-och-text.png\",\"contentUrl\":\"https:\/\/fredfloris.eu\/wp-content\/uploads\/2022\/03\/FredFloris-med-hel-nal-och-text.png\",\"width\":591,\"height\":283,\"caption\":\"FredFloris\"},\"image\":{\"@id\":\"https:\/\/fredfloris.eu\/#\/schema\/logo\/image\/\"},\"sameAs\":[\"https:\/\/www.facebook.com\/FredFloris.Artisan.Studio\/\",\"https:\/\/x.com\/_fredfloris_\",\"https:\/\/www.instagram.com\/fredfloris.artisan.studio\/\"]}]}<\/script>\n<!-- \/ Yoast SEO plugin. -->","yoast_head_json":{"title":"Poils de cheval - Brosse \u00e0 linge | FredFloris","description":"Il est important de prendre soin de vos v\u00eatements. Notre brosse \u00e0 v\u00eatements en crin de cheval de haute qualit\u00e9 aide \u00e0 pr\u00e9venir l'accumulation de salet\u00e9 sur les tissus et les v\u00eatements. Fabriqu\u00e9e en Allemagne.","robots":{"index":"index","follow":"follow","max-snippet":"max-snippet:-1","max-image-preview":"max-image-preview:large","max-video-preview":"max-video-preview:-1"},"canonical":"https:\/\/fredfloris.eu\/fr\/productpage\/horse-hair-clothes-brush\/?wmc-currency=EUR","og_locale":"fr_FR","og_type":"article","og_title":"Horse Hair - Clothes Brush | FredFloris","og_description":"Looking after your clothing is important. Our high quality Horsehair Clothes Brush helps prevent dirt build-up on fabric and clothing. Made in Germany.","og_url":"https:\/\/fredfloris.eu\/fr\/productpage\/horse-hair-clothes-brush\/?wmc-currency=EUR","og_site_name":"FredFloris","article_publisher":"https:\/\/www.facebook.com\/FredFloris.Artisan.Studio\/","article_modified_time":"2024-10-20T15:31:32+00:00","og_image":[{"width":2560,"height":1707,"url":"https:\/\/fredfloris.eu\/wp-content\/uploads\/2022\/10\/IMG_3419-scaled.jpg","type":"image\/jpeg"}],"twitter_card":"summary_large_image","twitter_site":"@_fredfloris_","twitter_misc":{"Dur\u00e9e de lecture estim\u00e9e":"1 minute"},"schema":{"@context":"https:\/\/schema.org","@graph":[{"@type":"WebPage","@id":"https:\/\/fredfloris.eu\/productpage\/horse-hair-clothes-brush\/","url":"https:\/\/fredfloris.eu\/productpage\/horse-hair-clothes-brush\/","name":"Poils de cheval - Brosse \u00e0 linge | FredFloris","isPartOf":{"@id":"https:\/\/fredfloris.eu\/#website"},"primaryImageOfPage":{"@id":"https:\/\/fredfloris.eu\/productpage\/horse-hair-clothes-brush\/#primaryimage"},"image":{"@id":"https:\/\/fredfloris.eu\/productpage\/horse-hair-clothes-brush\/#primaryimage"},"thumbnailUrl":"https:\/\/fredfloris.eu\/wp-content\/uploads\/2022\/10\/IMG_3419-scaled.jpg","datePublished":"2022-10-10T15:33:00+00:00","dateModified":"2024-10-20T15:31:32+00:00","description":"Il est important de prendre soin de vos v\u00eatements. Notre brosse \u00e0 v\u00eatements en crin de cheval de haute qualit\u00e9 aide \u00e0 pr\u00e9venir l'accumulation de salet\u00e9 sur les tissus et les v\u00eatements. Fabriqu\u00e9e en Allemagne.","breadcrumb":{"@id":"https:\/\/fredfloris.eu\/productpage\/horse-hair-clothes-brush\/#breadcrumb"},"inLanguage":"fr-FR","potentialAction":[{"@type":"ReadAction","target":["https:\/\/fredfloris.eu\/productpage\/horse-hair-clothes-brush\/"]}]},{"@type":"ImageObject","inLanguage":"fr-FR","@id":"https:\/\/fredfloris.eu\/productpage\/horse-hair-clothes-brush\/#primaryimage","url":"https:\/\/fredfloris.eu\/wp-content\/uploads\/2022\/10\/IMG_3419-scaled.jpg","contentUrl":"https:\/\/fredfloris.eu\/wp-content\/uploads\/2022\/10\/IMG_3419-scaled.jpg","width":2560,"height":1707,"caption":"Product: Clothes Brush"},{"@type":"BreadcrumbList","@id":"https:\/\/fredfloris.eu\/productpage\/horse-hair-clothes-brush\/#breadcrumb","itemListElement":[{"@type":"ListItem","position":1,"name":"Home","item":"https:\/\/fredfloris.eu\/"},{"@type":"ListItem","position":2,"name":"Shop","item":"https:\/\/fredfloris.eu\/shop\/"},{"@type":"ListItem","position":3,"name":"Horse Hair &#8211; Clothes Brush"}]},{"@type":"WebSite","@id":"https:\/\/fredfloris.eu\/#website","url":"https:\/\/fredfloris.eu\/","name":"FredFloris","description":"Maroquinerie artisanale - Fabriqu\u00e9e en Su\u00e8de","publisher":{"@id":"https:\/\/fredfloris.eu\/#organization"},"potentialAction":[{"@type":"SearchAction","target":{"@type":"EntryPoint","urlTemplate":"https:\/\/fredfloris.eu\/?s={search_term_string}"},"query-input":{"@type":"PropertyValueSpecification","valueRequired":true,"valueName":"search_term_string"}}],"inLanguage":"fr-FR"},{"@type":"Organization","@id":"https:\/\/fredfloris.eu\/#organization","name":"FredFloris","url":"https:\/\/fredfloris.eu\/","logo":{"@type":"ImageObject","inLanguage":"fr-FR","@id":"https:\/\/fredfloris.eu\/#\/schema\/logo\/image\/","url":"https:\/\/fredfloris.eu\/wp-content\/uploads\/2022\/03\/FredFloris-med-hel-nal-och-text.png","contentUrl":"https:\/\/fredfloris.eu\/wp-content\/uploads\/2022\/03\/FredFloris-med-hel-nal-och-text.png","width":591,"height":283,"caption":"FredFloris"},"image":{"@id":"https:\/\/fredfloris.eu\/#\/schema\/logo\/image\/"},"sameAs":["https:\/\/www.facebook.com\/FredFloris.Artisan.Studio\/","https:\/\/x.com\/_fredfloris_","https:\/\/www.instagram.com\/fredfloris.artisan.studio\/"]}]}},"brands":[{"id":204,"name":"FredFloris &amp; Partner","slug":"fredfloris-partner"}],"_links":{"self":[{"href":"https:\/\/fredfloris.eu\/fr\/wp-json\/wp\/v2\/product\/10055","targetHints":{"allow":["GET"]}}],"collection":[{"href":"https:\/\/fredfloris.eu\/fr\/wp-json\/wp\/v2\/product"}],"about":[{"href":"https:\/\/fredfloris.eu\/fr\/wp-json\/wp\/v2\/types\/product"}],"version-history":[{"count":9,"href":"https:\/\/fredfloris.eu\/fr\/wp-json\/wp\/v2\/product\/10055\/revisions"}],"predecessor-version":[{"id":11524,"href":"https:\/\/fredfloris.eu\/fr\/wp-json\/wp\/v2\/product\/10055\/revisions\/11524"}],"wp:featuredmedia":[{"embeddable":true,"href":"https:\/\/fredfloris.eu\/fr\/wp-json\/wp\/v2\/media\/10023"}],"wp:attachment":[{"href":"https:\/\/fredfloris.eu\/fr\/wp-json\/wp\/v2\/media?parent=10055"}],"wp:term":[{"taxonomy":"pwb-brand","embeddable":true,"href":"https:\/\/fredfloris.eu\/fr\/wp-json\/wp\/v2\/pwb-brand?post=10055"},{"taxonomy":"product_brand","embeddable":true,"href":"https:\/\/fredfloris.eu\/fr\/wp-json\/wp\/v2\/product_brand?post=10055"},{"taxonomy":"product_cat","embeddable":true,"href":"https:\/\/fredfloris.eu\/fr\/wp-json\/wp\/v2\/product_cat?post=10055"},{"taxonomy":"product_tag","embeddable":true,"href":"https:\/\/fredfloris.eu\/fr\/wp-json\/wp\/v2\/product_tag?post=10055"},{"taxonomy":"woo-feed-brand","embeddable":true,"href":"https:\/\/fredfloris.eu\/fr\/wp-json\/wp\/v2\/woo-feed-brand?post=10055"}],"curies":[{"name":"wp","href":"https:\/\/api.w.org\/{rel}","templated":true}]}}