{"id":10059,"date":"2022-10-10T17:37:30","date_gmt":"2022-10-10T15:37:30","guid":{"rendered":"https:\/\/fredfloris.eu\/?post_type=product&#038;p=10059"},"modified":"2025-11-11T09:09:14","modified_gmt":"2025-11-11T08:09:14","slug":"cashmere-care-kit","status":"publish","type":"product","link":"https:\/\/fredfloris.eu\/fr\/productpage\/cashmere-care-kit\/","title":{"rendered":"Kit de soin du cachemire"},"content":{"rendered":"<p>Prendre soin de ses v\u00eatements, c'est aussi prendre soin de soi.<\/p>\n<p>Nos produits d'entretien pour v\u00eatements prolongent la dur\u00e9e de vie de vos tricots pr\u00e9f\u00e9r\u00e9s pour qu'ils deviennent des articles \u00e0 vie.<\/p>\n<p>\u00c9conomisez plus de 10% du prix r\u00e9gulier en achetant ce kit.<\/p>\n<p><strong>Ce kit comprend\u00a0<\/strong><\/p>\n<ul>\n<li><a href=\"https:\/\/fredfloris.eu\/fr\/productpage\/cashmere-wool-spray\/?wmc-currency=EUR\">Notre spray pour le cachemire et la laine<\/a> - \u00c9limine les odeurs et la salet\u00e9 entre les lavages<\/li>\n<li><a href=\"https:\/\/fredfloris.eu\/fr\/productpage\/horse-hair-clothes-brush\/?wmc-currency=EUR\">Notre brosse \u00e0 v\u00eatements en crin de cheval<\/a> - Aide \u00e0 pr\u00e9venir l'accumulation de salet\u00e9s<\/li>\n<li><a href=\"https:\/\/fredfloris.eu\/fr\/productpage\/red-cedar-hearts-prevent-clothes-moths\/?wmc-currency=EUR\">Nos c\u0153urs en c\u00e8dre rouge<\/a> - D\u00e9tourne les mites et autres nuisibles<\/li>\n<li><a href=\"https:\/\/fredfloris.eu\/fr\/productpage\/natural-stain-removing-bile-soap\/?wmc-currency=EUR\">Notre savon \u00e0 la bile<\/a> - R\u00e9siste aux taches tout en respectant l'environnement<\/li>\n<\/ul>\n<p>&nbsp;<\/p>\n<p>Nous vous recommandons \u00e9galement d'ajouter \u00e0 ce kit un peigne en cachemire ou un rasoir \u00e9lectrique et un fer \u00e0 repasser \u00e0 vapeur. Bien que nous ne vendions pas ces articles nous-m\u00eames, ils sont facilement disponibles dans les magasins d'\u00e9lectronique locaux.<\/p>\n<p>&nbsp;<\/p>\n<p>Mot-cl\u00e9 : savon naturel, lessive pour laine, pr\u00e9vention des mites, punaises de lit, l\u00e9pismes et insectes.<\/p>","protected":false},"excerpt":{"rendered":"<p>SKU : cas\/car\/kit<\/p>","protected":false},"featured_media":10018,"template":"","meta":[],"pwb-brand":[204],"product_brand":[],"product_cat":[361,362],"product_tag":[380,135],"woo-feed-brand":[],"class_list":{"0":"post-10059","1":"product","2":"type-product","3":"status-publish","4":"has-post-thumbnail","6":"pwb-brand-fredfloris-partner","7":"product_cat-knitwear","8":"product_cat-knitwear-care-products","9":"product_tag-knitwear-care","10":"product_tag-stocked","11":"product_shipping_class-large-goods","13":"first","14":"outofstock","15":"taxable","16":"shipping-taxable","17":"purchasable","18":"product-type-simple"},"yoast_head":"<!-- This site is optimized with the Yoast SEO plugin v27.2 - https:\/\/yoast.com\/product\/yoast-seo-wordpress\/ -->\n<title>Cashmere Care Kit | FredFloris<\/title>\n<meta name=\"description\" content=\"Our Cashmer care kit includes are own Cashmere\/Wool spray, a horsehair clothes brush, Red ceder - used to prevent clothes mothes and our bile soap.\" \/>\n<meta name=\"robots\" content=\"index, follow, max-snippet:-1, max-image-preview:large, max-video-preview:-1\" \/>\n<link rel=\"canonical\" href=\"https:\/\/fredfloris.eu\/fr\/productpage\/cashmere-care-kit\/?wmc-currency=EUR\" \/>\n<meta property=\"og:locale\" content=\"fr_FR\" \/>\n<meta property=\"og:type\" content=\"article\" \/>\n<meta property=\"og:title\" content=\"Cashmere Care Kit | FredFloris\" \/>\n<meta property=\"og:description\" content=\"Our Cashmer care kit includes are own Cashmere\/Wool spray, a horsehair clothes brush, Red ceder - used to prevent clothes mothes and our bile soap.\" \/>\n<meta property=\"og:url\" content=\"https:\/\/fredfloris.eu\/fr\/productpage\/cashmere-care-kit\/?wmc-currency=EUR\" \/>\n<meta property=\"og:site_name\" content=\"FredFloris\" \/>\n<meta property=\"article:publisher\" content=\"https:\/\/www.facebook.com\/FredFloris.Artisan.Studio\/\" \/>\n<meta property=\"article:modified_time\" content=\"2025-11-11T08:09:14+00:00\" \/>\n<meta property=\"og:image\" content=\"https:\/\/fredfloris.eu\/wp-content\/uploads\/2022\/10\/IMG_3653-scaled.jpg\" \/>\n\t<meta property=\"og:image:width\" content=\"2560\" \/>\n\t<meta property=\"og:image:height\" content=\"1707\" \/>\n\t<meta property=\"og:image:type\" content=\"image\/jpeg\" \/>\n<meta name=\"twitter:card\" content=\"summary_large_image\" \/>\n<meta name=\"twitter:site\" content=\"@_fredfloris_\" \/>\n<meta name=\"twitter:label1\" content=\"Dur\u00e9e de lecture estim\u00e9e\" \/>\n\t<meta name=\"twitter:data1\" content=\"1 minute\" \/>\n<script type=\"application\/ld+json\" class=\"yoast-schema-graph\">{\"@context\":\"https:\/\/schema.org\",\"@graph\":[{\"@type\":\"WebPage\",\"@id\":\"https:\/\/fredfloris.eu\/productpage\/cashmere-care-kit\/\",\"url\":\"https:\/\/fredfloris.eu\/productpage\/cashmere-care-kit\/\",\"name\":\"Cashmere Care Kit | FredFloris\",\"isPartOf\":{\"@id\":\"https:\/\/fredfloris.eu\/#website\"},\"primaryImageOfPage\":{\"@id\":\"https:\/\/fredfloris.eu\/productpage\/cashmere-care-kit\/#primaryimage\"},\"image\":{\"@id\":\"https:\/\/fredfloris.eu\/productpage\/cashmere-care-kit\/#primaryimage\"},\"thumbnailUrl\":\"https:\/\/fredfloris.eu\/wp-content\/uploads\/2022\/10\/IMG_3653-scaled.jpg\",\"datePublished\":\"2022-10-10T15:37:30+00:00\",\"dateModified\":\"2025-11-11T08:09:14+00:00\",\"description\":\"Our Cashmer care kit includes are own Cashmere\/Wool spray, a horsehair clothes brush, Red ceder - used to prevent clothes mothes and our bile soap.\",\"breadcrumb\":{\"@id\":\"https:\/\/fredfloris.eu\/productpage\/cashmere-care-kit\/#breadcrumb\"},\"inLanguage\":\"fr-FR\",\"potentialAction\":[{\"@type\":\"ReadAction\",\"target\":[\"https:\/\/fredfloris.eu\/productpage\/cashmere-care-kit\/\"]}]},{\"@type\":\"ImageObject\",\"inLanguage\":\"fr-FR\",\"@id\":\"https:\/\/fredfloris.eu\/productpage\/cashmere-care-kit\/#primaryimage\",\"url\":\"https:\/\/fredfloris.eu\/wp-content\/uploads\/2022\/10\/IMG_3653-scaled.jpg\",\"contentUrl\":\"https:\/\/fredfloris.eu\/wp-content\/uploads\/2022\/10\/IMG_3653-scaled.jpg\",\"width\":2560,\"height\":1707,\"caption\":\"Product: Clothes Brush, Red Cedar Hearts, Mild Natural Bile Soap, Cashmere \/ Wool spray\"},{\"@type\":\"BreadcrumbList\",\"@id\":\"https:\/\/fredfloris.eu\/productpage\/cashmere-care-kit\/#breadcrumb\",\"itemListElement\":[{\"@type\":\"ListItem\",\"position\":1,\"name\":\"Home\",\"item\":\"https:\/\/fredfloris.eu\/\"},{\"@type\":\"ListItem\",\"position\":2,\"name\":\"Shop\",\"item\":\"https:\/\/fredfloris.eu\/shop\/\"},{\"@type\":\"ListItem\",\"position\":3,\"name\":\"Cashmere Care Kit\"}]},{\"@type\":\"WebSite\",\"@id\":\"https:\/\/fredfloris.eu\/#website\",\"url\":\"https:\/\/fredfloris.eu\/\",\"name\":\"FredFloris\",\"description\":\"Handcrafted Leathergoods - Made in Sweden\",\"publisher\":{\"@id\":\"https:\/\/fredfloris.eu\/#organization\"},\"potentialAction\":[{\"@type\":\"SearchAction\",\"target\":{\"@type\":\"EntryPoint\",\"urlTemplate\":\"https:\/\/fredfloris.eu\/?s={search_term_string}\"},\"query-input\":{\"@type\":\"PropertyValueSpecification\",\"valueRequired\":true,\"valueName\":\"search_term_string\"}}],\"inLanguage\":\"fr-FR\"},{\"@type\":\"Organization\",\"@id\":\"https:\/\/fredfloris.eu\/#organization\",\"name\":\"FredFloris\",\"url\":\"https:\/\/fredfloris.eu\/\",\"logo\":{\"@type\":\"ImageObject\",\"inLanguage\":\"fr-FR\",\"@id\":\"https:\/\/fredfloris.eu\/#\/schema\/logo\/image\/\",\"url\":\"https:\/\/fredfloris.eu\/wp-content\/uploads\/2022\/03\/FredFloris-med-hel-nal-och-text.png\",\"contentUrl\":\"https:\/\/fredfloris.eu\/wp-content\/uploads\/2022\/03\/FredFloris-med-hel-nal-och-text.png\",\"width\":591,\"height\":283,\"caption\":\"FredFloris\"},\"image\":{\"@id\":\"https:\/\/fredfloris.eu\/#\/schema\/logo\/image\/\"},\"sameAs\":[\"https:\/\/www.facebook.com\/FredFloris.Artisan.Studio\/\",\"https:\/\/x.com\/_fredfloris_\",\"https:\/\/www.instagram.com\/fredfloris.artisan.studio\/\"]}]}<\/script>\n<!-- \/ Yoast SEO plugin. -->","yoast_head_json":{"title":"Kit de soins pour cachemire | FredFloris","description":"Notre kit de soin Cashmer comprend notre propre spray Cashmere\/Laine, une brosse \u00e0 v\u00eatements en crin de cheval, du ceder rouge - utilis\u00e9 pour pr\u00e9venir les mites des v\u00eatements - et notre savon \u00e0 la bile.","robots":{"index":"index","follow":"follow","max-snippet":"max-snippet:-1","max-image-preview":"max-image-preview:large","max-video-preview":"max-video-preview:-1"},"canonical":"https:\/\/fredfloris.eu\/fr\/productpage\/cashmere-care-kit\/?wmc-currency=EUR","og_locale":"fr_FR","og_type":"article","og_title":"Cashmere Care Kit | FredFloris","og_description":"Our Cashmer care kit includes are own Cashmere\/Wool spray, a horsehair clothes brush, Red ceder - used to prevent clothes mothes and our bile soap.","og_url":"https:\/\/fredfloris.eu\/fr\/productpage\/cashmere-care-kit\/?wmc-currency=EUR","og_site_name":"FredFloris","article_publisher":"https:\/\/www.facebook.com\/FredFloris.Artisan.Studio\/","article_modified_time":"2025-11-11T08:09:14+00:00","og_image":[{"width":2560,"height":1707,"url":"https:\/\/fredfloris.eu\/wp-content\/uploads\/2022\/10\/IMG_3653-scaled.jpg","type":"image\/jpeg"}],"twitter_card":"summary_large_image","twitter_site":"@_fredfloris_","twitter_misc":{"Dur\u00e9e de lecture estim\u00e9e":"1 minute"},"schema":{"@context":"https:\/\/schema.org","@graph":[{"@type":"WebPage","@id":"https:\/\/fredfloris.eu\/productpage\/cashmere-care-kit\/","url":"https:\/\/fredfloris.eu\/productpage\/cashmere-care-kit\/","name":"Kit de soins pour cachemire | FredFloris","isPartOf":{"@id":"https:\/\/fredfloris.eu\/#website"},"primaryImageOfPage":{"@id":"https:\/\/fredfloris.eu\/productpage\/cashmere-care-kit\/#primaryimage"},"image":{"@id":"https:\/\/fredfloris.eu\/productpage\/cashmere-care-kit\/#primaryimage"},"thumbnailUrl":"https:\/\/fredfloris.eu\/wp-content\/uploads\/2022\/10\/IMG_3653-scaled.jpg","datePublished":"2022-10-10T15:37:30+00:00","dateModified":"2025-11-11T08:09:14+00:00","description":"Notre kit de soin Cashmer comprend notre propre spray Cashmere\/Laine, une brosse \u00e0 v\u00eatements en crin de cheval, du ceder rouge - utilis\u00e9 pour pr\u00e9venir les mites des v\u00eatements - et notre savon \u00e0 la bile.","breadcrumb":{"@id":"https:\/\/fredfloris.eu\/productpage\/cashmere-care-kit\/#breadcrumb"},"inLanguage":"fr-FR","potentialAction":[{"@type":"ReadAction","target":["https:\/\/fredfloris.eu\/productpage\/cashmere-care-kit\/"]}]},{"@type":"ImageObject","inLanguage":"fr-FR","@id":"https:\/\/fredfloris.eu\/productpage\/cashmere-care-kit\/#primaryimage","url":"https:\/\/fredfloris.eu\/wp-content\/uploads\/2022\/10\/IMG_3653-scaled.jpg","contentUrl":"https:\/\/fredfloris.eu\/wp-content\/uploads\/2022\/10\/IMG_3653-scaled.jpg","width":2560,"height":1707,"caption":"Product: Clothes Brush, Red Cedar Hearts, Mild Natural Bile Soap, Cashmere \/ Wool spray"},{"@type":"BreadcrumbList","@id":"https:\/\/fredfloris.eu\/productpage\/cashmere-care-kit\/#breadcrumb","itemListElement":[{"@type":"ListItem","position":1,"name":"Home","item":"https:\/\/fredfloris.eu\/"},{"@type":"ListItem","position":2,"name":"Shop","item":"https:\/\/fredfloris.eu\/shop\/"},{"@type":"ListItem","position":3,"name":"Cashmere Care Kit"}]},{"@type":"WebSite","@id":"https:\/\/fredfloris.eu\/#website","url":"https:\/\/fredfloris.eu\/","name":"FredFloris","description":"Maroquinerie artisanale - Fabriqu\u00e9e en Su\u00e8de","publisher":{"@id":"https:\/\/fredfloris.eu\/#organization"},"potentialAction":[{"@type":"SearchAction","target":{"@type":"EntryPoint","urlTemplate":"https:\/\/fredfloris.eu\/?s={search_term_string}"},"query-input":{"@type":"PropertyValueSpecification","valueRequired":true,"valueName":"search_term_string"}}],"inLanguage":"fr-FR"},{"@type":"Organization","@id":"https:\/\/fredfloris.eu\/#organization","name":"FredFloris","url":"https:\/\/fredfloris.eu\/","logo":{"@type":"ImageObject","inLanguage":"fr-FR","@id":"https:\/\/fredfloris.eu\/#\/schema\/logo\/image\/","url":"https:\/\/fredfloris.eu\/wp-content\/uploads\/2022\/03\/FredFloris-med-hel-nal-och-text.png","contentUrl":"https:\/\/fredfloris.eu\/wp-content\/uploads\/2022\/03\/FredFloris-med-hel-nal-och-text.png","width":591,"height":283,"caption":"FredFloris"},"image":{"@id":"https:\/\/fredfloris.eu\/#\/schema\/logo\/image\/"},"sameAs":["https:\/\/www.facebook.com\/FredFloris.Artisan.Studio\/","https:\/\/x.com\/_fredfloris_","https:\/\/www.instagram.com\/fredfloris.artisan.studio\/"]}]}},"brands":[{"id":204,"name":"FredFloris &amp; Partner","slug":"fredfloris-partner"}],"_links":{"self":[{"href":"https:\/\/fredfloris.eu\/fr\/wp-json\/wp\/v2\/product\/10059","targetHints":{"allow":["GET"]}}],"collection":[{"href":"https:\/\/fredfloris.eu\/fr\/wp-json\/wp\/v2\/product"}],"about":[{"href":"https:\/\/fredfloris.eu\/fr\/wp-json\/wp\/v2\/types\/product"}],"version-history":[{"count":11,"href":"https:\/\/fredfloris.eu\/fr\/wp-json\/wp\/v2\/product\/10059\/revisions"}],"predecessor-version":[{"id":11575,"href":"https:\/\/fredfloris.eu\/fr\/wp-json\/wp\/v2\/product\/10059\/revisions\/11575"}],"wp:featuredmedia":[{"embeddable":true,"href":"https:\/\/fredfloris.eu\/fr\/wp-json\/wp\/v2\/media\/10018"}],"wp:attachment":[{"href":"https:\/\/fredfloris.eu\/fr\/wp-json\/wp\/v2\/media?parent=10059"}],"wp:term":[{"taxonomy":"pwb-brand","embeddable":true,"href":"https:\/\/fredfloris.eu\/fr\/wp-json\/wp\/v2\/pwb-brand?post=10059"},{"taxonomy":"product_brand","embeddable":true,"href":"https:\/\/fredfloris.eu\/fr\/wp-json\/wp\/v2\/product_brand?post=10059"},{"taxonomy":"product_cat","embeddable":true,"href":"https:\/\/fredfloris.eu\/fr\/wp-json\/wp\/v2\/product_cat?post=10059"},{"taxonomy":"product_tag","embeddable":true,"href":"https:\/\/fredfloris.eu\/fr\/wp-json\/wp\/v2\/product_tag?post=10059"},{"taxonomy":"woo-feed-brand","embeddable":true,"href":"https:\/\/fredfloris.eu\/fr\/wp-json\/wp\/v2\/woo-feed-brand?post=10059"}],"curies":[{"name":"wp","href":"https:\/\/api.w.org\/{rel}","templated":true}]}}