{"id":10070,"date":"2022-10-10T17:31:43","date_gmt":"2022-10-10T15:31:43","guid":{"rendered":"https:\/\/fredfloris.eu\/?post_type=product&#038;p=10070"},"modified":"2024-06-24T20:32:15","modified_gmt":"2024-06-24T18:32:15","slug":"romeo-cashmere-sweater","status":"publish","type":"product","link":"https:\/\/fredfloris.eu\/fr\/productpage\/romeo-cashmere-sweater\/","title":{"rendered":"Romeo - Pull en cachemire"},"content":{"rendered":"<p><strong>D\u00e9couvrez la douceur, la chaleur et la l\u00e9g\u00e8ret\u00e9 de notre pull en cachemire. Fabriqu\u00e9 \u00e0 partir de fils fins, il vous tient chaud sans vous encombrer, ce qui le rend polyvalent pour une tenue professionnelle ou d\u00e9contract\u00e9e. Vous appr\u00e9cierez son confort tout au long de l'hiver, de l'automne, du printemps et des douces nuits d'\u00e9t\u00e9. Ce pull ajoute une touche de luxe \u00e0 votre look tout en offrant une excellente isolation et en incarnant un style intemporel.<\/strong><\/p>\n<p><strong>Respectueux de l'environnement :<\/strong> Nos pulls ne se contentent pas d'offrir un style durable, ils sont \u00e9galement respectueux de l'environnement. FredFloris s'engage \u00e0 contrer la mode rapide en proposant des pi\u00e8ces durables que vous pouvez ch\u00e9rir. Fabriqu\u00e9s en cachemire recycl\u00e9 100%, nos pulls sont produits de mani\u00e8re responsable par nos partenaires en Italie.<\/p>\n<p><strong>A noter :<\/strong> En raison de la nature recycl\u00e9e de notre cachemire, les nuances de couleurs peuvent varier d'un lot \u00e0 l'autre et toutes les nuances peuvent ne pas \u00eatre disponibles \u00e0 tout moment.<\/p>\n<p><strong>Polyvalent et unisexe :<\/strong> Nos pulls sont con\u00e7us dans des tailles masculines courantes, mais ils sont universellement flatteurs pour les hommes et les femmes. Ils peuvent \u00eatre port\u00e9s \u00e0 m\u00eame la peau ou superpos\u00e9s \u00e0 une chemise.<\/p>\n<p><strong>Sp\u00e9cifications du produit :<\/strong><\/p>\n<ul>\n<li><strong>En stock :<\/strong> M, L, XL<\/li>\n<li><strong>Fabriqu\u00e9 sur commande :<\/strong> S, XXL (pr\u00e9voir jusqu'\u00e0 3 semaines pour la livraison, en fonction de la disponibilit\u00e9 des mat\u00e9riaux)*<\/li>\n<li><strong>Couleurs :<\/strong> Bleu marine, beige clair<\/li>\n<li><strong>Style :<\/strong> Col roul\u00e9<\/li>\n<li><strong>Jauge de tricotage :<\/strong> 12\/14 - Convient \u00e0 une utilisation tout au long de l'ann\u00e9e<\/li>\n<li><strong>Origine :<\/strong> Fabriqu\u00e9 en Italie<\/li>\n<li><strong>Mat\u00e9riau :<\/strong> 100% Cachemire recycl\u00e9<\/li>\n<\/ul>\n<p>&nbsp;<\/p>\n<p><em>*Les tailles S et XXL sont disponibles sur commande. Le d\u00e9lai de livraison peut aller jusqu'\u00e0 3 semaines si l'usine dispose des mat\u00e9riaux n\u00e9cessaires \u00e0 la production de l'article.<\/em><\/p>\n<p>&nbsp;<\/p>\n<p>Mots cl\u00e9s de la recherche : Pour hommes et femmes, pull en laine de cachemire recycl\u00e9 bleu et beige<\/p>","protected":false},"excerpt":{"rendered":"<p><strong>Jauge de tricotage : <\/strong>14\/12 - Toute l'ann\u00e9e<\/p>\n<p><strong>Origine : <\/strong>Fabriqu\u00e9 en Italie<\/p>","protected":false},"featured_media":10010,"template":"","meta":[],"pwb-brand":[204],"product_brand":[],"product_cat":[367,361],"product_tag":[105,135],"woo-feed-brand":[],"class_list":{"0":"post-10070","1":"product","2":"type-product","3":"status-publish","4":"has-post-thumbnail","6":"pwb-brand-fredfloris-partner","7":"product_cat-cashmere-sweater","8":"product_cat-knitwear","9":"product_tag-made-to-order","10":"product_tag-stocked","11":"product_shipping_class-large-goods","13":"first","14":"instock","15":"taxable","16":"shipping-taxable","17":"purchasable","18":"product-type-variable","19":"has-default-attributes"},"yoast_head":"<!-- This site is optimized with the Yoast SEO plugin v27.2 - https:\/\/yoast.com\/product\/yoast-seo-wordpress\/ -->\n<title>Romeo - Cashmere Sweater | FredFloris<\/title>\n<meta name=\"description\" content=\"These cashmere sweaters are made in Italy from 100% recycled cashmere. Sizes are common male sizes but these cashmere sweaters look great on men and women.\" \/>\n<meta name=\"robots\" content=\"index, follow, max-snippet:-1, max-image-preview:large, max-video-preview:-1\" \/>\n<link rel=\"canonical\" href=\"https:\/\/fredfloris.eu\/fr\/productpage\/romeo-cashmere-sweater\/?wmc-currency=EUR\" \/>\n<meta property=\"og:locale\" content=\"fr_FR\" \/>\n<meta property=\"og:type\" content=\"article\" \/>\n<meta property=\"og:title\" content=\"Romeo - Cashmere Sweater | FredFloris\" \/>\n<meta property=\"og:description\" content=\"These cashmere sweaters are made in Italy from 100% recycled cashmere. Sizes are common male sizes but these cashmere sweaters look great on men and women.\" \/>\n<meta property=\"og:url\" content=\"https:\/\/fredfloris.eu\/fr\/productpage\/romeo-cashmere-sweater\/?wmc-currency=EUR\" \/>\n<meta property=\"og:site_name\" content=\"FredFloris\" \/>\n<meta property=\"article:publisher\" content=\"https:\/\/www.facebook.com\/FredFloris.Artisan.Studio\/\" \/>\n<meta property=\"article:modified_time\" content=\"2024-06-24T18:32:15+00:00\" \/>\n<meta property=\"og:image\" content=\"https:\/\/fredfloris.eu\/wp-content\/uploads\/2022\/10\/IMG_3645-scaled.jpg\" \/>\n\t<meta property=\"og:image:width\" content=\"2560\" \/>\n\t<meta property=\"og:image:height\" content=\"1707\" \/>\n\t<meta property=\"og:image:type\" content=\"image\/jpeg\" \/>\n<meta name=\"twitter:card\" content=\"summary_large_image\" \/>\n<meta name=\"twitter:site\" content=\"@_fredfloris_\" \/>\n<meta name=\"twitter:label1\" content=\"Dur\u00e9e de lecture estim\u00e9e\" \/>\n\t<meta name=\"twitter:data1\" content=\"2 minutes\" \/>\n<script type=\"application\/ld+json\" class=\"yoast-schema-graph\">{\"@context\":\"https:\/\/schema.org\",\"@graph\":[{\"@type\":\"WebPage\",\"@id\":\"https:\/\/fredfloris.eu\/productpage\/romeo-cashmere-sweater\/\",\"url\":\"https:\/\/fredfloris.eu\/productpage\/romeo-cashmere-sweater\/\",\"name\":\"Romeo - Cashmere Sweater | FredFloris\",\"isPartOf\":{\"@id\":\"https:\/\/fredfloris.eu\/#website\"},\"primaryImageOfPage\":{\"@id\":\"https:\/\/fredfloris.eu\/productpage\/romeo-cashmere-sweater\/#primaryimage\"},\"image\":{\"@id\":\"https:\/\/fredfloris.eu\/productpage\/romeo-cashmere-sweater\/#primaryimage\"},\"thumbnailUrl\":\"https:\/\/fredfloris.eu\/wp-content\/uploads\/2022\/10\/IMG_3645-scaled.jpg\",\"datePublished\":\"2022-10-10T15:31:43+00:00\",\"dateModified\":\"2024-06-24T18:32:15+00:00\",\"description\":\"These cashmere sweaters are made in Italy from 100% recycled cashmere. Sizes are common male sizes but these cashmere sweaters look great on men and women.\",\"breadcrumb\":{\"@id\":\"https:\/\/fredfloris.eu\/productpage\/romeo-cashmere-sweater\/#breadcrumb\"},\"inLanguage\":\"fr-FR\",\"potentialAction\":[{\"@type\":\"ReadAction\",\"target\":[\"https:\/\/fredfloris.eu\/productpage\/romeo-cashmere-sweater\/\"]}]},{\"@type\":\"ImageObject\",\"inLanguage\":\"fr-FR\",\"@id\":\"https:\/\/fredfloris.eu\/productpage\/romeo-cashmere-sweater\/#primaryimage\",\"url\":\"https:\/\/fredfloris.eu\/wp-content\/uploads\/2022\/10\/IMG_3645-scaled.jpg\",\"contentUrl\":\"https:\/\/fredfloris.eu\/wp-content\/uploads\/2022\/10\/IMG_3645-scaled.jpg\",\"width\":2560,\"height\":1707,\"caption\":\"Product: Romeo - Cashmere Sweater- Colour: Navy Blue & Light Beige\"},{\"@type\":\"BreadcrumbList\",\"@id\":\"https:\/\/fredfloris.eu\/productpage\/romeo-cashmere-sweater\/#breadcrumb\",\"itemListElement\":[{\"@type\":\"ListItem\",\"position\":1,\"name\":\"Home\",\"item\":\"https:\/\/fredfloris.eu\/\"},{\"@type\":\"ListItem\",\"position\":2,\"name\":\"Shop\",\"item\":\"https:\/\/fredfloris.eu\/shop\/\"},{\"@type\":\"ListItem\",\"position\":3,\"name\":\"Romeo &#8211; Cashmere Sweater\"}]},{\"@type\":\"WebSite\",\"@id\":\"https:\/\/fredfloris.eu\/#website\",\"url\":\"https:\/\/fredfloris.eu\/\",\"name\":\"FredFloris\",\"description\":\"Handcrafted Leathergoods - Made in Sweden\",\"publisher\":{\"@id\":\"https:\/\/fredfloris.eu\/#organization\"},\"potentialAction\":[{\"@type\":\"SearchAction\",\"target\":{\"@type\":\"EntryPoint\",\"urlTemplate\":\"https:\/\/fredfloris.eu\/?s={search_term_string}\"},\"query-input\":{\"@type\":\"PropertyValueSpecification\",\"valueRequired\":true,\"valueName\":\"search_term_string\"}}],\"inLanguage\":\"fr-FR\"},{\"@type\":\"Organization\",\"@id\":\"https:\/\/fredfloris.eu\/#organization\",\"name\":\"FredFloris\",\"url\":\"https:\/\/fredfloris.eu\/\",\"logo\":{\"@type\":\"ImageObject\",\"inLanguage\":\"fr-FR\",\"@id\":\"https:\/\/fredfloris.eu\/#\/schema\/logo\/image\/\",\"url\":\"https:\/\/fredfloris.eu\/wp-content\/uploads\/2022\/03\/FredFloris-med-hel-nal-och-text.png\",\"contentUrl\":\"https:\/\/fredfloris.eu\/wp-content\/uploads\/2022\/03\/FredFloris-med-hel-nal-och-text.png\",\"width\":591,\"height\":283,\"caption\":\"FredFloris\"},\"image\":{\"@id\":\"https:\/\/fredfloris.eu\/#\/schema\/logo\/image\/\"},\"sameAs\":[\"https:\/\/www.facebook.com\/FredFloris.Artisan.Studio\/\",\"https:\/\/x.com\/_fredfloris_\",\"https:\/\/www.instagram.com\/fredfloris.artisan.studio\/\"]}]}<\/script>\n<!-- \/ Yoast SEO plugin. -->","yoast_head_json":{"title":"Romeo - Pull en cachemire | FredFloris","description":"Ces pulls en cachemire sont fabriqu\u00e9s en Italie \u00e0 partir de cachemire recycl\u00e9 100%. Les tailles sont des tailles courantes pour les hommes, mais ces pulls en cachemire sont parfaits pour les hommes et les femmes.","robots":{"index":"index","follow":"follow","max-snippet":"max-snippet:-1","max-image-preview":"max-image-preview:large","max-video-preview":"max-video-preview:-1"},"canonical":"https:\/\/fredfloris.eu\/fr\/productpage\/romeo-cashmere-sweater\/?wmc-currency=EUR","og_locale":"fr_FR","og_type":"article","og_title":"Romeo - Cashmere Sweater | FredFloris","og_description":"These cashmere sweaters are made in Italy from 100% recycled cashmere. Sizes are common male sizes but these cashmere sweaters look great on men and women.","og_url":"https:\/\/fredfloris.eu\/fr\/productpage\/romeo-cashmere-sweater\/?wmc-currency=EUR","og_site_name":"FredFloris","article_publisher":"https:\/\/www.facebook.com\/FredFloris.Artisan.Studio\/","article_modified_time":"2024-06-24T18:32:15+00:00","og_image":[{"width":2560,"height":1707,"url":"https:\/\/fredfloris.eu\/wp-content\/uploads\/2022\/10\/IMG_3645-scaled.jpg","type":"image\/jpeg"}],"twitter_card":"summary_large_image","twitter_site":"@_fredfloris_","twitter_misc":{"Dur\u00e9e de lecture estim\u00e9e":"2 minutes"},"schema":{"@context":"https:\/\/schema.org","@graph":[{"@type":"WebPage","@id":"https:\/\/fredfloris.eu\/productpage\/romeo-cashmere-sweater\/","url":"https:\/\/fredfloris.eu\/productpage\/romeo-cashmere-sweater\/","name":"Romeo - Pull en cachemire | FredFloris","isPartOf":{"@id":"https:\/\/fredfloris.eu\/#website"},"primaryImageOfPage":{"@id":"https:\/\/fredfloris.eu\/productpage\/romeo-cashmere-sweater\/#primaryimage"},"image":{"@id":"https:\/\/fredfloris.eu\/productpage\/romeo-cashmere-sweater\/#primaryimage"},"thumbnailUrl":"https:\/\/fredfloris.eu\/wp-content\/uploads\/2022\/10\/IMG_3645-scaled.jpg","datePublished":"2022-10-10T15:31:43+00:00","dateModified":"2024-06-24T18:32:15+00:00","description":"Ces pulls en cachemire sont fabriqu\u00e9s en Italie \u00e0 partir de cachemire recycl\u00e9 100%. Les tailles sont des tailles courantes pour les hommes, mais ces pulls en cachemire sont parfaits pour les hommes et les femmes.","breadcrumb":{"@id":"https:\/\/fredfloris.eu\/productpage\/romeo-cashmere-sweater\/#breadcrumb"},"inLanguage":"fr-FR","potentialAction":[{"@type":"ReadAction","target":["https:\/\/fredfloris.eu\/productpage\/romeo-cashmere-sweater\/"]}]},{"@type":"ImageObject","inLanguage":"fr-FR","@id":"https:\/\/fredfloris.eu\/productpage\/romeo-cashmere-sweater\/#primaryimage","url":"https:\/\/fredfloris.eu\/wp-content\/uploads\/2022\/10\/IMG_3645-scaled.jpg","contentUrl":"https:\/\/fredfloris.eu\/wp-content\/uploads\/2022\/10\/IMG_3645-scaled.jpg","width":2560,"height":1707,"caption":"Product: Romeo - Cashmere Sweater- Colour: Navy Blue & Light Beige"},{"@type":"BreadcrumbList","@id":"https:\/\/fredfloris.eu\/productpage\/romeo-cashmere-sweater\/#breadcrumb","itemListElement":[{"@type":"ListItem","position":1,"name":"Home","item":"https:\/\/fredfloris.eu\/"},{"@type":"ListItem","position":2,"name":"Shop","item":"https:\/\/fredfloris.eu\/shop\/"},{"@type":"ListItem","position":3,"name":"Romeo &#8211; Cashmere Sweater"}]},{"@type":"WebSite","@id":"https:\/\/fredfloris.eu\/#website","url":"https:\/\/fredfloris.eu\/","name":"FredFloris","description":"Maroquinerie artisanale - Fabriqu\u00e9e en Su\u00e8de","publisher":{"@id":"https:\/\/fredfloris.eu\/#organization"},"potentialAction":[{"@type":"SearchAction","target":{"@type":"EntryPoint","urlTemplate":"https:\/\/fredfloris.eu\/?s={search_term_string}"},"query-input":{"@type":"PropertyValueSpecification","valueRequired":true,"valueName":"search_term_string"}}],"inLanguage":"fr-FR"},{"@type":"Organization","@id":"https:\/\/fredfloris.eu\/#organization","name":"FredFloris","url":"https:\/\/fredfloris.eu\/","logo":{"@type":"ImageObject","inLanguage":"fr-FR","@id":"https:\/\/fredfloris.eu\/#\/schema\/logo\/image\/","url":"https:\/\/fredfloris.eu\/wp-content\/uploads\/2022\/03\/FredFloris-med-hel-nal-och-text.png","contentUrl":"https:\/\/fredfloris.eu\/wp-content\/uploads\/2022\/03\/FredFloris-med-hel-nal-och-text.png","width":591,"height":283,"caption":"FredFloris"},"image":{"@id":"https:\/\/fredfloris.eu\/#\/schema\/logo\/image\/"},"sameAs":["https:\/\/www.facebook.com\/FredFloris.Artisan.Studio\/","https:\/\/x.com\/_fredfloris_","https:\/\/www.instagram.com\/fredfloris.artisan.studio\/"]}]}},"brands":[{"id":204,"name":"FredFloris &amp; Partner","slug":"fredfloris-partner"}],"_links":{"self":[{"href":"https:\/\/fredfloris.eu\/fr\/wp-json\/wp\/v2\/product\/10070","targetHints":{"allow":["GET"]}}],"collection":[{"href":"https:\/\/fredfloris.eu\/fr\/wp-json\/wp\/v2\/product"}],"about":[{"href":"https:\/\/fredfloris.eu\/fr\/wp-json\/wp\/v2\/types\/product"}],"version-history":[{"count":10,"href":"https:\/\/fredfloris.eu\/fr\/wp-json\/wp\/v2\/product\/10070\/revisions"}],"predecessor-version":[{"id":11525,"href":"https:\/\/fredfloris.eu\/fr\/wp-json\/wp\/v2\/product\/10070\/revisions\/11525"}],"wp:featuredmedia":[{"embeddable":true,"href":"https:\/\/fredfloris.eu\/fr\/wp-json\/wp\/v2\/media\/10010"}],"wp:attachment":[{"href":"https:\/\/fredfloris.eu\/fr\/wp-json\/wp\/v2\/media?parent=10070"}],"wp:term":[{"taxonomy":"pwb-brand","embeddable":true,"href":"https:\/\/fredfloris.eu\/fr\/wp-json\/wp\/v2\/pwb-brand?post=10070"},{"taxonomy":"product_brand","embeddable":true,"href":"https:\/\/fredfloris.eu\/fr\/wp-json\/wp\/v2\/product_brand?post=10070"},{"taxonomy":"product_cat","embeddable":true,"href":"https:\/\/fredfloris.eu\/fr\/wp-json\/wp\/v2\/product_cat?post=10070"},{"taxonomy":"product_tag","embeddable":true,"href":"https:\/\/fredfloris.eu\/fr\/wp-json\/wp\/v2\/product_tag?post=10070"},{"taxonomy":"woo-feed-brand","embeddable":true,"href":"https:\/\/fredfloris.eu\/fr\/wp-json\/wp\/v2\/woo-feed-brand?post=10070"}],"curies":[{"name":"wp","href":"https:\/\/api.w.org\/{rel}","templated":true}]}}