{"id":10908,"date":"2024-03-18T20:18:31","date_gmt":"2024-03-18T18:18:31","guid":{"rendered":"https:\/\/fredfloris.eu\/?post_type=product&#038;p=10908"},"modified":"2025-02-22T15:48:45","modified_gmt":"2025-02-22T13:48:45","slug":"the-slim-wayfarer","status":"publish","type":"product","link":"https:\/\/fredfloris.eu\/fr\/productpage\/the-slim-wayfarer\/","title":{"rendered":"The Slim Wayfarer"},"content":{"rendered":"<p><strong>Personnalisation :<\/strong> Ajoutez un nom, une image ou un message sans frais suppl\u00e9mentaires. Pour personnaliser l'article avec votre propre motif, il suffit d'ajouter l'article et le motif choisi \u00e0 votre panier.<\/p>\n<p><a class=\"lumise-customize-button button alt\" href=\"https:\/\/fredfloris.eu\/fr\/productpage\/customize-the-slim-wayfarer\/?wmc-currency=EUR\" name=\"customize\">Personnaliser<\/a><\/p>\n<p>Voici The Slim Wayfarer, un portefeuille \u00e9l\u00e9gant et minimaliste con\u00e7u pour contenir plus de huit cartes et billets pli\u00e9s. Mesurant 68 mm de largeur et 100 mm de hauteur lorsqu'il est ferm\u00e9, il se glisse parfaitement dans n'importe quelle poche.<\/p>\n<p>Fabriqu\u00e9 \u00e0 la main avec soin dans notre atelier en Su\u00e8de, chaque portefeuille est fabriqu\u00e9 \u00e0 partir de cuir pleine fleur durable \u00e0 tannage v\u00e9g\u00e9tal, ce qui garantit \u00e0 la fois la qualit\u00e9 et une patine de vieillissement gracieuse.<\/p>\n<p>Choisissez parmi trois couleurs : Cognac fonc\u00e9, jaune fonc\u00e9 et bleu-vert. Personnalisez davantage votre portefeuille en choisissant la couleur du fil. Ajoutez une touche personnelle en incluant votre nom ou vos initiales gr\u00e2ce \u00e0 nos services de gravure en creux ou au laser.<\/p>\n<p>Chaque portefeuille FredFloris est accompagn\u00e9 d'un <a href=\"https:\/\/fredfloris.eu\/fr\/productpage\/nfc-card-rfid-blocking\/?wmc-currency=EUR\" rel=\"noopener\">carte anti-skimming.<\/a><\/p>\n<p>&nbsp;<\/p>\n<p><strong>Sp\u00e9cifications du produit :<\/strong><\/p>\n<ul>\n<li><strong>Fabriqu\u00e9 enti\u00e8rement \u00e0 la main dans notre atelier familial Leather Art Studio<\/strong><\/li>\n<li><strong>Capacit\u00e9 :<\/strong> Peut contenir environ 8 cartes et billets pli\u00e9s<\/li>\n<li><strong>Stockage :<\/strong> Deux fentes pour cartes et une demi-poche<\/li>\n<li><strong>Options de couleurs :<\/strong> Cognac fonc\u00e9, jaune fonc\u00e9 et bleu-vert<\/li>\n<li><strong>Fil :<\/strong> Tiger Ritza 25<\/li>\n<li><strong>Options de personnalisation :<\/strong> Marquage et gravure au laser de noms ou d'initiales<\/li>\n<li><strong>Bords :<\/strong> Biseaut\u00e9 et l\u00e9g\u00e8rement bruni<\/li>\n<li><strong>Couture :<\/strong> Couture traditionnelle des selliers, cousue \u00e0 la main<\/li>\n<li><strong>Mat\u00e9riau :<\/strong> Fabriqu\u00e9 en cuir pleine fleur \u00e0 tannage v\u00e9g\u00e9tal<\/li>\n<li><strong>Dimensions :<\/strong> Largeur : 68 mm, Hauteur : 100 mm en position ferm\u00e9e<\/li>\n<\/ul>\n<p>&nbsp;<\/p>\n<p>Mots cl\u00e9s : Portefeuille en cuir compact personnalisable, Durable, Minimaliste personnalis\u00e9, Portefeuille de cartes en cuir mince<\/p>","protected":false},"excerpt":{"rendered":"<p>Le cuir utilis\u00e9 pour fabriquer ce portefeuille en cuir fin provient de la c\u00e9l\u00e8bre tannerie italienne Badalassi Carlo, qui est membre du consortium Pelle Conciata al Vegetale, reconnu \u00e0 l'\u00e9chelle internationale.<\/p>\n<p>Fabriqu\u00e9s \u00e0 la main \u00e0 partir du meilleur cuir pleine fleur \u00e0 tannage v\u00e9g\u00e9tal, r\u00e9put\u00e9 pour sa durabilit\u00e9 et la magnifique patine qu'il d\u00e9veloppe au fil du temps. Les bords de nos portefeuilles sont soigneusement biseaut\u00e9s et polis \u00e0 la main, ce qui garantit une finition lisse et raffin\u00e9e. De plus, chaque portefeuille est cousu \u00e0 la main, ce qui souligne la durabilit\u00e9 et l'authenticit\u00e9 que la couture \u00e0 la machine ne peut \u00e9galer. Il ne s'agit pas seulement d'un achat, mais d'un investissement dans une pi\u00e8ce intemporelle, o\u00f9 chaque d\u00e9tail raconte un chapitre de l'histoire de l'artisanat traditionnel.<\/p>\n<p>&nbsp;<\/p>\n<p>&nbsp;<\/p>\n<p>&nbsp;<\/p>\n<p>&nbsp;<\/p>","protected":false},"featured_media":10854,"template":"","meta":[],"pwb-brand":[203],"product_brand":[],"product_cat":[100,104],"product_tag":[123,136,105],"woo-feed-brand":[],"class_list":{"0":"post-10908","1":"product","2":"type-product","3":"status-publish","4":"has-post-thumbnail","6":"pwb-brand-fredfloris","7":"product_cat-leathergoods","8":"product_cat-wallets","9":"product_tag-full-grain-leather","10":"product_tag-handmade","11":"product_tag-made-to-order","12":"product_shipping_class-small-goods","13":"pa_leather-colour-petrol-waxed","14":"pa_leather-colour-dark-cognac-waxed","15":"pa_leather-colour-mustard-waxed","17":"first","18":"instock","19":"taxable","20":"shipping-taxable","21":"purchasable","22":"product-type-variable","23":"has-default-attributes"},"yoast_head":"<!-- This site is optimized with the Yoast SEO plugin v27.2 - https:\/\/yoast.com\/product\/yoast-seo-wordpress\/ -->\n<title>The Slim Wayfarer Wallet: Sleek &amp; Durable | FredFloris Leather<\/title>\n<meta name=\"description\" content=\"Introducing The Slim Wayfarer Wallet from FredFloris, where elegance meets practicality. This wallet is perfect for the modern minimalist.\" \/>\n<meta name=\"robots\" content=\"index, follow, max-snippet:-1, max-image-preview:large, max-video-preview:-1\" \/>\n<link rel=\"canonical\" href=\"https:\/\/fredfloris.eu\/fr\/productpage\/the-slim-wayfarer\/?wmc-currency=EUR\" \/>\n<meta property=\"og:locale\" content=\"fr_FR\" \/>\n<meta property=\"og:type\" content=\"article\" \/>\n<meta property=\"og:title\" content=\"The Slim Wayfarer Wallet: Sleek &amp; Durable | FredFloris Leather\" \/>\n<meta property=\"og:description\" content=\"Introducing The Slim Wayfarer Wallet from FredFloris, where elegance meets practicality. This wallet is perfect for the modern minimalist.\" \/>\n<meta property=\"og:url\" content=\"https:\/\/fredfloris.eu\/fr\/productpage\/the-slim-wayfarer\/?wmc-currency=EUR\" \/>\n<meta property=\"og:site_name\" content=\"FredFloris\" \/>\n<meta property=\"article:publisher\" content=\"https:\/\/www.facebook.com\/FredFloris.Artisan.Studio\/\" \/>\n<meta property=\"article:modified_time\" content=\"2025-02-22T13:48:45+00:00\" \/>\n<meta property=\"og:image\" content=\"https:\/\/fredfloris.eu\/wp-content\/uploads\/2024\/03\/IMG_5843-scaled.jpg\" \/>\n\t<meta property=\"og:image:width\" content=\"2560\" \/>\n\t<meta property=\"og:image:height\" content=\"1707\" \/>\n\t<meta property=\"og:image:type\" content=\"image\/jpeg\" \/>\n<meta name=\"twitter:card\" content=\"summary_large_image\" \/>\n<meta name=\"twitter:site\" content=\"@_fredfloris_\" \/>\n<meta name=\"twitter:label1\" content=\"Dur\u00e9e de lecture estim\u00e9e\" \/>\n\t<meta name=\"twitter:data1\" content=\"2 minutes\" \/>\n<script type=\"application\/ld+json\" class=\"yoast-schema-graph\">{\"@context\":\"https:\/\/schema.org\",\"@graph\":[{\"@type\":\"WebPage\",\"@id\":\"https:\/\/fredfloris.eu\/productpage\/the-slim-wayfarer\/\",\"url\":\"https:\/\/fredfloris.eu\/productpage\/the-slim-wayfarer\/\",\"name\":\"The Slim Wayfarer Wallet: Sleek & Durable | FredFloris Leather\",\"isPartOf\":{\"@id\":\"https:\/\/fredfloris.eu\/#website\"},\"primaryImageOfPage\":{\"@id\":\"https:\/\/fredfloris.eu\/productpage\/the-slim-wayfarer\/#primaryimage\"},\"image\":{\"@id\":\"https:\/\/fredfloris.eu\/productpage\/the-slim-wayfarer\/#primaryimage\"},\"thumbnailUrl\":\"https:\/\/fredfloris.eu\/wp-content\/uploads\/2024\/03\/IMG_5843-scaled.jpg\",\"datePublished\":\"2024-03-18T18:18:31+00:00\",\"dateModified\":\"2025-02-22T13:48:45+00:00\",\"description\":\"Introducing The Slim Wayfarer Wallet from FredFloris, where elegance meets practicality. This wallet is perfect for the modern minimalist.\",\"breadcrumb\":{\"@id\":\"https:\/\/fredfloris.eu\/productpage\/the-slim-wayfarer\/#breadcrumb\"},\"inLanguage\":\"fr-FR\",\"potentialAction\":[{\"@type\":\"ReadAction\",\"target\":[\"https:\/\/fredfloris.eu\/productpage\/the-slim-wayfarer\/\"]}]},{\"@type\":\"ImageObject\",\"inLanguage\":\"fr-FR\",\"@id\":\"https:\/\/fredfloris.eu\/productpage\/the-slim-wayfarer\/#primaryimage\",\"url\":\"https:\/\/fredfloris.eu\/wp-content\/uploads\/2024\/03\/IMG_5843-scaled.jpg\",\"contentUrl\":\"https:\/\/fredfloris.eu\/wp-content\/uploads\/2024\/03\/IMG_5843-scaled.jpg\",\"width\":2560,\"height\":1707,\"caption\":\"Product: The Slim Wayfarer - Pocket Card Wallets \u2013 Colours: Dark Yellow, Dark Cognac and Blue-Green, Thread Colour: Black\"},{\"@type\":\"BreadcrumbList\",\"@id\":\"https:\/\/fredfloris.eu\/productpage\/the-slim-wayfarer\/#breadcrumb\",\"itemListElement\":[{\"@type\":\"ListItem\",\"position\":1,\"name\":\"Home\",\"item\":\"https:\/\/fredfloris.eu\/\"},{\"@type\":\"ListItem\",\"position\":2,\"name\":\"Shop\",\"item\":\"https:\/\/fredfloris.eu\/shop\/\"},{\"@type\":\"ListItem\",\"position\":3,\"name\":\"The Slim Wayfarer\"}]},{\"@type\":\"WebSite\",\"@id\":\"https:\/\/fredfloris.eu\/#website\",\"url\":\"https:\/\/fredfloris.eu\/\",\"name\":\"FredFloris\",\"description\":\"Handcrafted Leathergoods - Made in Sweden\",\"publisher\":{\"@id\":\"https:\/\/fredfloris.eu\/#organization\"},\"potentialAction\":[{\"@type\":\"SearchAction\",\"target\":{\"@type\":\"EntryPoint\",\"urlTemplate\":\"https:\/\/fredfloris.eu\/?s={search_term_string}\"},\"query-input\":{\"@type\":\"PropertyValueSpecification\",\"valueRequired\":true,\"valueName\":\"search_term_string\"}}],\"inLanguage\":\"fr-FR\"},{\"@type\":\"Organization\",\"@id\":\"https:\/\/fredfloris.eu\/#organization\",\"name\":\"FredFloris\",\"url\":\"https:\/\/fredfloris.eu\/\",\"logo\":{\"@type\":\"ImageObject\",\"inLanguage\":\"fr-FR\",\"@id\":\"https:\/\/fredfloris.eu\/#\/schema\/logo\/image\/\",\"url\":\"https:\/\/fredfloris.eu\/wp-content\/uploads\/2022\/03\/FredFloris-med-hel-nal-och-text.png\",\"contentUrl\":\"https:\/\/fredfloris.eu\/wp-content\/uploads\/2022\/03\/FredFloris-med-hel-nal-och-text.png\",\"width\":591,\"height\":283,\"caption\":\"FredFloris\"},\"image\":{\"@id\":\"https:\/\/fredfloris.eu\/#\/schema\/logo\/image\/\"},\"sameAs\":[\"https:\/\/www.facebook.com\/FredFloris.Artisan.Studio\/\",\"https:\/\/x.com\/_fredfloris_\",\"https:\/\/www.instagram.com\/fredfloris.artisan.studio\/\"]}]}<\/script>\n<!-- \/ Yoast SEO plugin. -->","yoast_head_json":{"title":"Portefeuille The Slim Wayfarer : \u00c9l\u00e9gant et durable | FredFloris Leather","description":"Voici le portefeuille The Slim Wayfarer de FredFloris, o\u00f9 l'\u00e9l\u00e9gance rencontre la praticit\u00e9. Ce portefeuille est parfait pour le minimaliste moderne.","robots":{"index":"index","follow":"follow","max-snippet":"max-snippet:-1","max-image-preview":"max-image-preview:large","max-video-preview":"max-video-preview:-1"},"canonical":"https:\/\/fredfloris.eu\/fr\/productpage\/the-slim-wayfarer\/?wmc-currency=EUR","og_locale":"fr_FR","og_type":"article","og_title":"The Slim Wayfarer Wallet: Sleek & Durable | FredFloris Leather","og_description":"Introducing The Slim Wayfarer Wallet from FredFloris, where elegance meets practicality. This wallet is perfect for the modern minimalist.","og_url":"https:\/\/fredfloris.eu\/fr\/productpage\/the-slim-wayfarer\/?wmc-currency=EUR","og_site_name":"FredFloris","article_publisher":"https:\/\/www.facebook.com\/FredFloris.Artisan.Studio\/","article_modified_time":"2025-02-22T13:48:45+00:00","og_image":[{"width":2560,"height":1707,"url":"https:\/\/fredfloris.eu\/wp-content\/uploads\/2024\/03\/IMG_5843-scaled.jpg","type":"image\/jpeg"}],"twitter_card":"summary_large_image","twitter_site":"@_fredfloris_","twitter_misc":{"Dur\u00e9e de lecture estim\u00e9e":"2 minutes"},"schema":{"@context":"https:\/\/schema.org","@graph":[{"@type":"WebPage","@id":"https:\/\/fredfloris.eu\/productpage\/the-slim-wayfarer\/","url":"https:\/\/fredfloris.eu\/productpage\/the-slim-wayfarer\/","name":"Portefeuille The Slim Wayfarer : \u00c9l\u00e9gant et durable | FredFloris Leather","isPartOf":{"@id":"https:\/\/fredfloris.eu\/#website"},"primaryImageOfPage":{"@id":"https:\/\/fredfloris.eu\/productpage\/the-slim-wayfarer\/#primaryimage"},"image":{"@id":"https:\/\/fredfloris.eu\/productpage\/the-slim-wayfarer\/#primaryimage"},"thumbnailUrl":"https:\/\/fredfloris.eu\/wp-content\/uploads\/2024\/03\/IMG_5843-scaled.jpg","datePublished":"2024-03-18T18:18:31+00:00","dateModified":"2025-02-22T13:48:45+00:00","description":"Voici le portefeuille The Slim Wayfarer de FredFloris, o\u00f9 l'\u00e9l\u00e9gance rencontre la praticit\u00e9. Ce portefeuille est parfait pour le minimaliste moderne.","breadcrumb":{"@id":"https:\/\/fredfloris.eu\/productpage\/the-slim-wayfarer\/#breadcrumb"},"inLanguage":"fr-FR","potentialAction":[{"@type":"ReadAction","target":["https:\/\/fredfloris.eu\/productpage\/the-slim-wayfarer\/"]}]},{"@type":"ImageObject","inLanguage":"fr-FR","@id":"https:\/\/fredfloris.eu\/productpage\/the-slim-wayfarer\/#primaryimage","url":"https:\/\/fredfloris.eu\/wp-content\/uploads\/2024\/03\/IMG_5843-scaled.jpg","contentUrl":"https:\/\/fredfloris.eu\/wp-content\/uploads\/2024\/03\/IMG_5843-scaled.jpg","width":2560,"height":1707,"caption":"Product: The Slim Wayfarer - Pocket Card Wallets \u2013 Colours: Dark Yellow, Dark Cognac and Blue-Green, Thread Colour: Black"},{"@type":"BreadcrumbList","@id":"https:\/\/fredfloris.eu\/productpage\/the-slim-wayfarer\/#breadcrumb","itemListElement":[{"@type":"ListItem","position":1,"name":"Home","item":"https:\/\/fredfloris.eu\/"},{"@type":"ListItem","position":2,"name":"Shop","item":"https:\/\/fredfloris.eu\/shop\/"},{"@type":"ListItem","position":3,"name":"The Slim Wayfarer"}]},{"@type":"WebSite","@id":"https:\/\/fredfloris.eu\/#website","url":"https:\/\/fredfloris.eu\/","name":"FredFloris","description":"Maroquinerie artisanale - Fabriqu\u00e9e en Su\u00e8de","publisher":{"@id":"https:\/\/fredfloris.eu\/#organization"},"potentialAction":[{"@type":"SearchAction","target":{"@type":"EntryPoint","urlTemplate":"https:\/\/fredfloris.eu\/?s={search_term_string}"},"query-input":{"@type":"PropertyValueSpecification","valueRequired":true,"valueName":"search_term_string"}}],"inLanguage":"fr-FR"},{"@type":"Organization","@id":"https:\/\/fredfloris.eu\/#organization","name":"FredFloris","url":"https:\/\/fredfloris.eu\/","logo":{"@type":"ImageObject","inLanguage":"fr-FR","@id":"https:\/\/fredfloris.eu\/#\/schema\/logo\/image\/","url":"https:\/\/fredfloris.eu\/wp-content\/uploads\/2022\/03\/FredFloris-med-hel-nal-och-text.png","contentUrl":"https:\/\/fredfloris.eu\/wp-content\/uploads\/2022\/03\/FredFloris-med-hel-nal-och-text.png","width":591,"height":283,"caption":"FredFloris"},"image":{"@id":"https:\/\/fredfloris.eu\/#\/schema\/logo\/image\/"},"sameAs":["https:\/\/www.facebook.com\/FredFloris.Artisan.Studio\/","https:\/\/x.com\/_fredfloris_","https:\/\/www.instagram.com\/fredfloris.artisan.studio\/"]}]}},"brands":[{"id":203,"name":"FredFloris","slug":"fredfloris"}],"_links":{"self":[{"href":"https:\/\/fredfloris.eu\/fr\/wp-json\/wp\/v2\/product\/10908","targetHints":{"allow":["GET"]}}],"collection":[{"href":"https:\/\/fredfloris.eu\/fr\/wp-json\/wp\/v2\/product"}],"about":[{"href":"https:\/\/fredfloris.eu\/fr\/wp-json\/wp\/v2\/types\/product"}],"version-history":[{"count":19,"href":"https:\/\/fredfloris.eu\/fr\/wp-json\/wp\/v2\/product\/10908\/revisions"}],"predecessor-version":[{"id":11515,"href":"https:\/\/fredfloris.eu\/fr\/wp-json\/wp\/v2\/product\/10908\/revisions\/11515"}],"wp:featuredmedia":[{"embeddable":true,"href":"https:\/\/fredfloris.eu\/fr\/wp-json\/wp\/v2\/media\/10854"}],"wp:attachment":[{"href":"https:\/\/fredfloris.eu\/fr\/wp-json\/wp\/v2\/media?parent=10908"}],"wp:term":[{"taxonomy":"pwb-brand","embeddable":true,"href":"https:\/\/fredfloris.eu\/fr\/wp-json\/wp\/v2\/pwb-brand?post=10908"},{"taxonomy":"product_brand","embeddable":true,"href":"https:\/\/fredfloris.eu\/fr\/wp-json\/wp\/v2\/product_brand?post=10908"},{"taxonomy":"product_cat","embeddable":true,"href":"https:\/\/fredfloris.eu\/fr\/wp-json\/wp\/v2\/product_cat?post=10908"},{"taxonomy":"product_tag","embeddable":true,"href":"https:\/\/fredfloris.eu\/fr\/wp-json\/wp\/v2\/product_tag?post=10908"},{"taxonomy":"woo-feed-brand","embeddable":true,"href":"https:\/\/fredfloris.eu\/fr\/wp-json\/wp\/v2\/woo-feed-brand?post=10908"}],"curies":[{"name":"wp","href":"https:\/\/api.w.org\/{rel}","templated":true}]}}