{"id":5009,"date":"2022-05-15T22:44:55","date_gmt":"2022-05-15T20:44:55","guid":{"rendered":"https:\/\/fredfloris.eu\/?post_type=product&#038;p=5009"},"modified":"2025-01-18T23:06:18","modified_gmt":"2025-01-18T21:06:18","slug":"saf-bookmarks","status":"publish","type":"product","link":"https:\/\/fredfloris.eu\/fr\/productpage\/saf-bookmarks\/","title":{"rendered":"Selma, Astrid or Fredrika - Signets"},"content":{"rendered":"<p><strong>C\u00e9l\u00e9brez les personnages embl\u00e9matiques avec notre marque-page en cuir, qui comporte des citations m\u00e9morables de Michael Scott de \"The Office\" et de Buzz l'\u00c9clair de \"Toy Story\".<\/strong> Ce marque-page est \u00e0 la fois amusant et fonctionnel. Il est parfait pour les amoureux des livres et les fans de lecture. Qu'elles soient grav\u00e9es \u00e0 chaud ou dor\u00e9es \u00e0 la feuille, ces citations ajoutent une touche d'inspiration et d'humour \u00e0 vos s\u00e9ances de lecture.<\/p>\n<p><strong>Sp\u00e9cifications du produit :<\/strong><\/p>\n<ul>\n<li><strong>Mat\u00e9riau :<\/strong> Fabriqu\u00e9 en cuir de taureau pleine fleur \u00e0 tannage v\u00e9g\u00e9tal, tann\u00e9 en Toscane (Italie).<\/li>\n<li><strong>Personnalisation :<\/strong> Les citations peuvent \u00eatre grav\u00e9es \u00e0 chaud ou dor\u00e9es \u00e0 la feuille.<\/li>\n<li><strong>Finition :<\/strong> Cuir couleur aniline avec dos en cire\/r\u00e9sine pour plus de r\u00e9silience<\/li>\n<li><strong>Pi\u00e8ce jointe :<\/strong> Comprend une ficelle en fibre de chanvre pour maintenir votre place<\/li>\n<li><strong>Dimensions :<\/strong> Largeur : 33 mm, Longueur : 200 mm<\/li>\n<\/ul>\n<p>&nbsp;<\/p>\n<p>Ce marque-page en cuir n'est pas seulement un accessoire de lecture pratique, c'est aussi une pi\u00e8ce ma\u00eetresse qui associe l'amour des personnages de films et de s\u00e9ries t\u00e9l\u00e9vis\u00e9es \u00e0 la joie intemporelle de la lecture.<\/p>\n<p>&nbsp;<\/p>\n<p>Mots de recherche : Marque-page avec citations, Marque-page en cuir, Marque-page en cuir thermocoll\u00e9<\/p>","protected":false},"excerpt":{"rendered":"<p>Ce signet est fabriqu\u00e9 \u00e0 partir de cuir pleine fleur \u00e0 tannage v\u00e9g\u00e9tal fourni par la soci\u00e9t\u00e9 italienne Mapel &amp; C en collaboration avec les entreprises du district de tannage de Toscane. Coup\u00e9 dans le m\u00eame cuir de taureau europ\u00e9en que notre ceinture, ce signet est color\u00e9 \u00e0 l'aniline et pr\u00e9sente une belle finition \u00e0 la cire semi-permanente. Nous avons utilis\u00e9 une corde en fibre de chanvre naturelle pour le pompon, ce qui le rend simple et d\u00e9licat.<\/p>","protected":false},"featured_media":3087,"template":"","meta":[],"pwb-brand":[203],"product_brand":[],"product_cat":[108,100],"product_tag":[123,136,147,105],"woo-feed-brand":[],"class_list":{"0":"post-5009","1":"product","2":"type-product","3":"status-publish","4":"has-post-thumbnail","6":"pwb-brand-fredfloris","7":"product_cat-bookmarks","8":"product_cat-leathergoods","9":"product_tag-full-grain-leather","10":"product_tag-handmade","11":"product_tag-heat-imprint","12":"product_tag-made-to-order","13":"product_shipping_class-small-goods","14":"pa_leather-colour-tan-belt","16":"first","17":"instock","18":"taxable","19":"shipping-taxable","20":"purchasable","21":"product-type-variable"},"yoast_head":"<!-- This site is optimized with the Yoast SEO plugin v27.2 - https:\/\/yoast.com\/product\/yoast-seo-wordpress\/ -->\n<title>Leather Bookmark With Quotes | FredFloris<\/title>\n<meta name=\"description\" content=\"Our bookmarks are handcrafted from premium vegetable-tanned leather. Personalize your bookmark with a custom message using heat imprint.\" \/>\n<meta name=\"robots\" content=\"index, follow, max-snippet:-1, max-image-preview:large, max-video-preview:-1\" \/>\n<link rel=\"canonical\" href=\"https:\/\/fredfloris.eu\/fr\/productpage\/saf-bookmarks\/?wmc-currency=EUR\" \/>\n<meta property=\"og:locale\" content=\"fr_FR\" \/>\n<meta property=\"og:type\" content=\"article\" \/>\n<meta property=\"og:title\" content=\"Leather Bookmark With Quotes | FredFloris\" \/>\n<meta property=\"og:description\" content=\"Our bookmarks are handcrafted from premium vegetable-tanned leather. Personalize your bookmark with a custom message using heat imprint.\" \/>\n<meta property=\"og:url\" content=\"https:\/\/fredfloris.eu\/fr\/productpage\/saf-bookmarks\/?wmc-currency=EUR\" \/>\n<meta property=\"og:site_name\" content=\"FredFloris\" \/>\n<meta property=\"article:publisher\" content=\"https:\/\/www.facebook.com\/FredFloris.Artisan.Studio\/\" \/>\n<meta property=\"article:modified_time\" content=\"2025-01-18T21:06:18+00:00\" \/>\n<meta property=\"og:image\" content=\"https:\/\/fredfloris.eu\/wp-content\/uploads\/2022\/04\/IMG_1521-scaled.jpg\" \/>\n\t<meta property=\"og:image:width\" content=\"2560\" \/>\n\t<meta property=\"og:image:height\" content=\"1707\" \/>\n\t<meta property=\"og:image:type\" content=\"image\/jpeg\" \/>\n<meta name=\"twitter:card\" content=\"summary_large_image\" \/>\n<meta name=\"twitter:site\" content=\"@_fredfloris_\" \/>\n<meta name=\"twitter:label1\" content=\"Dur\u00e9e de lecture estim\u00e9e\" \/>\n\t<meta name=\"twitter:data1\" content=\"1 minute\" \/>\n<script type=\"application\/ld+json\" class=\"yoast-schema-graph\">{\"@context\":\"https:\/\/schema.org\",\"@graph\":[{\"@type\":\"WebPage\",\"@id\":\"https:\/\/fredfloris.eu\/productpage\/saf-bookmarks\/\",\"url\":\"https:\/\/fredfloris.eu\/productpage\/saf-bookmarks\/\",\"name\":\"Leather Bookmark With Quotes | FredFloris\",\"isPartOf\":{\"@id\":\"https:\/\/fredfloris.eu\/#website\"},\"primaryImageOfPage\":{\"@id\":\"https:\/\/fredfloris.eu\/productpage\/saf-bookmarks\/#primaryimage\"},\"image\":{\"@id\":\"https:\/\/fredfloris.eu\/productpage\/saf-bookmarks\/#primaryimage\"},\"thumbnailUrl\":\"https:\/\/fredfloris.eu\/wp-content\/uploads\/2022\/04\/IMG_1521-scaled.jpg\",\"datePublished\":\"2022-05-15T20:44:55+00:00\",\"dateModified\":\"2025-01-18T21:06:18+00:00\",\"description\":\"Our bookmarks are handcrafted from premium vegetable-tanned leather. Personalize your bookmark with a custom message using heat imprint.\",\"breadcrumb\":{\"@id\":\"https:\/\/fredfloris.eu\/productpage\/saf-bookmarks\/#breadcrumb\"},\"inLanguage\":\"fr-FR\",\"potentialAction\":[{\"@type\":\"ReadAction\",\"target\":[\"https:\/\/fredfloris.eu\/productpage\/saf-bookmarks\/\"]}]},{\"@type\":\"ImageObject\",\"inLanguage\":\"fr-FR\",\"@id\":\"https:\/\/fredfloris.eu\/productpage\/saf-bookmarks\/#primaryimage\",\"url\":\"https:\/\/fredfloris.eu\/wp-content\/uploads\/2022\/04\/IMG_1521-scaled.jpg\",\"contentUrl\":\"https:\/\/fredfloris.eu\/wp-content\/uploads\/2022\/04\/IMG_1521-scaled.jpg\",\"width\":2560,\"height\":1707,\"caption\":\"Tan leather bookmark, with Toy Story quote, heat pressed option without gold foil.\"},{\"@type\":\"BreadcrumbList\",\"@id\":\"https:\/\/fredfloris.eu\/productpage\/saf-bookmarks\/#breadcrumb\",\"itemListElement\":[{\"@type\":\"ListItem\",\"position\":1,\"name\":\"Home\",\"item\":\"https:\/\/fredfloris.eu\/\"},{\"@type\":\"ListItem\",\"position\":2,\"name\":\"Shop\",\"item\":\"https:\/\/fredfloris.eu\/shop\/\"},{\"@type\":\"ListItem\",\"position\":3,\"name\":\"Selma, Astrid or Fredrika &#8211; Bookmarks\"}]},{\"@type\":\"WebSite\",\"@id\":\"https:\/\/fredfloris.eu\/#website\",\"url\":\"https:\/\/fredfloris.eu\/\",\"name\":\"FredFloris\",\"description\":\"Handcrafted Leathergoods - Made in Sweden\",\"publisher\":{\"@id\":\"https:\/\/fredfloris.eu\/#organization\"},\"potentialAction\":[{\"@type\":\"SearchAction\",\"target\":{\"@type\":\"EntryPoint\",\"urlTemplate\":\"https:\/\/fredfloris.eu\/?s={search_term_string}\"},\"query-input\":{\"@type\":\"PropertyValueSpecification\",\"valueRequired\":true,\"valueName\":\"search_term_string\"}}],\"inLanguage\":\"fr-FR\"},{\"@type\":\"Organization\",\"@id\":\"https:\/\/fredfloris.eu\/#organization\",\"name\":\"FredFloris\",\"url\":\"https:\/\/fredfloris.eu\/\",\"logo\":{\"@type\":\"ImageObject\",\"inLanguage\":\"fr-FR\",\"@id\":\"https:\/\/fredfloris.eu\/#\/schema\/logo\/image\/\",\"url\":\"https:\/\/fredfloris.eu\/wp-content\/uploads\/2022\/03\/FredFloris-med-hel-nal-och-text.png\",\"contentUrl\":\"https:\/\/fredfloris.eu\/wp-content\/uploads\/2022\/03\/FredFloris-med-hel-nal-och-text.png\",\"width\":591,\"height\":283,\"caption\":\"FredFloris\"},\"image\":{\"@id\":\"https:\/\/fredfloris.eu\/#\/schema\/logo\/image\/\"},\"sameAs\":[\"https:\/\/www.facebook.com\/FredFloris.Artisan.Studio\/\",\"https:\/\/x.com\/_fredfloris_\",\"https:\/\/www.instagram.com\/fredfloris.artisan.studio\/\"]}]}<\/script>\n<!-- \/ Yoast SEO plugin. -->","yoast_head_json":{"title":"Signet en cuir avec citations | FredFloris","description":"Nos marque-pages sont fabriqu\u00e9s \u00e0 la main \u00e0 partir de cuir tann\u00e9 v\u00e9g\u00e9tal de premi\u00e8re qualit\u00e9. Personnalisez votre marque-page avec un message personnalis\u00e9 en l'imprimant \u00e0 chaud.","robots":{"index":"index","follow":"follow","max-snippet":"max-snippet:-1","max-image-preview":"max-image-preview:large","max-video-preview":"max-video-preview:-1"},"canonical":"https:\/\/fredfloris.eu\/fr\/productpage\/saf-bookmarks\/?wmc-currency=EUR","og_locale":"fr_FR","og_type":"article","og_title":"Leather Bookmark With Quotes | FredFloris","og_description":"Our bookmarks are handcrafted from premium vegetable-tanned leather. Personalize your bookmark with a custom message using heat imprint.","og_url":"https:\/\/fredfloris.eu\/fr\/productpage\/saf-bookmarks\/?wmc-currency=EUR","og_site_name":"FredFloris","article_publisher":"https:\/\/www.facebook.com\/FredFloris.Artisan.Studio\/","article_modified_time":"2025-01-18T21:06:18+00:00","og_image":[{"width":2560,"height":1707,"url":"https:\/\/fredfloris.eu\/wp-content\/uploads\/2022\/04\/IMG_1521-scaled.jpg","type":"image\/jpeg"}],"twitter_card":"summary_large_image","twitter_site":"@_fredfloris_","twitter_misc":{"Dur\u00e9e de lecture estim\u00e9e":"1 minute"},"schema":{"@context":"https:\/\/schema.org","@graph":[{"@type":"WebPage","@id":"https:\/\/fredfloris.eu\/productpage\/saf-bookmarks\/","url":"https:\/\/fredfloris.eu\/productpage\/saf-bookmarks\/","name":"Signet en cuir avec citations | FredFloris","isPartOf":{"@id":"https:\/\/fredfloris.eu\/#website"},"primaryImageOfPage":{"@id":"https:\/\/fredfloris.eu\/productpage\/saf-bookmarks\/#primaryimage"},"image":{"@id":"https:\/\/fredfloris.eu\/productpage\/saf-bookmarks\/#primaryimage"},"thumbnailUrl":"https:\/\/fredfloris.eu\/wp-content\/uploads\/2022\/04\/IMG_1521-scaled.jpg","datePublished":"2022-05-15T20:44:55+00:00","dateModified":"2025-01-18T21:06:18+00:00","description":"Nos marque-pages sont fabriqu\u00e9s \u00e0 la main \u00e0 partir de cuir tann\u00e9 v\u00e9g\u00e9tal de premi\u00e8re qualit\u00e9. Personnalisez votre marque-page avec un message personnalis\u00e9 en l'imprimant \u00e0 chaud.","breadcrumb":{"@id":"https:\/\/fredfloris.eu\/productpage\/saf-bookmarks\/#breadcrumb"},"inLanguage":"fr-FR","potentialAction":[{"@type":"ReadAction","target":["https:\/\/fredfloris.eu\/productpage\/saf-bookmarks\/"]}]},{"@type":"ImageObject","inLanguage":"fr-FR","@id":"https:\/\/fredfloris.eu\/productpage\/saf-bookmarks\/#primaryimage","url":"https:\/\/fredfloris.eu\/wp-content\/uploads\/2022\/04\/IMG_1521-scaled.jpg","contentUrl":"https:\/\/fredfloris.eu\/wp-content\/uploads\/2022\/04\/IMG_1521-scaled.jpg","width":2560,"height":1707,"caption":"Tan leather bookmark, with Toy Story quote, heat pressed option without gold foil."},{"@type":"BreadcrumbList","@id":"https:\/\/fredfloris.eu\/productpage\/saf-bookmarks\/#breadcrumb","itemListElement":[{"@type":"ListItem","position":1,"name":"Home","item":"https:\/\/fredfloris.eu\/"},{"@type":"ListItem","position":2,"name":"Shop","item":"https:\/\/fredfloris.eu\/shop\/"},{"@type":"ListItem","position":3,"name":"Selma, Astrid or Fredrika &#8211; Bookmarks"}]},{"@type":"WebSite","@id":"https:\/\/fredfloris.eu\/#website","url":"https:\/\/fredfloris.eu\/","name":"FredFloris","description":"Maroquinerie artisanale - Fabriqu\u00e9e en Su\u00e8de","publisher":{"@id":"https:\/\/fredfloris.eu\/#organization"},"potentialAction":[{"@type":"SearchAction","target":{"@type":"EntryPoint","urlTemplate":"https:\/\/fredfloris.eu\/?s={search_term_string}"},"query-input":{"@type":"PropertyValueSpecification","valueRequired":true,"valueName":"search_term_string"}}],"inLanguage":"fr-FR"},{"@type":"Organization","@id":"https:\/\/fredfloris.eu\/#organization","name":"FredFloris","url":"https:\/\/fredfloris.eu\/","logo":{"@type":"ImageObject","inLanguage":"fr-FR","@id":"https:\/\/fredfloris.eu\/#\/schema\/logo\/image\/","url":"https:\/\/fredfloris.eu\/wp-content\/uploads\/2022\/03\/FredFloris-med-hel-nal-och-text.png","contentUrl":"https:\/\/fredfloris.eu\/wp-content\/uploads\/2022\/03\/FredFloris-med-hel-nal-och-text.png","width":591,"height":283,"caption":"FredFloris"},"image":{"@id":"https:\/\/fredfloris.eu\/#\/schema\/logo\/image\/"},"sameAs":["https:\/\/www.facebook.com\/FredFloris.Artisan.Studio\/","https:\/\/x.com\/_fredfloris_","https:\/\/www.instagram.com\/fredfloris.artisan.studio\/"]}]}},"brands":[{"id":203,"name":"FredFloris","slug":"fredfloris"}],"_links":{"self":[{"href":"https:\/\/fredfloris.eu\/fr\/wp-json\/wp\/v2\/product\/5009","targetHints":{"allow":["GET"]}}],"collection":[{"href":"https:\/\/fredfloris.eu\/fr\/wp-json\/wp\/v2\/product"}],"about":[{"href":"https:\/\/fredfloris.eu\/fr\/wp-json\/wp\/v2\/types\/product"}],"version-history":[{"count":8,"href":"https:\/\/fredfloris.eu\/fr\/wp-json\/wp\/v2\/product\/5009\/revisions"}],"predecessor-version":[{"id":11552,"href":"https:\/\/fredfloris.eu\/fr\/wp-json\/wp\/v2\/product\/5009\/revisions\/11552"}],"wp:featuredmedia":[{"embeddable":true,"href":"https:\/\/fredfloris.eu\/fr\/wp-json\/wp\/v2\/media\/3087"}],"wp:attachment":[{"href":"https:\/\/fredfloris.eu\/fr\/wp-json\/wp\/v2\/media?parent=5009"}],"wp:term":[{"taxonomy":"pwb-brand","embeddable":true,"href":"https:\/\/fredfloris.eu\/fr\/wp-json\/wp\/v2\/pwb-brand?post=5009"},{"taxonomy":"product_brand","embeddable":true,"href":"https:\/\/fredfloris.eu\/fr\/wp-json\/wp\/v2\/product_brand?post=5009"},{"taxonomy":"product_cat","embeddable":true,"href":"https:\/\/fredfloris.eu\/fr\/wp-json\/wp\/v2\/product_cat?post=5009"},{"taxonomy":"product_tag","embeddable":true,"href":"https:\/\/fredfloris.eu\/fr\/wp-json\/wp\/v2\/product_tag?post=5009"},{"taxonomy":"woo-feed-brand","embeddable":true,"href":"https:\/\/fredfloris.eu\/fr\/wp-json\/wp\/v2\/woo-feed-brand?post=5009"}],"curies":[{"name":"wp","href":"https:\/\/api.w.org\/{rel}","templated":true}]}}