{"id":5121,"date":"2022-05-16T16:45:25","date_gmt":"2022-05-16T14:45:25","guid":{"rendered":"https:\/\/fredfloris.eu\/?post_type=product&#038;p=5121"},"modified":"2024-06-24T21:26:17","modified_gmt":"2024-06-24T19:26:17","slug":"birka-coasters","status":"publish","type":"product","link":"https:\/\/fredfloris.eu\/fr\/productpage\/birka-coasters\/","title":{"rendered":"Birka - Sous-verres en cuir"},"content":{"rendered":"<p><strong>Le prix est pour un ensemble de 6 sous-verres en cuir.<\/strong><\/p>\n<p><strong>Personnalisation :<\/strong> Ajoutez un nom, une image ou un message sans frais suppl\u00e9mentaires. Pour personnaliser le produit avec votre propre motif, il suffit d'ajouter le produit et le motif choisi \u00e0 votre panier.<\/p>\n<p><a class=\"lumise-customize-button button alt\" href=\"https:\/\/fredfloris.eu\/fr\/productpage\/customize-birka-leather-coasters\/?wmc-currency=EUR\" name=\"customize\">Personnaliser<\/a><\/p>\n<p><strong>Am\u00e9liorez votre int\u00e9rieur avec notre lot de 6 sous-verres en cuir, con\u00e7us pour prot\u00e9ger vos surfaces et compl\u00e9ter votre mobilier.<\/strong> Ces sous-verres associent une forme circulaire moderne \u00e0 l'attrait intemporel du cuir, faisant ainsi le lien entre les styles traditionnel et contemporain. Que vous appr\u00e9ciiez le bruit de la glace dans un verre ou le doux tintement d'une cuill\u00e8re en c\u00e9ramique, ces sous-verres vous garantissent un lieu de repos sophistiqu\u00e9 pour votre boisson.<\/p>\n<p><strong>Sp\u00e9cifications du produit :<\/strong><\/p>\n<ul>\n<li><strong>Fabriqu\u00e9 enti\u00e8rement \u00e0 la main dans notre atelier familial Leather Art Studio<\/strong><\/li>\n<li><strong>Mat\u00e9riau :<\/strong> Fabriqu\u00e9 en cuir su\u00e9dois pleine fleur \u00e0 tannage v\u00e9g\u00e9tal<\/li>\n<li><strong>Support :<\/strong> Le support en li\u00e8ge portugais am\u00e9liore la stabilit\u00e9 et ajoute une couche suppl\u00e9mentaire de protection pour vos meubles.<\/li>\n<li><strong>R\u00e9sistance \u00e0 l'eau :<\/strong> Con\u00e7ue pour r\u00e9sister \u00e0 la condensation de votre boisson, elle garde les surfaces s\u00e8ches et propres.<\/li>\n<li><strong>Taille :<\/strong> Chaque sous-verre a un diam\u00e8tre de 100 mm<\/li>\n<li><strong>Options de couleurs :<\/strong> Disponible en noir et en marron, ce qui vous permet de l'assortir \u00e0 votre d\u00e9cor ou d'y ajouter une touche contrast\u00e9e.<\/li>\n<\/ul>\n<p>&nbsp;<\/p>\n<p>&nbsp;<\/p>\n<p>Mots de recherche : Sous-verre en cuir noir, Table, Sous-verre en cuir pour boissons<\/p>","protected":false},"excerpt":{"rendered":"<p>Le cuir pleine fleur provient de fermes su\u00e9doises locales et est tann\u00e9 par la tannerie su\u00e9doise T\u00e4rnsj\u00f6 Garveri. La tannerie T\u00e4rnsj\u00f6 d\u00e9tient les certificats Organic 100 et TUV qui garantissent que les produits fabriqu\u00e9s \u00e0 la tannerie sont 95% biologiques et qu'ils sont fabriqu\u00e9s dans des installations s\u00fbres et s\u00e9curis\u00e9es, respectivement.<\/p>\n<pre><\/pre>\n<p>Une fois le cuir fourni, notre atelier fabrique les sous-verres enti\u00e8rement \u00e0 la main. Notre sous-verre est d\u00e9coup\u00e9 dans l'\u00e9pais cuir su\u00e9dois, puis doubl\u00e9 de li\u00e8ge naturel portugais. Pour parfaire l'ensemble, notre sous-verre est emboss\u00e9 de notre logo.<\/p>\n<pre><\/pre>\n<p>SKU : bir\/coa\/lea\/bla Marque : FredFloris<\/p>","protected":false},"featured_media":10483,"template":"","meta":[],"pwb-brand":[203],"product_brand":[],"product_cat":[109,100],"product_tag":[123,136,105],"woo-feed-brand":[],"class_list":{"0":"post-5121","1":"product","2":"type-product","3":"status-publish","4":"has-post-thumbnail","6":"pwb-brand-fredfloris","7":"product_cat-coasters","8":"product_cat-leathergoods","9":"product_tag-full-grain-leather","10":"product_tag-handmade","11":"product_tag-made-to-order","12":"product_shipping_class-small-goods","13":"pa_leather-colour-black-croupon-swedish","14":"pa_leather-colour-brown-croupon-swedish","16":"first","17":"instock","18":"taxable","19":"shipping-taxable","20":"purchasable","21":"product-type-variable"},"yoast_head":"<!-- This site is optimized with the Yoast SEO plugin v27.2 - https:\/\/yoast.com\/product\/yoast-seo-wordpress\/ -->\n<title>Black Leather Coaster With Cork Backing | FredFloris<\/title>\n<meta name=\"description\" content=\"Black leather coaster that is minimalistic in appearance and sourced from Swedish farms. Perfect as a drink coaster and table coaster.\" \/>\n<meta name=\"robots\" content=\"index, follow, max-snippet:-1, max-image-preview:large, max-video-preview:-1\" \/>\n<link rel=\"canonical\" href=\"https:\/\/fredfloris.eu\/fr\/productpage\/birka-coasters\/?wmc-currency=EUR\" \/>\n<meta property=\"og:locale\" content=\"fr_FR\" \/>\n<meta property=\"og:type\" content=\"article\" \/>\n<meta property=\"og:title\" content=\"Black Leather Coaster With Cork Backing | FredFloris\" \/>\n<meta property=\"og:description\" content=\"Black leather coaster that is minimalistic in appearance and sourced from Swedish farms. Perfect as a drink coaster and table coaster.\" \/>\n<meta property=\"og:url\" content=\"https:\/\/fredfloris.eu\/fr\/productpage\/birka-coasters\/?wmc-currency=EUR\" \/>\n<meta property=\"og:site_name\" content=\"FredFloris\" \/>\n<meta property=\"article:publisher\" content=\"https:\/\/www.facebook.com\/FredFloris.Artisan.Studio\/\" \/>\n<meta property=\"article:modified_time\" content=\"2024-06-24T19:26:17+00:00\" \/>\n<meta property=\"og:image\" content=\"https:\/\/fredfloris.eu\/wp-content\/uploads\/2023\/09\/IMG_5580-scaled.jpg\" \/>\n\t<meta property=\"og:image:width\" content=\"2560\" \/>\n\t<meta property=\"og:image:height\" content=\"1707\" \/>\n\t<meta property=\"og:image:type\" content=\"image\/jpeg\" \/>\n<meta name=\"twitter:card\" content=\"summary_large_image\" \/>\n<meta name=\"twitter:site\" content=\"@_fredfloris_\" \/>\n<meta name=\"twitter:label1\" content=\"Dur\u00e9e de lecture estim\u00e9e\" \/>\n\t<meta name=\"twitter:data1\" content=\"2 minutes\" \/>\n<script type=\"application\/ld+json\" class=\"yoast-schema-graph\">{\"@context\":\"https:\/\/schema.org\",\"@graph\":[{\"@type\":\"WebPage\",\"@id\":\"https:\/\/fredfloris.eu\/productpage\/birka-coasters\/\",\"url\":\"https:\/\/fredfloris.eu\/productpage\/birka-coasters\/\",\"name\":\"Black Leather Coaster With Cork Backing | FredFloris\",\"isPartOf\":{\"@id\":\"https:\/\/fredfloris.eu\/#website\"},\"primaryImageOfPage\":{\"@id\":\"https:\/\/fredfloris.eu\/productpage\/birka-coasters\/#primaryimage\"},\"image\":{\"@id\":\"https:\/\/fredfloris.eu\/productpage\/birka-coasters\/#primaryimage\"},\"thumbnailUrl\":\"https:\/\/fredfloris.eu\/wp-content\/uploads\/2023\/09\/IMG_5580-scaled.jpg\",\"datePublished\":\"2022-05-16T14:45:25+00:00\",\"dateModified\":\"2024-06-24T19:26:17+00:00\",\"description\":\"Black leather coaster that is minimalistic in appearance and sourced from Swedish farms. Perfect as a drink coaster and table coaster.\",\"breadcrumb\":{\"@id\":\"https:\/\/fredfloris.eu\/productpage\/birka-coasters\/#breadcrumb\"},\"inLanguage\":\"fr-FR\",\"potentialAction\":[{\"@type\":\"ReadAction\",\"target\":[\"https:\/\/fredfloris.eu\/productpage\/birka-coasters\/\"]}]},{\"@type\":\"ImageObject\",\"inLanguage\":\"fr-FR\",\"@id\":\"https:\/\/fredfloris.eu\/productpage\/birka-coasters\/#primaryimage\",\"url\":\"https:\/\/fredfloris.eu\/wp-content\/uploads\/2023\/09\/IMG_5580-scaled.jpg\",\"contentUrl\":\"https:\/\/fredfloris.eu\/wp-content\/uploads\/2023\/09\/IMG_5580-scaled.jpg\",\"width\":2560,\"height\":1707,\"caption\":\"Product: Birka - Leather Coasters, Colour: Black & Brown, Cork Backing For Coasters\"},{\"@type\":\"BreadcrumbList\",\"@id\":\"https:\/\/fredfloris.eu\/productpage\/birka-coasters\/#breadcrumb\",\"itemListElement\":[{\"@type\":\"ListItem\",\"position\":1,\"name\":\"Home\",\"item\":\"https:\/\/fredfloris.eu\/\"},{\"@type\":\"ListItem\",\"position\":2,\"name\":\"Shop\",\"item\":\"https:\/\/fredfloris.eu\/shop\/\"},{\"@type\":\"ListItem\",\"position\":3,\"name\":\"Birka &#8211; Leather Coasters\"}]},{\"@type\":\"WebSite\",\"@id\":\"https:\/\/fredfloris.eu\/#website\",\"url\":\"https:\/\/fredfloris.eu\/\",\"name\":\"FredFloris\",\"description\":\"Handcrafted Leathergoods - Made in Sweden\",\"publisher\":{\"@id\":\"https:\/\/fredfloris.eu\/#organization\"},\"potentialAction\":[{\"@type\":\"SearchAction\",\"target\":{\"@type\":\"EntryPoint\",\"urlTemplate\":\"https:\/\/fredfloris.eu\/?s={search_term_string}\"},\"query-input\":{\"@type\":\"PropertyValueSpecification\",\"valueRequired\":true,\"valueName\":\"search_term_string\"}}],\"inLanguage\":\"fr-FR\"},{\"@type\":\"Organization\",\"@id\":\"https:\/\/fredfloris.eu\/#organization\",\"name\":\"FredFloris\",\"url\":\"https:\/\/fredfloris.eu\/\",\"logo\":{\"@type\":\"ImageObject\",\"inLanguage\":\"fr-FR\",\"@id\":\"https:\/\/fredfloris.eu\/#\/schema\/logo\/image\/\",\"url\":\"https:\/\/fredfloris.eu\/wp-content\/uploads\/2022\/03\/FredFloris-med-hel-nal-och-text.png\",\"contentUrl\":\"https:\/\/fredfloris.eu\/wp-content\/uploads\/2022\/03\/FredFloris-med-hel-nal-och-text.png\",\"width\":591,\"height\":283,\"caption\":\"FredFloris\"},\"image\":{\"@id\":\"https:\/\/fredfloris.eu\/#\/schema\/logo\/image\/\"},\"sameAs\":[\"https:\/\/www.facebook.com\/FredFloris.Artisan.Studio\/\",\"https:\/\/x.com\/_fredfloris_\",\"https:\/\/www.instagram.com\/fredfloris.artisan.studio\/\"]}]}<\/script>\n<!-- \/ Yoast SEO plugin. -->","yoast_head_json":{"title":"Sous-verre en cuir noir avec support en li\u00e8ge | FredFloris","description":"Sous-verre en cuir noir d'aspect minimaliste provenant de fermes su\u00e9doises. Parfait comme sous-verre de boisson ou de table.","robots":{"index":"index","follow":"follow","max-snippet":"max-snippet:-1","max-image-preview":"max-image-preview:large","max-video-preview":"max-video-preview:-1"},"canonical":"https:\/\/fredfloris.eu\/fr\/productpage\/birka-coasters\/?wmc-currency=EUR","og_locale":"fr_FR","og_type":"article","og_title":"Black Leather Coaster With Cork Backing | FredFloris","og_description":"Black leather coaster that is minimalistic in appearance and sourced from Swedish farms. Perfect as a drink coaster and table coaster.","og_url":"https:\/\/fredfloris.eu\/fr\/productpage\/birka-coasters\/?wmc-currency=EUR","og_site_name":"FredFloris","article_publisher":"https:\/\/www.facebook.com\/FredFloris.Artisan.Studio\/","article_modified_time":"2024-06-24T19:26:17+00:00","og_image":[{"width":2560,"height":1707,"url":"https:\/\/fredfloris.eu\/wp-content\/uploads\/2023\/09\/IMG_5580-scaled.jpg","type":"image\/jpeg"}],"twitter_card":"summary_large_image","twitter_site":"@_fredfloris_","twitter_misc":{"Dur\u00e9e de lecture estim\u00e9e":"2 minutes"},"schema":{"@context":"https:\/\/schema.org","@graph":[{"@type":"WebPage","@id":"https:\/\/fredfloris.eu\/productpage\/birka-coasters\/","url":"https:\/\/fredfloris.eu\/productpage\/birka-coasters\/","name":"Sous-verre en cuir noir avec support en li\u00e8ge | FredFloris","isPartOf":{"@id":"https:\/\/fredfloris.eu\/#website"},"primaryImageOfPage":{"@id":"https:\/\/fredfloris.eu\/productpage\/birka-coasters\/#primaryimage"},"image":{"@id":"https:\/\/fredfloris.eu\/productpage\/birka-coasters\/#primaryimage"},"thumbnailUrl":"https:\/\/fredfloris.eu\/wp-content\/uploads\/2023\/09\/IMG_5580-scaled.jpg","datePublished":"2022-05-16T14:45:25+00:00","dateModified":"2024-06-24T19:26:17+00:00","description":"Sous-verre en cuir noir d'aspect minimaliste provenant de fermes su\u00e9doises. Parfait comme sous-verre de boisson ou de table.","breadcrumb":{"@id":"https:\/\/fredfloris.eu\/productpage\/birka-coasters\/#breadcrumb"},"inLanguage":"fr-FR","potentialAction":[{"@type":"ReadAction","target":["https:\/\/fredfloris.eu\/productpage\/birka-coasters\/"]}]},{"@type":"ImageObject","inLanguage":"fr-FR","@id":"https:\/\/fredfloris.eu\/productpage\/birka-coasters\/#primaryimage","url":"https:\/\/fredfloris.eu\/wp-content\/uploads\/2023\/09\/IMG_5580-scaled.jpg","contentUrl":"https:\/\/fredfloris.eu\/wp-content\/uploads\/2023\/09\/IMG_5580-scaled.jpg","width":2560,"height":1707,"caption":"Product: Birka - Leather Coasters, Colour: Black & Brown, Cork Backing For Coasters"},{"@type":"BreadcrumbList","@id":"https:\/\/fredfloris.eu\/productpage\/birka-coasters\/#breadcrumb","itemListElement":[{"@type":"ListItem","position":1,"name":"Home","item":"https:\/\/fredfloris.eu\/"},{"@type":"ListItem","position":2,"name":"Shop","item":"https:\/\/fredfloris.eu\/shop\/"},{"@type":"ListItem","position":3,"name":"Birka &#8211; Leather Coasters"}]},{"@type":"WebSite","@id":"https:\/\/fredfloris.eu\/#website","url":"https:\/\/fredfloris.eu\/","name":"FredFloris","description":"Maroquinerie artisanale - Fabriqu\u00e9e en Su\u00e8de","publisher":{"@id":"https:\/\/fredfloris.eu\/#organization"},"potentialAction":[{"@type":"SearchAction","target":{"@type":"EntryPoint","urlTemplate":"https:\/\/fredfloris.eu\/?s={search_term_string}"},"query-input":{"@type":"PropertyValueSpecification","valueRequired":true,"valueName":"search_term_string"}}],"inLanguage":"fr-FR"},{"@type":"Organization","@id":"https:\/\/fredfloris.eu\/#organization","name":"FredFloris","url":"https:\/\/fredfloris.eu\/","logo":{"@type":"ImageObject","inLanguage":"fr-FR","@id":"https:\/\/fredfloris.eu\/#\/schema\/logo\/image\/","url":"https:\/\/fredfloris.eu\/wp-content\/uploads\/2022\/03\/FredFloris-med-hel-nal-och-text.png","contentUrl":"https:\/\/fredfloris.eu\/wp-content\/uploads\/2022\/03\/FredFloris-med-hel-nal-och-text.png","width":591,"height":283,"caption":"FredFloris"},"image":{"@id":"https:\/\/fredfloris.eu\/#\/schema\/logo\/image\/"},"sameAs":["https:\/\/www.facebook.com\/FredFloris.Artisan.Studio\/","https:\/\/x.com\/_fredfloris_","https:\/\/www.instagram.com\/fredfloris.artisan.studio\/"]}]}},"brands":[{"id":203,"name":"FredFloris","slug":"fredfloris"}],"_links":{"self":[{"href":"https:\/\/fredfloris.eu\/fr\/wp-json\/wp\/v2\/product\/5121","targetHints":{"allow":["GET"]}}],"collection":[{"href":"https:\/\/fredfloris.eu\/fr\/wp-json\/wp\/v2\/product"}],"about":[{"href":"https:\/\/fredfloris.eu\/fr\/wp-json\/wp\/v2\/types\/product"}],"version-history":[{"count":15,"href":"https:\/\/fredfloris.eu\/fr\/wp-json\/wp\/v2\/product\/5121\/revisions"}],"predecessor-version":[{"id":11550,"href":"https:\/\/fredfloris.eu\/fr\/wp-json\/wp\/v2\/product\/5121\/revisions\/11550"}],"wp:featuredmedia":[{"embeddable":true,"href":"https:\/\/fredfloris.eu\/fr\/wp-json\/wp\/v2\/media\/10483"}],"wp:attachment":[{"href":"https:\/\/fredfloris.eu\/fr\/wp-json\/wp\/v2\/media?parent=5121"}],"wp:term":[{"taxonomy":"pwb-brand","embeddable":true,"href":"https:\/\/fredfloris.eu\/fr\/wp-json\/wp\/v2\/pwb-brand?post=5121"},{"taxonomy":"product_brand","embeddable":true,"href":"https:\/\/fredfloris.eu\/fr\/wp-json\/wp\/v2\/product_brand?post=5121"},{"taxonomy":"product_cat","embeddable":true,"href":"https:\/\/fredfloris.eu\/fr\/wp-json\/wp\/v2\/product_cat?post=5121"},{"taxonomy":"product_tag","embeddable":true,"href":"https:\/\/fredfloris.eu\/fr\/wp-json\/wp\/v2\/product_tag?post=5121"},{"taxonomy":"woo-feed-brand","embeddable":true,"href":"https:\/\/fredfloris.eu\/fr\/wp-json\/wp\/v2\/woo-feed-brand?post=5121"}],"curies":[{"name":"wp","href":"https:\/\/api.w.org\/{rel}","templated":true}]}}