{"id":5145,"date":"2022-05-16T17:07:29","date_gmt":"2022-05-16T15:07:29","guid":{"rendered":"https:\/\/fredfloris.eu\/?post_type=product&#038;p=5145"},"modified":"2026-05-09T11:55:36","modified_gmt":"2026-05-09T10:55:36","slug":"cg-hard-glasses-cases","status":"publish","type":"product","link":"https:\/\/fredfloris.eu\/fr\/productpage\/cg-hard-glasses-cases\/","title":{"rendered":"Carl-Gustaf - \u00c9tuis \u00e0 lunettes"},"content":{"rendered":"<p><strong>Personnalisation :<\/strong> Ajoutez un nom, une image ou un message sans frais suppl\u00e9mentaires. Pour personnaliser le produit avec votre propre motif, ajoutez simplement le produit et le motif de votre choix \u00e0 votre panier.<\/p>\n<p><a class=\"lumise-customize-button button alt\" href=\"https:\/\/fredfloris.eu\/fr\/productpage\/customize-carl-gustaf-hard-glasses-cases\/?wmc-currency=EUR\" name=\"customize\">Personnaliser<\/a><\/p>\n<p><strong>D\u00e9couvrez le monde avec confiance et pr\u00e9paration gr\u00e2ce \u00e0 l'\u00e9tui \u00e0 lunettes Carl-Gustaf.<\/strong> Cet \u00e9tui est con\u00e7u pour prot\u00e9ger vos lunettes de la casse et des rayures, en veillant \u00e0 ce qu'elles soient solidement maintenues dans une structure en cuir tremp\u00e9. Dot\u00e9 d'un rivet \u00e0 double capsule et d'un bouton galvanis\u00e9 disponible en laiton ou en fer, cet \u00e9tui emp\u00eache vos lunettes de se perdre dans votre sac et les prot\u00e8ge contre les rigueurs de la vie quotidienne et les aventures.<\/p>\n<p><strong>Sp\u00e9cifications du produit :<\/strong><\/p>\n<ul>\n<li><strong>Fabriqu\u00e9 enti\u00e8rement \u00e0 la main dans notre atelier familial Leather Art Studio<\/strong><\/li>\n<li><strong>Dimensions :<\/strong> Largeur : ~190 mm, Hauteur : ~65 mm<\/li>\n<li><strong>Mat\u00e9riau :<\/strong> Fabriqu\u00e9 en cuir pleine fleur \u00e0 tannage v\u00e9g\u00e9tal, provenant d'\u00e9paules de vaches italiennes\/fran\u00e7aises.<\/li>\n<li><strong>Couleur :<\/strong> Disponible en acajou<\/li>\n<li><strong>Finition :<\/strong> Cuir couleur aniline avec dos en cire\/r\u00e9sine<\/li>\n<li><strong>Couture :<\/strong> Couture traditionnelle des selliers, cousue \u00e0 la main<\/li>\n<li><strong>Mat\u00e9riel :<\/strong> Choisissez entre un rivet \u00e0 double capuchon en laiton massif sans risque d'allergie et une quincaillerie en acier inoxydable AISI 304. Les deux options ont \u00e9t\u00e9 test\u00e9es au nickel et en laboratoire pour \u00eatre hygi\u00e9niquement s\u00fbres.<\/li>\n<li><strong>Bouton :<\/strong> Les options comprennent un bouton en fer galvanis\u00e9 ou un bouton en laiton.<\/li>\n<li><strong>Fil :<\/strong> Fabriqu\u00e9 avec du fil Tiger Ritza 25, connu pour sa r\u00e9sistance et sa r\u00e9silience.<\/li>\n<\/ul>\n<p>&nbsp;<\/p>\n<p>L'\u00e9tui \u00e0 lunettes Carl-Gustaf est un accessoire fiable qui allie style et protection pratique, ce qui en fait un \u00e9l\u00e9ment indispensable de vos voyages.<\/p>\n<p>&nbsp;<\/p>\n<p>Mots cl\u00e9s de recherche : leather hard glasses case<\/p>\n<p>&nbsp;<\/p>","protected":false},"excerpt":{"rendered":"<p>Fabriqu\u00e9 \u00e0 partir des \u00e9paules des meilleures peaux de vaches fran\u00e7aises et italiennes, le cuir pleine fleur est tann\u00e9 v\u00e9g\u00e9talement par la tannerie italienne LA RUOTA S.r.l. Cuoi &amp; Pellami. Le cuir est fini avec un traitement arri\u00e8re \u00e0 la cire et \u00e0 la r\u00e9sine qui est r\u00e9serv\u00e9 uniquement aux cuirs de la plus haute qualit\u00e9.<\/p>\n<pre><\/pre>\n<p>Au cours du processus de fabrication, le cuir est d\u00e9coup\u00e9 et la ligne de couture est trac\u00e9e puis poin\u00e7onn\u00e9e \u00e0 l'aide d'un emporte-pi\u00e8ce. Les bords sont arrondis, ponc\u00e9s, color\u00e9s avec plusieurs couches de peinture pour bords, puis polis. La peinture des bords est appliqu\u00e9e avec une grande pr\u00e9cision afin de pr\u00e9server le grain du cuir. L'\u00e9tui est cousu selon la technique traditionnelle du sellier. Cette m\u00e9thode de couture garantit la durabilit\u00e9 de l'\u00e9tui, en particulier lorsqu'il est soumis \u00e0 de fortes contraintes.<\/p>","protected":false},"featured_media":3187,"template":"","meta":[],"pwb-brand":[203],"product_brand":[],"product_cat":[102,100],"product_tag":[123,136,105],"woo-feed-brand":[],"class_list":{"0":"post-5145","1":"product","2":"type-product","3":"status-publish","4":"has-post-thumbnail","6":"pwb-brand-fredfloris","7":"product_cat-glasses-cases","8":"product_cat-leathergoods","9":"product_tag-full-grain-leather","10":"product_tag-handmade","11":"product_tag-made-to-order","12":"product_shipping_class-midsized-goods","13":"pa_leather-colour-mahogany","15":"first","16":"instock","17":"taxable","18":"shipping-taxable","19":"purchasable","20":"product-type-variable","21":"has-default-attributes"},"yoast_head":"<!-- This site is optimized with the Yoast SEO plugin v27.2 - https:\/\/yoast.com\/product\/yoast-seo-wordpress\/ -->\n<title>Handmade Full-Grain European Leather Glasses Case | FredFloris<\/title>\n<meta name=\"description\" content=\"The Italian full-grain hard leather glasses case is handmade in Sweden. Featuring a large interior and snap closure for all different specs.\" \/>\n<meta name=\"robots\" content=\"index, follow, max-snippet:-1, max-image-preview:large, max-video-preview:-1\" \/>\n<link rel=\"canonical\" href=\"https:\/\/fredfloris.eu\/fr\/productpage\/cg-hard-glasses-cases\/?wmc-currency=EUR\" \/>\n<meta property=\"og:locale\" content=\"fr_FR\" \/>\n<meta property=\"og:type\" content=\"article\" \/>\n<meta property=\"og:title\" content=\"Handmade Full-Grain European Leather Glasses Case | FredFloris\" \/>\n<meta property=\"og:description\" content=\"The Italian full-grain hard leather glasses case is handmade in Sweden. Featuring a large interior and snap closure for all different specs.\" \/>\n<meta property=\"og:url\" content=\"https:\/\/fredfloris.eu\/fr\/productpage\/cg-hard-glasses-cases\/?wmc-currency=EUR\" \/>\n<meta property=\"og:site_name\" content=\"FredFloris\" \/>\n<meta property=\"article:publisher\" content=\"https:\/\/www.facebook.com\/FredFloris.Artisan.Studio\/\" \/>\n<meta property=\"article:modified_time\" content=\"2026-05-09T10:55:36+00:00\" \/>\n<meta property=\"og:image\" content=\"https:\/\/fredfloris.eu\/wp-content\/uploads\/2022\/04\/IMG_0275-scaled.jpg\" \/>\n\t<meta property=\"og:image:width\" content=\"2560\" \/>\n\t<meta property=\"og:image:height\" content=\"1707\" \/>\n\t<meta property=\"og:image:type\" content=\"image\/jpeg\" \/>\n<meta name=\"twitter:card\" content=\"summary_large_image\" \/>\n<meta name=\"twitter:site\" content=\"@_fredfloris_\" \/>\n<meta name=\"twitter:label1\" content=\"Dur\u00e9e de lecture estim\u00e9e\" \/>\n\t<meta name=\"twitter:data1\" content=\"2 minutes\" \/>\n<script type=\"application\/ld+json\" class=\"yoast-schema-graph\">{\"@context\":\"https:\/\/schema.org\",\"@graph\":[{\"@type\":\"WebPage\",\"@id\":\"https:\/\/fredfloris.eu\/productpage\/cg-hard-glasses-cases\/\",\"url\":\"https:\/\/fredfloris.eu\/productpage\/cg-hard-glasses-cases\/\",\"name\":\"Handmade Full-Grain European Leather Glasses Case | FredFloris\",\"isPartOf\":{\"@id\":\"https:\/\/fredfloris.eu\/#website\"},\"primaryImageOfPage\":{\"@id\":\"https:\/\/fredfloris.eu\/productpage\/cg-hard-glasses-cases\/#primaryimage\"},\"image\":{\"@id\":\"https:\/\/fredfloris.eu\/productpage\/cg-hard-glasses-cases\/#primaryimage\"},\"thumbnailUrl\":\"https:\/\/fredfloris.eu\/wp-content\/uploads\/2022\/04\/IMG_0275-scaled.jpg\",\"datePublished\":\"2022-05-16T15:07:29+00:00\",\"dateModified\":\"2026-05-09T10:55:36+00:00\",\"description\":\"The Italian full-grain hard leather glasses case is handmade in Sweden. Featuring a large interior and snap closure for all different specs.\",\"breadcrumb\":{\"@id\":\"https:\/\/fredfloris.eu\/productpage\/cg-hard-glasses-cases\/#breadcrumb\"},\"inLanguage\":\"fr-FR\",\"potentialAction\":[{\"@type\":\"ReadAction\",\"target\":[\"https:\/\/fredfloris.eu\/productpage\/cg-hard-glasses-cases\/\"]}]},{\"@type\":\"ImageObject\",\"inLanguage\":\"fr-FR\",\"@id\":\"https:\/\/fredfloris.eu\/productpage\/cg-hard-glasses-cases\/#primaryimage\",\"url\":\"https:\/\/fredfloris.eu\/wp-content\/uploads\/2022\/04\/IMG_0275-scaled.jpg\",\"contentUrl\":\"https:\/\/fredfloris.eu\/wp-content\/uploads\/2022\/04\/IMG_0275-scaled.jpg\",\"width\":2560,\"height\":1707,\"caption\":\"Product: Carl-Gustaf - Hard Glasses Cases, Colour: Mahogany, Thread Colour: Black, Button: Galvanised Brass\"},{\"@type\":\"BreadcrumbList\",\"@id\":\"https:\/\/fredfloris.eu\/productpage\/cg-hard-glasses-cases\/#breadcrumb\",\"itemListElement\":[{\"@type\":\"ListItem\",\"position\":1,\"name\":\"Home\",\"item\":\"https:\/\/fredfloris.eu\/\"},{\"@type\":\"ListItem\",\"position\":2,\"name\":\"Shop\",\"item\":\"https:\/\/fredfloris.eu\/shop\/\"},{\"@type\":\"ListItem\",\"position\":3,\"name\":\"Carl-Gustaf &#8211; Glasses Cases\"}]},{\"@type\":\"WebSite\",\"@id\":\"https:\/\/fredfloris.eu\/#website\",\"url\":\"https:\/\/fredfloris.eu\/\",\"name\":\"FredFloris\",\"description\":\"Handcrafted Leathergoods - Made in Sweden\",\"publisher\":{\"@id\":\"https:\/\/fredfloris.eu\/#organization\"},\"potentialAction\":[{\"@type\":\"SearchAction\",\"target\":{\"@type\":\"EntryPoint\",\"urlTemplate\":\"https:\/\/fredfloris.eu\/?s={search_term_string}\"},\"query-input\":{\"@type\":\"PropertyValueSpecification\",\"valueRequired\":true,\"valueName\":\"search_term_string\"}}],\"inLanguage\":\"fr-FR\"},{\"@type\":\"Organization\",\"@id\":\"https:\/\/fredfloris.eu\/#organization\",\"name\":\"FredFloris\",\"url\":\"https:\/\/fredfloris.eu\/\",\"logo\":{\"@type\":\"ImageObject\",\"inLanguage\":\"fr-FR\",\"@id\":\"https:\/\/fredfloris.eu\/#\/schema\/logo\/image\/\",\"url\":\"https:\/\/fredfloris.eu\/wp-content\/uploads\/2022\/03\/FredFloris-med-hel-nal-och-text.png\",\"contentUrl\":\"https:\/\/fredfloris.eu\/wp-content\/uploads\/2022\/03\/FredFloris-med-hel-nal-och-text.png\",\"width\":591,\"height\":283,\"caption\":\"FredFloris\"},\"image\":{\"@id\":\"https:\/\/fredfloris.eu\/#\/schema\/logo\/image\/\"},\"sameAs\":[\"https:\/\/www.facebook.com\/FredFloris.Artisan.Studio\/\",\"https:\/\/x.com\/_fredfloris_\",\"https:\/\/www.instagram.com\/fredfloris.artisan.studio\/\"]}]}<\/script>\n<!-- \/ Yoast SEO plugin. -->","yoast_head_json":{"title":"Etui \u00e0 lunettes en cuir europ\u00e9en pleine fleur fait main | FredFloris","description":"L'\u00e9tui \u00e0 lunettes en cuir dur italien pleine fleur est fabriqu\u00e9 \u00e0 la main en Su\u00e8de. Il est dot\u00e9 d'un grand int\u00e9rieur et d'une fermeture \u00e0 bouton-pression pour toutes les lunettes.","robots":{"index":"index","follow":"follow","max-snippet":"max-snippet:-1","max-image-preview":"max-image-preview:large","max-video-preview":"max-video-preview:-1"},"canonical":"https:\/\/fredfloris.eu\/fr\/productpage\/cg-hard-glasses-cases\/?wmc-currency=EUR","og_locale":"fr_FR","og_type":"article","og_title":"Handmade Full-Grain European Leather Glasses Case | FredFloris","og_description":"The Italian full-grain hard leather glasses case is handmade in Sweden. Featuring a large interior and snap closure for all different specs.","og_url":"https:\/\/fredfloris.eu\/fr\/productpage\/cg-hard-glasses-cases\/?wmc-currency=EUR","og_site_name":"FredFloris","article_publisher":"https:\/\/www.facebook.com\/FredFloris.Artisan.Studio\/","article_modified_time":"2026-05-09T10:55:36+00:00","og_image":[{"width":2560,"height":1707,"url":"https:\/\/fredfloris.eu\/wp-content\/uploads\/2022\/04\/IMG_0275-scaled.jpg","type":"image\/jpeg"}],"twitter_card":"summary_large_image","twitter_site":"@_fredfloris_","twitter_misc":{"Dur\u00e9e de lecture estim\u00e9e":"2 minutes"},"schema":{"@context":"https:\/\/schema.org","@graph":[{"@type":"WebPage","@id":"https:\/\/fredfloris.eu\/productpage\/cg-hard-glasses-cases\/","url":"https:\/\/fredfloris.eu\/productpage\/cg-hard-glasses-cases\/","name":"Etui \u00e0 lunettes en cuir europ\u00e9en pleine fleur fait main | FredFloris","isPartOf":{"@id":"https:\/\/fredfloris.eu\/#website"},"primaryImageOfPage":{"@id":"https:\/\/fredfloris.eu\/productpage\/cg-hard-glasses-cases\/#primaryimage"},"image":{"@id":"https:\/\/fredfloris.eu\/productpage\/cg-hard-glasses-cases\/#primaryimage"},"thumbnailUrl":"https:\/\/fredfloris.eu\/wp-content\/uploads\/2022\/04\/IMG_0275-scaled.jpg","datePublished":"2022-05-16T15:07:29+00:00","dateModified":"2026-05-09T10:55:36+00:00","description":"L'\u00e9tui \u00e0 lunettes en cuir dur italien pleine fleur est fabriqu\u00e9 \u00e0 la main en Su\u00e8de. Il est dot\u00e9 d'un grand int\u00e9rieur et d'une fermeture \u00e0 bouton-pression pour toutes les lunettes.","breadcrumb":{"@id":"https:\/\/fredfloris.eu\/productpage\/cg-hard-glasses-cases\/#breadcrumb"},"inLanguage":"fr-FR","potentialAction":[{"@type":"ReadAction","target":["https:\/\/fredfloris.eu\/productpage\/cg-hard-glasses-cases\/"]}]},{"@type":"ImageObject","inLanguage":"fr-FR","@id":"https:\/\/fredfloris.eu\/productpage\/cg-hard-glasses-cases\/#primaryimage","url":"https:\/\/fredfloris.eu\/wp-content\/uploads\/2022\/04\/IMG_0275-scaled.jpg","contentUrl":"https:\/\/fredfloris.eu\/wp-content\/uploads\/2022\/04\/IMG_0275-scaled.jpg","width":2560,"height":1707,"caption":"Product: Carl-Gustaf - Hard Glasses Cases, Colour: Mahogany, Thread Colour: Black, Button: Galvanised Brass"},{"@type":"BreadcrumbList","@id":"https:\/\/fredfloris.eu\/productpage\/cg-hard-glasses-cases\/#breadcrumb","itemListElement":[{"@type":"ListItem","position":1,"name":"Home","item":"https:\/\/fredfloris.eu\/"},{"@type":"ListItem","position":2,"name":"Shop","item":"https:\/\/fredfloris.eu\/shop\/"},{"@type":"ListItem","position":3,"name":"Carl-Gustaf &#8211; Glasses Cases"}]},{"@type":"WebSite","@id":"https:\/\/fredfloris.eu\/#website","url":"https:\/\/fredfloris.eu\/","name":"FredFloris","description":"Maroquinerie artisanale - Fabriqu\u00e9e en Su\u00e8de","publisher":{"@id":"https:\/\/fredfloris.eu\/#organization"},"potentialAction":[{"@type":"SearchAction","target":{"@type":"EntryPoint","urlTemplate":"https:\/\/fredfloris.eu\/?s={search_term_string}"},"query-input":{"@type":"PropertyValueSpecification","valueRequired":true,"valueName":"search_term_string"}}],"inLanguage":"fr-FR"},{"@type":"Organization","@id":"https:\/\/fredfloris.eu\/#organization","name":"FredFloris","url":"https:\/\/fredfloris.eu\/","logo":{"@type":"ImageObject","inLanguage":"fr-FR","@id":"https:\/\/fredfloris.eu\/#\/schema\/logo\/image\/","url":"https:\/\/fredfloris.eu\/wp-content\/uploads\/2022\/03\/FredFloris-med-hel-nal-och-text.png","contentUrl":"https:\/\/fredfloris.eu\/wp-content\/uploads\/2022\/03\/FredFloris-med-hel-nal-och-text.png","width":591,"height":283,"caption":"FredFloris"},"image":{"@id":"https:\/\/fredfloris.eu\/#\/schema\/logo\/image\/"},"sameAs":["https:\/\/www.facebook.com\/FredFloris.Artisan.Studio\/","https:\/\/x.com\/_fredfloris_","https:\/\/www.instagram.com\/fredfloris.artisan.studio\/"]}]}},"brands":[{"id":203,"name":"FredFloris","slug":"fredfloris"}],"_links":{"self":[{"href":"https:\/\/fredfloris.eu\/fr\/wp-json\/wp\/v2\/product\/5145","targetHints":{"allow":["GET"]}}],"collection":[{"href":"https:\/\/fredfloris.eu\/fr\/wp-json\/wp\/v2\/product"}],"about":[{"href":"https:\/\/fredfloris.eu\/fr\/wp-json\/wp\/v2\/types\/product"}],"version-history":[{"count":11,"href":"https:\/\/fredfloris.eu\/fr\/wp-json\/wp\/v2\/product\/5145\/revisions"}],"predecessor-version":[{"id":11547,"href":"https:\/\/fredfloris.eu\/fr\/wp-json\/wp\/v2\/product\/5145\/revisions\/11547"}],"wp:featuredmedia":[{"embeddable":true,"href":"https:\/\/fredfloris.eu\/fr\/wp-json\/wp\/v2\/media\/3187"}],"wp:attachment":[{"href":"https:\/\/fredfloris.eu\/fr\/wp-json\/wp\/v2\/media?parent=5145"}],"wp:term":[{"taxonomy":"pwb-brand","embeddable":true,"href":"https:\/\/fredfloris.eu\/fr\/wp-json\/wp\/v2\/pwb-brand?post=5145"},{"taxonomy":"product_brand","embeddable":true,"href":"https:\/\/fredfloris.eu\/fr\/wp-json\/wp\/v2\/product_brand?post=5145"},{"taxonomy":"product_cat","embeddable":true,"href":"https:\/\/fredfloris.eu\/fr\/wp-json\/wp\/v2\/product_cat?post=5145"},{"taxonomy":"product_tag","embeddable":true,"href":"https:\/\/fredfloris.eu\/fr\/wp-json\/wp\/v2\/product_tag?post=5145"},{"taxonomy":"woo-feed-brand","embeddable":true,"href":"https:\/\/fredfloris.eu\/fr\/wp-json\/wp\/v2\/woo-feed-brand?post=5145"}],"curies":[{"name":"wp","href":"https:\/\/api.w.org\/{rel}","templated":true}]}}