{"id":5158,"date":"2022-05-16T17:48:39","date_gmt":"2022-05-16T15:48:39","guid":{"rendered":"https:\/\/fredfloris.eu\/?post_type=product&#038;p=5158"},"modified":"2025-02-22T15:37:45","modified_gmt":"2025-02-22T13:37:45","slug":"vasa-key-wallet","status":"publish","type":"product","link":"https:\/\/fredfloris.eu\/fr\/productpage\/vasa-key-wallet\/","title":{"rendered":"Vasa - Porte-cl\u00e9s"},"content":{"rendered":"<p><strong>Personnalisation :<\/strong> Ajoutez un nom, une image ou un message sans frais suppl\u00e9mentaires. Pour personnaliser le produit avec votre propre motif, il suffit d'ajouter le produit et le motif choisi \u00e0 votre panier.<\/p>\n<p><a class=\"lumise-customize-button button alt\" href=\"https:\/\/fredfloris.eu\/fr\/productpage\/customize-vasa-soft-key-wallet\/?wmc-currency=EUR\" name=\"customize\">Personnaliser<\/a><\/p>\n<p><strong>Explorez l'\u00e9nigme des cl\u00e9s avec notre portefeuille de cl\u00e9s en cuir.<\/strong> Les cl\u00e9s donnent acc\u00e8s aux aspects les plus pr\u00e9cieux de notre vie : nos maisons, nos v\u00e9hicules et nos coffres-forts personnels. Elles sont uniques et prometteuses, et m\u00e9ritent donc d'\u00eatre g\u00e9r\u00e9es et prot\u00e9g\u00e9es avec soin. Notre porte-cl\u00e9s permet d'organiser et de prot\u00e9ger toutes vos cl\u00e9s en toute s\u00e9curit\u00e9 dans une housse en cuir souple, ferm\u00e9e par un bouton en fer. Les rivets en acier inoxydable maintiennent l'ordre, rendant vos cl\u00e9s faciles \u00e0 trouver, \u00e0 acc\u00e9der et \u00e0 transporter dans votre sac ou votre poche sans risquer de rayer votre t\u00e9l\u00e9phone ou d'autres objets de valeur.<\/p>\n<p><strong>Sp\u00e9cifications du produit :<\/strong><\/p>\n<ul>\n<li><strong>Fabriqu\u00e9 enti\u00e8rement \u00e0 la main dans notre atelier familial Leather Art Studio<\/strong><\/li>\n<li><strong>Options personnalis\u00e9es :<\/strong> Choisissez entre les versions pour droitiers et pour gauchers<\/li>\n<li><strong>Taille :<\/strong> Largeur : 80 mm, Longueur : 125 mm<\/li>\n<li><strong>Couleurs :<\/strong> Disponible en Medium Brown et Cognac<\/li>\n<li><strong>Mat\u00e9riau :<\/strong> Fabriqu\u00e9 en cuir pleine fleur, tann\u00e9 en Italie<\/li>\n<li><strong>Sans risque d'allergie :<\/strong> Comporte un rivet \u00e0 double capuchon qui ne provoque pas d'allergies. Remarque : le support de cl\u00e9 n'a pas \u00e9t\u00e9 test\u00e9 pour les allergies.<\/li>\n<\/ul>\n<p>&nbsp;<\/p>\n<p>Mots cl\u00e9s : porte-cl\u00e9s en cuir, porte-cl\u00e9s, porte-cl\u00e9s portefeuille<\/p>","protected":false},"excerpt":{"rendered":"<p>Notre porte-cl\u00e9s en cuir est fabriqu\u00e9 \u00e0 partir d'un cuir de veau europ\u00e9en pleine fleur fourni par la tannerie italienne Mapel &amp; C en collaboration avec des entreprises de tannage de la r\u00e9gion de Toscane. Au cours du processus de tannage, une l\u00e9g\u00e8re couche d'huile est ajout\u00e9e au cuir pour cr\u00e9er ce que l'on appelle le cuir pull-up. Cette m\u00e9thode de tannage conf\u00e8re au Key Wallet un aspect plus us\u00e9 et rustique.<\/p>\n<p>Une fois re\u00e7u dans notre atelier, le cuir est d\u00e9coup\u00e9 dans la peau, les bords sont arrondis, ponc\u00e9s, polis \u00e0 la main, puis les bords sont color\u00e9s \u00e0 la main. Nous accordons une grande attention aux d\u00e9tails au cours de ce processus afin de pr\u00e9server le grain du cuir.<\/p>","protected":false},"featured_media":9758,"template":"","meta":[],"pwb-brand":[203],"product_brand":[],"product_cat":[112,100],"product_tag":[123,136,105],"woo-feed-brand":[],"class_list":{"0":"post-5158","1":"product","2":"type-product","3":"status-publish","4":"has-post-thumbnail","6":"pwb-brand-fredfloris","7":"product_cat-key-wallets","8":"product_cat-leathergoods","9":"product_tag-full-grain-leather","10":"product_tag-handmade","11":"product_tag-made-to-order","12":"product_shipping_class-small-goods","13":"pa_leather-colour-cognac-pull-up","14":"pa_leather-colour-medium-brown-pull-up","16":"first","17":"instock","18":"taxable","19":"shipping-taxable","20":"purchasable","21":"product-type-variable","22":"has-default-attributes"},"yoast_head":"<!-- This site is optimized with the Yoast SEO plugin v27.2 - https:\/\/yoast.com\/product\/yoast-seo-wordpress\/ -->\n<title>Leather Key Wallet - Handmade in Sweden | FredFloris<\/title>\n<meta name=\"description\" content=\"Our leather key wallet is handmade from full-grain European leather. The key wallet can hold over 6 keys. Replace your key chain!\" \/>\n<meta name=\"robots\" content=\"index, follow, max-snippet:-1, max-image-preview:large, max-video-preview:-1\" \/>\n<link rel=\"canonical\" href=\"https:\/\/fredfloris.eu\/fr\/productpage\/vasa-key-wallet\/?wmc-currency=EUR\" \/>\n<meta property=\"og:locale\" content=\"fr_FR\" \/>\n<meta property=\"og:type\" content=\"article\" \/>\n<meta property=\"og:title\" content=\"Leather Key Wallet - Handmade in Sweden | FredFloris\" \/>\n<meta property=\"og:description\" content=\"Our leather key wallet is handmade from full-grain European leather. The key wallet can hold over 6 keys. Replace your key chain!\" \/>\n<meta property=\"og:url\" content=\"https:\/\/fredfloris.eu\/fr\/productpage\/vasa-key-wallet\/?wmc-currency=EUR\" \/>\n<meta property=\"og:site_name\" content=\"FredFloris\" \/>\n<meta property=\"article:publisher\" content=\"https:\/\/www.facebook.com\/FredFloris.Artisan.Studio\/\" \/>\n<meta property=\"article:modified_time\" content=\"2025-02-22T13:37:45+00:00\" \/>\n<meta property=\"og:image\" content=\"https:\/\/fredfloris.eu\/wp-content\/uploads\/2022\/05\/IMG_1482-scaled.jpg\" \/>\n\t<meta property=\"og:image:width\" content=\"2560\" \/>\n\t<meta property=\"og:image:height\" content=\"1707\" \/>\n\t<meta property=\"og:image:type\" content=\"image\/jpeg\" \/>\n<meta name=\"twitter:card\" content=\"summary_large_image\" \/>\n<meta name=\"twitter:site\" content=\"@_fredfloris_\" \/>\n<meta name=\"twitter:label1\" content=\"Dur\u00e9e de lecture estim\u00e9e\" \/>\n\t<meta name=\"twitter:data1\" content=\"2 minutes\" \/>\n<script type=\"application\/ld+json\" class=\"yoast-schema-graph\">{\"@context\":\"https:\/\/schema.org\",\"@graph\":[{\"@type\":\"WebPage\",\"@id\":\"https:\/\/fredfloris.eu\/productpage\/vasa-key-wallet\/\",\"url\":\"https:\/\/fredfloris.eu\/productpage\/vasa-key-wallet\/\",\"name\":\"Leather Key Wallet - Handmade in Sweden | FredFloris\",\"isPartOf\":{\"@id\":\"https:\/\/fredfloris.eu\/#website\"},\"primaryImageOfPage\":{\"@id\":\"https:\/\/fredfloris.eu\/productpage\/vasa-key-wallet\/#primaryimage\"},\"image\":{\"@id\":\"https:\/\/fredfloris.eu\/productpage\/vasa-key-wallet\/#primaryimage\"},\"thumbnailUrl\":\"https:\/\/fredfloris.eu\/wp-content\/uploads\/2022\/05\/IMG_1482-scaled.jpg\",\"datePublished\":\"2022-05-16T15:48:39+00:00\",\"dateModified\":\"2025-02-22T13:37:45+00:00\",\"description\":\"Our leather key wallet is handmade from full-grain European leather. The key wallet can hold over 6 keys. Replace your key chain!\",\"breadcrumb\":{\"@id\":\"https:\/\/fredfloris.eu\/productpage\/vasa-key-wallet\/#breadcrumb\"},\"inLanguage\":\"fr-FR\",\"potentialAction\":[{\"@type\":\"ReadAction\",\"target\":[\"https:\/\/fredfloris.eu\/productpage\/vasa-key-wallet\/\"]}]},{\"@type\":\"ImageObject\",\"inLanguage\":\"fr-FR\",\"@id\":\"https:\/\/fredfloris.eu\/productpage\/vasa-key-wallet\/#primaryimage\",\"url\":\"https:\/\/fredfloris.eu\/wp-content\/uploads\/2022\/05\/IMG_1482-scaled.jpg\",\"contentUrl\":\"https:\/\/fredfloris.eu\/wp-content\/uploads\/2022\/05\/IMG_1482-scaled.jpg\",\"width\":2560,\"height\":1707,\"caption\":\"Product: Dickens, Vasa - Key Wallet, Colour: Cognac, Left & Right Handed Options\"},{\"@type\":\"BreadcrumbList\",\"@id\":\"https:\/\/fredfloris.eu\/productpage\/vasa-key-wallet\/#breadcrumb\",\"itemListElement\":[{\"@type\":\"ListItem\",\"position\":1,\"name\":\"Home\",\"item\":\"https:\/\/fredfloris.eu\/\"},{\"@type\":\"ListItem\",\"position\":2,\"name\":\"Shop\",\"item\":\"https:\/\/fredfloris.eu\/shop\/\"},{\"@type\":\"ListItem\",\"position\":3,\"name\":\"Vasa &#8211; Key Wallet\"}]},{\"@type\":\"WebSite\",\"@id\":\"https:\/\/fredfloris.eu\/#website\",\"url\":\"https:\/\/fredfloris.eu\/\",\"name\":\"FredFloris\",\"description\":\"Handcrafted Leathergoods - Made in Sweden\",\"publisher\":{\"@id\":\"https:\/\/fredfloris.eu\/#organization\"},\"potentialAction\":[{\"@type\":\"SearchAction\",\"target\":{\"@type\":\"EntryPoint\",\"urlTemplate\":\"https:\/\/fredfloris.eu\/?s={search_term_string}\"},\"query-input\":{\"@type\":\"PropertyValueSpecification\",\"valueRequired\":true,\"valueName\":\"search_term_string\"}}],\"inLanguage\":\"fr-FR\"},{\"@type\":\"Organization\",\"@id\":\"https:\/\/fredfloris.eu\/#organization\",\"name\":\"FredFloris\",\"url\":\"https:\/\/fredfloris.eu\/\",\"logo\":{\"@type\":\"ImageObject\",\"inLanguage\":\"fr-FR\",\"@id\":\"https:\/\/fredfloris.eu\/#\/schema\/logo\/image\/\",\"url\":\"https:\/\/fredfloris.eu\/wp-content\/uploads\/2022\/03\/FredFloris-med-hel-nal-och-text.png\",\"contentUrl\":\"https:\/\/fredfloris.eu\/wp-content\/uploads\/2022\/03\/FredFloris-med-hel-nal-och-text.png\",\"width\":591,\"height\":283,\"caption\":\"FredFloris\"},\"image\":{\"@id\":\"https:\/\/fredfloris.eu\/#\/schema\/logo\/image\/\"},\"sameAs\":[\"https:\/\/www.facebook.com\/FredFloris.Artisan.Studio\/\",\"https:\/\/x.com\/_fredfloris_\",\"https:\/\/www.instagram.com\/fredfloris.artisan.studio\/\"]}]}<\/script>\n<!-- \/ Yoast SEO plugin. -->","yoast_head_json":{"title":"Porte-cl\u00e9s en cuir - Fait \u00e0 la main en Su\u00e8de | FredFloris","description":"Notre porte-cl\u00e9s en cuir est fabriqu\u00e9 \u00e0 la main \u00e0 partir de cuir europ\u00e9en pleine fleur. Le porte-cl\u00e9s peut contenir plus de 6 cl\u00e9s. Remplacez votre porte-cl\u00e9s !","robots":{"index":"index","follow":"follow","max-snippet":"max-snippet:-1","max-image-preview":"max-image-preview:large","max-video-preview":"max-video-preview:-1"},"canonical":"https:\/\/fredfloris.eu\/fr\/productpage\/vasa-key-wallet\/?wmc-currency=EUR","og_locale":"fr_FR","og_type":"article","og_title":"Leather Key Wallet - Handmade in Sweden | FredFloris","og_description":"Our leather key wallet is handmade from full-grain European leather. The key wallet can hold over 6 keys. Replace your key chain!","og_url":"https:\/\/fredfloris.eu\/fr\/productpage\/vasa-key-wallet\/?wmc-currency=EUR","og_site_name":"FredFloris","article_publisher":"https:\/\/www.facebook.com\/FredFloris.Artisan.Studio\/","article_modified_time":"2025-02-22T13:37:45+00:00","og_image":[{"width":2560,"height":1707,"url":"https:\/\/fredfloris.eu\/wp-content\/uploads\/2022\/05\/IMG_1482-scaled.jpg","type":"image\/jpeg"}],"twitter_card":"summary_large_image","twitter_site":"@_fredfloris_","twitter_misc":{"Dur\u00e9e de lecture estim\u00e9e":"2 minutes"},"schema":{"@context":"https:\/\/schema.org","@graph":[{"@type":"WebPage","@id":"https:\/\/fredfloris.eu\/productpage\/vasa-key-wallet\/","url":"https:\/\/fredfloris.eu\/productpage\/vasa-key-wallet\/","name":"Porte-cl\u00e9s en cuir - Fait \u00e0 la main en Su\u00e8de | FredFloris","isPartOf":{"@id":"https:\/\/fredfloris.eu\/#website"},"primaryImageOfPage":{"@id":"https:\/\/fredfloris.eu\/productpage\/vasa-key-wallet\/#primaryimage"},"image":{"@id":"https:\/\/fredfloris.eu\/productpage\/vasa-key-wallet\/#primaryimage"},"thumbnailUrl":"https:\/\/fredfloris.eu\/wp-content\/uploads\/2022\/05\/IMG_1482-scaled.jpg","datePublished":"2022-05-16T15:48:39+00:00","dateModified":"2025-02-22T13:37:45+00:00","description":"Notre porte-cl\u00e9s en cuir est fabriqu\u00e9 \u00e0 la main \u00e0 partir de cuir europ\u00e9en pleine fleur. Le porte-cl\u00e9s peut contenir plus de 6 cl\u00e9s. Remplacez votre porte-cl\u00e9s !","breadcrumb":{"@id":"https:\/\/fredfloris.eu\/productpage\/vasa-key-wallet\/#breadcrumb"},"inLanguage":"fr-FR","potentialAction":[{"@type":"ReadAction","target":["https:\/\/fredfloris.eu\/productpage\/vasa-key-wallet\/"]}]},{"@type":"ImageObject","inLanguage":"fr-FR","@id":"https:\/\/fredfloris.eu\/productpage\/vasa-key-wallet\/#primaryimage","url":"https:\/\/fredfloris.eu\/wp-content\/uploads\/2022\/05\/IMG_1482-scaled.jpg","contentUrl":"https:\/\/fredfloris.eu\/wp-content\/uploads\/2022\/05\/IMG_1482-scaled.jpg","width":2560,"height":1707,"caption":"Product: Dickens, Vasa - Key Wallet, Colour: Cognac, Left & Right Handed Options"},{"@type":"BreadcrumbList","@id":"https:\/\/fredfloris.eu\/productpage\/vasa-key-wallet\/#breadcrumb","itemListElement":[{"@type":"ListItem","position":1,"name":"Home","item":"https:\/\/fredfloris.eu\/"},{"@type":"ListItem","position":2,"name":"Shop","item":"https:\/\/fredfloris.eu\/shop\/"},{"@type":"ListItem","position":3,"name":"Vasa &#8211; Key Wallet"}]},{"@type":"WebSite","@id":"https:\/\/fredfloris.eu\/#website","url":"https:\/\/fredfloris.eu\/","name":"FredFloris","description":"Maroquinerie artisanale - Fabriqu\u00e9e en Su\u00e8de","publisher":{"@id":"https:\/\/fredfloris.eu\/#organization"},"potentialAction":[{"@type":"SearchAction","target":{"@type":"EntryPoint","urlTemplate":"https:\/\/fredfloris.eu\/?s={search_term_string}"},"query-input":{"@type":"PropertyValueSpecification","valueRequired":true,"valueName":"search_term_string"}}],"inLanguage":"fr-FR"},{"@type":"Organization","@id":"https:\/\/fredfloris.eu\/#organization","name":"FredFloris","url":"https:\/\/fredfloris.eu\/","logo":{"@type":"ImageObject","inLanguage":"fr-FR","@id":"https:\/\/fredfloris.eu\/#\/schema\/logo\/image\/","url":"https:\/\/fredfloris.eu\/wp-content\/uploads\/2022\/03\/FredFloris-med-hel-nal-och-text.png","contentUrl":"https:\/\/fredfloris.eu\/wp-content\/uploads\/2022\/03\/FredFloris-med-hel-nal-och-text.png","width":591,"height":283,"caption":"FredFloris"},"image":{"@id":"https:\/\/fredfloris.eu\/#\/schema\/logo\/image\/"},"sameAs":["https:\/\/www.facebook.com\/FredFloris.Artisan.Studio\/","https:\/\/x.com\/_fredfloris_","https:\/\/www.instagram.com\/fredfloris.artisan.studio\/"]}]}},"brands":[{"id":203,"name":"FredFloris","slug":"fredfloris"}],"_links":{"self":[{"href":"https:\/\/fredfloris.eu\/fr\/wp-json\/wp\/v2\/product\/5158","targetHints":{"allow":["GET"]}}],"collection":[{"href":"https:\/\/fredfloris.eu\/fr\/wp-json\/wp\/v2\/product"}],"about":[{"href":"https:\/\/fredfloris.eu\/fr\/wp-json\/wp\/v2\/types\/product"}],"version-history":[{"count":18,"href":"https:\/\/fredfloris.eu\/fr\/wp-json\/wp\/v2\/product\/5158\/revisions"}],"predecessor-version":[{"id":11544,"href":"https:\/\/fredfloris.eu\/fr\/wp-json\/wp\/v2\/product\/5158\/revisions\/11544"}],"wp:featuredmedia":[{"embeddable":true,"href":"https:\/\/fredfloris.eu\/fr\/wp-json\/wp\/v2\/media\/9758"}],"wp:attachment":[{"href":"https:\/\/fredfloris.eu\/fr\/wp-json\/wp\/v2\/media?parent=5158"}],"wp:term":[{"taxonomy":"pwb-brand","embeddable":true,"href":"https:\/\/fredfloris.eu\/fr\/wp-json\/wp\/v2\/pwb-brand?post=5158"},{"taxonomy":"product_brand","embeddable":true,"href":"https:\/\/fredfloris.eu\/fr\/wp-json\/wp\/v2\/product_brand?post=5158"},{"taxonomy":"product_cat","embeddable":true,"href":"https:\/\/fredfloris.eu\/fr\/wp-json\/wp\/v2\/product_cat?post=5158"},{"taxonomy":"product_tag","embeddable":true,"href":"https:\/\/fredfloris.eu\/fr\/wp-json\/wp\/v2\/product_tag?post=5158"},{"taxonomy":"woo-feed-brand","embeddable":true,"href":"https:\/\/fredfloris.eu\/fr\/wp-json\/wp\/v2\/woo-feed-brand?post=5158"}],"curies":[{"name":"wp","href":"https:\/\/api.w.org\/{rel}","templated":true}]}}