{"id":5185,"date":"2022-05-16T19:18:45","date_gmt":"2022-05-16T17:18:45","guid":{"rendered":"https:\/\/fredfloris.eu\/?post_type=product&#038;p=5185"},"modified":"2024-06-24T21:08:18","modified_gmt":"2024-06-24T19:08:18","slug":"ws-pocket-card-wallets","status":"publish","type":"product","link":"https:\/\/fredfloris.eu\/fr\/productpage\/ws-pocket-card-wallets\/","title":{"rendered":"Wayfaring Stranger - Porte-cartes"},"content":{"rendered":"<p><strong>Personnalisation :<\/strong> Ajoutez un nom, une image ou un message sans frais suppl\u00e9mentaires. Pour personnaliser le produit avec votre propre motif, il suffit d'ajouter le produit et le motif choisi \u00e0 votre panier.<\/p>\n<p><a class=\"lumise-customize-button button alt\" href=\"https:\/\/fredfloris.eu\/fr\/productpage\/customize-wayfaring-stranger-pocket-card-wallets\/?wmc-currency=EUR\" name=\"customize\">Personnaliser<\/a><\/p>\n<p><strong>D\u00e9couvrez le Wayfaring Stranger, un portefeuille con\u00e7u pour les personnes dynamiques.<\/strong> Ce portefeuille peut accueillir confortablement jusqu'\u00e0 10 cartes et billets pli\u00e9s, ce qui le rend id\u00e9al pour ceux qui sont toujours en mouvement. Il est dot\u00e9 d'un rabat pratique pour un acc\u00e8s rapide \u00e0 vos objets essentiels, con\u00e7u dans un souci d'efficacit\u00e9. Au fil du temps, le cuir pleine fleur \u00e0 tannage v\u00e9g\u00e9tal passe du statut de simple accessoire \u00e0 celui d'ami familier, enrichissant son caract\u00e8re \u00e0 chaque utilisation.<\/p>\n<p><strong>Sp\u00e9cifications du produit :<\/strong><\/p>\n<ul>\n<li><strong>Fabriqu\u00e9 enti\u00e8rement \u00e0 la main dans notre atelier familial Leather Art Studio<\/strong><\/li>\n<li><strong>Capacit\u00e9 :<\/strong> Peut contenir plus de 10 cartes et des billets pli\u00e9s<\/li>\n<li><strong>Conception facile d'acc\u00e8s :<\/strong> Le rabat permet d'acc\u00e9der facilement aux cartes<\/li>\n<li><strong>Options de personnalisation :<\/strong> Disponible avec une gravure personnalis\u00e9e du nom<\/li>\n<li><strong>Couleurs :<\/strong> Choisissez entre Cognac fonc\u00e9, jaune fonc\u00e9, bleu-vert<\/li>\n<li><strong>Mat\u00e9riau :<\/strong> Cuir pleine fleur, tannage v\u00e9g\u00e9tal en Italie selon l'ancienne recette toscane de la Vacchetta.<\/li>\n<li><strong>Couture :<\/strong> Couture traditionnelle des selliers, cousue \u00e0 la main<\/li>\n<li><strong>Fil :<\/strong> Tiger Ritza 25, connu pour sa r\u00e9sistance et sa qualit\u00e9<\/li>\n<li><strong>Dimensions :<\/strong> Largeur : ~75 mm, Hauteur : ~110 mm en position ferm\u00e9e<\/li>\n<li><strong>Dispositif de s\u00e9curit\u00e9 :<\/strong> Comprend un <a href=\"https:\/\/fredfloris.eu\/fr\/productpage\/nfc-card-rfid-blocking\/?wmc-currency=EUR\" rel=\"noopener\">carte anti-\u00e9cr\u00e9mage<\/a><\/li>\n<\/ul>","protected":false},"excerpt":{"rendered":"<p>Le cuir utilis\u00e9 pour fabriquer ce portefeuille en cuir fin est fourni par la tannerie italienne Badalassi Carlo, qui fait partie du consortium Pelle Conciata al Vegetale, reconnu \u00e0 l'\u00e9chelle internationale.<\/p>\n<pre><\/pre>\n<p>Fabriqu\u00e9 \u00e0 partir d'un cuir pleine fleur \u00e0 tannage v\u00e9g\u00e9tal, les pi\u00e8ces sont d\u00e9coup\u00e9es dans la peau et les trois parties sont cousues ensemble avec un fil de polyester cir\u00e9 de haute qualit\u00e9, selon une technique de couture traditionnelle de sellier. Cette m\u00e9thode de couture garantit la durabilit\u00e9 du portefeuille, en particulier lorsqu'il est soumis \u00e0 de fortes contraintes. Les bords sont arrondis, ponc\u00e9s, puis color\u00e9s \u00e0 la main \u00e0 l'aide de plusieurs couches de peinture pour bords. Les bords sont peints avec une grande pr\u00e9cision afin de pr\u00e9server le grain du cuir.<\/p>","protected":false},"featured_media":3329,"template":"","meta":[],"pwb-brand":[203],"product_brand":[],"product_cat":[100,104],"product_tag":[123,136,105],"woo-feed-brand":[],"class_list":{"0":"post-5185","1":"product","2":"type-product","3":"status-publish","4":"has-post-thumbnail","6":"pwb-brand-fredfloris","7":"product_cat-leathergoods","8":"product_cat-wallets","9":"product_tag-full-grain-leather","10":"product_tag-handmade","11":"product_tag-made-to-order","12":"product_shipping_class-small-goods","13":"pa_leather-colour-petrol-waxed","14":"pa_leather-colour-dark-cognac-waxed","15":"pa_leather-colour-mustard-waxed","17":"first","18":"instock","19":"taxable","20":"shipping-taxable","21":"purchasable","22":"product-type-variable","23":"has-default-attributes"},"yoast_head":"<!-- This site is optimized with the Yoast SEO plugin v27.2 - https:\/\/yoast.com\/product\/yoast-seo-wordpress\/ -->\n<title>Slim Leather Credit Card Wallet, Handmade in Sweden | FredFloris<\/title>\n<meta name=\"description\" content=\"Our small leather wallet is created from premium materials and is 100% handmade. Free RFID card with every slim leather credit card wallet\" \/>\n<meta name=\"robots\" content=\"index, follow, max-snippet:-1, max-image-preview:large, max-video-preview:-1\" \/>\n<link rel=\"canonical\" href=\"https:\/\/fredfloris.eu\/fr\/productpage\/ws-pocket-card-wallets\/?wmc-currency=EUR\" \/>\n<meta property=\"og:locale\" content=\"fr_FR\" \/>\n<meta property=\"og:type\" content=\"article\" \/>\n<meta property=\"og:title\" content=\"Slim Leather Credit Card Wallet, Handmade in Sweden | FredFloris\" \/>\n<meta property=\"og:description\" content=\"Our small leather wallet is created from premium materials and is 100% handmade. Free RFID card with every slim leather credit card wallet\" \/>\n<meta property=\"og:url\" content=\"https:\/\/fredfloris.eu\/fr\/productpage\/ws-pocket-card-wallets\/?wmc-currency=EUR\" \/>\n<meta property=\"og:site_name\" content=\"FredFloris\" \/>\n<meta property=\"article:publisher\" content=\"https:\/\/www.facebook.com\/FredFloris.Artisan.Studio\/\" \/>\n<meta property=\"article:modified_time\" content=\"2024-06-24T19:08:18+00:00\" \/>\n<meta property=\"og:image\" content=\"https:\/\/fredfloris.eu\/wp-content\/uploads\/2022\/04\/IMG_1635-scaled.jpg\" \/>\n\t<meta property=\"og:image:width\" content=\"2560\" \/>\n\t<meta property=\"og:image:height\" content=\"1707\" \/>\n\t<meta property=\"og:image:type\" content=\"image\/jpeg\" \/>\n<meta name=\"twitter:card\" content=\"summary_large_image\" \/>\n<meta name=\"twitter:site\" content=\"@_fredfloris_\" \/>\n<meta name=\"twitter:label1\" content=\"Dur\u00e9e de lecture estim\u00e9e\" \/>\n\t<meta name=\"twitter:data1\" content=\"2 minutes\" \/>\n<script type=\"application\/ld+json\" class=\"yoast-schema-graph\">{\"@context\":\"https:\/\/schema.org\",\"@graph\":[{\"@type\":\"WebPage\",\"@id\":\"https:\/\/fredfloris.eu\/productpage\/ws-pocket-card-wallets\/\",\"url\":\"https:\/\/fredfloris.eu\/productpage\/ws-pocket-card-wallets\/\",\"name\":\"Slim Leather Credit Card Wallet, Handmade in Sweden | FredFloris\",\"isPartOf\":{\"@id\":\"https:\/\/fredfloris.eu\/#website\"},\"primaryImageOfPage\":{\"@id\":\"https:\/\/fredfloris.eu\/productpage\/ws-pocket-card-wallets\/#primaryimage\"},\"image\":{\"@id\":\"https:\/\/fredfloris.eu\/productpage\/ws-pocket-card-wallets\/#primaryimage\"},\"thumbnailUrl\":\"https:\/\/fredfloris.eu\/wp-content\/uploads\/2022\/04\/IMG_1635-scaled.jpg\",\"datePublished\":\"2022-05-16T17:18:45+00:00\",\"dateModified\":\"2024-06-24T19:08:18+00:00\",\"description\":\"Our small leather wallet is created from premium materials and is 100% handmade. Free RFID card with every slim leather credit card wallet\",\"breadcrumb\":{\"@id\":\"https:\/\/fredfloris.eu\/productpage\/ws-pocket-card-wallets\/#breadcrumb\"},\"inLanguage\":\"fr-FR\",\"potentialAction\":[{\"@type\":\"ReadAction\",\"target\":[\"https:\/\/fredfloris.eu\/productpage\/ws-pocket-card-wallets\/\"]}]},{\"@type\":\"ImageObject\",\"inLanguage\":\"fr-FR\",\"@id\":\"https:\/\/fredfloris.eu\/productpage\/ws-pocket-card-wallets\/#primaryimage\",\"url\":\"https:\/\/fredfloris.eu\/wp-content\/uploads\/2022\/04\/IMG_1635-scaled.jpg\",\"contentUrl\":\"https:\/\/fredfloris.eu\/wp-content\/uploads\/2022\/04\/IMG_1635-scaled.jpg\",\"width\":2560,\"height\":1707,\"caption\":\"Product: Wayfaring Stranger - Pocket Card Wallets \u2013 Colour: Dark Yellow, Dark Cognac and Blue-Green, Thread Colour: Black\"},{\"@type\":\"BreadcrumbList\",\"@id\":\"https:\/\/fredfloris.eu\/productpage\/ws-pocket-card-wallets\/#breadcrumb\",\"itemListElement\":[{\"@type\":\"ListItem\",\"position\":1,\"name\":\"Home\",\"item\":\"https:\/\/fredfloris.eu\/\"},{\"@type\":\"ListItem\",\"position\":2,\"name\":\"Shop\",\"item\":\"https:\/\/fredfloris.eu\/shop\/\"},{\"@type\":\"ListItem\",\"position\":3,\"name\":\"Wayfaring Stranger &#8211; Card Wallets\"}]},{\"@type\":\"WebSite\",\"@id\":\"https:\/\/fredfloris.eu\/#website\",\"url\":\"https:\/\/fredfloris.eu\/\",\"name\":\"FredFloris\",\"description\":\"Handcrafted Leathergoods - Made in Sweden\",\"publisher\":{\"@id\":\"https:\/\/fredfloris.eu\/#organization\"},\"potentialAction\":[{\"@type\":\"SearchAction\",\"target\":{\"@type\":\"EntryPoint\",\"urlTemplate\":\"https:\/\/fredfloris.eu\/?s={search_term_string}\"},\"query-input\":{\"@type\":\"PropertyValueSpecification\",\"valueRequired\":true,\"valueName\":\"search_term_string\"}}],\"inLanguage\":\"fr-FR\"},{\"@type\":\"Organization\",\"@id\":\"https:\/\/fredfloris.eu\/#organization\",\"name\":\"FredFloris\",\"url\":\"https:\/\/fredfloris.eu\/\",\"logo\":{\"@type\":\"ImageObject\",\"inLanguage\":\"fr-FR\",\"@id\":\"https:\/\/fredfloris.eu\/#\/schema\/logo\/image\/\",\"url\":\"https:\/\/fredfloris.eu\/wp-content\/uploads\/2022\/03\/FredFloris-med-hel-nal-och-text.png\",\"contentUrl\":\"https:\/\/fredfloris.eu\/wp-content\/uploads\/2022\/03\/FredFloris-med-hel-nal-och-text.png\",\"width\":591,\"height\":283,\"caption\":\"FredFloris\"},\"image\":{\"@id\":\"https:\/\/fredfloris.eu\/#\/schema\/logo\/image\/\"},\"sameAs\":[\"https:\/\/www.facebook.com\/FredFloris.Artisan.Studio\/\",\"https:\/\/x.com\/_fredfloris_\",\"https:\/\/www.instagram.com\/fredfloris.artisan.studio\/\"]}]}<\/script>\n<!-- \/ Yoast SEO plugin. -->","yoast_head_json":{"title":"Portefeuille carte de cr\u00e9dit en cuir fin, fait \u00e0 la main en Su\u00e8de | FredFloris","description":"Notre petit portefeuille en cuir est cr\u00e9\u00e9 \u00e0 partir de mat\u00e9riaux de premi\u00e8re qualit\u00e9 et est 100% fabriqu\u00e9 \u00e0 la main. Carte RFID gratuite avec chaque petit portefeuille en cuir pour cartes de cr\u00e9dit","robots":{"index":"index","follow":"follow","max-snippet":"max-snippet:-1","max-image-preview":"max-image-preview:large","max-video-preview":"max-video-preview:-1"},"canonical":"https:\/\/fredfloris.eu\/fr\/productpage\/ws-pocket-card-wallets\/?wmc-currency=EUR","og_locale":"fr_FR","og_type":"article","og_title":"Slim Leather Credit Card Wallet, Handmade in Sweden | FredFloris","og_description":"Our small leather wallet is created from premium materials and is 100% handmade. Free RFID card with every slim leather credit card wallet","og_url":"https:\/\/fredfloris.eu\/fr\/productpage\/ws-pocket-card-wallets\/?wmc-currency=EUR","og_site_name":"FredFloris","article_publisher":"https:\/\/www.facebook.com\/FredFloris.Artisan.Studio\/","article_modified_time":"2024-06-24T19:08:18+00:00","og_image":[{"width":2560,"height":1707,"url":"https:\/\/fredfloris.eu\/wp-content\/uploads\/2022\/04\/IMG_1635-scaled.jpg","type":"image\/jpeg"}],"twitter_card":"summary_large_image","twitter_site":"@_fredfloris_","twitter_misc":{"Dur\u00e9e de lecture estim\u00e9e":"2 minutes"},"schema":{"@context":"https:\/\/schema.org","@graph":[{"@type":"WebPage","@id":"https:\/\/fredfloris.eu\/productpage\/ws-pocket-card-wallets\/","url":"https:\/\/fredfloris.eu\/productpage\/ws-pocket-card-wallets\/","name":"Portefeuille carte de cr\u00e9dit en cuir fin, fait \u00e0 la main en Su\u00e8de | FredFloris","isPartOf":{"@id":"https:\/\/fredfloris.eu\/#website"},"primaryImageOfPage":{"@id":"https:\/\/fredfloris.eu\/productpage\/ws-pocket-card-wallets\/#primaryimage"},"image":{"@id":"https:\/\/fredfloris.eu\/productpage\/ws-pocket-card-wallets\/#primaryimage"},"thumbnailUrl":"https:\/\/fredfloris.eu\/wp-content\/uploads\/2022\/04\/IMG_1635-scaled.jpg","datePublished":"2022-05-16T17:18:45+00:00","dateModified":"2024-06-24T19:08:18+00:00","description":"Notre petit portefeuille en cuir est cr\u00e9\u00e9 \u00e0 partir de mat\u00e9riaux de premi\u00e8re qualit\u00e9 et est 100% fabriqu\u00e9 \u00e0 la main. Carte RFID gratuite avec chaque petit portefeuille en cuir pour cartes de cr\u00e9dit","breadcrumb":{"@id":"https:\/\/fredfloris.eu\/productpage\/ws-pocket-card-wallets\/#breadcrumb"},"inLanguage":"fr-FR","potentialAction":[{"@type":"ReadAction","target":["https:\/\/fredfloris.eu\/productpage\/ws-pocket-card-wallets\/"]}]},{"@type":"ImageObject","inLanguage":"fr-FR","@id":"https:\/\/fredfloris.eu\/productpage\/ws-pocket-card-wallets\/#primaryimage","url":"https:\/\/fredfloris.eu\/wp-content\/uploads\/2022\/04\/IMG_1635-scaled.jpg","contentUrl":"https:\/\/fredfloris.eu\/wp-content\/uploads\/2022\/04\/IMG_1635-scaled.jpg","width":2560,"height":1707,"caption":"Product: Wayfaring Stranger - Pocket Card Wallets \u2013 Colour: Dark Yellow, Dark Cognac and Blue-Green, Thread Colour: Black"},{"@type":"BreadcrumbList","@id":"https:\/\/fredfloris.eu\/productpage\/ws-pocket-card-wallets\/#breadcrumb","itemListElement":[{"@type":"ListItem","position":1,"name":"Home","item":"https:\/\/fredfloris.eu\/"},{"@type":"ListItem","position":2,"name":"Shop","item":"https:\/\/fredfloris.eu\/shop\/"},{"@type":"ListItem","position":3,"name":"Wayfaring Stranger &#8211; Card Wallets"}]},{"@type":"WebSite","@id":"https:\/\/fredfloris.eu\/#website","url":"https:\/\/fredfloris.eu\/","name":"FredFloris","description":"Maroquinerie artisanale - Fabriqu\u00e9e en Su\u00e8de","publisher":{"@id":"https:\/\/fredfloris.eu\/#organization"},"potentialAction":[{"@type":"SearchAction","target":{"@type":"EntryPoint","urlTemplate":"https:\/\/fredfloris.eu\/?s={search_term_string}"},"query-input":{"@type":"PropertyValueSpecification","valueRequired":true,"valueName":"search_term_string"}}],"inLanguage":"fr-FR"},{"@type":"Organization","@id":"https:\/\/fredfloris.eu\/#organization","name":"FredFloris","url":"https:\/\/fredfloris.eu\/","logo":{"@type":"ImageObject","inLanguage":"fr-FR","@id":"https:\/\/fredfloris.eu\/#\/schema\/logo\/image\/","url":"https:\/\/fredfloris.eu\/wp-content\/uploads\/2022\/03\/FredFloris-med-hel-nal-och-text.png","contentUrl":"https:\/\/fredfloris.eu\/wp-content\/uploads\/2022\/03\/FredFloris-med-hel-nal-och-text.png","width":591,"height":283,"caption":"FredFloris"},"image":{"@id":"https:\/\/fredfloris.eu\/#\/schema\/logo\/image\/"},"sameAs":["https:\/\/www.facebook.com\/FredFloris.Artisan.Studio\/","https:\/\/x.com\/_fredfloris_","https:\/\/www.instagram.com\/fredfloris.artisan.studio\/"]}]}},"brands":[{"id":203,"name":"FredFloris","slug":"fredfloris"}],"_links":{"self":[{"href":"https:\/\/fredfloris.eu\/fr\/wp-json\/wp\/v2\/product\/5185","targetHints":{"allow":["GET"]}}],"collection":[{"href":"https:\/\/fredfloris.eu\/fr\/wp-json\/wp\/v2\/product"}],"about":[{"href":"https:\/\/fredfloris.eu\/fr\/wp-json\/wp\/v2\/types\/product"}],"version-history":[{"count":14,"href":"https:\/\/fredfloris.eu\/fr\/wp-json\/wp\/v2\/product\/5185\/revisions"}],"predecessor-version":[{"id":11542,"href":"https:\/\/fredfloris.eu\/fr\/wp-json\/wp\/v2\/product\/5185\/revisions\/11542"}],"wp:featuredmedia":[{"embeddable":true,"href":"https:\/\/fredfloris.eu\/fr\/wp-json\/wp\/v2\/media\/3329"}],"wp:attachment":[{"href":"https:\/\/fredfloris.eu\/fr\/wp-json\/wp\/v2\/media?parent=5185"}],"wp:term":[{"taxonomy":"pwb-brand","embeddable":true,"href":"https:\/\/fredfloris.eu\/fr\/wp-json\/wp\/v2\/pwb-brand?post=5185"},{"taxonomy":"product_brand","embeddable":true,"href":"https:\/\/fredfloris.eu\/fr\/wp-json\/wp\/v2\/product_brand?post=5185"},{"taxonomy":"product_cat","embeddable":true,"href":"https:\/\/fredfloris.eu\/fr\/wp-json\/wp\/v2\/product_cat?post=5185"},{"taxonomy":"product_tag","embeddable":true,"href":"https:\/\/fredfloris.eu\/fr\/wp-json\/wp\/v2\/product_tag?post=5185"},{"taxonomy":"woo-feed-brand","embeddable":true,"href":"https:\/\/fredfloris.eu\/fr\/wp-json\/wp\/v2\/woo-feed-brand?post=5185"}],"curies":[{"name":"wp","href":"https:\/\/api.w.org\/{rel}","templated":true}]}}