{"id":5221,"date":"2022-05-16T21:05:04","date_gmt":"2022-05-16T19:05:04","guid":{"rendered":"https:\/\/fredfloris.eu\/?post_type=product&#038;p=5221"},"modified":"2024-06-24T20:59:16","modified_gmt":"2024-06-24T18:59:16","slug":"aspeland-movement-cufflinks","status":"publish","type":"product","link":"https:\/\/fredfloris.eu\/fr\/productpage\/aspeland-movement-cufflinks\/","title":{"rendered":"Aspeland - Boutons de manchette en forme d'horloge"},"content":{"rendered":"<p><strong>C\u00e9l\u00e9brez la fusion de l'horlogerie, du steampunk et de la machinerie industrielle avec nos boutons de manchette exquis.<\/strong> Ces boutons de manchette capturent un moment d'immobilit\u00e9 qui rappelle la r\u00e9volution industrielle. Si l'\u00e8re de la vapeur est r\u00e9volue, le charme de ces m\u00e9canismes perdure. Fabriqu\u00e9s \u00e0 partir de pi\u00e8ces d'horlogerie d'\u00e9poque, les \u00e9l\u00e9gants tons argent\u00e9s ajoutent \u00e0 la fois de l'intrigue et de l'\u00e9l\u00e9gance \u00e0 votre tenue de soir\u00e9e. Ce m\u00e9lange de signification historique, d'artisanat et d'\u00e9l\u00e9ments d'horlogerie classique cr\u00e9e un accessoire v\u00e9ritablement intemporel.<\/p>\n<p>Id\u00e9aux pour exprimer votre individualit\u00e9 sur le lieu de travail, ces boutons de manchette vous permettent d'afficher votre style unique tout en conservant votre professionnalisme. Vos coll\u00e8gues et vos clients appr\u00e9cieront l'int\u00e9gration subtile de votre personnalit\u00e9 dans votre ensemble.<\/p>\n<p><strong>Sophistiqu\u00e9 et \u00e9l\u00e9gant,<\/strong> ces boutons de manchette sont parfaits pour les mariages, en particulier pour ceux qui admirent l'esth\u00e9tique Steampunk mais souhaitent rester discrets.<\/p>\n<p><strong>Mat\u00e9riau de la base :<\/strong> La base en acier inoxydable ne contient pas de nickel et est hypoallerg\u00e9nique, ce qui garantit le confort et pr\u00e9vient les irritations cutan\u00e9es.<\/p>\n<p><strong>Montre Vintage Mouvement :<\/strong> Ces boutons de manchette sont fabriqu\u00e9s \u00e0 partir de pi\u00e8ces d'horlogerie Zaria vintage non fonctionnelles, provenant d'Ukraine, offrant ainsi un morceau d'histoire sur votre manche.<\/p>\n<p><strong>Parfait pour les cadeaux :<\/strong> Id\u00e9aux pour les anniversaires, la f\u00eate des p\u00e8res ou comme cadeau attentionn\u00e9 pour toute occasion sp\u00e9ciale, ces boutons de manchette s\u00e9duiront tous ceux qui appr\u00e9cient l'art et le style discret.<\/p>\n<p><strong>Conception durable :<\/strong> Con\u00e7us pour fixer solidement les poignets des manches, nos boutons de manchette sont non seulement \u00e9l\u00e9gants mais aussi fiables. La base en acier inoxydable hypoallerg\u00e9nique et sans nickel garantit la durabilit\u00e9 et le confort.<\/p>\n<p>&nbsp;<\/p>\n<p>Mots cl\u00e9s : Boutons de manchette en forme d'horloge, Boutons de manchette en forme de mouvement de montre<\/p>","protected":false},"excerpt":{"rendered":"<p><strong>DIMENSIONS DU PRODUIT - <\/strong>Poids du produit : 20 g, Diam\u00e8tre du bouton de manchette : 20 mm.<\/p>\n<pre><\/pre>\n<p>SKU : asp\/cuf\/ste\/wat<br \/>\nMarque : FredFloris &amp; Partner<\/p>\n<pre><\/pre>\n<p><strong>D\u00e9couvrez l'\u00e9l\u00e9gance historique de nos boutons de manchette fabriqu\u00e9s avec des pi\u00e8ces d'horlogerie Zaria d'\u00e9poque.<\/strong> Ces boutons de manchette ne se contentent pas d'accessoiriser votre tenue de soir\u00e9e, ils sont \u00e9galement porteurs d'un \u00e9l\u00e9ment important de l'histoire horlog\u00e8re.<\/p>\n<p>&nbsp;<\/p>\n<p><strong>Historique :<\/strong> Le mouvement horloger Zaria trouve ses origines dans l'\u00e8re industrielle de l'Union sovi\u00e9tique avant la Seconde Guerre mondiale. \u00c0 l'origine, l'usine horlog\u00e8re de Penza \u00e9tait exploit\u00e9e par le fabricant de montres fran\u00e7ais LIP, qui a connu des difficult\u00e9s financi\u00e8res en 1936. En 1940, l'usine a \u00e9t\u00e9 r\u00e9organis\u00e9e sous le r\u00e9gime sovi\u00e9tique en tant que troisi\u00e8me usine horlog\u00e8re d'\u00c9tat de Penza, se concentrant sur la production de mouvements f\u00e9minins de petite taille et d'outils d'horlogerie. Pendant la Seconde Guerre mondiale, le r\u00f4le de l'usine a radicalement chang\u00e9 pour soutenir les efforts militaires, en fabriquant des mortiers, des fus\u00e9es de mines et d'autres \u00e9quipements militaires vitaux. Ce n'est qu'apr\u00e8s la Seconde Guerre mondiale, en 1945, que l'usine a repris la production de biens civils, en particulier de garde-temps. D\u00e8s 1949, elle produit exclusivement des calibres pour dames sous la marque horlog\u00e8re Zaria. Aujourd'hui, Zaria repr\u00e9sente un riche patrimoine comprenant plusieurs marques telles que Junost, Kometa, Lux et Zvezda, exportant dans plus de 52 pays \u00e0 travers le monde et produisant des millions de montres.<\/p>","protected":false},"featured_media":9768,"template":"","meta":[],"pwb-brand":[204],"product_brand":[],"product_cat":[120,118,101],"product_tag":[136],"woo-feed-brand":[],"class_list":{"0":"post-5221","1":"product","2":"type-product","3":"status-publish","4":"has-post-thumbnail","6":"pwb-brand-fredfloris-partner","7":"product_cat-watch-movement-cufflinks","8":"product_cat-cufflinks","9":"product_cat-jewelry","10":"product_tag-handmade","11":"product_shipping_class-small-goods","13":"first","14":"instock","15":"taxable","16":"shipping-taxable","17":"purchasable","18":"product-type-simple"},"yoast_head":"<!-- This site is optimized with the Yoast SEO plugin v27.2 - https:\/\/yoast.com\/product\/yoast-seo-wordpress\/ -->\n<title>Watch Movement Cufflinks | FredFloris<\/title>\n<meta name=\"description\" content=\"Our watch movement cufflinks feature an elegant silver tone that will compliment all business attire. Watch mechanism cufflinks..\" \/>\n<meta name=\"robots\" content=\"index, follow, max-snippet:-1, max-image-preview:large, max-video-preview:-1\" \/>\n<link rel=\"canonical\" href=\"https:\/\/fredfloris.eu\/fr\/productpage\/aspeland-movement-cufflinks\/?wmc-currency=EUR\" \/>\n<meta property=\"og:locale\" content=\"fr_FR\" \/>\n<meta property=\"og:type\" content=\"article\" \/>\n<meta property=\"og:title\" content=\"Watch Movement Cufflinks | FredFloris\" \/>\n<meta property=\"og:description\" content=\"Our watch movement cufflinks feature an elegant silver tone that will compliment all business attire. Watch mechanism cufflinks..\" \/>\n<meta property=\"og:url\" content=\"https:\/\/fredfloris.eu\/fr\/productpage\/aspeland-movement-cufflinks\/?wmc-currency=EUR\" \/>\n<meta property=\"og:site_name\" content=\"FredFloris\" \/>\n<meta property=\"article:publisher\" content=\"https:\/\/www.facebook.com\/FredFloris.Artisan.Studio\/\" \/>\n<meta property=\"article:modified_time\" content=\"2024-06-24T18:59:16+00:00\" \/>\n<meta property=\"og:image\" content=\"https:\/\/fredfloris.eu\/wp-content\/uploads\/2022\/08\/IMG_3208-scaled.jpg\" \/>\n\t<meta property=\"og:image:width\" content=\"2560\" \/>\n\t<meta property=\"og:image:height\" content=\"1707\" \/>\n\t<meta property=\"og:image:type\" content=\"image\/jpeg\" \/>\n<meta name=\"twitter:card\" content=\"summary_large_image\" \/>\n<meta name=\"twitter:site\" content=\"@_fredfloris_\" \/>\n<meta name=\"twitter:label1\" content=\"Dur\u00e9e de lecture estim\u00e9e\" \/>\n\t<meta name=\"twitter:data1\" content=\"2 minutes\" \/>\n<script type=\"application\/ld+json\" class=\"yoast-schema-graph\">{\"@context\":\"https:\/\/schema.org\",\"@graph\":[{\"@type\":\"WebPage\",\"@id\":\"https:\/\/fredfloris.eu\/productpage\/aspeland-movement-cufflinks\/\",\"url\":\"https:\/\/fredfloris.eu\/productpage\/aspeland-movement-cufflinks\/\",\"name\":\"Watch Movement Cufflinks | FredFloris\",\"isPartOf\":{\"@id\":\"https:\/\/fredfloris.eu\/#website\"},\"primaryImageOfPage\":{\"@id\":\"https:\/\/fredfloris.eu\/productpage\/aspeland-movement-cufflinks\/#primaryimage\"},\"image\":{\"@id\":\"https:\/\/fredfloris.eu\/productpage\/aspeland-movement-cufflinks\/#primaryimage\"},\"thumbnailUrl\":\"https:\/\/fredfloris.eu\/wp-content\/uploads\/2022\/08\/IMG_3208-scaled.jpg\",\"datePublished\":\"2022-05-16T19:05:04+00:00\",\"dateModified\":\"2024-06-24T18:59:16+00:00\",\"description\":\"Our watch movement cufflinks feature an elegant silver tone that will compliment all business attire. Watch mechanism cufflinks..\",\"breadcrumb\":{\"@id\":\"https:\/\/fredfloris.eu\/productpage\/aspeland-movement-cufflinks\/#breadcrumb\"},\"inLanguage\":\"fr-FR\",\"potentialAction\":[{\"@type\":\"ReadAction\",\"target\":[\"https:\/\/fredfloris.eu\/productpage\/aspeland-movement-cufflinks\/\"]}]},{\"@type\":\"ImageObject\",\"inLanguage\":\"fr-FR\",\"@id\":\"https:\/\/fredfloris.eu\/productpage\/aspeland-movement-cufflinks\/#primaryimage\",\"url\":\"https:\/\/fredfloris.eu\/wp-content\/uploads\/2022\/08\/IMG_3208-scaled.jpg\",\"contentUrl\":\"https:\/\/fredfloris.eu\/wp-content\/uploads\/2022\/08\/IMG_3208-scaled.jpg\",\"width\":2560,\"height\":1707,\"caption\":\"Product: Aspeland - Watch Movement Cufflinks \u2013 Stainless Steel\"},{\"@type\":\"BreadcrumbList\",\"@id\":\"https:\/\/fredfloris.eu\/productpage\/aspeland-movement-cufflinks\/#breadcrumb\",\"itemListElement\":[{\"@type\":\"ListItem\",\"position\":1,\"name\":\"Home\",\"item\":\"https:\/\/fredfloris.eu\/\"},{\"@type\":\"ListItem\",\"position\":2,\"name\":\"Shop\",\"item\":\"https:\/\/fredfloris.eu\/shop\/\"},{\"@type\":\"ListItem\",\"position\":3,\"name\":\"Aspeland &#8211; Clockwork Cufflinks\"}]},{\"@type\":\"WebSite\",\"@id\":\"https:\/\/fredfloris.eu\/#website\",\"url\":\"https:\/\/fredfloris.eu\/\",\"name\":\"FredFloris\",\"description\":\"Handcrafted Leathergoods - Made in Sweden\",\"publisher\":{\"@id\":\"https:\/\/fredfloris.eu\/#organization\"},\"potentialAction\":[{\"@type\":\"SearchAction\",\"target\":{\"@type\":\"EntryPoint\",\"urlTemplate\":\"https:\/\/fredfloris.eu\/?s={search_term_string}\"},\"query-input\":{\"@type\":\"PropertyValueSpecification\",\"valueRequired\":true,\"valueName\":\"search_term_string\"}}],\"inLanguage\":\"fr-FR\"},{\"@type\":\"Organization\",\"@id\":\"https:\/\/fredfloris.eu\/#organization\",\"name\":\"FredFloris\",\"url\":\"https:\/\/fredfloris.eu\/\",\"logo\":{\"@type\":\"ImageObject\",\"inLanguage\":\"fr-FR\",\"@id\":\"https:\/\/fredfloris.eu\/#\/schema\/logo\/image\/\",\"url\":\"https:\/\/fredfloris.eu\/wp-content\/uploads\/2022\/03\/FredFloris-med-hel-nal-och-text.png\",\"contentUrl\":\"https:\/\/fredfloris.eu\/wp-content\/uploads\/2022\/03\/FredFloris-med-hel-nal-och-text.png\",\"width\":591,\"height\":283,\"caption\":\"FredFloris\"},\"image\":{\"@id\":\"https:\/\/fredfloris.eu\/#\/schema\/logo\/image\/\"},\"sameAs\":[\"https:\/\/www.facebook.com\/FredFloris.Artisan.Studio\/\",\"https:\/\/x.com\/_fredfloris_\",\"https:\/\/www.instagram.com\/fredfloris.artisan.studio\/\"]}]}<\/script>\n<!-- \/ Yoast SEO plugin. -->","yoast_head_json":{"title":"Boutons de manchette Mouvement horloger | FredFloris","description":"Nos boutons de manchette en forme de mouvement de montre pr\u00e9sentent un ton argent\u00e9 \u00e9l\u00e9gant qui s'harmonise avec toutes les tenues d'affaires. Les boutons de manchette en forme de m\u00e9canisme de montre..","robots":{"index":"index","follow":"follow","max-snippet":"max-snippet:-1","max-image-preview":"max-image-preview:large","max-video-preview":"max-video-preview:-1"},"canonical":"https:\/\/fredfloris.eu\/fr\/productpage\/aspeland-movement-cufflinks\/?wmc-currency=EUR","og_locale":"fr_FR","og_type":"article","og_title":"Watch Movement Cufflinks | FredFloris","og_description":"Our watch movement cufflinks feature an elegant silver tone that will compliment all business attire. Watch mechanism cufflinks..","og_url":"https:\/\/fredfloris.eu\/fr\/productpage\/aspeland-movement-cufflinks\/?wmc-currency=EUR","og_site_name":"FredFloris","article_publisher":"https:\/\/www.facebook.com\/FredFloris.Artisan.Studio\/","article_modified_time":"2024-06-24T18:59:16+00:00","og_image":[{"width":2560,"height":1707,"url":"https:\/\/fredfloris.eu\/wp-content\/uploads\/2022\/08\/IMG_3208-scaled.jpg","type":"image\/jpeg"}],"twitter_card":"summary_large_image","twitter_site":"@_fredfloris_","twitter_misc":{"Dur\u00e9e de lecture estim\u00e9e":"2 minutes"},"schema":{"@context":"https:\/\/schema.org","@graph":[{"@type":"WebPage","@id":"https:\/\/fredfloris.eu\/productpage\/aspeland-movement-cufflinks\/","url":"https:\/\/fredfloris.eu\/productpage\/aspeland-movement-cufflinks\/","name":"Boutons de manchette Mouvement horloger | FredFloris","isPartOf":{"@id":"https:\/\/fredfloris.eu\/#website"},"primaryImageOfPage":{"@id":"https:\/\/fredfloris.eu\/productpage\/aspeland-movement-cufflinks\/#primaryimage"},"image":{"@id":"https:\/\/fredfloris.eu\/productpage\/aspeland-movement-cufflinks\/#primaryimage"},"thumbnailUrl":"https:\/\/fredfloris.eu\/wp-content\/uploads\/2022\/08\/IMG_3208-scaled.jpg","datePublished":"2022-05-16T19:05:04+00:00","dateModified":"2024-06-24T18:59:16+00:00","description":"Nos boutons de manchette en forme de mouvement de montre pr\u00e9sentent un ton argent\u00e9 \u00e9l\u00e9gant qui s'harmonise avec toutes les tenues d'affaires. Les boutons de manchette en forme de m\u00e9canisme de montre..","breadcrumb":{"@id":"https:\/\/fredfloris.eu\/productpage\/aspeland-movement-cufflinks\/#breadcrumb"},"inLanguage":"fr-FR","potentialAction":[{"@type":"ReadAction","target":["https:\/\/fredfloris.eu\/productpage\/aspeland-movement-cufflinks\/"]}]},{"@type":"ImageObject","inLanguage":"fr-FR","@id":"https:\/\/fredfloris.eu\/productpage\/aspeland-movement-cufflinks\/#primaryimage","url":"https:\/\/fredfloris.eu\/wp-content\/uploads\/2022\/08\/IMG_3208-scaled.jpg","contentUrl":"https:\/\/fredfloris.eu\/wp-content\/uploads\/2022\/08\/IMG_3208-scaled.jpg","width":2560,"height":1707,"caption":"Product: Aspeland - Watch Movement Cufflinks \u2013 Stainless Steel"},{"@type":"BreadcrumbList","@id":"https:\/\/fredfloris.eu\/productpage\/aspeland-movement-cufflinks\/#breadcrumb","itemListElement":[{"@type":"ListItem","position":1,"name":"Home","item":"https:\/\/fredfloris.eu\/"},{"@type":"ListItem","position":2,"name":"Shop","item":"https:\/\/fredfloris.eu\/shop\/"},{"@type":"ListItem","position":3,"name":"Aspeland &#8211; Clockwork Cufflinks"}]},{"@type":"WebSite","@id":"https:\/\/fredfloris.eu\/#website","url":"https:\/\/fredfloris.eu\/","name":"FredFloris","description":"Maroquinerie artisanale - Fabriqu\u00e9e en Su\u00e8de","publisher":{"@id":"https:\/\/fredfloris.eu\/#organization"},"potentialAction":[{"@type":"SearchAction","target":{"@type":"EntryPoint","urlTemplate":"https:\/\/fredfloris.eu\/?s={search_term_string}"},"query-input":{"@type":"PropertyValueSpecification","valueRequired":true,"valueName":"search_term_string"}}],"inLanguage":"fr-FR"},{"@type":"Organization","@id":"https:\/\/fredfloris.eu\/#organization","name":"FredFloris","url":"https:\/\/fredfloris.eu\/","logo":{"@type":"ImageObject","inLanguage":"fr-FR","@id":"https:\/\/fredfloris.eu\/#\/schema\/logo\/image\/","url":"https:\/\/fredfloris.eu\/wp-content\/uploads\/2022\/03\/FredFloris-med-hel-nal-och-text.png","contentUrl":"https:\/\/fredfloris.eu\/wp-content\/uploads\/2022\/03\/FredFloris-med-hel-nal-och-text.png","width":591,"height":283,"caption":"FredFloris"},"image":{"@id":"https:\/\/fredfloris.eu\/#\/schema\/logo\/image\/"},"sameAs":["https:\/\/www.facebook.com\/FredFloris.Artisan.Studio\/","https:\/\/x.com\/_fredfloris_","https:\/\/www.instagram.com\/fredfloris.artisan.studio\/"]}]}},"brands":[{"id":204,"name":"FredFloris &amp; Partner","slug":"fredfloris-partner"}],"_links":{"self":[{"href":"https:\/\/fredfloris.eu\/fr\/wp-json\/wp\/v2\/product\/5221","targetHints":{"allow":["GET"]}}],"collection":[{"href":"https:\/\/fredfloris.eu\/fr\/wp-json\/wp\/v2\/product"}],"about":[{"href":"https:\/\/fredfloris.eu\/fr\/wp-json\/wp\/v2\/types\/product"}],"version-history":[{"count":12,"href":"https:\/\/fredfloris.eu\/fr\/wp-json\/wp\/v2\/product\/5221\/revisions"}],"predecessor-version":[{"id":11539,"href":"https:\/\/fredfloris.eu\/fr\/wp-json\/wp\/v2\/product\/5221\/revisions\/11539"}],"wp:featuredmedia":[{"embeddable":true,"href":"https:\/\/fredfloris.eu\/fr\/wp-json\/wp\/v2\/media\/9768"}],"wp:attachment":[{"href":"https:\/\/fredfloris.eu\/fr\/wp-json\/wp\/v2\/media?parent=5221"}],"wp:term":[{"taxonomy":"pwb-brand","embeddable":true,"href":"https:\/\/fredfloris.eu\/fr\/wp-json\/wp\/v2\/pwb-brand?post=5221"},{"taxonomy":"product_brand","embeddable":true,"href":"https:\/\/fredfloris.eu\/fr\/wp-json\/wp\/v2\/product_brand?post=5221"},{"taxonomy":"product_cat","embeddable":true,"href":"https:\/\/fredfloris.eu\/fr\/wp-json\/wp\/v2\/product_cat?post=5221"},{"taxonomy":"product_tag","embeddable":true,"href":"https:\/\/fredfloris.eu\/fr\/wp-json\/wp\/v2\/product_tag?post=5221"},{"taxonomy":"woo-feed-brand","embeddable":true,"href":"https:\/\/fredfloris.eu\/fr\/wp-json\/wp\/v2\/woo-feed-brand?post=5221"}],"curies":[{"name":"wp","href":"https:\/\/api.w.org\/{rel}","templated":true}]}}