{"id":5267,"date":"2022-05-17T22:19:26","date_gmt":"2022-05-17T20:19:26","guid":{"rendered":"https:\/\/fredfloris.eu\/?post_type=product&#038;p=5267"},"modified":"2024-07-23T20:24:25","modified_gmt":"2024-07-23T18:24:25","slug":"baby-blue-leaf-pearl-earring","status":"publish","type":"product","link":"https:\/\/fredfloris.eu\/fr\/productpage\/baby-blue-leaf-pearl-earring\/","title":{"rendered":"Baby Blue - Tiny Leaf Swarovski Boucles d'oreilles perles Clous d'oreilles"},"content":{"rendered":"<p><strong>Voici nos boucles d'oreilles en perles Swarovski, envelopp\u00e9es dans des feuilles d'or pour une touche d'\u00e9l\u00e9gance intemporelle.<\/strong> Ces d\u00e9licates boucles d'oreilles sont orn\u00e9es d'une perle Swarovski nich\u00e9e dans une branche de feuilles dor\u00e9es, rappelant l'aube d'un nouveau jour. La combinaison de la perle et de l'or \u00e9voque un style hollywoodien classique, ajoutant une couche d'intrigue \u00e0 n'importe quelle tenue.<\/p>\n<p><strong>Options disponibles :<\/strong> Fabriqu\u00e9 en argent sterling 925 et plaqu\u00e9 or 24K.<\/p>\n<p><strong>Swarovski Perles :<\/strong> Ces perles sont des r\u00e9pliques exquises des perles naturelles, offrant un \u00e9clat parfait pour une fraction du prix. Con\u00e7ues pour conserver leur \u00e9clat et leur beaut\u00e9, quelle que soit la fr\u00e9quence \u00e0 laquelle elles sont port\u00e9es, les perles Swarovski t\u00e9moignent d'une \u00e9l\u00e9gance durable.<\/p>\n<p><strong>Une id\u00e9e de cadeau bien pens\u00e9e :<\/strong> Les perles sont traditionnellement offertes \u00e0 l'occasion d'un 30e anniversaire de mariage, ce qui fait de ces boucles d'oreilles un choix attentionn\u00e9 et luxueux. Elles sont \u00e9galement parfaites pour les anniversaires de juin, dont les perles sont la pierre de naissance, et montrent \u00e0 cette personne sp\u00e9ciale \u00e0 quel point vous tenez \u00e0 elle.<\/p>\n<p><strong>Hypoallerg\u00e9nique :<\/strong> L'argent plaqu\u00e9 or de ces petites boucles d'oreilles ne contient pas de nickel, ce qui garantit qu'elles ne ternissent pas et n'irritent pas la peau. Le fermoir s\u00e9curis\u00e9 maintient les boucles d'oreilles confortablement en place tout au long de la journ\u00e9e.<\/p>\n<p><strong>Entretien des bijoux :<\/strong> Pour conserver leur \u00e9tat impeccable, rangez les boucles d'oreilles dans une bo\u00eete ou un sac souple, \u00e0 l'\u00e9cart des autres bijoux. \u00c9vitez de les exposer \u00e0 des produits chimiques pour ne pas les endommager. Le placage, qu'il soit en platine ou en or, est d\u00e9licat et, comme tous les placages, il s'estompe avec le temps. Limitez le contact avec les produits chimiques et la peau pour prolonger la dur\u00e9e de vie du placage.<\/p>\n<p>&nbsp;<\/p>\n<p>Mots de recherche : Petits clous d'oreilles en perles, Clous d'oreilles en argent<\/p>","protected":false},"excerpt":{"rendered":"<p><strong>DIMENSIONS DU PRODUIT - <\/strong>Poids du produit : 1,25 g (paire) Hauteur : 10,50 mm, Largeur : 6,70 mm. Argent sterling 925 plaqu\u00e9 or 24K - 0,4 \u00b5m. Le bouchon de boucle d'oreille a un int\u00e9rieur en silicone. SKU : bab\/ear\/gol\/pea Marque : FredFloris &amp; Partner<\/p>\n<pre><\/pre>\n<p>La base des boucles d'oreilles est fabriqu\u00e9e par notre partenaire exp\u00e9riment\u00e9 en Pologne. Nous utilisons de l'argent plaqu\u00e9 d'une \u00e9paisseur de 0,4 \u00b5m car il ne fonce pas et ne ternit pas les bijoux. Le produit pr\u00e9sente une certaine r\u00e9sistance \u00e0 la d\u00e9coloration, mais veillez \u00e0 suivre nos instructions d'entretien pour prolonger la dur\u00e9e de vie de vos nouveaux bijoux.<\/p>","protected":false},"featured_media":4802,"template":"","meta":[],"pwb-brand":[204],"product_brand":[],"product_cat":[113,101,114],"product_tag":[174,163,164,135,195],"woo-feed-brand":[],"class_list":{"0":"post-5267","1":"product","2":"type-product","3":"status-publish","4":"has-post-thumbnail","6":"pwb-brand-fredfloris-partner","7":"product_cat-earrings","8":"product_cat-jewelry","9":"product_cat-stud-earrings","10":"product_tag-back-stopper","11":"product_tag-gold","12":"product_tag-silver","13":"product_tag-stocked","14":"product_tag-swarovski","15":"product_shipping_class-small-goods","17":"first","18":"instock","19":"taxable","20":"shipping-taxable","21":"purchasable","22":"product-type-simple"},"yoast_head":"<!-- This site is optimized with the Yoast SEO plugin v27.2 - https:\/\/yoast.com\/product\/yoast-seo-wordpress\/ -->\n<title>Baby Blue - Tiny Leaf Swarovski Pearl Earrings Studs | FredFloris<\/title>\n<meta name=\"description\" content=\"Leaf Swarovski small stud pearl earring, 24K Gold Plated 925 Sterling Silver. They feature a delicate leaf design alongside shining pearls.\" \/>\n<meta name=\"robots\" content=\"index, follow, max-snippet:-1, max-image-preview:large, max-video-preview:-1\" \/>\n<link rel=\"canonical\" href=\"https:\/\/fredfloris.eu\/fr\/productpage\/baby-blue-leaf-pearl-earring\/?wmc-currency=EUR\" \/>\n<meta property=\"og:locale\" content=\"fr_FR\" \/>\n<meta property=\"og:type\" content=\"article\" \/>\n<meta property=\"og:title\" content=\"Baby Blue - Tiny Leaf Swarovski Pearl Earrings Studs | FredFloris\" \/>\n<meta property=\"og:description\" content=\"Leaf Swarovski small stud pearl earring, 24K Gold Plated 925 Sterling Silver. They feature a delicate leaf design alongside shining pearls.\" \/>\n<meta property=\"og:url\" content=\"https:\/\/fredfloris.eu\/fr\/productpage\/baby-blue-leaf-pearl-earring\/?wmc-currency=EUR\" \/>\n<meta property=\"og:site_name\" content=\"FredFloris\" \/>\n<meta property=\"article:publisher\" content=\"https:\/\/www.facebook.com\/FredFloris.Artisan.Studio\/\" \/>\n<meta property=\"article:modified_time\" content=\"2024-07-23T18:24:25+00:00\" \/>\n<meta property=\"og:image\" content=\"https:\/\/fredfloris.eu\/wp-content\/uploads\/2022\/05\/IMG_0776-scaled.jpg\" \/>\n\t<meta property=\"og:image:width\" content=\"2560\" \/>\n\t<meta property=\"og:image:height\" content=\"1707\" \/>\n\t<meta property=\"og:image:type\" content=\"image\/jpeg\" \/>\n<meta name=\"twitter:card\" content=\"summary_large_image\" \/>\n<meta name=\"twitter:site\" content=\"@_fredfloris_\" \/>\n<meta name=\"twitter:label1\" content=\"Dur\u00e9e de lecture estim\u00e9e\" \/>\n\t<meta name=\"twitter:data1\" content=\"2 minutes\" \/>\n<script type=\"application\/ld+json\" class=\"yoast-schema-graph\">{\"@context\":\"https:\/\/schema.org\",\"@graph\":[{\"@type\":\"WebPage\",\"@id\":\"https:\/\/fredfloris.eu\/productpage\/baby-blue-leaf-pearl-earring\/\",\"url\":\"https:\/\/fredfloris.eu\/productpage\/baby-blue-leaf-pearl-earring\/\",\"name\":\"Baby Blue - Tiny Leaf Swarovski Pearl Earrings Studs | FredFloris\",\"isPartOf\":{\"@id\":\"https:\/\/fredfloris.eu\/#website\"},\"primaryImageOfPage\":{\"@id\":\"https:\/\/fredfloris.eu\/productpage\/baby-blue-leaf-pearl-earring\/#primaryimage\"},\"image\":{\"@id\":\"https:\/\/fredfloris.eu\/productpage\/baby-blue-leaf-pearl-earring\/#primaryimage\"},\"thumbnailUrl\":\"https:\/\/fredfloris.eu\/wp-content\/uploads\/2022\/05\/IMG_0776-scaled.jpg\",\"datePublished\":\"2022-05-17T20:19:26+00:00\",\"dateModified\":\"2024-07-23T18:24:25+00:00\",\"description\":\"Leaf Swarovski small stud pearl earring, 24K Gold Plated 925 Sterling Silver. They feature a delicate leaf design alongside shining pearls.\",\"breadcrumb\":{\"@id\":\"https:\/\/fredfloris.eu\/productpage\/baby-blue-leaf-pearl-earring\/#breadcrumb\"},\"inLanguage\":\"fr-FR\",\"potentialAction\":[{\"@type\":\"ReadAction\",\"target\":[\"https:\/\/fredfloris.eu\/productpage\/baby-blue-leaf-pearl-earring\/\"]}]},{\"@type\":\"ImageObject\",\"inLanguage\":\"fr-FR\",\"@id\":\"https:\/\/fredfloris.eu\/productpage\/baby-blue-leaf-pearl-earring\/#primaryimage\",\"url\":\"https:\/\/fredfloris.eu\/wp-content\/uploads\/2022\/05\/IMG_0776-scaled.jpg\",\"contentUrl\":\"https:\/\/fredfloris.eu\/wp-content\/uploads\/2022\/05\/IMG_0776-scaled.jpg\",\"width\":2560,\"height\":1707,\"caption\":\"Product: Pearl Earrings Studs \u2013 Gold Plated Silver\"},{\"@type\":\"BreadcrumbList\",\"@id\":\"https:\/\/fredfloris.eu\/productpage\/baby-blue-leaf-pearl-earring\/#breadcrumb\",\"itemListElement\":[{\"@type\":\"ListItem\",\"position\":1,\"name\":\"Home\",\"item\":\"https:\/\/fredfloris.eu\/\"},{\"@type\":\"ListItem\",\"position\":2,\"name\":\"Shop\",\"item\":\"https:\/\/fredfloris.eu\/shop\/\"},{\"@type\":\"ListItem\",\"position\":3,\"name\":\"Baby Blue &#8211; Tiny Leaf Swarovski Pearl Earrings Studs\"}]},{\"@type\":\"WebSite\",\"@id\":\"https:\/\/fredfloris.eu\/#website\",\"url\":\"https:\/\/fredfloris.eu\/\",\"name\":\"FredFloris\",\"description\":\"Handcrafted Leathergoods - Made in Sweden\",\"publisher\":{\"@id\":\"https:\/\/fredfloris.eu\/#organization\"},\"potentialAction\":[{\"@type\":\"SearchAction\",\"target\":{\"@type\":\"EntryPoint\",\"urlTemplate\":\"https:\/\/fredfloris.eu\/?s={search_term_string}\"},\"query-input\":{\"@type\":\"PropertyValueSpecification\",\"valueRequired\":true,\"valueName\":\"search_term_string\"}}],\"inLanguage\":\"fr-FR\"},{\"@type\":\"Organization\",\"@id\":\"https:\/\/fredfloris.eu\/#organization\",\"name\":\"FredFloris\",\"url\":\"https:\/\/fredfloris.eu\/\",\"logo\":{\"@type\":\"ImageObject\",\"inLanguage\":\"fr-FR\",\"@id\":\"https:\/\/fredfloris.eu\/#\/schema\/logo\/image\/\",\"url\":\"https:\/\/fredfloris.eu\/wp-content\/uploads\/2022\/03\/FredFloris-med-hel-nal-och-text.png\",\"contentUrl\":\"https:\/\/fredfloris.eu\/wp-content\/uploads\/2022\/03\/FredFloris-med-hel-nal-och-text.png\",\"width\":591,\"height\":283,\"caption\":\"FredFloris\"},\"image\":{\"@id\":\"https:\/\/fredfloris.eu\/#\/schema\/logo\/image\/\"},\"sameAs\":[\"https:\/\/www.facebook.com\/FredFloris.Artisan.Studio\/\",\"https:\/\/x.com\/_fredfloris_\",\"https:\/\/www.instagram.com\/fredfloris.artisan.studio\/\"]}]}<\/script>\n<!-- \/ Yoast SEO plugin. -->","yoast_head_json":{"title":"Baby Blue - Tiny Leaf Swarovski Boucles d'oreilles perles Clous | FredFloris","description":"Leaf Swarovski petites boucles d'oreilles en argent 925 plaqu\u00e9 or 24K. Elles sont orn\u00e9es d'un d\u00e9licat motif de feuilles et de perles brillantes.","robots":{"index":"index","follow":"follow","max-snippet":"max-snippet:-1","max-image-preview":"max-image-preview:large","max-video-preview":"max-video-preview:-1"},"canonical":"https:\/\/fredfloris.eu\/fr\/productpage\/baby-blue-leaf-pearl-earring\/?wmc-currency=EUR","og_locale":"fr_FR","og_type":"article","og_title":"Baby Blue - Tiny Leaf Swarovski Pearl Earrings Studs | FredFloris","og_description":"Leaf Swarovski small stud pearl earring, 24K Gold Plated 925 Sterling Silver. They feature a delicate leaf design alongside shining pearls.","og_url":"https:\/\/fredfloris.eu\/fr\/productpage\/baby-blue-leaf-pearl-earring\/?wmc-currency=EUR","og_site_name":"FredFloris","article_publisher":"https:\/\/www.facebook.com\/FredFloris.Artisan.Studio\/","article_modified_time":"2024-07-23T18:24:25+00:00","og_image":[{"width":2560,"height":1707,"url":"https:\/\/fredfloris.eu\/wp-content\/uploads\/2022\/05\/IMG_0776-scaled.jpg","type":"image\/jpeg"}],"twitter_card":"summary_large_image","twitter_site":"@_fredfloris_","twitter_misc":{"Dur\u00e9e de lecture estim\u00e9e":"2 minutes"},"schema":{"@context":"https:\/\/schema.org","@graph":[{"@type":"WebPage","@id":"https:\/\/fredfloris.eu\/productpage\/baby-blue-leaf-pearl-earring\/","url":"https:\/\/fredfloris.eu\/productpage\/baby-blue-leaf-pearl-earring\/","name":"Baby Blue - Tiny Leaf Swarovski Boucles d'oreilles perles Clous | FredFloris","isPartOf":{"@id":"https:\/\/fredfloris.eu\/#website"},"primaryImageOfPage":{"@id":"https:\/\/fredfloris.eu\/productpage\/baby-blue-leaf-pearl-earring\/#primaryimage"},"image":{"@id":"https:\/\/fredfloris.eu\/productpage\/baby-blue-leaf-pearl-earring\/#primaryimage"},"thumbnailUrl":"https:\/\/fredfloris.eu\/wp-content\/uploads\/2022\/05\/IMG_0776-scaled.jpg","datePublished":"2022-05-17T20:19:26+00:00","dateModified":"2024-07-23T18:24:25+00:00","description":"Leaf Swarovski petites boucles d'oreilles en argent 925 plaqu\u00e9 or 24K. Elles sont orn\u00e9es d'un d\u00e9licat motif de feuilles et de perles brillantes.","breadcrumb":{"@id":"https:\/\/fredfloris.eu\/productpage\/baby-blue-leaf-pearl-earring\/#breadcrumb"},"inLanguage":"fr-FR","potentialAction":[{"@type":"ReadAction","target":["https:\/\/fredfloris.eu\/productpage\/baby-blue-leaf-pearl-earring\/"]}]},{"@type":"ImageObject","inLanguage":"fr-FR","@id":"https:\/\/fredfloris.eu\/productpage\/baby-blue-leaf-pearl-earring\/#primaryimage","url":"https:\/\/fredfloris.eu\/wp-content\/uploads\/2022\/05\/IMG_0776-scaled.jpg","contentUrl":"https:\/\/fredfloris.eu\/wp-content\/uploads\/2022\/05\/IMG_0776-scaled.jpg","width":2560,"height":1707,"caption":"Product: Pearl Earrings Studs \u2013 Gold Plated Silver"},{"@type":"BreadcrumbList","@id":"https:\/\/fredfloris.eu\/productpage\/baby-blue-leaf-pearl-earring\/#breadcrumb","itemListElement":[{"@type":"ListItem","position":1,"name":"Home","item":"https:\/\/fredfloris.eu\/"},{"@type":"ListItem","position":2,"name":"Shop","item":"https:\/\/fredfloris.eu\/shop\/"},{"@type":"ListItem","position":3,"name":"Baby Blue &#8211; Tiny Leaf Swarovski Pearl Earrings Studs"}]},{"@type":"WebSite","@id":"https:\/\/fredfloris.eu\/#website","url":"https:\/\/fredfloris.eu\/","name":"FredFloris","description":"Maroquinerie artisanale - Fabriqu\u00e9e en Su\u00e8de","publisher":{"@id":"https:\/\/fredfloris.eu\/#organization"},"potentialAction":[{"@type":"SearchAction","target":{"@type":"EntryPoint","urlTemplate":"https:\/\/fredfloris.eu\/?s={search_term_string}"},"query-input":{"@type":"PropertyValueSpecification","valueRequired":true,"valueName":"search_term_string"}}],"inLanguage":"fr-FR"},{"@type":"Organization","@id":"https:\/\/fredfloris.eu\/#organization","name":"FredFloris","url":"https:\/\/fredfloris.eu\/","logo":{"@type":"ImageObject","inLanguage":"fr-FR","@id":"https:\/\/fredfloris.eu\/#\/schema\/logo\/image\/","url":"https:\/\/fredfloris.eu\/wp-content\/uploads\/2022\/03\/FredFloris-med-hel-nal-och-text.png","contentUrl":"https:\/\/fredfloris.eu\/wp-content\/uploads\/2022\/03\/FredFloris-med-hel-nal-och-text.png","width":591,"height":283,"caption":"FredFloris"},"image":{"@id":"https:\/\/fredfloris.eu\/#\/schema\/logo\/image\/"},"sameAs":["https:\/\/www.facebook.com\/FredFloris.Artisan.Studio\/","https:\/\/x.com\/_fredfloris_","https:\/\/www.instagram.com\/fredfloris.artisan.studio\/"]}]}},"brands":[{"id":204,"name":"FredFloris &amp; Partner","slug":"fredfloris-partner"}],"_links":{"self":[{"href":"https:\/\/fredfloris.eu\/fr\/wp-json\/wp\/v2\/product\/5267","targetHints":{"allow":["GET"]}}],"collection":[{"href":"https:\/\/fredfloris.eu\/fr\/wp-json\/wp\/v2\/product"}],"about":[{"href":"https:\/\/fredfloris.eu\/fr\/wp-json\/wp\/v2\/types\/product"}],"version-history":[{"count":6,"href":"https:\/\/fredfloris.eu\/fr\/wp-json\/wp\/v2\/product\/5267\/revisions"}],"predecessor-version":[{"id":11588,"href":"https:\/\/fredfloris.eu\/fr\/wp-json\/wp\/v2\/product\/5267\/revisions\/11588"}],"wp:featuredmedia":[{"embeddable":true,"href":"https:\/\/fredfloris.eu\/fr\/wp-json\/wp\/v2\/media\/4802"}],"wp:attachment":[{"href":"https:\/\/fredfloris.eu\/fr\/wp-json\/wp\/v2\/media?parent=5267"}],"wp:term":[{"taxonomy":"pwb-brand","embeddable":true,"href":"https:\/\/fredfloris.eu\/fr\/wp-json\/wp\/v2\/pwb-brand?post=5267"},{"taxonomy":"product_brand","embeddable":true,"href":"https:\/\/fredfloris.eu\/fr\/wp-json\/wp\/v2\/product_brand?post=5267"},{"taxonomy":"product_cat","embeddable":true,"href":"https:\/\/fredfloris.eu\/fr\/wp-json\/wp\/v2\/product_cat?post=5267"},{"taxonomy":"product_tag","embeddable":true,"href":"https:\/\/fredfloris.eu\/fr\/wp-json\/wp\/v2\/product_tag?post=5267"},{"taxonomy":"woo-feed-brand","embeddable":true,"href":"https:\/\/fredfloris.eu\/fr\/wp-json\/wp\/v2\/woo-feed-brand?post=5267"}],"curies":[{"name":"wp","href":"https:\/\/api.w.org\/{rel}","templated":true}]}}