{"id":5282,"date":"2022-05-18T18:01:47","date_gmt":"2022-05-18T16:01:47","guid":{"rendered":"https:\/\/fredfloris.eu\/?post_type=product&#038;p=5282"},"modified":"2024-07-23T20:25:25","modified_gmt":"2024-07-23T18:25:25","slug":"round-hoop-30-mm-earrings","status":"publish","type":"product","link":"https:\/\/fredfloris.eu\/fr\/productpage\/round-hoop-30-mm-earrings\/","title":{"rendered":"H\u00f6st - Boucles d'oreilles rondes 30 mm"},"content":{"rendered":"<p><strong>D\u00e9couvrez l'attrait intemporel de nos boucles d'oreilles cr\u00e9oles de 30 mm.<\/strong>\u00a0Les boucles d'oreilles sont un \u00e9l\u00e9ment essentiel de la mode depuis des si\u00e8cles. Elles ont orn\u00e9 les oreilles des membres de la famille royale et des rebelles, sans jamais se d\u00e9moder. Leur g\u00e9om\u00e9trie simple attire l'attention sur votre visage, ajoutant de la sym\u00e9trie et encadrant magnifiquement vos traits. Ce style rehausse votre allure et votre attrait, ce qui le rend id\u00e9al pour les occasions sp\u00e9ciales telles que les mariages, les f\u00eates, les r\u00e9unions de travail et les rassemblements familiaux.<\/p>\n<p><strong>Options disponibles :<\/strong> Fabriqu\u00e9 en argent 925 avec des options de placage en platine ou en or 24k.<\/p>\n<p><strong>Design classique :<\/strong> Con\u00e7ues pour convenir \u00e0 toutes les formes de visage, \u00e0 toutes les carnations et \u00e0 tous les styles, ces boucles d'oreilles constituent un investissement judicieux. Leur design sobre mais somptueux leur permet de compl\u00e9ter n'importe quelle tenue.<\/p>\n<p><strong>Fait pour donner :<\/strong> Ces boucles d'oreilles rondes constituent un excellent cadeau pour tous ceux qui appr\u00e9cient les bijoux. Parfaites pour toutes les occasions, elles constituent un choix r\u00e9fl\u00e9chi et \u00e9l\u00e9gant.<\/p>\n<p><strong>Hypoallerg\u00e9nique :<\/strong> Exemptes de nickel, ces boucles d'oreilles \u00e9vitent les irritations de la peau et le ternissement au fil du temps. Le fermoir s\u00e9curis\u00e9 maintient les boucles d'oreilles confortablement en place, garantissant qu'elles sont \u00e0 la fois s\u00fbres et agr\u00e9ables \u00e0 porter.<\/p>\n<p><strong>Entretien des bijoux :<\/strong> Pour conserver leur \u00e9tat impeccable, rangez les boucles d'oreilles dans une bo\u00eete ou un sac souple, \u00e0 l'\u00e9cart des autres bijoux. \u00c9vitez de les exposer \u00e0 des produits chimiques pour ne pas les endommager. Le placage, qu'il soit en platine ou en or, est d\u00e9licat et, comme tous les placages, il s'estompe avec le temps. Limitez le contact avec les produits chimiques et la peau pour prolonger la dur\u00e9e de vie du placage.<\/p>\n<p>&nbsp;<\/p>\n<p>Mots cl\u00e9s : boucle d'oreille en argent, boucle d'oreille en argent et or<\/p>","protected":false},"excerpt":{"rendered":"<p><strong>DIMENSIONS DU PRODUIT - <\/strong>Poids du produit : 4,8 g (paire)<\/p>\n<p>Diam\u00e8tre de la boucle d'oreille : 30 mm. Diam\u00e8tre de l'anneau de saut int\u00e9rieur : 20 mm. \u00c9paisseur : 4 mm. Disponible en argent sterling\/platine\/plaqu\u00e9 or 24K - 0,4 \u00b5m.<\/p>\n<pre><\/pre>\n<p>La base des boucles d'oreilles est fabriqu\u00e9e par notre partenaire exp\u00e9riment\u00e9 en Pologne. Nous utilisons de l'argent plaqu\u00e9 d'une \u00e9paisseur de 0,4 \u00b5m car il ne fonce pas et ne ternit pas les bijoux. Le produit pr\u00e9sente une certaine r\u00e9sistance \u00e0 la d\u00e9coloration, mais veillez \u00e0 suivre nos instructions d'entretien pour prolonger la dur\u00e9e de vie de vos nouveaux bijoux.<\/p>","protected":false},"featured_media":4777,"template":"","meta":[],"pwb-brand":[204],"product_brand":[],"product_cat":[113,116,101],"product_tag":[163,165,164,135],"woo-feed-brand":[],"class_list":{"0":"post-5282","1":"product","2":"type-product","3":"status-publish","4":"has-post-thumbnail","6":"pwb-brand-fredfloris-partner","7":"product_cat-earrings","8":"product_cat-hoop-earrings","9":"product_cat-jewelry","10":"product_tag-gold","11":"product_tag-platinum","12":"product_tag-silver","13":"product_tag-stocked","14":"product_shipping_class-small-goods","15":"pa_hoops-30-mm-ag-925-24k-gold-plated-04-m","16":"pa_hoops-30-mm-ag-925-platinum-plated-04-m","18":"first","19":"instock","20":"taxable","21":"shipping-taxable","22":"purchasable","23":"product-type-variable"},"yoast_head":"<!-- This site is optimized with the Yoast SEO plugin v27.2 - https:\/\/yoast.com\/product\/yoast-seo-wordpress\/ -->\n<title>Thick &amp; Chunky Gold and Silver Hoop Earrings | FredFloris<\/title>\n<meta name=\"description\" content=\"Everyone needs a reliable pair of thick and chunky hoop earrings, available in 24k gold and platinum plated silver.\" \/>\n<meta name=\"robots\" content=\"index, follow, max-snippet:-1, max-image-preview:large, max-video-preview:-1\" \/>\n<link rel=\"canonical\" href=\"https:\/\/fredfloris.eu\/fr\/productpage\/round-hoop-30-mm-earrings\/?wmc-currency=EUR\" \/>\n<meta property=\"og:locale\" content=\"fr_FR\" \/>\n<meta property=\"og:type\" content=\"article\" \/>\n<meta property=\"og:title\" content=\"Thick &amp; Chunky Gold and Silver Hoop Earrings | FredFloris\" \/>\n<meta property=\"og:description\" content=\"Everyone needs a reliable pair of thick and chunky hoop earrings, available in 24k gold and platinum plated silver.\" \/>\n<meta property=\"og:url\" content=\"https:\/\/fredfloris.eu\/fr\/productpage\/round-hoop-30-mm-earrings\/?wmc-currency=EUR\" \/>\n<meta property=\"og:site_name\" content=\"FredFloris\" \/>\n<meta property=\"article:publisher\" content=\"https:\/\/www.facebook.com\/FredFloris.Artisan.Studio\/\" \/>\n<meta property=\"article:modified_time\" content=\"2024-07-23T18:25:25+00:00\" \/>\n<meta property=\"og:image\" content=\"https:\/\/fredfloris.eu\/wp-content\/uploads\/2022\/05\/IMG_2144-scaled.jpg\" \/>\n\t<meta property=\"og:image:width\" content=\"2560\" \/>\n\t<meta property=\"og:image:height\" content=\"1707\" \/>\n\t<meta property=\"og:image:type\" content=\"image\/jpeg\" \/>\n<meta name=\"twitter:card\" content=\"summary_large_image\" \/>\n<meta name=\"twitter:site\" content=\"@_fredfloris_\" \/>\n<meta name=\"twitter:label1\" content=\"Dur\u00e9e de lecture estim\u00e9e\" \/>\n\t<meta name=\"twitter:data1\" content=\"2 minutes\" \/>\n<script type=\"application\/ld+json\" class=\"yoast-schema-graph\">{\"@context\":\"https:\/\/schema.org\",\"@graph\":[{\"@type\":\"WebPage\",\"@id\":\"https:\/\/fredfloris.eu\/productpage\/round-hoop-30-mm-earrings\/\",\"url\":\"https:\/\/fredfloris.eu\/productpage\/round-hoop-30-mm-earrings\/\",\"name\":\"Thick & Chunky Gold and Silver Hoop Earrings | FredFloris\",\"isPartOf\":{\"@id\":\"https:\/\/fredfloris.eu\/#website\"},\"primaryImageOfPage\":{\"@id\":\"https:\/\/fredfloris.eu\/productpage\/round-hoop-30-mm-earrings\/#primaryimage\"},\"image\":{\"@id\":\"https:\/\/fredfloris.eu\/productpage\/round-hoop-30-mm-earrings\/#primaryimage\"},\"thumbnailUrl\":\"https:\/\/fredfloris.eu\/wp-content\/uploads\/2022\/05\/IMG_2144-scaled-e1740244857277.jpg\",\"datePublished\":\"2022-05-18T16:01:47+00:00\",\"dateModified\":\"2024-07-23T18:25:25+00:00\",\"description\":\"Everyone needs a reliable pair of thick and chunky hoop earrings, available in 24k gold and platinum plated silver.\",\"breadcrumb\":{\"@id\":\"https:\/\/fredfloris.eu\/productpage\/round-hoop-30-mm-earrings\/#breadcrumb\"},\"inLanguage\":\"fr-FR\",\"potentialAction\":[{\"@type\":\"ReadAction\",\"target\":[\"https:\/\/fredfloris.eu\/productpage\/round-hoop-30-mm-earrings\/\"]}]},{\"@type\":\"ImageObject\",\"inLanguage\":\"fr-FR\",\"@id\":\"https:\/\/fredfloris.eu\/productpage\/round-hoop-30-mm-earrings\/#primaryimage\",\"url\":\"https:\/\/fredfloris.eu\/wp-content\/uploads\/2022\/05\/IMG_2144-scaled-e1740244857277.jpg\",\"contentUrl\":\"https:\/\/fredfloris.eu\/wp-content\/uploads\/2022\/05\/IMG_2144-scaled-e1740244857277.jpg\",\"width\":1650,\"height\":1100,\"caption\":\"Product: Round Hoop 30 mm \u2013 Gold and Platinum Plated Silver\"},{\"@type\":\"BreadcrumbList\",\"@id\":\"https:\/\/fredfloris.eu\/productpage\/round-hoop-30-mm-earrings\/#breadcrumb\",\"itemListElement\":[{\"@type\":\"ListItem\",\"position\":1,\"name\":\"Home\",\"item\":\"https:\/\/fredfloris.eu\/\"},{\"@type\":\"ListItem\",\"position\":2,\"name\":\"Shop\",\"item\":\"https:\/\/fredfloris.eu\/shop\/\"},{\"@type\":\"ListItem\",\"position\":3,\"name\":\"H\u00f6st &#8211; Round Hoop 30 mm Earrings\"}]},{\"@type\":\"WebSite\",\"@id\":\"https:\/\/fredfloris.eu\/#website\",\"url\":\"https:\/\/fredfloris.eu\/\",\"name\":\"FredFloris\",\"description\":\"Handcrafted Leathergoods - Made in Sweden\",\"publisher\":{\"@id\":\"https:\/\/fredfloris.eu\/#organization\"},\"potentialAction\":[{\"@type\":\"SearchAction\",\"target\":{\"@type\":\"EntryPoint\",\"urlTemplate\":\"https:\/\/fredfloris.eu\/?s={search_term_string}\"},\"query-input\":{\"@type\":\"PropertyValueSpecification\",\"valueRequired\":true,\"valueName\":\"search_term_string\"}}],\"inLanguage\":\"fr-FR\"},{\"@type\":\"Organization\",\"@id\":\"https:\/\/fredfloris.eu\/#organization\",\"name\":\"FredFloris\",\"url\":\"https:\/\/fredfloris.eu\/\",\"logo\":{\"@type\":\"ImageObject\",\"inLanguage\":\"fr-FR\",\"@id\":\"https:\/\/fredfloris.eu\/#\/schema\/logo\/image\/\",\"url\":\"https:\/\/fredfloris.eu\/wp-content\/uploads\/2022\/03\/FredFloris-med-hel-nal-och-text.png\",\"contentUrl\":\"https:\/\/fredfloris.eu\/wp-content\/uploads\/2022\/03\/FredFloris-med-hel-nal-och-text.png\",\"width\":591,\"height\":283,\"caption\":\"FredFloris\"},\"image\":{\"@id\":\"https:\/\/fredfloris.eu\/#\/schema\/logo\/image\/\"},\"sameAs\":[\"https:\/\/www.facebook.com\/FredFloris.Artisan.Studio\/\",\"https:\/\/x.com\/_fredfloris_\",\"https:\/\/www.instagram.com\/fredfloris.artisan.studio\/\"]}]}<\/script>\n<!-- \/ Yoast SEO plugin. -->","yoast_head_json":{"title":"Boucles d'oreilles \u00e9paisses et massives en or et argent | FredFloris","description":"Tout le monde a besoin d'une paire fiable de boucles d'oreilles \u00e9paisses et massives, disponibles en or 24k et en argent plaqu\u00e9 platine.","robots":{"index":"index","follow":"follow","max-snippet":"max-snippet:-1","max-image-preview":"max-image-preview:large","max-video-preview":"max-video-preview:-1"},"canonical":"https:\/\/fredfloris.eu\/fr\/productpage\/round-hoop-30-mm-earrings\/?wmc-currency=EUR","og_locale":"fr_FR","og_type":"article","og_title":"Thick & Chunky Gold and Silver Hoop Earrings | FredFloris","og_description":"Everyone needs a reliable pair of thick and chunky hoop earrings, available in 24k gold and platinum plated silver.","og_url":"https:\/\/fredfloris.eu\/fr\/productpage\/round-hoop-30-mm-earrings\/?wmc-currency=EUR","og_site_name":"FredFloris","article_publisher":"https:\/\/www.facebook.com\/FredFloris.Artisan.Studio\/","article_modified_time":"2024-07-23T18:25:25+00:00","og_image":[{"width":2560,"height":1707,"url":"https:\/\/fredfloris.eu\/wp-content\/uploads\/2022\/05\/IMG_2144-scaled.jpg","type":"image\/jpeg"}],"twitter_card":"summary_large_image","twitter_site":"@_fredfloris_","twitter_misc":{"Dur\u00e9e de lecture estim\u00e9e":"2 minutes"},"schema":{"@context":"https:\/\/schema.org","@graph":[{"@type":"WebPage","@id":"https:\/\/fredfloris.eu\/productpage\/round-hoop-30-mm-earrings\/","url":"https:\/\/fredfloris.eu\/productpage\/round-hoop-30-mm-earrings\/","name":"Boucles d'oreilles \u00e9paisses et massives en or et argent | FredFloris","isPartOf":{"@id":"https:\/\/fredfloris.eu\/#website"},"primaryImageOfPage":{"@id":"https:\/\/fredfloris.eu\/productpage\/round-hoop-30-mm-earrings\/#primaryimage"},"image":{"@id":"https:\/\/fredfloris.eu\/productpage\/round-hoop-30-mm-earrings\/#primaryimage"},"thumbnailUrl":"https:\/\/fredfloris.eu\/wp-content\/uploads\/2022\/05\/IMG_2144-scaled-e1740244857277.jpg","datePublished":"2022-05-18T16:01:47+00:00","dateModified":"2024-07-23T18:25:25+00:00","description":"Tout le monde a besoin d'une paire fiable de boucles d'oreilles \u00e9paisses et massives, disponibles en or 24k et en argent plaqu\u00e9 platine.","breadcrumb":{"@id":"https:\/\/fredfloris.eu\/productpage\/round-hoop-30-mm-earrings\/#breadcrumb"},"inLanguage":"fr-FR","potentialAction":[{"@type":"ReadAction","target":["https:\/\/fredfloris.eu\/productpage\/round-hoop-30-mm-earrings\/"]}]},{"@type":"ImageObject","inLanguage":"fr-FR","@id":"https:\/\/fredfloris.eu\/productpage\/round-hoop-30-mm-earrings\/#primaryimage","url":"https:\/\/fredfloris.eu\/wp-content\/uploads\/2022\/05\/IMG_2144-scaled-e1740244857277.jpg","contentUrl":"https:\/\/fredfloris.eu\/wp-content\/uploads\/2022\/05\/IMG_2144-scaled-e1740244857277.jpg","width":1650,"height":1100,"caption":"Product: Round Hoop 30 mm \u2013 Gold and Platinum Plated Silver"},{"@type":"BreadcrumbList","@id":"https:\/\/fredfloris.eu\/productpage\/round-hoop-30-mm-earrings\/#breadcrumb","itemListElement":[{"@type":"ListItem","position":1,"name":"Home","item":"https:\/\/fredfloris.eu\/"},{"@type":"ListItem","position":2,"name":"Shop","item":"https:\/\/fredfloris.eu\/shop\/"},{"@type":"ListItem","position":3,"name":"H\u00f6st &#8211; Round Hoop 30 mm Earrings"}]},{"@type":"WebSite","@id":"https:\/\/fredfloris.eu\/#website","url":"https:\/\/fredfloris.eu\/","name":"FredFloris","description":"Maroquinerie artisanale - Fabriqu\u00e9e en Su\u00e8de","publisher":{"@id":"https:\/\/fredfloris.eu\/#organization"},"potentialAction":[{"@type":"SearchAction","target":{"@type":"EntryPoint","urlTemplate":"https:\/\/fredfloris.eu\/?s={search_term_string}"},"query-input":{"@type":"PropertyValueSpecification","valueRequired":true,"valueName":"search_term_string"}}],"inLanguage":"fr-FR"},{"@type":"Organization","@id":"https:\/\/fredfloris.eu\/#organization","name":"FredFloris","url":"https:\/\/fredfloris.eu\/","logo":{"@type":"ImageObject","inLanguage":"fr-FR","@id":"https:\/\/fredfloris.eu\/#\/schema\/logo\/image\/","url":"https:\/\/fredfloris.eu\/wp-content\/uploads\/2022\/03\/FredFloris-med-hel-nal-och-text.png","contentUrl":"https:\/\/fredfloris.eu\/wp-content\/uploads\/2022\/03\/FredFloris-med-hel-nal-och-text.png","width":591,"height":283,"caption":"FredFloris"},"image":{"@id":"https:\/\/fredfloris.eu\/#\/schema\/logo\/image\/"},"sameAs":["https:\/\/www.facebook.com\/FredFloris.Artisan.Studio\/","https:\/\/x.com\/_fredfloris_","https:\/\/www.instagram.com\/fredfloris.artisan.studio\/"]}]}},"brands":[{"id":204,"name":"FredFloris &amp; Partner","slug":"fredfloris-partner"}],"_links":{"self":[{"href":"https:\/\/fredfloris.eu\/fr\/wp-json\/wp\/v2\/product\/5282","targetHints":{"allow":["GET"]}}],"collection":[{"href":"https:\/\/fredfloris.eu\/fr\/wp-json\/wp\/v2\/product"}],"about":[{"href":"https:\/\/fredfloris.eu\/fr\/wp-json\/wp\/v2\/types\/product"}],"version-history":[{"count":8,"href":"https:\/\/fredfloris.eu\/fr\/wp-json\/wp\/v2\/product\/5282\/revisions"}],"predecessor-version":[{"id":11587,"href":"https:\/\/fredfloris.eu\/fr\/wp-json\/wp\/v2\/product\/5282\/revisions\/11587"}],"wp:featuredmedia":[{"embeddable":true,"href":"https:\/\/fredfloris.eu\/fr\/wp-json\/wp\/v2\/media\/4777"}],"wp:attachment":[{"href":"https:\/\/fredfloris.eu\/fr\/wp-json\/wp\/v2\/media?parent=5282"}],"wp:term":[{"taxonomy":"pwb-brand","embeddable":true,"href":"https:\/\/fredfloris.eu\/fr\/wp-json\/wp\/v2\/pwb-brand?post=5282"},{"taxonomy":"product_brand","embeddable":true,"href":"https:\/\/fredfloris.eu\/fr\/wp-json\/wp\/v2\/product_brand?post=5282"},{"taxonomy":"product_cat","embeddable":true,"href":"https:\/\/fredfloris.eu\/fr\/wp-json\/wp\/v2\/product_cat?post=5282"},{"taxonomy":"product_tag","embeddable":true,"href":"https:\/\/fredfloris.eu\/fr\/wp-json\/wp\/v2\/product_tag?post=5282"},{"taxonomy":"woo-feed-brand","embeddable":true,"href":"https:\/\/fredfloris.eu\/fr\/wp-json\/wp\/v2\/woo-feed-brand?post=5282"}],"curies":[{"name":"wp","href":"https:\/\/api.w.org\/{rel}","templated":true}]}}