{"id":5331,"date":"2022-05-18T19:41:04","date_gmt":"2022-05-18T17:41:04","guid":{"rendered":"https:\/\/fredfloris.eu\/?post_type=product&#038;p=5331"},"modified":"2024-07-23T20:28:15","modified_gmt":"2024-07-23T18:28:15","slug":"golden-shadow-swarovski-earrings","status":"publish","type":"product","link":"https:\/\/fredfloris.eu\/fr\/productpage\/golden-shadow-swarovski-earrings\/","title":{"rendered":"Golden Shadow Crystal - Boucles d'oreilles Leverback en cristal Swarovski"},"content":{"rendered":"<p><strong>D\u00e9couvrez la beaut\u00e9 captivante de nos boucles d'oreilles en cristal Swarovski translucide taill\u00e9 en goutte.<\/strong> Ces cristaux sont remplis de couleurs chaudes et subtiles, et les petits triangles grav\u00e9s sur leur surface lisse captent la lumi\u00e8re de mani\u00e8re spectaculaire. La forme g\u00e9om\u00e9trique pr\u00e9cise de ces gouttelettes d'or scintille de mani\u00e8re esth\u00e9tique, rehaussant l'aspect sain et vibrant de votre peau. La forme en goutte d'eau allonge le cou, encadre magnifiquement votre visage et met en valeur l'\u00e9clat de vos yeux.<\/p>\n<p><strong>Levier d'appui :<\/strong> Con\u00e7u comme une fl\u00e8che pour maintenir le cristal en place, il guide le regard vers les \u00e9blouissants cristaux Swarovski. Disponible en argent 925 platine ou plaqu\u00e9 or, le support s'\u00e9largit vers le cristal, mettant en valeur l'\u00e9clat caract\u00e9ristique du Swarovski.<\/p>\n<p><strong>Swarovski Cristaux :<\/strong> Choisis pour leur design intemporel et leur r\u00e9flexion lumineuse brillante, ces cristaux ensoleill\u00e9s s'adaptent \u00e0 toutes les carnations et \u00e0 toutes les formes de visage. Fabriqu\u00e9s \u00e0 Wattens, en Autriche, ces cristaux pr\u00e9sentent un ton brillant qui capture et refl\u00e8te magnifiquement la lumi\u00e8re.<\/p>\n<p><strong>Parfait pour les cadeaux :<\/strong> Ces boucles d'oreilles en cristal Swarovski sont un cadeau id\u00e9al pour tout amateur de bijoux. Leur conception de haute qualit\u00e9 en fait un cadeau distingu\u00e9.<\/p>\n<p><strong>Hypoallerg\u00e9nique :<\/strong> Le support \u00e0 levier est en argent sterling sans nickel, ce qui \u00e9vite toute irritation de la peau et tout ternissement au fil du temps. Cette conception permet de maintenir les boucles d'oreilles en place de mani\u00e8re s\u00fbre et confortable.<\/p>\n<p><strong>Entretien des bijoux :<\/strong> Pour conserver leur \u00e9tat impeccable, rangez les boucles d'oreilles dans une bo\u00eete ou un sac souple, \u00e0 l'\u00e9cart des autres bijoux. \u00c9vitez de les exposer \u00e0 des produits chimiques pour ne pas les endommager. Le placage, qu'il soit en platine ou en or, est d\u00e9licat et, comme tous les placages, il s'estompe avec le temps. Limitez le contact avec les produits chimiques et la peau pour prolonger la dur\u00e9e de vie du placage.<\/p>\n<p>&nbsp;<\/p>\n<p>Mots de recherche : Boucles d'oreilles en cristal Swarovski, boucles d'oreilles en cristal, boucles d'oreilles en cristal Swarovski<\/p>","protected":false},"excerpt":{"rendered":"<p><strong>DIMENSIONS DU PRODUIT - <\/strong>Poids du produit : 4 g (paire)<\/p>\n<p>Taille du cristal : 18 mm. Hauteur de la b\u00e9li\u00e8re : 18 mm, largeur : 11,80 mm.<\/p>\n<p>Disponible en argent sterling 925 avec placage platine\/24K plaqu\u00e9 or - 0,4 \u00b5m.<\/p>\n<pre><\/pre>\n<p>La base des boucles d'oreilles est fabriqu\u00e9e par notre partenaire exp\u00e9riment\u00e9 en Pologne. Nous utilisons de l'argent plaqu\u00e9 d'une \u00e9paisseur de 0,4 \u00b5m car il ne fonce pas et ne ternit pas les bijoux. Le produit pr\u00e9sente une certaine r\u00e9sistance \u00e0 la d\u00e9coloration, mais veillez \u00e0 suivre nos instructions d'entretien pour prolonger la dur\u00e9e de vie de vos nouveaux bijoux.<\/p>","protected":false},"featured_media":4912,"template":"","meta":[],"pwb-brand":[204],"product_brand":[],"product_cat":[115,113,101],"product_tag":[163,165,164,195],"woo-feed-brand":[],"class_list":{"0":"post-5331","1":"product","2":"type-product","3":"status-publish","4":"has-post-thumbnail","6":"pwb-brand-fredfloris-partner","7":"product_cat-drop-earrings","8":"product_cat-earrings","9":"product_cat-jewelry","10":"product_tag-gold","11":"product_tag-platinum","12":"product_tag-silver","13":"product_tag-swarovski","14":"product_shipping_class-small-goods","15":"pa_leverback-ag-925-24k-gold-plated-04-m","16":"pa_leverback-ag-925-platinum-plated-04-m","17":"pa_swarovski-crystal-swarovski-golden-shadow-crystal-18mm","19":"first","20":"instock","21":"taxable","22":"shipping-taxable","23":"purchasable","24":"product-type-variable"},"yoast_head":"<!-- This site is optimized with the Yoast SEO plugin v27.2 - https:\/\/yoast.com\/product\/yoast-seo-wordpress\/ -->\n<title>Golden Shadow - Leverback Swarovski Crystal Earrings | FredFloris<\/title>\n<meta name=\"description\" content=\"The Golden Shadow leverback Swarovski crystal earrings creates a lovely glow around the wearer\u2019s face. These crystal drop earrings are...\" \/>\n<meta name=\"robots\" content=\"index, follow, max-snippet:-1, max-image-preview:large, max-video-preview:-1\" \/>\n<link rel=\"canonical\" href=\"https:\/\/fredfloris.eu\/fr\/productpage\/golden-shadow-swarovski-earrings\/?wmc-currency=EUR\" \/>\n<meta property=\"og:locale\" content=\"fr_FR\" \/>\n<meta property=\"og:type\" content=\"article\" \/>\n<meta property=\"og:title\" content=\"Golden Shadow - Leverback Swarovski Crystal Earrings | FredFloris\" \/>\n<meta property=\"og:description\" content=\"The Golden Shadow leverback Swarovski crystal earrings creates a lovely glow around the wearer\u2019s face. These crystal drop earrings are...\" \/>\n<meta property=\"og:url\" content=\"https:\/\/fredfloris.eu\/fr\/productpage\/golden-shadow-swarovski-earrings\/?wmc-currency=EUR\" \/>\n<meta property=\"og:site_name\" content=\"FredFloris\" \/>\n<meta property=\"article:publisher\" content=\"https:\/\/www.facebook.com\/FredFloris.Artisan.Studio\/\" \/>\n<meta property=\"article:modified_time\" content=\"2024-07-23T18:28:15+00:00\" \/>\n<meta property=\"og:image\" content=\"https:\/\/fredfloris.eu\/wp-content\/uploads\/2022\/05\/IMG_2209-scaled.jpg\" \/>\n\t<meta property=\"og:image:width\" content=\"2560\" \/>\n\t<meta property=\"og:image:height\" content=\"1707\" \/>\n\t<meta property=\"og:image:type\" content=\"image\/jpeg\" \/>\n<meta name=\"twitter:card\" content=\"summary_large_image\" \/>\n<meta name=\"twitter:site\" content=\"@_fredfloris_\" \/>\n<meta name=\"twitter:label1\" content=\"Dur\u00e9e de lecture estim\u00e9e\" \/>\n\t<meta name=\"twitter:data1\" content=\"2 minutes\" \/>\n<script type=\"application\/ld+json\" class=\"yoast-schema-graph\">{\"@context\":\"https:\/\/schema.org\",\"@graph\":[{\"@type\":\"WebPage\",\"@id\":\"https:\/\/fredfloris.eu\/productpage\/golden-shadow-swarovski-earrings\/\",\"url\":\"https:\/\/fredfloris.eu\/productpage\/golden-shadow-swarovski-earrings\/\",\"name\":\"Golden Shadow - Leverback Swarovski Crystal Earrings | FredFloris\",\"isPartOf\":{\"@id\":\"https:\/\/fredfloris.eu\/#website\"},\"primaryImageOfPage\":{\"@id\":\"https:\/\/fredfloris.eu\/productpage\/golden-shadow-swarovski-earrings\/#primaryimage\"},\"image\":{\"@id\":\"https:\/\/fredfloris.eu\/productpage\/golden-shadow-swarovski-earrings\/#primaryimage\"},\"thumbnailUrl\":\"https:\/\/fredfloris.eu\/wp-content\/uploads\/2022\/05\/IMG_2209-scaled-e1740242692263.jpg\",\"datePublished\":\"2022-05-18T17:41:04+00:00\",\"dateModified\":\"2024-07-23T18:28:15+00:00\",\"description\":\"The Golden Shadow leverback Swarovski crystal earrings creates a lovely glow around the wearer\u2019s face. These crystal drop earrings are...\",\"breadcrumb\":{\"@id\":\"https:\/\/fredfloris.eu\/productpage\/golden-shadow-swarovski-earrings\/#breadcrumb\"},\"inLanguage\":\"fr-FR\",\"potentialAction\":[{\"@type\":\"ReadAction\",\"target\":[\"https:\/\/fredfloris.eu\/productpage\/golden-shadow-swarovski-earrings\/\"]}]},{\"@type\":\"ImageObject\",\"inLanguage\":\"fr-FR\",\"@id\":\"https:\/\/fredfloris.eu\/productpage\/golden-shadow-swarovski-earrings\/#primaryimage\",\"url\":\"https:\/\/fredfloris.eu\/wp-content\/uploads\/2022\/05\/IMG_2209-scaled-e1740242692263.jpg\",\"contentUrl\":\"https:\/\/fredfloris.eu\/wp-content\/uploads\/2022\/05\/IMG_2209-scaled-e1740242692263.jpg\",\"width\":1643,\"height\":1096,\"caption\":\"Product: Golden Shadow Crystal \u2013 Gold and Platinum Plated Silver\"},{\"@type\":\"BreadcrumbList\",\"@id\":\"https:\/\/fredfloris.eu\/productpage\/golden-shadow-swarovski-earrings\/#breadcrumb\",\"itemListElement\":[{\"@type\":\"ListItem\",\"position\":1,\"name\":\"Home\",\"item\":\"https:\/\/fredfloris.eu\/\"},{\"@type\":\"ListItem\",\"position\":2,\"name\":\"Shop\",\"item\":\"https:\/\/fredfloris.eu\/shop\/\"},{\"@type\":\"ListItem\",\"position\":3,\"name\":\"Golden Shadow Crystal &#8211; Leverback Swarovski Crystal Earrings\"}]},{\"@type\":\"WebSite\",\"@id\":\"https:\/\/fredfloris.eu\/#website\",\"url\":\"https:\/\/fredfloris.eu\/\",\"name\":\"FredFloris\",\"description\":\"Handcrafted Leathergoods - Made in Sweden\",\"publisher\":{\"@id\":\"https:\/\/fredfloris.eu\/#organization\"},\"potentialAction\":[{\"@type\":\"SearchAction\",\"target\":{\"@type\":\"EntryPoint\",\"urlTemplate\":\"https:\/\/fredfloris.eu\/?s={search_term_string}\"},\"query-input\":{\"@type\":\"PropertyValueSpecification\",\"valueRequired\":true,\"valueName\":\"search_term_string\"}}],\"inLanguage\":\"fr-FR\"},{\"@type\":\"Organization\",\"@id\":\"https:\/\/fredfloris.eu\/#organization\",\"name\":\"FredFloris\",\"url\":\"https:\/\/fredfloris.eu\/\",\"logo\":{\"@type\":\"ImageObject\",\"inLanguage\":\"fr-FR\",\"@id\":\"https:\/\/fredfloris.eu\/#\/schema\/logo\/image\/\",\"url\":\"https:\/\/fredfloris.eu\/wp-content\/uploads\/2022\/03\/FredFloris-med-hel-nal-och-text.png\",\"contentUrl\":\"https:\/\/fredfloris.eu\/wp-content\/uploads\/2022\/03\/FredFloris-med-hel-nal-och-text.png\",\"width\":591,\"height\":283,\"caption\":\"FredFloris\"},\"image\":{\"@id\":\"https:\/\/fredfloris.eu\/#\/schema\/logo\/image\/\"},\"sameAs\":[\"https:\/\/www.facebook.com\/FredFloris.Artisan.Studio\/\",\"https:\/\/x.com\/_fredfloris_\",\"https:\/\/www.instagram.com\/fredfloris.artisan.studio\/\"]}]}<\/script>\n<!-- \/ Yoast SEO plugin. -->","yoast_head_json":{"title":"Ombre dor\u00e9e - Boucles d'oreilles Leverback Swarovski Crystal | FredFloris","description":"Les boucles d'oreilles en cristal Swarovski Golden Shadow \u00e0 levier cr\u00e9ent une belle lumi\u00e8re autour du visage de la personne qui les porte. Ces boucles d'oreilles en cristal sont...","robots":{"index":"index","follow":"follow","max-snippet":"max-snippet:-1","max-image-preview":"max-image-preview:large","max-video-preview":"max-video-preview:-1"},"canonical":"https:\/\/fredfloris.eu\/fr\/productpage\/golden-shadow-swarovski-earrings\/?wmc-currency=EUR","og_locale":"fr_FR","og_type":"article","og_title":"Golden Shadow - Leverback Swarovski Crystal Earrings | FredFloris","og_description":"The Golden Shadow leverback Swarovski crystal earrings creates a lovely glow around the wearer\u2019s face. These crystal drop earrings are...","og_url":"https:\/\/fredfloris.eu\/fr\/productpage\/golden-shadow-swarovski-earrings\/?wmc-currency=EUR","og_site_name":"FredFloris","article_publisher":"https:\/\/www.facebook.com\/FredFloris.Artisan.Studio\/","article_modified_time":"2024-07-23T18:28:15+00:00","og_image":[{"width":2560,"height":1707,"url":"https:\/\/fredfloris.eu\/wp-content\/uploads\/2022\/05\/IMG_2209-scaled.jpg","type":"image\/jpeg"}],"twitter_card":"summary_large_image","twitter_site":"@_fredfloris_","twitter_misc":{"Dur\u00e9e de lecture estim\u00e9e":"2 minutes"},"schema":{"@context":"https:\/\/schema.org","@graph":[{"@type":"WebPage","@id":"https:\/\/fredfloris.eu\/productpage\/golden-shadow-swarovski-earrings\/","url":"https:\/\/fredfloris.eu\/productpage\/golden-shadow-swarovski-earrings\/","name":"Ombre dor\u00e9e - Boucles d'oreilles Leverback Swarovski Crystal | FredFloris","isPartOf":{"@id":"https:\/\/fredfloris.eu\/#website"},"primaryImageOfPage":{"@id":"https:\/\/fredfloris.eu\/productpage\/golden-shadow-swarovski-earrings\/#primaryimage"},"image":{"@id":"https:\/\/fredfloris.eu\/productpage\/golden-shadow-swarovski-earrings\/#primaryimage"},"thumbnailUrl":"https:\/\/fredfloris.eu\/wp-content\/uploads\/2022\/05\/IMG_2209-scaled-e1740242692263.jpg","datePublished":"2022-05-18T17:41:04+00:00","dateModified":"2024-07-23T18:28:15+00:00","description":"Les boucles d'oreilles en cristal Swarovski Golden Shadow \u00e0 levier cr\u00e9ent une belle lumi\u00e8re autour du visage de la personne qui les porte. Ces boucles d'oreilles en cristal sont...","breadcrumb":{"@id":"https:\/\/fredfloris.eu\/productpage\/golden-shadow-swarovski-earrings\/#breadcrumb"},"inLanguage":"fr-FR","potentialAction":[{"@type":"ReadAction","target":["https:\/\/fredfloris.eu\/productpage\/golden-shadow-swarovski-earrings\/"]}]},{"@type":"ImageObject","inLanguage":"fr-FR","@id":"https:\/\/fredfloris.eu\/productpage\/golden-shadow-swarovski-earrings\/#primaryimage","url":"https:\/\/fredfloris.eu\/wp-content\/uploads\/2022\/05\/IMG_2209-scaled-e1740242692263.jpg","contentUrl":"https:\/\/fredfloris.eu\/wp-content\/uploads\/2022\/05\/IMG_2209-scaled-e1740242692263.jpg","width":1643,"height":1096,"caption":"Product: Golden Shadow Crystal \u2013 Gold and Platinum Plated Silver"},{"@type":"BreadcrumbList","@id":"https:\/\/fredfloris.eu\/productpage\/golden-shadow-swarovski-earrings\/#breadcrumb","itemListElement":[{"@type":"ListItem","position":1,"name":"Home","item":"https:\/\/fredfloris.eu\/"},{"@type":"ListItem","position":2,"name":"Shop","item":"https:\/\/fredfloris.eu\/shop\/"},{"@type":"ListItem","position":3,"name":"Golden Shadow Crystal &#8211; Leverback Swarovski Crystal Earrings"}]},{"@type":"WebSite","@id":"https:\/\/fredfloris.eu\/#website","url":"https:\/\/fredfloris.eu\/","name":"FredFloris","description":"Maroquinerie artisanale - Fabriqu\u00e9e en Su\u00e8de","publisher":{"@id":"https:\/\/fredfloris.eu\/#organization"},"potentialAction":[{"@type":"SearchAction","target":{"@type":"EntryPoint","urlTemplate":"https:\/\/fredfloris.eu\/?s={search_term_string}"},"query-input":{"@type":"PropertyValueSpecification","valueRequired":true,"valueName":"search_term_string"}}],"inLanguage":"fr-FR"},{"@type":"Organization","@id":"https:\/\/fredfloris.eu\/#organization","name":"FredFloris","url":"https:\/\/fredfloris.eu\/","logo":{"@type":"ImageObject","inLanguage":"fr-FR","@id":"https:\/\/fredfloris.eu\/#\/schema\/logo\/image\/","url":"https:\/\/fredfloris.eu\/wp-content\/uploads\/2022\/03\/FredFloris-med-hel-nal-och-text.png","contentUrl":"https:\/\/fredfloris.eu\/wp-content\/uploads\/2022\/03\/FredFloris-med-hel-nal-och-text.png","width":591,"height":283,"caption":"FredFloris"},"image":{"@id":"https:\/\/fredfloris.eu\/#\/schema\/logo\/image\/"},"sameAs":["https:\/\/www.facebook.com\/FredFloris.Artisan.Studio\/","https:\/\/x.com\/_fredfloris_","https:\/\/www.instagram.com\/fredfloris.artisan.studio\/"]}]}},"brands":[{"id":204,"name":"FredFloris &amp; Partner","slug":"fredfloris-partner"}],"_links":{"self":[{"href":"https:\/\/fredfloris.eu\/fr\/wp-json\/wp\/v2\/product\/5331","targetHints":{"allow":["GET"]}}],"collection":[{"href":"https:\/\/fredfloris.eu\/fr\/wp-json\/wp\/v2\/product"}],"about":[{"href":"https:\/\/fredfloris.eu\/fr\/wp-json\/wp\/v2\/types\/product"}],"version-history":[{"count":8,"href":"https:\/\/fredfloris.eu\/fr\/wp-json\/wp\/v2\/product\/5331\/revisions"}],"predecessor-version":[{"id":11585,"href":"https:\/\/fredfloris.eu\/fr\/wp-json\/wp\/v2\/product\/5331\/revisions\/11585"}],"wp:featuredmedia":[{"embeddable":true,"href":"https:\/\/fredfloris.eu\/fr\/wp-json\/wp\/v2\/media\/4912"}],"wp:attachment":[{"href":"https:\/\/fredfloris.eu\/fr\/wp-json\/wp\/v2\/media?parent=5331"}],"wp:term":[{"taxonomy":"pwb-brand","embeddable":true,"href":"https:\/\/fredfloris.eu\/fr\/wp-json\/wp\/v2\/pwb-brand?post=5331"},{"taxonomy":"product_brand","embeddable":true,"href":"https:\/\/fredfloris.eu\/fr\/wp-json\/wp\/v2\/product_brand?post=5331"},{"taxonomy":"product_cat","embeddable":true,"href":"https:\/\/fredfloris.eu\/fr\/wp-json\/wp\/v2\/product_cat?post=5331"},{"taxonomy":"product_tag","embeddable":true,"href":"https:\/\/fredfloris.eu\/fr\/wp-json\/wp\/v2\/product_tag?post=5331"},{"taxonomy":"woo-feed-brand","embeddable":true,"href":"https:\/\/fredfloris.eu\/fr\/wp-json\/wp\/v2\/woo-feed-brand?post=5331"}],"curies":[{"name":"wp","href":"https:\/\/api.w.org\/{rel}","templated":true}]}}