{"id":5344,"date":"2022-05-18T20:14:17","date_gmt":"2022-05-18T18:14:17","guid":{"rendered":"https:\/\/fredfloris.eu\/?post_type=product&#038;p=5344"},"modified":"2024-07-23T20:32:47","modified_gmt":"2024-07-23T18:32:47","slug":"light-sapphire-swarovski-earrings","status":"publish","type":"product","link":"https:\/\/fredfloris.eu\/fr\/productpage\/light-sapphire-swarovski-earrings\/","title":{"rendered":"Light Sapphire - Boucles d'oreilles Leverback en cristal Swarovski"},"content":{"rendered":"<p><strong>D\u00e9couvrez l'\u00e9l\u00e9gance intemporelle avec nos boucles d'oreilles en cristal.<\/strong> L'association simple mais \u00e9tonnante du m\u00e9tal pr\u00e9cieux et du cristal taill\u00e9 en clair fait de ces boucles d'oreilles un indispensable de la mode. Elles \u00e9voquent la beaut\u00e9 d'une star de cin\u00e9ma classique. D'un bleu intense, ces \u00e9l\u00e9gantes boucles d'oreilles ont une forme de pendentif qui allonge le visage et flatte vos traits. Elles sont parfaites pour les occasions sp\u00e9ciales telles que les mariages, les f\u00eates, les r\u00e9unions de travail et les rassemblements familiaux.<\/p>\n<p><strong>Mat\u00e9riaux disponibles :<\/strong> Ces boucles d'oreilles sont disponibles en argent 925 avec un rev\u00eatement en platine ou en or 24k.<\/p>\n<p><strong>Swarovski Cristaux :<\/strong> R\u00e9put\u00e9es pour leur taille brillante qui r\u00e9fl\u00e9chit la lumi\u00e8re et leur couleur myst\u00e9rieuse, ces boucles d'oreilles en cristal Swarovski sont un choix fiable pour tous les \u00e9v\u00e9nements. Chaque pi\u00e8ce est fabriqu\u00e9e \u00e0 Wattens, en Autriche.<\/p>\n<p><strong>Un cadeau bien pens\u00e9 :<\/strong> La teinte brillante du saphir clair de ces boucles d'oreilles en fait un ajout intemporel \u00e0 toute collection de bijoux et le parfait \"quelque chose de bleu\" pour une mari\u00e9e.<\/p>\n<p><strong>Hypoallerg\u00e9nique :<\/strong> Le support \u00e0 levier est en argent sterling sans nickel, ce qui \u00e9vite l'irritation de la peau et le ternissement. La conception \u00e0 levier permet de maintenir les boucles d'oreilles en place en toute s\u00e9curit\u00e9, tout en restant confortable pour le porteur.<\/p>\n<p><strong>Entretien des bijoux :<\/strong> Pour conserver leur \u00e9tat impeccable, rangez les boucles d'oreilles dans une bo\u00eete ou un sac souple, \u00e0 l'\u00e9cart des autres bijoux. \u00c9vitez de les exposer \u00e0 des produits chimiques pour ne pas les endommager. Le placage, qu'il soit en platine ou en or, est d\u00e9licat et, comme tous les placages, il s'estompe avec le temps. Limitez le contact avec les produits chimiques et la peau pour prolonger la dur\u00e9e de vie du placage.<\/p>\n<p>&nbsp;<\/p>\n<p>Mots de recherche : Boucles d'oreilles en cristal Swarovski, boucles d'oreilles pendantes en cristal<\/p>","protected":false},"excerpt":{"rendered":"<p><strong>DIMENSIONS DU PRODUIT - <\/strong>Poids du produit : 6 g (paire)<\/p>\n<p>Taille du cristal : 22 mm. Hauteur de la b\u00e9li\u00e8re : 18 mm, largeur : 11,80 mm.<\/p>\n<p>Disponible en argent sterling 925\/platine\/plaqu\u00e9 or 24K - 0,4 \u00b5m.<\/p>\n<pre><\/pre>\n<p>La base des boucles d'oreilles est fabriqu\u00e9e par notre partenaire exp\u00e9riment\u00e9 en Pologne. Nous utilisons de l'argent plaqu\u00e9 d'une \u00e9paisseur de 0,4 \u00b5m car il ne fonce pas et ne ternit pas les bijoux. Le produit pr\u00e9sente une certaine r\u00e9sistance \u00e0 la d\u00e9coloration, mais veillez \u00e0 suivre nos instructions d'entretien pour prolonger la dur\u00e9e de vie de vos nouveaux bijoux.<\/p>","protected":false},"featured_media":4855,"template":"","meta":[],"pwb-brand":[204],"product_brand":[],"product_cat":[115,113,101],"product_tag":[163,165,164,135,195],"woo-feed-brand":[],"class_list":{"0":"post-5344","1":"product","2":"type-product","3":"status-publish","4":"has-post-thumbnail","6":"pwb-brand-fredfloris-partner","7":"product_cat-drop-earrings","8":"product_cat-earrings","9":"product_cat-jewelry","10":"product_tag-gold","11":"product_tag-platinum","12":"product_tag-silver","13":"product_tag-stocked","14":"product_tag-swarovski","15":"product_shipping_class-small-goods","16":"pa_leverback-ag-925-24k-gold-plated-04-m","17":"pa_leverback-ag-925-platinum-plated-04-m","18":"pa_swarovski-crystal-swarovski-22mm-light-sapphire","20":"first","21":"instock","22":"taxable","23":"shipping-taxable","24":"purchasable","25":"product-type-variable"},"yoast_head":"<!-- This site is optimized with the Yoast SEO plugin v27.2 - https:\/\/yoast.com\/product\/yoast-seo-wordpress\/ -->\n<title>Light Sapphire - Leverback Swarovski Crystal Earrings | FredFloris<\/title>\n<meta name=\"description\" content=\"Swarovski leverback crystal earrings, Platinum &amp; 24K Gold Plated 925 Sterling Silver crystal drop earrings, Gifts for her.\" \/>\n<meta name=\"robots\" content=\"index, follow, max-snippet:-1, max-image-preview:large, max-video-preview:-1\" \/>\n<link rel=\"canonical\" href=\"https:\/\/fredfloris.eu\/fr\/productpage\/light-sapphire-swarovski-earrings\/?wmc-currency=EUR\" \/>\n<meta property=\"og:locale\" content=\"fr_FR\" \/>\n<meta property=\"og:type\" content=\"article\" \/>\n<meta property=\"og:title\" content=\"Light Sapphire - Leverback Swarovski Crystal Earrings | FredFloris\" \/>\n<meta property=\"og:description\" content=\"Swarovski leverback crystal earrings, Platinum &amp; 24K Gold Plated 925 Sterling Silver crystal drop earrings, Gifts for her.\" \/>\n<meta property=\"og:url\" content=\"https:\/\/fredfloris.eu\/fr\/productpage\/light-sapphire-swarovski-earrings\/?wmc-currency=EUR\" \/>\n<meta property=\"og:site_name\" content=\"FredFloris\" \/>\n<meta property=\"article:publisher\" content=\"https:\/\/www.facebook.com\/FredFloris.Artisan.Studio\/\" \/>\n<meta property=\"article:modified_time\" content=\"2024-07-23T18:32:47+00:00\" \/>\n<meta property=\"og:image\" content=\"https:\/\/fredfloris.eu\/wp-content\/uploads\/2022\/05\/IMG_2193-scaled.jpg\" \/>\n\t<meta property=\"og:image:width\" content=\"2560\" \/>\n\t<meta property=\"og:image:height\" content=\"1707\" \/>\n\t<meta property=\"og:image:type\" content=\"image\/jpeg\" \/>\n<meta name=\"twitter:card\" content=\"summary_large_image\" \/>\n<meta name=\"twitter:site\" content=\"@_fredfloris_\" \/>\n<meta name=\"twitter:label1\" content=\"Dur\u00e9e de lecture estim\u00e9e\" \/>\n\t<meta name=\"twitter:data1\" content=\"2 minutes\" \/>\n<script type=\"application\/ld+json\" class=\"yoast-schema-graph\">{\"@context\":\"https:\/\/schema.org\",\"@graph\":[{\"@type\":\"WebPage\",\"@id\":\"https:\/\/fredfloris.eu\/productpage\/light-sapphire-swarovski-earrings\/\",\"url\":\"https:\/\/fredfloris.eu\/productpage\/light-sapphire-swarovski-earrings\/\",\"name\":\"Light Sapphire - Leverback Swarovski Crystal Earrings | FredFloris\",\"isPartOf\":{\"@id\":\"https:\/\/fredfloris.eu\/#website\"},\"primaryImageOfPage\":{\"@id\":\"https:\/\/fredfloris.eu\/productpage\/light-sapphire-swarovski-earrings\/#primaryimage\"},\"image\":{\"@id\":\"https:\/\/fredfloris.eu\/productpage\/light-sapphire-swarovski-earrings\/#primaryimage\"},\"thumbnailUrl\":\"https:\/\/fredfloris.eu\/wp-content\/uploads\/2022\/05\/IMG_2193-scaled-e1740244068830.jpg\",\"datePublished\":\"2022-05-18T18:14:17+00:00\",\"dateModified\":\"2024-07-23T18:32:47+00:00\",\"description\":\"Swarovski leverback crystal earrings, Platinum & 24K Gold Plated 925 Sterling Silver crystal drop earrings, Gifts for her.\",\"breadcrumb\":{\"@id\":\"https:\/\/fredfloris.eu\/productpage\/light-sapphire-swarovski-earrings\/#breadcrumb\"},\"inLanguage\":\"fr-FR\",\"potentialAction\":[{\"@type\":\"ReadAction\",\"target\":[\"https:\/\/fredfloris.eu\/productpage\/light-sapphire-swarovski-earrings\/\"]}]},{\"@type\":\"ImageObject\",\"inLanguage\":\"fr-FR\",\"@id\":\"https:\/\/fredfloris.eu\/productpage\/light-sapphire-swarovski-earrings\/#primaryimage\",\"url\":\"https:\/\/fredfloris.eu\/wp-content\/uploads\/2022\/05\/IMG_2193-scaled-e1740244068830.jpg\",\"contentUrl\":\"https:\/\/fredfloris.eu\/wp-content\/uploads\/2022\/05\/IMG_2193-scaled-e1740244068830.jpg\",\"width\":1502,\"height\":1002,\"caption\":\"Product: Light Sapphire \u2013 Gold and Platinum Plated Silver\"},{\"@type\":\"BreadcrumbList\",\"@id\":\"https:\/\/fredfloris.eu\/productpage\/light-sapphire-swarovski-earrings\/#breadcrumb\",\"itemListElement\":[{\"@type\":\"ListItem\",\"position\":1,\"name\":\"Home\",\"item\":\"https:\/\/fredfloris.eu\/\"},{\"@type\":\"ListItem\",\"position\":2,\"name\":\"Shop\",\"item\":\"https:\/\/fredfloris.eu\/shop\/\"},{\"@type\":\"ListItem\",\"position\":3,\"name\":\"Light Sapphire &#8211; Leverback Swarovski Crystal Earrings\"}]},{\"@type\":\"WebSite\",\"@id\":\"https:\/\/fredfloris.eu\/#website\",\"url\":\"https:\/\/fredfloris.eu\/\",\"name\":\"FredFloris\",\"description\":\"Handcrafted Leathergoods - Made in Sweden\",\"publisher\":{\"@id\":\"https:\/\/fredfloris.eu\/#organization\"},\"potentialAction\":[{\"@type\":\"SearchAction\",\"target\":{\"@type\":\"EntryPoint\",\"urlTemplate\":\"https:\/\/fredfloris.eu\/?s={search_term_string}\"},\"query-input\":{\"@type\":\"PropertyValueSpecification\",\"valueRequired\":true,\"valueName\":\"search_term_string\"}}],\"inLanguage\":\"fr-FR\"},{\"@type\":\"Organization\",\"@id\":\"https:\/\/fredfloris.eu\/#organization\",\"name\":\"FredFloris\",\"url\":\"https:\/\/fredfloris.eu\/\",\"logo\":{\"@type\":\"ImageObject\",\"inLanguage\":\"fr-FR\",\"@id\":\"https:\/\/fredfloris.eu\/#\/schema\/logo\/image\/\",\"url\":\"https:\/\/fredfloris.eu\/wp-content\/uploads\/2022\/03\/FredFloris-med-hel-nal-och-text.png\",\"contentUrl\":\"https:\/\/fredfloris.eu\/wp-content\/uploads\/2022\/03\/FredFloris-med-hel-nal-och-text.png\",\"width\":591,\"height\":283,\"caption\":\"FredFloris\"},\"image\":{\"@id\":\"https:\/\/fredfloris.eu\/#\/schema\/logo\/image\/\"},\"sameAs\":[\"https:\/\/www.facebook.com\/FredFloris.Artisan.Studio\/\",\"https:\/\/x.com\/_fredfloris_\",\"https:\/\/www.instagram.com\/fredfloris.artisan.studio\/\"]}]}<\/script>\n<!-- \/ Yoast SEO plugin. -->","yoast_head_json":{"title":"Light Sapphire - Boucles d'oreilles en cristal Swarovski | FredFloris","description":"Swarovski boucles d'oreilles en cristal, boucles d'oreilles en cristal plaqu\u00e9es platine et or 24K, boucles d'oreilles en cristal en argent 925, cadeaux pour elle.","robots":{"index":"index","follow":"follow","max-snippet":"max-snippet:-1","max-image-preview":"max-image-preview:large","max-video-preview":"max-video-preview:-1"},"canonical":"https:\/\/fredfloris.eu\/fr\/productpage\/light-sapphire-swarovski-earrings\/?wmc-currency=EUR","og_locale":"fr_FR","og_type":"article","og_title":"Light Sapphire - Leverback Swarovski Crystal Earrings | FredFloris","og_description":"Swarovski leverback crystal earrings, Platinum & 24K Gold Plated 925 Sterling Silver crystal drop earrings, Gifts for her.","og_url":"https:\/\/fredfloris.eu\/fr\/productpage\/light-sapphire-swarovski-earrings\/?wmc-currency=EUR","og_site_name":"FredFloris","article_publisher":"https:\/\/www.facebook.com\/FredFloris.Artisan.Studio\/","article_modified_time":"2024-07-23T18:32:47+00:00","og_image":[{"width":2560,"height":1707,"url":"https:\/\/fredfloris.eu\/wp-content\/uploads\/2022\/05\/IMG_2193-scaled.jpg","type":"image\/jpeg"}],"twitter_card":"summary_large_image","twitter_site":"@_fredfloris_","twitter_misc":{"Dur\u00e9e de lecture estim\u00e9e":"2 minutes"},"schema":{"@context":"https:\/\/schema.org","@graph":[{"@type":"WebPage","@id":"https:\/\/fredfloris.eu\/productpage\/light-sapphire-swarovski-earrings\/","url":"https:\/\/fredfloris.eu\/productpage\/light-sapphire-swarovski-earrings\/","name":"Light Sapphire - Boucles d'oreilles en cristal Swarovski | FredFloris","isPartOf":{"@id":"https:\/\/fredfloris.eu\/#website"},"primaryImageOfPage":{"@id":"https:\/\/fredfloris.eu\/productpage\/light-sapphire-swarovski-earrings\/#primaryimage"},"image":{"@id":"https:\/\/fredfloris.eu\/productpage\/light-sapphire-swarovski-earrings\/#primaryimage"},"thumbnailUrl":"https:\/\/fredfloris.eu\/wp-content\/uploads\/2022\/05\/IMG_2193-scaled-e1740244068830.jpg","datePublished":"2022-05-18T18:14:17+00:00","dateModified":"2024-07-23T18:32:47+00:00","description":"Swarovski boucles d'oreilles en cristal, boucles d'oreilles en cristal plaqu\u00e9es platine et or 24K, boucles d'oreilles en cristal en argent 925, cadeaux pour elle.","breadcrumb":{"@id":"https:\/\/fredfloris.eu\/productpage\/light-sapphire-swarovski-earrings\/#breadcrumb"},"inLanguage":"fr-FR","potentialAction":[{"@type":"ReadAction","target":["https:\/\/fredfloris.eu\/productpage\/light-sapphire-swarovski-earrings\/"]}]},{"@type":"ImageObject","inLanguage":"fr-FR","@id":"https:\/\/fredfloris.eu\/productpage\/light-sapphire-swarovski-earrings\/#primaryimage","url":"https:\/\/fredfloris.eu\/wp-content\/uploads\/2022\/05\/IMG_2193-scaled-e1740244068830.jpg","contentUrl":"https:\/\/fredfloris.eu\/wp-content\/uploads\/2022\/05\/IMG_2193-scaled-e1740244068830.jpg","width":1502,"height":1002,"caption":"Product: Light Sapphire \u2013 Gold and Platinum Plated Silver"},{"@type":"BreadcrumbList","@id":"https:\/\/fredfloris.eu\/productpage\/light-sapphire-swarovski-earrings\/#breadcrumb","itemListElement":[{"@type":"ListItem","position":1,"name":"Home","item":"https:\/\/fredfloris.eu\/"},{"@type":"ListItem","position":2,"name":"Shop","item":"https:\/\/fredfloris.eu\/shop\/"},{"@type":"ListItem","position":3,"name":"Light Sapphire &#8211; Leverback Swarovski Crystal Earrings"}]},{"@type":"WebSite","@id":"https:\/\/fredfloris.eu\/#website","url":"https:\/\/fredfloris.eu\/","name":"FredFloris","description":"Maroquinerie artisanale - Fabriqu\u00e9e en Su\u00e8de","publisher":{"@id":"https:\/\/fredfloris.eu\/#organization"},"potentialAction":[{"@type":"SearchAction","target":{"@type":"EntryPoint","urlTemplate":"https:\/\/fredfloris.eu\/?s={search_term_string}"},"query-input":{"@type":"PropertyValueSpecification","valueRequired":true,"valueName":"search_term_string"}}],"inLanguage":"fr-FR"},{"@type":"Organization","@id":"https:\/\/fredfloris.eu\/#organization","name":"FredFloris","url":"https:\/\/fredfloris.eu\/","logo":{"@type":"ImageObject","inLanguage":"fr-FR","@id":"https:\/\/fredfloris.eu\/#\/schema\/logo\/image\/","url":"https:\/\/fredfloris.eu\/wp-content\/uploads\/2022\/03\/FredFloris-med-hel-nal-och-text.png","contentUrl":"https:\/\/fredfloris.eu\/wp-content\/uploads\/2022\/03\/FredFloris-med-hel-nal-och-text.png","width":591,"height":283,"caption":"FredFloris"},"image":{"@id":"https:\/\/fredfloris.eu\/#\/schema\/logo\/image\/"},"sameAs":["https:\/\/www.facebook.com\/FredFloris.Artisan.Studio\/","https:\/\/x.com\/_fredfloris_","https:\/\/www.instagram.com\/fredfloris.artisan.studio\/"]}]}},"brands":[{"id":204,"name":"FredFloris &amp; Partner","slug":"fredfloris-partner"}],"_links":{"self":[{"href":"https:\/\/fredfloris.eu\/fr\/wp-json\/wp\/v2\/product\/5344","targetHints":{"allow":["GET"]}}],"collection":[{"href":"https:\/\/fredfloris.eu\/fr\/wp-json\/wp\/v2\/product"}],"about":[{"href":"https:\/\/fredfloris.eu\/fr\/wp-json\/wp\/v2\/types\/product"}],"version-history":[{"count":9,"href":"https:\/\/fredfloris.eu\/fr\/wp-json\/wp\/v2\/product\/5344\/revisions"}],"predecessor-version":[{"id":11582,"href":"https:\/\/fredfloris.eu\/fr\/wp-json\/wp\/v2\/product\/5344\/revisions\/11582"}],"wp:featuredmedia":[{"embeddable":true,"href":"https:\/\/fredfloris.eu\/fr\/wp-json\/wp\/v2\/media\/4855"}],"wp:attachment":[{"href":"https:\/\/fredfloris.eu\/fr\/wp-json\/wp\/v2\/media?parent=5344"}],"wp:term":[{"taxonomy":"pwb-brand","embeddable":true,"href":"https:\/\/fredfloris.eu\/fr\/wp-json\/wp\/v2\/pwb-brand?post=5344"},{"taxonomy":"product_brand","embeddable":true,"href":"https:\/\/fredfloris.eu\/fr\/wp-json\/wp\/v2\/product_brand?post=5344"},{"taxonomy":"product_cat","embeddable":true,"href":"https:\/\/fredfloris.eu\/fr\/wp-json\/wp\/v2\/product_cat?post=5344"},{"taxonomy":"product_tag","embeddable":true,"href":"https:\/\/fredfloris.eu\/fr\/wp-json\/wp\/v2\/product_tag?post=5344"},{"taxonomy":"woo-feed-brand","embeddable":true,"href":"https:\/\/fredfloris.eu\/fr\/wp-json\/wp\/v2\/woo-feed-brand?post=5344"}],"curies":[{"name":"wp","href":"https:\/\/api.w.org\/{rel}","templated":true}]}}