{"id":9905,"date":"2022-08-21T15:06:55","date_gmt":"2022-08-21T13:06:55","guid":{"rendered":"https:\/\/fredfloris.eu\/?post_type=product&#038;p=9905"},"modified":"2025-02-22T19:54:15","modified_gmt":"2025-02-22T17:54:15","slug":"smalandijs-leather-cufflinks","status":"publish","type":"product","link":"https:\/\/fredfloris.eu\/fr\/productpage\/smalandijs-leather-cufflinks\/","title":{"rendered":"Smalandijs - Boutons de manchette en cuir"},"content":{"rendered":"<p><strong>Investissez dans votre identit\u00e9 avec nos boutons de manchette en cuir. Personnalisez-les avec vos initiales, appos\u00e9es \u00e0 l'aide d'une presse \u00e0 chaud ou d'une feuille d'or. Il repr\u00e9sente la r\u00e9ussite et t\u00e9moigne de vos efforts. Au cours de votre vie, vous souhaitez construire un h\u00e9ritage durable, qu'il s'agisse d'une carri\u00e8re, d'une famille ou des deux.<\/strong><\/p>\n<p><strong>Parfait comme cadeau personnel :<\/strong> Ces boutons de manchette sont un cadeau id\u00e9al pour les membres de la famille. Qu'il s'agisse d'un cadeau d'un p\u00e8re ou d'une \u00e9pouse, il s'agit d'un souvenir pr\u00e9cieux de votre amour.<\/p>\n<p><strong>Sp\u00e9cifications du produit :<\/strong><\/p>\n<ul>\n<li><strong>Mat\u00e9riau :<\/strong> Cuir pleine fleur su\u00e9dois \u00e0 tannage v\u00e9g\u00e9tal avec base en acier inoxydable<\/li>\n<li><strong>Personnalisation :<\/strong> Marquage personnalis\u00e9 gratuit disponible<\/li>\n<li><strong>Diam\u00e8tre int\u00e9rieur :<\/strong> 16 mm<\/li>\n<li><strong>Poids :<\/strong> Environ 12 grammes par paire<\/li>\n<li><strong>Couleurs disponibles :<\/strong> Noir, marron fonc\u00e9, marron, bleu-vert, jaune fonc\u00e9 et Cognac fonc\u00e9<\/li>\n<li><strong>Caract\u00e9ristiques :<\/strong> Sans nickel et hypoallerg\u00e9nique, il n'y a pas d'irritation de la peau.<\/li>\n<\/ul>\n<p>&nbsp;<\/p>\n<p>Mots cl\u00e9s de la recherche : Boutons de manchette classiques personnalis\u00e9s, boutons de manchette en cuir<\/p>","protected":false},"excerpt":{"rendered":"<p><strong>DIMENSIONS DU PRODUIT - <\/strong>Poids du produit : 12 g (paire), diam\u00e8tre int\u00e9rieur du bouton de manchette : 16 mm.<\/p>\n<p>Disponible avec une base en acier inoxydable<\/p>\n<pre><\/pre>\n<p>Ce produit est fabriqu\u00e9 \u00e0 partir de mat\u00e9riaux naturels : la couleur et l'\u00e9paisseur peuvent varier.<\/p>","protected":false},"featured_media":9910,"template":"","meta":[],"pwb-brand":[204],"product_brand":[],"product_cat":[118,101,119],"product_tag":[123,147,105],"woo-feed-brand":[],"class_list":{"0":"post-9905","1":"product","2":"type-product","3":"status-publish","4":"has-post-thumbnail","6":"pwb-brand-fredfloris-partner","7":"product_cat-cufflinks","8":"product_cat-jewelry","9":"product_cat-personalised-cufflinks","10":"product_tag-full-grain-leather","11":"product_tag-heat-imprint","12":"product_tag-made-to-order","13":"product_shipping_class-small-goods","14":"pa_cufflink-base-stainless-steel-aisi","15":"pa_leather-colour-black-croupon-swedish","16":"pa_leather-colour-petrol-waxed","17":"pa_leather-colour-brown-croupon-swedish","18":"pa_leather-colour-dbrown-croupon-swedish","19":"pa_leather-colour-dark-cognac-waxed","20":"pa_leather-colour-mustard-waxed","22":"first","23":"instock","24":"taxable","25":"shipping-taxable","26":"purchasable","27":"product-type-variable","28":"has-default-attributes"},"yoast_head":"<!-- This site is optimized with the Yoast SEO plugin v27.2 - https:\/\/yoast.com\/product\/yoast-seo-wordpress\/ -->\n<title>Smalandijs - Leather Cufflinks | FredFloris<\/title>\n<meta name=\"description\" content=\"With our personalised leather cufflinks, you can invest in your name. Your initials can be applied by heat press or gold foiling making it custom to you.\" \/>\n<meta name=\"robots\" content=\"index, follow, max-snippet:-1, max-image-preview:large, max-video-preview:-1\" \/>\n<link rel=\"canonical\" href=\"https:\/\/fredfloris.eu\/fr\/productpage\/smalandijs-leather-cufflinks\/?wmc-currency=EUR\" \/>\n<meta property=\"og:locale\" content=\"fr_FR\" \/>\n<meta property=\"og:type\" content=\"article\" \/>\n<meta property=\"og:title\" content=\"Smalandijs - Leather Cufflinks | FredFloris\" \/>\n<meta property=\"og:description\" content=\"With our personalised leather cufflinks, you can invest in your name. Your initials can be applied by heat press or gold foiling making it custom to you.\" \/>\n<meta property=\"og:url\" content=\"https:\/\/fredfloris.eu\/fr\/productpage\/smalandijs-leather-cufflinks\/?wmc-currency=EUR\" \/>\n<meta property=\"og:site_name\" content=\"FredFloris\" \/>\n<meta property=\"article:publisher\" content=\"https:\/\/www.facebook.com\/FredFloris.Artisan.Studio\/\" \/>\n<meta property=\"article:modified_time\" content=\"2025-02-22T17:54:15+00:00\" \/>\n<meta property=\"og:image\" content=\"https:\/\/fredfloris.eu\/wp-content\/uploads\/2022\/08\/IMG_2925-scaled.jpg\" \/>\n\t<meta property=\"og:image:width\" content=\"2560\" \/>\n\t<meta property=\"og:image:height\" content=\"1707\" \/>\n\t<meta property=\"og:image:type\" content=\"image\/jpeg\" \/>\n<meta name=\"twitter:card\" content=\"summary_large_image\" \/>\n<meta name=\"twitter:site\" content=\"@_fredfloris_\" \/>\n<meta name=\"twitter:label1\" content=\"Dur\u00e9e de lecture estim\u00e9e\" \/>\n\t<meta name=\"twitter:data1\" content=\"1 minute\" \/>\n<script type=\"application\/ld+json\" class=\"yoast-schema-graph\">{\"@context\":\"https:\/\/schema.org\",\"@graph\":[{\"@type\":\"WebPage\",\"@id\":\"https:\/\/fredfloris.eu\/productpage\/smalandijs-leather-cufflinks\/\",\"url\":\"https:\/\/fredfloris.eu\/productpage\/smalandijs-leather-cufflinks\/\",\"name\":\"Smalandijs - Leather Cufflinks | FredFloris\",\"isPartOf\":{\"@id\":\"https:\/\/fredfloris.eu\/#website\"},\"primaryImageOfPage\":{\"@id\":\"https:\/\/fredfloris.eu\/productpage\/smalandijs-leather-cufflinks\/#primaryimage\"},\"image\":{\"@id\":\"https:\/\/fredfloris.eu\/productpage\/smalandijs-leather-cufflinks\/#primaryimage\"},\"thumbnailUrl\":\"https:\/\/fredfloris.eu\/wp-content\/uploads\/2022\/08\/IMG_2925-scaled.jpg\",\"datePublished\":\"2022-08-21T13:06:55+00:00\",\"dateModified\":\"2025-02-22T17:54:15+00:00\",\"description\":\"With our personalised leather cufflinks, you can invest in your name. Your initials can be applied by heat press or gold foiling making it custom to you.\",\"breadcrumb\":{\"@id\":\"https:\/\/fredfloris.eu\/productpage\/smalandijs-leather-cufflinks\/#breadcrumb\"},\"inLanguage\":\"fr-FR\",\"potentialAction\":[{\"@type\":\"ReadAction\",\"target\":[\"https:\/\/fredfloris.eu\/productpage\/smalandijs-leather-cufflinks\/\"]}]},{\"@type\":\"ImageObject\",\"inLanguage\":\"fr-FR\",\"@id\":\"https:\/\/fredfloris.eu\/productpage\/smalandijs-leather-cufflinks\/#primaryimage\",\"url\":\"https:\/\/fredfloris.eu\/wp-content\/uploads\/2022\/08\/IMG_2925-scaled.jpg\",\"contentUrl\":\"https:\/\/fredfloris.eu\/wp-content\/uploads\/2022\/08\/IMG_2925-scaled.jpg\",\"width\":2560,\"height\":1707,\"caption\":\"Product: Smalandijs - Leather Cufflinks \u2013 Dark Brown, Brown and Black Leather \u2013 Stainless Steel\"},{\"@type\":\"BreadcrumbList\",\"@id\":\"https:\/\/fredfloris.eu\/productpage\/smalandijs-leather-cufflinks\/#breadcrumb\",\"itemListElement\":[{\"@type\":\"ListItem\",\"position\":1,\"name\":\"Home\",\"item\":\"https:\/\/fredfloris.eu\/\"},{\"@type\":\"ListItem\",\"position\":2,\"name\":\"Shop\",\"item\":\"https:\/\/fredfloris.eu\/shop\/\"},{\"@type\":\"ListItem\",\"position\":3,\"name\":\"Smalandijs &#8211; Leather Cufflinks\"}]},{\"@type\":\"WebSite\",\"@id\":\"https:\/\/fredfloris.eu\/#website\",\"url\":\"https:\/\/fredfloris.eu\/\",\"name\":\"FredFloris\",\"description\":\"Handcrafted Leathergoods - Made in Sweden\",\"publisher\":{\"@id\":\"https:\/\/fredfloris.eu\/#organization\"},\"potentialAction\":[{\"@type\":\"SearchAction\",\"target\":{\"@type\":\"EntryPoint\",\"urlTemplate\":\"https:\/\/fredfloris.eu\/?s={search_term_string}\"},\"query-input\":{\"@type\":\"PropertyValueSpecification\",\"valueRequired\":true,\"valueName\":\"search_term_string\"}}],\"inLanguage\":\"fr-FR\"},{\"@type\":\"Organization\",\"@id\":\"https:\/\/fredfloris.eu\/#organization\",\"name\":\"FredFloris\",\"url\":\"https:\/\/fredfloris.eu\/\",\"logo\":{\"@type\":\"ImageObject\",\"inLanguage\":\"fr-FR\",\"@id\":\"https:\/\/fredfloris.eu\/#\/schema\/logo\/image\/\",\"url\":\"https:\/\/fredfloris.eu\/wp-content\/uploads\/2022\/03\/FredFloris-med-hel-nal-och-text.png\",\"contentUrl\":\"https:\/\/fredfloris.eu\/wp-content\/uploads\/2022\/03\/FredFloris-med-hel-nal-och-text.png\",\"width\":591,\"height\":283,\"caption\":\"FredFloris\"},\"image\":{\"@id\":\"https:\/\/fredfloris.eu\/#\/schema\/logo\/image\/\"},\"sameAs\":[\"https:\/\/www.facebook.com\/FredFloris.Artisan.Studio\/\",\"https:\/\/x.com\/_fredfloris_\",\"https:\/\/www.instagram.com\/fredfloris.artisan.studio\/\"]}]}<\/script>\n<!-- \/ Yoast SEO plugin. -->","yoast_head_json":{"title":"Smalandijs - Boutons de manchette en cuir | FredFloris","description":"Avec nos boutons de manchette en cuir personnalis\u00e9s, vous pouvez investir dans votre nom. Vos initiales peuvent \u00eatre appos\u00e9es \u00e0 la presse \u00e0 chaud ou par dorure, ce qui vous permet de les personnaliser.","robots":{"index":"index","follow":"follow","max-snippet":"max-snippet:-1","max-image-preview":"max-image-preview:large","max-video-preview":"max-video-preview:-1"},"canonical":"https:\/\/fredfloris.eu\/fr\/productpage\/smalandijs-leather-cufflinks\/?wmc-currency=EUR","og_locale":"fr_FR","og_type":"article","og_title":"Smalandijs - Leather Cufflinks | FredFloris","og_description":"With our personalised leather cufflinks, you can invest in your name. Your initials can be applied by heat press or gold foiling making it custom to you.","og_url":"https:\/\/fredfloris.eu\/fr\/productpage\/smalandijs-leather-cufflinks\/?wmc-currency=EUR","og_site_name":"FredFloris","article_publisher":"https:\/\/www.facebook.com\/FredFloris.Artisan.Studio\/","article_modified_time":"2025-02-22T17:54:15+00:00","og_image":[{"width":2560,"height":1707,"url":"https:\/\/fredfloris.eu\/wp-content\/uploads\/2022\/08\/IMG_2925-scaled.jpg","type":"image\/jpeg"}],"twitter_card":"summary_large_image","twitter_site":"@_fredfloris_","twitter_misc":{"Dur\u00e9e de lecture estim\u00e9e":"1 minute"},"schema":{"@context":"https:\/\/schema.org","@graph":[{"@type":"WebPage","@id":"https:\/\/fredfloris.eu\/productpage\/smalandijs-leather-cufflinks\/","url":"https:\/\/fredfloris.eu\/productpage\/smalandijs-leather-cufflinks\/","name":"Smalandijs - Boutons de manchette en cuir | FredFloris","isPartOf":{"@id":"https:\/\/fredfloris.eu\/#website"},"primaryImageOfPage":{"@id":"https:\/\/fredfloris.eu\/productpage\/smalandijs-leather-cufflinks\/#primaryimage"},"image":{"@id":"https:\/\/fredfloris.eu\/productpage\/smalandijs-leather-cufflinks\/#primaryimage"},"thumbnailUrl":"https:\/\/fredfloris.eu\/wp-content\/uploads\/2022\/08\/IMG_2925-scaled.jpg","datePublished":"2022-08-21T13:06:55+00:00","dateModified":"2025-02-22T17:54:15+00:00","description":"Avec nos boutons de manchette en cuir personnalis\u00e9s, vous pouvez investir dans votre nom. Vos initiales peuvent \u00eatre appos\u00e9es \u00e0 la presse \u00e0 chaud ou par dorure, ce qui vous permet de les personnaliser.","breadcrumb":{"@id":"https:\/\/fredfloris.eu\/productpage\/smalandijs-leather-cufflinks\/#breadcrumb"},"inLanguage":"fr-FR","potentialAction":[{"@type":"ReadAction","target":["https:\/\/fredfloris.eu\/productpage\/smalandijs-leather-cufflinks\/"]}]},{"@type":"ImageObject","inLanguage":"fr-FR","@id":"https:\/\/fredfloris.eu\/productpage\/smalandijs-leather-cufflinks\/#primaryimage","url":"https:\/\/fredfloris.eu\/wp-content\/uploads\/2022\/08\/IMG_2925-scaled.jpg","contentUrl":"https:\/\/fredfloris.eu\/wp-content\/uploads\/2022\/08\/IMG_2925-scaled.jpg","width":2560,"height":1707,"caption":"Product: Smalandijs - Leather Cufflinks \u2013 Dark Brown, Brown and Black Leather \u2013 Stainless Steel"},{"@type":"BreadcrumbList","@id":"https:\/\/fredfloris.eu\/productpage\/smalandijs-leather-cufflinks\/#breadcrumb","itemListElement":[{"@type":"ListItem","position":1,"name":"Home","item":"https:\/\/fredfloris.eu\/"},{"@type":"ListItem","position":2,"name":"Shop","item":"https:\/\/fredfloris.eu\/shop\/"},{"@type":"ListItem","position":3,"name":"Smalandijs &#8211; Leather Cufflinks"}]},{"@type":"WebSite","@id":"https:\/\/fredfloris.eu\/#website","url":"https:\/\/fredfloris.eu\/","name":"FredFloris","description":"Maroquinerie artisanale - Fabriqu\u00e9e en Su\u00e8de","publisher":{"@id":"https:\/\/fredfloris.eu\/#organization"},"potentialAction":[{"@type":"SearchAction","target":{"@type":"EntryPoint","urlTemplate":"https:\/\/fredfloris.eu\/?s={search_term_string}"},"query-input":{"@type":"PropertyValueSpecification","valueRequired":true,"valueName":"search_term_string"}}],"inLanguage":"fr-FR"},{"@type":"Organization","@id":"https:\/\/fredfloris.eu\/#organization","name":"FredFloris","url":"https:\/\/fredfloris.eu\/","logo":{"@type":"ImageObject","inLanguage":"fr-FR","@id":"https:\/\/fredfloris.eu\/#\/schema\/logo\/image\/","url":"https:\/\/fredfloris.eu\/wp-content\/uploads\/2022\/03\/FredFloris-med-hel-nal-och-text.png","contentUrl":"https:\/\/fredfloris.eu\/wp-content\/uploads\/2022\/03\/FredFloris-med-hel-nal-och-text.png","width":591,"height":283,"caption":"FredFloris"},"image":{"@id":"https:\/\/fredfloris.eu\/#\/schema\/logo\/image\/"},"sameAs":["https:\/\/www.facebook.com\/FredFloris.Artisan.Studio\/","https:\/\/x.com\/_fredfloris_","https:\/\/www.instagram.com\/fredfloris.artisan.studio\/"]}]}},"brands":[{"id":204,"name":"FredFloris &amp; Partner","slug":"fredfloris-partner"}],"_links":{"self":[{"href":"https:\/\/fredfloris.eu\/fr\/wp-json\/wp\/v2\/product\/9905","targetHints":{"allow":["GET"]}}],"collection":[{"href":"https:\/\/fredfloris.eu\/fr\/wp-json\/wp\/v2\/product"}],"about":[{"href":"https:\/\/fredfloris.eu\/fr\/wp-json\/wp\/v2\/types\/product"}],"version-history":[{"count":12,"href":"https:\/\/fredfloris.eu\/fr\/wp-json\/wp\/v2\/product\/9905\/revisions"}],"predecessor-version":[{"id":11530,"href":"https:\/\/fredfloris.eu\/fr\/wp-json\/wp\/v2\/product\/9905\/revisions\/11530"}],"wp:featuredmedia":[{"embeddable":true,"href":"https:\/\/fredfloris.eu\/fr\/wp-json\/wp\/v2\/media\/9910"}],"wp:attachment":[{"href":"https:\/\/fredfloris.eu\/fr\/wp-json\/wp\/v2\/media?parent=9905"}],"wp:term":[{"taxonomy":"pwb-brand","embeddable":true,"href":"https:\/\/fredfloris.eu\/fr\/wp-json\/wp\/v2\/pwb-brand?post=9905"},{"taxonomy":"product_brand","embeddable":true,"href":"https:\/\/fredfloris.eu\/fr\/wp-json\/wp\/v2\/product_brand?post=9905"},{"taxonomy":"product_cat","embeddable":true,"href":"https:\/\/fredfloris.eu\/fr\/wp-json\/wp\/v2\/product_cat?post=9905"},{"taxonomy":"product_tag","embeddable":true,"href":"https:\/\/fredfloris.eu\/fr\/wp-json\/wp\/v2\/product_tag?post=9905"},{"taxonomy":"woo-feed-brand","embeddable":true,"href":"https:\/\/fredfloris.eu\/fr\/wp-json\/wp\/v2\/woo-feed-brand?post=9905"}],"curies":[{"name":"wp","href":"https:\/\/api.w.org\/{rel}","templated":true}]}}