{"id":9923,"date":"2022-08-21T16:07:31","date_gmt":"2022-08-21T14:07:31","guid":{"rendered":"https:\/\/fredfloris.eu\/?post_type=product&#038;p=9923"},"modified":"2024-06-24T20:35:40","modified_gmt":"2024-06-24T18:35:40","slug":"njudung-tigers-eye-cufflinks","status":"publish","type":"product","link":"https:\/\/fredfloris.eu\/fr\/productpage\/njudung-tigers-eye-cufflinks\/","title":{"rendered":"Njudung - Boutons de manchette \u0153il de tigre"},"content":{"rendered":"<p><strong>D\u00e9couvrez nos boutons de manchette Njudung, orn\u00e9s d'un disque de pierre pr\u00e9cieuse \u0152il de Tigre serti dans une monture en m\u00e9tal pr\u00e9cieux.<\/strong> Lorsque la lumi\u00e8re frappe ces boutons de manchette, elle r\u00e9v\u00e8le des reflets dor\u00e9s dans les riches teintes rouge-brun de la pierre pr\u00e9cieuse, ajoutant une touche de beaut\u00e9 naturelle et de brillance \u00e0 toute tenue vestimentaire.<\/p>\n<p>Ces boutons de manchette sont \u00e0 la fois fonctionnels et ornementaux, ce qui les rend parfaits pour tous les contextes, du bureau aux soir\u00e9es.<\/p>\n<p><strong>Sp\u00e9cifications du produit :<\/strong><\/p>\n<ul>\n<li><strong>Mat\u00e9riau de la base :<\/strong> Argent Sterling 925 plaqu\u00e9 or<\/li>\n<li><strong>Diam\u00e8tre int\u00e9rieur :<\/strong> 18 mm<\/li>\n<li><strong>Poids :<\/strong> Environ 11 grammes par paire<\/li>\n<li><strong>Pierre pr\u00e9cieuse :<\/strong> \u0152il de tigre naturel<\/li>\n<li><strong>Caract\u00e9ristiques :<\/strong> Sans nickel et hypoallerg\u00e9nique pour \u00e9viter les irritations de la peau<\/li>\n<\/ul>\n<p>&nbsp;<\/p>\n<p>Mots recherch\u00e9s : Boutons de manchette oeil de tigre, Boutons de manchette classique en or<\/p>","protected":false},"excerpt":{"rendered":"<p><strong>DIMENSIONS DU PRODUIT - <\/strong>Poids du produit : 11 g (paire), diam\u00e8tre int\u00e9rieur du bouton de manchette : 18 mm.<\/p>\n<p>Disponible en argent 925 avec placage en or 24K - 0,4 \u00b5m.<\/p>\n<p>SKU : nju\/cuf\/gol\/tig<br \/>\nMarque : FredFloris &amp; Partner<\/p>\n<pre><\/pre>\n<p>La base des boucles d'oreilles est fabriqu\u00e9e par notre partenaire exp\u00e9riment\u00e9 en Pologne. Nous utilisons de l'argent plaqu\u00e9 d'une \u00e9paisseur de 0,4 \u00b5m, car il ne fonce pas et ne ternit pas les bijoux. Le produit pr\u00e9sente une certaine r\u00e9sistance \u00e0 la d\u00e9coloration, mais veillez \u00e0 suivre nos instructions d'entretien pour prolonger la dur\u00e9e de vie de votre nouveau bijou. La pierre pr\u00e9cieuse est mont\u00e9e sur la base dans notre studio en Su\u00e8de.<\/p>\n<pre><\/pre>\n<p>Ce produit est fabriqu\u00e9 \u00e0 partir de mat\u00e9riaux naturels : la forme, la couleur et l'\u00e9paisseur peuvent varier.<\/p>","protected":false},"featured_media":9902,"template":"","meta":[],"pwb-brand":[204],"product_brand":[],"product_cat":[118,121,101],"product_tag":[357,163,135,359],"woo-feed-brand":[],"class_list":{"0":"post-9923","1":"product","2":"type-product","3":"status-publish","4":"has-post-thumbnail","6":"pwb-brand-fredfloris-partner","7":"product_cat-cufflinks","8":"product_cat-gem-cufflinks","9":"product_cat-jewelry","10":"product_tag-gemstone","11":"product_tag-gold","12":"product_tag-stocked","13":"product_tag-tigers-eye","14":"product_shipping_class-small-goods","16":"first","17":"instock","18":"taxable","19":"shipping-taxable","20":"purchasable","21":"product-type-simple"},"yoast_head":"<!-- This site is optimized with the Yoast SEO plugin v27.2 - https:\/\/yoast.com\/product\/yoast-seo-wordpress\/ -->\n<title>Njudung - Tigers Eye Cufflinks | FredFloris<\/title>\n<meta name=\"description\" content=\"Check out our Tigers eye natural gemstone cufflinks in gold plated silver, a true classic shirt cufflink, made to last! Make for a great gift!\" \/>\n<meta name=\"robots\" content=\"index, follow, max-snippet:-1, max-image-preview:large, max-video-preview:-1\" \/>\n<link rel=\"canonical\" href=\"https:\/\/fredfloris.eu\/fr\/productpage\/njudung-tigers-eye-cufflinks\/?wmc-currency=EUR\" \/>\n<meta property=\"og:locale\" content=\"fr_FR\" \/>\n<meta property=\"og:type\" content=\"article\" \/>\n<meta property=\"og:title\" content=\"Njudung - Tigers Eye Cufflinks | FredFloris\" \/>\n<meta property=\"og:description\" content=\"Check out our Tigers eye natural gemstone cufflinks in gold plated silver, a true classic shirt cufflink, made to last! Make for a great gift!\" \/>\n<meta property=\"og:url\" content=\"https:\/\/fredfloris.eu\/fr\/productpage\/njudung-tigers-eye-cufflinks\/?wmc-currency=EUR\" \/>\n<meta property=\"og:site_name\" content=\"FredFloris\" \/>\n<meta property=\"article:publisher\" content=\"https:\/\/www.facebook.com\/FredFloris.Artisan.Studio\/\" \/>\n<meta property=\"article:modified_time\" content=\"2024-06-24T18:35:40+00:00\" \/>\n<meta property=\"og:image\" content=\"https:\/\/fredfloris.eu\/wp-content\/uploads\/2022\/08\/IMG_3204-scaled.jpg\" \/>\n\t<meta property=\"og:image:width\" content=\"2560\" \/>\n\t<meta property=\"og:image:height\" content=\"1707\" \/>\n\t<meta property=\"og:image:type\" content=\"image\/jpeg\" \/>\n<meta name=\"twitter:card\" content=\"summary_large_image\" \/>\n<meta name=\"twitter:site\" content=\"@_fredfloris_\" \/>\n<meta name=\"twitter:label1\" content=\"Dur\u00e9e de lecture estim\u00e9e\" \/>\n\t<meta name=\"twitter:data1\" content=\"1 minute\" \/>\n<script type=\"application\/ld+json\" class=\"yoast-schema-graph\">{\"@context\":\"https:\/\/schema.org\",\"@graph\":[{\"@type\":\"WebPage\",\"@id\":\"https:\/\/fredfloris.eu\/productpage\/njudung-tigers-eye-cufflinks\/\",\"url\":\"https:\/\/fredfloris.eu\/productpage\/njudung-tigers-eye-cufflinks\/\",\"name\":\"Njudung - Tigers Eye Cufflinks | FredFloris\",\"isPartOf\":{\"@id\":\"https:\/\/fredfloris.eu\/#website\"},\"primaryImageOfPage\":{\"@id\":\"https:\/\/fredfloris.eu\/productpage\/njudung-tigers-eye-cufflinks\/#primaryimage\"},\"image\":{\"@id\":\"https:\/\/fredfloris.eu\/productpage\/njudung-tigers-eye-cufflinks\/#primaryimage\"},\"thumbnailUrl\":\"https:\/\/fredfloris.eu\/wp-content\/uploads\/2022\/08\/IMG_3204-scaled.jpg\",\"datePublished\":\"2022-08-21T14:07:31+00:00\",\"dateModified\":\"2024-06-24T18:35:40+00:00\",\"description\":\"Check out our Tigers eye natural gemstone cufflinks in gold plated silver, a true classic shirt cufflink, made to last! Make for a great gift!\",\"breadcrumb\":{\"@id\":\"https:\/\/fredfloris.eu\/productpage\/njudung-tigers-eye-cufflinks\/#breadcrumb\"},\"inLanguage\":\"fr-FR\",\"potentialAction\":[{\"@type\":\"ReadAction\",\"target\":[\"https:\/\/fredfloris.eu\/productpage\/njudung-tigers-eye-cufflinks\/\"]}]},{\"@type\":\"ImageObject\",\"inLanguage\":\"fr-FR\",\"@id\":\"https:\/\/fredfloris.eu\/productpage\/njudung-tigers-eye-cufflinks\/#primaryimage\",\"url\":\"https:\/\/fredfloris.eu\/wp-content\/uploads\/2022\/08\/IMG_3204-scaled.jpg\",\"contentUrl\":\"https:\/\/fredfloris.eu\/wp-content\/uploads\/2022\/08\/IMG_3204-scaled.jpg\",\"width\":2560,\"height\":1707,\"caption\":\"Product: Njudung - Tigers eye Cufflinks \u2013 Gold Plated Silver\"},{\"@type\":\"BreadcrumbList\",\"@id\":\"https:\/\/fredfloris.eu\/productpage\/njudung-tigers-eye-cufflinks\/#breadcrumb\",\"itemListElement\":[{\"@type\":\"ListItem\",\"position\":1,\"name\":\"Home\",\"item\":\"https:\/\/fredfloris.eu\/\"},{\"@type\":\"ListItem\",\"position\":2,\"name\":\"Shop\",\"item\":\"https:\/\/fredfloris.eu\/shop\/\"},{\"@type\":\"ListItem\",\"position\":3,\"name\":\"Njudung &#8211; Tigers Eye Cufflinks\"}]},{\"@type\":\"WebSite\",\"@id\":\"https:\/\/fredfloris.eu\/#website\",\"url\":\"https:\/\/fredfloris.eu\/\",\"name\":\"FredFloris\",\"description\":\"Handcrafted Leathergoods - Made in Sweden\",\"publisher\":{\"@id\":\"https:\/\/fredfloris.eu\/#organization\"},\"potentialAction\":[{\"@type\":\"SearchAction\",\"target\":{\"@type\":\"EntryPoint\",\"urlTemplate\":\"https:\/\/fredfloris.eu\/?s={search_term_string}\"},\"query-input\":{\"@type\":\"PropertyValueSpecification\",\"valueRequired\":true,\"valueName\":\"search_term_string\"}}],\"inLanguage\":\"fr-FR\"},{\"@type\":\"Organization\",\"@id\":\"https:\/\/fredfloris.eu\/#organization\",\"name\":\"FredFloris\",\"url\":\"https:\/\/fredfloris.eu\/\",\"logo\":{\"@type\":\"ImageObject\",\"inLanguage\":\"fr-FR\",\"@id\":\"https:\/\/fredfloris.eu\/#\/schema\/logo\/image\/\",\"url\":\"https:\/\/fredfloris.eu\/wp-content\/uploads\/2022\/03\/FredFloris-med-hel-nal-och-text.png\",\"contentUrl\":\"https:\/\/fredfloris.eu\/wp-content\/uploads\/2022\/03\/FredFloris-med-hel-nal-och-text.png\",\"width\":591,\"height\":283,\"caption\":\"FredFloris\"},\"image\":{\"@id\":\"https:\/\/fredfloris.eu\/#\/schema\/logo\/image\/\"},\"sameAs\":[\"https:\/\/www.facebook.com\/FredFloris.Artisan.Studio\/\",\"https:\/\/x.com\/_fredfloris_\",\"https:\/\/www.instagram.com\/fredfloris.artisan.studio\/\"]}]}<\/script>\n<!-- \/ Yoast SEO plugin. -->","yoast_head_json":{"title":"Njudung - Boutons de manchette oeil de tigre | FredFloris","description":"D\u00e9couvrez nos boutons de manchette en argent plaqu\u00e9 or en forme d'\u0153il de tigre, un v\u00e9ritable classique des boutons de manchette de chemise, fait pour durer ! C'est un excellent cadeau !","robots":{"index":"index","follow":"follow","max-snippet":"max-snippet:-1","max-image-preview":"max-image-preview:large","max-video-preview":"max-video-preview:-1"},"canonical":"https:\/\/fredfloris.eu\/fr\/productpage\/njudung-tigers-eye-cufflinks\/?wmc-currency=EUR","og_locale":"fr_FR","og_type":"article","og_title":"Njudung - Tigers Eye Cufflinks | FredFloris","og_description":"Check out our Tigers eye natural gemstone cufflinks in gold plated silver, a true classic shirt cufflink, made to last! Make for a great gift!","og_url":"https:\/\/fredfloris.eu\/fr\/productpage\/njudung-tigers-eye-cufflinks\/?wmc-currency=EUR","og_site_name":"FredFloris","article_publisher":"https:\/\/www.facebook.com\/FredFloris.Artisan.Studio\/","article_modified_time":"2024-06-24T18:35:40+00:00","og_image":[{"width":2560,"height":1707,"url":"https:\/\/fredfloris.eu\/wp-content\/uploads\/2022\/08\/IMG_3204-scaled.jpg","type":"image\/jpeg"}],"twitter_card":"summary_large_image","twitter_site":"@_fredfloris_","twitter_misc":{"Dur\u00e9e de lecture estim\u00e9e":"1 minute"},"schema":{"@context":"https:\/\/schema.org","@graph":[{"@type":"WebPage","@id":"https:\/\/fredfloris.eu\/productpage\/njudung-tigers-eye-cufflinks\/","url":"https:\/\/fredfloris.eu\/productpage\/njudung-tigers-eye-cufflinks\/","name":"Njudung - Boutons de manchette oeil de tigre | FredFloris","isPartOf":{"@id":"https:\/\/fredfloris.eu\/#website"},"primaryImageOfPage":{"@id":"https:\/\/fredfloris.eu\/productpage\/njudung-tigers-eye-cufflinks\/#primaryimage"},"image":{"@id":"https:\/\/fredfloris.eu\/productpage\/njudung-tigers-eye-cufflinks\/#primaryimage"},"thumbnailUrl":"https:\/\/fredfloris.eu\/wp-content\/uploads\/2022\/08\/IMG_3204-scaled.jpg","datePublished":"2022-08-21T14:07:31+00:00","dateModified":"2024-06-24T18:35:40+00:00","description":"D\u00e9couvrez nos boutons de manchette en argent plaqu\u00e9 or en forme d'\u0153il de tigre, un v\u00e9ritable classique des boutons de manchette de chemise, fait pour durer ! C'est un excellent cadeau !","breadcrumb":{"@id":"https:\/\/fredfloris.eu\/productpage\/njudung-tigers-eye-cufflinks\/#breadcrumb"},"inLanguage":"fr-FR","potentialAction":[{"@type":"ReadAction","target":["https:\/\/fredfloris.eu\/productpage\/njudung-tigers-eye-cufflinks\/"]}]},{"@type":"ImageObject","inLanguage":"fr-FR","@id":"https:\/\/fredfloris.eu\/productpage\/njudung-tigers-eye-cufflinks\/#primaryimage","url":"https:\/\/fredfloris.eu\/wp-content\/uploads\/2022\/08\/IMG_3204-scaled.jpg","contentUrl":"https:\/\/fredfloris.eu\/wp-content\/uploads\/2022\/08\/IMG_3204-scaled.jpg","width":2560,"height":1707,"caption":"Product: Njudung - Tigers eye Cufflinks \u2013 Gold Plated Silver"},{"@type":"BreadcrumbList","@id":"https:\/\/fredfloris.eu\/productpage\/njudung-tigers-eye-cufflinks\/#breadcrumb","itemListElement":[{"@type":"ListItem","position":1,"name":"Home","item":"https:\/\/fredfloris.eu\/"},{"@type":"ListItem","position":2,"name":"Shop","item":"https:\/\/fredfloris.eu\/shop\/"},{"@type":"ListItem","position":3,"name":"Njudung &#8211; Tigers Eye Cufflinks"}]},{"@type":"WebSite","@id":"https:\/\/fredfloris.eu\/#website","url":"https:\/\/fredfloris.eu\/","name":"FredFloris","description":"Maroquinerie artisanale - Fabriqu\u00e9e en Su\u00e8de","publisher":{"@id":"https:\/\/fredfloris.eu\/#organization"},"potentialAction":[{"@type":"SearchAction","target":{"@type":"EntryPoint","urlTemplate":"https:\/\/fredfloris.eu\/?s={search_term_string}"},"query-input":{"@type":"PropertyValueSpecification","valueRequired":true,"valueName":"search_term_string"}}],"inLanguage":"fr-FR"},{"@type":"Organization","@id":"https:\/\/fredfloris.eu\/#organization","name":"FredFloris","url":"https:\/\/fredfloris.eu\/","logo":{"@type":"ImageObject","inLanguage":"fr-FR","@id":"https:\/\/fredfloris.eu\/#\/schema\/logo\/image\/","url":"https:\/\/fredfloris.eu\/wp-content\/uploads\/2022\/03\/FredFloris-med-hel-nal-och-text.png","contentUrl":"https:\/\/fredfloris.eu\/wp-content\/uploads\/2022\/03\/FredFloris-med-hel-nal-och-text.png","width":591,"height":283,"caption":"FredFloris"},"image":{"@id":"https:\/\/fredfloris.eu\/#\/schema\/logo\/image\/"},"sameAs":["https:\/\/www.facebook.com\/FredFloris.Artisan.Studio\/","https:\/\/x.com\/_fredfloris_","https:\/\/www.instagram.com\/fredfloris.artisan.studio\/"]}]}},"brands":[{"id":204,"name":"FredFloris &amp; Partner","slug":"fredfloris-partner"}],"_links":{"self":[{"href":"https:\/\/fredfloris.eu\/fr\/wp-json\/wp\/v2\/product\/9923","targetHints":{"allow":["GET"]}}],"collection":[{"href":"https:\/\/fredfloris.eu\/fr\/wp-json\/wp\/v2\/product"}],"about":[{"href":"https:\/\/fredfloris.eu\/fr\/wp-json\/wp\/v2\/types\/product"}],"version-history":[{"count":9,"href":"https:\/\/fredfloris.eu\/fr\/wp-json\/wp\/v2\/product\/9923\/revisions"}],"predecessor-version":[{"id":11527,"href":"https:\/\/fredfloris.eu\/fr\/wp-json\/wp\/v2\/product\/9923\/revisions\/11527"}],"wp:featuredmedia":[{"embeddable":true,"href":"https:\/\/fredfloris.eu\/fr\/wp-json\/wp\/v2\/media\/9902"}],"wp:attachment":[{"href":"https:\/\/fredfloris.eu\/fr\/wp-json\/wp\/v2\/media?parent=9923"}],"wp:term":[{"taxonomy":"pwb-brand","embeddable":true,"href":"https:\/\/fredfloris.eu\/fr\/wp-json\/wp\/v2\/pwb-brand?post=9923"},{"taxonomy":"product_brand","embeddable":true,"href":"https:\/\/fredfloris.eu\/fr\/wp-json\/wp\/v2\/product_brand?post=9923"},{"taxonomy":"product_cat","embeddable":true,"href":"https:\/\/fredfloris.eu\/fr\/wp-json\/wp\/v2\/product_cat?post=9923"},{"taxonomy":"product_tag","embeddable":true,"href":"https:\/\/fredfloris.eu\/fr\/wp-json\/wp\/v2\/product_tag?post=9923"},{"taxonomy":"woo-feed-brand","embeddable":true,"href":"https:\/\/fredfloris.eu\/fr\/wp-json\/wp\/v2\/woo-feed-brand?post=9923"}],"curies":[{"name":"wp","href":"https:\/\/api.w.org\/{rel}","templated":true}]}}