{"id":7181,"date":"2022-06-06T13:45:34","date_gmt":"2022-06-06T11:45:34","guid":{"rendered":"https:\/\/fredfloris.eu\/?page_id=7181"},"modified":"2024-06-24T19:45:59","modified_gmt":"2024-06-24T17:45:59","slug":"about-us","status":"publish","type":"page","link":"https:\/\/fredfloris.eu\/it\/about-us\/","title":{"rendered":"Chi siamo"},"content":{"rendered":"<div data-elementor-type=\"wp-page\" data-elementor-id=\"7181\" class=\"elementor elementor-7181\" data-elementor-post-type=\"page\">\n\t\t\t\t\t\t<section class=\"elementor-section elementor-top-section elementor-element elementor-element-f0f9d68 elementor-section-boxed elementor-section-height-default elementor-section-height-default\" data-id=\"f0f9d68\" data-element_type=\"section\" data-e-type=\"section\" data-settings=\"{&quot;ekit_has_onepagescroll_dot&quot;:&quot;yes&quot;}\">\n\t\t\t\t\t\t<div class=\"elementor-container elementor-column-gap-default\">\n\t\t\t\t\t<div class=\"elementor-column elementor-col-100 elementor-top-column elementor-element elementor-element-0382ec2\" data-id=\"0382ec2\" data-element_type=\"column\" data-e-type=\"column\">\n\t\t\t<div class=\"elementor-widget-wrap elementor-element-populated\">\n\t\t\t\t\t\t<div class=\"elementor-element elementor-element-723d7d7 elementor-widget__width-initial elementor-widget elementor-widget-image\" data-id=\"723d7d7\" data-element_type=\"widget\" data-e-type=\"widget\" data-settings=\"{&quot;ekit_we_effect_on&quot;:&quot;none&quot;}\" data-widget_type=\"image.default\">\n\t\t\t\t<div class=\"elementor-widget-container\">\n\t\t\t\t\t\t\t\t\t\t\t\t\t\t\t<img fetchpriority=\"high\" decoding=\"async\" width=\"1600\" height=\"2250\" src=\"https:\/\/fredfloris.eu\/wp-content\/uploads\/2024\/01\/FredFloris-NEW-2.png\" class=\"attachment-full size-full wp-image-10642\" alt=\"\" srcset=\"https:\/\/fredfloris.eu\/wp-content\/uploads\/2024\/01\/FredFloris-NEW-2.png 1600w, https:\/\/fredfloris.eu\/wp-content\/uploads\/2024\/01\/FredFloris-NEW-2-427x600.png 427w, https:\/\/fredfloris.eu\/wp-content\/uploads\/2024\/01\/FredFloris-NEW-2-1456x2048.png 1456w, https:\/\/fredfloris.eu\/wp-content\/uploads\/2024\/01\/FredFloris-NEW-2-768x1080.png 768w, https:\/\/fredfloris.eu\/wp-content\/uploads\/2024\/01\/FredFloris-NEW-2-1092x1536.png 1092w\" sizes=\"(max-width: 1600px) 100vw, 1600px\" \/>\t\t\t\t\t\t\t\t\t\t\t\t\t\t\t<\/div>\n\t\t\t\t<\/div>\n\t\t\t\t<div class=\"elementor-element elementor-element-5f45d70 elementor-widget__width-initial elementor-widget elementor-widget-heading\" data-id=\"5f45d70\" data-element_type=\"widget\" data-e-type=\"widget\" data-settings=\"{&quot;ekit_we_effect_on&quot;:&quot;none&quot;}\" data-widget_type=\"heading.default\">\n\t\t\t\t<div class=\"elementor-widget-container\">\n\t\t\t\t\t<h1 class=\"elementor-heading-title elementor-size-default\">SU DI NOI<\/h1>\t\t\t\t<\/div>\n\t\t\t\t<\/div>\n\t\t\t\t\t<\/div>\n\t\t<\/div>\n\t\t\t\t\t<\/div>\n\t\t<\/section>\n\t\t\t\t<section class=\"elementor-section elementor-top-section elementor-element elementor-element-26600ee3 elementor-section-height-min-height elementor-section-items-stretch elementor-section-content-middle elementor-section-boxed elementor-section-height-default\" data-id=\"26600ee3\" data-element_type=\"section\" data-e-type=\"section\" data-settings=\"{&quot;background_background&quot;:&quot;classic&quot;,&quot;ekit_has_onepagescroll_dot&quot;:&quot;yes&quot;}\">\n\t\t\t\t\t\t<div class=\"elementor-container elementor-column-gap-no\">\n\t\t\t\t\t<div class=\"elementor-column elementor-col-100 elementor-top-column elementor-element elementor-element-6f702edb\" data-id=\"6f702edb\" data-element_type=\"column\" data-e-type=\"column\" data-settings=\"{&quot;background_background&quot;:&quot;classic&quot;}\">\n\t\t\t<div class=\"elementor-widget-wrap elementor-element-populated\">\n\t\t\t\t\t\t<div class=\"elementor-element elementor-element-3f703d1c elementor-widget elementor-widget-heading\" data-id=\"3f703d1c\" data-element_type=\"widget\" data-e-type=\"widget\" data-settings=\"{&quot;ekit_we_effect_on&quot;:&quot;none&quot;}\" data-widget_type=\"heading.default\">\n\t\t\t\t<div class=\"elementor-widget-container\">\n\t\t\t\t\t<h2 class=\"elementor-heading-title elementor-size-default\">La nostra storia<\/h2>\t\t\t\t<\/div>\n\t\t\t\t<\/div>\n\t\t\t\t<div class=\"elementor-element elementor-element-19accf59 elementor-widget elementor-widget-text-editor\" data-id=\"19accf59\" data-element_type=\"widget\" data-e-type=\"widget\" data-settings=\"{&quot;ekit_we_effect_on&quot;:&quot;none&quot;}\" data-widget_type=\"text-editor.default\">\n\t\t\t\t<div class=\"elementor-widget-container\">\n\t\t\t\t\t\t\t\t\t<p>FredFloris non \u00e8 nato nel 2021, quando abbiamo aperto ufficialmente a J\u00f6nk\u00f6ping, in Svezia, ma nel 2018 con la ricerca di una cintura in pelle di qualit\u00e0. Fred, il nostro fondatore, cercava una cintura in pelle pieno fiore che fosse di alta qualit\u00e0 e abbastanza resistente da poter essere tramandata di generazione in generazione. Invece, ha trovato solo cinture in \"vera\" pelle di qualit\u00e0 inferiore che non soddisfacevano le sue esigenze dirette.<\/p><p>Per frustrazione e ispirato da un'eredit\u00e0 di stile duratura, Fred ha deciso di creare la cintura che non riusciva a trovare. Ha trasformato la sua passione per l'artigianato in FredFloris, un'azienda che oggi celebra le pietre miliari della vita con prodotti destinati a durare nel tempo.<\/p><p>FredFloris \u00e8 sinonimo di qualit\u00e0 e tradizione e realizza articoli in pelle progettati per durare nel tempo e ispirare le generazioni attuali e future.<\/p>\t\t\t\t\t\t\t\t<\/div>\n\t\t\t\t<\/div>\n\t\t\t\t\t<\/div>\n\t\t<\/div>\n\t\t\t\t\t<\/div>\n\t\t<\/section>\n\t\t\t\t<section class=\"elementor-section elementor-top-section elementor-element elementor-element-edca906 elementor-section-height-min-height elementor-section-items-stretch elementor-section-content-middle elementor-section-boxed elementor-section-height-default\" data-id=\"edca906\" data-element_type=\"section\" data-e-type=\"section\" data-settings=\"{&quot;background_background&quot;:&quot;classic&quot;,&quot;ekit_has_onepagescroll_dot&quot;:&quot;yes&quot;}\">\n\t\t\t\t\t\t<div class=\"elementor-container elementor-column-gap-no\">\n\t\t\t\t\t<div class=\"elementor-column elementor-col-100 elementor-top-column elementor-element elementor-element-2449624\" data-id=\"2449624\" data-element_type=\"column\" data-e-type=\"column\" data-settings=\"{&quot;background_background&quot;:&quot;classic&quot;}\">\n\t\t\t<div class=\"elementor-widget-wrap elementor-element-populated\">\n\t\t\t\t\t\t<div class=\"elementor-element elementor-element-c0da8e1 elementor-widget elementor-widget-heading\" data-id=\"c0da8e1\" data-element_type=\"widget\" data-e-type=\"widget\" data-settings=\"{&quot;ekit_we_effect_on&quot;:&quot;none&quot;}\" data-widget_type=\"heading.default\">\n\t\t\t\t<div class=\"elementor-widget-container\">\n\t\t\t\t\t<h2 class=\"elementor-heading-title elementor-size-default\">Dichiarazione di missione <\/h2>\t\t\t\t<\/div>\n\t\t\t\t<\/div>\n\t\t\t\t<div class=\"elementor-element elementor-element-5bb37f7 elementor-widget elementor-widget-text-editor\" data-id=\"5bb37f7\" data-element_type=\"widget\" data-e-type=\"widget\" data-settings=\"{&quot;ekit_we_effect_on&quot;:&quot;none&quot;}\" data-widget_type=\"text-editor.default\">\n\t\t\t\t<div class=\"elementor-widget-container\">\n\t\t\t\t\t\t\t\t\t<p><strong>Il nostro impegno per una moda etica<\/strong><\/p><p>Noi di FredFloris crediamo in qualcosa di pi\u00f9 del semplice fascino estetico dei nostri accessori. Ogni prodotto che offriamo incarna la nostra passione per la moda etica e sostenibile. I nostri articoli non sono semplici oggetti, ma pezzi di una storia pi\u00f9 ampia che mira a creare legami autentici e a contribuire positivamente al cambiamento globale.<\/p><p><strong>Approvvigionamento sostenibile<\/strong> Siamo orgogliosi di approvvigionarci di materiali da produttori che sostengono i nostri valori etici. Questi partner mantengono processi produttivi rispettosi dell'ambiente che garantiscono standard elevati in termini di gestione, manodopera e produzione, il tutto salvaguardando il nostro pianeta.<\/p><p><strong>Tracciabilit\u00e0 e trasparenza<\/strong> Dalle materie prime al prodotto finito, ogni fase della nostra catena di produzione \u00e8 attentamente monitorata, a garanzia della sostenibilit\u00e0 del pianeta e delle sue comunit\u00e0.<\/p><p><strong>Cambiare l'industria della moda<\/strong> Rifiutiamo le pratiche obsolete dell'industria della moda tradizionale, che spesso privilegia il profitto rispetto alle persone e al pianeta. La nostra missione \u00e8 ispirare il cambiamento e innalzare gli standard sostenendo pratiche etiche e artigianali di qualit\u00e0.<\/p><p>Noi di FredFloris ci impegniamo a trasformare lo status quo dell'industria della moda, promuovendo un modello di business che valorizzi il miglioramento e l'impatto positivo.<\/p>\t\t\t\t\t\t\t\t<\/div>\n\t\t\t\t<\/div>\n\t\t\t\t\t<\/div>\n\t\t<\/div>\n\t\t\t\t\t<\/div>\n\t\t<\/section>\n\t\t\t\t<section class=\"elementor-section elementor-top-section elementor-element elementor-element-efdd4a0 elementor-section-full_width elementor-section-height-min-height elementor-section-items-stretch elementor-section-content-middle elementor-section-height-default\" data-id=\"efdd4a0\" data-element_type=\"section\" data-e-type=\"section\" data-settings=\"{&quot;ekit_has_onepagescroll_dot&quot;:&quot;yes&quot;}\">\n\t\t\t\t\t\t<div class=\"elementor-container elementor-column-gap-no\">\n\t\t\t\t\t<div class=\"elementor-column elementor-col-50 elementor-top-column elementor-element elementor-element-297a6f9\" data-id=\"297a6f9\" data-element_type=\"column\" data-e-type=\"column\">\n\t\t\t<div class=\"elementor-widget-wrap elementor-element-populated\">\n\t\t\t\t\t\t<div class=\"elementor-element elementor-element-70a8e76 elementor-invisible elementor-widget elementor-widget-heading\" data-id=\"70a8e76\" data-element_type=\"widget\" data-e-type=\"widget\" data-settings=\"{&quot;_animation&quot;:&quot;fadeIn&quot;,&quot;_animation_delay&quot;:200,&quot;ekit_we_effect_on&quot;:&quot;none&quot;}\" data-widget_type=\"heading.default\">\n\t\t\t\t<div class=\"elementor-widget-container\">\n\t\t\t\t\t<h2 class=\"elementor-heading-title elementor-size-default\">FredFloris crea accessori di moda di alta qualit\u00e0 per coloro che apprezzano gli articoli di lusso, realizzati in modo etico.<\/h2>\t\t\t\t<\/div>\n\t\t\t\t<\/div>\n\t\t\t\t<div class=\"elementor-element elementor-element-e479f0b elementor-widget__width-auto e-grid-align-left e-grid-align-mobile-center elementor-widget-mobile__width-inherit elementor-shape-rounded elementor-grid-0 elementor-widget elementor-widget-social-icons\" data-id=\"e479f0b\" data-element_type=\"widget\" data-e-type=\"widget\" data-settings=\"{&quot;ekit_we_effect_on&quot;:&quot;none&quot;}\" data-widget_type=\"social-icons.default\">\n\t\t\t\t<div class=\"elementor-widget-container\">\n\t\t\t\t\t\t\t<div class=\"elementor-social-icons-wrapper elementor-grid\" role=\"list\">\n\t\t\t\t\t\t\t<span class=\"elementor-grid-item\" role=\"listitem\">\n\t\t\t\t\t<a class=\"elementor-icon elementor-social-icon elementor-social-icon-facebook elementor-animation-float elementor-repeater-item-a815725\" href=\"https:\/\/www.facebook.com\/FredFloris.Artisan.Studio\/\" target=\"_blank\">\n\t\t\t\t\t\t<span class=\"elementor-screen-only\">Facebook<\/span>\n\t\t\t\t\t\t<i aria-hidden=\"true\" class=\"fab fa-facebook\"><\/i>\t\t\t\t\t<\/a>\n\t\t\t\t<\/span>\n\t\t\t\t\t\t\t<span class=\"elementor-grid-item\" role=\"listitem\">\n\t\t\t\t\t<a class=\"elementor-icon elementor-social-icon elementor-social-icon-twitter elementor-animation-float elementor-repeater-item-9308808\" href=\"https:\/\/twitter.com\/_fredfloris_\" target=\"_blank\">\n\t\t\t\t\t\t<span class=\"elementor-screen-only\">Twitter<\/span>\n\t\t\t\t\t\t<i aria-hidden=\"true\" class=\"fab fa-twitter\"><\/i>\t\t\t\t\t<\/a>\n\t\t\t\t<\/span>\n\t\t\t\t\t\t\t<span class=\"elementor-grid-item\" role=\"listitem\">\n\t\t\t\t\t<a class=\"elementor-icon elementor-social-icon elementor-social-icon-instagram elementor-animation-float elementor-repeater-item-5ff4be9\" href=\"https:\/\/www.instagram.com\/fredfloris.artisan.studio\/\" target=\"_blank\">\n\t\t\t\t\t\t<span class=\"elementor-screen-only\">Instagram<\/span>\n\t\t\t\t\t\t<i aria-hidden=\"true\" class=\"fab fa-instagram\"><\/i>\t\t\t\t\t<\/a>\n\t\t\t\t<\/span>\n\t\t\t\t\t\t\t<span class=\"elementor-grid-item\" role=\"listitem\">\n\t\t\t\t\t<a class=\"elementor-icon elementor-social-icon elementor-social-icon-pinterest elementor-animation-float elementor-repeater-item-7138ec1\" href=\"https:\/\/www.pinterest.se\/FredFloris_Artisan_Studio\/\" target=\"_blank\">\n\t\t\t\t\t\t<span class=\"elementor-screen-only\">Pinterest<\/span>\n\t\t\t\t\t\t<i aria-hidden=\"true\" class=\"fab fa-pinterest\"><\/i>\t\t\t\t\t<\/a>\n\t\t\t\t<\/span>\n\t\t\t\t\t<\/div>\n\t\t\t\t\t\t<\/div>\n\t\t\t\t<\/div>\n\t\t\t\t\t<\/div>\n\t\t<\/div>\n\t\t\t\t<div class=\"elementor-column elementor-col-50 elementor-top-column elementor-element elementor-element-a769eb1 elementor-hidden-tablet elementor-hidden-mobile\" data-id=\"a769eb1\" data-element_type=\"column\" data-e-type=\"column\" data-settings=\"{&quot;background_background&quot;:&quot;classic&quot;}\">\n\t\t\t<div class=\"elementor-widget-wrap\">\n\t\t\t\t\t<div class=\"elementor-background-overlay\"><\/div>\n\t\t\t\t\t\t\t<\/div>\n\t\t<\/div>\n\t\t\t\t\t<\/div>\n\t\t<\/section>\n\t\t\t\t<\/div>","protected":false},"excerpt":{"rendered":"<p>ABOUT US Our Story FredFloris began not in 2021, when we officially opened in J\u00f6nk\u00f6ping, Sweden, but in 2018 with a quest for a quality leather belt. Fred, our founder, searched for a belt made from full-grain leather that was both high-quality and durable enough to be passed down through generations. Instead, he found only [&hellip;]<\/p>\n","protected":false},"author":1,"featured_media":0,"parent":0,"menu_order":0,"comment_status":"closed","ping_status":"closed","template":"","meta":{"footnotes":""},"class_list":["post-7181","page","type-page","status-publish","hentry"],"yoast_head":"<!-- This site is optimized with the Yoast SEO plugin v27.2 - https:\/\/yoast.com\/product\/yoast-seo-wordpress\/ -->\n<title>FredFloris: Ethical Fashion Accessories for Luxury Seekers<\/title>\n<meta name=\"description\" content=\"Discover FredFloris, a family-owned business creating premium fashion accessories. Ethically made, sustainable, and built to last. Join us in inspiring change.\" \/>\n<meta name=\"robots\" content=\"index, follow, max-snippet:-1, max-image-preview:large, max-video-preview:-1\" \/>\n<link rel=\"canonical\" href=\"https:\/\/fredfloris.eu\/it\/about-us\/?wmc-currency=EUR\" \/>\n<meta property=\"og:locale\" content=\"it_IT\" \/>\n<meta property=\"og:type\" content=\"article\" \/>\n<meta property=\"og:title\" content=\"FredFloris: Ethical Fashion Accessories for Luxury Seekers\" \/>\n<meta property=\"og:description\" content=\"Discover FredFloris, a family-owned business creating premium fashion accessories. Ethically made, sustainable, and built to last. Join us in inspiring change.\" \/>\n<meta property=\"og:url\" content=\"https:\/\/fredfloris.eu\/it\/about-us\/?wmc-currency=EUR\" \/>\n<meta property=\"og:site_name\" content=\"FredFloris\" \/>\n<meta property=\"article:publisher\" content=\"https:\/\/www.facebook.com\/FredFloris.Artisan.Studio\/\" \/>\n<meta property=\"article:modified_time\" content=\"2024-06-24T17:45:59+00:00\" \/>\n<meta property=\"og:image\" content=\"https:\/\/fredfloris.eu\/wp-content\/uploads\/2024\/01\/FredFloris-NEW-2.png\" \/>\n<meta name=\"twitter:card\" content=\"summary_large_image\" \/>\n<meta name=\"twitter:site\" content=\"@_fredfloris_\" \/>\n<meta name=\"twitter:label1\" content=\"Tempo di lettura stimato\" \/>\n\t<meta name=\"twitter:data1\" content=\"2 minuti\" \/>\n<script type=\"application\/ld+json\" class=\"yoast-schema-graph\">{\"@context\":\"https:\/\/schema.org\",\"@graph\":[{\"@type\":[\"WebPage\",\"AboutPage\"],\"@id\":\"https:\/\/fredfloris.eu\/about-us\/\",\"url\":\"https:\/\/fredfloris.eu\/about-us\/\",\"name\":\"FredFloris: Ethical Fashion Accessories for Luxury Seekers\",\"isPartOf\":{\"@id\":\"https:\/\/fredfloris.eu\/#website\"},\"primaryImageOfPage\":{\"@id\":\"https:\/\/fredfloris.eu\/about-us\/#primaryimage\"},\"image\":{\"@id\":\"https:\/\/fredfloris.eu\/about-us\/#primaryimage\"},\"thumbnailUrl\":\"https:\/\/fredfloris.eu\/wp-content\/uploads\/2024\/01\/FredFloris-NEW-2.png\",\"datePublished\":\"2022-06-06T11:45:34+00:00\",\"dateModified\":\"2024-06-24T17:45:59+00:00\",\"description\":\"Discover FredFloris, a family-owned business creating premium fashion accessories. Ethically made, sustainable, and built to last. Join us in inspiring change.\",\"breadcrumb\":{\"@id\":\"https:\/\/fredfloris.eu\/about-us\/#breadcrumb\"},\"inLanguage\":\"it-IT\",\"potentialAction\":[{\"@type\":\"ReadAction\",\"target\":[\"https:\/\/fredfloris.eu\/about-us\/\"]}]},{\"@type\":\"ImageObject\",\"inLanguage\":\"it-IT\",\"@id\":\"https:\/\/fredfloris.eu\/about-us\/#primaryimage\",\"url\":\"https:\/\/fredfloris.eu\/wp-content\/uploads\/2024\/01\/FredFloris-NEW-2.png\",\"contentUrl\":\"https:\/\/fredfloris.eu\/wp-content\/uploads\/2024\/01\/FredFloris-NEW-2.png\"},{\"@type\":\"BreadcrumbList\",\"@id\":\"https:\/\/fredfloris.eu\/about-us\/#breadcrumb\",\"itemListElement\":[{\"@type\":\"ListItem\",\"position\":1,\"name\":\"Home\",\"item\":\"https:\/\/fredfloris.eu\/\"},{\"@type\":\"ListItem\",\"position\":2,\"name\":\"About us\"}]},{\"@type\":\"WebSite\",\"@id\":\"https:\/\/fredfloris.eu\/#website\",\"url\":\"https:\/\/fredfloris.eu\/\",\"name\":\"FredFloris\",\"description\":\"Handcrafted Leathergoods - Made in Sweden\",\"publisher\":{\"@id\":\"https:\/\/fredfloris.eu\/#organization\"},\"potentialAction\":[{\"@type\":\"SearchAction\",\"target\":{\"@type\":\"EntryPoint\",\"urlTemplate\":\"https:\/\/fredfloris.eu\/?s={search_term_string}\"},\"query-input\":{\"@type\":\"PropertyValueSpecification\",\"valueRequired\":true,\"valueName\":\"search_term_string\"}}],\"inLanguage\":\"it-IT\"},{\"@type\":\"Organization\",\"@id\":\"https:\/\/fredfloris.eu\/#organization\",\"name\":\"FredFloris\",\"url\":\"https:\/\/fredfloris.eu\/\",\"logo\":{\"@type\":\"ImageObject\",\"inLanguage\":\"it-IT\",\"@id\":\"https:\/\/fredfloris.eu\/#\/schema\/logo\/image\/\",\"url\":\"https:\/\/fredfloris.eu\/wp-content\/uploads\/2022\/03\/FredFloris-med-hel-nal-och-text.png\",\"contentUrl\":\"https:\/\/fredfloris.eu\/wp-content\/uploads\/2022\/03\/FredFloris-med-hel-nal-och-text.png\",\"width\":591,\"height\":283,\"caption\":\"FredFloris\"},\"image\":{\"@id\":\"https:\/\/fredfloris.eu\/#\/schema\/logo\/image\/\"},\"sameAs\":[\"https:\/\/www.facebook.com\/FredFloris.Artisan.Studio\/\",\"https:\/\/x.com\/_fredfloris_\",\"https:\/\/www.instagram.com\/fredfloris.artisan.studio\/\"]}]}<\/script>\n<!-- \/ Yoast SEO plugin. -->","yoast_head_json":{"title":"FredFloris: accessori di moda etica per chi cerca il lusso","description":"Scoprite FredFloris, un'azienda a conduzione familiare che crea accessori di moda di alta qualit\u00e0. Realizzati in modo etico, sostenibile e destinati a durare nel tempo. Unitevi a noi nell'ispirare il cambiamento.","robots":{"index":"index","follow":"follow","max-snippet":"max-snippet:-1","max-image-preview":"max-image-preview:large","max-video-preview":"max-video-preview:-1"},"canonical":"https:\/\/fredfloris.eu\/it\/about-us\/?wmc-currency=EUR","og_locale":"it_IT","og_type":"article","og_title":"FredFloris: Ethical Fashion Accessories for Luxury Seekers","og_description":"Discover FredFloris, a family-owned business creating premium fashion accessories. Ethically made, sustainable, and built to last. Join us in inspiring change.","og_url":"https:\/\/fredfloris.eu\/it\/about-us\/?wmc-currency=EUR","og_site_name":"FredFloris","article_publisher":"https:\/\/www.facebook.com\/FredFloris.Artisan.Studio\/","article_modified_time":"2024-06-24T17:45:59+00:00","og_image":[{"url":"https:\/\/fredfloris.eu\/wp-content\/uploads\/2024\/01\/FredFloris-NEW-2.png","type":"","width":"","height":""}],"twitter_card":"summary_large_image","twitter_site":"@_fredfloris_","twitter_misc":{"Tempo di lettura stimato":"2 minuti"},"schema":{"@context":"https:\/\/schema.org","@graph":[{"@type":["WebPage","AboutPage"],"@id":"https:\/\/fredfloris.eu\/about-us\/","url":"https:\/\/fredfloris.eu\/about-us\/","name":"FredFloris: accessori di moda etica per chi cerca il lusso","isPartOf":{"@id":"https:\/\/fredfloris.eu\/#website"},"primaryImageOfPage":{"@id":"https:\/\/fredfloris.eu\/about-us\/#primaryimage"},"image":{"@id":"https:\/\/fredfloris.eu\/about-us\/#primaryimage"},"thumbnailUrl":"https:\/\/fredfloris.eu\/wp-content\/uploads\/2024\/01\/FredFloris-NEW-2.png","datePublished":"2022-06-06T11:45:34+00:00","dateModified":"2024-06-24T17:45:59+00:00","description":"Scoprite FredFloris, un'azienda a conduzione familiare che crea accessori di moda di alta qualit\u00e0. Realizzati in modo etico, sostenibile e destinati a durare nel tempo. Unitevi a noi nell'ispirare il cambiamento.","breadcrumb":{"@id":"https:\/\/fredfloris.eu\/about-us\/#breadcrumb"},"inLanguage":"it-IT","potentialAction":[{"@type":"ReadAction","target":["https:\/\/fredfloris.eu\/about-us\/"]}]},{"@type":"ImageObject","inLanguage":"it-IT","@id":"https:\/\/fredfloris.eu\/about-us\/#primaryimage","url":"https:\/\/fredfloris.eu\/wp-content\/uploads\/2024\/01\/FredFloris-NEW-2.png","contentUrl":"https:\/\/fredfloris.eu\/wp-content\/uploads\/2024\/01\/FredFloris-NEW-2.png"},{"@type":"BreadcrumbList","@id":"https:\/\/fredfloris.eu\/about-us\/#breadcrumb","itemListElement":[{"@type":"ListItem","position":1,"name":"Home","item":"https:\/\/fredfloris.eu\/"},{"@type":"ListItem","position":2,"name":"About us"}]},{"@type":"WebSite","@id":"https:\/\/fredfloris.eu\/#website","url":"https:\/\/fredfloris.eu\/","name":"FredFloris","description":"Pelletteria artigianale - Made in Sweden","publisher":{"@id":"https:\/\/fredfloris.eu\/#organization"},"potentialAction":[{"@type":"SearchAction","target":{"@type":"EntryPoint","urlTemplate":"https:\/\/fredfloris.eu\/?s={search_term_string}"},"query-input":{"@type":"PropertyValueSpecification","valueRequired":true,"valueName":"search_term_string"}}],"inLanguage":"it-IT"},{"@type":"Organization","@id":"https:\/\/fredfloris.eu\/#organization","name":"FredFloris","url":"https:\/\/fredfloris.eu\/","logo":{"@type":"ImageObject","inLanguage":"it-IT","@id":"https:\/\/fredfloris.eu\/#\/schema\/logo\/image\/","url":"https:\/\/fredfloris.eu\/wp-content\/uploads\/2022\/03\/FredFloris-med-hel-nal-och-text.png","contentUrl":"https:\/\/fredfloris.eu\/wp-content\/uploads\/2022\/03\/FredFloris-med-hel-nal-och-text.png","width":591,"height":283,"caption":"FredFloris"},"image":{"@id":"https:\/\/fredfloris.eu\/#\/schema\/logo\/image\/"},"sameAs":["https:\/\/www.facebook.com\/FredFloris.Artisan.Studio\/","https:\/\/x.com\/_fredfloris_","https:\/\/www.instagram.com\/fredfloris.artisan.studio\/"]}]}},"_links":{"self":[{"href":"https:\/\/fredfloris.eu\/it\/wp-json\/wp\/v2\/pages\/7181","targetHints":{"allow":["GET"]}}],"collection":[{"href":"https:\/\/fredfloris.eu\/it\/wp-json\/wp\/v2\/pages"}],"about":[{"href":"https:\/\/fredfloris.eu\/it\/wp-json\/wp\/v2\/types\/page"}],"author":[{"embeddable":true,"href":"https:\/\/fredfloris.eu\/it\/wp-json\/wp\/v2\/users\/1"}],"replies":[{"embeddable":true,"href":"https:\/\/fredfloris.eu\/it\/wp-json\/wp\/v2\/comments?post=7181"}],"version-history":[{"count":22,"href":"https:\/\/fredfloris.eu\/it\/wp-json\/wp\/v2\/pages\/7181\/revisions"}],"predecessor-version":[{"id":11508,"href":"https:\/\/fredfloris.eu\/it\/wp-json\/wp\/v2\/pages\/7181\/revisions\/11508"}],"wp:attachment":[{"href":"https:\/\/fredfloris.eu\/it\/wp-json\/wp\/v2\/media?parent=7181"}],"curies":[{"name":"wp","href":"https:\/\/api.w.org\/{rel}","templated":true}]}}