{"id":10043,"date":"2022-10-10T17:33:04","date_gmt":"2022-10-10T15:33:04","guid":{"rendered":"https:\/\/fredfloris.eu\/?post_type=product&#038;p=10043"},"modified":"2025-05-25T16:35:40","modified_gmt":"2025-05-25T14:35:40","slug":"cashmere-wool-spray","status":"publish","type":"product","link":"https:\/\/fredfloris.eu\/it\/productpage\/cashmere-wool-spray\/","title":{"rendered":"Cashmere \/ Lana Spray"},"content":{"rendered":"<p>Si goda un profumo fresco e piacevole ad ogni utilizzo del nostro spray per cashmere leggermente profumato. Disponibile in diverse miscele di profumi, offre un tocco delicato ma rinfrescante ai suoi capi, perfetto per rinfrescare gli indumenti tra un lavaggio e l'altro, durante le serate pi\u00f9 fresche o durante i mesi invernali.<\/p>\n<p>Il nostro spray \u00e8 realizzato con acqua distillata, alcol denaturato e oli essenziali puri. Aiuta efficacemente a rimuovere gli odori e a prevenire le tarme, prolungando la vita dei suoi capi preferiti in lana o cashmere e riducendo la necessit\u00e0 di lavaggi frequenti.<\/p>\n<p><strong>Imballaggio:<\/strong> Lo spray \u00e8 contenuto in un flacone di plastica riciclata (rPET) 100%, che sottolinea il nostro impegno per la sostenibilit\u00e0 ambientale. Il flacone pu\u00f2 essere riciclato una volta esaurito il prodotto, promuovendo una responsabilit\u00e0 ambientale continua.<\/p>\n<p data-start=\"617\" data-end=\"640\"><strong data-start=\"617\" data-end=\"638\">Profumi disponibili:<\/strong><\/p>\n<ul data-start=\"641\" data-end=\"746\">\n<li data-start=\"641\" data-end=\"685\"><strong data-start=\"643\" data-end=\"659\">Profumo n. 1 - <\/strong>Eucalipto e menta piperita: Miscela rinvigorente che apporta un profumo fresco e rinfrescante<\/li>\n<li data-start=\"686\" data-end=\"746\"><strong data-start=\"688\" data-end=\"704\">Profumo No. 2 - <\/strong>Lavanda, Tea Tree, Bergamotto e Geranio: Miscela abbastanza audace e complessa, floreale, erbacea e leggermente agrumata.<\/li>\n<li data-start=\"686\" data-end=\"746\"><strong data-start=\"341\" data-end=\"374\">Profumo No. 3 - <\/strong>Lavandin Super: aromatico con un carattere calmante e leggermente erbaceo.<\/li>\n<li data-start=\"686\" data-end=\"746\"><strong data-start=\"438\" data-end=\"474\">Profumo No. 4 - <\/strong>Arancia e Bergamotto: Luminoso ed edificante, con un profilo agrumato e frizzante.<\/li>\n<\/ul>\n<p>&nbsp;<\/p>\n<p><strong>Specifiche del prodotto:<\/strong><\/p>\n<ul>\n<li data-start=\"1139\" data-end=\"1159\"><strong data-start=\"1141\" data-end=\"1150\">Dimensioni:<\/strong> 400 ml<\/li>\n<li data-start=\"1160\" data-end=\"1235\"><strong data-start=\"1162\" data-end=\"1178\">Ingredienti:<\/strong> Acqua distillata, alcol denaturato e oli essenziali.<\/li>\n<li data-start=\"1236\" data-end=\"1314\"><strong data-start=\"1238\" data-end=\"1252\">Contenitore:<\/strong> Bottiglia in rPET trasparente da 400 ml, realizzata con PET riciclato 100%<\/li>\n<\/ul>\n<p>&nbsp;<\/p>\n<p>Agiti il flacone prima di ogni utilizzo per assicurarsi che gli oli essenziali si mescolino in modo uniforme. Questo spray \u00e8 progettato per non macchiare i vestiti.<\/p>\n<p>Questo prodotto pu\u00f2 anche essere acquistato come parte del nostro <a href=\"https:\/\/fredfloris.eu\/it\/productpage\/cashmere-care-kit\/?wmc-currency=EUR\">Kit di cura<\/a><\/p>\n<p>&nbsp;<\/p>\n<p>Parole di ricerca: Detergente shampoo per lana e cashmere<\/p>","protected":false},"excerpt":{"rendered":"<p>Dimensioni: 400 ml<\/p>\n<p>SKU: cas\/car\/spr<br \/>\nMarchio FredFloris (Made in Svezia): FredFloris (Prodotto in Svezia)<\/p>","protected":false},"featured_media":11882,"template":"","meta":[],"pwb-brand":[203],"product_brand":[],"product_cat":[361,362],"product_tag":[380,135],"woo-feed-brand":[],"class_list":{"0":"post-10043","1":"product","2":"type-product","3":"status-publish","4":"has-post-thumbnail","6":"pwb-brand-fredfloris","7":"product_cat-knitwear","8":"product_cat-knitwear-care-products","9":"product_tag-knitwear-care","10":"product_tag-stocked","11":"product_shipping_class-large-goods","13":"first","14":"instock","15":"taxable","16":"shipping-taxable","17":"purchasable","18":"product-type-variable"},"yoast_head":"<!-- This site is optimized with the Yoast SEO plugin v27.2 - https:\/\/yoast.com\/product\/yoast-seo-wordpress\/ -->\n<title>Cashmere \/ Wool Spray | FredFloris<\/title>\n<meta name=\"description\" content=\"Enjoy a fresh and pleasant scent with every use of our lightly fragranced cashmere spray. Our Cashmere &amp; Wool spray is made in-house.\" \/>\n<meta name=\"robots\" content=\"index, follow, max-snippet:-1, max-image-preview:large, max-video-preview:-1\" \/>\n<link rel=\"canonical\" href=\"https:\/\/fredfloris.eu\/it\/productpage\/cashmere-wool-spray\/?wmc-currency=EUR\" \/>\n<meta property=\"og:locale\" content=\"it_IT\" \/>\n<meta property=\"og:type\" content=\"article\" \/>\n<meta property=\"og:title\" content=\"Cashmere \/ Wool Spray | FredFloris\" \/>\n<meta property=\"og:description\" content=\"Enjoy a fresh and pleasant scent with every use of our lightly fragranced cashmere spray. Our Cashmere &amp; Wool spray is made in-house.\" \/>\n<meta property=\"og:url\" content=\"https:\/\/fredfloris.eu\/it\/productpage\/cashmere-wool-spray\/?wmc-currency=EUR\" \/>\n<meta property=\"og:site_name\" content=\"FredFloris\" \/>\n<meta property=\"article:publisher\" content=\"https:\/\/www.facebook.com\/FredFloris.Artisan.Studio\/\" \/>\n<meta property=\"article:modified_time\" content=\"2025-05-25T14:35:40+00:00\" \/>\n<meta property=\"og:image\" content=\"https:\/\/fredfloris.eu\/wp-content\/uploads\/2025\/02\/IMG_6482-scaled.jpg\" \/>\n\t<meta property=\"og:image:width\" content=\"2560\" \/>\n\t<meta property=\"og:image:height\" content=\"1707\" \/>\n\t<meta property=\"og:image:type\" content=\"image\/jpeg\" \/>\n<meta name=\"twitter:card\" content=\"summary_large_image\" \/>\n<meta name=\"twitter:site\" content=\"@_fredfloris_\" \/>\n<meta name=\"twitter:label1\" content=\"Tempo di lettura stimato\" \/>\n\t<meta name=\"twitter:data1\" content=\"2 minuti\" \/>\n<script type=\"application\/ld+json\" class=\"yoast-schema-graph\">{\"@context\":\"https:\/\/schema.org\",\"@graph\":[{\"@type\":\"WebPage\",\"@id\":\"https:\/\/fredfloris.eu\/productpage\/cashmere-wool-spray\/\",\"url\":\"https:\/\/fredfloris.eu\/productpage\/cashmere-wool-spray\/\",\"name\":\"Cashmere \/ Wool Spray | FredFloris\",\"isPartOf\":{\"@id\":\"https:\/\/fredfloris.eu\/#website\"},\"primaryImageOfPage\":{\"@id\":\"https:\/\/fredfloris.eu\/productpage\/cashmere-wool-spray\/#primaryimage\"},\"image\":{\"@id\":\"https:\/\/fredfloris.eu\/productpage\/cashmere-wool-spray\/#primaryimage\"},\"thumbnailUrl\":\"https:\/\/fredfloris.eu\/wp-content\/uploads\/2025\/02\/IMG_6482-scaled.jpg\",\"datePublished\":\"2022-10-10T15:33:04+00:00\",\"dateModified\":\"2025-05-25T14:35:40+00:00\",\"description\":\"Enjoy a fresh and pleasant scent with every use of our lightly fragranced cashmere spray. Our Cashmere & Wool spray is made in-house.\",\"breadcrumb\":{\"@id\":\"https:\/\/fredfloris.eu\/productpage\/cashmere-wool-spray\/#breadcrumb\"},\"inLanguage\":\"it-IT\",\"potentialAction\":[{\"@type\":\"ReadAction\",\"target\":[\"https:\/\/fredfloris.eu\/productpage\/cashmere-wool-spray\/\"]}]},{\"@type\":\"ImageObject\",\"inLanguage\":\"it-IT\",\"@id\":\"https:\/\/fredfloris.eu\/productpage\/cashmere-wool-spray\/#primaryimage\",\"url\":\"https:\/\/fredfloris.eu\/wp-content\/uploads\/2025\/02\/IMG_6482-scaled.jpg\",\"contentUrl\":\"https:\/\/fredfloris.eu\/wp-content\/uploads\/2025\/02\/IMG_6482-scaled.jpg\",\"width\":2560,\"height\":1707,\"caption\":\"Product: Cashmere \/ Wool Spray\"},{\"@type\":\"BreadcrumbList\",\"@id\":\"https:\/\/fredfloris.eu\/productpage\/cashmere-wool-spray\/#breadcrumb\",\"itemListElement\":[{\"@type\":\"ListItem\",\"position\":1,\"name\":\"Home\",\"item\":\"https:\/\/fredfloris.eu\/\"},{\"@type\":\"ListItem\",\"position\":2,\"name\":\"Shop\",\"item\":\"https:\/\/fredfloris.eu\/shop\/\"},{\"@type\":\"ListItem\",\"position\":3,\"name\":\"Cashmere \/ Wool Spray\"}]},{\"@type\":\"WebSite\",\"@id\":\"https:\/\/fredfloris.eu\/#website\",\"url\":\"https:\/\/fredfloris.eu\/\",\"name\":\"FredFloris\",\"description\":\"Handcrafted Leathergoods - Made in Sweden\",\"publisher\":{\"@id\":\"https:\/\/fredfloris.eu\/#organization\"},\"potentialAction\":[{\"@type\":\"SearchAction\",\"target\":{\"@type\":\"EntryPoint\",\"urlTemplate\":\"https:\/\/fredfloris.eu\/?s={search_term_string}\"},\"query-input\":{\"@type\":\"PropertyValueSpecification\",\"valueRequired\":true,\"valueName\":\"search_term_string\"}}],\"inLanguage\":\"it-IT\"},{\"@type\":\"Organization\",\"@id\":\"https:\/\/fredfloris.eu\/#organization\",\"name\":\"FredFloris\",\"url\":\"https:\/\/fredfloris.eu\/\",\"logo\":{\"@type\":\"ImageObject\",\"inLanguage\":\"it-IT\",\"@id\":\"https:\/\/fredfloris.eu\/#\/schema\/logo\/image\/\",\"url\":\"https:\/\/fredfloris.eu\/wp-content\/uploads\/2022\/03\/FredFloris-med-hel-nal-och-text.png\",\"contentUrl\":\"https:\/\/fredfloris.eu\/wp-content\/uploads\/2022\/03\/FredFloris-med-hel-nal-och-text.png\",\"width\":591,\"height\":283,\"caption\":\"FredFloris\"},\"image\":{\"@id\":\"https:\/\/fredfloris.eu\/#\/schema\/logo\/image\/\"},\"sameAs\":[\"https:\/\/www.facebook.com\/FredFloris.Artisan.Studio\/\",\"https:\/\/x.com\/_fredfloris_\",\"https:\/\/www.instagram.com\/fredfloris.artisan.studio\/\"]}]}<\/script>\n<!-- \/ Yoast SEO plugin. -->","yoast_head_json":{"title":"Cashmere \/ Lana Spray | FredFloris","description":"Si goda un profumo fresco e piacevole ad ogni utilizzo del nostro spray per cashmere leggermente profumato. Il nostro spray Cashmere &amp; Lana \u00e8 prodotto internamente.","robots":{"index":"index","follow":"follow","max-snippet":"max-snippet:-1","max-image-preview":"max-image-preview:large","max-video-preview":"max-video-preview:-1"},"canonical":"https:\/\/fredfloris.eu\/it\/productpage\/cashmere-wool-spray\/?wmc-currency=EUR","og_locale":"it_IT","og_type":"article","og_title":"Cashmere \/ Wool Spray | FredFloris","og_description":"Enjoy a fresh and pleasant scent with every use of our lightly fragranced cashmere spray. Our Cashmere & Wool spray is made in-house.","og_url":"https:\/\/fredfloris.eu\/it\/productpage\/cashmere-wool-spray\/?wmc-currency=EUR","og_site_name":"FredFloris","article_publisher":"https:\/\/www.facebook.com\/FredFloris.Artisan.Studio\/","article_modified_time":"2025-05-25T14:35:40+00:00","og_image":[{"width":2560,"height":1707,"url":"https:\/\/fredfloris.eu\/wp-content\/uploads\/2025\/02\/IMG_6482-scaled.jpg","type":"image\/jpeg"}],"twitter_card":"summary_large_image","twitter_site":"@_fredfloris_","twitter_misc":{"Tempo di lettura stimato":"2 minuti"},"schema":{"@context":"https:\/\/schema.org","@graph":[{"@type":"WebPage","@id":"https:\/\/fredfloris.eu\/productpage\/cashmere-wool-spray\/","url":"https:\/\/fredfloris.eu\/productpage\/cashmere-wool-spray\/","name":"Cashmere \/ Lana Spray | FredFloris","isPartOf":{"@id":"https:\/\/fredfloris.eu\/#website"},"primaryImageOfPage":{"@id":"https:\/\/fredfloris.eu\/productpage\/cashmere-wool-spray\/#primaryimage"},"image":{"@id":"https:\/\/fredfloris.eu\/productpage\/cashmere-wool-spray\/#primaryimage"},"thumbnailUrl":"https:\/\/fredfloris.eu\/wp-content\/uploads\/2025\/02\/IMG_6482-scaled.jpg","datePublished":"2022-10-10T15:33:04+00:00","dateModified":"2025-05-25T14:35:40+00:00","description":"Si goda un profumo fresco e piacevole ad ogni utilizzo del nostro spray per cashmere leggermente profumato. Il nostro spray Cashmere &amp; Lana \u00e8 prodotto internamente.","breadcrumb":{"@id":"https:\/\/fredfloris.eu\/productpage\/cashmere-wool-spray\/#breadcrumb"},"inLanguage":"it-IT","potentialAction":[{"@type":"ReadAction","target":["https:\/\/fredfloris.eu\/productpage\/cashmere-wool-spray\/"]}]},{"@type":"ImageObject","inLanguage":"it-IT","@id":"https:\/\/fredfloris.eu\/productpage\/cashmere-wool-spray\/#primaryimage","url":"https:\/\/fredfloris.eu\/wp-content\/uploads\/2025\/02\/IMG_6482-scaled.jpg","contentUrl":"https:\/\/fredfloris.eu\/wp-content\/uploads\/2025\/02\/IMG_6482-scaled.jpg","width":2560,"height":1707,"caption":"Product: Cashmere \/ Wool Spray"},{"@type":"BreadcrumbList","@id":"https:\/\/fredfloris.eu\/productpage\/cashmere-wool-spray\/#breadcrumb","itemListElement":[{"@type":"ListItem","position":1,"name":"Home","item":"https:\/\/fredfloris.eu\/"},{"@type":"ListItem","position":2,"name":"Shop","item":"https:\/\/fredfloris.eu\/shop\/"},{"@type":"ListItem","position":3,"name":"Cashmere \/ Wool Spray"}]},{"@type":"WebSite","@id":"https:\/\/fredfloris.eu\/#website","url":"https:\/\/fredfloris.eu\/","name":"FredFloris","description":"Pelletteria artigianale - Made in Sweden","publisher":{"@id":"https:\/\/fredfloris.eu\/#organization"},"potentialAction":[{"@type":"SearchAction","target":{"@type":"EntryPoint","urlTemplate":"https:\/\/fredfloris.eu\/?s={search_term_string}"},"query-input":{"@type":"PropertyValueSpecification","valueRequired":true,"valueName":"search_term_string"}}],"inLanguage":"it-IT"},{"@type":"Organization","@id":"https:\/\/fredfloris.eu\/#organization","name":"FredFloris","url":"https:\/\/fredfloris.eu\/","logo":{"@type":"ImageObject","inLanguage":"it-IT","@id":"https:\/\/fredfloris.eu\/#\/schema\/logo\/image\/","url":"https:\/\/fredfloris.eu\/wp-content\/uploads\/2022\/03\/FredFloris-med-hel-nal-och-text.png","contentUrl":"https:\/\/fredfloris.eu\/wp-content\/uploads\/2022\/03\/FredFloris-med-hel-nal-och-text.png","width":591,"height":283,"caption":"FredFloris"},"image":{"@id":"https:\/\/fredfloris.eu\/#\/schema\/logo\/image\/"},"sameAs":["https:\/\/www.facebook.com\/FredFloris.Artisan.Studio\/","https:\/\/x.com\/_fredfloris_","https:\/\/www.instagram.com\/fredfloris.artisan.studio\/"]}]}},"brands":[{"id":203,"name":"FredFloris","slug":"fredfloris"}],"_links":{"self":[{"href":"https:\/\/fredfloris.eu\/it\/wp-json\/wp\/v2\/product\/10043","targetHints":{"allow":["GET"]}}],"collection":[{"href":"https:\/\/fredfloris.eu\/it\/wp-json\/wp\/v2\/product"}],"about":[{"href":"https:\/\/fredfloris.eu\/it\/wp-json\/wp\/v2\/types\/product"}],"version-history":[{"count":20,"href":"https:\/\/fredfloris.eu\/it\/wp-json\/wp\/v2\/product\/10043\/revisions"}],"predecessor-version":[{"id":12161,"href":"https:\/\/fredfloris.eu\/it\/wp-json\/wp\/v2\/product\/10043\/revisions\/12161"}],"wp:featuredmedia":[{"embeddable":true,"href":"https:\/\/fredfloris.eu\/it\/wp-json\/wp\/v2\/media\/11882"}],"wp:attachment":[{"href":"https:\/\/fredfloris.eu\/it\/wp-json\/wp\/v2\/media?parent=10043"}],"wp:term":[{"taxonomy":"pwb-brand","embeddable":true,"href":"https:\/\/fredfloris.eu\/it\/wp-json\/wp\/v2\/pwb-brand?post=10043"},{"taxonomy":"product_brand","embeddable":true,"href":"https:\/\/fredfloris.eu\/it\/wp-json\/wp\/v2\/product_brand?post=10043"},{"taxonomy":"product_cat","embeddable":true,"href":"https:\/\/fredfloris.eu\/it\/wp-json\/wp\/v2\/product_cat?post=10043"},{"taxonomy":"product_tag","embeddable":true,"href":"https:\/\/fredfloris.eu\/it\/wp-json\/wp\/v2\/product_tag?post=10043"},{"taxonomy":"woo-feed-brand","embeddable":true,"href":"https:\/\/fredfloris.eu\/it\/wp-json\/wp\/v2\/woo-feed-brand?post=10043"}],"curies":[{"name":"wp","href":"https:\/\/api.w.org\/{rel}","templated":true}]}}