{"id":5392,"date":"2022-05-19T18:18:03","date_gmt":"2022-05-19T16:18:03","guid":{"rendered":"https:\/\/fredfloris.eu\/?post_type=product&#038;p=5392"},"modified":"2024-06-24T21:36:21","modified_gmt":"2024-06-24T19:36:21","slug":"notebooks-journals","status":"publish","type":"product","link":"https:\/\/fredfloris.eu\/it\/productpage\/notebooks-journals\/","title":{"rendered":"Pagine Papper per i Quaderni FredFloris"},"content":{"rendered":"<p><strong>Scopra le nostre versatili pagine a righe perforate A5, perfette per appunti veloci o per essere utilizzate come quaderno di schizzi artistici.<\/strong> Queste pagine sono state progettate per essere abbinate al nostro A5 <a href=\"https:\/\/fredfloris.eu\/it\/productpage\/a5-journals\/?wmc-currency=EUR\">libri del giorno <\/a>, permettendole di creare una configurazione di pagine con copertina rigida che \u00e8 allo stesso tempo elegante e funzionale. Ideale per l'uso personale o in ufficio, dove \u00e8 essenziale prendere appunti velocemente.<\/p>\n<p><strong>Specifiche del prodotto:<\/strong><\/p>\n<ul>\n<li><strong>Dimensioni:<\/strong> A5<\/li>\n<li><strong>Certificazioni Eco-Friendly:<\/strong> Premiato con l'Ecolabel Nordic Swan e l'Ecolabel Easy On the Planet per la sostenibilit\u00e0 ambientale.<\/li>\n<li><strong>Design:<\/strong> Linee perforate per facilitare lo strappo e foderate per una scrittura ordinata.<\/li>\n<li><strong>Numero di pagine:<\/strong> 100<\/li>\n<li><strong>Rilegatura:<\/strong> Graffato nella parte superiore e rinforzato con nastro tessile per una maggiore durata.<\/li>\n<\/ul>\n<p>&nbsp;<\/p>\n<p>Queste pagine sono adatte a tutti, dagli studenti ai professionisti, e rappresentano una scelta affidabile ed ecologica per le sue esigenze di scrittura.<\/p>\n<p>&nbsp;<\/p>","protected":false},"excerpt":{"rendered":"<h5>Etichetta ecologica Nordic Swan<\/h5>\n<pre><\/pre>\n<p>Nato come sforzo congiunto tra Svezia, Norvegia, Finlandia e Islanda per un pianeta pi\u00f9 sostenibile, il marchio Nordic Swan Ecolabel \u00e8 stato creato nel 1989 come criterio di produzione delle batterie. Con la crescita della consapevolezza dei consumatori nei confronti dell'ambiente, \u00e8 cresciuta anche la portata del Nordic Swan Ecolabels. Oggi, \u00e8 diventata una grande organizzazione dedicata alla sostenibilit\u00e0 della societ\u00e0. Attraverso un rigoroso processo di verifica, il Nordic Swan Ecolabel esamina l'uso di sostanze chimiche, le certificazioni e la documentazione di ogni prodotto per soddisfare lo standard Nordic Swan Ecolabel. Il Nordic Swan Ecolabel rivede annualmente i criteri per tutti i prodotti e servizi, per garantire che i requisiti siano aggiornati con il mercato.<\/p>\n<pre><\/pre>\n<h5>Facile per il pianeta<\/h5>\n<pre><\/pre>\n<p>Il programma Easy on the Planet lavora di concerto con i clienti per ridurre l'impatto della produzione e dei beni materiali sull'ambiente. Contrassegnati dal simbolo Easy on the Plant o EasyTree, i prodotti creati con queste etichette sono realizzati in modo eco-consapevole. Affinch\u00e9 un prodotto possa essere considerato certificato Easy on the Planet, non pu\u00f2 contenere alcuna sostanza di grande interesse, come indicato nell'elenco dei candidati REACH. Quando i clienti acquistano questi prodotti, non solo hanno un impatto positivo sull'ambiente, ma riducono anche la loro impronta di carbonio. Per ogni prodotto certificato Easy on the Planet acquistato, l'organizzazione Easy on the Planet pianter\u00e0 un albero a nome del cliente.<\/p>","protected":false},"featured_media":5367,"template":"","meta":[],"pwb-brand":[],"product_brand":[],"product_cat":[187,186],"product_tag":[193,191,135,192],"woo-feed-brand":[],"class_list":{"0":"post-5392","1":"product","2":"type-product","3":"status-publish","4":"has-post-thumbnail","6":"product_cat-accessories","7":"product_cat-notebooks","8":"product_tag-a5","9":"product_tag-draw","10":"product_tag-stocked","11":"product_tag-write","12":"product_shipping_class-midsized-goods","14":"first","15":"instock","16":"taxable","17":"shipping-taxable","18":"purchasable","19":"product-type-variable"},"yoast_head":"<!-- This site is optimized with the Yoast SEO plugin v27.2 - https:\/\/yoast.com\/product\/yoast-seo-wordpress\/ -->\n<title>Perforated Lined Notebooks For FredFloris Journals | FredFloris<\/title>\n<meta name=\"description\" content=\"Perforated lined notebooks and sketchbooks. Nordic Swan ecolabel notebook &amp; Easy on the Planet ecolabeled notebooks, perfect for quick notes\" \/>\n<meta name=\"robots\" content=\"index, follow, max-snippet:-1, max-image-preview:large, max-video-preview:-1\" \/>\n<link rel=\"canonical\" href=\"https:\/\/fredfloris.eu\/it\/productpage\/notebooks-journals\/?wmc-currency=EUR\" \/>\n<meta property=\"og:locale\" content=\"it_IT\" \/>\n<meta property=\"og:type\" content=\"article\" \/>\n<meta property=\"og:title\" content=\"Perforated Lined Notebooks For FredFloris Journals | FredFloris\" \/>\n<meta property=\"og:description\" content=\"Perforated lined notebooks and sketchbooks. Nordic Swan ecolabel notebook &amp; Easy on the Planet ecolabeled notebooks, perfect for quick notes\" \/>\n<meta property=\"og:url\" content=\"https:\/\/fredfloris.eu\/it\/productpage\/notebooks-journals\/?wmc-currency=EUR\" \/>\n<meta property=\"og:site_name\" content=\"FredFloris\" \/>\n<meta property=\"article:publisher\" content=\"https:\/\/www.facebook.com\/FredFloris.Artisan.Studio\/\" \/>\n<meta property=\"article:modified_time\" content=\"2024-06-24T19:36:21+00:00\" \/>\n<meta property=\"og:image\" content=\"https:\/\/fredfloris.eu\/wp-content\/uploads\/2022\/05\/IMG_2765-scaled.jpg\" \/>\n\t<meta property=\"og:image:width\" content=\"2560\" \/>\n\t<meta property=\"og:image:height\" content=\"1707\" \/>\n\t<meta property=\"og:image:type\" content=\"image\/jpeg\" \/>\n<meta name=\"twitter:card\" content=\"summary_large_image\" \/>\n<meta name=\"twitter:site\" content=\"@_fredfloris_\" \/>\n<meta name=\"twitter:label1\" content=\"Tempo di lettura stimato\" \/>\n\t<meta name=\"twitter:data1\" content=\"1 minuto\" \/>\n<script type=\"application\/ld+json\" class=\"yoast-schema-graph\">{\"@context\":\"https:\/\/schema.org\",\"@graph\":[{\"@type\":\"WebPage\",\"@id\":\"https:\/\/fredfloris.eu\/productpage\/notebooks-journals\/\",\"url\":\"https:\/\/fredfloris.eu\/productpage\/notebooks-journals\/\",\"name\":\"Perforated Lined Notebooks For FredFloris Journals | FredFloris\",\"isPartOf\":{\"@id\":\"https:\/\/fredfloris.eu\/#website\"},\"primaryImageOfPage\":{\"@id\":\"https:\/\/fredfloris.eu\/productpage\/notebooks-journals\/#primaryimage\"},\"image\":{\"@id\":\"https:\/\/fredfloris.eu\/productpage\/notebooks-journals\/#primaryimage\"},\"thumbnailUrl\":\"https:\/\/fredfloris.eu\/wp-content\/uploads\/2022\/05\/IMG_2765-scaled.jpg\",\"datePublished\":\"2022-05-19T16:18:03+00:00\",\"dateModified\":\"2024-06-24T19:36:21+00:00\",\"description\":\"Perforated lined notebooks and sketchbooks. Nordic Swan ecolabel notebook & Easy on the Planet ecolabeled notebooks, perfect for quick notes\",\"breadcrumb\":{\"@id\":\"https:\/\/fredfloris.eu\/productpage\/notebooks-journals\/#breadcrumb\"},\"inLanguage\":\"it-IT\",\"potentialAction\":[{\"@type\":\"ReadAction\",\"target\":[\"https:\/\/fredfloris.eu\/productpage\/notebooks-journals\/\"]}]},{\"@type\":\"ImageObject\",\"inLanguage\":\"it-IT\",\"@id\":\"https:\/\/fredfloris.eu\/productpage\/notebooks-journals\/#primaryimage\",\"url\":\"https:\/\/fredfloris.eu\/wp-content\/uploads\/2022\/05\/IMG_2765-scaled.jpg\",\"contentUrl\":\"https:\/\/fredfloris.eu\/wp-content\/uploads\/2022\/05\/IMG_2765-scaled.jpg\",\"width\":2560,\"height\":1707,\"caption\":\"Product: Notebooks for FredFloris Journals\"},{\"@type\":\"BreadcrumbList\",\"@id\":\"https:\/\/fredfloris.eu\/productpage\/notebooks-journals\/#breadcrumb\",\"itemListElement\":[{\"@type\":\"ListItem\",\"position\":1,\"name\":\"Home\",\"item\":\"https:\/\/fredfloris.eu\/\"},{\"@type\":\"ListItem\",\"position\":2,\"name\":\"Shop\",\"item\":\"https:\/\/fredfloris.eu\/shop\/\"},{\"@type\":\"ListItem\",\"position\":3,\"name\":\"Papper Pages for FredFloris Daybooks\"}]},{\"@type\":\"WebSite\",\"@id\":\"https:\/\/fredfloris.eu\/#website\",\"url\":\"https:\/\/fredfloris.eu\/\",\"name\":\"FredFloris\",\"description\":\"Handcrafted Leathergoods - Made in Sweden\",\"publisher\":{\"@id\":\"https:\/\/fredfloris.eu\/#organization\"},\"potentialAction\":[{\"@type\":\"SearchAction\",\"target\":{\"@type\":\"EntryPoint\",\"urlTemplate\":\"https:\/\/fredfloris.eu\/?s={search_term_string}\"},\"query-input\":{\"@type\":\"PropertyValueSpecification\",\"valueRequired\":true,\"valueName\":\"search_term_string\"}}],\"inLanguage\":\"it-IT\"},{\"@type\":\"Organization\",\"@id\":\"https:\/\/fredfloris.eu\/#organization\",\"name\":\"FredFloris\",\"url\":\"https:\/\/fredfloris.eu\/\",\"logo\":{\"@type\":\"ImageObject\",\"inLanguage\":\"it-IT\",\"@id\":\"https:\/\/fredfloris.eu\/#\/schema\/logo\/image\/\",\"url\":\"https:\/\/fredfloris.eu\/wp-content\/uploads\/2022\/03\/FredFloris-med-hel-nal-och-text.png\",\"contentUrl\":\"https:\/\/fredfloris.eu\/wp-content\/uploads\/2022\/03\/FredFloris-med-hel-nal-och-text.png\",\"width\":591,\"height\":283,\"caption\":\"FredFloris\"},\"image\":{\"@id\":\"https:\/\/fredfloris.eu\/#\/schema\/logo\/image\/\"},\"sameAs\":[\"https:\/\/www.facebook.com\/FredFloris.Artisan.Studio\/\",\"https:\/\/x.com\/_fredfloris_\",\"https:\/\/www.instagram.com\/fredfloris.artisan.studio\/\"]}]}<\/script>\n<!-- \/ Yoast SEO plugin. -->","yoast_head_json":{"title":"Quaderni foderati perforati per le agende FredFloris | FredFloris","description":"Quaderni a righe perforate e quaderni per schizzi. Taccuino con etichetta ecologica Nordic Swan e taccuini con etichetta ecologica Easy on the Planet, perfetti per appunti veloci.","robots":{"index":"index","follow":"follow","max-snippet":"max-snippet:-1","max-image-preview":"max-image-preview:large","max-video-preview":"max-video-preview:-1"},"canonical":"https:\/\/fredfloris.eu\/it\/productpage\/notebooks-journals\/?wmc-currency=EUR","og_locale":"it_IT","og_type":"article","og_title":"Perforated Lined Notebooks For FredFloris Journals | FredFloris","og_description":"Perforated lined notebooks and sketchbooks. Nordic Swan ecolabel notebook & Easy on the Planet ecolabeled notebooks, perfect for quick notes","og_url":"https:\/\/fredfloris.eu\/it\/productpage\/notebooks-journals\/?wmc-currency=EUR","og_site_name":"FredFloris","article_publisher":"https:\/\/www.facebook.com\/FredFloris.Artisan.Studio\/","article_modified_time":"2024-06-24T19:36:21+00:00","og_image":[{"width":2560,"height":1707,"url":"https:\/\/fredfloris.eu\/wp-content\/uploads\/2022\/05\/IMG_2765-scaled.jpg","type":"image\/jpeg"}],"twitter_card":"summary_large_image","twitter_site":"@_fredfloris_","twitter_misc":{"Tempo di lettura stimato":"1 minuto"},"schema":{"@context":"https:\/\/schema.org","@graph":[{"@type":"WebPage","@id":"https:\/\/fredfloris.eu\/productpage\/notebooks-journals\/","url":"https:\/\/fredfloris.eu\/productpage\/notebooks-journals\/","name":"Quaderni foderati perforati per le agende FredFloris | FredFloris","isPartOf":{"@id":"https:\/\/fredfloris.eu\/#website"},"primaryImageOfPage":{"@id":"https:\/\/fredfloris.eu\/productpage\/notebooks-journals\/#primaryimage"},"image":{"@id":"https:\/\/fredfloris.eu\/productpage\/notebooks-journals\/#primaryimage"},"thumbnailUrl":"https:\/\/fredfloris.eu\/wp-content\/uploads\/2022\/05\/IMG_2765-scaled.jpg","datePublished":"2022-05-19T16:18:03+00:00","dateModified":"2024-06-24T19:36:21+00:00","description":"Quaderni a righe perforate e quaderni per schizzi. Taccuino con etichetta ecologica Nordic Swan e taccuini con etichetta ecologica Easy on the Planet, perfetti per appunti veloci.","breadcrumb":{"@id":"https:\/\/fredfloris.eu\/productpage\/notebooks-journals\/#breadcrumb"},"inLanguage":"it-IT","potentialAction":[{"@type":"ReadAction","target":["https:\/\/fredfloris.eu\/productpage\/notebooks-journals\/"]}]},{"@type":"ImageObject","inLanguage":"it-IT","@id":"https:\/\/fredfloris.eu\/productpage\/notebooks-journals\/#primaryimage","url":"https:\/\/fredfloris.eu\/wp-content\/uploads\/2022\/05\/IMG_2765-scaled.jpg","contentUrl":"https:\/\/fredfloris.eu\/wp-content\/uploads\/2022\/05\/IMG_2765-scaled.jpg","width":2560,"height":1707,"caption":"Product: Notebooks for FredFloris Journals"},{"@type":"BreadcrumbList","@id":"https:\/\/fredfloris.eu\/productpage\/notebooks-journals\/#breadcrumb","itemListElement":[{"@type":"ListItem","position":1,"name":"Home","item":"https:\/\/fredfloris.eu\/"},{"@type":"ListItem","position":2,"name":"Shop","item":"https:\/\/fredfloris.eu\/shop\/"},{"@type":"ListItem","position":3,"name":"Papper Pages for FredFloris Daybooks"}]},{"@type":"WebSite","@id":"https:\/\/fredfloris.eu\/#website","url":"https:\/\/fredfloris.eu\/","name":"FredFloris","description":"Pelletteria artigianale - Made in Sweden","publisher":{"@id":"https:\/\/fredfloris.eu\/#organization"},"potentialAction":[{"@type":"SearchAction","target":{"@type":"EntryPoint","urlTemplate":"https:\/\/fredfloris.eu\/?s={search_term_string}"},"query-input":{"@type":"PropertyValueSpecification","valueRequired":true,"valueName":"search_term_string"}}],"inLanguage":"it-IT"},{"@type":"Organization","@id":"https:\/\/fredfloris.eu\/#organization","name":"FredFloris","url":"https:\/\/fredfloris.eu\/","logo":{"@type":"ImageObject","inLanguage":"it-IT","@id":"https:\/\/fredfloris.eu\/#\/schema\/logo\/image\/","url":"https:\/\/fredfloris.eu\/wp-content\/uploads\/2022\/03\/FredFloris-med-hel-nal-och-text.png","contentUrl":"https:\/\/fredfloris.eu\/wp-content\/uploads\/2022\/03\/FredFloris-med-hel-nal-och-text.png","width":591,"height":283,"caption":"FredFloris"},"image":{"@id":"https:\/\/fredfloris.eu\/#\/schema\/logo\/image\/"},"sameAs":["https:\/\/www.facebook.com\/FredFloris.Artisan.Studio\/","https:\/\/x.com\/_fredfloris_","https:\/\/www.instagram.com\/fredfloris.artisan.studio\/"]}]}},"brands":[],"_links":{"self":[{"href":"https:\/\/fredfloris.eu\/it\/wp-json\/wp\/v2\/product\/5392","targetHints":{"allow":["GET"]}}],"collection":[{"href":"https:\/\/fredfloris.eu\/it\/wp-json\/wp\/v2\/product"}],"about":[{"href":"https:\/\/fredfloris.eu\/it\/wp-json\/wp\/v2\/types\/product"}],"version-history":[{"count":6,"href":"https:\/\/fredfloris.eu\/it\/wp-json\/wp\/v2\/product\/5392\/revisions"}],"predecessor-version":[{"id":11556,"href":"https:\/\/fredfloris.eu\/it\/wp-json\/wp\/v2\/product\/5392\/revisions\/11556"}],"wp:featuredmedia":[{"embeddable":true,"href":"https:\/\/fredfloris.eu\/it\/wp-json\/wp\/v2\/media\/5367"}],"wp:attachment":[{"href":"https:\/\/fredfloris.eu\/it\/wp-json\/wp\/v2\/media?parent=5392"}],"wp:term":[{"taxonomy":"pwb-brand","embeddable":true,"href":"https:\/\/fredfloris.eu\/it\/wp-json\/wp\/v2\/pwb-brand?post=5392"},{"taxonomy":"product_brand","embeddable":true,"href":"https:\/\/fredfloris.eu\/it\/wp-json\/wp\/v2\/product_brand?post=5392"},{"taxonomy":"product_cat","embeddable":true,"href":"https:\/\/fredfloris.eu\/it\/wp-json\/wp\/v2\/product_cat?post=5392"},{"taxonomy":"product_tag","embeddable":true,"href":"https:\/\/fredfloris.eu\/it\/wp-json\/wp\/v2\/product_tag?post=5392"},{"taxonomy":"woo-feed-brand","embeddable":true,"href":"https:\/\/fredfloris.eu\/it\/wp-json\/wp\/v2\/woo-feed-brand?post=5392"}],"curies":[{"name":"wp","href":"https:\/\/api.w.org\/{rel}","templated":true}]}}