{"id":7181,"date":"2022-06-06T13:45:34","date_gmt":"2022-06-06T11:45:34","guid":{"rendered":"https:\/\/fredfloris.eu\/?page_id=7181"},"modified":"2024-06-24T19:45:59","modified_gmt":"2024-06-24T17:45:59","slug":"about-us","status":"publish","type":"page","link":"https:\/\/fredfloris.eu\/lv\/about-us\/","title":{"rendered":"Par mums"},"content":{"rendered":"<div data-elementor-type=\"wp-page\" data-elementor-id=\"7181\" class=\"elementor elementor-7181\" data-elementor-post-type=\"page\">\n\t\t\t\t\t\t<section class=\"elementor-section elementor-top-section elementor-element elementor-element-f0f9d68 elementor-section-boxed elementor-section-height-default elementor-section-height-default\" data-id=\"f0f9d68\" data-element_type=\"section\" data-e-type=\"section\" data-settings=\"{&quot;ekit_has_onepagescroll_dot&quot;:&quot;yes&quot;}\">\n\t\t\t\t\t\t<div class=\"elementor-container elementor-column-gap-default\">\n\t\t\t\t\t<div class=\"elementor-column elementor-col-100 elementor-top-column elementor-element elementor-element-0382ec2\" data-id=\"0382ec2\" data-element_type=\"column\" data-e-type=\"column\">\n\t\t\t<div class=\"elementor-widget-wrap elementor-element-populated\">\n\t\t\t\t\t\t<div class=\"elementor-element elementor-element-723d7d7 elementor-widget__width-initial elementor-widget elementor-widget-image\" data-id=\"723d7d7\" data-element_type=\"widget\" data-e-type=\"widget\" data-settings=\"{&quot;ekit_we_effect_on&quot;:&quot;none&quot;}\" data-widget_type=\"image.default\">\n\t\t\t\t<div class=\"elementor-widget-container\">\n\t\t\t\t\t\t\t\t\t\t\t\t\t\t\t<img fetchpriority=\"high\" decoding=\"async\" width=\"1600\" height=\"2250\" src=\"https:\/\/fredfloris.eu\/wp-content\/uploads\/2024\/01\/FredFloris-NEW-2.png\" class=\"attachment-full size-full wp-image-10642\" alt=\"\" srcset=\"https:\/\/fredfloris.eu\/wp-content\/uploads\/2024\/01\/FredFloris-NEW-2.png 1600w, https:\/\/fredfloris.eu\/wp-content\/uploads\/2024\/01\/FredFloris-NEW-2-427x600.png 427w, https:\/\/fredfloris.eu\/wp-content\/uploads\/2024\/01\/FredFloris-NEW-2-1456x2048.png 1456w, https:\/\/fredfloris.eu\/wp-content\/uploads\/2024\/01\/FredFloris-NEW-2-768x1080.png 768w, https:\/\/fredfloris.eu\/wp-content\/uploads\/2024\/01\/FredFloris-NEW-2-1092x1536.png 1092w\" sizes=\"(max-width: 1600px) 100vw, 1600px\" \/>\t\t\t\t\t\t\t\t\t\t\t\t\t\t\t<\/div>\n\t\t\t\t<\/div>\n\t\t\t\t<div class=\"elementor-element elementor-element-5f45d70 elementor-widget__width-initial elementor-widget elementor-widget-heading\" data-id=\"5f45d70\" data-element_type=\"widget\" data-e-type=\"widget\" data-settings=\"{&quot;ekit_we_effect_on&quot;:&quot;none&quot;}\" data-widget_type=\"heading.default\">\n\t\t\t\t<div class=\"elementor-widget-container\">\n\t\t\t\t\t<h1 class=\"elementor-heading-title elementor-size-default\">PAR MUMS<\/h1>\t\t\t\t<\/div>\n\t\t\t\t<\/div>\n\t\t\t\t\t<\/div>\n\t\t<\/div>\n\t\t\t\t\t<\/div>\n\t\t<\/section>\n\t\t\t\t<section class=\"elementor-section elementor-top-section elementor-element elementor-element-26600ee3 elementor-section-height-min-height elementor-section-items-stretch elementor-section-content-middle elementor-section-boxed elementor-section-height-default\" data-id=\"26600ee3\" data-element_type=\"section\" data-e-type=\"section\" data-settings=\"{&quot;background_background&quot;:&quot;classic&quot;,&quot;ekit_has_onepagescroll_dot&quot;:&quot;yes&quot;}\">\n\t\t\t\t\t\t<div class=\"elementor-container elementor-column-gap-no\">\n\t\t\t\t\t<div class=\"elementor-column elementor-col-100 elementor-top-column elementor-element elementor-element-6f702edb\" data-id=\"6f702edb\" data-element_type=\"column\" data-e-type=\"column\" data-settings=\"{&quot;background_background&quot;:&quot;classic&quot;}\">\n\t\t\t<div class=\"elementor-widget-wrap elementor-element-populated\">\n\t\t\t\t\t\t<div class=\"elementor-element elementor-element-3f703d1c elementor-widget elementor-widget-heading\" data-id=\"3f703d1c\" data-element_type=\"widget\" data-e-type=\"widget\" data-settings=\"{&quot;ekit_we_effect_on&quot;:&quot;none&quot;}\" data-widget_type=\"heading.default\">\n\t\t\t\t<div class=\"elementor-widget-container\">\n\t\t\t\t\t<h2 class=\"elementor-heading-title elementor-size-default\">M\u016bsu st\u0101sts<\/h2>\t\t\t\t<\/div>\n\t\t\t\t<\/div>\n\t\t\t\t<div class=\"elementor-element elementor-element-19accf59 elementor-widget elementor-widget-text-editor\" data-id=\"19accf59\" data-element_type=\"widget\" data-e-type=\"widget\" data-settings=\"{&quot;ekit_we_effect_on&quot;:&quot;none&quot;}\" data-widget_type=\"text-editor.default\">\n\t\t\t\t<div class=\"elementor-widget-container\">\n\t\t\t\t\t\t\t\t\t<p>FredFloris aizs\u0101k\u0101s nevis 2021. gad\u0101, kad ofici\u0101li tika atv\u0113rta J\u00f6nk\u00f6ping\u0101, Zviedrij\u0101, bet gan 2018. gad\u0101, mekl\u0113jot kvalitat\u012bvu \u0101das jostu. M\u016bsu dibin\u0101t\u0101js Freds mekl\u0113ja jostu no pilngraudu \u0101das, kas b\u016btu gan kvalitat\u012bva, gan pietiekami iztur\u012bga, lai to var\u0113tu nodot no paaudzes paaudz\u0113. T\u0101 viet\u0101 vi\u0146\u0161 atrada tikai jostas, kas bija izgatavotas no zem\u0101kas kvalit\u0101tes \u2018\u012bstas\u2019 \u0101das, kas neatbilda vi\u0146a vienk\u0101r\u0161aj\u0101m vajadz\u012bb\u0101m.<\/p><p>Neapmierin\u0101ts un iedvesmojoties no nemain\u012bga stila mantojuma, Freds nol\u0113ma izveidot jostu, ko nevar\u0113ja atrast. Savu aizrau\u0161anos ar amatniec\u012bbu vi\u0146\u0161 p\u0101rv\u0113rta FredFloris - uz\u0146\u0113mum\u0101, kas tagad svin dz\u012bves pav\u0113rsienus ar izstr\u0101d\u0101jumiem, kas rad\u012bti, lai kalpotu ilgi.<\/p><p>FredFloris iest\u0101jas par kvalit\u0101ti un trad\u012bcij\u0101m, izgatavojot \u0101das izstr\u0101d\u0101jumus, kas paredz\u0113ti, lai tie kalpotu un iedvesmotu gan pa\u0161reiz\u0113jo, gan n\u0101kam\u0101s paaudzes.<\/p>\t\t\t\t\t\t\t\t<\/div>\n\t\t\t\t<\/div>\n\t\t\t\t\t<\/div>\n\t\t<\/div>\n\t\t\t\t\t<\/div>\n\t\t<\/section>\n\t\t\t\t<section class=\"elementor-section elementor-top-section elementor-element elementor-element-edca906 elementor-section-height-min-height elementor-section-items-stretch elementor-section-content-middle elementor-section-boxed elementor-section-height-default\" data-id=\"edca906\" data-element_type=\"section\" data-e-type=\"section\" data-settings=\"{&quot;background_background&quot;:&quot;classic&quot;,&quot;ekit_has_onepagescroll_dot&quot;:&quot;yes&quot;}\">\n\t\t\t\t\t\t<div class=\"elementor-container elementor-column-gap-no\">\n\t\t\t\t\t<div class=\"elementor-column elementor-col-100 elementor-top-column elementor-element elementor-element-2449624\" data-id=\"2449624\" data-element_type=\"column\" data-e-type=\"column\" data-settings=\"{&quot;background_background&quot;:&quot;classic&quot;}\">\n\t\t\t<div class=\"elementor-widget-wrap elementor-element-populated\">\n\t\t\t\t\t\t<div class=\"elementor-element elementor-element-c0da8e1 elementor-widget elementor-widget-heading\" data-id=\"c0da8e1\" data-element_type=\"widget\" data-e-type=\"widget\" data-settings=\"{&quot;ekit_we_effect_on&quot;:&quot;none&quot;}\" data-widget_type=\"heading.default\">\n\t\t\t\t<div class=\"elementor-widget-container\">\n\t\t\t\t\t<h2 class=\"elementor-heading-title elementor-size-default\">Misijas pazi\u0146ojums <\/h2>\t\t\t\t<\/div>\n\t\t\t\t<\/div>\n\t\t\t\t<div class=\"elementor-element elementor-element-5bb37f7 elementor-widget elementor-widget-text-editor\" data-id=\"5bb37f7\" data-element_type=\"widget\" data-e-type=\"widget\" data-settings=\"{&quot;ekit_we_effect_on&quot;:&quot;none&quot;}\" data-widget_type=\"text-editor.default\">\n\t\t\t\t<div class=\"elementor-widget-container\">\n\t\t\t\t\t\t\t\t\t<p><strong>M\u016bsu ap\u0146em\u0161an\u0101s iev\u0113rot \u0113tisku modi<\/strong><\/p><p>FredFloris m\u0113s ticam ne tikai m\u016bsu aksesu\u0101ru est\u0113tiskajai pievilc\u012bbai. Katrs m\u016bsu pied\u0101v\u0101tais izstr\u0101d\u0101jums iemieso m\u016bsu aizrau\u0161anos ar \u0113tisku un ilgtsp\u0113j\u012bgu modi. M\u016bsu izstr\u0101d\u0101jumi nav tikai mantas - tie ir da\u013ca no liel\u0101ka st\u0101sta, kura m\u0113r\u0137is ir rad\u012bt patiesas saiknes un pozit\u012bvi ietekm\u0113t glob\u0101l\u0101s p\u0101rmai\u0146as.<\/p><p><strong>Ilgtsp\u0113j\u012bga ieguve<\/strong> M\u0113s lepojamies ar to, ka izejmateri\u0101lus ieg\u016bstam no ra\u017eot\u0101jiem, kuri iev\u0113ro m\u016bsu \u0113tisk\u0101s v\u0113rt\u012bbas. \u0160ie partneri uztur videi draudz\u012bgus ra\u017eo\u0161anas procesus, kas nodro\u0161ina augstus p\u0101rvald\u012bbas, darba un ra\u017eo\u0161anas standartus, vienlaikus aizsarg\u0101jot m\u016bsu plan\u0113tu.<\/p><p><strong>Izsekojam\u012bba un p\u0101rredzam\u012bba<\/strong> Katrs m\u016bsu ra\u017eo\u0161anas \u0137\u0113des posms - no izejviel\u0101m l\u012bdz gatavajam produktam - tiek r\u016bp\u012bgi uzraudz\u012bts, garant\u0113jot, ka m\u0113s atbalst\u0101m plan\u0113tas un t\u0101s kopienu ilgtsp\u0113j\u012bbu.<\/p><p><strong>Modes industrijas mai\u0146a<\/strong> M\u0113s noraid\u0101m tradicion\u0101l\u0101s modes industrijas novecoju\u0161o praksi, kur\u0101 pe\u013c\u0146a bie\u017ei vien ir svar\u012bg\u0101ka par cilv\u0113kiem un plan\u0113tu. M\u016bsu misija ir iedvesmot p\u0101rmai\u0146as un paaugstin\u0101t standartus, aizst\u0101vot \u0113tisku praksi un kvalitat\u012bvu amatniec\u012bbu.<\/p><p>FredFloris m\u0113r\u0137is ir main\u012bt modes industrijas status quo, veicinot t\u0101du uz\u0146\u0113m\u0113jdarb\u012bbas modeli, kas nov\u0113rt\u0113 uzlabojumus un pozit\u012bvu ietekmi.<\/p>\t\t\t\t\t\t\t\t<\/div>\n\t\t\t\t<\/div>\n\t\t\t\t\t<\/div>\n\t\t<\/div>\n\t\t\t\t\t<\/div>\n\t\t<\/section>\n\t\t\t\t<section class=\"elementor-section elementor-top-section elementor-element elementor-element-efdd4a0 elementor-section-full_width elementor-section-height-min-height elementor-section-items-stretch elementor-section-content-middle elementor-section-height-default\" data-id=\"efdd4a0\" data-element_type=\"section\" data-e-type=\"section\" data-settings=\"{&quot;ekit_has_onepagescroll_dot&quot;:&quot;yes&quot;}\">\n\t\t\t\t\t\t<div class=\"elementor-container elementor-column-gap-no\">\n\t\t\t\t\t<div class=\"elementor-column elementor-col-50 elementor-top-column elementor-element elementor-element-297a6f9\" data-id=\"297a6f9\" data-element_type=\"column\" data-e-type=\"column\">\n\t\t\t<div class=\"elementor-widget-wrap elementor-element-populated\">\n\t\t\t\t\t\t<div class=\"elementor-element elementor-element-70a8e76 elementor-invisible elementor-widget elementor-widget-heading\" data-id=\"70a8e76\" data-element_type=\"widget\" data-e-type=\"widget\" data-settings=\"{&quot;_animation&quot;:&quot;fadeIn&quot;,&quot;_animation_delay&quot;:200,&quot;ekit_we_effect_on&quot;:&quot;none&quot;}\" data-widget_type=\"heading.default\">\n\t\t\t\t<div class=\"elementor-widget-container\">\n\t\t\t\t\t<h2 class=\"elementor-heading-title elementor-size-default\">FredFloris rada augst\u0101k\u0101s kvalit\u0101tes modes aksesu\u0101rus tiem, kas nov\u0113rt\u0113 luksusa priek\u0161metus, kas izgatavoti \u0113tisk\u0101 veid\u0101.<\/h2>\t\t\t\t<\/div>\n\t\t\t\t<\/div>\n\t\t\t\t<div class=\"elementor-element elementor-element-e479f0b elementor-widget__width-auto e-grid-align-left e-grid-align-mobile-center elementor-widget-mobile__width-inherit elementor-shape-rounded elementor-grid-0 elementor-widget elementor-widget-social-icons\" data-id=\"e479f0b\" data-element_type=\"widget\" data-e-type=\"widget\" data-settings=\"{&quot;ekit_we_effect_on&quot;:&quot;none&quot;}\" data-widget_type=\"social-icons.default\">\n\t\t\t\t<div class=\"elementor-widget-container\">\n\t\t\t\t\t\t\t<div class=\"elementor-social-icons-wrapper elementor-grid\" role=\"list\">\n\t\t\t\t\t\t\t<span class=\"elementor-grid-item\" role=\"listitem\">\n\t\t\t\t\t<a class=\"elementor-icon elementor-social-icon elementor-social-icon-facebook elementor-animation-float elementor-repeater-item-a815725\" href=\"https:\/\/www.facebook.com\/FredFloris.Artisan.Studio\/\" target=\"_blank\">\n\t\t\t\t\t\t<span class=\"elementor-screen-only\">Facebook<\/span>\n\t\t\t\t\t\t<i aria-hidden=\"true\" class=\"fab fa-facebook\"><\/i>\t\t\t\t\t<\/a>\n\t\t\t\t<\/span>\n\t\t\t\t\t\t\t<span class=\"elementor-grid-item\" role=\"listitem\">\n\t\t\t\t\t<a class=\"elementor-icon elementor-social-icon elementor-social-icon-twitter elementor-animation-float elementor-repeater-item-9308808\" href=\"https:\/\/twitter.com\/_fredfloris_\" target=\"_blank\">\n\t\t\t\t\t\t<span class=\"elementor-screen-only\">Twitter<\/span>\n\t\t\t\t\t\t<i aria-hidden=\"true\" class=\"fab fa-twitter\"><\/i>\t\t\t\t\t<\/a>\n\t\t\t\t<\/span>\n\t\t\t\t\t\t\t<span class=\"elementor-grid-item\" role=\"listitem\">\n\t\t\t\t\t<a class=\"elementor-icon elementor-social-icon elementor-social-icon-instagram elementor-animation-float elementor-repeater-item-5ff4be9\" href=\"https:\/\/www.instagram.com\/fredfloris.artisan.studio\/\" target=\"_blank\">\n\t\t\t\t\t\t<span class=\"elementor-screen-only\">Instagram<\/span>\n\t\t\t\t\t\t<i aria-hidden=\"true\" class=\"fab fa-instagram\"><\/i>\t\t\t\t\t<\/a>\n\t\t\t\t<\/span>\n\t\t\t\t\t\t\t<span class=\"elementor-grid-item\" role=\"listitem\">\n\t\t\t\t\t<a class=\"elementor-icon elementor-social-icon elementor-social-icon-pinterest elementor-animation-float elementor-repeater-item-7138ec1\" href=\"https:\/\/www.pinterest.se\/FredFloris_Artisan_Studio\/\" target=\"_blank\">\n\t\t\t\t\t\t<span class=\"elementor-screen-only\">Pinterest<\/span>\n\t\t\t\t\t\t<i aria-hidden=\"true\" class=\"fab fa-pinterest\"><\/i>\t\t\t\t\t<\/a>\n\t\t\t\t<\/span>\n\t\t\t\t\t<\/div>\n\t\t\t\t\t\t<\/div>\n\t\t\t\t<\/div>\n\t\t\t\t\t<\/div>\n\t\t<\/div>\n\t\t\t\t<div class=\"elementor-column elementor-col-50 elementor-top-column elementor-element elementor-element-a769eb1 elementor-hidden-tablet elementor-hidden-mobile\" data-id=\"a769eb1\" data-element_type=\"column\" data-e-type=\"column\" data-settings=\"{&quot;background_background&quot;:&quot;classic&quot;}\">\n\t\t\t<div class=\"elementor-widget-wrap\">\n\t\t\t\t\t<div class=\"elementor-background-overlay\"><\/div>\n\t\t\t\t\t\t\t<\/div>\n\t\t<\/div>\n\t\t\t\t\t<\/div>\n\t\t<\/section>\n\t\t\t\t<\/div>","protected":false},"excerpt":{"rendered":"<p>ABOUT US Our Story FredFloris began not in 2021, when we officially opened in J\u00f6nk\u00f6ping, Sweden, but in 2018 with a quest for a quality leather belt. Fred, our founder, searched for a belt made from full-grain leather that was both high-quality and durable enough to be passed down through generations. Instead, he found only [&hellip;]<\/p>\n","protected":false},"author":1,"featured_media":0,"parent":0,"menu_order":0,"comment_status":"closed","ping_status":"closed","template":"","meta":{"footnotes":""},"class_list":["post-7181","page","type-page","status-publish","hentry"],"yoast_head":"<!-- This site is optimized with the Yoast SEO plugin v27.2 - https:\/\/yoast.com\/product\/yoast-seo-wordpress\/ -->\n<title>FredFloris: Ethical Fashion Accessories for Luxury Seekers<\/title>\n<meta name=\"description\" content=\"Discover FredFloris, a family-owned business creating premium fashion accessories. Ethically made, sustainable, and built to last. Join us in inspiring change.\" \/>\n<meta name=\"robots\" content=\"index, follow, max-snippet:-1, max-image-preview:large, max-video-preview:-1\" \/>\n<link rel=\"canonical\" href=\"https:\/\/fredfloris.eu\/lv\/about-us\/?wmc-currency=EUR\" \/>\n<meta property=\"og:locale\" content=\"lv_LV\" \/>\n<meta property=\"og:type\" content=\"article\" \/>\n<meta property=\"og:title\" content=\"FredFloris: Ethical Fashion Accessories for Luxury Seekers\" \/>\n<meta property=\"og:description\" content=\"Discover FredFloris, a family-owned business creating premium fashion accessories. Ethically made, sustainable, and built to last. Join us in inspiring change.\" \/>\n<meta property=\"og:url\" content=\"https:\/\/fredfloris.eu\/lv\/about-us\/?wmc-currency=EUR\" \/>\n<meta property=\"og:site_name\" content=\"FredFloris\" \/>\n<meta property=\"article:publisher\" content=\"https:\/\/www.facebook.com\/FredFloris.Artisan.Studio\/\" \/>\n<meta property=\"article:modified_time\" content=\"2024-06-24T17:45:59+00:00\" \/>\n<meta property=\"og:image\" content=\"https:\/\/fredfloris.eu\/wp-content\/uploads\/2024\/01\/FredFloris-NEW-2.png\" \/>\n<meta name=\"twitter:card\" content=\"summary_large_image\" \/>\n<meta name=\"twitter:site\" content=\"@_fredfloris_\" \/>\n<meta name=\"twitter:label1\" content=\"Est. reading time\" \/>\n\t<meta name=\"twitter:data1\" content=\"2 min\u016btes\" \/>\n<script type=\"application\/ld+json\" class=\"yoast-schema-graph\">{\"@context\":\"https:\/\/schema.org\",\"@graph\":[{\"@type\":[\"WebPage\",\"AboutPage\"],\"@id\":\"https:\/\/fredfloris.eu\/about-us\/\",\"url\":\"https:\/\/fredfloris.eu\/about-us\/\",\"name\":\"FredFloris: Ethical Fashion Accessories for Luxury Seekers\",\"isPartOf\":{\"@id\":\"https:\/\/fredfloris.eu\/#website\"},\"primaryImageOfPage\":{\"@id\":\"https:\/\/fredfloris.eu\/about-us\/#primaryimage\"},\"image\":{\"@id\":\"https:\/\/fredfloris.eu\/about-us\/#primaryimage\"},\"thumbnailUrl\":\"https:\/\/fredfloris.eu\/wp-content\/uploads\/2024\/01\/FredFloris-NEW-2.png\",\"datePublished\":\"2022-06-06T11:45:34+00:00\",\"dateModified\":\"2024-06-24T17:45:59+00:00\",\"description\":\"Discover FredFloris, a family-owned business creating premium fashion accessories. Ethically made, sustainable, and built to last. Join us in inspiring change.\",\"breadcrumb\":{\"@id\":\"https:\/\/fredfloris.eu\/about-us\/#breadcrumb\"},\"inLanguage\":\"lv-LV\",\"potentialAction\":[{\"@type\":\"ReadAction\",\"target\":[\"https:\/\/fredfloris.eu\/about-us\/\"]}]},{\"@type\":\"ImageObject\",\"inLanguage\":\"lv-LV\",\"@id\":\"https:\/\/fredfloris.eu\/about-us\/#primaryimage\",\"url\":\"https:\/\/fredfloris.eu\/wp-content\/uploads\/2024\/01\/FredFloris-NEW-2.png\",\"contentUrl\":\"https:\/\/fredfloris.eu\/wp-content\/uploads\/2024\/01\/FredFloris-NEW-2.png\"},{\"@type\":\"BreadcrumbList\",\"@id\":\"https:\/\/fredfloris.eu\/about-us\/#breadcrumb\",\"itemListElement\":[{\"@type\":\"ListItem\",\"position\":1,\"name\":\"Home\",\"item\":\"https:\/\/fredfloris.eu\/\"},{\"@type\":\"ListItem\",\"position\":2,\"name\":\"About us\"}]},{\"@type\":\"WebSite\",\"@id\":\"https:\/\/fredfloris.eu\/#website\",\"url\":\"https:\/\/fredfloris.eu\/\",\"name\":\"FredFloris\",\"description\":\"Handcrafted Leathergoods - Made in Sweden\",\"publisher\":{\"@id\":\"https:\/\/fredfloris.eu\/#organization\"},\"potentialAction\":[{\"@type\":\"SearchAction\",\"target\":{\"@type\":\"EntryPoint\",\"urlTemplate\":\"https:\/\/fredfloris.eu\/?s={search_term_string}\"},\"query-input\":{\"@type\":\"PropertyValueSpecification\",\"valueRequired\":true,\"valueName\":\"search_term_string\"}}],\"inLanguage\":\"lv-LV\"},{\"@type\":\"Organization\",\"@id\":\"https:\/\/fredfloris.eu\/#organization\",\"name\":\"FredFloris\",\"url\":\"https:\/\/fredfloris.eu\/\",\"logo\":{\"@type\":\"ImageObject\",\"inLanguage\":\"lv-LV\",\"@id\":\"https:\/\/fredfloris.eu\/#\/schema\/logo\/image\/\",\"url\":\"https:\/\/fredfloris.eu\/wp-content\/uploads\/2022\/03\/FredFloris-med-hel-nal-och-text.png\",\"contentUrl\":\"https:\/\/fredfloris.eu\/wp-content\/uploads\/2022\/03\/FredFloris-med-hel-nal-och-text.png\",\"width\":591,\"height\":283,\"caption\":\"FredFloris\"},\"image\":{\"@id\":\"https:\/\/fredfloris.eu\/#\/schema\/logo\/image\/\"},\"sameAs\":[\"https:\/\/www.facebook.com\/FredFloris.Artisan.Studio\/\",\"https:\/\/x.com\/_fredfloris_\",\"https:\/\/www.instagram.com\/fredfloris.artisan.studio\/\"]}]}<\/script>\n<!-- \/ Yoast SEO plugin. -->","yoast_head_json":{"title":"FredFloris: \u0113tiski modes aksesu\u0101ri luksusa mekl\u0113t\u0101jiem","description":"Atkl\u0101jiet FredFloris - \u0123imenes uz\u0146\u0113mumu, kas rada augst\u0101k\u0101s kvalit\u0101tes modes aksesu\u0101rus. \u0112tiski ra\u017eoti, ilgtsp\u0113j\u012bgi un ilgi kalpojo\u0161i. Pievienojieties mums, lai iedvesmotu p\u0101rmai\u0146as.","robots":{"index":"index","follow":"follow","max-snippet":"max-snippet:-1","max-image-preview":"max-image-preview:large","max-video-preview":"max-video-preview:-1"},"canonical":"https:\/\/fredfloris.eu\/lv\/about-us\/?wmc-currency=EUR","og_locale":"lv_LV","og_type":"article","og_title":"FredFloris: Ethical Fashion Accessories for Luxury Seekers","og_description":"Discover FredFloris, a family-owned business creating premium fashion accessories. Ethically made, sustainable, and built to last. Join us in inspiring change.","og_url":"https:\/\/fredfloris.eu\/lv\/about-us\/?wmc-currency=EUR","og_site_name":"FredFloris","article_publisher":"https:\/\/www.facebook.com\/FredFloris.Artisan.Studio\/","article_modified_time":"2024-06-24T17:45:59+00:00","og_image":[{"url":"https:\/\/fredfloris.eu\/wp-content\/uploads\/2024\/01\/FredFloris-NEW-2.png","type":"","width":"","height":""}],"twitter_card":"summary_large_image","twitter_site":"@_fredfloris_","twitter_misc":{"Est. reading time":"2 min\u016btes"},"schema":{"@context":"https:\/\/schema.org","@graph":[{"@type":["WebPage","AboutPage"],"@id":"https:\/\/fredfloris.eu\/about-us\/","url":"https:\/\/fredfloris.eu\/about-us\/","name":"FredFloris: \u0113tiski modes aksesu\u0101ri luksusa mekl\u0113t\u0101jiem","isPartOf":{"@id":"https:\/\/fredfloris.eu\/#website"},"primaryImageOfPage":{"@id":"https:\/\/fredfloris.eu\/about-us\/#primaryimage"},"image":{"@id":"https:\/\/fredfloris.eu\/about-us\/#primaryimage"},"thumbnailUrl":"https:\/\/fredfloris.eu\/wp-content\/uploads\/2024\/01\/FredFloris-NEW-2.png","datePublished":"2022-06-06T11:45:34+00:00","dateModified":"2024-06-24T17:45:59+00:00","description":"Atkl\u0101jiet FredFloris - \u0123imenes uz\u0146\u0113mumu, kas rada augst\u0101k\u0101s kvalit\u0101tes modes aksesu\u0101rus. \u0112tiski ra\u017eoti, ilgtsp\u0113j\u012bgi un ilgi kalpojo\u0161i. Pievienojieties mums, lai iedvesmotu p\u0101rmai\u0146as.","breadcrumb":{"@id":"https:\/\/fredfloris.eu\/about-us\/#breadcrumb"},"inLanguage":"lv-LV","potentialAction":[{"@type":"ReadAction","target":["https:\/\/fredfloris.eu\/about-us\/"]}]},{"@type":"ImageObject","inLanguage":"lv-LV","@id":"https:\/\/fredfloris.eu\/about-us\/#primaryimage","url":"https:\/\/fredfloris.eu\/wp-content\/uploads\/2024\/01\/FredFloris-NEW-2.png","contentUrl":"https:\/\/fredfloris.eu\/wp-content\/uploads\/2024\/01\/FredFloris-NEW-2.png"},{"@type":"BreadcrumbList","@id":"https:\/\/fredfloris.eu\/about-us\/#breadcrumb","itemListElement":[{"@type":"ListItem","position":1,"name":"Home","item":"https:\/\/fredfloris.eu\/"},{"@type":"ListItem","position":2,"name":"About us"}]},{"@type":"WebSite","@id":"https:\/\/fredfloris.eu\/#website","url":"https:\/\/fredfloris.eu\/","name":"FredFloris","description":"Ar rok\u0101m darin\u0101ti \u0101das izstr\u0101d\u0101jumi - Ra\u017eots Zviedrij\u0101","publisher":{"@id":"https:\/\/fredfloris.eu\/#organization"},"potentialAction":[{"@type":"SearchAction","target":{"@type":"EntryPoint","urlTemplate":"https:\/\/fredfloris.eu\/?s={search_term_string}"},"query-input":{"@type":"PropertyValueSpecification","valueRequired":true,"valueName":"search_term_string"}}],"inLanguage":"lv-LV"},{"@type":"Organization","@id":"https:\/\/fredfloris.eu\/#organization","name":"FredFloris","url":"https:\/\/fredfloris.eu\/","logo":{"@type":"ImageObject","inLanguage":"lv-LV","@id":"https:\/\/fredfloris.eu\/#\/schema\/logo\/image\/","url":"https:\/\/fredfloris.eu\/wp-content\/uploads\/2022\/03\/FredFloris-med-hel-nal-och-text.png","contentUrl":"https:\/\/fredfloris.eu\/wp-content\/uploads\/2022\/03\/FredFloris-med-hel-nal-och-text.png","width":591,"height":283,"caption":"FredFloris"},"image":{"@id":"https:\/\/fredfloris.eu\/#\/schema\/logo\/image\/"},"sameAs":["https:\/\/www.facebook.com\/FredFloris.Artisan.Studio\/","https:\/\/x.com\/_fredfloris_","https:\/\/www.instagram.com\/fredfloris.artisan.studio\/"]}]}},"_links":{"self":[{"href":"https:\/\/fredfloris.eu\/lv\/wp-json\/wp\/v2\/pages\/7181","targetHints":{"allow":["GET"]}}],"collection":[{"href":"https:\/\/fredfloris.eu\/lv\/wp-json\/wp\/v2\/pages"}],"about":[{"href":"https:\/\/fredfloris.eu\/lv\/wp-json\/wp\/v2\/types\/page"}],"author":[{"embeddable":true,"href":"https:\/\/fredfloris.eu\/lv\/wp-json\/wp\/v2\/users\/1"}],"replies":[{"embeddable":true,"href":"https:\/\/fredfloris.eu\/lv\/wp-json\/wp\/v2\/comments?post=7181"}],"version-history":[{"count":22,"href":"https:\/\/fredfloris.eu\/lv\/wp-json\/wp\/v2\/pages\/7181\/revisions"}],"predecessor-version":[{"id":11508,"href":"https:\/\/fredfloris.eu\/lv\/wp-json\/wp\/v2\/pages\/7181\/revisions\/11508"}],"wp:attachment":[{"href":"https:\/\/fredfloris.eu\/lv\/wp-json\/wp\/v2\/media?parent=7181"}],"curies":[{"name":"wp","href":"https:\/\/api.w.org\/{rel}","templated":true}]}}