{"id":9964,"date":"2022-08-28T15:18:40","date_gmt":"2022-08-28T13:18:40","guid":{"rendered":"https:\/\/fredfloris.eu\/?page_id=9964"},"modified":"2024-04-13T11:00:48","modified_gmt":"2024-04-13T09:00:48","slug":"after-sale","status":"publish","type":"page","link":"https:\/\/fredfloris.eu\/lv\/after-sale\/","title":{"rendered":"P\u0113cp\u0101rdo\u0161anas serviss"},"content":{"rendered":"<div data-elementor-type=\"wp-page\" data-elementor-id=\"9964\" class=\"elementor elementor-9964\" data-elementor-post-type=\"page\">\n\t\t\t\t\t\t<section class=\"elementor-section elementor-top-section elementor-element elementor-element-efd9c59 elementor-section-boxed elementor-section-height-default elementor-section-height-default\" data-id=\"efd9c59\" data-element_type=\"section\" data-e-type=\"section\" data-settings=\"{&quot;ekit_has_onepagescroll_dot&quot;:&quot;yes&quot;}\">\n\t\t\t\t\t\t<div class=\"elementor-container elementor-column-gap-default\">\n\t\t\t\t\t<div class=\"elementor-column elementor-col-100 elementor-top-column elementor-element elementor-element-fdf3e88\" data-id=\"fdf3e88\" data-element_type=\"column\" data-e-type=\"column\">\n\t\t\t<div class=\"elementor-widget-wrap elementor-element-populated\">\n\t\t\t\t\t\t<div class=\"elementor-element elementor-element-73dec92 elementor-widget elementor-widget-heading\" data-id=\"73dec92\" data-element_type=\"widget\" data-e-type=\"widget\" data-settings=\"{&quot;ekit_we_effect_on&quot;:&quot;none&quot;}\" data-widget_type=\"heading.default\">\n\t\t\t\t<div class=\"elementor-widget-container\">\n\t\t\t\t\t<h1 class=\"elementor-heading-title elementor-size-default\">P\u0113cp\u0101rdo\u0161anas serviss<\/h1>\t\t\t\t<\/div>\n\t\t\t\t<\/div>\n\t\t\t\t<div class=\"elementor-element elementor-element-8473bb2 elementor-widget elementor-widget-text-editor\" data-id=\"8473bb2\" data-element_type=\"widget\" data-e-type=\"widget\" data-settings=\"{&quot;ekit_we_effect_on&quot;:&quot;none&quot;}\" data-widget_type=\"text-editor.default\">\n\t\t\t\t<div class=\"elementor-widget-container\">\n\t\t\t\t\t\t\t\t\t<p>FredFloris lepojas ar to, ka ra\u017eo augstas kvalit\u0101tes produktus, kas ir ne tikai stil\u012bgi un eleganti, bet ar\u012b ilgtsp\u0113j\u012bgi un ilgi kalpo. M\u0113s uzskat\u0101m, ka ilgtsp\u0113ja nav tikai p\u0101rejo\u0161a tendence, bet gan ap\u0146em\u0161an\u0101s uz visu m\u016b\u017eu, un m\u0113s v\u0113lamies, lai m\u016bsu klienti var\u0113tu baud\u012bt m\u016bsu izstr\u0101d\u0101jumus n\u0101kamaj\u0101m paaudz\u0113m.<\/p><p>M\u016bsu produkti ir izgatavoti no vislab\u0101kajiem materi\u0101liem, ko var ieg\u0101d\u0101ties par naudu, t\u0101d\u0113j\u0101di nodro\u0161inot to iztur\u012bbu un ilgm\u016b\u017e\u012bbu. Tom\u0113r m\u0113s saprotam, ka pat vislab\u0101kajiem izstr\u0101d\u0101jumiem laika gait\u0101 var b\u016bt nepiecie\u0161ama kop\u0161ana un uzman\u012bba. T\u0101p\u0113c visiem FredFloris \u0101das izstr\u0101d\u0101jumiem m\u0113s pied\u0101v\u0101jam \u012bpa\u0161us kop\u0161anas un remonta pakalpojumus. M\u016bsu prasm\u012bgie meistari var prasm\u012bgi veikt remontu un atjauno\u0161anu. Neatkar\u012bgi no t\u0101, vai j\u016bsu izstr\u0101d\u0101jumam ir nepiecie\u0161ams nomain\u012bt r\u0101v\u0113jsl\u0113dz\u0113ju, p\u0101rkr\u0101sot, lai atdz\u012bvin\u0101tu t\u0101 s\u0101kotn\u0113jo sp\u012bdumu, p\u0101rkr\u0101sot, lai atjaunotu t\u0101 sp\u012bdumu, vai p\u0101r\u0161\u016bt, lai nostiprin\u0101tu t\u0101 strukt\u016bru, m\u016bsu amatnieki nodro\u0161in\u0101s, ka j\u016bsu izstr\u0101d\u0101jums izskat\u0101s k\u0101 jauns.<\/p><p>M\u0113s ticam amatniec\u012bbas v\u0113rt\u012bbai un tam, cik svar\u012bgi ir saglab\u0101t m\u016bsu izstr\u0101d\u0101jumu skaistumu un funkcionalit\u0101ti. Pied\u0101v\u0101jot kop\u0161anas un labo\u0161anas pakalpojumus, m\u0113s cen\u0161amies paildzin\u0101t savu izstr\u0101d\u0101jumu kalpo\u0161anas laiku un samazin\u0101t atkritumu daudzumu, t\u0101d\u0113j\u0101di veicinot ilgtsp\u0113j\u012bg\u0101ku pieeju modei. FredFloris r\u016bpes neaprobe\u017eojas tikai ar ieg\u0101des vietu. M\u0113s esam ap\u0146\u0113mu\u0161ies saviem klientiem sniegt izcilu p\u0113cp\u0101rdo\u0161anas servisu, nodro\u0161inot, ka j\u016bs varat baud\u012bt savus FredFloris izstr\u0101d\u0101jumus daudzus gadus. M\u016bsu komanda vienm\u0113r ir gatava jums pal\u012bdz\u0113t, ja jums nepiecie\u0161ama kop\u0161ana vai remonts, un m\u0113s cen\u0161amies p\u0101rsniegt j\u016bsu cer\u012bbas visos m\u016bsu pakalpojumu aspektos.<\/p><p>FredFloris, ilgtsp\u0113ja izskat\u0101s labi uz jums, un m\u0113s esam \u0161eit, lai nodro\u0161in\u0101tu, ka j\u016bs izskat\u0101ties labi visu atliku\u0161o dz\u012bvi. Uzticieties, ka m\u0113s nodro\u0161in\u0101sim jums izcilas kop\u0161anas un remonta pakalpojumus, kas \u013caus saglab\u0101t j\u016bsu FredFloris izstr\u0101d\u0101jumu vislab\u0101ko izskatu, saglab\u0101jot to eleganci un nodro\u0161inot, ka tos var lolot v\u0113l vair\u0101kas paaudzes.<\/p>\t\t\t\t\t\t\t\t<\/div>\n\t\t\t\t<\/div>\n\t\t\t\t\t<\/div>\n\t\t<\/div>\n\t\t\t\t\t<\/div>\n\t\t<\/section>\n\t\t\t\t<\/div>","protected":false},"excerpt":{"rendered":"<p>After-Sale Service At FredFloris, we take pride in crafting high-quality products that are not only stylish and elegant but also sustainable and built to last. We believe that sustainability is not just a passing trend but a lifelong commitment, and we want our customers to enjoy our products for generations to come. Our products are [&hellip;]<\/p>\n","protected":false},"author":1,"featured_media":0,"parent":0,"menu_order":0,"comment_status":"closed","ping_status":"closed","template":"","meta":{"footnotes":""},"class_list":["post-9964","page","type-page","status-publish","hentry"],"yoast_head":"<!-- This site is optimized with the Yoast SEO plugin v27.2 - https:\/\/yoast.com\/product\/yoast-seo-wordpress\/ -->\n<title>Sustainable Leather Care &amp; Repair Services | FredFloris<\/title>\n<meta name=\"description\" content=\"Extend the lifespan of your FredFloris leather products with our expert care &amp; repair services. Trust us for sustainable craftsmanship &amp; exceptional after-sale service.\" \/>\n<meta name=\"robots\" content=\"index, follow, max-snippet:-1, max-image-preview:large, max-video-preview:-1\" \/>\n<link rel=\"canonical\" href=\"https:\/\/fredfloris.eu\/lv\/after-sale\/?wmc-currency=EUR\" \/>\n<meta property=\"og:locale\" content=\"lv_LV\" \/>\n<meta property=\"og:type\" content=\"article\" \/>\n<meta property=\"og:title\" content=\"Sustainable Leather Care &amp; Repair Services | FredFloris\" \/>\n<meta property=\"og:description\" content=\"Extend the lifespan of your FredFloris leather products with our expert care &amp; repair services. Trust us for sustainable craftsmanship &amp; exceptional after-sale service.\" \/>\n<meta property=\"og:url\" content=\"https:\/\/fredfloris.eu\/lv\/after-sale\/?wmc-currency=EUR\" \/>\n<meta property=\"og:site_name\" content=\"FredFloris\" \/>\n<meta property=\"article:publisher\" content=\"https:\/\/www.facebook.com\/FredFloris.Artisan.Studio\/\" \/>\n<meta property=\"article:modified_time\" content=\"2024-04-13T09:00:48+00:00\" \/>\n<meta name=\"twitter:card\" content=\"summary_large_image\" \/>\n<meta name=\"twitter:site\" content=\"@_fredfloris_\" \/>\n<meta name=\"twitter:label1\" content=\"Est. reading time\" \/>\n\t<meta name=\"twitter:data1\" content=\"2 min\u016btes\" \/>\n<script type=\"application\/ld+json\" class=\"yoast-schema-graph\">{\"@context\":\"https:\/\/schema.org\",\"@graph\":[{\"@type\":\"WebPage\",\"@id\":\"https:\/\/fredfloris.eu\/after-sale\/\",\"url\":\"https:\/\/fredfloris.eu\/after-sale\/\",\"name\":\"Sustainable Leather Care & Repair Services | FredFloris\",\"isPartOf\":{\"@id\":\"https:\/\/fredfloris.eu\/#website\"},\"datePublished\":\"2022-08-28T13:18:40+00:00\",\"dateModified\":\"2024-04-13T09:00:48+00:00\",\"description\":\"Extend the lifespan of your FredFloris leather products with our expert care & repair services. Trust us for sustainable craftsmanship & exceptional after-sale service.\",\"breadcrumb\":{\"@id\":\"https:\/\/fredfloris.eu\/after-sale\/#breadcrumb\"},\"inLanguage\":\"lv-LV\",\"potentialAction\":[{\"@type\":\"ReadAction\",\"target\":[\"https:\/\/fredfloris.eu\/after-sale\/\"]}]},{\"@type\":\"BreadcrumbList\",\"@id\":\"https:\/\/fredfloris.eu\/after-sale\/#breadcrumb\",\"itemListElement\":[{\"@type\":\"ListItem\",\"position\":1,\"name\":\"Home\",\"item\":\"https:\/\/fredfloris.eu\/\"},{\"@type\":\"ListItem\",\"position\":2,\"name\":\"After-Sale Service\"}]},{\"@type\":\"WebSite\",\"@id\":\"https:\/\/fredfloris.eu\/#website\",\"url\":\"https:\/\/fredfloris.eu\/\",\"name\":\"FredFloris\",\"description\":\"Handcrafted Leathergoods - Made in Sweden\",\"publisher\":{\"@id\":\"https:\/\/fredfloris.eu\/#organization\"},\"potentialAction\":[{\"@type\":\"SearchAction\",\"target\":{\"@type\":\"EntryPoint\",\"urlTemplate\":\"https:\/\/fredfloris.eu\/?s={search_term_string}\"},\"query-input\":{\"@type\":\"PropertyValueSpecification\",\"valueRequired\":true,\"valueName\":\"search_term_string\"}}],\"inLanguage\":\"lv-LV\"},{\"@type\":\"Organization\",\"@id\":\"https:\/\/fredfloris.eu\/#organization\",\"name\":\"FredFloris\",\"url\":\"https:\/\/fredfloris.eu\/\",\"logo\":{\"@type\":\"ImageObject\",\"inLanguage\":\"lv-LV\",\"@id\":\"https:\/\/fredfloris.eu\/#\/schema\/logo\/image\/\",\"url\":\"https:\/\/fredfloris.eu\/wp-content\/uploads\/2022\/03\/FredFloris-med-hel-nal-och-text.png\",\"contentUrl\":\"https:\/\/fredfloris.eu\/wp-content\/uploads\/2022\/03\/FredFloris-med-hel-nal-och-text.png\",\"width\":591,\"height\":283,\"caption\":\"FredFloris\"},\"image\":{\"@id\":\"https:\/\/fredfloris.eu\/#\/schema\/logo\/image\/\"},\"sameAs\":[\"https:\/\/www.facebook.com\/FredFloris.Artisan.Studio\/\",\"https:\/\/x.com\/_fredfloris_\",\"https:\/\/www.instagram.com\/fredfloris.artisan.studio\/\"]}]}<\/script>\n<!-- \/ Yoast SEO plugin. -->","yoast_head_json":{"title":"Ilgtsp\u0113j\u012bgas \u0101das kop\u0161anas un remonta pakalpojumi | FredFloris","description":"Pagariniet savu FredFloris \u0101das izstr\u0101d\u0101jumu kalpo\u0161anas laiku, izmantojot m\u016bsu ekspertu apr\u016bpes un remonta pakalpojumus. Uzticieties mums par ilgtsp\u0113j\u012bgu meistar\u012bbu un izcilu p\u0113cp\u0101rdo\u0161anas servisu.","robots":{"index":"index","follow":"follow","max-snippet":"max-snippet:-1","max-image-preview":"max-image-preview:large","max-video-preview":"max-video-preview:-1"},"canonical":"https:\/\/fredfloris.eu\/lv\/after-sale\/?wmc-currency=EUR","og_locale":"lv_LV","og_type":"article","og_title":"Sustainable Leather Care & Repair Services | FredFloris","og_description":"Extend the lifespan of your FredFloris leather products with our expert care & repair services. Trust us for sustainable craftsmanship & exceptional after-sale service.","og_url":"https:\/\/fredfloris.eu\/lv\/after-sale\/?wmc-currency=EUR","og_site_name":"FredFloris","article_publisher":"https:\/\/www.facebook.com\/FredFloris.Artisan.Studio\/","article_modified_time":"2024-04-13T09:00:48+00:00","twitter_card":"summary_large_image","twitter_site":"@_fredfloris_","twitter_misc":{"Est. reading time":"2 min\u016btes"},"schema":{"@context":"https:\/\/schema.org","@graph":[{"@type":"WebPage","@id":"https:\/\/fredfloris.eu\/after-sale\/","url":"https:\/\/fredfloris.eu\/after-sale\/","name":"Ilgtsp\u0113j\u012bgas \u0101das kop\u0161anas un remonta pakalpojumi | FredFloris","isPartOf":{"@id":"https:\/\/fredfloris.eu\/#website"},"datePublished":"2022-08-28T13:18:40+00:00","dateModified":"2024-04-13T09:00:48+00:00","description":"Pagariniet savu FredFloris \u0101das izstr\u0101d\u0101jumu kalpo\u0161anas laiku, izmantojot m\u016bsu ekspertu apr\u016bpes un remonta pakalpojumus. Uzticieties mums par ilgtsp\u0113j\u012bgu meistar\u012bbu un izcilu p\u0113cp\u0101rdo\u0161anas servisu.","breadcrumb":{"@id":"https:\/\/fredfloris.eu\/after-sale\/#breadcrumb"},"inLanguage":"lv-LV","potentialAction":[{"@type":"ReadAction","target":["https:\/\/fredfloris.eu\/after-sale\/"]}]},{"@type":"BreadcrumbList","@id":"https:\/\/fredfloris.eu\/after-sale\/#breadcrumb","itemListElement":[{"@type":"ListItem","position":1,"name":"Home","item":"https:\/\/fredfloris.eu\/"},{"@type":"ListItem","position":2,"name":"After-Sale Service"}]},{"@type":"WebSite","@id":"https:\/\/fredfloris.eu\/#website","url":"https:\/\/fredfloris.eu\/","name":"FredFloris","description":"Ar rok\u0101m darin\u0101ti \u0101das izstr\u0101d\u0101jumi - Ra\u017eots Zviedrij\u0101","publisher":{"@id":"https:\/\/fredfloris.eu\/#organization"},"potentialAction":[{"@type":"SearchAction","target":{"@type":"EntryPoint","urlTemplate":"https:\/\/fredfloris.eu\/?s={search_term_string}"},"query-input":{"@type":"PropertyValueSpecification","valueRequired":true,"valueName":"search_term_string"}}],"inLanguage":"lv-LV"},{"@type":"Organization","@id":"https:\/\/fredfloris.eu\/#organization","name":"FredFloris","url":"https:\/\/fredfloris.eu\/","logo":{"@type":"ImageObject","inLanguage":"lv-LV","@id":"https:\/\/fredfloris.eu\/#\/schema\/logo\/image\/","url":"https:\/\/fredfloris.eu\/wp-content\/uploads\/2022\/03\/FredFloris-med-hel-nal-och-text.png","contentUrl":"https:\/\/fredfloris.eu\/wp-content\/uploads\/2022\/03\/FredFloris-med-hel-nal-och-text.png","width":591,"height":283,"caption":"FredFloris"},"image":{"@id":"https:\/\/fredfloris.eu\/#\/schema\/logo\/image\/"},"sameAs":["https:\/\/www.facebook.com\/FredFloris.Artisan.Studio\/","https:\/\/x.com\/_fredfloris_","https:\/\/www.instagram.com\/fredfloris.artisan.studio\/"]}]}},"_links":{"self":[{"href":"https:\/\/fredfloris.eu\/lv\/wp-json\/wp\/v2\/pages\/9964","targetHints":{"allow":["GET"]}}],"collection":[{"href":"https:\/\/fredfloris.eu\/lv\/wp-json\/wp\/v2\/pages"}],"about":[{"href":"https:\/\/fredfloris.eu\/lv\/wp-json\/wp\/v2\/types\/page"}],"author":[{"embeddable":true,"href":"https:\/\/fredfloris.eu\/lv\/wp-json\/wp\/v2\/users\/1"}],"replies":[{"embeddable":true,"href":"https:\/\/fredfloris.eu\/lv\/wp-json\/wp\/v2\/comments?post=9964"}],"version-history":[{"count":20,"href":"https:\/\/fredfloris.eu\/lv\/wp-json\/wp\/v2\/pages\/9964\/revisions"}],"predecessor-version":[{"id":11045,"href":"https:\/\/fredfloris.eu\/lv\/wp-json\/wp\/v2\/pages\/9964\/revisions\/11045"}],"wp:attachment":[{"href":"https:\/\/fredfloris.eu\/lv\/wp-json\/wp\/v2\/media?parent=9964"}],"curies":[{"name":"wp","href":"https:\/\/api.w.org\/{rel}","templated":true}]}}