{"id":10043,"date":"2022-10-10T17:33:04","date_gmt":"2022-10-10T15:33:04","guid":{"rendered":"https:\/\/fredfloris.eu\/?post_type=product&#038;p=10043"},"modified":"2025-05-25T16:35:40","modified_gmt":"2025-05-25T14:35:40","slug":"cashmere-wool-spray","status":"publish","type":"product","link":"https:\/\/fredfloris.eu\/lv\/productpage\/cashmere-wool-spray\/","title":{"rendered":"Ka\u0161mira \/ vilnas aerosols"},"content":{"rendered":"<p>Izbaudiet svaigu un pat\u012bkamu arom\u0101tu ar katru m\u016bsu viegli aromatiz\u0113t\u0101 ka\u0161mira aerosola lieto\u0161anas reizi. Tas ir pieejams da\u017e\u0101dos arom\u0101tu mais\u012bjumos un nodro\u0161ina maigu, bet atsvaidzino\u0161u piesk\u0101rienu j\u016bsu ap\u0123\u0113rbiem - ide\u0101li piem\u0113rots ap\u0123\u0113rbu atsvaidzin\u0101\u0161anai starp mazg\u0101\u0161anas reiz\u0113m, v\u0113s\u0101kos vakaros vai ziemas m\u0113ne\u0161os.<\/p>\n<p>M\u016bsu aerosola sast\u0101v\u0101 ir destil\u0113ts \u016bdens, denatur\u0113ts spirts un t\u012bras \u0113terisk\u0101s e\u013c\u013cas. Tas efekt\u012bvi pal\u012bdz no\u0146emt smakas un aizbaid\u012bt odus, pagarinot j\u016bsu iecien\u012bt\u0101ko vilnas vai ka\u0161mira ap\u0123\u0113rbu m\u016b\u017eu, vienlaikus samazinot bie\u017eas mazg\u0101\u0161anas nepiecie\u0161am\u012bbu.<\/p>\n<p><strong>Iepakojums:<\/strong> Izsmidzin\u0101m\u0101 aerosola saturs ir 100% p\u0101rstr\u0101d\u0101tas plastmasas (rPET) pudel\u0113, kas apliecina m\u016bsu ap\u0146em\u0161anos iev\u0113rot vides ilgtsp\u0113ju. P\u0113c produkta izlieto\u0161anas pudeli var atk\u0101rtoti p\u0101rstr\u0101d\u0101t, t\u0101d\u0113j\u0101di veicinot nep\u0101rtrauktu atbild\u012bbu pret vidi.<\/p>\n<p data-start=\"617\" data-end=\"640\"><strong data-start=\"617\" data-end=\"638\">Pieejamie arom\u0101ti:<\/strong><\/p>\n<ul data-start=\"641\" data-end=\"746\">\n<li data-start=\"641\" data-end=\"685\"><strong data-start=\"643\" data-end=\"659\">Arom\u0101ts Nr. 1 - <\/strong>Eikalipts un piparm\u0113tra: Svaidzino\u0161s mais\u012bjums, kas pie\u0161\u0137ir v\u0113su un atsvaidzino\u0161u arom\u0101tu.<\/li>\n<li data-start=\"686\" data-end=\"746\"><strong data-start=\"688\" data-end=\"704\">Arom\u0101ts Nr. 2 - <\/strong>Lavandas, t\u0113jas koka, bergamotes un \u0123er\u0101nijas: Diezgan drosm\u012bgs un sare\u017e\u0123\u012bts ziedu, z\u0101\u013cu un nedaudz citrusaug\u013cu mais\u012bjums.<\/li>\n<li data-start=\"686\" data-end=\"746\"><strong data-start=\"341\" data-end=\"374\">Arom\u0101ts Nr. 3 - <\/strong>Lavand\u012bns Super: arom\u0101tisks, ar nomierino\u0161u, nedaudz augu gar\u0161as arom\u0101tu.<\/li>\n<li data-start=\"686\" data-end=\"746\"><strong data-start=\"438\" data-end=\"474\">Arom\u0101ts Nr. 4 - <\/strong>Apels\u012bnu un bergamotes: Spilgts un uzmundrino\u0161s, ar krauk\u0161\u0137\u012bgu citrusaug\u013cu profilu.<\/li>\n<\/ul>\n<p>&nbsp;<\/p>\n<p><strong>Produkta specifik\u0101cijas:<\/strong><\/p>\n<ul>\n<li data-start=\"1139\" data-end=\"1159\"><strong data-start=\"1141\" data-end=\"1150\">Izm\u0113rs:<\/strong> 400 ml<\/li>\n<li data-start=\"1160\" data-end=\"1235\"><strong data-start=\"1162\" data-end=\"1178\">Sast\u0101vda\u013cas:<\/strong> Destil\u0113ts \u016bdens, denatur\u0113ts spirts un \u0113terisk\u0101s e\u013c\u013cas<\/li>\n<li data-start=\"1236\" data-end=\"1314\"><strong data-start=\"1238\" data-end=\"1252\">Konteiners:<\/strong> 400 ml caursp\u012bd\u012bga rPET pudele, izgatavota no 100% p\u0101rstr\u0101d\u0101ta PET<\/li>\n<\/ul>\n<p>&nbsp;<\/p>\n<p>Pirms katras lieto\u0161anas reizes pudel\u012bti sakratiet, lai \u0113terisk\u0101s e\u013c\u013cas vienm\u0113r\u012bgi sajauktos. \u0160is aerosols ir izstr\u0101d\u0101ts t\u0101, lai neveidotos traipi uz ap\u0123\u0113rba.<\/p>\n<p>\u0160o produktu var ieg\u0101d\u0101ties ar\u012b k\u0101 da\u013cu no m\u016bsu <a href=\"https:\/\/fredfloris.eu\/lv\/productpage\/cashmere-care-kit\/?wmc-currency=EUR\">Kop\u0161anas komplekts<\/a><\/p>\n<p>&nbsp;<\/p>\n<p>Mekl\u0113\u0161anas v\u0101rdi: Vilnas un ka\u0161mira \u0161amp\u016bns mazg\u0101\u0161anas l\u012bdzeklis<\/p>","protected":false},"excerpt":{"rendered":"<p>Izm\u0113rs: 400 ml<\/p>\n<p>SKU: cas\/car\/spr<br \/>\nZ\u012bmols: FredFloris (Ra\u017eots Zviedrij\u0101)<\/p>","protected":false},"featured_media":11882,"template":"","meta":[],"pwb-brand":[203],"product_brand":[],"product_cat":[361,362],"product_tag":[380,135],"woo-feed-brand":[],"class_list":{"0":"post-10043","1":"product","2":"type-product","3":"status-publish","4":"has-post-thumbnail","6":"pwb-brand-fredfloris","7":"product_cat-knitwear","8":"product_cat-knitwear-care-products","9":"product_tag-knitwear-care","10":"product_tag-stocked","11":"product_shipping_class-large-goods","13":"first","14":"instock","15":"taxable","16":"shipping-taxable","17":"purchasable","18":"product-type-variable"},"yoast_head":"<!-- This site is optimized with the Yoast SEO plugin v27.2 - https:\/\/yoast.com\/product\/yoast-seo-wordpress\/ -->\n<title>Cashmere \/ Wool Spray | FredFloris<\/title>\n<meta name=\"description\" content=\"Enjoy a fresh and pleasant scent with every use of our lightly fragranced cashmere spray. Our Cashmere &amp; Wool spray is made in-house.\" \/>\n<meta name=\"robots\" content=\"index, follow, max-snippet:-1, max-image-preview:large, max-video-preview:-1\" \/>\n<link rel=\"canonical\" href=\"https:\/\/fredfloris.eu\/lv\/productpage\/cashmere-wool-spray\/?wmc-currency=EUR\" \/>\n<meta property=\"og:locale\" content=\"lv_LV\" \/>\n<meta property=\"og:type\" content=\"article\" \/>\n<meta property=\"og:title\" content=\"Cashmere \/ Wool Spray | FredFloris\" \/>\n<meta property=\"og:description\" content=\"Enjoy a fresh and pleasant scent with every use of our lightly fragranced cashmere spray. Our Cashmere &amp; Wool spray is made in-house.\" \/>\n<meta property=\"og:url\" content=\"https:\/\/fredfloris.eu\/lv\/productpage\/cashmere-wool-spray\/?wmc-currency=EUR\" \/>\n<meta property=\"og:site_name\" content=\"FredFloris\" \/>\n<meta property=\"article:publisher\" content=\"https:\/\/www.facebook.com\/FredFloris.Artisan.Studio\/\" \/>\n<meta property=\"article:modified_time\" content=\"2025-05-25T14:35:40+00:00\" \/>\n<meta property=\"og:image\" content=\"https:\/\/fredfloris.eu\/wp-content\/uploads\/2025\/02\/IMG_6482-scaled.jpg\" \/>\n\t<meta property=\"og:image:width\" content=\"2560\" \/>\n\t<meta property=\"og:image:height\" content=\"1707\" \/>\n\t<meta property=\"og:image:type\" content=\"image\/jpeg\" \/>\n<meta name=\"twitter:card\" content=\"summary_large_image\" \/>\n<meta name=\"twitter:site\" content=\"@_fredfloris_\" \/>\n<meta name=\"twitter:label1\" content=\"Est. reading time\" \/>\n\t<meta name=\"twitter:data1\" content=\"2 min\u016btes\" \/>\n<script type=\"application\/ld+json\" class=\"yoast-schema-graph\">{\"@context\":\"https:\/\/schema.org\",\"@graph\":[{\"@type\":\"WebPage\",\"@id\":\"https:\/\/fredfloris.eu\/productpage\/cashmere-wool-spray\/\",\"url\":\"https:\/\/fredfloris.eu\/productpage\/cashmere-wool-spray\/\",\"name\":\"Cashmere \/ Wool Spray | FredFloris\",\"isPartOf\":{\"@id\":\"https:\/\/fredfloris.eu\/#website\"},\"primaryImageOfPage\":{\"@id\":\"https:\/\/fredfloris.eu\/productpage\/cashmere-wool-spray\/#primaryimage\"},\"image\":{\"@id\":\"https:\/\/fredfloris.eu\/productpage\/cashmere-wool-spray\/#primaryimage\"},\"thumbnailUrl\":\"https:\/\/fredfloris.eu\/wp-content\/uploads\/2025\/02\/IMG_6482-scaled.jpg\",\"datePublished\":\"2022-10-10T15:33:04+00:00\",\"dateModified\":\"2025-05-25T14:35:40+00:00\",\"description\":\"Enjoy a fresh and pleasant scent with every use of our lightly fragranced cashmere spray. Our Cashmere & Wool spray is made in-house.\",\"breadcrumb\":{\"@id\":\"https:\/\/fredfloris.eu\/productpage\/cashmere-wool-spray\/#breadcrumb\"},\"inLanguage\":\"lv-LV\",\"potentialAction\":[{\"@type\":\"ReadAction\",\"target\":[\"https:\/\/fredfloris.eu\/productpage\/cashmere-wool-spray\/\"]}]},{\"@type\":\"ImageObject\",\"inLanguage\":\"lv-LV\",\"@id\":\"https:\/\/fredfloris.eu\/productpage\/cashmere-wool-spray\/#primaryimage\",\"url\":\"https:\/\/fredfloris.eu\/wp-content\/uploads\/2025\/02\/IMG_6482-scaled.jpg\",\"contentUrl\":\"https:\/\/fredfloris.eu\/wp-content\/uploads\/2025\/02\/IMG_6482-scaled.jpg\",\"width\":2560,\"height\":1707,\"caption\":\"Product: Cashmere \/ Wool Spray\"},{\"@type\":\"BreadcrumbList\",\"@id\":\"https:\/\/fredfloris.eu\/productpage\/cashmere-wool-spray\/#breadcrumb\",\"itemListElement\":[{\"@type\":\"ListItem\",\"position\":1,\"name\":\"Home\",\"item\":\"https:\/\/fredfloris.eu\/\"},{\"@type\":\"ListItem\",\"position\":2,\"name\":\"Shop\",\"item\":\"https:\/\/fredfloris.eu\/shop\/\"},{\"@type\":\"ListItem\",\"position\":3,\"name\":\"Cashmere \/ Wool Spray\"}]},{\"@type\":\"WebSite\",\"@id\":\"https:\/\/fredfloris.eu\/#website\",\"url\":\"https:\/\/fredfloris.eu\/\",\"name\":\"FredFloris\",\"description\":\"Handcrafted Leathergoods - Made in Sweden\",\"publisher\":{\"@id\":\"https:\/\/fredfloris.eu\/#organization\"},\"potentialAction\":[{\"@type\":\"SearchAction\",\"target\":{\"@type\":\"EntryPoint\",\"urlTemplate\":\"https:\/\/fredfloris.eu\/?s={search_term_string}\"},\"query-input\":{\"@type\":\"PropertyValueSpecification\",\"valueRequired\":true,\"valueName\":\"search_term_string\"}}],\"inLanguage\":\"lv-LV\"},{\"@type\":\"Organization\",\"@id\":\"https:\/\/fredfloris.eu\/#organization\",\"name\":\"FredFloris\",\"url\":\"https:\/\/fredfloris.eu\/\",\"logo\":{\"@type\":\"ImageObject\",\"inLanguage\":\"lv-LV\",\"@id\":\"https:\/\/fredfloris.eu\/#\/schema\/logo\/image\/\",\"url\":\"https:\/\/fredfloris.eu\/wp-content\/uploads\/2022\/03\/FredFloris-med-hel-nal-och-text.png\",\"contentUrl\":\"https:\/\/fredfloris.eu\/wp-content\/uploads\/2022\/03\/FredFloris-med-hel-nal-och-text.png\",\"width\":591,\"height\":283,\"caption\":\"FredFloris\"},\"image\":{\"@id\":\"https:\/\/fredfloris.eu\/#\/schema\/logo\/image\/\"},\"sameAs\":[\"https:\/\/www.facebook.com\/FredFloris.Artisan.Studio\/\",\"https:\/\/x.com\/_fredfloris_\",\"https:\/\/www.instagram.com\/fredfloris.artisan.studio\/\"]}]}<\/script>\n<!-- \/ Yoast SEO plugin. -->","yoast_head_json":{"title":"Ka\u0161mira \/ vilnas aerosols | FredFloris","description":"Izbaudiet svaigu un pat\u012bkamu arom\u0101tu ar katru m\u016bsu viegli aromatiz\u0113t\u0101 ka\u0161mira aerosola lieto\u0161anas reizi. M\u016bsu ka\u0161mira un vilnas aerosols tiek ra\u017eots pa\u0161u sp\u0113kiem.","robots":{"index":"index","follow":"follow","max-snippet":"max-snippet:-1","max-image-preview":"max-image-preview:large","max-video-preview":"max-video-preview:-1"},"canonical":"https:\/\/fredfloris.eu\/lv\/productpage\/cashmere-wool-spray\/?wmc-currency=EUR","og_locale":"lv_LV","og_type":"article","og_title":"Cashmere \/ Wool Spray | FredFloris","og_description":"Enjoy a fresh and pleasant scent with every use of our lightly fragranced cashmere spray. Our Cashmere & Wool spray is made in-house.","og_url":"https:\/\/fredfloris.eu\/lv\/productpage\/cashmere-wool-spray\/?wmc-currency=EUR","og_site_name":"FredFloris","article_publisher":"https:\/\/www.facebook.com\/FredFloris.Artisan.Studio\/","article_modified_time":"2025-05-25T14:35:40+00:00","og_image":[{"width":2560,"height":1707,"url":"https:\/\/fredfloris.eu\/wp-content\/uploads\/2025\/02\/IMG_6482-scaled.jpg","type":"image\/jpeg"}],"twitter_card":"summary_large_image","twitter_site":"@_fredfloris_","twitter_misc":{"Est. reading time":"2 min\u016btes"},"schema":{"@context":"https:\/\/schema.org","@graph":[{"@type":"WebPage","@id":"https:\/\/fredfloris.eu\/productpage\/cashmere-wool-spray\/","url":"https:\/\/fredfloris.eu\/productpage\/cashmere-wool-spray\/","name":"Ka\u0161mira \/ vilnas aerosols | FredFloris","isPartOf":{"@id":"https:\/\/fredfloris.eu\/#website"},"primaryImageOfPage":{"@id":"https:\/\/fredfloris.eu\/productpage\/cashmere-wool-spray\/#primaryimage"},"image":{"@id":"https:\/\/fredfloris.eu\/productpage\/cashmere-wool-spray\/#primaryimage"},"thumbnailUrl":"https:\/\/fredfloris.eu\/wp-content\/uploads\/2025\/02\/IMG_6482-scaled.jpg","datePublished":"2022-10-10T15:33:04+00:00","dateModified":"2025-05-25T14:35:40+00:00","description":"Izbaudiet svaigu un pat\u012bkamu arom\u0101tu ar katru m\u016bsu viegli aromatiz\u0113t\u0101 ka\u0161mira aerosola lieto\u0161anas reizi. M\u016bsu ka\u0161mira un vilnas aerosols tiek ra\u017eots pa\u0161u sp\u0113kiem.","breadcrumb":{"@id":"https:\/\/fredfloris.eu\/productpage\/cashmere-wool-spray\/#breadcrumb"},"inLanguage":"lv-LV","potentialAction":[{"@type":"ReadAction","target":["https:\/\/fredfloris.eu\/productpage\/cashmere-wool-spray\/"]}]},{"@type":"ImageObject","inLanguage":"lv-LV","@id":"https:\/\/fredfloris.eu\/productpage\/cashmere-wool-spray\/#primaryimage","url":"https:\/\/fredfloris.eu\/wp-content\/uploads\/2025\/02\/IMG_6482-scaled.jpg","contentUrl":"https:\/\/fredfloris.eu\/wp-content\/uploads\/2025\/02\/IMG_6482-scaled.jpg","width":2560,"height":1707,"caption":"Product: Cashmere \/ Wool Spray"},{"@type":"BreadcrumbList","@id":"https:\/\/fredfloris.eu\/productpage\/cashmere-wool-spray\/#breadcrumb","itemListElement":[{"@type":"ListItem","position":1,"name":"Home","item":"https:\/\/fredfloris.eu\/"},{"@type":"ListItem","position":2,"name":"Shop","item":"https:\/\/fredfloris.eu\/shop\/"},{"@type":"ListItem","position":3,"name":"Cashmere \/ Wool Spray"}]},{"@type":"WebSite","@id":"https:\/\/fredfloris.eu\/#website","url":"https:\/\/fredfloris.eu\/","name":"FredFloris","description":"Ar rok\u0101m darin\u0101ti \u0101das izstr\u0101d\u0101jumi - Ra\u017eots Zviedrij\u0101","publisher":{"@id":"https:\/\/fredfloris.eu\/#organization"},"potentialAction":[{"@type":"SearchAction","target":{"@type":"EntryPoint","urlTemplate":"https:\/\/fredfloris.eu\/?s={search_term_string}"},"query-input":{"@type":"PropertyValueSpecification","valueRequired":true,"valueName":"search_term_string"}}],"inLanguage":"lv-LV"},{"@type":"Organization","@id":"https:\/\/fredfloris.eu\/#organization","name":"FredFloris","url":"https:\/\/fredfloris.eu\/","logo":{"@type":"ImageObject","inLanguage":"lv-LV","@id":"https:\/\/fredfloris.eu\/#\/schema\/logo\/image\/","url":"https:\/\/fredfloris.eu\/wp-content\/uploads\/2022\/03\/FredFloris-med-hel-nal-och-text.png","contentUrl":"https:\/\/fredfloris.eu\/wp-content\/uploads\/2022\/03\/FredFloris-med-hel-nal-och-text.png","width":591,"height":283,"caption":"FredFloris"},"image":{"@id":"https:\/\/fredfloris.eu\/#\/schema\/logo\/image\/"},"sameAs":["https:\/\/www.facebook.com\/FredFloris.Artisan.Studio\/","https:\/\/x.com\/_fredfloris_","https:\/\/www.instagram.com\/fredfloris.artisan.studio\/"]}]}},"brands":[{"id":203,"name":"FredFloris","slug":"fredfloris"}],"_links":{"self":[{"href":"https:\/\/fredfloris.eu\/lv\/wp-json\/wp\/v2\/product\/10043","targetHints":{"allow":["GET"]}}],"collection":[{"href":"https:\/\/fredfloris.eu\/lv\/wp-json\/wp\/v2\/product"}],"about":[{"href":"https:\/\/fredfloris.eu\/lv\/wp-json\/wp\/v2\/types\/product"}],"version-history":[{"count":20,"href":"https:\/\/fredfloris.eu\/lv\/wp-json\/wp\/v2\/product\/10043\/revisions"}],"predecessor-version":[{"id":12161,"href":"https:\/\/fredfloris.eu\/lv\/wp-json\/wp\/v2\/product\/10043\/revisions\/12161"}],"wp:featuredmedia":[{"embeddable":true,"href":"https:\/\/fredfloris.eu\/lv\/wp-json\/wp\/v2\/media\/11882"}],"wp:attachment":[{"href":"https:\/\/fredfloris.eu\/lv\/wp-json\/wp\/v2\/media?parent=10043"}],"wp:term":[{"taxonomy":"pwb-brand","embeddable":true,"href":"https:\/\/fredfloris.eu\/lv\/wp-json\/wp\/v2\/pwb-brand?post=10043"},{"taxonomy":"product_brand","embeddable":true,"href":"https:\/\/fredfloris.eu\/lv\/wp-json\/wp\/v2\/product_brand?post=10043"},{"taxonomy":"product_cat","embeddable":true,"href":"https:\/\/fredfloris.eu\/lv\/wp-json\/wp\/v2\/product_cat?post=10043"},{"taxonomy":"product_tag","embeddable":true,"href":"https:\/\/fredfloris.eu\/lv\/wp-json\/wp\/v2\/product_tag?post=10043"},{"taxonomy":"woo-feed-brand","embeddable":true,"href":"https:\/\/fredfloris.eu\/lv\/wp-json\/wp\/v2\/woo-feed-brand?post=10043"}],"curies":[{"name":"wp","href":"https:\/\/api.w.org\/{rel}","templated":true}]}}