{"id":10050,"date":"2022-10-10T17:33:02","date_gmt":"2022-10-10T15:33:02","guid":{"rendered":"https:\/\/fredfloris.eu\/?post_type=product&#038;p=10050"},"modified":"2024-07-23T20:05:03","modified_gmt":"2024-07-23T18:05:03","slug":"natural-stain-removing-bile-soap","status":"publish","type":"product","link":"https:\/\/fredfloris.eu\/lv\/productpage\/natural-stain-removing-bile-soap\/","title":{"rendered":"Dabas traipu no\u0146em\u0161ana Bile ziepes"},"content":{"rendered":"<p><strong>\u0160\u012bs traipus likvid\u0113jo\u0161\u0101s \u017eults ziepes efekt\u012bvi c\u012bn\u0101s ar e\u013c\u013cas, tauku, z\u0101les un aug\u013cu traipiem. Tas ir iztur\u012bgs pret traipiem, bet saudz\u012bgs pret vidi.<\/strong><\/p>\n<p>\u017dults ziepes ir lieliska izv\u0113le videi draudz\u012bgiem lietot\u0101jiem. T\u0101 sast\u0101v\u0101 ir tikai dab\u012bgas sast\u0101vda\u013cas - nav \u0137\u012bmisku vielu, smar\u017evielu vai konservantu, k\u0101 ar\u012b \u0123en\u0113tiski modific\u0113tu materi\u0101lu. \u0160\u012bs ziepes ir 100% biolo\u0123iski no\u0101rd\u0101mas un sertific\u0113tas k\u0101 \u201cLaba izv\u0113le videi\u201d, kas nodro\u0161ina to atbilst\u012bbu augstiem vides standartiem. Ziepju sast\u0101v\u0101 ir palmu e\u013c\u013cas, kas ieg\u016btas no god\u012bgas tirdzniec\u012bbas projektiem Braz\u012blij\u0101 un Dominik\u0101nas Republik\u0101, t\u0101d\u0113j\u0101di nodro\u0161inot, ka netiek veicin\u0101ta me\u017eu izcir\u0161ana.<\/p>\n<p>Ziepju der\u012bguma termi\u0146\u0161 ir neierobe\u017eots, jo formulas sast\u0101v\u0101 eso\u0161\u0101 v\u0113r\u0161a \u017eults nov\u0113r\u0161 mikroorganismu aug\u0161anu.<\/p>\n<p><strong>K\u0101 tas darbojas:<\/strong> \u0160o ziepju efektivit\u0101ti nodro\u0161ina v\u0113r\u0161a \u017eults, kas ir dabisks ga\u013cas r\u016bpniec\u012bbas blakusprodukts, kur\u0161 lieliski \u0161\u0137e\u013c taukus. Tikai \u017eults ziepju ra\u017eo\u0161anai netiek nodar\u012bts kait\u0113jums dz\u012bvniekiem.<\/p>\n<p><strong>Produkta specifik\u0101cijas:<\/strong><\/p>\n<ul>\n<li><strong>100% Biolo\u0123iski no\u0101rd\u0101mie<\/strong><\/li>\n<li><strong>Sertific\u0113ta laba vides izv\u0113le<\/strong><\/li>\n<li><strong>Izm\u0113rs:<\/strong> 100g<\/li>\n<li><strong>Ra\u017eots V\u0101cij\u0101<\/strong><\/li>\n<li><strong>\u0160is produkts nav test\u0113ts uz dz\u012bvniekiem<\/strong><\/li>\n<\/ul>\n<p>&nbsp;<\/p>\n<p>\u0160is traipu t\u012br\u012bt\u0101js ir atbild\u012bga izv\u0113le, lai c\u012bn\u012btos ar smagiem traipiem, vienlaikus saudz\u0113jot plan\u0113tu.<\/p>\n<p>\u0160o produktu var ieg\u0101d\u0101ties ar\u012b k\u0101 da\u013cu no m\u016bsu <a href=\"https:\/\/fredfloris.eu\/lv\/productpage\/cashmere-care-kit\/?wmc-currency=EUR\">Kop\u0161anas komplekts<\/a><\/p>\n<p>&nbsp;<\/p>\n<p>Mekl\u0113\u0161anas v\u0101rdi: M\u012bksts vilnas mazg\u0101\u0161anas l\u012bdzeklis, traipu t\u012br\u012bt\u0101js, dab\u012bgas organisk\u0101s ziepes<\/p>","protected":false},"excerpt":{"rendered":"<p>SKU: mil\/car\/bil<br \/>\nZ\u012bmols: Galltv\u00e5l Sverige AB<\/p>","protected":false},"featured_media":10020,"template":"","meta":[],"pwb-brand":[],"product_brand":[],"product_cat":[361,362],"product_tag":[380,135],"woo-feed-brand":[],"class_list":{"0":"post-10050","1":"product","2":"type-product","3":"status-publish","4":"has-post-thumbnail","6":"product_cat-knitwear","7":"product_cat-knitwear-care-products","8":"product_tag-knitwear-care","9":"product_tag-stocked","10":"product_shipping_class-midsized-goods","12":"first","13":"instock","14":"taxable","15":"shipping-taxable","16":"purchasable","17":"product-type-simple"},"yoast_head":"<!-- This site is optimized with the Yoast SEO plugin v27.2 - https:\/\/yoast.com\/product\/yoast-seo-wordpress\/ -->\n<title>Natural Stain Removing Bile Soap | FredFloris<\/title>\n<meta name=\"description\" content=\"Our Bile Soap Bar is tough on stains while staying kind on the environment. An organic and natural stain remover soap, used as a wool wash detergent.\" \/>\n<meta name=\"robots\" content=\"index, follow, max-snippet:-1, max-image-preview:large, max-video-preview:-1\" \/>\n<link rel=\"canonical\" href=\"https:\/\/fredfloris.eu\/lv\/productpage\/natural-stain-removing-bile-soap\/?wmc-currency=EUR\" \/>\n<meta property=\"og:locale\" content=\"lv_LV\" \/>\n<meta property=\"og:type\" content=\"article\" \/>\n<meta property=\"og:title\" content=\"Natural Stain Removing Bile Soap | FredFloris\" \/>\n<meta property=\"og:description\" content=\"Our Bile Soap Bar is tough on stains while staying kind on the environment. An organic and natural stain remover soap, used as a wool wash detergent.\" \/>\n<meta property=\"og:url\" content=\"https:\/\/fredfloris.eu\/lv\/productpage\/natural-stain-removing-bile-soap\/?wmc-currency=EUR\" \/>\n<meta property=\"og:site_name\" content=\"FredFloris\" \/>\n<meta property=\"article:publisher\" content=\"https:\/\/www.facebook.com\/FredFloris.Artisan.Studio\/\" \/>\n<meta property=\"article:modified_time\" content=\"2024-07-23T18:05:03+00:00\" \/>\n<meta property=\"og:image\" content=\"https:\/\/fredfloris.eu\/wp-content\/uploads\/2022\/10\/IMG_3617-scaled.jpg\" \/>\n\t<meta property=\"og:image:width\" content=\"2560\" \/>\n\t<meta property=\"og:image:height\" content=\"1707\" \/>\n\t<meta property=\"og:image:type\" content=\"image\/jpeg\" \/>\n<meta name=\"twitter:card\" content=\"summary_large_image\" \/>\n<meta name=\"twitter:site\" content=\"@_fredfloris_\" \/>\n<meta name=\"twitter:label1\" content=\"Est. reading time\" \/>\n\t<meta name=\"twitter:data1\" content=\"2 min\u016btes\" \/>\n<script type=\"application\/ld+json\" class=\"yoast-schema-graph\">{\"@context\":\"https:\/\/schema.org\",\"@graph\":[{\"@type\":\"WebPage\",\"@id\":\"https:\/\/fredfloris.eu\/productpage\/natural-stain-removing-bile-soap\/\",\"url\":\"https:\/\/fredfloris.eu\/productpage\/natural-stain-removing-bile-soap\/\",\"name\":\"Natural Stain Removing Bile Soap | FredFloris\",\"isPartOf\":{\"@id\":\"https:\/\/fredfloris.eu\/#website\"},\"primaryImageOfPage\":{\"@id\":\"https:\/\/fredfloris.eu\/productpage\/natural-stain-removing-bile-soap\/#primaryimage\"},\"image\":{\"@id\":\"https:\/\/fredfloris.eu\/productpage\/natural-stain-removing-bile-soap\/#primaryimage\"},\"thumbnailUrl\":\"https:\/\/fredfloris.eu\/wp-content\/uploads\/2022\/10\/IMG_3617-scaled.jpg\",\"datePublished\":\"2022-10-10T15:33:02+00:00\",\"dateModified\":\"2024-07-23T18:05:03+00:00\",\"description\":\"Our Bile Soap Bar is tough on stains while staying kind on the environment. An organic and natural stain remover soap, used as a wool wash detergent.\",\"breadcrumb\":{\"@id\":\"https:\/\/fredfloris.eu\/productpage\/natural-stain-removing-bile-soap\/#breadcrumb\"},\"inLanguage\":\"lv-LV\",\"potentialAction\":[{\"@type\":\"ReadAction\",\"target\":[\"https:\/\/fredfloris.eu\/productpage\/natural-stain-removing-bile-soap\/\"]}]},{\"@type\":\"ImageObject\",\"inLanguage\":\"lv-LV\",\"@id\":\"https:\/\/fredfloris.eu\/productpage\/natural-stain-removing-bile-soap\/#primaryimage\",\"url\":\"https:\/\/fredfloris.eu\/wp-content\/uploads\/2022\/10\/IMG_3617-scaled.jpg\",\"contentUrl\":\"https:\/\/fredfloris.eu\/wp-content\/uploads\/2022\/10\/IMG_3617-scaled.jpg\",\"width\":2560,\"height\":1707,\"caption\":\"Product: Mild Natural Bile Soap\"},{\"@type\":\"BreadcrumbList\",\"@id\":\"https:\/\/fredfloris.eu\/productpage\/natural-stain-removing-bile-soap\/#breadcrumb\",\"itemListElement\":[{\"@type\":\"ListItem\",\"position\":1,\"name\":\"Home\",\"item\":\"https:\/\/fredfloris.eu\/\"},{\"@type\":\"ListItem\",\"position\":2,\"name\":\"Shop\",\"item\":\"https:\/\/fredfloris.eu\/shop\/\"},{\"@type\":\"ListItem\",\"position\":3,\"name\":\"Natural Stain Removing Bile Soap\"}]},{\"@type\":\"WebSite\",\"@id\":\"https:\/\/fredfloris.eu\/#website\",\"url\":\"https:\/\/fredfloris.eu\/\",\"name\":\"FredFloris\",\"description\":\"Handcrafted Leathergoods - Made in Sweden\",\"publisher\":{\"@id\":\"https:\/\/fredfloris.eu\/#organization\"},\"potentialAction\":[{\"@type\":\"SearchAction\",\"target\":{\"@type\":\"EntryPoint\",\"urlTemplate\":\"https:\/\/fredfloris.eu\/?s={search_term_string}\"},\"query-input\":{\"@type\":\"PropertyValueSpecification\",\"valueRequired\":true,\"valueName\":\"search_term_string\"}}],\"inLanguage\":\"lv-LV\"},{\"@type\":\"Organization\",\"@id\":\"https:\/\/fredfloris.eu\/#organization\",\"name\":\"FredFloris\",\"url\":\"https:\/\/fredfloris.eu\/\",\"logo\":{\"@type\":\"ImageObject\",\"inLanguage\":\"lv-LV\",\"@id\":\"https:\/\/fredfloris.eu\/#\/schema\/logo\/image\/\",\"url\":\"https:\/\/fredfloris.eu\/wp-content\/uploads\/2022\/03\/FredFloris-med-hel-nal-och-text.png\",\"contentUrl\":\"https:\/\/fredfloris.eu\/wp-content\/uploads\/2022\/03\/FredFloris-med-hel-nal-och-text.png\",\"width\":591,\"height\":283,\"caption\":\"FredFloris\"},\"image\":{\"@id\":\"https:\/\/fredfloris.eu\/#\/schema\/logo\/image\/\"},\"sameAs\":[\"https:\/\/www.facebook.com\/FredFloris.Artisan.Studio\/\",\"https:\/\/x.com\/_fredfloris_\",\"https:\/\/www.instagram.com\/fredfloris.artisan.studio\/\"]}]}<\/script>\n<!-- \/ Yoast SEO plugin. -->","yoast_head_json":{"title":"Dabas traipu no\u0146em\u0161anas ziepes | FredFloris","description":"M\u016bsu Bile ziepju b\u0101rs ir iztur\u012bgs pret traipiem, vienlaikus saudz\u0113jot vidi. Organiskas un dab\u012bgas ziepes traipu no\u0146em\u0161anai, ko izmanto k\u0101 vilnas mazg\u0101\u0161anas l\u012bdzekli.","robots":{"index":"index","follow":"follow","max-snippet":"max-snippet:-1","max-image-preview":"max-image-preview:large","max-video-preview":"max-video-preview:-1"},"canonical":"https:\/\/fredfloris.eu\/lv\/productpage\/natural-stain-removing-bile-soap\/?wmc-currency=EUR","og_locale":"lv_LV","og_type":"article","og_title":"Natural Stain Removing Bile Soap | FredFloris","og_description":"Our Bile Soap Bar is tough on stains while staying kind on the environment. An organic and natural stain remover soap, used as a wool wash detergent.","og_url":"https:\/\/fredfloris.eu\/lv\/productpage\/natural-stain-removing-bile-soap\/?wmc-currency=EUR","og_site_name":"FredFloris","article_publisher":"https:\/\/www.facebook.com\/FredFloris.Artisan.Studio\/","article_modified_time":"2024-07-23T18:05:03+00:00","og_image":[{"width":2560,"height":1707,"url":"https:\/\/fredfloris.eu\/wp-content\/uploads\/2022\/10\/IMG_3617-scaled.jpg","type":"image\/jpeg"}],"twitter_card":"summary_large_image","twitter_site":"@_fredfloris_","twitter_misc":{"Est. reading time":"2 min\u016btes"},"schema":{"@context":"https:\/\/schema.org","@graph":[{"@type":"WebPage","@id":"https:\/\/fredfloris.eu\/productpage\/natural-stain-removing-bile-soap\/","url":"https:\/\/fredfloris.eu\/productpage\/natural-stain-removing-bile-soap\/","name":"Dabas traipu no\u0146em\u0161anas ziepes | FredFloris","isPartOf":{"@id":"https:\/\/fredfloris.eu\/#website"},"primaryImageOfPage":{"@id":"https:\/\/fredfloris.eu\/productpage\/natural-stain-removing-bile-soap\/#primaryimage"},"image":{"@id":"https:\/\/fredfloris.eu\/productpage\/natural-stain-removing-bile-soap\/#primaryimage"},"thumbnailUrl":"https:\/\/fredfloris.eu\/wp-content\/uploads\/2022\/10\/IMG_3617-scaled.jpg","datePublished":"2022-10-10T15:33:02+00:00","dateModified":"2024-07-23T18:05:03+00:00","description":"M\u016bsu Bile ziepju b\u0101rs ir iztur\u012bgs pret traipiem, vienlaikus saudz\u0113jot vidi. Organiskas un dab\u012bgas ziepes traipu no\u0146em\u0161anai, ko izmanto k\u0101 vilnas mazg\u0101\u0161anas l\u012bdzekli.","breadcrumb":{"@id":"https:\/\/fredfloris.eu\/productpage\/natural-stain-removing-bile-soap\/#breadcrumb"},"inLanguage":"lv-LV","potentialAction":[{"@type":"ReadAction","target":["https:\/\/fredfloris.eu\/productpage\/natural-stain-removing-bile-soap\/"]}]},{"@type":"ImageObject","inLanguage":"lv-LV","@id":"https:\/\/fredfloris.eu\/productpage\/natural-stain-removing-bile-soap\/#primaryimage","url":"https:\/\/fredfloris.eu\/wp-content\/uploads\/2022\/10\/IMG_3617-scaled.jpg","contentUrl":"https:\/\/fredfloris.eu\/wp-content\/uploads\/2022\/10\/IMG_3617-scaled.jpg","width":2560,"height":1707,"caption":"Product: Mild Natural Bile Soap"},{"@type":"BreadcrumbList","@id":"https:\/\/fredfloris.eu\/productpage\/natural-stain-removing-bile-soap\/#breadcrumb","itemListElement":[{"@type":"ListItem","position":1,"name":"Home","item":"https:\/\/fredfloris.eu\/"},{"@type":"ListItem","position":2,"name":"Shop","item":"https:\/\/fredfloris.eu\/shop\/"},{"@type":"ListItem","position":3,"name":"Natural Stain Removing Bile Soap"}]},{"@type":"WebSite","@id":"https:\/\/fredfloris.eu\/#website","url":"https:\/\/fredfloris.eu\/","name":"FredFloris","description":"Ar rok\u0101m darin\u0101ti \u0101das izstr\u0101d\u0101jumi - Ra\u017eots Zviedrij\u0101","publisher":{"@id":"https:\/\/fredfloris.eu\/#organization"},"potentialAction":[{"@type":"SearchAction","target":{"@type":"EntryPoint","urlTemplate":"https:\/\/fredfloris.eu\/?s={search_term_string}"},"query-input":{"@type":"PropertyValueSpecification","valueRequired":true,"valueName":"search_term_string"}}],"inLanguage":"lv-LV"},{"@type":"Organization","@id":"https:\/\/fredfloris.eu\/#organization","name":"FredFloris","url":"https:\/\/fredfloris.eu\/","logo":{"@type":"ImageObject","inLanguage":"lv-LV","@id":"https:\/\/fredfloris.eu\/#\/schema\/logo\/image\/","url":"https:\/\/fredfloris.eu\/wp-content\/uploads\/2022\/03\/FredFloris-med-hel-nal-och-text.png","contentUrl":"https:\/\/fredfloris.eu\/wp-content\/uploads\/2022\/03\/FredFloris-med-hel-nal-och-text.png","width":591,"height":283,"caption":"FredFloris"},"image":{"@id":"https:\/\/fredfloris.eu\/#\/schema\/logo\/image\/"},"sameAs":["https:\/\/www.facebook.com\/FredFloris.Artisan.Studio\/","https:\/\/x.com\/_fredfloris_","https:\/\/www.instagram.com\/fredfloris.artisan.studio\/"]}]}},"brands":[],"_links":{"self":[{"href":"https:\/\/fredfloris.eu\/lv\/wp-json\/wp\/v2\/product\/10050","targetHints":{"allow":["GET"]}}],"collection":[{"href":"https:\/\/fredfloris.eu\/lv\/wp-json\/wp\/v2\/product"}],"about":[{"href":"https:\/\/fredfloris.eu\/lv\/wp-json\/wp\/v2\/types\/product"}],"version-history":[{"count":13,"href":"https:\/\/fredfloris.eu\/lv\/wp-json\/wp\/v2\/product\/10050\/revisions"}],"predecessor-version":[{"id":11578,"href":"https:\/\/fredfloris.eu\/lv\/wp-json\/wp\/v2\/product\/10050\/revisions\/11578"}],"wp:featuredmedia":[{"embeddable":true,"href":"https:\/\/fredfloris.eu\/lv\/wp-json\/wp\/v2\/media\/10020"}],"wp:attachment":[{"href":"https:\/\/fredfloris.eu\/lv\/wp-json\/wp\/v2\/media?parent=10050"}],"wp:term":[{"taxonomy":"pwb-brand","embeddable":true,"href":"https:\/\/fredfloris.eu\/lv\/wp-json\/wp\/v2\/pwb-brand?post=10050"},{"taxonomy":"product_brand","embeddable":true,"href":"https:\/\/fredfloris.eu\/lv\/wp-json\/wp\/v2\/product_brand?post=10050"},{"taxonomy":"product_cat","embeddable":true,"href":"https:\/\/fredfloris.eu\/lv\/wp-json\/wp\/v2\/product_cat?post=10050"},{"taxonomy":"product_tag","embeddable":true,"href":"https:\/\/fredfloris.eu\/lv\/wp-json\/wp\/v2\/product_tag?post=10050"},{"taxonomy":"woo-feed-brand","embeddable":true,"href":"https:\/\/fredfloris.eu\/lv\/wp-json\/wp\/v2\/woo-feed-brand?post=10050"}],"curies":[{"name":"wp","href":"https:\/\/api.w.org\/{rel}","templated":true}]}}