{"id":10055,"date":"2022-10-10T17:33:00","date_gmt":"2022-10-10T15:33:00","guid":{"rendered":"https:\/\/fredfloris.eu\/?post_type=product&#038;p=10055"},"modified":"2024-10-20T17:31:32","modified_gmt":"2024-10-20T15:31:32","slug":"horse-hair-clothes-brush","status":"publish","type":"product","link":"https:\/\/fredfloris.eu\/lv\/productpage\/horse-hair-clothes-brush\/","title":{"rendered":"Zirgu spalvas - dr\u0113bju birste"},"content":{"rendered":"<p><strong>R\u016bpes par ap\u0123\u0113rbu ir tikpat svar\u012bgas k\u0101 r\u016bpes par sevi. Pagariniet sava iecien\u012bt\u0101 trikot\u0101\u017eas ap\u0123\u0113rba m\u016b\u017eu, pareizi kopjot materi\u0101lu un saglab\u0101jot \u0161\u0137iedras. M\u016bsu smalko ap\u0123\u0113rbu birste ir lielisks risin\u0101jums ka\u0161mira kop\u0161anai, un m\u0113s iesak\u0101m to izmantot trikot\u0101\u017eas t\u012br\u012b\u0161anai.<\/strong><\/p>\n<p>M\u016bsu birstei ir m\u012bksti zirgu spalvu sari un caursp\u012bd\u012bgi lakots rokturis, kas ir skaisti izgatavots no di\u017esk\u0101bar\u017ea koka, kas ieg\u016bts no \u0160varcvaldes me\u017eiem V\u0101cij\u0101. \u0160is augstas kvalit\u0101tes r\u012bks padara j\u016bsu ap\u0123\u0113rba kop\u0161anu par taust\u0101mu un gandar\u012bjumu sniedzo\u0161u pieredzi. Izbaudiet sava trikot\u0101\u017eas ap\u0123\u0113rba grezn\u012bbu un \u013caujiet audumam justies tikpat labi k\u0101 j\u016bs, to valk\u0101jot.<\/p>\n<p><strong>Produkta specifik\u0101cijas:<\/strong><\/p>\n<ul>\n<li><strong>Materi\u0101ls:<\/strong> M\u012bksta zirgu spalva, caursp\u012bd\u012bgi lakota di\u017esk\u0101bar\u017ea koksne (viet\u0113j\u0101s izcelsmes)<\/li>\n<li>Ra\u017eots \u0160varcvald\u0113, V\u0101cij\u0101<\/li>\n<\/ul>\n<p>&nbsp;<\/p>\n<p>Zirgu matu suku var t\u012br\u012bt ar met\u0101la vai koka \u0137emmi. To var ar\u012b mazg\u0101t ar \u0161amp\u016bnu. P\u0113c mazg\u0101\u0161anas pakariet suku, lai t\u0101 iz\u017e\u016btu. Izvairieties to novietot uz sild\u012bt\u0101jiem vai l\u012bdz\u012bg\u0101m ier\u012bc\u0113m, lai \u017e\u0101v\u0113tu.<\/p>\n<p>&nbsp;<\/p>\n<p>\u0160o produktu var ieg\u0101d\u0101ties ar\u012b k\u0101 da\u013cu no m\u016bsu <a href=\"https:\/\/fredfloris.eu\/lv\/productpage\/cashmere-care-kit\/?wmc-currency=EUR\">Kop\u0161anas komplekts<\/a><\/p>\n<p>&nbsp;<\/p>\n<p>Mekl\u0113\u0161anas v\u0101rds: Zirgu matu birste audumiem un ap\u0123\u0113rbiem<\/p>","protected":false},"excerpt":{"rendered":"<p>Izm\u0113rs: 250 x 40 mm<\/p>\n<p>Svars: aptuveni 85 g<\/p>\n<p>&nbsp;<\/p>\n<p>SKU: hor\/car\/bru<br \/>\nZ\u012bmols: FredFloris &amp; Partner<\/p>","protected":false},"featured_media":10023,"template":"","meta":[],"pwb-brand":[204],"product_brand":[],"product_cat":[361,362],"product_tag":[380,135],"woo-feed-brand":[],"class_list":{"0":"post-10055","1":"product","2":"type-product","3":"status-publish","4":"has-post-thumbnail","6":"pwb-brand-fredfloris-partner","7":"product_cat-knitwear","8":"product_cat-knitwear-care-products","9":"product_tag-knitwear-care","10":"product_tag-stocked","11":"product_shipping_class-small-goods","13":"first","14":"instock","15":"taxable","16":"shipping-taxable","17":"purchasable","18":"product-type-simple"},"yoast_head":"<!-- This site is optimized with the Yoast SEO plugin v27.2 - https:\/\/yoast.com\/product\/yoast-seo-wordpress\/ -->\n<title>Horse Hair - Clothes Brush | FredFloris<\/title>\n<meta name=\"description\" content=\"Looking after your clothing is important. Our high quality Horsehair Clothes Brush helps prevent dirt build-up on fabric and clothing. Made in Germany.\" \/>\n<meta name=\"robots\" content=\"index, follow, max-snippet:-1, max-image-preview:large, max-video-preview:-1\" \/>\n<link rel=\"canonical\" href=\"https:\/\/fredfloris.eu\/lv\/productpage\/horse-hair-clothes-brush\/?wmc-currency=EUR\" \/>\n<meta property=\"og:locale\" content=\"lv_LV\" \/>\n<meta property=\"og:type\" content=\"article\" \/>\n<meta property=\"og:title\" content=\"Horse Hair - Clothes Brush | FredFloris\" \/>\n<meta property=\"og:description\" content=\"Looking after your clothing is important. Our high quality Horsehair Clothes Brush helps prevent dirt build-up on fabric and clothing. Made in Germany.\" \/>\n<meta property=\"og:url\" content=\"https:\/\/fredfloris.eu\/lv\/productpage\/horse-hair-clothes-brush\/?wmc-currency=EUR\" \/>\n<meta property=\"og:site_name\" content=\"FredFloris\" \/>\n<meta property=\"article:publisher\" content=\"https:\/\/www.facebook.com\/FredFloris.Artisan.Studio\/\" \/>\n<meta property=\"article:modified_time\" content=\"2024-10-20T15:31:32+00:00\" \/>\n<meta property=\"og:image\" content=\"https:\/\/fredfloris.eu\/wp-content\/uploads\/2022\/10\/IMG_3419-scaled.jpg\" \/>\n\t<meta property=\"og:image:width\" content=\"2560\" \/>\n\t<meta property=\"og:image:height\" content=\"1707\" \/>\n\t<meta property=\"og:image:type\" content=\"image\/jpeg\" \/>\n<meta name=\"twitter:card\" content=\"summary_large_image\" \/>\n<meta name=\"twitter:site\" content=\"@_fredfloris_\" \/>\n<meta name=\"twitter:label1\" content=\"Est. reading time\" \/>\n\t<meta name=\"twitter:data1\" content=\"1 min\u016bte\" \/>\n<script type=\"application\/ld+json\" class=\"yoast-schema-graph\">{\"@context\":\"https:\/\/schema.org\",\"@graph\":[{\"@type\":\"WebPage\",\"@id\":\"https:\/\/fredfloris.eu\/productpage\/horse-hair-clothes-brush\/\",\"url\":\"https:\/\/fredfloris.eu\/productpage\/horse-hair-clothes-brush\/\",\"name\":\"Horse Hair - Clothes Brush | FredFloris\",\"isPartOf\":{\"@id\":\"https:\/\/fredfloris.eu\/#website\"},\"primaryImageOfPage\":{\"@id\":\"https:\/\/fredfloris.eu\/productpage\/horse-hair-clothes-brush\/#primaryimage\"},\"image\":{\"@id\":\"https:\/\/fredfloris.eu\/productpage\/horse-hair-clothes-brush\/#primaryimage\"},\"thumbnailUrl\":\"https:\/\/fredfloris.eu\/wp-content\/uploads\/2022\/10\/IMG_3419-scaled.jpg\",\"datePublished\":\"2022-10-10T15:33:00+00:00\",\"dateModified\":\"2024-10-20T15:31:32+00:00\",\"description\":\"Looking after your clothing is important. Our high quality Horsehair Clothes Brush helps prevent dirt build-up on fabric and clothing. Made in Germany.\",\"breadcrumb\":{\"@id\":\"https:\/\/fredfloris.eu\/productpage\/horse-hair-clothes-brush\/#breadcrumb\"},\"inLanguage\":\"lv-LV\",\"potentialAction\":[{\"@type\":\"ReadAction\",\"target\":[\"https:\/\/fredfloris.eu\/productpage\/horse-hair-clothes-brush\/\"]}]},{\"@type\":\"ImageObject\",\"inLanguage\":\"lv-LV\",\"@id\":\"https:\/\/fredfloris.eu\/productpage\/horse-hair-clothes-brush\/#primaryimage\",\"url\":\"https:\/\/fredfloris.eu\/wp-content\/uploads\/2022\/10\/IMG_3419-scaled.jpg\",\"contentUrl\":\"https:\/\/fredfloris.eu\/wp-content\/uploads\/2022\/10\/IMG_3419-scaled.jpg\",\"width\":2560,\"height\":1707,\"caption\":\"Product: Clothes Brush\"},{\"@type\":\"BreadcrumbList\",\"@id\":\"https:\/\/fredfloris.eu\/productpage\/horse-hair-clothes-brush\/#breadcrumb\",\"itemListElement\":[{\"@type\":\"ListItem\",\"position\":1,\"name\":\"Home\",\"item\":\"https:\/\/fredfloris.eu\/\"},{\"@type\":\"ListItem\",\"position\":2,\"name\":\"Shop\",\"item\":\"https:\/\/fredfloris.eu\/shop\/\"},{\"@type\":\"ListItem\",\"position\":3,\"name\":\"Horse Hair &#8211; Clothes Brush\"}]},{\"@type\":\"WebSite\",\"@id\":\"https:\/\/fredfloris.eu\/#website\",\"url\":\"https:\/\/fredfloris.eu\/\",\"name\":\"FredFloris\",\"description\":\"Handcrafted Leathergoods - Made in Sweden\",\"publisher\":{\"@id\":\"https:\/\/fredfloris.eu\/#organization\"},\"potentialAction\":[{\"@type\":\"SearchAction\",\"target\":{\"@type\":\"EntryPoint\",\"urlTemplate\":\"https:\/\/fredfloris.eu\/?s={search_term_string}\"},\"query-input\":{\"@type\":\"PropertyValueSpecification\",\"valueRequired\":true,\"valueName\":\"search_term_string\"}}],\"inLanguage\":\"lv-LV\"},{\"@type\":\"Organization\",\"@id\":\"https:\/\/fredfloris.eu\/#organization\",\"name\":\"FredFloris\",\"url\":\"https:\/\/fredfloris.eu\/\",\"logo\":{\"@type\":\"ImageObject\",\"inLanguage\":\"lv-LV\",\"@id\":\"https:\/\/fredfloris.eu\/#\/schema\/logo\/image\/\",\"url\":\"https:\/\/fredfloris.eu\/wp-content\/uploads\/2022\/03\/FredFloris-med-hel-nal-och-text.png\",\"contentUrl\":\"https:\/\/fredfloris.eu\/wp-content\/uploads\/2022\/03\/FredFloris-med-hel-nal-och-text.png\",\"width\":591,\"height\":283,\"caption\":\"FredFloris\"},\"image\":{\"@id\":\"https:\/\/fredfloris.eu\/#\/schema\/logo\/image\/\"},\"sameAs\":[\"https:\/\/www.facebook.com\/FredFloris.Artisan.Studio\/\",\"https:\/\/x.com\/_fredfloris_\",\"https:\/\/www.instagram.com\/fredfloris.artisan.studio\/\"]}]}<\/script>\n<!-- \/ Yoast SEO plugin. -->","yoast_head_json":{"title":"Zirgu spalvas - dr\u0113bju birste | FredFloris","description":"Ir svar\u012bgi r\u016bp\u0113ties par ap\u0123\u0113rbu. M\u016bsu augstas kvalit\u0101tes zirga astriem apmatojuma birste pal\u012bdz nov\u0113rst net\u012brumu uzkr\u0101\u0161anos uz auduma un ap\u0123\u0113rba. Ra\u017eots V\u0101cij\u0101.","robots":{"index":"index","follow":"follow","max-snippet":"max-snippet:-1","max-image-preview":"max-image-preview:large","max-video-preview":"max-video-preview:-1"},"canonical":"https:\/\/fredfloris.eu\/lv\/productpage\/horse-hair-clothes-brush\/?wmc-currency=EUR","og_locale":"lv_LV","og_type":"article","og_title":"Horse Hair - Clothes Brush | FredFloris","og_description":"Looking after your clothing is important. Our high quality Horsehair Clothes Brush helps prevent dirt build-up on fabric and clothing. Made in Germany.","og_url":"https:\/\/fredfloris.eu\/lv\/productpage\/horse-hair-clothes-brush\/?wmc-currency=EUR","og_site_name":"FredFloris","article_publisher":"https:\/\/www.facebook.com\/FredFloris.Artisan.Studio\/","article_modified_time":"2024-10-20T15:31:32+00:00","og_image":[{"width":2560,"height":1707,"url":"https:\/\/fredfloris.eu\/wp-content\/uploads\/2022\/10\/IMG_3419-scaled.jpg","type":"image\/jpeg"}],"twitter_card":"summary_large_image","twitter_site":"@_fredfloris_","twitter_misc":{"Est. reading time":"1 min\u016bte"},"schema":{"@context":"https:\/\/schema.org","@graph":[{"@type":"WebPage","@id":"https:\/\/fredfloris.eu\/productpage\/horse-hair-clothes-brush\/","url":"https:\/\/fredfloris.eu\/productpage\/horse-hair-clothes-brush\/","name":"Zirgu spalvas - dr\u0113bju birste | FredFloris","isPartOf":{"@id":"https:\/\/fredfloris.eu\/#website"},"primaryImageOfPage":{"@id":"https:\/\/fredfloris.eu\/productpage\/horse-hair-clothes-brush\/#primaryimage"},"image":{"@id":"https:\/\/fredfloris.eu\/productpage\/horse-hair-clothes-brush\/#primaryimage"},"thumbnailUrl":"https:\/\/fredfloris.eu\/wp-content\/uploads\/2022\/10\/IMG_3419-scaled.jpg","datePublished":"2022-10-10T15:33:00+00:00","dateModified":"2024-10-20T15:31:32+00:00","description":"Ir svar\u012bgi r\u016bp\u0113ties par ap\u0123\u0113rbu. M\u016bsu augstas kvalit\u0101tes zirga astriem apmatojuma birste pal\u012bdz nov\u0113rst net\u012brumu uzkr\u0101\u0161anos uz auduma un ap\u0123\u0113rba. Ra\u017eots V\u0101cij\u0101.","breadcrumb":{"@id":"https:\/\/fredfloris.eu\/productpage\/horse-hair-clothes-brush\/#breadcrumb"},"inLanguage":"lv-LV","potentialAction":[{"@type":"ReadAction","target":["https:\/\/fredfloris.eu\/productpage\/horse-hair-clothes-brush\/"]}]},{"@type":"ImageObject","inLanguage":"lv-LV","@id":"https:\/\/fredfloris.eu\/productpage\/horse-hair-clothes-brush\/#primaryimage","url":"https:\/\/fredfloris.eu\/wp-content\/uploads\/2022\/10\/IMG_3419-scaled.jpg","contentUrl":"https:\/\/fredfloris.eu\/wp-content\/uploads\/2022\/10\/IMG_3419-scaled.jpg","width":2560,"height":1707,"caption":"Product: Clothes Brush"},{"@type":"BreadcrumbList","@id":"https:\/\/fredfloris.eu\/productpage\/horse-hair-clothes-brush\/#breadcrumb","itemListElement":[{"@type":"ListItem","position":1,"name":"Home","item":"https:\/\/fredfloris.eu\/"},{"@type":"ListItem","position":2,"name":"Shop","item":"https:\/\/fredfloris.eu\/shop\/"},{"@type":"ListItem","position":3,"name":"Horse Hair &#8211; Clothes Brush"}]},{"@type":"WebSite","@id":"https:\/\/fredfloris.eu\/#website","url":"https:\/\/fredfloris.eu\/","name":"FredFloris","description":"Ar rok\u0101m darin\u0101ti \u0101das izstr\u0101d\u0101jumi - Ra\u017eots Zviedrij\u0101","publisher":{"@id":"https:\/\/fredfloris.eu\/#organization"},"potentialAction":[{"@type":"SearchAction","target":{"@type":"EntryPoint","urlTemplate":"https:\/\/fredfloris.eu\/?s={search_term_string}"},"query-input":{"@type":"PropertyValueSpecification","valueRequired":true,"valueName":"search_term_string"}}],"inLanguage":"lv-LV"},{"@type":"Organization","@id":"https:\/\/fredfloris.eu\/#organization","name":"FredFloris","url":"https:\/\/fredfloris.eu\/","logo":{"@type":"ImageObject","inLanguage":"lv-LV","@id":"https:\/\/fredfloris.eu\/#\/schema\/logo\/image\/","url":"https:\/\/fredfloris.eu\/wp-content\/uploads\/2022\/03\/FredFloris-med-hel-nal-och-text.png","contentUrl":"https:\/\/fredfloris.eu\/wp-content\/uploads\/2022\/03\/FredFloris-med-hel-nal-och-text.png","width":591,"height":283,"caption":"FredFloris"},"image":{"@id":"https:\/\/fredfloris.eu\/#\/schema\/logo\/image\/"},"sameAs":["https:\/\/www.facebook.com\/FredFloris.Artisan.Studio\/","https:\/\/x.com\/_fredfloris_","https:\/\/www.instagram.com\/fredfloris.artisan.studio\/"]}]}},"brands":[{"id":204,"name":"FredFloris &amp; Partner","slug":"fredfloris-partner"}],"_links":{"self":[{"href":"https:\/\/fredfloris.eu\/lv\/wp-json\/wp\/v2\/product\/10055","targetHints":{"allow":["GET"]}}],"collection":[{"href":"https:\/\/fredfloris.eu\/lv\/wp-json\/wp\/v2\/product"}],"about":[{"href":"https:\/\/fredfloris.eu\/lv\/wp-json\/wp\/v2\/types\/product"}],"version-history":[{"count":9,"href":"https:\/\/fredfloris.eu\/lv\/wp-json\/wp\/v2\/product\/10055\/revisions"}],"predecessor-version":[{"id":11524,"href":"https:\/\/fredfloris.eu\/lv\/wp-json\/wp\/v2\/product\/10055\/revisions\/11524"}],"wp:featuredmedia":[{"embeddable":true,"href":"https:\/\/fredfloris.eu\/lv\/wp-json\/wp\/v2\/media\/10023"}],"wp:attachment":[{"href":"https:\/\/fredfloris.eu\/lv\/wp-json\/wp\/v2\/media?parent=10055"}],"wp:term":[{"taxonomy":"pwb-brand","embeddable":true,"href":"https:\/\/fredfloris.eu\/lv\/wp-json\/wp\/v2\/pwb-brand?post=10055"},{"taxonomy":"product_brand","embeddable":true,"href":"https:\/\/fredfloris.eu\/lv\/wp-json\/wp\/v2\/product_brand?post=10055"},{"taxonomy":"product_cat","embeddable":true,"href":"https:\/\/fredfloris.eu\/lv\/wp-json\/wp\/v2\/product_cat?post=10055"},{"taxonomy":"product_tag","embeddable":true,"href":"https:\/\/fredfloris.eu\/lv\/wp-json\/wp\/v2\/product_tag?post=10055"},{"taxonomy":"woo-feed-brand","embeddable":true,"href":"https:\/\/fredfloris.eu\/lv\/wp-json\/wp\/v2\/woo-feed-brand?post=10055"}],"curies":[{"name":"wp","href":"https:\/\/api.w.org\/{rel}","templated":true}]}}