{"id":10070,"date":"2022-10-10T17:31:43","date_gmt":"2022-10-10T15:31:43","guid":{"rendered":"https:\/\/fredfloris.eu\/?post_type=product&#038;p=10070"},"modified":"2024-06-24T20:32:15","modified_gmt":"2024-06-24T18:32:15","slug":"romeo-cashmere-sweater","status":"publish","type":"product","link":"https:\/\/fredfloris.eu\/lv\/productpage\/romeo-cashmere-sweater\/","title":{"rendered":"Romeo - Ka\u0161mira d\u017eemperis"},"content":{"rendered":"<p><strong>Izbaudiet m\u016bsu ka\u0161mira d\u017eempera maigumu, siltumu un vieglumu. Izgatavots no smalkiem pavedieniem, tas saglab\u0101 siltumu bez lieka apjoma, padarot to univers\u0101lu gan lieti\u0161\u0137ai, gan ikdienas valk\u0101\u0161anai. Izbaudiet komfortu ziem\u0101, ruden\u012b, pavasar\u012b un maigos vasaras vakaros. \u0160is d\u017eemperis pie\u0161\u0137ir greznuma piesk\u0101rienu j\u016bsu izskatam, vienlaikus nodro\u0161inot lielisku izol\u0101ciju un iemiesojot p\u0101rlaic\u012bgu stilu.<\/strong><\/p>\n<p><strong>Videi draudz\u012bgs:<\/strong> M\u016bsu d\u017eemperi ir ne tikai ilgsto\u0161i stil\u012bgi, bet ar\u012b videi draudz\u012bgi. FredFloris ir ap\u0146\u0113mies c\u012bn\u012bties pret \u0101tro modi, pied\u0101v\u0101jot iztur\u012bgus izstr\u0101d\u0101jumus, kurus j\u016bs varat kopt. M\u016bsu d\u017eemperi ir izgatavoti no 100% p\u0101rstr\u0101d\u0101ta ka\u0161mira, un tos atbild\u012bgi ra\u017eo m\u016bsu partneri It\u0101lij\u0101.<\/p>\n<p><strong>L\u016bdzu, \u0146emiet v\u0113r\u0101:<\/strong> T\u0101 k\u0101 m\u016bsu ka\u0161mira izstr\u0101d\u0101jumi tiek p\u0101rstr\u0101d\u0101ti, kr\u0101su to\u0146i da\u017e\u0101d\u0101s partij\u0101s var at\u0161\u0137irties, un ne visi to\u0146i var b\u016bt pieejami vienm\u0113r.<\/p>\n<p><strong>Univers\u0101ls un univers\u0101ls:<\/strong> M\u016bsu d\u017eemperi ir veidoti p\u0113c v\u012brie\u0161u izm\u0113riem, ta\u010du tie ir univers\u0101li piem\u0113roti gan v\u012brie\u0161iem, gan sieviet\u0113m. Tos var valk\u0101t tie\u0161i uz \u0101das vai uzvilkt virs krekla.<\/p>\n<p><strong>Produkta specifik\u0101cijas:<\/strong><\/p>\n<ul>\n<li><strong>Ir noliktav\u0101:<\/strong> M, L, XL<\/li>\n<li><strong>Izgatavots p\u0113c pas\u016bt\u012bjuma:<\/strong> S, XXL (atkar\u012bb\u0101 no materi\u0101lu pieejam\u012bbas pieg\u0101dei j\u0101paredz l\u012bdz 3 ned\u0113\u013c\u0101m)*<\/li>\n<li><strong>Kr\u0101sas:<\/strong> Tum\u0161i zils, gai\u0161i b\u0113\u0161s<\/li>\n<li><strong>Stils:<\/strong> Kakla apkakle<\/li>\n<li><strong>Ad\u012b\u0161anas izm\u0113rs:<\/strong> 12\/14 - Piem\u0113rots valk\u0101\u0161anai visa gada garum\u0101<\/li>\n<li><strong>Izcelsme:<\/strong> Ra\u017eots It\u0101lij\u0101<\/li>\n<li><strong>Materi\u0101ls:<\/strong> 100% P\u0101rstr\u0101d\u0101ts ka\u0161mirs<\/li>\n<\/ul>\n<p>&nbsp;<\/p>\n<p><em>* S un XXL izm\u0113ri ir pieejami p\u0113c pas\u016bt\u012bjuma. Pieg\u0101de ilgst l\u012bdz 3 ned\u0113\u013c\u0101m, ja r\u016bpn\u012bc\u0101 ir nepiecie\u0161amie materi\u0101li preces ra\u017eo\u0161anai.<\/em><\/p>\n<p>&nbsp;<\/p>\n<p>Mekl\u0113\u0161anas v\u0101rdi: V\u012brie\u0161iem un sieviet\u0113m, zils un b\u0113\u0161s p\u0101rstr\u0101d\u0101ts ka\u0161mira vilnas d\u017eemperis<\/p>","protected":false},"excerpt":{"rendered":"<p><strong>Ad\u012b\u0161anas izm\u0113rs: <\/strong>12\/14 - Visu gadu<\/p>\n<p><strong>Izcelsme: <\/strong>Ra\u017eots It\u0101lij\u0101<\/p>","protected":false},"featured_media":10010,"template":"","meta":[],"pwb-brand":[204],"product_brand":[],"product_cat":[367,361],"product_tag":[105,135],"woo-feed-brand":[],"class_list":{"0":"post-10070","1":"product","2":"type-product","3":"status-publish","4":"has-post-thumbnail","6":"pwb-brand-fredfloris-partner","7":"product_cat-cashmere-sweater","8":"product_cat-knitwear","9":"product_tag-made-to-order","10":"product_tag-stocked","11":"product_shipping_class-large-goods","13":"first","14":"instock","15":"taxable","16":"shipping-taxable","17":"purchasable","18":"product-type-variable","19":"has-default-attributes"},"yoast_head":"<!-- This site is optimized with the Yoast SEO plugin v27.2 - https:\/\/yoast.com\/product\/yoast-seo-wordpress\/ -->\n<title>Romeo - Cashmere Sweater | FredFloris<\/title>\n<meta name=\"description\" content=\"These cashmere sweaters are made in Italy from 100% recycled cashmere. Sizes are common male sizes but these cashmere sweaters look great on men and women.\" \/>\n<meta name=\"robots\" content=\"index, follow, max-snippet:-1, max-image-preview:large, max-video-preview:-1\" \/>\n<link rel=\"canonical\" href=\"https:\/\/fredfloris.eu\/lv\/productpage\/romeo-cashmere-sweater\/?wmc-currency=EUR\" \/>\n<meta property=\"og:locale\" content=\"lv_LV\" \/>\n<meta property=\"og:type\" content=\"article\" \/>\n<meta property=\"og:title\" content=\"Romeo - Cashmere Sweater | FredFloris\" \/>\n<meta property=\"og:description\" content=\"These cashmere sweaters are made in Italy from 100% recycled cashmere. Sizes are common male sizes but these cashmere sweaters look great on men and women.\" \/>\n<meta property=\"og:url\" content=\"https:\/\/fredfloris.eu\/lv\/productpage\/romeo-cashmere-sweater\/?wmc-currency=EUR\" \/>\n<meta property=\"og:site_name\" content=\"FredFloris\" \/>\n<meta property=\"article:publisher\" content=\"https:\/\/www.facebook.com\/FredFloris.Artisan.Studio\/\" \/>\n<meta property=\"article:modified_time\" content=\"2024-06-24T18:32:15+00:00\" \/>\n<meta property=\"og:image\" content=\"https:\/\/fredfloris.eu\/wp-content\/uploads\/2022\/10\/IMG_3645-scaled.jpg\" \/>\n\t<meta property=\"og:image:width\" content=\"2560\" \/>\n\t<meta property=\"og:image:height\" content=\"1707\" \/>\n\t<meta property=\"og:image:type\" content=\"image\/jpeg\" \/>\n<meta name=\"twitter:card\" content=\"summary_large_image\" \/>\n<meta name=\"twitter:site\" content=\"@_fredfloris_\" \/>\n<meta name=\"twitter:label1\" content=\"Est. reading time\" \/>\n\t<meta name=\"twitter:data1\" content=\"2 min\u016btes\" \/>\n<script type=\"application\/ld+json\" class=\"yoast-schema-graph\">{\"@context\":\"https:\/\/schema.org\",\"@graph\":[{\"@type\":\"WebPage\",\"@id\":\"https:\/\/fredfloris.eu\/productpage\/romeo-cashmere-sweater\/\",\"url\":\"https:\/\/fredfloris.eu\/productpage\/romeo-cashmere-sweater\/\",\"name\":\"Romeo - Cashmere Sweater | FredFloris\",\"isPartOf\":{\"@id\":\"https:\/\/fredfloris.eu\/#website\"},\"primaryImageOfPage\":{\"@id\":\"https:\/\/fredfloris.eu\/productpage\/romeo-cashmere-sweater\/#primaryimage\"},\"image\":{\"@id\":\"https:\/\/fredfloris.eu\/productpage\/romeo-cashmere-sweater\/#primaryimage\"},\"thumbnailUrl\":\"https:\/\/fredfloris.eu\/wp-content\/uploads\/2022\/10\/IMG_3645-scaled.jpg\",\"datePublished\":\"2022-10-10T15:31:43+00:00\",\"dateModified\":\"2024-06-24T18:32:15+00:00\",\"description\":\"These cashmere sweaters are made in Italy from 100% recycled cashmere. Sizes are common male sizes but these cashmere sweaters look great on men and women.\",\"breadcrumb\":{\"@id\":\"https:\/\/fredfloris.eu\/productpage\/romeo-cashmere-sweater\/#breadcrumb\"},\"inLanguage\":\"lv-LV\",\"potentialAction\":[{\"@type\":\"ReadAction\",\"target\":[\"https:\/\/fredfloris.eu\/productpage\/romeo-cashmere-sweater\/\"]}]},{\"@type\":\"ImageObject\",\"inLanguage\":\"lv-LV\",\"@id\":\"https:\/\/fredfloris.eu\/productpage\/romeo-cashmere-sweater\/#primaryimage\",\"url\":\"https:\/\/fredfloris.eu\/wp-content\/uploads\/2022\/10\/IMG_3645-scaled.jpg\",\"contentUrl\":\"https:\/\/fredfloris.eu\/wp-content\/uploads\/2022\/10\/IMG_3645-scaled.jpg\",\"width\":2560,\"height\":1707,\"caption\":\"Product: Romeo - Cashmere Sweater- Colour: Navy Blue & Light Beige\"},{\"@type\":\"BreadcrumbList\",\"@id\":\"https:\/\/fredfloris.eu\/productpage\/romeo-cashmere-sweater\/#breadcrumb\",\"itemListElement\":[{\"@type\":\"ListItem\",\"position\":1,\"name\":\"Home\",\"item\":\"https:\/\/fredfloris.eu\/\"},{\"@type\":\"ListItem\",\"position\":2,\"name\":\"Shop\",\"item\":\"https:\/\/fredfloris.eu\/shop\/\"},{\"@type\":\"ListItem\",\"position\":3,\"name\":\"Romeo &#8211; Cashmere Sweater\"}]},{\"@type\":\"WebSite\",\"@id\":\"https:\/\/fredfloris.eu\/#website\",\"url\":\"https:\/\/fredfloris.eu\/\",\"name\":\"FredFloris\",\"description\":\"Handcrafted Leathergoods - Made in Sweden\",\"publisher\":{\"@id\":\"https:\/\/fredfloris.eu\/#organization\"},\"potentialAction\":[{\"@type\":\"SearchAction\",\"target\":{\"@type\":\"EntryPoint\",\"urlTemplate\":\"https:\/\/fredfloris.eu\/?s={search_term_string}\"},\"query-input\":{\"@type\":\"PropertyValueSpecification\",\"valueRequired\":true,\"valueName\":\"search_term_string\"}}],\"inLanguage\":\"lv-LV\"},{\"@type\":\"Organization\",\"@id\":\"https:\/\/fredfloris.eu\/#organization\",\"name\":\"FredFloris\",\"url\":\"https:\/\/fredfloris.eu\/\",\"logo\":{\"@type\":\"ImageObject\",\"inLanguage\":\"lv-LV\",\"@id\":\"https:\/\/fredfloris.eu\/#\/schema\/logo\/image\/\",\"url\":\"https:\/\/fredfloris.eu\/wp-content\/uploads\/2022\/03\/FredFloris-med-hel-nal-och-text.png\",\"contentUrl\":\"https:\/\/fredfloris.eu\/wp-content\/uploads\/2022\/03\/FredFloris-med-hel-nal-och-text.png\",\"width\":591,\"height\":283,\"caption\":\"FredFloris\"},\"image\":{\"@id\":\"https:\/\/fredfloris.eu\/#\/schema\/logo\/image\/\"},\"sameAs\":[\"https:\/\/www.facebook.com\/FredFloris.Artisan.Studio\/\",\"https:\/\/x.com\/_fredfloris_\",\"https:\/\/www.instagram.com\/fredfloris.artisan.studio\/\"]}]}<\/script>\n<!-- \/ Yoast SEO plugin. -->","yoast_head_json":{"title":"Romeo - Ka\u0161mira d\u017eemperis | FredFloris","description":"\u0160ie ka\u0161mira d\u017eemperi ir izgatavoti It\u0101lij\u0101 no 100% p\u0101rstr\u0101d\u0101ta ka\u0161mira. Izm\u0113ri ir parastie v\u012brie\u0161u izm\u0113ri, bet \u0161ie ka\u0161mira d\u017eemperi lieliski izskat\u0101s gan v\u012brie\u0161iem, gan sieviet\u0113m.","robots":{"index":"index","follow":"follow","max-snippet":"max-snippet:-1","max-image-preview":"max-image-preview:large","max-video-preview":"max-video-preview:-1"},"canonical":"https:\/\/fredfloris.eu\/lv\/productpage\/romeo-cashmere-sweater\/?wmc-currency=EUR","og_locale":"lv_LV","og_type":"article","og_title":"Romeo - Cashmere Sweater | FredFloris","og_description":"These cashmere sweaters are made in Italy from 100% recycled cashmere. Sizes are common male sizes but these cashmere sweaters look great on men and women.","og_url":"https:\/\/fredfloris.eu\/lv\/productpage\/romeo-cashmere-sweater\/?wmc-currency=EUR","og_site_name":"FredFloris","article_publisher":"https:\/\/www.facebook.com\/FredFloris.Artisan.Studio\/","article_modified_time":"2024-06-24T18:32:15+00:00","og_image":[{"width":2560,"height":1707,"url":"https:\/\/fredfloris.eu\/wp-content\/uploads\/2022\/10\/IMG_3645-scaled.jpg","type":"image\/jpeg"}],"twitter_card":"summary_large_image","twitter_site":"@_fredfloris_","twitter_misc":{"Est. reading time":"2 min\u016btes"},"schema":{"@context":"https:\/\/schema.org","@graph":[{"@type":"WebPage","@id":"https:\/\/fredfloris.eu\/productpage\/romeo-cashmere-sweater\/","url":"https:\/\/fredfloris.eu\/productpage\/romeo-cashmere-sweater\/","name":"Romeo - Ka\u0161mira d\u017eemperis | FredFloris","isPartOf":{"@id":"https:\/\/fredfloris.eu\/#website"},"primaryImageOfPage":{"@id":"https:\/\/fredfloris.eu\/productpage\/romeo-cashmere-sweater\/#primaryimage"},"image":{"@id":"https:\/\/fredfloris.eu\/productpage\/romeo-cashmere-sweater\/#primaryimage"},"thumbnailUrl":"https:\/\/fredfloris.eu\/wp-content\/uploads\/2022\/10\/IMG_3645-scaled.jpg","datePublished":"2022-10-10T15:31:43+00:00","dateModified":"2024-06-24T18:32:15+00:00","description":"\u0160ie ka\u0161mira d\u017eemperi ir izgatavoti It\u0101lij\u0101 no 100% p\u0101rstr\u0101d\u0101ta ka\u0161mira. Izm\u0113ri ir parastie v\u012brie\u0161u izm\u0113ri, bet \u0161ie ka\u0161mira d\u017eemperi lieliski izskat\u0101s gan v\u012brie\u0161iem, gan sieviet\u0113m.","breadcrumb":{"@id":"https:\/\/fredfloris.eu\/productpage\/romeo-cashmere-sweater\/#breadcrumb"},"inLanguage":"lv-LV","potentialAction":[{"@type":"ReadAction","target":["https:\/\/fredfloris.eu\/productpage\/romeo-cashmere-sweater\/"]}]},{"@type":"ImageObject","inLanguage":"lv-LV","@id":"https:\/\/fredfloris.eu\/productpage\/romeo-cashmere-sweater\/#primaryimage","url":"https:\/\/fredfloris.eu\/wp-content\/uploads\/2022\/10\/IMG_3645-scaled.jpg","contentUrl":"https:\/\/fredfloris.eu\/wp-content\/uploads\/2022\/10\/IMG_3645-scaled.jpg","width":2560,"height":1707,"caption":"Product: Romeo - Cashmere Sweater- Colour: Navy Blue & Light Beige"},{"@type":"BreadcrumbList","@id":"https:\/\/fredfloris.eu\/productpage\/romeo-cashmere-sweater\/#breadcrumb","itemListElement":[{"@type":"ListItem","position":1,"name":"Home","item":"https:\/\/fredfloris.eu\/"},{"@type":"ListItem","position":2,"name":"Shop","item":"https:\/\/fredfloris.eu\/shop\/"},{"@type":"ListItem","position":3,"name":"Romeo &#8211; Cashmere Sweater"}]},{"@type":"WebSite","@id":"https:\/\/fredfloris.eu\/#website","url":"https:\/\/fredfloris.eu\/","name":"FredFloris","description":"Ar rok\u0101m darin\u0101ti \u0101das izstr\u0101d\u0101jumi - Ra\u017eots Zviedrij\u0101","publisher":{"@id":"https:\/\/fredfloris.eu\/#organization"},"potentialAction":[{"@type":"SearchAction","target":{"@type":"EntryPoint","urlTemplate":"https:\/\/fredfloris.eu\/?s={search_term_string}"},"query-input":{"@type":"PropertyValueSpecification","valueRequired":true,"valueName":"search_term_string"}}],"inLanguage":"lv-LV"},{"@type":"Organization","@id":"https:\/\/fredfloris.eu\/#organization","name":"FredFloris","url":"https:\/\/fredfloris.eu\/","logo":{"@type":"ImageObject","inLanguage":"lv-LV","@id":"https:\/\/fredfloris.eu\/#\/schema\/logo\/image\/","url":"https:\/\/fredfloris.eu\/wp-content\/uploads\/2022\/03\/FredFloris-med-hel-nal-och-text.png","contentUrl":"https:\/\/fredfloris.eu\/wp-content\/uploads\/2022\/03\/FredFloris-med-hel-nal-och-text.png","width":591,"height":283,"caption":"FredFloris"},"image":{"@id":"https:\/\/fredfloris.eu\/#\/schema\/logo\/image\/"},"sameAs":["https:\/\/www.facebook.com\/FredFloris.Artisan.Studio\/","https:\/\/x.com\/_fredfloris_","https:\/\/www.instagram.com\/fredfloris.artisan.studio\/"]}]}},"brands":[{"id":204,"name":"FredFloris &amp; Partner","slug":"fredfloris-partner"}],"_links":{"self":[{"href":"https:\/\/fredfloris.eu\/lv\/wp-json\/wp\/v2\/product\/10070","targetHints":{"allow":["GET"]}}],"collection":[{"href":"https:\/\/fredfloris.eu\/lv\/wp-json\/wp\/v2\/product"}],"about":[{"href":"https:\/\/fredfloris.eu\/lv\/wp-json\/wp\/v2\/types\/product"}],"version-history":[{"count":10,"href":"https:\/\/fredfloris.eu\/lv\/wp-json\/wp\/v2\/product\/10070\/revisions"}],"predecessor-version":[{"id":11525,"href":"https:\/\/fredfloris.eu\/lv\/wp-json\/wp\/v2\/product\/10070\/revisions\/11525"}],"wp:featuredmedia":[{"embeddable":true,"href":"https:\/\/fredfloris.eu\/lv\/wp-json\/wp\/v2\/media\/10010"}],"wp:attachment":[{"href":"https:\/\/fredfloris.eu\/lv\/wp-json\/wp\/v2\/media?parent=10070"}],"wp:term":[{"taxonomy":"pwb-brand","embeddable":true,"href":"https:\/\/fredfloris.eu\/lv\/wp-json\/wp\/v2\/pwb-brand?post=10070"},{"taxonomy":"product_brand","embeddable":true,"href":"https:\/\/fredfloris.eu\/lv\/wp-json\/wp\/v2\/product_brand?post=10070"},{"taxonomy":"product_cat","embeddable":true,"href":"https:\/\/fredfloris.eu\/lv\/wp-json\/wp\/v2\/product_cat?post=10070"},{"taxonomy":"product_tag","embeddable":true,"href":"https:\/\/fredfloris.eu\/lv\/wp-json\/wp\/v2\/product_tag?post=10070"},{"taxonomy":"woo-feed-brand","embeddable":true,"href":"https:\/\/fredfloris.eu\/lv\/wp-json\/wp\/v2\/woo-feed-brand?post=10070"}],"curies":[{"name":"wp","href":"https:\/\/api.w.org\/{rel}","templated":true}]}}