{"id":10489,"date":"2023-09-17T11:52:23","date_gmt":"2023-09-17T09:52:23","guid":{"rendered":"https:\/\/fredfloris.eu\/?post_type=product&#038;p=10489"},"modified":"2024-07-23T19:59:03","modified_gmt":"2024-07-23T17:59:03","slug":"goat-hair-brush","status":"publish","type":"product","link":"https:\/\/fredfloris.eu\/lv\/productpage\/goat-hair-brush\/","title":{"rendered":"Kazas matu birste"},"content":{"rendered":"<p><strong>Izbaudiet FredFloris \u0101das suku!<\/strong><\/p>\n<p>V\u0101cij\u0101, \u0160varcvald\u0113, izgatavot\u0101 FredFloris \u0101das birste ir lielisks instruments \u0101das izstr\u0101d\u0101jumu kop\u0161anai. Kazas spalvu sari ir \u012bpa\u0161i m\u012bksti, ide\u0101li piem\u0113roti t\u012br\u012b\u0161anai un pul\u0113\u0161anai.<\/p>\n<p><strong>Produkta specifik\u0101cijas:<\/strong><\/p>\n<ul>\n<li><strong>Augstas kvalit\u0101tes balta kazas spalva:<\/strong> Nevainojamas apdares nodro\u0161in\u0101\u0161ana j\u016bsu \u0101das izstr\u0101d\u0101jumiem<\/li>\n<li><strong>Elegants di\u017esk\u0101bar\u017ea koka rokturis:<\/strong> Klasiska izskata apdare ar melnu laku<\/li>\n<li><strong>FredFloris uzticas:<\/strong> T\u0101 ir t\u0101 pati birste, ko m\u0113s izmantojam \u0101das ra\u017eo\u0161an\u0101.<\/li>\n<li><strong>Ide\u0101li piem\u0113rots \u0101das kop\u0161anai:<\/strong> Ide\u0101li piem\u0113rots t\u012br\u012b\u0161anai un pul\u0113\u0161anai<\/li>\n<li><strong>Viegla apkope:<\/strong> Vienk\u0101r\u0161i iz\u0137emm\u0113jiet vai nomazg\u0101jiet ar \u0161amp\u016bnu, lai saglab\u0101tu labu st\u0101vokli.<\/li>\n<\/ul>\n<p>&nbsp;<\/p>\n<p>Izlasiet m\u016bsu pilnu apr\u016bpes rokasgr\u0101matu <a href=\"https:\/\/fredfloris.eu\/lv\/care-instructions\/?wmc-currency=EUR\">\u0161eit<\/a><\/p>","protected":false},"excerpt":{"rendered":"<p>Izm\u0113rs: 140 x 55 x 19 mm<\/p>\n<p>Balta kazas spalvu birste.<\/p>\n<p>Koks: melni lakots di\u017esk\u0101bar\u017ea koks<\/p>\n<p>Ra\u017eots \u0160varcvald\u0113, V\u0101cij\u0101.<\/p>","protected":false},"featured_media":10487,"template":"","meta":[],"pwb-brand":[204],"product_brand":[],"product_cat":[383],"product_tag":[384,135],"woo-feed-brand":[],"class_list":{"0":"post-10489","1":"product","2":"type-product","3":"status-publish","4":"has-post-thumbnail","6":"pwb-brand-fredfloris-partner","7":"product_cat-leather-care-products","8":"product_tag-care-products","9":"product_tag-stocked","10":"product_shipping_class-small-goods","12":"first","13":"instock","14":"taxable","15":"shipping-taxable","16":"purchasable","17":"product-type-simple"},"yoast_head":"<!-- This site is optimized with the Yoast SEO plugin v27.2 - https:\/\/yoast.com\/product\/yoast-seo-wordpress\/ -->\n<title>Elevate Your Leather Care - Premium Goat Hair Brush<\/title>\n<meta name=\"description\" content=\"Elevate your leather care with the FredFloris Leather Brush. Crafted in Germany&#039;s Black Forest, this premium goat hair brush delivers unmatched softness!\" \/>\n<meta name=\"robots\" content=\"index, follow, max-snippet:-1, max-image-preview:large, max-video-preview:-1\" \/>\n<link rel=\"canonical\" href=\"https:\/\/fredfloris.eu\/lv\/productpage\/goat-hair-brush\/?wmc-currency=EUR\" \/>\n<meta property=\"og:locale\" content=\"lv_LV\" \/>\n<meta property=\"og:type\" content=\"article\" \/>\n<meta property=\"og:title\" content=\"Elevate Your Leather Care - Premium Goat Hair Brush\" \/>\n<meta property=\"og:description\" content=\"Elevate your leather care with the FredFloris Leather Brush. Crafted in Germany&#039;s Black Forest, this premium goat hair brush delivers unmatched softness!\" \/>\n<meta property=\"og:url\" content=\"https:\/\/fredfloris.eu\/lv\/productpage\/goat-hair-brush\/?wmc-currency=EUR\" \/>\n<meta property=\"og:site_name\" content=\"FredFloris\" \/>\n<meta property=\"article:publisher\" content=\"https:\/\/www.facebook.com\/FredFloris.Artisan.Studio\/\" \/>\n<meta property=\"article:modified_time\" content=\"2024-07-23T17:59:03+00:00\" \/>\n<meta property=\"og:image\" content=\"https:\/\/fredfloris.eu\/wp-content\/uploads\/2023\/09\/IMG_3387-scaled.jpg\" \/>\n\t<meta property=\"og:image:width\" content=\"2560\" \/>\n\t<meta property=\"og:image:height\" content=\"1707\" \/>\n\t<meta property=\"og:image:type\" content=\"image\/jpeg\" \/>\n<meta name=\"twitter:card\" content=\"summary_large_image\" \/>\n<meta name=\"twitter:site\" content=\"@_fredfloris_\" \/>\n<meta name=\"twitter:label1\" content=\"Est. reading time\" \/>\n\t<meta name=\"twitter:data1\" content=\"1 min\u016bte\" \/>\n<script type=\"application\/ld+json\" class=\"yoast-schema-graph\">{\"@context\":\"https:\/\/schema.org\",\"@graph\":[{\"@type\":\"WebPage\",\"@id\":\"https:\/\/fredfloris.eu\/productpage\/goat-hair-brush\/\",\"url\":\"https:\/\/fredfloris.eu\/productpage\/goat-hair-brush\/\",\"name\":\"Elevate Your Leather Care - Premium Goat Hair Brush\",\"isPartOf\":{\"@id\":\"https:\/\/fredfloris.eu\/#website\"},\"primaryImageOfPage\":{\"@id\":\"https:\/\/fredfloris.eu\/productpage\/goat-hair-brush\/#primaryimage\"},\"image\":{\"@id\":\"https:\/\/fredfloris.eu\/productpage\/goat-hair-brush\/#primaryimage\"},\"thumbnailUrl\":\"https:\/\/fredfloris.eu\/wp-content\/uploads\/2023\/09\/IMG_3387-scaled.jpg\",\"datePublished\":\"2023-09-17T09:52:23+00:00\",\"dateModified\":\"2024-07-23T17:59:03+00:00\",\"description\":\"Elevate your leather care with the FredFloris Leather Brush. Crafted in Germany's Black Forest, this premium goat hair brush delivers unmatched softness!\",\"breadcrumb\":{\"@id\":\"https:\/\/fredfloris.eu\/productpage\/goat-hair-brush\/#breadcrumb\"},\"inLanguage\":\"lv-LV\",\"potentialAction\":[{\"@type\":\"ReadAction\",\"target\":[\"https:\/\/fredfloris.eu\/productpage\/goat-hair-brush\/\"]}]},{\"@type\":\"ImageObject\",\"inLanguage\":\"lv-LV\",\"@id\":\"https:\/\/fredfloris.eu\/productpage\/goat-hair-brush\/#primaryimage\",\"url\":\"https:\/\/fredfloris.eu\/wp-content\/uploads\/2023\/09\/IMG_3387-scaled.jpg\",\"contentUrl\":\"https:\/\/fredfloris.eu\/wp-content\/uploads\/2023\/09\/IMG_3387-scaled.jpg\",\"width\":2560,\"height\":1707,\"caption\":\"Product: Goat Hair Brush\"},{\"@type\":\"BreadcrumbList\",\"@id\":\"https:\/\/fredfloris.eu\/productpage\/goat-hair-brush\/#breadcrumb\",\"itemListElement\":[{\"@type\":\"ListItem\",\"position\":1,\"name\":\"Home\",\"item\":\"https:\/\/fredfloris.eu\/\"},{\"@type\":\"ListItem\",\"position\":2,\"name\":\"Shop\",\"item\":\"https:\/\/fredfloris.eu\/shop\/\"},{\"@type\":\"ListItem\",\"position\":3,\"name\":\"Goat Hair Brush\"}]},{\"@type\":\"WebSite\",\"@id\":\"https:\/\/fredfloris.eu\/#website\",\"url\":\"https:\/\/fredfloris.eu\/\",\"name\":\"FredFloris\",\"description\":\"Handcrafted Leathergoods - Made in Sweden\",\"publisher\":{\"@id\":\"https:\/\/fredfloris.eu\/#organization\"},\"potentialAction\":[{\"@type\":\"SearchAction\",\"target\":{\"@type\":\"EntryPoint\",\"urlTemplate\":\"https:\/\/fredfloris.eu\/?s={search_term_string}\"},\"query-input\":{\"@type\":\"PropertyValueSpecification\",\"valueRequired\":true,\"valueName\":\"search_term_string\"}}],\"inLanguage\":\"lv-LV\"},{\"@type\":\"Organization\",\"@id\":\"https:\/\/fredfloris.eu\/#organization\",\"name\":\"FredFloris\",\"url\":\"https:\/\/fredfloris.eu\/\",\"logo\":{\"@type\":\"ImageObject\",\"inLanguage\":\"lv-LV\",\"@id\":\"https:\/\/fredfloris.eu\/#\/schema\/logo\/image\/\",\"url\":\"https:\/\/fredfloris.eu\/wp-content\/uploads\/2022\/03\/FredFloris-med-hel-nal-och-text.png\",\"contentUrl\":\"https:\/\/fredfloris.eu\/wp-content\/uploads\/2022\/03\/FredFloris-med-hel-nal-och-text.png\",\"width\":591,\"height\":283,\"caption\":\"FredFloris\"},\"image\":{\"@id\":\"https:\/\/fredfloris.eu\/#\/schema\/logo\/image\/\"},\"sameAs\":[\"https:\/\/www.facebook.com\/FredFloris.Artisan.Studio\/\",\"https:\/\/x.com\/_fredfloris_\",\"https:\/\/www.instagram.com\/fredfloris.artisan.studio\/\"]}]}<\/script>\n<!-- \/ Yoast SEO plugin. -->","yoast_head_json":{"title":"Uzlabojiet \u0101das kop\u0161anu - augst\u0101k\u0101s kvalit\u0101tes kazas matu birste","description":"Uzlabojiet \u0101das kop\u0161anu ar FredFloris \u0101das suku. \u0160\u012b augst\u0101k\u0101s kvalit\u0101tes kazas spalvu birste, kas ra\u017eota V\u0101cijas \u0160varcvald\u0113, nodro\u0161ina nep\u0101rsp\u0113jamu maigumu!","robots":{"index":"index","follow":"follow","max-snippet":"max-snippet:-1","max-image-preview":"max-image-preview:large","max-video-preview":"max-video-preview:-1"},"canonical":"https:\/\/fredfloris.eu\/lv\/productpage\/goat-hair-brush\/?wmc-currency=EUR","og_locale":"lv_LV","og_type":"article","og_title":"Elevate Your Leather Care - Premium Goat Hair Brush","og_description":"Elevate your leather care with the FredFloris Leather Brush. Crafted in Germany's Black Forest, this premium goat hair brush delivers unmatched softness!","og_url":"https:\/\/fredfloris.eu\/lv\/productpage\/goat-hair-brush\/?wmc-currency=EUR","og_site_name":"FredFloris","article_publisher":"https:\/\/www.facebook.com\/FredFloris.Artisan.Studio\/","article_modified_time":"2024-07-23T17:59:03+00:00","og_image":[{"width":2560,"height":1707,"url":"https:\/\/fredfloris.eu\/wp-content\/uploads\/2023\/09\/IMG_3387-scaled.jpg","type":"image\/jpeg"}],"twitter_card":"summary_large_image","twitter_site":"@_fredfloris_","twitter_misc":{"Est. reading time":"1 min\u016bte"},"schema":{"@context":"https:\/\/schema.org","@graph":[{"@type":"WebPage","@id":"https:\/\/fredfloris.eu\/productpage\/goat-hair-brush\/","url":"https:\/\/fredfloris.eu\/productpage\/goat-hair-brush\/","name":"Uzlabojiet \u0101das kop\u0161anu - augst\u0101k\u0101s kvalit\u0101tes kazas matu birste","isPartOf":{"@id":"https:\/\/fredfloris.eu\/#website"},"primaryImageOfPage":{"@id":"https:\/\/fredfloris.eu\/productpage\/goat-hair-brush\/#primaryimage"},"image":{"@id":"https:\/\/fredfloris.eu\/productpage\/goat-hair-brush\/#primaryimage"},"thumbnailUrl":"https:\/\/fredfloris.eu\/wp-content\/uploads\/2023\/09\/IMG_3387-scaled.jpg","datePublished":"2023-09-17T09:52:23+00:00","dateModified":"2024-07-23T17:59:03+00:00","description":"Uzlabojiet \u0101das kop\u0161anu ar FredFloris \u0101das suku. \u0160\u012b augst\u0101k\u0101s kvalit\u0101tes kazas spalvu birste, kas ra\u017eota V\u0101cijas \u0160varcvald\u0113, nodro\u0161ina nep\u0101rsp\u0113jamu maigumu!","breadcrumb":{"@id":"https:\/\/fredfloris.eu\/productpage\/goat-hair-brush\/#breadcrumb"},"inLanguage":"lv-LV","potentialAction":[{"@type":"ReadAction","target":["https:\/\/fredfloris.eu\/productpage\/goat-hair-brush\/"]}]},{"@type":"ImageObject","inLanguage":"lv-LV","@id":"https:\/\/fredfloris.eu\/productpage\/goat-hair-brush\/#primaryimage","url":"https:\/\/fredfloris.eu\/wp-content\/uploads\/2023\/09\/IMG_3387-scaled.jpg","contentUrl":"https:\/\/fredfloris.eu\/wp-content\/uploads\/2023\/09\/IMG_3387-scaled.jpg","width":2560,"height":1707,"caption":"Product: Goat Hair Brush"},{"@type":"BreadcrumbList","@id":"https:\/\/fredfloris.eu\/productpage\/goat-hair-brush\/#breadcrumb","itemListElement":[{"@type":"ListItem","position":1,"name":"Home","item":"https:\/\/fredfloris.eu\/"},{"@type":"ListItem","position":2,"name":"Shop","item":"https:\/\/fredfloris.eu\/shop\/"},{"@type":"ListItem","position":3,"name":"Goat Hair Brush"}]},{"@type":"WebSite","@id":"https:\/\/fredfloris.eu\/#website","url":"https:\/\/fredfloris.eu\/","name":"FredFloris","description":"Ar rok\u0101m darin\u0101ti \u0101das izstr\u0101d\u0101jumi - Ra\u017eots Zviedrij\u0101","publisher":{"@id":"https:\/\/fredfloris.eu\/#organization"},"potentialAction":[{"@type":"SearchAction","target":{"@type":"EntryPoint","urlTemplate":"https:\/\/fredfloris.eu\/?s={search_term_string}"},"query-input":{"@type":"PropertyValueSpecification","valueRequired":true,"valueName":"search_term_string"}}],"inLanguage":"lv-LV"},{"@type":"Organization","@id":"https:\/\/fredfloris.eu\/#organization","name":"FredFloris","url":"https:\/\/fredfloris.eu\/","logo":{"@type":"ImageObject","inLanguage":"lv-LV","@id":"https:\/\/fredfloris.eu\/#\/schema\/logo\/image\/","url":"https:\/\/fredfloris.eu\/wp-content\/uploads\/2022\/03\/FredFloris-med-hel-nal-och-text.png","contentUrl":"https:\/\/fredfloris.eu\/wp-content\/uploads\/2022\/03\/FredFloris-med-hel-nal-och-text.png","width":591,"height":283,"caption":"FredFloris"},"image":{"@id":"https:\/\/fredfloris.eu\/#\/schema\/logo\/image\/"},"sameAs":["https:\/\/www.facebook.com\/FredFloris.Artisan.Studio\/","https:\/\/x.com\/_fredfloris_","https:\/\/www.instagram.com\/fredfloris.artisan.studio\/"]}]}},"brands":[{"id":204,"name":"FredFloris &amp; Partner","slug":"fredfloris-partner"}],"_links":{"self":[{"href":"https:\/\/fredfloris.eu\/lv\/wp-json\/wp\/v2\/product\/10489","targetHints":{"allow":["GET"]}}],"collection":[{"href":"https:\/\/fredfloris.eu\/lv\/wp-json\/wp\/v2\/product"}],"about":[{"href":"https:\/\/fredfloris.eu\/lv\/wp-json\/wp\/v2\/types\/product"}],"version-history":[{"count":8,"href":"https:\/\/fredfloris.eu\/lv\/wp-json\/wp\/v2\/product\/10489\/revisions"}],"predecessor-version":[{"id":11576,"href":"https:\/\/fredfloris.eu\/lv\/wp-json\/wp\/v2\/product\/10489\/revisions\/11576"}],"wp:featuredmedia":[{"embeddable":true,"href":"https:\/\/fredfloris.eu\/lv\/wp-json\/wp\/v2\/media\/10487"}],"wp:attachment":[{"href":"https:\/\/fredfloris.eu\/lv\/wp-json\/wp\/v2\/media?parent=10489"}],"wp:term":[{"taxonomy":"pwb-brand","embeddable":true,"href":"https:\/\/fredfloris.eu\/lv\/wp-json\/wp\/v2\/pwb-brand?post=10489"},{"taxonomy":"product_brand","embeddable":true,"href":"https:\/\/fredfloris.eu\/lv\/wp-json\/wp\/v2\/product_brand?post=10489"},{"taxonomy":"product_cat","embeddable":true,"href":"https:\/\/fredfloris.eu\/lv\/wp-json\/wp\/v2\/product_cat?post=10489"},{"taxonomy":"product_tag","embeddable":true,"href":"https:\/\/fredfloris.eu\/lv\/wp-json\/wp\/v2\/product_tag?post=10489"},{"taxonomy":"woo-feed-brand","embeddable":true,"href":"https:\/\/fredfloris.eu\/lv\/wp-json\/wp\/v2\/woo-feed-brand?post=10489"}],"curies":[{"name":"wp","href":"https:\/\/api.w.org\/{rel}","templated":true}]}}