{"id":10501,"date":"2023-09-17T12:19:16","date_gmt":"2023-09-17T10:19:16","guid":{"rendered":"https:\/\/fredfloris.eu\/?post_type=product&#038;p=10501"},"modified":"2024-06-24T20:17:07","modified_gmt":"2024-06-24T18:17:07","slug":"fredfloris-high-quality-leather-balm-100-ml","status":"publish","type":"product","link":"https:\/\/fredfloris.eu\/lv\/productpage\/fredfloris-high-quality-leather-balm-100-ml\/","title":{"rendered":"FredFloris augstas kvalit\u0101tes \u0101das balzams - 100 ml"},"content":{"rendered":"<p><strong>Izgatavots ar r\u016bp\u012bbu Zviedrij\u0101<\/strong><\/p>\n<p>Palutiniet savu \u0101du ar m\u016bsu augstas kvalit\u0101tes \u0101das balzama greznumu. \u0160\u012b 100 ml \u0101das balzama k\u0101rbi\u0146a, kas paredz\u0113ta \u0101das m\u012b\u013cot\u0101jiem, ir piln\u012bb\u0101 izgatavota no organiskiem un ekolo\u0123iskiem materi\u0101liem, atspogu\u013cojot m\u016bsu uztic\u012bbu dro\u0161\u012bbai un kvalit\u0101tei.<\/p>\n<p><strong>Galven\u0101s funkcijas:<\/strong><\/p>\n<ul>\n<li><strong>Bi\u0161u vaska b\u0101ze:<\/strong> M\u016bsu \u0101das balzams, kas izgatavots no bi\u0161u vaska, nodro\u0161ina nep\u0101rsp\u0113jamu \u0101das izstr\u0101d\u0101jumu baro\u0161anu un aizsardz\u012bbu.<\/li>\n<li><strong>T\u012bra, baro un aizsarg\u0101:<\/strong> Zviedru bi\u0161u vaska mais\u012bjums ar dab\u012bg\u0101m e\u013c\u013c\u0101m, tostarp mande\u013cu un jojobas e\u013c\u013cu, \u0101das izstr\u0101d\u0101jumu kop\u0161anai un saglab\u0101\u0161anai.<\/li>\n<\/ul>\n<p>&nbsp;<\/p>\n<p><strong>Lieto\u0161anas instrukcija:<\/strong><\/p>\n<ul>\n<li>Uzkl\u0101jiet tikai uz \u0101das \u0161\u0137iedras puses.<\/li>\n<li>Lai p\u0101rbaud\u012btu, vai ir iesp\u0113jama tum\u0161\u0101ka kr\u0101sa, vispirms p\u0101rbaudiet to neliel\u0101, apsl\u0113pt\u0101 viet\u0101.<\/li>\n<li>Lietojiet tikai nelielu daudzumu; pietiek ar pl\u0101nu k\u0101rti\u0146u.<\/li>\n<li>Ar lupati\u0146u maigi pul\u0113jiet \u0101du, lai uzlabotu t\u0101s sp\u012bdumu.<\/li>\n<\/ul>\n<p>&nbsp;<\/p>\n<p><strong>Izbaudiet at\u0161\u0137ir\u012bbu:<\/strong><\/p>\n<p>M\u016bsu \u0101das balzams ne tikai dzi\u013ci kopj \u0101du, bet ar\u012b veido aizsargbarjeru pret vides faktoriem. Tas maigi att\u012bra \u0101du, atjaunojot t\u0101s dabisko skaistumu.<\/p>\n<p>FredFloris augstas kvalit\u0101tes \u0101das balzams ir svar\u012bgs j\u016bsu \u0101das izstr\u0101d\u0101jumu elegances un ilgm\u016b\u017e\u012bbas saglab\u0101\u0161anai. Atkl\u0101jiet izsmalcin\u0101tas \u0101das kop\u0161anas priek\u0161roc\u012bbas ar FredFloris jau \u0161odien.<\/p>\n<p>&nbsp;<\/p>\n<p>Izlasiet m\u016bsu pilnu apr\u016bpes rokasgr\u0101matu <a href=\"https:\/\/fredfloris.eu\/lv\/care-instructions\/?wmc-currency=EUR\">\u0161eit<\/a><\/p>","protected":false},"excerpt":{"rendered":"<p>SKU:lea\/balm\/bi<\/p>","protected":false},"featured_media":10500,"template":"","meta":[],"pwb-brand":[],"product_brand":[],"product_cat":[383],"product_tag":[384,135],"woo-feed-brand":[],"class_list":{"0":"post-10501","1":"product","2":"type-product","3":"status-publish","4":"has-post-thumbnail","6":"product_cat-leather-care-products","7":"product_tag-care-products","8":"product_tag-stocked","9":"product_shipping_class-small-goods","11":"first","12":"instock","13":"taxable","14":"shipping-taxable","15":"purchasable","16":"product-type-simple"},"yoast_head":"<!-- This site is optimized with the Yoast SEO plugin v27.2 - https:\/\/yoast.com\/product\/yoast-seo-wordpress\/ -->\n<title>FredFloris Leather Balm - Organic and Ecological Leather Care<\/title>\n<meta name=\"description\" content=\"Discover the finest in leather care with FredFloris Leather Balm. Crafted in Sweden, our 100 ml can of organic and ecological goodness nourishes.\" \/>\n<meta name=\"robots\" content=\"index, follow, max-snippet:-1, max-image-preview:large, max-video-preview:-1\" \/>\n<link rel=\"canonical\" href=\"https:\/\/fredfloris.eu\/lv\/productpage\/fredfloris-high-quality-leather-balm-100-ml\/?wmc-currency=EUR\" \/>\n<meta property=\"og:locale\" content=\"lv_LV\" \/>\n<meta property=\"og:type\" content=\"article\" \/>\n<meta property=\"og:title\" content=\"FredFloris Leather Balm - Organic and Ecological Leather Care\" \/>\n<meta property=\"og:description\" content=\"Discover the finest in leather care with FredFloris Leather Balm. Crafted in Sweden, our 100 ml can of organic and ecological goodness nourishes.\" \/>\n<meta property=\"og:url\" content=\"https:\/\/fredfloris.eu\/lv\/productpage\/fredfloris-high-quality-leather-balm-100-ml\/?wmc-currency=EUR\" \/>\n<meta property=\"og:site_name\" content=\"FredFloris\" \/>\n<meta property=\"article:publisher\" content=\"https:\/\/www.facebook.com\/FredFloris.Artisan.Studio\/\" \/>\n<meta property=\"article:modified_time\" content=\"2024-06-24T18:17:07+00:00\" \/>\n<meta property=\"og:image\" content=\"https:\/\/fredfloris.eu\/wp-content\/uploads\/2023\/09\/IMG_5594-scaled.jpg\" \/>\n\t<meta property=\"og:image:width\" content=\"2560\" \/>\n\t<meta property=\"og:image:height\" content=\"1707\" \/>\n\t<meta property=\"og:image:type\" content=\"image\/jpeg\" \/>\n<meta name=\"twitter:card\" content=\"summary_large_image\" \/>\n<meta name=\"twitter:site\" content=\"@_fredfloris_\" \/>\n<meta name=\"twitter:label1\" content=\"Est. reading time\" \/>\n\t<meta name=\"twitter:data1\" content=\"2 min\u016btes\" \/>\n<script type=\"application\/ld+json\" class=\"yoast-schema-graph\">{\"@context\":\"https:\/\/schema.org\",\"@graph\":[{\"@type\":\"WebPage\",\"@id\":\"https:\/\/fredfloris.eu\/productpage\/fredfloris-high-quality-leather-balm-100-ml\/\",\"url\":\"https:\/\/fredfloris.eu\/productpage\/fredfloris-high-quality-leather-balm-100-ml\/\",\"name\":\"FredFloris Leather Balm - Organic and Ecological Leather Care\",\"isPartOf\":{\"@id\":\"https:\/\/fredfloris.eu\/#website\"},\"primaryImageOfPage\":{\"@id\":\"https:\/\/fredfloris.eu\/productpage\/fredfloris-high-quality-leather-balm-100-ml\/#primaryimage\"},\"image\":{\"@id\":\"https:\/\/fredfloris.eu\/productpage\/fredfloris-high-quality-leather-balm-100-ml\/#primaryimage\"},\"thumbnailUrl\":\"https:\/\/fredfloris.eu\/wp-content\/uploads\/2023\/09\/IMG_5594-scaled.jpg\",\"datePublished\":\"2023-09-17T10:19:16+00:00\",\"dateModified\":\"2024-06-24T18:17:07+00:00\",\"description\":\"Discover the finest in leather care with FredFloris Leather Balm. Crafted in Sweden, our 100 ml can of organic and ecological goodness nourishes.\",\"breadcrumb\":{\"@id\":\"https:\/\/fredfloris.eu\/productpage\/fredfloris-high-quality-leather-balm-100-ml\/#breadcrumb\"},\"inLanguage\":\"lv-LV\",\"potentialAction\":[{\"@type\":\"ReadAction\",\"target\":[\"https:\/\/fredfloris.eu\/productpage\/fredfloris-high-quality-leather-balm-100-ml\/\"]}]},{\"@type\":\"ImageObject\",\"inLanguage\":\"lv-LV\",\"@id\":\"https:\/\/fredfloris.eu\/productpage\/fredfloris-high-quality-leather-balm-100-ml\/#primaryimage\",\"url\":\"https:\/\/fredfloris.eu\/wp-content\/uploads\/2023\/09\/IMG_5594-scaled.jpg\",\"contentUrl\":\"https:\/\/fredfloris.eu\/wp-content\/uploads\/2023\/09\/IMG_5594-scaled.jpg\",\"width\":2560,\"height\":1707,\"caption\":\"Product: FredFloris Leather Balm\"},{\"@type\":\"BreadcrumbList\",\"@id\":\"https:\/\/fredfloris.eu\/productpage\/fredfloris-high-quality-leather-balm-100-ml\/#breadcrumb\",\"itemListElement\":[{\"@type\":\"ListItem\",\"position\":1,\"name\":\"Home\",\"item\":\"https:\/\/fredfloris.eu\/\"},{\"@type\":\"ListItem\",\"position\":2,\"name\":\"Shop\",\"item\":\"https:\/\/fredfloris.eu\/shop\/\"},{\"@type\":\"ListItem\",\"position\":3,\"name\":\"FredFloris High-Quality Leather Balm &#8211; 100 ml\"}]},{\"@type\":\"WebSite\",\"@id\":\"https:\/\/fredfloris.eu\/#website\",\"url\":\"https:\/\/fredfloris.eu\/\",\"name\":\"FredFloris\",\"description\":\"Handcrafted Leathergoods - Made in Sweden\",\"publisher\":{\"@id\":\"https:\/\/fredfloris.eu\/#organization\"},\"potentialAction\":[{\"@type\":\"SearchAction\",\"target\":{\"@type\":\"EntryPoint\",\"urlTemplate\":\"https:\/\/fredfloris.eu\/?s={search_term_string}\"},\"query-input\":{\"@type\":\"PropertyValueSpecification\",\"valueRequired\":true,\"valueName\":\"search_term_string\"}}],\"inLanguage\":\"lv-LV\"},{\"@type\":\"Organization\",\"@id\":\"https:\/\/fredfloris.eu\/#organization\",\"name\":\"FredFloris\",\"url\":\"https:\/\/fredfloris.eu\/\",\"logo\":{\"@type\":\"ImageObject\",\"inLanguage\":\"lv-LV\",\"@id\":\"https:\/\/fredfloris.eu\/#\/schema\/logo\/image\/\",\"url\":\"https:\/\/fredfloris.eu\/wp-content\/uploads\/2022\/03\/FredFloris-med-hel-nal-och-text.png\",\"contentUrl\":\"https:\/\/fredfloris.eu\/wp-content\/uploads\/2022\/03\/FredFloris-med-hel-nal-och-text.png\",\"width\":591,\"height\":283,\"caption\":\"FredFloris\"},\"image\":{\"@id\":\"https:\/\/fredfloris.eu\/#\/schema\/logo\/image\/\"},\"sameAs\":[\"https:\/\/www.facebook.com\/FredFloris.Artisan.Studio\/\",\"https:\/\/x.com\/_fredfloris_\",\"https:\/\/www.instagram.com\/fredfloris.artisan.studio\/\"]}]}<\/script>\n<!-- \/ Yoast SEO plugin. -->","yoast_head_json":{"title":"FredFloris \u0100das balzams - ekolo\u0123iska un ekolo\u0123iska \u0101das kop\u0161ana","description":"Atkl\u0101jiet lab\u0101kos \u0101das kop\u0161anas l\u012bdzek\u013cus ar FredFloris Leather Balm. Zviedrij\u0101 ra\u017eot\u0101 100 ml organisk\u0101 un ekolo\u0123isk\u0101 labuma k\u0101rbi\u0146a baro.","robots":{"index":"index","follow":"follow","max-snippet":"max-snippet:-1","max-image-preview":"max-image-preview:large","max-video-preview":"max-video-preview:-1"},"canonical":"https:\/\/fredfloris.eu\/lv\/productpage\/fredfloris-high-quality-leather-balm-100-ml\/?wmc-currency=EUR","og_locale":"lv_LV","og_type":"article","og_title":"FredFloris Leather Balm - Organic and Ecological Leather Care","og_description":"Discover the finest in leather care with FredFloris Leather Balm. Crafted in Sweden, our 100 ml can of organic and ecological goodness nourishes.","og_url":"https:\/\/fredfloris.eu\/lv\/productpage\/fredfloris-high-quality-leather-balm-100-ml\/?wmc-currency=EUR","og_site_name":"FredFloris","article_publisher":"https:\/\/www.facebook.com\/FredFloris.Artisan.Studio\/","article_modified_time":"2024-06-24T18:17:07+00:00","og_image":[{"width":2560,"height":1707,"url":"https:\/\/fredfloris.eu\/wp-content\/uploads\/2023\/09\/IMG_5594-scaled.jpg","type":"image\/jpeg"}],"twitter_card":"summary_large_image","twitter_site":"@_fredfloris_","twitter_misc":{"Est. reading time":"2 min\u016btes"},"schema":{"@context":"https:\/\/schema.org","@graph":[{"@type":"WebPage","@id":"https:\/\/fredfloris.eu\/productpage\/fredfloris-high-quality-leather-balm-100-ml\/","url":"https:\/\/fredfloris.eu\/productpage\/fredfloris-high-quality-leather-balm-100-ml\/","name":"FredFloris \u0100das balzams - ekolo\u0123iska un ekolo\u0123iska \u0101das kop\u0161ana","isPartOf":{"@id":"https:\/\/fredfloris.eu\/#website"},"primaryImageOfPage":{"@id":"https:\/\/fredfloris.eu\/productpage\/fredfloris-high-quality-leather-balm-100-ml\/#primaryimage"},"image":{"@id":"https:\/\/fredfloris.eu\/productpage\/fredfloris-high-quality-leather-balm-100-ml\/#primaryimage"},"thumbnailUrl":"https:\/\/fredfloris.eu\/wp-content\/uploads\/2023\/09\/IMG_5594-scaled.jpg","datePublished":"2023-09-17T10:19:16+00:00","dateModified":"2024-06-24T18:17:07+00:00","description":"Atkl\u0101jiet lab\u0101kos \u0101das kop\u0161anas l\u012bdzek\u013cus ar FredFloris Leather Balm. Zviedrij\u0101 ra\u017eot\u0101 100 ml organisk\u0101 un ekolo\u0123isk\u0101 labuma k\u0101rbi\u0146a baro.","breadcrumb":{"@id":"https:\/\/fredfloris.eu\/productpage\/fredfloris-high-quality-leather-balm-100-ml\/#breadcrumb"},"inLanguage":"lv-LV","potentialAction":[{"@type":"ReadAction","target":["https:\/\/fredfloris.eu\/productpage\/fredfloris-high-quality-leather-balm-100-ml\/"]}]},{"@type":"ImageObject","inLanguage":"lv-LV","@id":"https:\/\/fredfloris.eu\/productpage\/fredfloris-high-quality-leather-balm-100-ml\/#primaryimage","url":"https:\/\/fredfloris.eu\/wp-content\/uploads\/2023\/09\/IMG_5594-scaled.jpg","contentUrl":"https:\/\/fredfloris.eu\/wp-content\/uploads\/2023\/09\/IMG_5594-scaled.jpg","width":2560,"height":1707,"caption":"Product: FredFloris Leather Balm"},{"@type":"BreadcrumbList","@id":"https:\/\/fredfloris.eu\/productpage\/fredfloris-high-quality-leather-balm-100-ml\/#breadcrumb","itemListElement":[{"@type":"ListItem","position":1,"name":"Home","item":"https:\/\/fredfloris.eu\/"},{"@type":"ListItem","position":2,"name":"Shop","item":"https:\/\/fredfloris.eu\/shop\/"},{"@type":"ListItem","position":3,"name":"FredFloris High-Quality Leather Balm &#8211; 100 ml"}]},{"@type":"WebSite","@id":"https:\/\/fredfloris.eu\/#website","url":"https:\/\/fredfloris.eu\/","name":"FredFloris","description":"Ar rok\u0101m darin\u0101ti \u0101das izstr\u0101d\u0101jumi - Ra\u017eots Zviedrij\u0101","publisher":{"@id":"https:\/\/fredfloris.eu\/#organization"},"potentialAction":[{"@type":"SearchAction","target":{"@type":"EntryPoint","urlTemplate":"https:\/\/fredfloris.eu\/?s={search_term_string}"},"query-input":{"@type":"PropertyValueSpecification","valueRequired":true,"valueName":"search_term_string"}}],"inLanguage":"lv-LV"},{"@type":"Organization","@id":"https:\/\/fredfloris.eu\/#organization","name":"FredFloris","url":"https:\/\/fredfloris.eu\/","logo":{"@type":"ImageObject","inLanguage":"lv-LV","@id":"https:\/\/fredfloris.eu\/#\/schema\/logo\/image\/","url":"https:\/\/fredfloris.eu\/wp-content\/uploads\/2022\/03\/FredFloris-med-hel-nal-och-text.png","contentUrl":"https:\/\/fredfloris.eu\/wp-content\/uploads\/2022\/03\/FredFloris-med-hel-nal-och-text.png","width":591,"height":283,"caption":"FredFloris"},"image":{"@id":"https:\/\/fredfloris.eu\/#\/schema\/logo\/image\/"},"sameAs":["https:\/\/www.facebook.com\/FredFloris.Artisan.Studio\/","https:\/\/x.com\/_fredfloris_","https:\/\/www.instagram.com\/fredfloris.artisan.studio\/"]}]}},"brands":[],"_links":{"self":[{"href":"https:\/\/fredfloris.eu\/lv\/wp-json\/wp\/v2\/product\/10501","targetHints":{"allow":["GET"]}}],"collection":[{"href":"https:\/\/fredfloris.eu\/lv\/wp-json\/wp\/v2\/product"}],"about":[{"href":"https:\/\/fredfloris.eu\/lv\/wp-json\/wp\/v2\/types\/product"}],"version-history":[{"count":9,"href":"https:\/\/fredfloris.eu\/lv\/wp-json\/wp\/v2\/product\/10501\/revisions"}],"predecessor-version":[{"id":11519,"href":"https:\/\/fredfloris.eu\/lv\/wp-json\/wp\/v2\/product\/10501\/revisions\/11519"}],"wp:featuredmedia":[{"embeddable":true,"href":"https:\/\/fredfloris.eu\/lv\/wp-json\/wp\/v2\/media\/10500"}],"wp:attachment":[{"href":"https:\/\/fredfloris.eu\/lv\/wp-json\/wp\/v2\/media?parent=10501"}],"wp:term":[{"taxonomy":"pwb-brand","embeddable":true,"href":"https:\/\/fredfloris.eu\/lv\/wp-json\/wp\/v2\/pwb-brand?post=10501"},{"taxonomy":"product_brand","embeddable":true,"href":"https:\/\/fredfloris.eu\/lv\/wp-json\/wp\/v2\/product_brand?post=10501"},{"taxonomy":"product_cat","embeddable":true,"href":"https:\/\/fredfloris.eu\/lv\/wp-json\/wp\/v2\/product_cat?post=10501"},{"taxonomy":"product_tag","embeddable":true,"href":"https:\/\/fredfloris.eu\/lv\/wp-json\/wp\/v2\/product_tag?post=10501"},{"taxonomy":"woo-feed-brand","embeddable":true,"href":"https:\/\/fredfloris.eu\/lv\/wp-json\/wp\/v2\/woo-feed-brand?post=10501"}],"curies":[{"name":"wp","href":"https:\/\/api.w.org\/{rel}","templated":true}]}}